{"id":47187,"date":"2024-01-05T10:03:37","date_gmt":"2024-01-05T10:03:37","guid":{"rendered":"https:\/\/www.urlaubcornwall.de\/blog\/?page_id=47187"},"modified":"2024-05-31T12:39:02","modified_gmt":"2024-05-31T12:39:02","slug":"geschichte-der-kornischen-schmuggler","status":"publish","type":"page","link":"https:\/\/www.urlaubcornwall.de\/blog\/geschichte-der-kornischen-schmuggler\/","title":{"rendered":"Geschichte der kornischen Schmuggler"},"content":{"rendered":"<p><img loading=\"lazy\" class=\"aligncenter size-full wp-image-48175\" src=\"https:\/\/www.urlaubcornwall.de\/blog\/wp-content\/uploads\/2024\/03\/cornwall-lighthouse.jpg\" alt=\"cornwall lighthouse\" width=\"750\" height=\"500\" srcset=\"https:\/\/www.urlaubcornwall.de\/blog\/wp-content\/uploads\/2024\/03\/cornwall-lighthouse.jpg 750w, https:\/\/www.urlaubcornwall.de\/blog\/wp-content\/uploads\/2024\/03\/cornwall-lighthouse-300x200.jpg 300w\" sizes=\"(max-width: 750px) 100vw, 750px\" \/><\/p>\n<p>Keine Geschichte Cornwalls kann geschrieben werden, ohne dass die Aufmerksamkeit auf Schmuggler gerichtet wird. Ob sie Befreier, Kriminelle, Piraten oder Lokalhelden waren, sie deckten die K\u00fcste Cornwalls mit ihrem illegalen Handel ab und schrieben durch ihre Gesch\u00e4fte Geschichte.<\/p>\n<p>In fr\u00fcheren Zeiten war Cornwall f\u00fcr seine riesigen, unbewohnten K\u00fcstenabschnitte ber\u00fchmt, die es ideal f\u00fcr Schmuggler machten, ihrer Arbeit nachzugehen. Lange Zeit gab es nur minimale Polizeiarbeit und zu wenige Steuereintreiber, um die K\u00fcste effektiv zu patrouillieren, so dass der Schmuggel florierte.<\/p>\n<p>Oftmals handelte es sich beim Schmuggel tats\u00e4chlich um eine riesige Operation, an der ganze Gemeinden beteiligt waren. Angesichts zahlreicher Steuererh\u00f6hungen in Gro\u00dfbritannien wurde schnell klar, dass es sinnvoller war, Waren im Ausland zu kaufen und sie dann nach Hause zu bringen. Tee zum Beispiel k\u00f6nnte in Europa f\u00fcr ein Sechstel des Preises in Gro\u00dfbritannien und franz\u00f6sischer Brandy f\u00fcr ein F\u00fcnftel gekauft werden.<br \/>\nObwohl der Schmuggelhandel lange Zeit boomte, ist heute nur noch Geschichte davon \u00fcbrig. Die Legenden leben jedoch weiter.<\/p>\n<p>Hier sind einige Spazierg\u00e4nge, die Sie unternehmen k\u00f6nnen, um in die Fu\u00dfstapfen der Schmuggler zu treten:<br \/>\nSpazierg\u00e4nge<\/p>\n<p><strong>Von Padstow nach Harbour Cove<\/strong><\/p>\n<p><img loading=\"lazy\" class=\"aligncenter size-full wp-image-48125\" src=\"https:\/\/www.urlaubcornwall.de\/blog\/wp-content\/uploads\/2024\/03\/fluss-camel-padstow-strand.jpg\" alt=\"fluss camel padstow strand\" width=\"750\" height=\"504\" srcset=\"https:\/\/www.urlaubcornwall.de\/blog\/wp-content\/uploads\/2024\/03\/fluss-camel-padstow-strand.jpg 750w, https:\/\/www.urlaubcornwall.de\/blog\/wp-content\/uploads\/2024\/03\/fluss-camel-padstow-strand-300x202.jpg 300w\" sizes=\"(max-width: 750px) 100vw, 750px\" \/><\/p>\n<p>Wandeln Sie auf den Spuren der Schmuggler, beginnen Sie am Hafen und schl\u00e4ngeln Sie sich durch die mittelalterlichen Stra\u00dfen von Padstow. Der Spaziergang f\u00fchrt Sie \u00fcber Tregirls Farm zur Doom Bar, wo Sie einen atemberaubenden Blick auf die Kamelm\u00fcndung genie\u00dfen werden. Die R\u00fcckfahrt nach Padstow verl\u00e4uft entlang der langen Sandstr\u00e4nde von Harbour Cove und St. George&#8217;s Cove, wo zweifellos Schmuggler auf der Suche nach perfekten Landepl\u00e4tzen waren, um ihren Handel zu verbergen.<\/p>\n<p><strong>Padstow nach Porthcothan 20 km<\/strong><\/p>\n<p><a href=\"https:\/\/www.urlaubcornwall.de\/blog\/wp-content\/uploads\/2024\/02\/padstow_hafen.jpg\"><img loading=\"lazy\" src=\"https:\/\/www.urlaubcornwall.de\/blog\/wp-content\/uploads\/2024\/02\/padstow_hafen.jpg\" alt=\"padstow_hafen\" width=\"750\" height=\"432\" class=\"alignnone size-full wp-image-47731\" srcset=\"https:\/\/www.urlaubcornwall.de\/blog\/wp-content\/uploads\/2024\/02\/padstow_hafen.jpg 750w, https:\/\/www.urlaubcornwall.de\/blog\/wp-content\/uploads\/2024\/02\/padstow_hafen-300x173.jpg 300w\" sizes=\"(max-width: 750px) 100vw, 750px\" \/><\/a><\/p>\n<p>Auf dieser Wanderung kommen Sie am ber\u00fchmten Pepper Hole vorbei, wo vor Hunderten von Jahren Schiffsladungen Gew\u00fcrze von Schmugglern angelandet wurden. Pepper Cove ist eine archetypische Schmugglerbucht mit einem schmalen Eingang vom Meer und einem Rahmen aus schroffen Felsen. In der Bucht selbst gibt es genug Platz, um sogar ein gro\u00dfes Boot vollst\u00e4ndig zu verbergen, was es Schmugglern erm\u00f6glicht, Fracht problemlos und unbemerkt an den sandigen Ufern abzuladen.<\/p>\n<p>In der N\u00e4he befindet sich Wills Rock, wo ein Steuereintreiber an einen Felsen gefesselt zur\u00fcckgelassen wurde, um im steigenden Wasser seinem Schicksal zu begegnen. Zum Gl\u00fcck f\u00fcr diesen Mann gelang es ihm jedoch tats\u00e4chlich, zu \u00fcberleben und von seiner Tortur zu erz\u00e4hlen.<\/p>\n<p>Porthcothan nach Harlyn<\/p>\n<p>Diese Wanderung beginnt in Porthcothan und folgt dem K\u00fcstenweg um eine Reihe von Buchten und Buchten herum, die von Schmugglern genutzt wurden, nach Treyarnon und von hier aus nach Constantine Bay. Die Route f\u00fchrt dann an Booby&#8217;s Bay und einer eingest\u00fcrzten H\u00f6hle vorbei, bevor sie Dinas Head und den Leuchtturm von Trevose erreicht. Der letzte Teil der Wanderung verl\u00e4uft oberhalb der Sandstr\u00e4nde von Mother Ivey&#8217;s Bay, bevor Sie Harlyn Bay erreichen.<\/p>\n<p>Brauchen Sie eine Unterkunft, damit Sie den Spuren der Schmuggler nachgehen k\u00f6nnen? Schauen Sie sich <a href=\"https:\/\/www.urlaubcornwall.de\/ferienhaeuser\/cornwall.php\">unsere Ferienh\u00e4user in Cornwall<\/a> an.<\/p>\n<div class=\"snippet\"> <a class=\"featured-item\" href=\"https:\/\/www.urlaubcornwall.de\/ferienhaeuser\/cornwall.php\"> <span class=\"image-holder\" style=\"background-image: url(' https:\/\/www.urlaubcornwall.de\/blog\/wp-content\/uploads\/2018\/12\/ferienhaus-cornwall-mit-hund.jpg ');\"><\/span> <span class=\"featured-content\"> \n<h2 class=\"featured-title\">Ferienh\u00e4user in Cornwall zum Verlieben!<\/h2>\n<p class=\"featured-body\">Cornwall besitzt mehr K\u00fcstenlinien als jede andere Grafschaft und bietet einige der besten Str\u00e4nde, K\u00fcstenwanderwege und Klippenlandschaften, die man \u00fcberhaupt finden kann&#8230;.<\/p><\/span> <span class=\"featured-link-holder\"> <span class=\"featured-extra-info\"> \n<p>F\u00fcr Paare, Familien &#038; Gruppen<\/p>\n<\/span> \n<p class=\"featured-link\">DETAILS<\/p>\n<\/span> <\/a><\/div>\n<div class=\"snippet\"> <a class=\"featured-item\" href=\" https:\/\/www.urlaubcornwall.de\/rundreisen\/cornwall-suedengland.php\"> <span class=\"image-holder\" style=\"background-image: url(' https:\/\/www.urlaubcornwall.de\/blog\/wp-content\/uploads\/2018\/11\/rundreise-cornwall.jpg ');\"><\/span> <span class=\"featured-content\"> \n<h2 class=\"featured-title\">Individuelle Rundreise in Cornwall &#038; S\u00fcdengland<\/h2>\n<p class=\"featured-body\"> Bei dieser Cornwall Rundreise entdecken Sie die H\u00f6hepunkte S\u00fcdenglands. Kultur, Geschichte, Landschaft und heutiges Leben werden Sie hierbei kennenlernen&#8230;<\/p>\n<\/span> <span class=\"featured-link-holder\"> <span class=\"featured-extra-info\"> \n<p>Urlaub im eigenen Schritttempo<\/p>\n<\/span> \n<p class=\"featured-link\">DETAILS<\/p>\n<\/span> <\/a><\/div>\n","protected":false},"excerpt":{"rendered":"<p>Keine Geschichte Cornwalls kann geschrieben werden, ohne dass die Aufmerksamkeit auf Schmuggler gerichtet wird. Ob sie Befreier, Kriminelle, Piraten oder Lokalhelden waren, sie deckten die K\u00fcste Cornwalls mit ihrem illegalen Handel ab und schrieben durch ihre Gesch\u00e4fte Geschichte. In fr\u00fcheren Zeiten war Cornwall f\u00fcr seine riesigen, unbewohnten K\u00fcstenabschnitte ber\u00fchmt, die es ideal f\u00fcr Schmuggler machten, [&hellip;]<\/p>\n","protected":false},"author":1,"featured_media":0,"parent":0,"menu_order":0,"comment_status":"closed","ping_status":"closed","template":"single-four.php","meta":[],"acf":[],"yoast_head":"<!-- This site is optimized with the Yoast SEO plugin v19.4 - https:\/\/yoast.com\/wordpress\/plugins\/seo\/ -->\n<title>Geschichte der kornischen Schmuggler - Urlaub &amp; Reisen<\/title>\n<meta name=\"robots\" content=\"index, follow, max-snippet:-1, max-image-preview:large, max-video-preview:-1\" \/>\n<link rel=\"canonical\" href=\"https:\/\/www.urlaubcornwall.de\/blog\/geschichte-der-kornischen-schmuggler\/\" \/>\n<meta property=\"og:locale\" content=\"en_US\" \/>\n<meta property=\"og:type\" content=\"article\" \/>\n<meta property=\"og:title\" content=\"Geschichte der kornischen Schmuggler - Urlaub &amp; Reisen\" \/>\n<meta property=\"og:description\" content=\"Keine Geschichte Cornwalls kann geschrieben werden, ohne dass die Aufmerksamkeit auf Schmuggler gerichtet wird. Ob sie Befreier, Kriminelle, Piraten oder Lokalhelden waren, sie deckten die K\u00fcste Cornwalls mit ihrem illegalen Handel ab und schrieben durch ihre Gesch\u00e4fte Geschichte. In fr\u00fcheren Zeiten war Cornwall f\u00fcr seine riesigen, unbewohnten K\u00fcstenabschnitte ber\u00fchmt, die es ideal f\u00fcr Schmuggler machten, [&hellip;]\" \/>\n<meta property=\"og:url\" content=\"https:\/\/www.urlaubcornwall.de\/blog\/geschichte-der-kornischen-schmuggler\/\" \/>\n<meta property=\"og:site_name\" content=\"Urlaub &amp; Reisen\" \/>\n<meta property=\"article:modified_time\" content=\"2024-05-31T12:39:02+00:00\" \/>\n<meta property=\"og:image\" content=\"https:\/\/www.urlaubcornwall.de\/blog\/wp-content\/uploads\/2024\/03\/cornwall-lighthouse.jpg\" \/>\n<meta name=\"twitter:card\" content=\"summary\" \/>\n<meta name=\"twitter:label1\" content=\"Est. reading time\" \/>\n\t<meta name=\"twitter:data1\" content=\"4 minutes\" \/>\n<script type=\"application\/ld+json\" class=\"yoast-schema-graph\">{\"@context\":\"https:\/\/schema.org\",\"@graph\":[{\"@type\":\"WebSite\",\"@id\":\"https:\/\/www.urlaubcornwall.de\/blog\/#website\",\"url\":\"https:\/\/www.urlaubcornwall.de\/blog\/\",\"name\":\"Urlaub &amp; Reisen\",\"description\":\"Urlaub, Reisen, Cornwall und S\u00fcdengland: eine perfekte Kombination\",\"potentialAction\":[{\"@type\":\"SearchAction\",\"target\":{\"@type\":\"EntryPoint\",\"urlTemplate\":\"https:\/\/www.urlaubcornwall.de\/blog\/?s={search_term_string}\"},\"query-input\":\"required name=search_term_string\"}],\"inLanguage\":\"en-US\"},{\"@type\":\"WebPage\",\"@id\":\"https:\/\/www.urlaubcornwall.de\/blog\/geschichte-der-kornischen-schmuggler\/\",\"url\":\"https:\/\/www.urlaubcornwall.de\/blog\/geschichte-der-kornischen-schmuggler\/\",\"name\":\"Geschichte der kornischen Schmuggler - Urlaub &amp; Reisen\",\"isPartOf\":{\"@id\":\"https:\/\/www.urlaubcornwall.de\/blog\/#website\"},\"datePublished\":\"2024-01-05T10:03:37+00:00\",\"dateModified\":\"2024-05-31T12:39:02+00:00\",\"breadcrumb\":{\"@id\":\"https:\/\/www.urlaubcornwall.de\/blog\/geschichte-der-kornischen-schmuggler\/#breadcrumb\"},\"inLanguage\":\"en-US\",\"potentialAction\":[{\"@type\":\"ReadAction\",\"target\":[\"https:\/\/www.urlaubcornwall.de\/blog\/geschichte-der-kornischen-schmuggler\/\"]}]},{\"@type\":\"BreadcrumbList\",\"@id\":\"https:\/\/www.urlaubcornwall.de\/blog\/geschichte-der-kornischen-schmuggler\/#breadcrumb\",\"itemListElement\":[{\"@type\":\"ListItem\",\"position\":1,\"name\":\"Home\",\"item\":\"https:\/\/www.urlaubcornwall.de\/blog\/\"},{\"@type\":\"ListItem\",\"position\":2,\"name\":\"Geschichte der kornischen Schmuggler\"}]}]}<\/script>\n<!-- \/ Yoast SEO plugin. -->","yoast_head_json":{"title":"Geschichte der kornischen Schmuggler - Urlaub &amp; Reisen","robots":{"index":"index","follow":"follow","max-snippet":"max-snippet:-1","max-image-preview":"max-image-preview:large","max-video-preview":"max-video-preview:-1"},"canonical":"https:\/\/www.urlaubcornwall.de\/blog\/geschichte-der-kornischen-schmuggler\/","og_locale":"en_US","og_type":"article","og_title":"Geschichte der kornischen Schmuggler - Urlaub &amp; Reisen","og_description":"Keine Geschichte Cornwalls kann geschrieben werden, ohne dass die Aufmerksamkeit auf Schmuggler gerichtet wird. Ob sie Befreier, Kriminelle, Piraten oder Lokalhelden waren, sie deckten die K\u00fcste Cornwalls mit ihrem illegalen Handel ab und schrieben durch ihre Gesch\u00e4fte Geschichte. In fr\u00fcheren Zeiten war Cornwall f\u00fcr seine riesigen, unbewohnten K\u00fcstenabschnitte ber\u00fchmt, die es ideal f\u00fcr Schmuggler machten, [&hellip;]","og_url":"https:\/\/www.urlaubcornwall.de\/blog\/geschichte-der-kornischen-schmuggler\/","og_site_name":"Urlaub &amp; Reisen","article_modified_time":"2024-05-31T12:39:02+00:00","og_image":[{"url":"https:\/\/www.urlaubcornwall.de\/blog\/wp-content\/uploads\/2024\/03\/cornwall-lighthouse.jpg"}],"twitter_card":"summary","twitter_misc":{"Est. reading time":"4 minutes"},"schema":{"@context":"https:\/\/schema.org","@graph":[{"@type":"WebSite","@id":"https:\/\/www.urlaubcornwall.de\/blog\/#website","url":"https:\/\/www.urlaubcornwall.de\/blog\/","name":"Urlaub &amp; Reisen","description":"Urlaub, Reisen, Cornwall und S\u00fcdengland: eine perfekte Kombination","potentialAction":[{"@type":"SearchAction","target":{"@type":"EntryPoint","urlTemplate":"https:\/\/www.urlaubcornwall.de\/blog\/?s={search_term_string}"},"query-input":"required name=search_term_string"}],"inLanguage":"en-US"},{"@type":"WebPage","@id":"https:\/\/www.urlaubcornwall.de\/blog\/geschichte-der-kornischen-schmuggler\/","url":"https:\/\/www.urlaubcornwall.de\/blog\/geschichte-der-kornischen-schmuggler\/","name":"Geschichte der kornischen Schmuggler - Urlaub &amp; Reisen","isPartOf":{"@id":"https:\/\/www.urlaubcornwall.de\/blog\/#website"},"datePublished":"2024-01-05T10:03:37+00:00","dateModified":"2024-05-31T12:39:02+00:00","breadcrumb":{"@id":"https:\/\/www.urlaubcornwall.de\/blog\/geschichte-der-kornischen-schmuggler\/#breadcrumb"},"inLanguage":"en-US","potentialAction":[{"@type":"ReadAction","target":["https:\/\/www.urlaubcornwall.de\/blog\/geschichte-der-kornischen-schmuggler\/"]}]},{"@type":"BreadcrumbList","@id":"https:\/\/www.urlaubcornwall.de\/blog\/geschichte-der-kornischen-schmuggler\/#breadcrumb","itemListElement":[{"@type":"ListItem","position":1,"name":"Home","item":"https:\/\/www.urlaubcornwall.de\/blog\/"},{"@type":"ListItem","position":2,"name":"Geschichte der kornischen Schmuggler"}]}]}},"_links":{"self":[{"href":"https:\/\/www.urlaubcornwall.de\/blog\/wp-json\/wp\/v2\/pages\/47187"}],"collection":[{"href":"https:\/\/www.urlaubcornwall.de\/blog\/wp-json\/wp\/v2\/pages"}],"about":[{"href":"https:\/\/www.urlaubcornwall.de\/blog\/wp-json\/wp\/v2\/types\/page"}],"author":[{"embeddable":true,"href":"https:\/\/www.urlaubcornwall.de\/blog\/wp-json\/wp\/v2\/users\/1"}],"replies":[{"embeddable":true,"href":"https:\/\/www.urlaubcornwall.de\/blog\/wp-json\/wp\/v2\/comments?post=47187"}],"version-history":[{"count":8,"href":"https:\/\/www.urlaubcornwall.de\/blog\/wp-json\/wp\/v2\/pages\/47187\/revisions"}],"predecessor-version":[{"id":51388,"href":"https:\/\/www.urlaubcornwall.de\/blog\/wp-json\/wp\/v2\/pages\/47187\/revisions\/51388"}],"wp:attachment":[{"href":"https:\/\/www.urlaubcornwall.de\/blog\/wp-json\/wp\/v2\/media?parent=47187"}],"curies":[{"name":"wp","href":"https:\/\/api.w.org\/{rel}","templated":true}]}}