{"id":47184,"date":"2024-01-04T15:00:31","date_gmt":"2024-01-04T15:00:31","guid":{"rendered":"https:\/\/www.urlaubcornwall.de\/blog\/?page_id=47184"},"modified":"2024-05-31T12:39:55","modified_gmt":"2024-05-31T12:39:55","slug":"besten-instagram-standorte-in-cornwall","status":"publish","type":"page","link":"https:\/\/www.urlaubcornwall.de\/blog\/besten-instagram-standorte-in-cornwall\/","title":{"rendered":"Besten Instagram-Standorte in Cornwall"},"content":{"rendered":"<p>Cornwall ist ein Paradies f\u00fcr Fotografen, mit atemberaubenden K\u00fcstenlinien, bezaubernden D\u00f6rfern und dramatischen Landschaften. Hier sind einige Top Instagram Fotolocations in <a href=\"https:\/\/www.urlaubcornwall.de\/reiseziel\/cornwall.php\">Cornwall<\/a>, die f\u00fcr verschiedene Stile und Orte geeignet sind:<\/p>\n<p><strong>K\u00fcstenjuwelen:<\/strong><\/p>\n<p><img loading=\"lazy\" class=\"aligncenter size-full wp-image-47900\" src=\"https:\/\/www.urlaubcornwall.de\/blog\/wp-content\/uploads\/2024\/03\/lizard.jpg\" alt=\"lizard kynance\" width=\"750\" height=\"563\" srcset=\"https:\/\/www.urlaubcornwall.de\/blog\/wp-content\/uploads\/2024\/03\/lizard.jpg 750w, https:\/\/www.urlaubcornwall.de\/blog\/wp-content\/uploads\/2024\/03\/lizard-300x225.jpg 300w\" sizes=\"(max-width: 750px) 100vw, 750px\" \/><\/p>\n<p>\u2022 <a href=\"https:\/\/www.urlaubcornwall.de\/blog\/lizard-halbinsel-geschichte-sehenswuerdigkeiten-und-unterkunft\/\">Kynance Cove<\/a>: T\u00fcrkisfarbenes Wasser, versteckte Buchten und dramatische Felsformationen machen diesen Ort zu einem Muss f\u00fcr Strandliebhaber. Verpassen Sie nicht den ikonischen Torbogen aus rosa Granit.<\/p>\n<p>\u2022 <a href=\"https:\/\/www.urlaubcornwall.de\/blog\/st-ives-geschichte-sehenswuerdigkeiten-und-unterkunft\/\">Hafen von St. Ives<\/a>: Erleben Sie das gesch\u00e4ftige Hafenleben mit farbenfrohen Fischerbooten und charmanten Stra\u00dfen. Genie\u00dfen Sie die Farben des Sonnenuntergangs f\u00fcr einen besonderen Touch.<\/p>\n<p>\u2022 <a href=\"https:\/\/www.urlaubcornwall.de\/blog\/lands-end-geschichte-sehenswuerdigkeiten-und-unterkunft\/\">Land&#8217;s End<\/a>: Stehen Sie an der dramatischen Spitze von Cornwall mit dem ber\u00fchmten Wegweiser als Hintergrund. Halten Sie die schroffen Klippen und tosenden Wellen fest.<\/p>\n<p>\u2022 <a href=\"https:\/\/www.urlaubcornwall.de\/ferienhaeuser-fewos\/porthcurno.html\">Porthcurno Beach<\/a>: Unber\u00fchrter wei\u00dfer Sand, kristallklares Wasser und t\u00fcrkisfarbene Meeresh\u00f6hlen machen dies zu einem Reiseziel wie auf einer Postkarte. Versuchen Sie, Sonnenaufg\u00e4nge oder Spiegelungen in den H\u00f6hlen einzufangen.<\/p>\n<p>\u2022 <a href=\"https:\/\/www.urlaubcornwall.de\/blog\/bedruthan-steps-beach-newquay\/\">Bedruthan Steps<\/a>: Diese Reihe kaskadierender K\u00fcstenstufen bietet einzigartige Ausblicke auf die Klippen und versteckte Buchten. Halten Sie das Drama der Wellen fest, die auf die Felsen schlagen.<\/p>\n<p><strong>Charmante D\u00f6rfer und St\u00e4dte:<\/strong><\/p>\n<p><a href=\"https:\/\/www.urlaubcornwall.de\/blog\/wp-content\/uploads\/2024\/02\/padstow_hafen.jpg\"><img loading=\"lazy\" src=\"https:\/\/www.urlaubcornwall.de\/blog\/wp-content\/uploads\/2024\/02\/padstow_hafen.jpg\" alt=\"padstow_hafen\" width=\"750\" height=\"432\" class=\"alignnone size-full wp-image-47731\" srcset=\"https:\/\/www.urlaubcornwall.de\/blog\/wp-content\/uploads\/2024\/02\/padstow_hafen.jpg 750w, https:\/\/www.urlaubcornwall.de\/blog\/wp-content\/uploads\/2024\/02\/padstow_hafen-300x173.jpg 300w\" sizes=\"(max-width: 750px) 100vw, 750px\" \/><\/a><\/p>\n<p>\u2022 <a href=\"https:\/\/www.urlaubcornwall.de\/ferienhaeuser-fewos\/st-just.html\">St. Just<\/a>: Kopfsteinpflasterstra\u00dfen, farbenfrohe H\u00e4user und eine einzigartige k\u00fcnstlerische Atmosph\u00e4re machen dieses Dorf zu einem charmanten Ort, den es zu erkunden gilt. Erfassen Sie den lokalen Charakter und die Architektur.<\/p>\n<p>\u2022 <a href=\"https:\/\/www.urlaubcornwall.de\/blog\/portloe-hoehepunkte-auf-der-roseland-halbinsel\/\">Portloe<\/a>: Ein malerisches Hafendorf mit Fischerbooten, bunt bemalten H\u00e4usern und Klippen als Kulisse. Fangen Sie die Urspr\u00fcnglichkeit und Gelassenheit ein.<\/p>\n<p>\u2022 <a href=\"https:\/\/www.urlaubcornwall.de\/blog\/padstow-geschichte-sehenswuerdigkeiten-und-unterkunft\/\">Padstow<\/a>: Rick Steins ber\u00fchmte Stadt bietet wundersch\u00f6ne Ausblicke auf den Hafen, charmante Stra\u00dfen und k\u00f6stliches Essen. Fangen Sie die gesch\u00e4ftige Atmosph\u00e4re und die farbenfrohen H\u00e4user ein.<\/p>\n<p>\u2022 <a href=\"https:\/\/www.urlaubcornwall.de\/ferienhaeuser-fewos\/mousehole.html\">Mousehole<\/a>: Dieses kleine Hafendorf ist mit seinen schaukelnden Booten, Hafenlichtern und engen Gassen ein Traum f\u00fcr jeden Fotografen. Fangen Sie die festliche Atmosph\u00e4re ein, besonders in der Weihnachtszeit.<\/p>\n<p>\u2022 <a href=\"https:\/\/www.urlaubcornwall.de\/blog\/was-ist-schoener-mevagissey-oder-looe\/\">Mevagissey<\/a>: Ein weiteres malerisches Hafendorf mit einem Labyrinth aus engen Gassen, alten Pubs und einer entspannten Atmosph\u00e4re. Fangen Sie die authentische Atmosph\u00e4re eines Fischerdorfes ein.<\/p>\n<p><strong>Dramatische Landschaften:<\/strong><\/p>\n<p><img loading=\"lazy\" class=\"aligncenter size-full wp-image-50931\" src=\"https:\/\/www.urlaubcornwall.de\/blog\/wp-content\/uploads\/2024\/05\/tintagel_bridge.jpg\" alt=\"tintagel_bridge\" width=\"750\" height=\"643\" srcset=\"https:\/\/www.urlaubcornwall.de\/blog\/wp-content\/uploads\/2024\/05\/tintagel_bridge.jpg 750w, https:\/\/www.urlaubcornwall.de\/blog\/wp-content\/uploads\/2024\/05\/tintagel_bridge-300x257.jpg 300w\" sizes=\"(max-width: 750px) 100vw, 750px\" \/><\/p>\n<p>\u2022 <a href=\"https:\/\/www.urlaubcornwall.de\/blog\/ist-dartmoor-oder-bodmin-moor-schoener\/\">Bodmin Moor<\/a>: Erkunden Sie das wilde Moorland mit seinen schroffen Granitt\u00fcrmen und weiten Weiten. Fangen Sie die mystische Atmosph\u00e4re und den dramatischen Himmel ein.<\/p>\n<p>\u2022 <a href=\"https:\/\/www.urlaubcornwall.de\/blog\/lizard-halbinsel-geschichte-sehenswuerdigkeiten-und-unterkunft\/\">Lizard Point<\/a>: Die s\u00fcdlichste Spitze des englischen Festlandes bietet dramatische Klippen, eine zerkl\u00fcftete K\u00fcste und eine einzigartige Flora. Fangen Sie die Kraft des Ozeans und die raue Sch\u00f6nheit der Landschaft ein.<\/p>\n<p>\u2022 <a href=\"https:\/\/www.urlaubcornwall.de\/blog\/all-das-was-sie-schon-immer-ueber-das-eden-project-wissen-wollten\/\">Eden Project<\/a>: Diese ikonischen Biome beherbergen Pflanzen aus der ganzen Welt und bieten eine einzigartige architektonische und nat\u00fcrliche Kulisse. Erfassen Sie die futuristischen Strukturen und das \u00fcppige Gr\u00fcn.<\/p>\n<p>\u2022 <a href=\"https:\/\/www.urlaubcornwall.de\/blog\/hoehepunkte-und-orte-die-gruppen-an-der-nordkueste-cornwalls-gesehen-haben-muessen\/\">Tintagel Castle<\/a>: Das legend\u00e4re Zuhause von K\u00f6nig Artus, eingebettet zwischen dramatischen Klippen, bietet eine historische und fotogene Kulisse. Halten Sie die Ruinen und die atemberaubende Aussicht auf die K\u00fcste fest.<\/p>\n<p>\u2022 <a href=\"https:\/\/www.urlaubcornwall.de\/blog\/die-lost-gardens-of-heligan-ein-muss-unter-den-kornischen-gaerten\/\">Die verlorenen G\u00e4rten von Heligan<\/a>: Erkunden Sie diese restaurierten viktorianischen G\u00e4rten inmitten \u00fcppiger Vegetation und versteckter Wege. Fangen Sie die skurrile Atmosph\u00e4re und das lebendige Laub ein.<\/p>\n<p><strong>Bonus-Tipps:<\/strong><\/p>\n<p><img loading=\"lazy\" class=\"aligncenter size-full wp-image-38645\" src=\"https:\/\/www.urlaubcornwall.de\/blog\/wp-content\/uploads\/2019\/08\/bridge_tintagel_.jpg\" alt=\"Tintagel Br\u00fccke\" width=\"750\" height=\"495\"\/><br \/>\nImage Credit English Heritage<\/p>\n<p>\u2022 Informieren Sie sich \u00fcber die besten Tageszeiten f\u00fcr die Beleuchtung: Die goldene Stunde bei Sonnenaufgang oder Sonnenuntergang kann zu zauberhaften Fotos f\u00fchren.<\/p>\n<p>\u2022 Spielen Sie mit verschiedenen Winkeln und Perspektiven: Fotografieren Sie nicht einfach direkt, sondern probieren Sie verschiedene Winkel und Kompositionen aus, um Ihre Fotos einzigartig zu machen.<\/p>\n<p>\u2022 Erfassen Sie die Details: Konzentrieren Sie sich nicht nur auf das Gesamtbild, sondern suchen Sie nach interessanten Details wie Blumen, Texturen oder Mustern, um Ihren Fotos Tiefe zu verleihen.<\/p>\n<p>\u2022 Verwenden Sie Requisiten und Personen: Personen oder kreative Requisiten k\u00f6nnen Ihren Fotos einen Eindruck von Gr\u00f6\u00dfe und Interesse verleihen.<\/p>\n<p>\u2022 Bearbeiten Sie Ihre Fotos: Scheuen Sie sich nicht, Fotobearbeitungstools zu verwenden, um Ihre Fotos zu verbessern und zum Blickfang zu machen.<\/p>\n<p><strong>Bei uns finden Sie Ferienh\u00e4user zum Verlieben &#8211; so einfach ist das! Pers\u00f6nlich inspizierte Ferienh\u00e4user in Cornwall<\/strong><\/p>\n<p>Wenn Sie auf der Suche nach einem wirklich luxuri\u00f6sen und unvergesslichen Urlaubserlebnis in Cornwall sind, suchen Sie nicht weiter als unsere <a href=\"https:\/\/www.urlaubcornwall.de\/ferienhaeuser-fewos\/cornwall-luxus-unterkuenfte.html\">luxuri\u00f6sen Ferienh\u00e4user an der K\u00fcste<\/a>. Buchen Sie Ihren Aufenthalt noch heute!<\/p>\n<p style=\"text-align: center;\"><a class=\"tidycta\" href=\"https:\/\/www.urlaubcornwall.de\/ferienhaeuser-fewos\/cornwall.html\">Suche Ferienh\u00e4user in Cornwall<\/a><\/p>\n<div class=\"snippet\"> <a class=\"featured-item\" href=\"https:\/\/www.urlaubcornwall.de\/ferienhaeuser\/cornwall.php\"> <span class=\"image-holder\" style=\"background-image: url(' https:\/\/www.urlaubcornwall.de\/blog\/wp-content\/uploads\/2018\/12\/ferienhaus-cornwall-mit-hund.jpg ');\"><\/span> <span class=\"featured-content\"> \n<h2 class=\"featured-title\">Ferienh\u00e4user in Cornwall zum Verlieben!<\/h2>\n<p class=\"featured-body\">Cornwall besitzt mehr K\u00fcstenlinien als jede andere Grafschaft und bietet einige der besten Str\u00e4nde, K\u00fcstenwanderwege und Klippenlandschaften, die man \u00fcberhaupt finden kann&#8230;.<\/p><\/span> <span class=\"featured-link-holder\"> <span class=\"featured-extra-info\"> \n<p>F\u00fcr Paare, Familien &#038; Gruppen<\/p>\n<\/span> \n<p class=\"featured-link\">DETAILS<\/p>\n<\/span> <\/a><\/div>\n<div class=\"snippet\"> <a class=\"featured-item\" href=\" https:\/\/www.urlaubcornwall.de\/rundreisen\/cornwall-suedengland.php\"> <span class=\"image-holder\" style=\"background-image: url(' https:\/\/www.urlaubcornwall.de\/blog\/wp-content\/uploads\/2018\/11\/rundreise-cornwall.jpg ');\"><\/span> <span class=\"featured-content\"> \n<h2 class=\"featured-title\">Individuelle Rundreise in Cornwall &#038; S\u00fcdengland<\/h2>\n<p class=\"featured-body\"> Bei dieser Cornwall Rundreise entdecken Sie die H\u00f6hepunkte S\u00fcdenglands. Kultur, Geschichte, Landschaft und heutiges Leben werden Sie hierbei kennenlernen&#8230;<\/p>\n<\/span> <span class=\"featured-link-holder\"> <span class=\"featured-extra-info\"> \n<p>Urlaub im eigenen Schritttempo<\/p>\n<\/span> \n<p class=\"featured-link\">DETAILS<\/p>\n<\/span> <\/a><\/div>\n","protected":false},"excerpt":{"rendered":"<p>Cornwall ist ein Paradies f\u00fcr Fotografen, mit atemberaubenden K\u00fcstenlinien, bezaubernden D\u00f6rfern und dramatischen Landschaften. Hier sind einige Top Instagram Fotolocations in Cornwall, die f\u00fcr verschiedene Stile und Orte geeignet sind: K\u00fcstenjuwelen: \u2022 Kynance Cove: T\u00fcrkisfarbenes Wasser, versteckte Buchten und dramatische Felsformationen machen diesen Ort zu einem Muss f\u00fcr Strandliebhaber. Verpassen Sie nicht den ikonischen Torbogen [&hellip;]<\/p>\n","protected":false},"author":1,"featured_media":0,"parent":0,"menu_order":0,"comment_status":"closed","ping_status":"closed","template":"single-four.php","meta":[],"acf":[],"yoast_head":"<!-- This site is optimized with the Yoast SEO plugin v19.4 - https:\/\/yoast.com\/wordpress\/plugins\/seo\/ -->\n<title>Besten Instagram-Standorte in Cornwall - Urlaub &amp; Reisen<\/title>\n<meta name=\"robots\" content=\"index, follow, max-snippet:-1, max-image-preview:large, max-video-preview:-1\" \/>\n<link rel=\"canonical\" href=\"https:\/\/www.urlaubcornwall.de\/blog\/besten-instagram-standorte-in-cornwall\/\" \/>\n<meta property=\"og:locale\" content=\"en_US\" \/>\n<meta property=\"og:type\" content=\"article\" \/>\n<meta property=\"og:title\" content=\"Besten Instagram-Standorte in Cornwall - Urlaub &amp; Reisen\" \/>\n<meta property=\"og:description\" content=\"Cornwall ist ein Paradies f\u00fcr Fotografen, mit atemberaubenden K\u00fcstenlinien, bezaubernden D\u00f6rfern und dramatischen Landschaften. Hier sind einige Top Instagram Fotolocations in Cornwall, die f\u00fcr verschiedene Stile und Orte geeignet sind: K\u00fcstenjuwelen: \u2022 Kynance Cove: T\u00fcrkisfarbenes Wasser, versteckte Buchten und dramatische Felsformationen machen diesen Ort zu einem Muss f\u00fcr Strandliebhaber. Verpassen Sie nicht den ikonischen Torbogen [&hellip;]\" \/>\n<meta property=\"og:url\" content=\"https:\/\/www.urlaubcornwall.de\/blog\/besten-instagram-standorte-in-cornwall\/\" \/>\n<meta property=\"og:site_name\" content=\"Urlaub &amp; Reisen\" \/>\n<meta property=\"article:modified_time\" content=\"2024-05-31T12:39:55+00:00\" \/>\n<meta property=\"og:image\" content=\"https:\/\/www.urlaubcornwall.de\/blog\/wp-content\/uploads\/2024\/03\/lizard.jpg\" \/>\n<meta name=\"twitter:card\" content=\"summary\" \/>\n<meta name=\"twitter:label1\" content=\"Est. reading time\" \/>\n\t<meta name=\"twitter:data1\" content=\"4 minutes\" \/>\n<script type=\"application\/ld+json\" class=\"yoast-schema-graph\">{\"@context\":\"https:\/\/schema.org\",\"@graph\":[{\"@type\":\"WebSite\",\"@id\":\"https:\/\/www.urlaubcornwall.de\/blog\/#website\",\"url\":\"https:\/\/www.urlaubcornwall.de\/blog\/\",\"name\":\"Urlaub &amp; Reisen\",\"description\":\"Urlaub, Reisen, Cornwall und S\u00fcdengland: eine perfekte Kombination\",\"potentialAction\":[{\"@type\":\"SearchAction\",\"target\":{\"@type\":\"EntryPoint\",\"urlTemplate\":\"https:\/\/www.urlaubcornwall.de\/blog\/?s={search_term_string}\"},\"query-input\":\"required name=search_term_string\"}],\"inLanguage\":\"en-US\"},{\"@type\":\"WebPage\",\"@id\":\"https:\/\/www.urlaubcornwall.de\/blog\/besten-instagram-standorte-in-cornwall\/\",\"url\":\"https:\/\/www.urlaubcornwall.de\/blog\/besten-instagram-standorte-in-cornwall\/\",\"name\":\"Besten Instagram-Standorte in Cornwall - Urlaub &amp; Reisen\",\"isPartOf\":{\"@id\":\"https:\/\/www.urlaubcornwall.de\/blog\/#website\"},\"datePublished\":\"2024-01-04T15:00:31+00:00\",\"dateModified\":\"2024-05-31T12:39:55+00:00\",\"breadcrumb\":{\"@id\":\"https:\/\/www.urlaubcornwall.de\/blog\/besten-instagram-standorte-in-cornwall\/#breadcrumb\"},\"inLanguage\":\"en-US\",\"potentialAction\":[{\"@type\":\"ReadAction\",\"target\":[\"https:\/\/www.urlaubcornwall.de\/blog\/besten-instagram-standorte-in-cornwall\/\"]}]},{\"@type\":\"BreadcrumbList\",\"@id\":\"https:\/\/www.urlaubcornwall.de\/blog\/besten-instagram-standorte-in-cornwall\/#breadcrumb\",\"itemListElement\":[{\"@type\":\"ListItem\",\"position\":1,\"name\":\"Home\",\"item\":\"https:\/\/www.urlaubcornwall.de\/blog\/\"},{\"@type\":\"ListItem\",\"position\":2,\"name\":\"Besten Instagram-Standorte in Cornwall\"}]}]}<\/script>\n<!-- \/ Yoast SEO plugin. -->","yoast_head_json":{"title":"Besten Instagram-Standorte in Cornwall - Urlaub &amp; Reisen","robots":{"index":"index","follow":"follow","max-snippet":"max-snippet:-1","max-image-preview":"max-image-preview:large","max-video-preview":"max-video-preview:-1"},"canonical":"https:\/\/www.urlaubcornwall.de\/blog\/besten-instagram-standorte-in-cornwall\/","og_locale":"en_US","og_type":"article","og_title":"Besten Instagram-Standorte in Cornwall - Urlaub &amp; Reisen","og_description":"Cornwall ist ein Paradies f\u00fcr Fotografen, mit atemberaubenden K\u00fcstenlinien, bezaubernden D\u00f6rfern und dramatischen Landschaften. Hier sind einige Top Instagram Fotolocations in Cornwall, die f\u00fcr verschiedene Stile und Orte geeignet sind: K\u00fcstenjuwelen: \u2022 Kynance Cove: T\u00fcrkisfarbenes Wasser, versteckte Buchten und dramatische Felsformationen machen diesen Ort zu einem Muss f\u00fcr Strandliebhaber. Verpassen Sie nicht den ikonischen Torbogen [&hellip;]","og_url":"https:\/\/www.urlaubcornwall.de\/blog\/besten-instagram-standorte-in-cornwall\/","og_site_name":"Urlaub &amp; Reisen","article_modified_time":"2024-05-31T12:39:55+00:00","og_image":[{"url":"https:\/\/www.urlaubcornwall.de\/blog\/wp-content\/uploads\/2024\/03\/lizard.jpg"}],"twitter_card":"summary","twitter_misc":{"Est. reading time":"4 minutes"},"schema":{"@context":"https:\/\/schema.org","@graph":[{"@type":"WebSite","@id":"https:\/\/www.urlaubcornwall.de\/blog\/#website","url":"https:\/\/www.urlaubcornwall.de\/blog\/","name":"Urlaub &amp; Reisen","description":"Urlaub, Reisen, Cornwall und S\u00fcdengland: eine perfekte Kombination","potentialAction":[{"@type":"SearchAction","target":{"@type":"EntryPoint","urlTemplate":"https:\/\/www.urlaubcornwall.de\/blog\/?s={search_term_string}"},"query-input":"required name=search_term_string"}],"inLanguage":"en-US"},{"@type":"WebPage","@id":"https:\/\/www.urlaubcornwall.de\/blog\/besten-instagram-standorte-in-cornwall\/","url":"https:\/\/www.urlaubcornwall.de\/blog\/besten-instagram-standorte-in-cornwall\/","name":"Besten Instagram-Standorte in Cornwall - Urlaub &amp; Reisen","isPartOf":{"@id":"https:\/\/www.urlaubcornwall.de\/blog\/#website"},"datePublished":"2024-01-04T15:00:31+00:00","dateModified":"2024-05-31T12:39:55+00:00","breadcrumb":{"@id":"https:\/\/www.urlaubcornwall.de\/blog\/besten-instagram-standorte-in-cornwall\/#breadcrumb"},"inLanguage":"en-US","potentialAction":[{"@type":"ReadAction","target":["https:\/\/www.urlaubcornwall.de\/blog\/besten-instagram-standorte-in-cornwall\/"]}]},{"@type":"BreadcrumbList","@id":"https:\/\/www.urlaubcornwall.de\/blog\/besten-instagram-standorte-in-cornwall\/#breadcrumb","itemListElement":[{"@type":"ListItem","position":1,"name":"Home","item":"https:\/\/www.urlaubcornwall.de\/blog\/"},{"@type":"ListItem","position":2,"name":"Besten Instagram-Standorte in Cornwall"}]}]}},"_links":{"self":[{"href":"https:\/\/www.urlaubcornwall.de\/blog\/wp-json\/wp\/v2\/pages\/47184"}],"collection":[{"href":"https:\/\/www.urlaubcornwall.de\/blog\/wp-json\/wp\/v2\/pages"}],"about":[{"href":"https:\/\/www.urlaubcornwall.de\/blog\/wp-json\/wp\/v2\/types\/page"}],"author":[{"embeddable":true,"href":"https:\/\/www.urlaubcornwall.de\/blog\/wp-json\/wp\/v2\/users\/1"}],"replies":[{"embeddable":true,"href":"https:\/\/www.urlaubcornwall.de\/blog\/wp-json\/wp\/v2\/comments?post=47184"}],"version-history":[{"count":10,"href":"https:\/\/www.urlaubcornwall.de\/blog\/wp-json\/wp\/v2\/pages\/47184\/revisions"}],"predecessor-version":[{"id":51559,"href":"https:\/\/www.urlaubcornwall.de\/blog\/wp-json\/wp\/v2\/pages\/47184\/revisions\/51559"}],"wp:attachment":[{"href":"https:\/\/www.urlaubcornwall.de\/blog\/wp-json\/wp\/v2\/media?parent=47184"}],"curies":[{"name":"wp","href":"https:\/\/api.w.org\/{rel}","templated":true}]}}