{"id":47170,"date":"2024-01-03T11:01:32","date_gmt":"2024-01-03T11:01:32","guid":{"rendered":"https:\/\/www.urlaubcornwall.de\/blog\/?page_id=47170"},"modified":"2024-03-11T10:50:56","modified_gmt":"2024-03-11T10:50:56","slug":"michelin-sterne-restaurants-in-cornwall","status":"publish","type":"page","link":"https:\/\/www.urlaubcornwall.de\/blog\/michelin-sterne-restaurants-in-cornwall\/","title":{"rendered":"Michelin Sterne Restaurants in Cornwall"},"content":{"rendered":"<p><img loading=\"lazy\" class=\"aligncenter size-full wp-image-47171\" src=\"https:\/\/www.urlaubcornwall.de\/blog\/wp-content\/uploads\/2024\/01\/Outlaws-New-Road-Port-Isaac.jpg\" alt=\"Outlaw\u2019s New Road, Port Isaac\" width=\"750\" height=\"421\" srcset=\"https:\/\/www.urlaubcornwall.de\/blog\/wp-content\/uploads\/2024\/01\/Outlaws-New-Road-Port-Isaac.jpg 750w, https:\/\/www.urlaubcornwall.de\/blog\/wp-content\/uploads\/2024\/01\/Outlaws-New-Road-Port-Isaac-300x168.jpg 300w\" sizes=\"(max-width: 750px) 100vw, 750px\" \/><\/p>\n<p>Wenn Sie auf der Suche nach einem Hauch von feiner K\u00fcche sind, dann sind Sie bei unserer Liste der Michelin-Sterne-Restaurants in <a href=\"https:\/\/www.urlaubcornwall.de\/reiseziel\/cornwall.php\">Cornwall<\/a> genau richtig. Die f\u00fchrenden kulinarischen Reiseziele der Grafschaft, diese erstklassigen Lokale sind f\u00fcr ihre tadellosen Standards anerkannt und locken mit Speisen und Getr\u00e4nken von h\u00f6chster Qualit\u00e4t. Von Luxusjuwelen bis hin zu umgebauten Fischerh\u00fctten gibt es sie in allen Formen und Gr\u00f6\u00dfen und versprechen gastronomische Exzellenz, die sowohl Ihr Herz als auch Ihren Gaumen erobern wird.<br \/>\nDamit Sie in den w\u00e4rmsten Willkommensgr\u00fc\u00dfen und feinsten Geschmacksrichtungen genie\u00dfen k\u00f6nnen, hier ist unser F\u00fchrer zu den Michelin-Sterne-Restaurants in Cornwall.<\/p>\n<p><strong>Michelin-Stern<\/strong><\/p>\n<p>Outlaw&#8217;s Fish Kitchen, Port Isaac<\/p>\n<p><img loading=\"lazy\" class=\"aligncenter size-full wp-image-47172\" src=\"https:\/\/www.urlaubcornwall.de\/blog\/wp-content\/uploads\/2024\/01\/Outlaws-Fish-Kitchen-Port-Isaac.jpg\" alt=\"Outlaw\u2019s Fish Kitchen, Port Isaac\" width=\"750\" height=\"421\" srcset=\"https:\/\/www.urlaubcornwall.de\/blog\/wp-content\/uploads\/2024\/01\/Outlaws-Fish-Kitchen-Port-Isaac.jpg 750w, https:\/\/www.urlaubcornwall.de\/blog\/wp-content\/uploads\/2024\/01\/Outlaws-Fish-Kitchen-Port-Isaac-300x168.jpg 300w\" sizes=\"(max-width: 750px) 100vw, 750px\" \/><br \/>\nimage credit outlaws fish kitchen<\/p>\n<p>Eines der f\u00fchrenden Michelin-Sterne-Restaurants der Grafschaft, <a href=\"https:\/\/outlaws.co.uk\/restaurants\/fish-kitchen\/\">Outlaw&#8217;s Fish Kitchen<\/a> in <a href=\"https:\/\/www.urlaubcornwall.de\/ferienhaeuser-fewos\/port-isaac.html\">Port Isaac<\/a>, ist eines der besten Fischrestaurants in Cornwall und Gro\u00dfbritannien. Es geh\u00f6rt und wird von dem gesch\u00e4tzten K\u00fcchenchef Nathan Outlaw betrieben und empf\u00e4ngt seit \u00fcber einem Jahrzehnt kulinarische Feinschmecker in einem intimen Fischerh\u00e4uschen aus dem f\u00fcnfzehnten Jahrhundert mit Blick auf den Hafen von Port Isaac. Mit dem Versprechen eines der besten kulinarischen Erlebnisse im S\u00fcdwesten bietet die Speisekarte die besten lokalen Zutaten, darunter lokale Meeresfr\u00fcchte, die jeden Tag frisch im Hafen landen, und l\u00e4sst sich von der globalen K\u00fcche inspirieren. Buchen Sie einen Tisch und freuen Sie sich auf ein traumhaftes Mittag- oder Abendessen, bei dem Sie jeden Gang des preisgekr\u00f6nten Meeresfr\u00fcchteman\u00fcs des Restaurants genie\u00dfen k\u00f6nnen. Zu den Favoriten geh\u00f6ren ger\u00e4ucherter Kabeljaurogen auf ger\u00f6stetem Brioche und lokaler Gew\u00fcrz-Seeteufel mit Blumenkohl und Granatapfel.<\/p>\n<p><strong>Outlaw&#8217;s New Road, Port Isaac<\/strong><\/p>\n<p><img loading=\"lazy\" class=\"aligncenter size-full wp-image-47173\" src=\"https:\/\/www.urlaubcornwall.de\/blog\/wp-content\/uploads\/2024\/01\/Outlaws-New-Road-Port-Isaac-1.jpg\" alt=\"Outlaw\u2019s New Road, Port Isaac\" width=\"750\" height=\"421\" srcset=\"https:\/\/www.urlaubcornwall.de\/blog\/wp-content\/uploads\/2024\/01\/Outlaws-New-Road-Port-Isaac-1.jpg 750w, https:\/\/www.urlaubcornwall.de\/blog\/wp-content\/uploads\/2024\/01\/Outlaws-New-Road-Port-Isaac-1-300x168.jpg 300w\" sizes=\"(max-width: 750px) 100vw, 750px\" \/><br \/>\nimage credit outlaws new road<\/p>\n<p>Nathan Outlaw ist bekannt f\u00fcr das Kaliber seines kulinarischen Geschicks, und sein neuestes Lokal am Meer, <a href=\"https:\/\/outlaws.co.uk\/restaurants\/new-road\/\">Outlaw&#8217;s New Road<\/a>, ist keine Ausnahme. Als Neuauflage seines ehemaligen Zwei-Sterne-Michelin-Lokals, Restaurant Nathan Outlaw, l\u00e4dt Outlaw&#8217;s New Road in Port Isaac Feinschmecker ein, eine genussvolle, zug\u00e4ngliche Erkundung der Cornishen Meeresfr\u00fcchte zu erleben. Jedes Gericht auf der Speisekarte des Restaurants vereint heimelige Herzlichkeit mit h\u00f6chstem Anspruch und bietet raffinierte Aromen mit seiner ber\u00fchmten Originalit\u00e4t. Kommen Sie zum Mittag- oder Abendessen und w\u00e4hlen Sie aus einer Auswahl an regelm\u00e4\u00dfigen Angeboten und t\u00e4glichen Spezialit\u00e4ten, die sich mit den Jahreszeiten entwickeln. Unter den k\u00f6stlichen Gerichten erwarten Sie verlockende Leckereien wie knuspriger Kabeljau mit Seetang-Tartarsauce; ger\u00e4ucherte Makrelenpastete mit Fenchel-, Gurken- und Kapernsalat; und ganze Dover-Seezunge mit Petersilien-, Zitronen- und Knoblauchdressing.<\/p>\n<p><strong>Paul Ainsworth at No.6, Padstow<\/strong><\/p>\n<p><img loading=\"lazy\" class=\"aligncenter size-full wp-image-47174\" src=\"https:\/\/www.urlaubcornwall.de\/blog\/wp-content\/uploads\/2024\/01\/Paul-Ainsworth-at-No.6-Padstow.jpg\" alt=\"Paul Ainsworth at No.6, Padstow\" width=\"750\" height=\"421\" srcset=\"https:\/\/www.urlaubcornwall.de\/blog\/wp-content\/uploads\/2024\/01\/Paul-Ainsworth-at-No.6-Padstow.jpg 750w, https:\/\/www.urlaubcornwall.de\/blog\/wp-content\/uploads\/2024\/01\/Paul-Ainsworth-at-No.6-Padstow-300x168.jpg 300w\" sizes=\"(max-width: 750px) 100vw, 750px\" \/><br \/>\nimage credit  Paul Ainsworth at No.6<\/p>\n<p>Der <a href=\"https:\/\/www.urlaubcornwall.de\/ferienhaeuser-fewos\/padstow.html\">Hafenort Padstow in Nord-Cornwall<\/a> ist bekannt als eine der Feinschmeckerhauptst\u00e4dte des S\u00fcdwestens. Die Stadt, die um einen florierenden Arbeitshafen und landwirtschaftliche Gemeinden entstanden ist, profitiert von einer F\u00fclle nat\u00fcrlicher Produkte, die ihren Weg auf die polierten Teller ihrer beneidenswerten Auswahl an Restaurants finden. Eines der allerbesten, das Michelin-Stern-Restaurant <a href=\"https:\/\/www.paul-ainsworth.co.uk\/number6\/about\/\">Paul Ainsworth at No.6<\/a>, befindet sich in einem wundersch\u00f6nen georgianischen Stadthaus unweit der Uferpromenade in der Middle Street in Padstow. Es besteht aus zwei Speises\u00e4len, einem attraktiven Speisesaal mit offenem Blick auf den K\u00fcchenpass, um die K\u00f6che bei der Arbeit zu beobachten, sowie einem privaten Speisesaal, der f\u00fcr exklusive Gruppen von bis zu sechs Personen geeignet ist. Reservieren Sie Ihren Tisch und genie\u00dfen Sie die Gelegenheit, moderne britische K\u00fcche zum Mittag- und Abendessen mit den besten Zutaten von Land und Meer zu probieren. Vor dem Essen k\u00f6nnen Sie auch einen geschmackvollen Cocktail in Ci Ci&#8217;s, der exklusiven, reservierungsempfohlenen Cocktailbar des Restaurants \u00fcber dem Speisesaal, genie\u00dfen.<\/p>\n<p><strong>Michelin-Gr\u00fcner Stern<\/strong><\/p>\n<p><strong>Coombeshead Farm, Lewannick<\/strong><\/p>\n<p><img loading=\"lazy\" class=\"aligncenter size-full wp-image-47175\" src=\"https:\/\/www.urlaubcornwall.de\/blog\/wp-content\/uploads\/2024\/01\/Coombeshead-Farm-Lewannick.jpg\" alt=\"Coombeshead Farm, Lewannick\" width=\"750\" height=\"421\" srcset=\"https:\/\/www.urlaubcornwall.de\/blog\/wp-content\/uploads\/2024\/01\/Coombeshead-Farm-Lewannick.jpg 750w, https:\/\/www.urlaubcornwall.de\/blog\/wp-content\/uploads\/2024\/01\/Coombeshead-Farm-Lewannick-300x168.jpg 300w\" sizes=\"(max-width: 750px) 100vw, 750px\" \/><br \/>\nimage credit Coombeshead Farm<\/p>\n<p>Inmitten von 66 Hektar Privatpark in der nordcorischen Landschaft liegt die Michelin-gr\u00fcn-ausgezeichnete <a href=\"https:\/\/coombesheadfarm.co.uk\/pages\/dining\">Coombeshead Farm<\/a> ideal umgeben von Wiesen, W\u00e4ldern und silbernen B\u00e4chen. Als arbeitender Bauernhof und Restaurant, das Zutaten direkt vor der Haust\u00fcr nutzt und z\u00fcchtet, konzentriert es sich auf die nachhaltige europ\u00e4ische Tradition des Agrotourismus und lockt G\u00e4ste mit unglaublich hausgemachtem Essen an. Mit w\u00f6chentlich wechselnden Men\u00fcs voller frischem und eingelegtem Gem\u00fcse, frisch gebackenem Brot und Fleisch vom Hof bietet es die besten Gerichte der Umgebung. Sowohl zum Mittag- als auch zum Abendessen wird ein dreig\u00e4ngiges Men\u00fc serviert, das von den Jahreszeiten und den Produkten des Tages inspiriert ist. Um Ihr bereits k\u00f6stliches Erlebnis abzurunden, k\u00f6nnen Sie auch den Hofladen besuchen oder sogar an einem gef\u00fchrten Brotbackkurs in der B\u00e4ckerei teilnehmen.<\/p>\n<p><strong>Crocadon, St Mellio<\/strong>n<\/p>\n<p><img loading=\"lazy\" class=\"aligncenter size-full wp-image-47176\" src=\"https:\/\/www.urlaubcornwall.de\/blog\/wp-content\/uploads\/2024\/01\/Crocadon-St-Mellion.jpg\" alt=\"Crocadon, St Mellion\" width=\"750\" height=\"421\" srcset=\"https:\/\/www.urlaubcornwall.de\/blog\/wp-content\/uploads\/2024\/01\/Crocadon-St-Mellion.jpg 750w, https:\/\/www.urlaubcornwall.de\/blog\/wp-content\/uploads\/2024\/01\/Crocadon-St-Mellion-300x168.jpg 300w\" sizes=\"(max-width: 750px) 100vw, 750px\" \/><br \/>\nimage credit Crocadon<\/p>\n<p>Das <a href=\"https:\/\/www.crocadon.farm\/#restaurant\">Crocadon in St Mellion<\/a> am Rande des Tamar Valley in der N\u00e4he von <a href=\"https:\/\/www.urlaubcornwall.de\/ferienhaeuser-fewos\/saltash.html\">Saltash in Ost-Cornwall<\/a> ist das Meisterwerk des Roux-Stipendiaten und ehemaligen L&#8217;Enclume-Chefkochs Dan Cox. Dieses renommierte Restaurant, das auf der Verwendung lokaler Zutaten basiert, liegt eingebettet in einen bl\u00fchenden 120 Hektar gro\u00dfen Bio-Bauernhof und hat sich aus einem Kreislaufsystem entwickelt, in dem Bio-Zutaten und Zero Waste gef\u00f6rdert werden. Mit einem Michelin-Gr\u00fcnen Stern ausgezeichnet, erforscht und zelebriert es die Beziehung zwischen Gourmetk\u00fcche und Nachhaltigkeit und verspricht ein einzigartiges kulinarisches Erlebnis in Cornwall. Besuchen Sie das Restaurant und probieren Sie selbst die Fr\u00fcchte des Hofes, darunter innovative Kreationen wie Lammrippe mit Hagebutte und wei\u00dfen Johannisbeeren, und Makrele mit Eiszapfenrettich und gr\u00fcnem Shiso. Sie k\u00f6nnen auch die B\u00e4ckerei und Keramikwerkstatt des Hofes besuchen, die sich neben dem Restaurant befinden.<\/p>\n<p><strong>CULTURE, Falmouth<\/strong><\/p>\n<p><img loading=\"lazy\" class=\"aligncenter size-full wp-image-47177\" src=\"https:\/\/www.urlaubcornwall.de\/blog\/wp-content\/uploads\/2024\/01\/CULTURE-Falmouth.jpg\" alt=\"CULTURE, Falmouth\" width=\"750\" height=\"421\" srcset=\"https:\/\/www.urlaubcornwall.de\/blog\/wp-content\/uploads\/2024\/01\/CULTURE-Falmouth.jpg 750w, https:\/\/www.urlaubcornwall.de\/blog\/wp-content\/uploads\/2024\/01\/CULTURE-Falmouth-300x168.jpg 300w\" sizes=\"(max-width: 750px) 100vw, 750px\" \/><br \/>\nimage credit Culture<\/p>\n<p>Wenn Sie auf der Suche nach einem Michelin-Stern-Restaurant in Cornwall sind, das Ihre Aufmerksamkeit und Ihren Appetit erregt, dann probieren Sie <a href=\"https:\/\/culturerestaurant.co.uk\/\">CULTURE<\/a> aus. <a href=\"https:\/\/www.urlaubcornwall.de\/ferienhaeuser-fewos\/falmouth.html\">Falmouths<\/a> erstes mit einem Michelin-Gr\u00fcnen Stern ausgezeichnetes Restaurant zelebriert Essen als Lebensart. Inspiriert von Reisen, Erfahrungen und internationalen Kulturen, nimmt das Essen hier die G\u00e4ste mit auf eine Reise von Cornwall in verschiedene Ecken der Welt \u2013 und verwendet dabei immer die feinsten lokalen Zutaten. In Zusammenarbeit mit den Bauern, Fischern, Anbauern und Sammlern der Region (unter der Leitung des s\u00fcdafrikanischen Besitzers und Chefkochs Hylton Espey) kreiert das Team preisgekr\u00f6nte Mahlzeiten, die von den lokalen \u201eLandschaften, Flora und Fauna\u201c inspiriert sind. Die Jahreszeiten bestimmen das Tagesangebot und jedes Gericht ist nach seiner eigenen Muse benannt, wie z. B. Grampound Hills, Carrick Roads und Keus Kavern.<\/p>\n<p><strong>Michelin Bib Gourmand<\/strong><\/p>\n<p><strong>Sardine Factory, Looe<\/strong><\/p>\n<p><img loading=\"lazy\" class=\"aligncenter size-full wp-image-47178\" src=\"https:\/\/www.urlaubcornwall.de\/blog\/wp-content\/uploads\/2024\/01\/Sardine-Factory-Looe.jpg\" alt=\"Sardine Factory, Looe\" width=\"750\" height=\"421\" srcset=\"https:\/\/www.urlaubcornwall.de\/blog\/wp-content\/uploads\/2024\/01\/Sardine-Factory-Looe.jpg 750w, https:\/\/www.urlaubcornwall.de\/blog\/wp-content\/uploads\/2024\/01\/Sardine-Factory-Looe-300x168.jpg 300w\" sizes=\"(max-width: 750px) 100vw, 750px\" \/><br \/>\nimage credit Sardine Factory<\/p>\n<p>Die <a href=\"https:\/\/www.thesardinefactorylooe.com\/\">Sardine Factory<\/a> in <a href=\"https:\/\/www.urlaubcornwall.de\/ferienhaeuser-fewos\/looe.html\">Looe<\/a> erh\u00e4lt seit 2019 j\u00e4hrlich den Michelin Bib Gourmand Award. Unter der Leitung des preisgekr\u00f6nten K\u00fcchenchefs und Besitzers Benjamin Palmer ist es einer der besten Orte in der Grafschaft f\u00fcr feine Meeresfr\u00fcchte. Neben frischen lokalen Zutaten aus ganz Cornwall und dem S\u00fcdwesten beziehen die K\u00f6che des Restaurants auch nachhaltigen Fang des Tages von lokalen Fischern auf dem Markt in Looe. Auf der Speisekarte stehen saisonale Favoriten wie Knabbereien, kleine Teller und frischer Fisch im Sommer, darunter eingelegte Muscheln mit Seetang; Porthilly-Austern mit Jalapeno-Salsa; und Cornish Crab Linguine mit Chili, Limette und Koriander. Im Winter werden die \u00c0-la-carte-Men\u00fcs durch w\u00e4rmende Sonntagsbraten erg\u00e4nzt. Eine spezielle Kinderkarte ist erh\u00e4ltlich.<\/p>\n<p><strong>Rick Stein&#8217;s Caf\u00e9, Padstow<\/strong><\/p>\n<p><img loading=\"lazy\" class=\"aligncenter size-full wp-image-47179\" src=\"https:\/\/www.urlaubcornwall.de\/blog\/wp-content\/uploads\/2024\/01\/Rick-Steins-Cafe-Padstow.jpg\" alt=\"Rick Stein\u2019s Caf\u00e9, Padstow\" width=\"750\" height=\"421\" srcset=\"https:\/\/www.urlaubcornwall.de\/blog\/wp-content\/uploads\/2024\/01\/Rick-Steins-Cafe-Padstow.jpg 750w, https:\/\/www.urlaubcornwall.de\/blog\/wp-content\/uploads\/2024\/01\/Rick-Steins-Cafe-Padstow-300x168.jpg 300w\" sizes=\"(max-width: 750px) 100vw, 750px\" \/><br \/>\nimage credit Rick Stein&#8217;s Caf\u00e9<\/p>\n<p><a href=\"https:\/\/boutique-retreats.co.uk\/guides\/1883\/rick-stein-s-caf-padstow.html\">Rick Stein&#8217;s Caf\u00e9<\/a> ist ein Michelin Bib Gourmand-Restaurant im Herzen von <a href=\"https:\/\/www.urlaubcornwall.de\/ferienhaeuser-fewos\/padstow.html\">Padstow<\/a>, das sogar einen hundefreundlichen Innenhof bietet. Nur zwei T\u00fcren von Paul Ainsworth at No.6 entfernt, befindet es sich inmitten von Michelin-Sternek\u00fcche und verspricht ein preisgekr\u00f6ntes kulinarisches Erlebnis, das dennoch einladend und entspannt bleibt. Um einige der besten Speisen der Grafschaft zu genie\u00dfen, treten Sie durch die T\u00fcren und suchen Sie sich einen Tisch, bereit, den Blick auf die meisterhaft zusammengestellte Speisekarte zu werfen. Die st\u00e4ndig aktualisierte Speisekarte bietet eine Reihe von Gerichten, die mit lokalen Produkten und Fisch von Padstows Tagesbooten zubereitet werden \u2013 alle inspiriert von Ricks Reisen um die Welt. Zu den Heldengerichten des Restaurants geh\u00f6rt Rick Steins ber\u00fchmte Salz- und Pfeffergarnelen. Dieser Signature-Favorit ist seit den 1990er Jahren ein fester Bestandteil bei Stein und nach wie vor eine ausgezeichnete Wahl.<\/p>\n<p><strong>The Square, Porthleven<\/strong><\/p>\n<p><img loading=\"lazy\" class=\"aligncenter size-full wp-image-47180\" src=\"https:\/\/www.urlaubcornwall.de\/blog\/wp-content\/uploads\/2024\/01\/The-Square-Porthleven.jpg\" alt=\"The Square, Porthleven\" width=\"750\" height=\"421\" srcset=\"https:\/\/www.urlaubcornwall.de\/blog\/wp-content\/uploads\/2024\/01\/The-Square-Porthleven.jpg 750w, https:\/\/www.urlaubcornwall.de\/blog\/wp-content\/uploads\/2024\/01\/The-Square-Porthleven-300x168.jpg 300w\" sizes=\"(max-width: 750px) 100vw, 750px\" \/><br \/>\nimage credit The Square<\/p>\n<p>The Square, direkt am <a href=\"https:\/\/www.urlaubcornwall.de\/ferienhaeuser-fewos\/porthleven.html\">Hafen in Porthleven<\/a> (Heimat des Porthleven Food and Music Festivals) gelegen, hat sich im Laufe der Jahre stetig nach oben gearbeitet und ist bei Einheimischen und Besuchern gleicherma\u00dfen beliebt. Als Michelin Bib Gourmand-Restaurant lockt es seine G\u00e4ste mit einer Speisekarte im Brasserie-Stil und gem\u00fctlichen, lichtdurchfluteten Innenr\u00e4umen zu einem entspannten kulinarischen Erlebnis. Genie\u00dfen Sie einen Spaziergang oder gehen Sie direkt zum leichten Mittagessen, Kaffee und Kuchen am Nachmittag oder zum Abendessen bei Kerzenlicht und genie\u00dfen Sie die Atmosph\u00e4re, w\u00e4hrend Sie auf Ihr Essen warten. Um Entt\u00e4uschungen zu vermeiden, reservieren Sie Ihren Tisch im Voraus und freuen Sie sich auf fachm\u00e4nnisch zubereitete Gerichte, die von freundlichen Mitarbeitern serviert werden.<\/p>\n<p>Lust auf Michelin-Stern-K\u00fcche? Dann werfen Sie einen Blick auf <a href=\"https:\/\/www.urlaubcornwall.de\/ferienhaeuser\/cornwall.php\">unsere luxuri\u00f6sen Ferienh\u00e4user in Cornwall<\/a>.<\/p>\n","protected":false},"excerpt":{"rendered":"<p>Wenn Sie auf der Suche nach einem Hauch von feiner K\u00fcche sind, dann sind Sie bei unserer Liste der Michelin-Sterne-Restaurants in Cornwall genau richtig. Die f\u00fchrenden kulinarischen Reiseziele der Grafschaft, diese erstklassigen Lokale sind f\u00fcr ihre tadellosen Standards anerkannt und locken mit Speisen und Getr\u00e4nken von h\u00f6chster Qualit\u00e4t. Von Luxusjuwelen bis hin zu umgebauten Fischerh\u00fctten [&hellip;]<\/p>\n","protected":false},"author":1,"featured_media":0,"parent":0,"menu_order":0,"comment_status":"closed","ping_status":"closed","template":"single-four.php","meta":[],"acf":[],"yoast_head":"<!-- This site is optimized with the Yoast SEO plugin v19.4 - https:\/\/yoast.com\/wordpress\/plugins\/seo\/ -->\n<title>Michelin Sterne Restaurants in Cornwall - Urlaub &amp; Reisen<\/title>\n<meta name=\"robots\" content=\"index, follow, max-snippet:-1, max-image-preview:large, max-video-preview:-1\" \/>\n<link rel=\"canonical\" href=\"https:\/\/www.urlaubcornwall.de\/blog\/michelin-sterne-restaurants-in-cornwall\/\" \/>\n<meta property=\"og:locale\" content=\"en_US\" \/>\n<meta property=\"og:type\" content=\"article\" \/>\n<meta property=\"og:title\" content=\"Michelin Sterne Restaurants in Cornwall - Urlaub &amp; Reisen\" \/>\n<meta property=\"og:description\" content=\"Wenn Sie auf der Suche nach einem Hauch von feiner K\u00fcche sind, dann sind Sie bei unserer Liste der Michelin-Sterne-Restaurants in Cornwall genau richtig. Die f\u00fchrenden kulinarischen Reiseziele der Grafschaft, diese erstklassigen Lokale sind f\u00fcr ihre tadellosen Standards anerkannt und locken mit Speisen und Getr\u00e4nken von h\u00f6chster Qualit\u00e4t. Von Luxusjuwelen bis hin zu umgebauten Fischerh\u00fctten [&hellip;]\" \/>\n<meta property=\"og:url\" content=\"https:\/\/www.urlaubcornwall.de\/blog\/michelin-sterne-restaurants-in-cornwall\/\" \/>\n<meta property=\"og:site_name\" content=\"Urlaub &amp; Reisen\" \/>\n<meta property=\"article:modified_time\" content=\"2024-03-11T10:50:56+00:00\" \/>\n<meta property=\"og:image\" content=\"https:\/\/www.urlaubcornwall.de\/blog\/wp-content\/uploads\/2024\/01\/Outlaws-New-Road-Port-Isaac.jpg\" \/>\n<meta name=\"twitter:card\" content=\"summary\" \/>\n<meta name=\"twitter:label1\" content=\"Est. reading time\" \/>\n\t<meta name=\"twitter:data1\" content=\"8 minutes\" \/>\n<script type=\"application\/ld+json\" class=\"yoast-schema-graph\">{\"@context\":\"https:\/\/schema.org\",\"@graph\":[{\"@type\":\"WebSite\",\"@id\":\"https:\/\/www.urlaubcornwall.de\/blog\/#website\",\"url\":\"https:\/\/www.urlaubcornwall.de\/blog\/\",\"name\":\"Urlaub &amp; Reisen\",\"description\":\"Urlaub, Reisen, Cornwall und S\u00fcdengland: eine perfekte Kombination\",\"potentialAction\":[{\"@type\":\"SearchAction\",\"target\":{\"@type\":\"EntryPoint\",\"urlTemplate\":\"https:\/\/www.urlaubcornwall.de\/blog\/?s={search_term_string}\"},\"query-input\":\"required name=search_term_string\"}],\"inLanguage\":\"en-US\"},{\"@type\":\"WebPage\",\"@id\":\"https:\/\/www.urlaubcornwall.de\/blog\/michelin-sterne-restaurants-in-cornwall\/\",\"url\":\"https:\/\/www.urlaubcornwall.de\/blog\/michelin-sterne-restaurants-in-cornwall\/\",\"name\":\"Michelin Sterne Restaurants in Cornwall - Urlaub &amp; Reisen\",\"isPartOf\":{\"@id\":\"https:\/\/www.urlaubcornwall.de\/blog\/#website\"},\"datePublished\":\"2024-01-03T11:01:32+00:00\",\"dateModified\":\"2024-03-11T10:50:56+00:00\",\"breadcrumb\":{\"@id\":\"https:\/\/www.urlaubcornwall.de\/blog\/michelin-sterne-restaurants-in-cornwall\/#breadcrumb\"},\"inLanguage\":\"en-US\",\"potentialAction\":[{\"@type\":\"ReadAction\",\"target\":[\"https:\/\/www.urlaubcornwall.de\/blog\/michelin-sterne-restaurants-in-cornwall\/\"]}]},{\"@type\":\"BreadcrumbList\",\"@id\":\"https:\/\/www.urlaubcornwall.de\/blog\/michelin-sterne-restaurants-in-cornwall\/#breadcrumb\",\"itemListElement\":[{\"@type\":\"ListItem\",\"position\":1,\"name\":\"Home\",\"item\":\"https:\/\/www.urlaubcornwall.de\/blog\/\"},{\"@type\":\"ListItem\",\"position\":2,\"name\":\"Michelin Sterne Restaurants in Cornwall\"}]}]}<\/script>\n<!-- \/ Yoast SEO plugin. -->","yoast_head_json":{"title":"Michelin Sterne Restaurants in Cornwall - Urlaub &amp; Reisen","robots":{"index":"index","follow":"follow","max-snippet":"max-snippet:-1","max-image-preview":"max-image-preview:large","max-video-preview":"max-video-preview:-1"},"canonical":"https:\/\/www.urlaubcornwall.de\/blog\/michelin-sterne-restaurants-in-cornwall\/","og_locale":"en_US","og_type":"article","og_title":"Michelin Sterne Restaurants in Cornwall - Urlaub &amp; Reisen","og_description":"Wenn Sie auf der Suche nach einem Hauch von feiner K\u00fcche sind, dann sind Sie bei unserer Liste der Michelin-Sterne-Restaurants in Cornwall genau richtig. Die f\u00fchrenden kulinarischen Reiseziele der Grafschaft, diese erstklassigen Lokale sind f\u00fcr ihre tadellosen Standards anerkannt und locken mit Speisen und Getr\u00e4nken von h\u00f6chster Qualit\u00e4t. Von Luxusjuwelen bis hin zu umgebauten Fischerh\u00fctten [&hellip;]","og_url":"https:\/\/www.urlaubcornwall.de\/blog\/michelin-sterne-restaurants-in-cornwall\/","og_site_name":"Urlaub &amp; Reisen","article_modified_time":"2024-03-11T10:50:56+00:00","og_image":[{"url":"https:\/\/www.urlaubcornwall.de\/blog\/wp-content\/uploads\/2024\/01\/Outlaws-New-Road-Port-Isaac.jpg"}],"twitter_card":"summary","twitter_misc":{"Est. reading time":"8 minutes"},"schema":{"@context":"https:\/\/schema.org","@graph":[{"@type":"WebSite","@id":"https:\/\/www.urlaubcornwall.de\/blog\/#website","url":"https:\/\/www.urlaubcornwall.de\/blog\/","name":"Urlaub &amp; Reisen","description":"Urlaub, Reisen, Cornwall und S\u00fcdengland: eine perfekte Kombination","potentialAction":[{"@type":"SearchAction","target":{"@type":"EntryPoint","urlTemplate":"https:\/\/www.urlaubcornwall.de\/blog\/?s={search_term_string}"},"query-input":"required name=search_term_string"}],"inLanguage":"en-US"},{"@type":"WebPage","@id":"https:\/\/www.urlaubcornwall.de\/blog\/michelin-sterne-restaurants-in-cornwall\/","url":"https:\/\/www.urlaubcornwall.de\/blog\/michelin-sterne-restaurants-in-cornwall\/","name":"Michelin Sterne Restaurants in Cornwall - Urlaub &amp; Reisen","isPartOf":{"@id":"https:\/\/www.urlaubcornwall.de\/blog\/#website"},"datePublished":"2024-01-03T11:01:32+00:00","dateModified":"2024-03-11T10:50:56+00:00","breadcrumb":{"@id":"https:\/\/www.urlaubcornwall.de\/blog\/michelin-sterne-restaurants-in-cornwall\/#breadcrumb"},"inLanguage":"en-US","potentialAction":[{"@type":"ReadAction","target":["https:\/\/www.urlaubcornwall.de\/blog\/michelin-sterne-restaurants-in-cornwall\/"]}]},{"@type":"BreadcrumbList","@id":"https:\/\/www.urlaubcornwall.de\/blog\/michelin-sterne-restaurants-in-cornwall\/#breadcrumb","itemListElement":[{"@type":"ListItem","position":1,"name":"Home","item":"https:\/\/www.urlaubcornwall.de\/blog\/"},{"@type":"ListItem","position":2,"name":"Michelin Sterne Restaurants in Cornwall"}]}]}},"_links":{"self":[{"href":"https:\/\/www.urlaubcornwall.de\/blog\/wp-json\/wp\/v2\/pages\/47170"}],"collection":[{"href":"https:\/\/www.urlaubcornwall.de\/blog\/wp-json\/wp\/v2\/pages"}],"about":[{"href":"https:\/\/www.urlaubcornwall.de\/blog\/wp-json\/wp\/v2\/types\/page"}],"author":[{"embeddable":true,"href":"https:\/\/www.urlaubcornwall.de\/blog\/wp-json\/wp\/v2\/users\/1"}],"replies":[{"embeddable":true,"href":"https:\/\/www.urlaubcornwall.de\/blog\/wp-json\/wp\/v2\/comments?post=47170"}],"version-history":[{"count":7,"href":"https:\/\/www.urlaubcornwall.de\/blog\/wp-json\/wp\/v2\/pages\/47170\/revisions"}],"predecessor-version":[{"id":48126,"href":"https:\/\/www.urlaubcornwall.de\/blog\/wp-json\/wp\/v2\/pages\/47170\/revisions\/48126"}],"wp:attachment":[{"href":"https:\/\/www.urlaubcornwall.de\/blog\/wp-json\/wp\/v2\/media?parent=47170"}],"curies":[{"name":"wp","href":"https:\/\/api.w.org\/{rel}","templated":true}]}}