{"id":47166,"date":"2024-01-02T10:46:28","date_gmt":"2024-01-02T10:46:28","guid":{"rendered":"https:\/\/www.urlaubcornwall.de\/blog\/?page_id=47166"},"modified":"2024-04-15T15:43:43","modified_gmt":"2024-04-15T15:43:43","slug":"die-schoensten-buslinien-suedenglands","status":"publish","type":"page","link":"https:\/\/www.urlaubcornwall.de\/blog\/die-schoensten-buslinien-suedenglands\/","title":{"rendered":"Die sch\u00f6nsten Buslinien S\u00fcdenglands"},"content":{"rendered":"<p><img loading=\"lazy\" class=\"aligncenter size-full wp-image-48059\" src=\"https:\/\/www.urlaubcornwall.de\/blog\/wp-content\/uploads\/2024\/03\/cape-cornwall_lands-end.jpg\" alt=\"cape cornwall_lands end\" width=\"750\" height=\"500\" srcset=\"https:\/\/www.urlaubcornwall.de\/blog\/wp-content\/uploads\/2024\/03\/cape-cornwall_lands-end.jpg 750w, https:\/\/www.urlaubcornwall.de\/blog\/wp-content\/uploads\/2024\/03\/cape-cornwall_lands-end-300x200.jpg 300w\" sizes=\"(max-width: 750px) 100vw, 750px\" \/><\/p>\n<p><strong>Land\u2019s End Coaster<\/strong> &#8211; Diese offene Rundbusfahrt ab Penzance \u00fcber St Ives (Mai bis September) um die Westspitze Cornwalls ist mit 2,50 \u00a3 f\u00fcr eine einfache Fahrt (ein Tagespass kostet 7 \u00a3) unglaublich preiswert. Die gesamte Fahrt dauert ein paar Stunden und f\u00fchrt durch H\u00fcgelland mit verstreuten Zinnminen und Steinkreisen, vorbei an zerkl\u00fcfteten Klippen und dem m\u00e4rchenhaften St. Michael&#8217;s Mount.<\/p>\n<p>Bereits ab Dezember bl\u00fchen in den westlichen Feldern Cornwalls Osterglocken, w\u00e4hrend in subtropischen G\u00e4rten Palmen und Kamelien zu bewundern sind. Im Winter verkehrt der Bus nur zwischen Penzance und Land&#8217;s End, und der &#8220;Tin Coaster&#8221;-Bus (Tinc) bedient die D\u00f6rfer zwischen Penzance und Pendeen Boscaswell \u00fcber St Just.<\/p>\n<p>In St Ives gibt es Caf\u00e9s und Kunst am Meer, wo die Tate die abstrakten Werke von Ben Nicholson, Barbara Hepworths Bronzen und 1 \u00a3 Rabatt f\u00fcr autofreie Besucher (10,50 \u00a3 Erwachsene, kostenlos f\u00fcr Kinder) bietet. Penzance ist vollgepackt mit gro\u00dfartigen Restaurants und Unterk\u00fcnften, darunter das charaktervolle Artist Residence (Doppelzimmer ab ca. 140 \u00a3 ohne Verpflegung), das frischen Fisch aus Newlyn serviert. F\u00fcr ein schnelles Mittagessen ist es schwer, die picknickfertigen Socca-Scheiben der Cornish Hen Delikatesse zu \u00fcbertreffen.<\/p>\n<p>Hier sind einige zus\u00e4tzliche Informationen, die f\u00fcr deutsche Reisende hilfreich sein k\u00f6nnten:<\/p>\n<p>    Die Busfahrt ist eine gro\u00dfartige M\u00f6glichkeit, die malerische K\u00fcste Cornwalls zu erleben.<\/p>\n<p>    St Ives ist ein beliebter Ort f\u00fcr K\u00fcnstler und Kunstliebhaber.<\/p>\n<p>    Penzance ist eine lebendige Stadt mit einer Vielzahl von Restaurants, Bars und Gesch\u00e4ften.<\/p>\n<p>    Tickets f\u00fcr den Bus k\u00f6nnen online oder direkt beim Fahrer gekauft werden.<\/p>\n<p><strong>Suchen Sie nach Ferienh\u00e4usern in weniger bekannten Orten.<\/strong><\/p>\n<p><strong>Hier sind einige Tipps, um die Verf\u00fcgbarkeit von Ferienh\u00e4usern in Cornwall zu erh\u00f6hen:<\/strong><\/p>\n<p>Buchen Sie so fr\u00fch wie m\u00f6glich.<\/p>\n<p>Seien Sie flexibel bei den Reisedaten und der Reisedauer.<\/p>\n<p>\u00dcberlegen Sie sich, ob Sie ein Ferienhaus mit weniger Annehmlichkeiten buchen m\u00f6chten.<\/p>\n<p><strong>Bei uns finden Sie Ferienh\u00e4user zum Verlieben &#8211; so einfach ist das! Pers\u00f6nlich inspizierte Ferienh\u00e4user in Cornwall<\/strong><\/p>\n<p>Wenn Sie auf der Suche nach einem wirklich luxuri\u00f6sen und unvergesslichen Urlaubserlebnis in Cornwall sind, suchen Sie nicht weiter als unsere <a href=\"https:\/\/www.urlaubcornwall.de\/ferienhaeuser-fewos\/cornwall-luxus-unterkuenfte.html\">luxuri\u00f6sen Ferienh\u00e4user an der K\u00fcste<\/a>. Buchen Sie Ihren Aufenthalt noch heute!<\/p>\n<p style=\"text-align: center;\"><a class=\"tidycta\" href=\"https:\/\/www.urlaubcornwall.de\/ferienhaeuser-fewos\/cornwall.html\">Suche Ferienh\u00e4user in Cornwall<\/a><\/p>\n<div class=\"snippet\"> <a class=\"featured-item\" href=\"https:\/\/www.urlaubcornwall.de\/ferienhaeuser\/cornwall.php\"> <span class=\"image-holder\" style=\"background-image: url(' https:\/\/www.urlaubcornwall.de\/blog\/wp-content\/uploads\/2018\/12\/ferienhaus-cornwall-mit-hund.jpg ');\"><\/span> <span class=\"featured-content\"> \n<h2 class=\"featured-title\">Ferienh\u00e4user in Cornwall zum Verlieben!<\/h2>\n<p class=\"featured-body\">Cornwall besitzt mehr K\u00fcstenlinien als jede andere Grafschaft und bietet einige der besten Str\u00e4nde, K\u00fcstenwanderwege und Klippenlandschaften, die man \u00fcberhaupt finden kann&#8230;.<\/p><\/span> <span class=\"featured-link-holder\"> <span class=\"featured-extra-info\"> \n<p>F\u00fcr Paare, Familien &#038; Gruppen<\/p>\n<\/span> \n<p class=\"featured-link\">DETAILS<\/p>\n<\/span> <\/a><\/div>\n<div class=\"snippet\"> <a class=\"featured-item\" href=\" https:\/\/www.urlaubcornwall.de\/rundreisen\/cornwall-suedengland.php\"> <span class=\"image-holder\" style=\"background-image: url(' https:\/\/www.urlaubcornwall.de\/blog\/wp-content\/uploads\/2018\/11\/rundreise-cornwall.jpg ');\"><\/span> <span class=\"featured-content\"> \n<h2 class=\"featured-title\">Individuelle Rundreise in Cornwall &#038; S\u00fcdengland<\/h2>\n<p class=\"featured-body\"> Bei dieser Cornwall Rundreise entdecken Sie die H\u00f6hepunkte S\u00fcdenglands. Kultur, Geschichte, Landschaft und heutiges Leben werden Sie hierbei kennenlernen&#8230;<\/p>\n<\/span> <span class=\"featured-link-holder\"> <span class=\"featured-extra-info\"> \n<p>Urlaub im eigenen Schritttempo<\/p>\n<\/span> \n<p class=\"featured-link\">DETAILS<\/p>\n<\/span> <\/a><\/div>\n","protected":false},"excerpt":{"rendered":"<p>Land\u2019s End Coaster &#8211; Diese offene Rundbusfahrt ab Penzance \u00fcber St Ives (Mai bis September) um die Westspitze Cornwalls ist mit 2,50 \u00a3 f\u00fcr eine einfache Fahrt (ein Tagespass kostet 7 \u00a3) unglaublich preiswert. Die gesamte Fahrt dauert ein paar Stunden und f\u00fchrt durch H\u00fcgelland mit verstreuten Zinnminen und Steinkreisen, vorbei an zerkl\u00fcfteten Klippen und [&hellip;]<\/p>\n","protected":false},"author":1,"featured_media":0,"parent":0,"menu_order":0,"comment_status":"closed","ping_status":"closed","template":"single-four.php","meta":[],"acf":[],"yoast_head":"<!-- This site is optimized with the Yoast SEO plugin v19.4 - https:\/\/yoast.com\/wordpress\/plugins\/seo\/ -->\n<title>Die sch\u00f6nsten Buslinien S\u00fcdenglands - Urlaub &amp; Reisen<\/title>\n<meta name=\"robots\" content=\"index, follow, max-snippet:-1, max-image-preview:large, max-video-preview:-1\" \/>\n<link rel=\"canonical\" href=\"https:\/\/www.urlaubcornwall.de\/blog\/die-schoensten-buslinien-suedenglands\/\" \/>\n<meta property=\"og:locale\" content=\"en_US\" \/>\n<meta property=\"og:type\" content=\"article\" \/>\n<meta property=\"og:title\" content=\"Die sch\u00f6nsten Buslinien S\u00fcdenglands - Urlaub &amp; Reisen\" \/>\n<meta property=\"og:description\" content=\"Land\u2019s End Coaster &#8211; Diese offene Rundbusfahrt ab Penzance \u00fcber St Ives (Mai bis September) um die Westspitze Cornwalls ist mit 2,50 \u00a3 f\u00fcr eine einfache Fahrt (ein Tagespass kostet 7 \u00a3) unglaublich preiswert. Die gesamte Fahrt dauert ein paar Stunden und f\u00fchrt durch H\u00fcgelland mit verstreuten Zinnminen und Steinkreisen, vorbei an zerkl\u00fcfteten Klippen und [&hellip;]\" \/>\n<meta property=\"og:url\" content=\"https:\/\/www.urlaubcornwall.de\/blog\/die-schoensten-buslinien-suedenglands\/\" \/>\n<meta property=\"og:site_name\" content=\"Urlaub &amp; Reisen\" \/>\n<meta property=\"article:modified_time\" content=\"2024-04-15T15:43:43+00:00\" \/>\n<meta property=\"og:image\" content=\"https:\/\/www.urlaubcornwall.de\/blog\/wp-content\/uploads\/2024\/03\/cape-cornwall_lands-end.jpg\" \/>\n<meta name=\"twitter:card\" content=\"summary\" \/>\n<meta name=\"twitter:label1\" content=\"Est. reading time\" \/>\n\t<meta name=\"twitter:data1\" content=\"2 minutes\" \/>\n<script type=\"application\/ld+json\" class=\"yoast-schema-graph\">{\"@context\":\"https:\/\/schema.org\",\"@graph\":[{\"@type\":\"WebSite\",\"@id\":\"https:\/\/www.urlaubcornwall.de\/blog\/#website\",\"url\":\"https:\/\/www.urlaubcornwall.de\/blog\/\",\"name\":\"Urlaub &amp; Reisen\",\"description\":\"Urlaub, Reisen, Cornwall und S\u00fcdengland: eine perfekte Kombination\",\"potentialAction\":[{\"@type\":\"SearchAction\",\"target\":{\"@type\":\"EntryPoint\",\"urlTemplate\":\"https:\/\/www.urlaubcornwall.de\/blog\/?s={search_term_string}\"},\"query-input\":\"required name=search_term_string\"}],\"inLanguage\":\"en-US\"},{\"@type\":\"WebPage\",\"@id\":\"https:\/\/www.urlaubcornwall.de\/blog\/die-schoensten-buslinien-suedenglands\/\",\"url\":\"https:\/\/www.urlaubcornwall.de\/blog\/die-schoensten-buslinien-suedenglands\/\",\"name\":\"Die sch\u00f6nsten Buslinien S\u00fcdenglands - Urlaub &amp; Reisen\",\"isPartOf\":{\"@id\":\"https:\/\/www.urlaubcornwall.de\/blog\/#website\"},\"datePublished\":\"2024-01-02T10:46:28+00:00\",\"dateModified\":\"2024-04-15T15:43:43+00:00\",\"breadcrumb\":{\"@id\":\"https:\/\/www.urlaubcornwall.de\/blog\/die-schoensten-buslinien-suedenglands\/#breadcrumb\"},\"inLanguage\":\"en-US\",\"potentialAction\":[{\"@type\":\"ReadAction\",\"target\":[\"https:\/\/www.urlaubcornwall.de\/blog\/die-schoensten-buslinien-suedenglands\/\"]}]},{\"@type\":\"BreadcrumbList\",\"@id\":\"https:\/\/www.urlaubcornwall.de\/blog\/die-schoensten-buslinien-suedenglands\/#breadcrumb\",\"itemListElement\":[{\"@type\":\"ListItem\",\"position\":1,\"name\":\"Home\",\"item\":\"https:\/\/www.urlaubcornwall.de\/blog\/\"},{\"@type\":\"ListItem\",\"position\":2,\"name\":\"Die sch\u00f6nsten Buslinien S\u00fcdenglands\"}]}]}<\/script>\n<!-- \/ Yoast SEO plugin. -->","yoast_head_json":{"title":"Die sch\u00f6nsten Buslinien S\u00fcdenglands - Urlaub &amp; Reisen","robots":{"index":"index","follow":"follow","max-snippet":"max-snippet:-1","max-image-preview":"max-image-preview:large","max-video-preview":"max-video-preview:-1"},"canonical":"https:\/\/www.urlaubcornwall.de\/blog\/die-schoensten-buslinien-suedenglands\/","og_locale":"en_US","og_type":"article","og_title":"Die sch\u00f6nsten Buslinien S\u00fcdenglands - Urlaub &amp; Reisen","og_description":"Land\u2019s End Coaster &#8211; Diese offene Rundbusfahrt ab Penzance \u00fcber St Ives (Mai bis September) um die Westspitze Cornwalls ist mit 2,50 \u00a3 f\u00fcr eine einfache Fahrt (ein Tagespass kostet 7 \u00a3) unglaublich preiswert. Die gesamte Fahrt dauert ein paar Stunden und f\u00fchrt durch H\u00fcgelland mit verstreuten Zinnminen und Steinkreisen, vorbei an zerkl\u00fcfteten Klippen und [&hellip;]","og_url":"https:\/\/www.urlaubcornwall.de\/blog\/die-schoensten-buslinien-suedenglands\/","og_site_name":"Urlaub &amp; Reisen","article_modified_time":"2024-04-15T15:43:43+00:00","og_image":[{"url":"https:\/\/www.urlaubcornwall.de\/blog\/wp-content\/uploads\/2024\/03\/cape-cornwall_lands-end.jpg"}],"twitter_card":"summary","twitter_misc":{"Est. reading time":"2 minutes"},"schema":{"@context":"https:\/\/schema.org","@graph":[{"@type":"WebSite","@id":"https:\/\/www.urlaubcornwall.de\/blog\/#website","url":"https:\/\/www.urlaubcornwall.de\/blog\/","name":"Urlaub &amp; Reisen","description":"Urlaub, Reisen, Cornwall und S\u00fcdengland: eine perfekte Kombination","potentialAction":[{"@type":"SearchAction","target":{"@type":"EntryPoint","urlTemplate":"https:\/\/www.urlaubcornwall.de\/blog\/?s={search_term_string}"},"query-input":"required name=search_term_string"}],"inLanguage":"en-US"},{"@type":"WebPage","@id":"https:\/\/www.urlaubcornwall.de\/blog\/die-schoensten-buslinien-suedenglands\/","url":"https:\/\/www.urlaubcornwall.de\/blog\/die-schoensten-buslinien-suedenglands\/","name":"Die sch\u00f6nsten Buslinien S\u00fcdenglands - Urlaub &amp; Reisen","isPartOf":{"@id":"https:\/\/www.urlaubcornwall.de\/blog\/#website"},"datePublished":"2024-01-02T10:46:28+00:00","dateModified":"2024-04-15T15:43:43+00:00","breadcrumb":{"@id":"https:\/\/www.urlaubcornwall.de\/blog\/die-schoensten-buslinien-suedenglands\/#breadcrumb"},"inLanguage":"en-US","potentialAction":[{"@type":"ReadAction","target":["https:\/\/www.urlaubcornwall.de\/blog\/die-schoensten-buslinien-suedenglands\/"]}]},{"@type":"BreadcrumbList","@id":"https:\/\/www.urlaubcornwall.de\/blog\/die-schoensten-buslinien-suedenglands\/#breadcrumb","itemListElement":[{"@type":"ListItem","position":1,"name":"Home","item":"https:\/\/www.urlaubcornwall.de\/blog\/"},{"@type":"ListItem","position":2,"name":"Die sch\u00f6nsten Buslinien S\u00fcdenglands"}]}]}},"_links":{"self":[{"href":"https:\/\/www.urlaubcornwall.de\/blog\/wp-json\/wp\/v2\/pages\/47166"}],"collection":[{"href":"https:\/\/www.urlaubcornwall.de\/blog\/wp-json\/wp\/v2\/pages"}],"about":[{"href":"https:\/\/www.urlaubcornwall.de\/blog\/wp-json\/wp\/v2\/types\/page"}],"author":[{"embeddable":true,"href":"https:\/\/www.urlaubcornwall.de\/blog\/wp-json\/wp\/v2\/users\/1"}],"replies":[{"embeddable":true,"href":"https:\/\/www.urlaubcornwall.de\/blog\/wp-json\/wp\/v2\/comments?post=47166"}],"version-history":[{"count":3,"href":"https:\/\/www.urlaubcornwall.de\/blog\/wp-json\/wp\/v2\/pages\/47166\/revisions"}],"predecessor-version":[{"id":49728,"href":"https:\/\/www.urlaubcornwall.de\/blog\/wp-json\/wp\/v2\/pages\/47166\/revisions\/49728"}],"wp:attachment":[{"href":"https:\/\/www.urlaubcornwall.de\/blog\/wp-json\/wp\/v2\/media?parent=47166"}],"curies":[{"name":"wp","href":"https:\/\/api.w.org\/{rel}","templated":true}]}}