{"id":47161,"date":"2024-01-02T09:48:39","date_gmt":"2024-01-02T09:48:39","guid":{"rendered":"https:\/\/www.urlaubcornwall.de\/blog\/?page_id=47161"},"modified":"2024-04-15T13:59:16","modified_gmt":"2024-04-15T13:59:16","slug":"king-charles-iii-kuestenweg-englands-coastal-path","status":"publish","type":"page","link":"https:\/\/www.urlaubcornwall.de\/blog\/king-charles-iii-kuestenweg-englands-coastal-path\/","title":{"rendered":"King Charles III K\u00fcstenweg &#8211; England&#8217;s Coastal Path"},"content":{"rendered":"<p><img loading=\"lazy\" class=\"aligncenter size-full wp-image-47899\" src=\"https:\/\/www.urlaubcornwall.de\/blog\/wp-content\/uploads\/2024\/03\/holywell-cornwall-strand-rotated.jpg\" alt=\"holywell cornwall strand\" width=\"750\" height=\"563\" srcset=\"https:\/\/www.urlaubcornwall.de\/blog\/wp-content\/uploads\/2024\/03\/holywell-cornwall-strand-rotated.jpg 750w, https:\/\/www.urlaubcornwall.de\/blog\/wp-content\/uploads\/2024\/03\/holywell-cornwall-strand-300x225.jpg 300w\" sizes=\"(max-width: 750px) 100vw, 750px\" \/><\/p>\n<p>Der King Charles III <a href=\"https:\/\/www.urlaubcornwall.de\/wanderurlaub\/cornwall.php\">England Coast Path ist ein Langstreckenwanderweg<\/a>, der irgendwann der gesamten K\u00fcstenlinie Englands folgen wird und nach seiner Fertigstellung der l\u00e4ngste verwaltete K\u00fcstenweg der Welt sein wird. Er wird voraussichtlich etwa 4.345 Kilometer lang sein und viele K\u00fcstenst\u00e4dte, -orte und -h\u00e4fen im ganzen Land miteinander verbinden.<\/p>\n<p>Der Weg befindet sich noch in der Entwicklung, aber Abschnitte sind bereits in verschiedenen Teilen Englands f\u00fcr die \u00d6ffentlichkeit zug\u00e4nglich, darunter im S\u00fcdwesten, S\u00fcdosten und Nordosten. Mit der Fertigstellung weiterer Abschnitte wird der Weg immer zug\u00e4nglicher und beliebter.<\/p>\n<p>Hier sind einige der wichtigsten Fakten \u00fcber den King Charles III England Coast Path:<\/p>\n<p>    Es ist ein National Trail: Das bedeutet, dass der Weg gesetzlich gesch\u00fctzt ist und bestimmten Qualit\u00e4tsstandards unterliegt.<\/p>\n<p>    Er ist f\u00fcr jedermann zug\u00e4nglich: Jeder kann den Weg gehen, unabh\u00e4ngig von seiner Erfahrung oder seinen F\u00e4higkeiten.<\/p>\n<p>    Er ist eine gro\u00dfartige M\u00f6glichkeit, das Beste von England zu sehen: Der Weg f\u00fchrt Sie an einigen der sch\u00f6nsten und dramatischsten Landschaften des Landes vorbei, darunter Klippen, Str\u00e4nde, Flussm\u00fcndungen und historische St\u00e4tten.<\/p>\n<p>    Er ist eine Herausforderung: Der gesamte Weg wird ein gro\u00dfes Unterfangen sein, daher ist es wichtig, gut vorbereitet zu sein, bevor Sie loslegen.<\/p>\n<p>Wenn Sie mehr \u00fcber den King Charles III England Coast Path erfahren m\u00f6chten, k\u00f6nnen Sie die offizielle Website besuchen: <a href=\"https:\/\/www.nationaltrail.co.uk\/en_GB\/trails\/england-coast-path\/trail-information\/\">https:\/\/www.nationaltrail.co.uk\/en_GB\/trails\/england-coast-path\/trail-information\/ <\/a><\/p>\n<p>Hier sind einige zus\u00e4tzliche Details, die Sie vielleicht interessant finden:<\/p>\n<p>    Der Weg hie\u00df urspr\u00fcnglich England Coast Path, wurde aber 2023 zu Ehren von K\u00f6nig Charles III umbenannt.<\/p>\n<p>    Der Weg wird in Etappen angelegt, wobei st\u00e4ndig neue Abschnitte er\u00f6ffnet werden.<\/p>\n<p>    Der Weg hat bereits positive Auswirkungen auf die lokale Wirtschaft, schafft Arbeitspl\u00e4tze und f\u00f6rdert den Tourismus.<\/p>\n<p><strong>Wanderurlaub in Cornwall<\/strong><\/p>\n<p>Herrliche Wander- und K\u00fcstenwanderungsurlaube in Cornwall preisg\u00fcnstig &#8211; UrlaubCornwall spezialisieren sich auf <a href=\"https:\/\/www.urlaubcornwall.de\/wanderurlaub\/cornwall.php\">gef\u00fchrte und ungef\u00fchrte Wanderferien in Cornwall und Devon<\/a>. Eine Klippenwanderung am S\u00fcdwestk\u00fcstenpfad macht Ihren Urlaub in einer der beliebtesten Urlaubsgegenden in S\u00fcdengland zu einem unvergesslichen Erlebnis.<\/p>\n","protected":false},"excerpt":{"rendered":"<p>Der King Charles III England Coast Path ist ein Langstreckenwanderweg, der irgendwann der gesamten K\u00fcstenlinie Englands folgen wird und nach seiner Fertigstellung der l\u00e4ngste verwaltete K\u00fcstenweg der Welt sein wird. Er wird voraussichtlich etwa 4.345 Kilometer lang sein und viele K\u00fcstenst\u00e4dte, -orte und -h\u00e4fen im ganzen Land miteinander verbinden. Der Weg befindet sich noch in [&hellip;]<\/p>\n","protected":false},"author":1,"featured_media":0,"parent":0,"menu_order":0,"comment_status":"closed","ping_status":"closed","template":"single-four.php","meta":[],"acf":[],"yoast_head":"<!-- This site is optimized with the Yoast SEO plugin v19.4 - https:\/\/yoast.com\/wordpress\/plugins\/seo\/ -->\n<title>King Charles III K\u00fcstenweg - England&#039;s Coastal Path - Urlaub &amp; Reisen<\/title>\n<meta name=\"robots\" content=\"index, follow, max-snippet:-1, max-image-preview:large, max-video-preview:-1\" \/>\n<link rel=\"canonical\" href=\"https:\/\/www.urlaubcornwall.de\/blog\/king-charles-iii-kuestenweg-englands-coastal-path\/\" \/>\n<meta property=\"og:locale\" content=\"en_US\" \/>\n<meta property=\"og:type\" content=\"article\" \/>\n<meta property=\"og:title\" content=\"King Charles III K\u00fcstenweg - England&#039;s Coastal Path - Urlaub &amp; Reisen\" \/>\n<meta property=\"og:description\" content=\"Der King Charles III England Coast Path ist ein Langstreckenwanderweg, der irgendwann der gesamten K\u00fcstenlinie Englands folgen wird und nach seiner Fertigstellung der l\u00e4ngste verwaltete K\u00fcstenweg der Welt sein wird. Er wird voraussichtlich etwa 4.345 Kilometer lang sein und viele K\u00fcstenst\u00e4dte, -orte und -h\u00e4fen im ganzen Land miteinander verbinden. Der Weg befindet sich noch in [&hellip;]\" \/>\n<meta property=\"og:url\" content=\"https:\/\/www.urlaubcornwall.de\/blog\/king-charles-iii-kuestenweg-englands-coastal-path\/\" \/>\n<meta property=\"og:site_name\" content=\"Urlaub &amp; Reisen\" \/>\n<meta property=\"article:modified_time\" content=\"2024-04-15T13:59:16+00:00\" \/>\n<meta property=\"og:image\" content=\"https:\/\/www.urlaubcornwall.de\/blog\/wp-content\/uploads\/2024\/03\/holywell-cornwall-strand-rotated.jpg\" \/>\n<meta name=\"twitter:card\" content=\"summary\" \/>\n<meta name=\"twitter:label1\" content=\"Est. reading time\" \/>\n\t<meta name=\"twitter:data1\" content=\"2 minutes\" \/>\n<script type=\"application\/ld+json\" class=\"yoast-schema-graph\">{\"@context\":\"https:\/\/schema.org\",\"@graph\":[{\"@type\":\"WebSite\",\"@id\":\"https:\/\/www.urlaubcornwall.de\/blog\/#website\",\"url\":\"https:\/\/www.urlaubcornwall.de\/blog\/\",\"name\":\"Urlaub &amp; Reisen\",\"description\":\"Urlaub, Reisen, Cornwall und S\u00fcdengland: eine perfekte Kombination\",\"potentialAction\":[{\"@type\":\"SearchAction\",\"target\":{\"@type\":\"EntryPoint\",\"urlTemplate\":\"https:\/\/www.urlaubcornwall.de\/blog\/?s={search_term_string}\"},\"query-input\":\"required name=search_term_string\"}],\"inLanguage\":\"en-US\"},{\"@type\":\"WebPage\",\"@id\":\"https:\/\/www.urlaubcornwall.de\/blog\/king-charles-iii-kuestenweg-englands-coastal-path\/\",\"url\":\"https:\/\/www.urlaubcornwall.de\/blog\/king-charles-iii-kuestenweg-englands-coastal-path\/\",\"name\":\"King Charles III K\u00fcstenweg - England's Coastal Path - Urlaub &amp; Reisen\",\"isPartOf\":{\"@id\":\"https:\/\/www.urlaubcornwall.de\/blog\/#website\"},\"datePublished\":\"2024-01-02T09:48:39+00:00\",\"dateModified\":\"2024-04-15T13:59:16+00:00\",\"breadcrumb\":{\"@id\":\"https:\/\/www.urlaubcornwall.de\/blog\/king-charles-iii-kuestenweg-englands-coastal-path\/#breadcrumb\"},\"inLanguage\":\"en-US\",\"potentialAction\":[{\"@type\":\"ReadAction\",\"target\":[\"https:\/\/www.urlaubcornwall.de\/blog\/king-charles-iii-kuestenweg-englands-coastal-path\/\"]}]},{\"@type\":\"BreadcrumbList\",\"@id\":\"https:\/\/www.urlaubcornwall.de\/blog\/king-charles-iii-kuestenweg-englands-coastal-path\/#breadcrumb\",\"itemListElement\":[{\"@type\":\"ListItem\",\"position\":1,\"name\":\"Home\",\"item\":\"https:\/\/www.urlaubcornwall.de\/blog\/\"},{\"@type\":\"ListItem\",\"position\":2,\"name\":\"King Charles III K\u00fcstenweg &#8211; England&#8217;s Coastal Path\"}]}]}<\/script>\n<!-- \/ Yoast SEO plugin. -->","yoast_head_json":{"title":"King Charles III K\u00fcstenweg - England's Coastal Path - Urlaub &amp; Reisen","robots":{"index":"index","follow":"follow","max-snippet":"max-snippet:-1","max-image-preview":"max-image-preview:large","max-video-preview":"max-video-preview:-1"},"canonical":"https:\/\/www.urlaubcornwall.de\/blog\/king-charles-iii-kuestenweg-englands-coastal-path\/","og_locale":"en_US","og_type":"article","og_title":"King Charles III K\u00fcstenweg - England's Coastal Path - Urlaub &amp; Reisen","og_description":"Der King Charles III England Coast Path ist ein Langstreckenwanderweg, der irgendwann der gesamten K\u00fcstenlinie Englands folgen wird und nach seiner Fertigstellung der l\u00e4ngste verwaltete K\u00fcstenweg der Welt sein wird. Er wird voraussichtlich etwa 4.345 Kilometer lang sein und viele K\u00fcstenst\u00e4dte, -orte und -h\u00e4fen im ganzen Land miteinander verbinden. Der Weg befindet sich noch in [&hellip;]","og_url":"https:\/\/www.urlaubcornwall.de\/blog\/king-charles-iii-kuestenweg-englands-coastal-path\/","og_site_name":"Urlaub &amp; Reisen","article_modified_time":"2024-04-15T13:59:16+00:00","og_image":[{"url":"https:\/\/www.urlaubcornwall.de\/blog\/wp-content\/uploads\/2024\/03\/holywell-cornwall-strand-rotated.jpg"}],"twitter_card":"summary","twitter_misc":{"Est. reading time":"2 minutes"},"schema":{"@context":"https:\/\/schema.org","@graph":[{"@type":"WebSite","@id":"https:\/\/www.urlaubcornwall.de\/blog\/#website","url":"https:\/\/www.urlaubcornwall.de\/blog\/","name":"Urlaub &amp; Reisen","description":"Urlaub, Reisen, Cornwall und S\u00fcdengland: eine perfekte Kombination","potentialAction":[{"@type":"SearchAction","target":{"@type":"EntryPoint","urlTemplate":"https:\/\/www.urlaubcornwall.de\/blog\/?s={search_term_string}"},"query-input":"required name=search_term_string"}],"inLanguage":"en-US"},{"@type":"WebPage","@id":"https:\/\/www.urlaubcornwall.de\/blog\/king-charles-iii-kuestenweg-englands-coastal-path\/","url":"https:\/\/www.urlaubcornwall.de\/blog\/king-charles-iii-kuestenweg-englands-coastal-path\/","name":"King Charles III K\u00fcstenweg - England's Coastal Path - Urlaub &amp; Reisen","isPartOf":{"@id":"https:\/\/www.urlaubcornwall.de\/blog\/#website"},"datePublished":"2024-01-02T09:48:39+00:00","dateModified":"2024-04-15T13:59:16+00:00","breadcrumb":{"@id":"https:\/\/www.urlaubcornwall.de\/blog\/king-charles-iii-kuestenweg-englands-coastal-path\/#breadcrumb"},"inLanguage":"en-US","potentialAction":[{"@type":"ReadAction","target":["https:\/\/www.urlaubcornwall.de\/blog\/king-charles-iii-kuestenweg-englands-coastal-path\/"]}]},{"@type":"BreadcrumbList","@id":"https:\/\/www.urlaubcornwall.de\/blog\/king-charles-iii-kuestenweg-englands-coastal-path\/#breadcrumb","itemListElement":[{"@type":"ListItem","position":1,"name":"Home","item":"https:\/\/www.urlaubcornwall.de\/blog\/"},{"@type":"ListItem","position":2,"name":"King Charles III K\u00fcstenweg &#8211; England&#8217;s Coastal Path"}]}]}},"_links":{"self":[{"href":"https:\/\/www.urlaubcornwall.de\/blog\/wp-json\/wp\/v2\/pages\/47161"}],"collection":[{"href":"https:\/\/www.urlaubcornwall.de\/blog\/wp-json\/wp\/v2\/pages"}],"about":[{"href":"https:\/\/www.urlaubcornwall.de\/blog\/wp-json\/wp\/v2\/types\/page"}],"author":[{"embeddable":true,"href":"https:\/\/www.urlaubcornwall.de\/blog\/wp-json\/wp\/v2\/users\/1"}],"replies":[{"embeddable":true,"href":"https:\/\/www.urlaubcornwall.de\/blog\/wp-json\/wp\/v2\/comments?post=47161"}],"version-history":[{"count":4,"href":"https:\/\/www.urlaubcornwall.de\/blog\/wp-json\/wp\/v2\/pages\/47161\/revisions"}],"predecessor-version":[{"id":49494,"href":"https:\/\/www.urlaubcornwall.de\/blog\/wp-json\/wp\/v2\/pages\/47161\/revisions\/49494"}],"wp:attachment":[{"href":"https:\/\/www.urlaubcornwall.de\/blog\/wp-json\/wp\/v2\/media?parent=47161"}],"curies":[{"name":"wp","href":"https:\/\/api.w.org\/{rel}","templated":true}]}}