{"id":47117,"date":"2023-12-04T11:33:12","date_gmt":"2023-12-04T11:33:12","guid":{"rendered":"https:\/\/www.urlaubcornwall.de\/blog\/?page_id=47117"},"modified":"2024-04-03T09:34:31","modified_gmt":"2024-04-03T09:34:31","slug":"die-schoensten-zugreisen-im-vereinigten-koenigreich","status":"publish","type":"page","link":"https:\/\/www.urlaubcornwall.de\/blog\/die-schoensten-zugreisen-im-vereinigten-koenigreich\/","title":{"rendered":"Die sch\u00f6nsten Zugreisen im Vereinigten K\u00f6nigreich"},"content":{"rendered":"<p><img loading=\"lazy\" class=\"aligncenter size-full wp-image-48207\" src=\"https:\/\/www.urlaubcornwall.de\/blog\/wp-content\/uploads\/2024\/03\/Glenfinnan-Viaduct-Hogwarts-Express-schottland.jpg\" alt=\"Glenfinnan Viaduct Hogwarts-Express-schottland\" width=\"750\" height=\"480\" srcset=\"https:\/\/www.urlaubcornwall.de\/blog\/wp-content\/uploads\/2024\/03\/Glenfinnan-Viaduct-Hogwarts-Express-schottland.jpg 750w, https:\/\/www.urlaubcornwall.de\/blog\/wp-content\/uploads\/2024\/03\/Glenfinnan-Viaduct-Hogwarts-Express-schottland-300x192.jpg 300w\" sizes=\"(max-width: 750px) 100vw, 750px\" \/><\/p>\n<p>Das <a href=\"https:\/\/www.urlaubcornwall.de\/\">Vereinigte K\u00f6nigreich<\/a> bietet einige beeindruckende Zugreisen mit landschaftlicher Sch\u00f6nheit und historischem Charme. Hier sind einige der sch\u00f6nsten und interessantesten Zugreisen:<\/p>\n<p><strong>Scenic Highland Line<\/strong> (<a href=\"https:\/\/www.urlaubcornwall.de\/reiseziel\/schottland.php\">Schottland<\/a>): Der Belmond Royal Scotsman bietet mehrt\u00e4gige Luxuszug-Reisen durch die schottischen Highlands mit ma\u00dfgeschneiderten Touren und 5-Sterne-Service.<\/p>\n<p><strong>West Highland Line<\/strong> (<a href=\"https:\/\/www.urlaubcornwall.de\/reiseziel\/schottland.php\">Schottland<\/a>): Diese Route f\u00fchrt von Glasgow nach Mallaig und bietet spektakul\u00e4re Ausblicke auf das Rannoch Moor, die Ben Nevis Range und die schottische K\u00fcste.<\/p>\n<p><strong>Jacobite Zug<\/strong> (<a href=\"https:\/\/www.urlaubcornwall.de\/reiseziel\/schottland.php\">Schottland<\/a>): Bekannt als der &#8220;Hogwarts Express&#8221; aus den Harry-Potter-Filmen, f\u00e4hrt dieser Dampfzug von Fort William nach Mallaig.<\/p>\n<p><img loading=\"lazy\" class=\"aligncenter size-full wp-image-48084\" src=\"https:\/\/www.urlaubcornwall.de\/blog\/wp-content\/uploads\/2024\/03\/st-ives-mmer.jpg\" alt=\"st ives meer\" width=\"750\" height=\"486\" srcset=\"https:\/\/www.urlaubcornwall.de\/blog\/wp-content\/uploads\/2024\/03\/st-ives-mmer.jpg 750w, https:\/\/www.urlaubcornwall.de\/blog\/wp-content\/uploads\/2024\/03\/st-ives-mmer-300x194.jpg 300w\" sizes=\"(max-width: 750px) 100vw, 750px\" \/><\/p>\n<p><strong>Der Cornish Riviera Express<\/strong> (<a href=\"https:\/\/www.urlaubcornwall.de\/reiseziel\/england.php\">England<\/a>): Dieser Schnellzug verbindet London mit Penzance in <a href=\"https:\/\/www.urlaubcornwall.de\/reiseziel\/cornwall.php\">Cornwall<\/a> und bietet atemberaubende Ausblicke auf die K\u00fcste. Die Strecke von Exeter nach Penzance bietet Ausblicke auf die K\u00fcstenlandschaft von <a href=\"https:\/\/www.urlaubcornwall.de\/reiseziel\/devon.php\">Devon<\/a> und Cornwall.<\/p>\n<p><strong>Ost K\u00fcste Main Line<\/strong> (<a href=\"https:\/\/www.urlaubcornwall.de\/reiseziel\/england.php\">England<\/a>\/ <a href=\"https:\/\/www.urlaubcornwall.de\/reiseziel\/schottland.php\">Schottland<\/a>): Diese Hauptstrecke verbindet London mit Edinburgh und bietet schnelle Verbindungen mit Aussicht auf historische St\u00e4dte wie York und Durham.<\/p>\n<p><strong>Heart von Wales Line<\/strong> (<a href=\"https:\/\/www.urlaubcornwall.de\/reiseziel\/wales.php\">Wales<\/a>): Die Zugfahrt durch das Herz von Wales bietet idyllische Landschaften, einsame Bahnh\u00f6fe und charmante D\u00f6rfer.<\/p>\n<p><strong>Der Snowdon Mountain Eisenbahn<\/strong> (<a href=\"https:\/\/www.urlaubcornwall.de\/reiseziel\/wales.php\">Wales<\/a>): Dieser Schmalspurzug f\u00e4hrt auf den Gipfel des Snowdon, des h\u00f6chsten Berges in Wales. Die Fahrt bietet atemberaubende Ausblicke auf die Umgebung. <\/p>\n<p><strong>Settle nach Carlisle Eisenbahn<\/strong> (<a href=\"https:\/\/www.urlaubcornwall.de\/reiseziel\/england.php\">England<\/a>): Die Strecke f\u00fchrt durch die Yorkshire Dales und Cumbria und bietet atemberaubende Ausblicke auf H\u00fcgel, T\u00e4ler und Viadukte.<\/p>\n<p><strong>Trans-Pennine Express Eisenbahn<\/strong> (<a href=\"https:\/\/www.urlaubcornwall.de\/reiseziel\/england.php\">England<\/a>\/ <a href=\"https:\/\/www.urlaubcornwall.de\/reiseziel\/schottland.php\">Schottland<\/a>): Die Strecke von Liverpool nach Newcastle bietet Ausblicke auf die Pennines und den Lake District.<\/p>\n<p>Diese Zugreisen erm\u00f6glichen nicht nur eine bequeme Art des Reisens, sondern auch die M\u00f6glichkeit, einige der sch\u00f6nsten Landschaften des Vereinigten K\u00f6nigreichs zu erleben. <\/p>\n<h1><a href=\"https:\/\/www.urlaubcornwall.de\/rundreisen\/cornwall-suedengland.php\">Unser Rundreisenservice f\u00fcr Gro\u00dfbritannien<\/a><\/h1>\n<p>Weshalb \u00fcber uns buchen?<\/p>\n<p>Firmensitz in Cornwall und ein Team Deutsch sprechender Reisespezialisten.<\/p>\n<p>Wir haben eine Leidenschaft f\u00fcrs Reisen und gestalten den perfekten Urlaub.<\/p>\n<p>Ortskenntnisse und Insidertipps f\u00fcr unsere Kunden.<\/p>\n<p>Sonderangebote und Preisnachl\u00e4sse<\/p>\n<p>S\u00e4mtliche unserer Rundreisen sind durch einen voll versicherten deutschen Reiseveranstalter gesichert.<\/p>\n<p style=\"text-align: center;\"><a class=\"tidycta\" href=\"https:\/\/www.urlaubcornwall.de\/rundreisen\/cornwall-suedengland.php\"> Mehr Info<\/a><\/p>\n","protected":false},"excerpt":{"rendered":"<p>Das Vereinigte K\u00f6nigreich bietet einige beeindruckende Zugreisen mit landschaftlicher Sch\u00f6nheit und historischem Charme. Hier sind einige der sch\u00f6nsten und interessantesten Zugreisen: Scenic Highland Line (Schottland): Der Belmond Royal Scotsman bietet mehrt\u00e4gige Luxuszug-Reisen durch die schottischen Highlands mit ma\u00dfgeschneiderten Touren und 5-Sterne-Service. West Highland Line (Schottland): Diese Route f\u00fchrt von Glasgow nach Mallaig und bietet spektakul\u00e4re [&hellip;]<\/p>\n","protected":false},"author":1,"featured_media":0,"parent":0,"menu_order":0,"comment_status":"closed","ping_status":"closed","template":"single-four.php","meta":[],"acf":[],"yoast_head":"<!-- This site is optimized with the Yoast SEO plugin v19.4 - https:\/\/yoast.com\/wordpress\/plugins\/seo\/ -->\n<title>Die sch\u00f6nsten Zugreisen im Vereinigten K\u00f6nigreich - Urlaub &amp; Reisen<\/title>\n<meta name=\"robots\" content=\"index, follow, max-snippet:-1, max-image-preview:large, max-video-preview:-1\" \/>\n<link rel=\"canonical\" href=\"https:\/\/www.urlaubcornwall.de\/blog\/die-schoensten-zugreisen-im-vereinigten-koenigreich\/\" \/>\n<meta property=\"og:locale\" content=\"en_US\" \/>\n<meta property=\"og:type\" content=\"article\" \/>\n<meta property=\"og:title\" content=\"Die sch\u00f6nsten Zugreisen im Vereinigten K\u00f6nigreich - Urlaub &amp; Reisen\" \/>\n<meta property=\"og:description\" content=\"Das Vereinigte K\u00f6nigreich bietet einige beeindruckende Zugreisen mit landschaftlicher Sch\u00f6nheit und historischem Charme. Hier sind einige der sch\u00f6nsten und interessantesten Zugreisen: Scenic Highland Line (Schottland): Der Belmond Royal Scotsman bietet mehrt\u00e4gige Luxuszug-Reisen durch die schottischen Highlands mit ma\u00dfgeschneiderten Touren und 5-Sterne-Service. West Highland Line (Schottland): Diese Route f\u00fchrt von Glasgow nach Mallaig und bietet spektakul\u00e4re [&hellip;]\" \/>\n<meta property=\"og:url\" content=\"https:\/\/www.urlaubcornwall.de\/blog\/die-schoensten-zugreisen-im-vereinigten-koenigreich\/\" \/>\n<meta property=\"og:site_name\" content=\"Urlaub &amp; Reisen\" \/>\n<meta property=\"article:modified_time\" content=\"2024-04-03T09:34:31+00:00\" \/>\n<meta property=\"og:image\" content=\"https:\/\/www.urlaubcornwall.de\/blog\/wp-content\/uploads\/2024\/03\/Glenfinnan-Viaduct-Hogwarts-Express-schottland.jpg\" \/>\n<meta name=\"twitter:card\" content=\"summary\" \/>\n<meta name=\"twitter:label1\" content=\"Est. reading time\" \/>\n\t<meta name=\"twitter:data1\" content=\"2 minutes\" \/>\n<script type=\"application\/ld+json\" class=\"yoast-schema-graph\">{\"@context\":\"https:\/\/schema.org\",\"@graph\":[{\"@type\":\"WebSite\",\"@id\":\"https:\/\/www.urlaubcornwall.de\/blog\/#website\",\"url\":\"https:\/\/www.urlaubcornwall.de\/blog\/\",\"name\":\"Urlaub &amp; Reisen\",\"description\":\"Urlaub, Reisen, Cornwall und S\u00fcdengland: eine perfekte Kombination\",\"potentialAction\":[{\"@type\":\"SearchAction\",\"target\":{\"@type\":\"EntryPoint\",\"urlTemplate\":\"https:\/\/www.urlaubcornwall.de\/blog\/?s={search_term_string}\"},\"query-input\":\"required name=search_term_string\"}],\"inLanguage\":\"en-US\"},{\"@type\":\"WebPage\",\"@id\":\"https:\/\/www.urlaubcornwall.de\/blog\/die-schoensten-zugreisen-im-vereinigten-koenigreich\/\",\"url\":\"https:\/\/www.urlaubcornwall.de\/blog\/die-schoensten-zugreisen-im-vereinigten-koenigreich\/\",\"name\":\"Die sch\u00f6nsten Zugreisen im Vereinigten K\u00f6nigreich - Urlaub &amp; Reisen\",\"isPartOf\":{\"@id\":\"https:\/\/www.urlaubcornwall.de\/blog\/#website\"},\"datePublished\":\"2023-12-04T11:33:12+00:00\",\"dateModified\":\"2024-04-03T09:34:31+00:00\",\"breadcrumb\":{\"@id\":\"https:\/\/www.urlaubcornwall.de\/blog\/die-schoensten-zugreisen-im-vereinigten-koenigreich\/#breadcrumb\"},\"inLanguage\":\"en-US\",\"potentialAction\":[{\"@type\":\"ReadAction\",\"target\":[\"https:\/\/www.urlaubcornwall.de\/blog\/die-schoensten-zugreisen-im-vereinigten-koenigreich\/\"]}]},{\"@type\":\"BreadcrumbList\",\"@id\":\"https:\/\/www.urlaubcornwall.de\/blog\/die-schoensten-zugreisen-im-vereinigten-koenigreich\/#breadcrumb\",\"itemListElement\":[{\"@type\":\"ListItem\",\"position\":1,\"name\":\"Home\",\"item\":\"https:\/\/www.urlaubcornwall.de\/blog\/\"},{\"@type\":\"ListItem\",\"position\":2,\"name\":\"Die sch\u00f6nsten Zugreisen im Vereinigten K\u00f6nigreich\"}]}]}<\/script>\n<!-- \/ Yoast SEO plugin. -->","yoast_head_json":{"title":"Die sch\u00f6nsten Zugreisen im Vereinigten K\u00f6nigreich - Urlaub &amp; Reisen","robots":{"index":"index","follow":"follow","max-snippet":"max-snippet:-1","max-image-preview":"max-image-preview:large","max-video-preview":"max-video-preview:-1"},"canonical":"https:\/\/www.urlaubcornwall.de\/blog\/die-schoensten-zugreisen-im-vereinigten-koenigreich\/","og_locale":"en_US","og_type":"article","og_title":"Die sch\u00f6nsten Zugreisen im Vereinigten K\u00f6nigreich - Urlaub &amp; Reisen","og_description":"Das Vereinigte K\u00f6nigreich bietet einige beeindruckende Zugreisen mit landschaftlicher Sch\u00f6nheit und historischem Charme. Hier sind einige der sch\u00f6nsten und interessantesten Zugreisen: Scenic Highland Line (Schottland): Der Belmond Royal Scotsman bietet mehrt\u00e4gige Luxuszug-Reisen durch die schottischen Highlands mit ma\u00dfgeschneiderten Touren und 5-Sterne-Service. West Highland Line (Schottland): Diese Route f\u00fchrt von Glasgow nach Mallaig und bietet spektakul\u00e4re [&hellip;]","og_url":"https:\/\/www.urlaubcornwall.de\/blog\/die-schoensten-zugreisen-im-vereinigten-koenigreich\/","og_site_name":"Urlaub &amp; Reisen","article_modified_time":"2024-04-03T09:34:31+00:00","og_image":[{"url":"https:\/\/www.urlaubcornwall.de\/blog\/wp-content\/uploads\/2024\/03\/Glenfinnan-Viaduct-Hogwarts-Express-schottland.jpg"}],"twitter_card":"summary","twitter_misc":{"Est. reading time":"2 minutes"},"schema":{"@context":"https:\/\/schema.org","@graph":[{"@type":"WebSite","@id":"https:\/\/www.urlaubcornwall.de\/blog\/#website","url":"https:\/\/www.urlaubcornwall.de\/blog\/","name":"Urlaub &amp; Reisen","description":"Urlaub, Reisen, Cornwall und S\u00fcdengland: eine perfekte Kombination","potentialAction":[{"@type":"SearchAction","target":{"@type":"EntryPoint","urlTemplate":"https:\/\/www.urlaubcornwall.de\/blog\/?s={search_term_string}"},"query-input":"required name=search_term_string"}],"inLanguage":"en-US"},{"@type":"WebPage","@id":"https:\/\/www.urlaubcornwall.de\/blog\/die-schoensten-zugreisen-im-vereinigten-koenigreich\/","url":"https:\/\/www.urlaubcornwall.de\/blog\/die-schoensten-zugreisen-im-vereinigten-koenigreich\/","name":"Die sch\u00f6nsten Zugreisen im Vereinigten K\u00f6nigreich - Urlaub &amp; Reisen","isPartOf":{"@id":"https:\/\/www.urlaubcornwall.de\/blog\/#website"},"datePublished":"2023-12-04T11:33:12+00:00","dateModified":"2024-04-03T09:34:31+00:00","breadcrumb":{"@id":"https:\/\/www.urlaubcornwall.de\/blog\/die-schoensten-zugreisen-im-vereinigten-koenigreich\/#breadcrumb"},"inLanguage":"en-US","potentialAction":[{"@type":"ReadAction","target":["https:\/\/www.urlaubcornwall.de\/blog\/die-schoensten-zugreisen-im-vereinigten-koenigreich\/"]}]},{"@type":"BreadcrumbList","@id":"https:\/\/www.urlaubcornwall.de\/blog\/die-schoensten-zugreisen-im-vereinigten-koenigreich\/#breadcrumb","itemListElement":[{"@type":"ListItem","position":1,"name":"Home","item":"https:\/\/www.urlaubcornwall.de\/blog\/"},{"@type":"ListItem","position":2,"name":"Die sch\u00f6nsten Zugreisen im Vereinigten K\u00f6nigreich"}]}]}},"_links":{"self":[{"href":"https:\/\/www.urlaubcornwall.de\/blog\/wp-json\/wp\/v2\/pages\/47117"}],"collection":[{"href":"https:\/\/www.urlaubcornwall.de\/blog\/wp-json\/wp\/v2\/pages"}],"about":[{"href":"https:\/\/www.urlaubcornwall.de\/blog\/wp-json\/wp\/v2\/types\/page"}],"author":[{"embeddable":true,"href":"https:\/\/www.urlaubcornwall.de\/blog\/wp-json\/wp\/v2\/users\/1"}],"replies":[{"embeddable":true,"href":"https:\/\/www.urlaubcornwall.de\/blog\/wp-json\/wp\/v2\/comments?post=47117"}],"version-history":[{"count":6,"href":"https:\/\/www.urlaubcornwall.de\/blog\/wp-json\/wp\/v2\/pages\/47117\/revisions"}],"predecessor-version":[{"id":48709,"href":"https:\/\/www.urlaubcornwall.de\/blog\/wp-json\/wp\/v2\/pages\/47117\/revisions\/48709"}],"wp:attachment":[{"href":"https:\/\/www.urlaubcornwall.de\/blog\/wp-json\/wp\/v2\/media?parent=47117"}],"curies":[{"name":"wp","href":"https:\/\/api.w.org\/{rel}","templated":true}]}}