{"id":47109,"date":"2023-11-20T10:42:49","date_gmt":"2023-11-20T10:42:49","guid":{"rendered":"https:\/\/www.urlaubcornwall.de\/blog\/?page_id=47109"},"modified":"2026-01-11T09:54:29","modified_gmt":"2026-01-11T09:54:29","slug":"erklaerung-der-hotel-sternebewertungen-in-grossbritannien","status":"publish","type":"page","link":"https:\/\/www.urlaubcornwall.de\/blog\/erklaerung-der-hotel-sternebewertungen-in-grossbritannien\/","title":{"rendered":"Erkl\u00e4rung der Hotel-Sternebewertungen in Gro\u00dfbritannien"},"content":{"rendered":"<p><a href=\"https:\/\/www.urlaubcornwall.de\/blog\/wp-content\/uploads\/2016\/04\/karma-st-martins.jpg\"><img loading=\"lazy\" src=\"https:\/\/www.urlaubcornwall.de\/blog\/wp-content\/uploads\/2016\/04\/karma-st-martins.jpg\" alt=\"karma st martins\" width=\"745\" height=\"428\" class=\"alignnone size-full wp-image-23715\" srcset=\"https:\/\/www.urlaubcornwall.de\/blog\/wp-content\/uploads\/2016\/04\/karma-st-martins.jpg 745w, https:\/\/www.urlaubcornwall.de\/blog\/wp-content\/uploads\/2016\/04\/karma-st-martins-300x172.jpg 300w\" sizes=\"(max-width: 745px) 100vw, 745px\" \/><\/a><\/p>\n<p><strong>Navigieren in der verwirrenden Welt der Hotel-Sternebewertungen<\/strong><\/p>\n<p>Eine der wichtigsten Entscheidungen, die Sie bei der <a href=\"https:\/\/www.urlaubcornwall.de\/rundreisen\/grossbritannien.php\">Planung einer Reise<\/a> treffen m\u00fcssen, ist die Unterkunft. Die Sternebewertung eines Hotels kann bei dieser Entscheidung ein entscheidender Faktor sein. Doch was bedeuten diese Bewertungen wirklich? Und wie unterscheiden sie sich von Land zu Land? Ziel dieses Artikels ist es, die Welt der Hotel-Sternebewertungen zu entmystifizieren und Ihnen dabei zu helfen, eine fundierte Entscheidung f\u00fcr Ihren n\u00e4chsten Aufenthalt zu treffen.<\/p>\n<p><strong>Was ist ein Drei-Sterne-Hotel?<\/strong><\/p>\n<p>Ein Drei-Sterne-Hotel ist ein Mittelklassehotel, das ein angemessenes Ma\u00df an Komfort und Service bietet. Diese Hotels liegen oft in der N\u00e4he wichtiger Schnellstra\u00dfen, Flugh\u00e4fen, Gesch\u00e4ftsviertel und Einkaufsviertel. Sie bieten durchschnittliche Annehmlichkeiten, qualitativ hochwertigeren Service, physische Eigenschaften und Design.<\/p>\n<p>Was die Annehmlichkeiten angeht, k\u00f6nnen Sie von 7.00 bis 23.00 Uhr Zugang ohne Schl\u00fcssel und zu allen anderen Zeiten mit Schl\u00fcssel erwarten, Abendessen an sechs Abenden in der Woche, Snacks am siebten Abend, Zimmerservice f\u00fcr Getr\u00e4nke und Snacks tags\u00fcber und abends, Alle Schlafzimmer verf\u00fcgen \u00fcber ein eigenes Bad, eine interne Telefonanlage und WLAN in den \u00f6ffentlichen Bereichen. Die Zimmer sind typischerweise stilvoll und komfortabel und das Hotel sollte g\u00fcnstig in der N\u00e4he von Touristenattraktionen liegen.<\/p>\n<p><strong>F\u00fcnf-Sterne-Hotels: Gro\u00dfbritannien vs. Europa<\/strong><\/p>\n<p>Das Sternebewertungssystem im Vereinigten K\u00f6nigreich ist robust und umfasst gemeinsame Standards. F\u00fcr eine vollst\u00e4ndige Akkreditierung m\u00fcssen sich Hotels j\u00e4hrlich einer geheimen \u00dcbernachtungskontrolle durch die \u00f6rtliche Tourismusbeh\u00f6rde unterziehen und eine Geb\u00fchr entrichten. Die Inspektionen werden von der AA, Visit Britain, und ihren Partnerorganisationen Visit Scotland und Visit Wales durchgef\u00fchrt.<\/p>\n<p>Von einem F\u00fcnf-Sterne-Hotel in Gro\u00dfbritannien wird erwartet, dass es luxuri\u00f6se Unterk\u00fcnfte und erstklassigen Service bietet. Es ist jedoch wichtig zu beachten, dass sich ein F\u00fcnf-Sterne-Hotel in Gro\u00dfbritannien erheblich von seinem sogenannten \u00c4quivalent in Europa unterscheiden kann.<\/p>\n<p>In vielen europ\u00e4ischen L\u00e4ndern verf\u00fcgt die Hotelstars Union \u00fcber Standard-Sternebewertungen f\u00fcr Hotels in mehr als 15 L\u00e4ndern. Einige europ\u00e4ische L\u00e4nder wie Belgien, Italien, die Niederlande und Spanien haben staatlich festgelegte Sternebewertungen, wobei gesetzliche Vorschriften diese Rangfolge vorschreiben.<\/p>\n<p>Sternebewertungen von Hotels k\u00f6nnen bei der Auswahl einer Unterkunft hilfreich sein, es ist jedoch wichtig zu bedenken, dass sie kein endg\u00fcltiger Ma\u00dfstab f\u00fcr die Qualit\u00e4t sind. Eine h\u00f6here Sternebewertung bedeutet nicht immer ein besseres Hotel6. Die Sternebewertung spiegelt lediglich die Kategorie des Hotels und die angebotenen Annehmlichkeiten wider.<\/p>\n<h1><a href=\"https:\/\/www.urlaubcornwall.de\/rundreisen\/cornwall-suedengland.php\">Unser Rundreisenservice in S\u00fcdengland<\/a><\/h1>\n<p>Weshalb \u00fcber uns buchen?<\/p>\n<p>Firmensitz in Cornwall und ein Team Deutsch sprechender Reisespezialisten.<\/p>\n<p>Wir haben eine Leidenschaft f\u00fcrs Reisen und gestalten den perfekten Urlaub.<\/p>\n<p>Ortskenntnisse und Insidertipps f\u00fcr unsere Kunden.<\/p>\n<p>Sonderangebote und Preisnachl\u00e4sse<\/p>\n<p>S\u00e4mtliche unserer Rundreisen sind durch einen voll versicherten deutschen Reiseveranstalter gesichert.<\/p>\n<p style=\"text-align: center;\"><a class=\"tidycta\" href=\"https:\/\/www.urlaubcornwall.de\/rundreisen\/cornwall-suedengland.php\"> Mehr Info<\/a><\/p>\n","protected":false},"excerpt":{"rendered":"<p>Navigieren in der verwirrenden Welt der Hotel-Sternebewertungen Eine der wichtigsten Entscheidungen, die Sie bei der Planung einer Reise treffen m\u00fcssen, ist die Unterkunft. Die Sternebewertung eines Hotels kann bei dieser Entscheidung ein entscheidender Faktor sein. Doch was bedeuten diese Bewertungen wirklich? Und wie unterscheiden sie sich von Land zu Land? Ziel dieses Artikels ist es, [&hellip;]<\/p>\n","protected":false},"author":1,"featured_media":0,"parent":0,"menu_order":0,"comment_status":"closed","ping_status":"closed","template":"single-four.php","meta":[],"acf":[],"yoast_head":"<!-- This site is optimized with the Yoast SEO plugin v19.4 - https:\/\/yoast.com\/wordpress\/plugins\/seo\/ -->\n<title>Erkl\u00e4rung der Hotel-Sternebewertungen in Gro\u00dfbritannien - Urlaub &amp; Reisen<\/title>\n<meta name=\"robots\" content=\"index, follow, max-snippet:-1, max-image-preview:large, max-video-preview:-1\" \/>\n<link rel=\"canonical\" href=\"https:\/\/www.urlaubcornwall.de\/blog\/erklaerung-der-hotel-sternebewertungen-in-grossbritannien\/\" \/>\n<meta property=\"og:locale\" content=\"en_US\" \/>\n<meta property=\"og:type\" content=\"article\" \/>\n<meta property=\"og:title\" content=\"Erkl\u00e4rung der Hotel-Sternebewertungen in Gro\u00dfbritannien - Urlaub &amp; Reisen\" \/>\n<meta property=\"og:description\" content=\"Navigieren in der verwirrenden Welt der Hotel-Sternebewertungen Eine der wichtigsten Entscheidungen, die Sie bei der Planung einer Reise treffen m\u00fcssen, ist die Unterkunft. Die Sternebewertung eines Hotels kann bei dieser Entscheidung ein entscheidender Faktor sein. Doch was bedeuten diese Bewertungen wirklich? Und wie unterscheiden sie sich von Land zu Land? Ziel dieses Artikels ist es, [&hellip;]\" \/>\n<meta property=\"og:url\" content=\"https:\/\/www.urlaubcornwall.de\/blog\/erklaerung-der-hotel-sternebewertungen-in-grossbritannien\/\" \/>\n<meta property=\"og:site_name\" content=\"Urlaub &amp; Reisen\" \/>\n<meta property=\"article:modified_time\" content=\"2026-01-11T09:54:29+00:00\" \/>\n<meta property=\"og:image\" content=\"https:\/\/www.urlaubcornwall.de\/blog\/wp-content\/uploads\/2016\/04\/karma-st-martins.jpg\" \/>\n<meta name=\"twitter:card\" content=\"summary\" \/>\n<meta name=\"twitter:label1\" content=\"Est. reading time\" \/>\n\t<meta name=\"twitter:data1\" content=\"3 minutes\" \/>\n<script type=\"application\/ld+json\" class=\"yoast-schema-graph\">{\"@context\":\"https:\/\/schema.org\",\"@graph\":[{\"@type\":\"WebSite\",\"@id\":\"https:\/\/www.urlaubcornwall.de\/blog\/#website\",\"url\":\"https:\/\/www.urlaubcornwall.de\/blog\/\",\"name\":\"Urlaub &amp; Reisen\",\"description\":\"Urlaub, Reisen, Cornwall und S\u00fcdengland: eine perfekte Kombination\",\"potentialAction\":[{\"@type\":\"SearchAction\",\"target\":{\"@type\":\"EntryPoint\",\"urlTemplate\":\"https:\/\/www.urlaubcornwall.de\/blog\/?s={search_term_string}\"},\"query-input\":\"required name=search_term_string\"}],\"inLanguage\":\"en-US\"},{\"@type\":\"WebPage\",\"@id\":\"https:\/\/www.urlaubcornwall.de\/blog\/erklaerung-der-hotel-sternebewertungen-in-grossbritannien\/\",\"url\":\"https:\/\/www.urlaubcornwall.de\/blog\/erklaerung-der-hotel-sternebewertungen-in-grossbritannien\/\",\"name\":\"Erkl\u00e4rung der Hotel-Sternebewertungen in Gro\u00dfbritannien - Urlaub &amp; Reisen\",\"isPartOf\":{\"@id\":\"https:\/\/www.urlaubcornwall.de\/blog\/#website\"},\"datePublished\":\"2023-11-20T10:42:49+00:00\",\"dateModified\":\"2026-01-11T09:54:29+00:00\",\"breadcrumb\":{\"@id\":\"https:\/\/www.urlaubcornwall.de\/blog\/erklaerung-der-hotel-sternebewertungen-in-grossbritannien\/#breadcrumb\"},\"inLanguage\":\"en-US\",\"potentialAction\":[{\"@type\":\"ReadAction\",\"target\":[\"https:\/\/www.urlaubcornwall.de\/blog\/erklaerung-der-hotel-sternebewertungen-in-grossbritannien\/\"]}]},{\"@type\":\"BreadcrumbList\",\"@id\":\"https:\/\/www.urlaubcornwall.de\/blog\/erklaerung-der-hotel-sternebewertungen-in-grossbritannien\/#breadcrumb\",\"itemListElement\":[{\"@type\":\"ListItem\",\"position\":1,\"name\":\"Home\",\"item\":\"https:\/\/www.urlaubcornwall.de\/blog\/\"},{\"@type\":\"ListItem\",\"position\":2,\"name\":\"Erkl\u00e4rung der Hotel-Sternebewertungen in Gro\u00dfbritannien\"}]}]}<\/script>\n<!-- \/ Yoast SEO plugin. -->","yoast_head_json":{"title":"Erkl\u00e4rung der Hotel-Sternebewertungen in Gro\u00dfbritannien - Urlaub &amp; Reisen","robots":{"index":"index","follow":"follow","max-snippet":"max-snippet:-1","max-image-preview":"max-image-preview:large","max-video-preview":"max-video-preview:-1"},"canonical":"https:\/\/www.urlaubcornwall.de\/blog\/erklaerung-der-hotel-sternebewertungen-in-grossbritannien\/","og_locale":"en_US","og_type":"article","og_title":"Erkl\u00e4rung der Hotel-Sternebewertungen in Gro\u00dfbritannien - Urlaub &amp; Reisen","og_description":"Navigieren in der verwirrenden Welt der Hotel-Sternebewertungen Eine der wichtigsten Entscheidungen, die Sie bei der Planung einer Reise treffen m\u00fcssen, ist die Unterkunft. Die Sternebewertung eines Hotels kann bei dieser Entscheidung ein entscheidender Faktor sein. Doch was bedeuten diese Bewertungen wirklich? Und wie unterscheiden sie sich von Land zu Land? Ziel dieses Artikels ist es, [&hellip;]","og_url":"https:\/\/www.urlaubcornwall.de\/blog\/erklaerung-der-hotel-sternebewertungen-in-grossbritannien\/","og_site_name":"Urlaub &amp; Reisen","article_modified_time":"2026-01-11T09:54:29+00:00","og_image":[{"url":"https:\/\/www.urlaubcornwall.de\/blog\/wp-content\/uploads\/2016\/04\/karma-st-martins.jpg"}],"twitter_card":"summary","twitter_misc":{"Est. reading time":"3 minutes"},"schema":{"@context":"https:\/\/schema.org","@graph":[{"@type":"WebSite","@id":"https:\/\/www.urlaubcornwall.de\/blog\/#website","url":"https:\/\/www.urlaubcornwall.de\/blog\/","name":"Urlaub &amp; Reisen","description":"Urlaub, Reisen, Cornwall und S\u00fcdengland: eine perfekte Kombination","potentialAction":[{"@type":"SearchAction","target":{"@type":"EntryPoint","urlTemplate":"https:\/\/www.urlaubcornwall.de\/blog\/?s={search_term_string}"},"query-input":"required name=search_term_string"}],"inLanguage":"en-US"},{"@type":"WebPage","@id":"https:\/\/www.urlaubcornwall.de\/blog\/erklaerung-der-hotel-sternebewertungen-in-grossbritannien\/","url":"https:\/\/www.urlaubcornwall.de\/blog\/erklaerung-der-hotel-sternebewertungen-in-grossbritannien\/","name":"Erkl\u00e4rung der Hotel-Sternebewertungen in Gro\u00dfbritannien - Urlaub &amp; Reisen","isPartOf":{"@id":"https:\/\/www.urlaubcornwall.de\/blog\/#website"},"datePublished":"2023-11-20T10:42:49+00:00","dateModified":"2026-01-11T09:54:29+00:00","breadcrumb":{"@id":"https:\/\/www.urlaubcornwall.de\/blog\/erklaerung-der-hotel-sternebewertungen-in-grossbritannien\/#breadcrumb"},"inLanguage":"en-US","potentialAction":[{"@type":"ReadAction","target":["https:\/\/www.urlaubcornwall.de\/blog\/erklaerung-der-hotel-sternebewertungen-in-grossbritannien\/"]}]},{"@type":"BreadcrumbList","@id":"https:\/\/www.urlaubcornwall.de\/blog\/erklaerung-der-hotel-sternebewertungen-in-grossbritannien\/#breadcrumb","itemListElement":[{"@type":"ListItem","position":1,"name":"Home","item":"https:\/\/www.urlaubcornwall.de\/blog\/"},{"@type":"ListItem","position":2,"name":"Erkl\u00e4rung der Hotel-Sternebewertungen in Gro\u00dfbritannien"}]}]}},"_links":{"self":[{"href":"https:\/\/www.urlaubcornwall.de\/blog\/wp-json\/wp\/v2\/pages\/47109"}],"collection":[{"href":"https:\/\/www.urlaubcornwall.de\/blog\/wp-json\/wp\/v2\/pages"}],"about":[{"href":"https:\/\/www.urlaubcornwall.de\/blog\/wp-json\/wp\/v2\/types\/page"}],"author":[{"embeddable":true,"href":"https:\/\/www.urlaubcornwall.de\/blog\/wp-json\/wp\/v2\/users\/1"}],"replies":[{"embeddable":true,"href":"https:\/\/www.urlaubcornwall.de\/blog\/wp-json\/wp\/v2\/comments?post=47109"}],"version-history":[{"count":3,"href":"https:\/\/www.urlaubcornwall.de\/blog\/wp-json\/wp\/v2\/pages\/47109\/revisions"}],"predecessor-version":[{"id":52024,"href":"https:\/\/www.urlaubcornwall.de\/blog\/wp-json\/wp\/v2\/pages\/47109\/revisions\/52024"}],"wp:attachment":[{"href":"https:\/\/www.urlaubcornwall.de\/blog\/wp-json\/wp\/v2\/media?parent=47109"}],"curies":[{"name":"wp","href":"https:\/\/api.w.org\/{rel}","templated":true}]}}