{"id":47106,"date":"2023-11-09T15:30:11","date_gmt":"2023-11-09T15:30:11","guid":{"rendered":"https:\/\/www.urlaubcornwall.de\/blog\/?page_id=47106"},"modified":"2024-04-16T10:03:17","modified_gmt":"2024-04-16T10:03:17","slug":"saisonale-verfuegbarkeit-von-ferienhaeusern-in-cornwall","status":"publish","type":"page","link":"https:\/\/www.urlaubcornwall.de\/blog\/saisonale-verfuegbarkeit-von-ferienhaeusern-in-cornwall\/","title":{"rendered":"Saisonale Verf\u00fcgbarkeit von Ferienh\u00e4usern in Cornwall"},"content":{"rendered":"<p><img loading=\"lazy\" class=\"aligncenter size-full wp-image-33892\" src=\"https:\/\/www.urlaubcornwall.de\/blog\/wp-content\/uploads\/2018\/06\/Charmante-D\u00f6rfer-cornwall-1.jpg\" alt=\"g\u00fcnstigen Urlaub in Cornwall\" width=\"750\" height=\"444\" srcset=\"https:\/\/www.urlaubcornwall.de\/blog\/wp-content\/uploads\/2018\/06\/Charmante-D\u00f6rfer-cornwall-1.jpg 752w, https:\/\/www.urlaubcornwall.de\/blog\/wp-content\/uploads\/2018\/06\/Charmante-D\u00f6rfer-cornwall-1-300x177.jpg 300w\" sizes=\"(max-width: 750px) 100vw, 750px\" \/><\/p>\n<p>Die saisonale Verf\u00fcgbarkeit von <a href=\"https:\/\/www.urlaubcornwall.de\/ferienhaeuser\/cornwall.php\">Ferienh\u00e4usern in Cornwall<\/a> variiert je nach Lage und Ausstattung des Hauses. Die Hochsaison in Cornwall liegt in den Sommermonaten von Juni bis August. In dieser Zeit ist die Nachfrage nach Ferienh\u00e4usern besonders hoch, und die Verf\u00fcgbarkeit ist geringer. In den Nebensaisons, also von April bis Mai und von September bis Oktober, ist die Verf\u00fcgbarkeit in der Regel besser.<\/p>\n<p>Im Allgemeinen sind Ferienh\u00e4user in beliebten Urlaubsorten wie <a href=\"https:\/\/www.urlaubcornwall.de\/ferienhaeuser-fewos\/st-ives.html\">St. Ives<\/a>, <a href=\"https:\/\/www.urlaubcornwall.de\/ferienhaeuser-fewos\/falmouth.html\">Falmouth<\/a> und <a href=\"https:\/\/www.urlaubcornwall.de\/ferienhaeuser-fewos\/newquay.html\">Newquay<\/a> in der Hochsaison sehr gefragt. In weniger bekannten Orten ist die Verf\u00fcgbarkeit in der Regel besser.<\/p>\n<p>Die Verf\u00fcgbarkeit von Ferienh\u00e4usern mit bestimmten Annehmlichkeiten kann ebenfalls variieren. <a href=\"https:\/\/www.urlaubcornwall.de\/ferienhaeuser-fewos\/cornwall-mit-pool.html\">Ferienh\u00e4user mit Pool oder Sauna<\/a> sind in der Regel in der Hochsaison weniger verf\u00fcgbar als Ferienh\u00e4user ohne diese Annehmlichkeiten.<\/p>\n<p>Wenn Sie ein Ferienhaus in Cornwall buchen m\u00f6chten, ist es ratsam, so fr\u00fch wie m\u00f6glich zu buchen, insbesondere wenn Sie in der Hochsaison reisen m\u00f6chten.<\/p>\n<p><strong>Hier sind einige Tipps, um die Verf\u00fcgbarkeit von Ferienh\u00e4usern in Cornwall zu erh\u00f6hen:<\/strong><\/p>\n<p>Buchen Sie so fr\u00fch wie m\u00f6glich.<\/p>\n<p>Seien Sie flexibel bei den Reisedaten und der Reisedauer.<\/p>\n<p>\u00dcberlegen Sie sich, ob Sie ein Ferienhaus mit weniger Annehmlichkeiten buchen m\u00f6chten.<\/p>\n<p>Suchen Sie nach Ferienh\u00e4usern in weniger bekannten Orten.<\/p>\n<p><strong>Bei uns finden Sie Ferienh\u00e4user zum Verlieben &#8211; so einfach ist das! Pers\u00f6nlich inspizierte Ferienh\u00e4user in Cornwall<\/strong><\/p>\n<p>Wenn Sie auf der Suche nach einem wirklich luxuri\u00f6sen und unvergesslichen Urlaubserlebnis in Cornwall sind, suchen Sie nicht weiter als unsere <a href=\"https:\/\/www.urlaubcornwall.de\/ferienhaeuser-fewos\/cornwall-luxus-unterkuenfte.html\">luxuri\u00f6sen Ferienh\u00e4user an der K\u00fcste<\/a>. Buchen Sie Ihren Aufenthalt noch heute!<\/p>\n<p style=\"text-align: center;\"><a class=\"tidycta\" href=\"https:\/\/www.urlaubcornwall.de\/ferienhaeuser-fewos\/cornwall.html\">Suche Ferienh\u00e4user in Cornwall<\/a><\/p>\n<div class=\"snippet\"> <a class=\"featured-item\" href=\"https:\/\/www.urlaubcornwall.de\/ferienhaeuser\/cornwall.php\"> <span class=\"image-holder\" style=\"background-image: url(' https:\/\/www.urlaubcornwall.de\/blog\/wp-content\/uploads\/2018\/12\/ferienhaus-cornwall-mit-hund.jpg ');\"><\/span> <span class=\"featured-content\"> \n<h2 class=\"featured-title\">Ferienh\u00e4user in Cornwall zum Verlieben!<\/h2>\n<p class=\"featured-body\">Cornwall besitzt mehr K\u00fcstenlinien als jede andere Grafschaft und bietet einige der besten Str\u00e4nde, K\u00fcstenwanderwege und Klippenlandschaften, die man \u00fcberhaupt finden kann&#8230;.<\/p><\/span> <span class=\"featured-link-holder\"> <span class=\"featured-extra-info\"> \n<p>F\u00fcr Paare, Familien &#038; Gruppen<\/p>\n<\/span> \n<p class=\"featured-link\">DETAILS<\/p>\n<\/span> <\/a><\/div>\n<div class=\"snippet\"> <a class=\"featured-item\" href=\" https:\/\/www.urlaubcornwall.de\/rundreisen\/cornwall-suedengland.php\"> <span class=\"image-holder\" style=\"background-image: url(' https:\/\/www.urlaubcornwall.de\/blog\/wp-content\/uploads\/2018\/11\/rundreise-cornwall.jpg ');\"><\/span> <span class=\"featured-content\"> \n<h2 class=\"featured-title\">Individuelle Rundreise in Cornwall &#038; S\u00fcdengland<\/h2>\n<p class=\"featured-body\"> Bei dieser Cornwall Rundreise entdecken Sie die H\u00f6hepunkte S\u00fcdenglands. Kultur, Geschichte, Landschaft und heutiges Leben werden Sie hierbei kennenlernen&#8230;<\/p>\n<\/span> <span class=\"featured-link-holder\"> <span class=\"featured-extra-info\"> \n<p>Urlaub im eigenen Schritttempo<\/p>\n<\/span> \n<p class=\"featured-link\">DETAILS<\/p>\n<\/span> <\/a><\/div>\n","protected":false},"excerpt":{"rendered":"<p>Die saisonale Verf\u00fcgbarkeit von Ferienh\u00e4usern in Cornwall variiert je nach Lage und Ausstattung des Hauses. Die Hochsaison in Cornwall liegt in den Sommermonaten von Juni bis August. In dieser Zeit ist die Nachfrage nach Ferienh\u00e4usern besonders hoch, und die Verf\u00fcgbarkeit ist geringer. In den Nebensaisons, also von April bis Mai und von September bis Oktober, [&hellip;]<\/p>\n","protected":false},"author":1,"featured_media":0,"parent":0,"menu_order":0,"comment_status":"closed","ping_status":"closed","template":"single-four.php","meta":[],"acf":[],"yoast_head":"<!-- This site is optimized with the Yoast SEO plugin v19.4 - https:\/\/yoast.com\/wordpress\/plugins\/seo\/ -->\n<title>Saisonale Verf\u00fcgbarkeit von Ferienh\u00e4usern in Cornwall - Urlaub &amp; Reisen<\/title>\n<meta name=\"robots\" content=\"index, follow, max-snippet:-1, max-image-preview:large, max-video-preview:-1\" \/>\n<link rel=\"canonical\" href=\"https:\/\/www.urlaubcornwall.de\/blog\/saisonale-verfuegbarkeit-von-ferienhaeusern-in-cornwall\/\" \/>\n<meta property=\"og:locale\" content=\"en_US\" \/>\n<meta property=\"og:type\" content=\"article\" \/>\n<meta property=\"og:title\" content=\"Saisonale Verf\u00fcgbarkeit von Ferienh\u00e4usern in Cornwall - Urlaub &amp; Reisen\" \/>\n<meta property=\"og:description\" content=\"Die saisonale Verf\u00fcgbarkeit von Ferienh\u00e4usern in Cornwall variiert je nach Lage und Ausstattung des Hauses. Die Hochsaison in Cornwall liegt in den Sommermonaten von Juni bis August. In dieser Zeit ist die Nachfrage nach Ferienh\u00e4usern besonders hoch, und die Verf\u00fcgbarkeit ist geringer. In den Nebensaisons, also von April bis Mai und von September bis Oktober, [&hellip;]\" \/>\n<meta property=\"og:url\" content=\"https:\/\/www.urlaubcornwall.de\/blog\/saisonale-verfuegbarkeit-von-ferienhaeusern-in-cornwall\/\" \/>\n<meta property=\"og:site_name\" content=\"Urlaub &amp; Reisen\" \/>\n<meta property=\"article:modified_time\" content=\"2024-04-16T10:03:17+00:00\" \/>\n<meta name=\"twitter:card\" content=\"summary\" \/>\n<meta name=\"twitter:label1\" content=\"Est. reading time\" \/>\n\t<meta name=\"twitter:data1\" content=\"2 minutes\" \/>\n<script type=\"application\/ld+json\" class=\"yoast-schema-graph\">{\"@context\":\"https:\/\/schema.org\",\"@graph\":[{\"@type\":\"WebSite\",\"@id\":\"https:\/\/www.urlaubcornwall.de\/blog\/#website\",\"url\":\"https:\/\/www.urlaubcornwall.de\/blog\/\",\"name\":\"Urlaub &amp; Reisen\",\"description\":\"Urlaub, Reisen, Cornwall und S\u00fcdengland: eine perfekte Kombination\",\"potentialAction\":[{\"@type\":\"SearchAction\",\"target\":{\"@type\":\"EntryPoint\",\"urlTemplate\":\"https:\/\/www.urlaubcornwall.de\/blog\/?s={search_term_string}\"},\"query-input\":\"required name=search_term_string\"}],\"inLanguage\":\"en-US\"},{\"@type\":\"WebPage\",\"@id\":\"https:\/\/www.urlaubcornwall.de\/blog\/saisonale-verfuegbarkeit-von-ferienhaeusern-in-cornwall\/\",\"url\":\"https:\/\/www.urlaubcornwall.de\/blog\/saisonale-verfuegbarkeit-von-ferienhaeusern-in-cornwall\/\",\"name\":\"Saisonale Verf\u00fcgbarkeit von Ferienh\u00e4usern in Cornwall - Urlaub &amp; Reisen\",\"isPartOf\":{\"@id\":\"https:\/\/www.urlaubcornwall.de\/blog\/#website\"},\"datePublished\":\"2023-11-09T15:30:11+00:00\",\"dateModified\":\"2024-04-16T10:03:17+00:00\",\"breadcrumb\":{\"@id\":\"https:\/\/www.urlaubcornwall.de\/blog\/saisonale-verfuegbarkeit-von-ferienhaeusern-in-cornwall\/#breadcrumb\"},\"inLanguage\":\"en-US\",\"potentialAction\":[{\"@type\":\"ReadAction\",\"target\":[\"https:\/\/www.urlaubcornwall.de\/blog\/saisonale-verfuegbarkeit-von-ferienhaeusern-in-cornwall\/\"]}]},{\"@type\":\"BreadcrumbList\",\"@id\":\"https:\/\/www.urlaubcornwall.de\/blog\/saisonale-verfuegbarkeit-von-ferienhaeusern-in-cornwall\/#breadcrumb\",\"itemListElement\":[{\"@type\":\"ListItem\",\"position\":1,\"name\":\"Home\",\"item\":\"https:\/\/www.urlaubcornwall.de\/blog\/\"},{\"@type\":\"ListItem\",\"position\":2,\"name\":\"Saisonale Verf\u00fcgbarkeit von Ferienh\u00e4usern in Cornwall\"}]}]}<\/script>\n<!-- \/ Yoast SEO plugin. -->","yoast_head_json":{"title":"Saisonale Verf\u00fcgbarkeit von Ferienh\u00e4usern in Cornwall - Urlaub &amp; Reisen","robots":{"index":"index","follow":"follow","max-snippet":"max-snippet:-1","max-image-preview":"max-image-preview:large","max-video-preview":"max-video-preview:-1"},"canonical":"https:\/\/www.urlaubcornwall.de\/blog\/saisonale-verfuegbarkeit-von-ferienhaeusern-in-cornwall\/","og_locale":"en_US","og_type":"article","og_title":"Saisonale Verf\u00fcgbarkeit von Ferienh\u00e4usern in Cornwall - Urlaub &amp; Reisen","og_description":"Die saisonale Verf\u00fcgbarkeit von Ferienh\u00e4usern in Cornwall variiert je nach Lage und Ausstattung des Hauses. Die Hochsaison in Cornwall liegt in den Sommermonaten von Juni bis August. In dieser Zeit ist die Nachfrage nach Ferienh\u00e4usern besonders hoch, und die Verf\u00fcgbarkeit ist geringer. In den Nebensaisons, also von April bis Mai und von September bis Oktober, [&hellip;]","og_url":"https:\/\/www.urlaubcornwall.de\/blog\/saisonale-verfuegbarkeit-von-ferienhaeusern-in-cornwall\/","og_site_name":"Urlaub &amp; Reisen","article_modified_time":"2024-04-16T10:03:17+00:00","twitter_card":"summary","twitter_misc":{"Est. reading time":"2 minutes"},"schema":{"@context":"https:\/\/schema.org","@graph":[{"@type":"WebSite","@id":"https:\/\/www.urlaubcornwall.de\/blog\/#website","url":"https:\/\/www.urlaubcornwall.de\/blog\/","name":"Urlaub &amp; Reisen","description":"Urlaub, Reisen, Cornwall und S\u00fcdengland: eine perfekte Kombination","potentialAction":[{"@type":"SearchAction","target":{"@type":"EntryPoint","urlTemplate":"https:\/\/www.urlaubcornwall.de\/blog\/?s={search_term_string}"},"query-input":"required name=search_term_string"}],"inLanguage":"en-US"},{"@type":"WebPage","@id":"https:\/\/www.urlaubcornwall.de\/blog\/saisonale-verfuegbarkeit-von-ferienhaeusern-in-cornwall\/","url":"https:\/\/www.urlaubcornwall.de\/blog\/saisonale-verfuegbarkeit-von-ferienhaeusern-in-cornwall\/","name":"Saisonale Verf\u00fcgbarkeit von Ferienh\u00e4usern in Cornwall - Urlaub &amp; Reisen","isPartOf":{"@id":"https:\/\/www.urlaubcornwall.de\/blog\/#website"},"datePublished":"2023-11-09T15:30:11+00:00","dateModified":"2024-04-16T10:03:17+00:00","breadcrumb":{"@id":"https:\/\/www.urlaubcornwall.de\/blog\/saisonale-verfuegbarkeit-von-ferienhaeusern-in-cornwall\/#breadcrumb"},"inLanguage":"en-US","potentialAction":[{"@type":"ReadAction","target":["https:\/\/www.urlaubcornwall.de\/blog\/saisonale-verfuegbarkeit-von-ferienhaeusern-in-cornwall\/"]}]},{"@type":"BreadcrumbList","@id":"https:\/\/www.urlaubcornwall.de\/blog\/saisonale-verfuegbarkeit-von-ferienhaeusern-in-cornwall\/#breadcrumb","itemListElement":[{"@type":"ListItem","position":1,"name":"Home","item":"https:\/\/www.urlaubcornwall.de\/blog\/"},{"@type":"ListItem","position":2,"name":"Saisonale Verf\u00fcgbarkeit von Ferienh\u00e4usern in Cornwall"}]}]}},"_links":{"self":[{"href":"https:\/\/www.urlaubcornwall.de\/blog\/wp-json\/wp\/v2\/pages\/47106"}],"collection":[{"href":"https:\/\/www.urlaubcornwall.de\/blog\/wp-json\/wp\/v2\/pages"}],"about":[{"href":"https:\/\/www.urlaubcornwall.de\/blog\/wp-json\/wp\/v2\/types\/page"}],"author":[{"embeddable":true,"href":"https:\/\/www.urlaubcornwall.de\/blog\/wp-json\/wp\/v2\/users\/1"}],"replies":[{"embeddable":true,"href":"https:\/\/www.urlaubcornwall.de\/blog\/wp-json\/wp\/v2\/comments?post=47106"}],"version-history":[{"count":2,"href":"https:\/\/www.urlaubcornwall.de\/blog\/wp-json\/wp\/v2\/pages\/47106\/revisions"}],"predecessor-version":[{"id":49864,"href":"https:\/\/www.urlaubcornwall.de\/blog\/wp-json\/wp\/v2\/pages\/47106\/revisions\/49864"}],"wp:attachment":[{"href":"https:\/\/www.urlaubcornwall.de\/blog\/wp-json\/wp\/v2\/media?parent=47106"}],"curies":[{"name":"wp","href":"https:\/\/api.w.org\/{rel}","templated":true}]}}