{"id":47099,"date":"2023-11-02T12:09:48","date_gmt":"2023-11-02T12:09:48","guid":{"rendered":"https:\/\/www.urlaubcornwall.de\/blog\/?page_id=47099"},"modified":"2024-05-30T08:35:28","modified_gmt":"2024-05-30T08:35:28","slug":"massgeschneiderte-private-fuehrung-durch-cornwall-fuer-paare-familien-und-gruppen","status":"publish","type":"page","link":"https:\/\/www.urlaubcornwall.de\/blog\/massgeschneiderte-private-fuehrung-durch-cornwall-fuer-paare-familien-und-gruppen\/","title":{"rendered":"Ma\u00dfgeschneiderte private F\u00fchrung durch Cornwall f\u00fcr Paare, Familien und Gruppen"},"content":{"rendered":"<p><img loading=\"lazy\" class=\"aligncenter size-full wp-image-47900\" src=\"https:\/\/www.urlaubcornwall.de\/blog\/wp-content\/uploads\/2024\/03\/lizard.jpg\" alt=\"lizard kynance\" width=\"750\" height=\"563\" srcset=\"https:\/\/www.urlaubcornwall.de\/blog\/wp-content\/uploads\/2024\/03\/lizard.jpg 750w, https:\/\/www.urlaubcornwall.de\/blog\/wp-content\/uploads\/2024\/03\/lizard-300x225.jpg 300w\" sizes=\"(max-width: 750px) 100vw, 750px\" \/><\/p>\n<p><strong>Enth\u00fcllen Sie die Sch\u00f6nheit Cornwalls mit unseren exklusiven Luxusreisen<\/strong><\/p>\n<p>Cornwall, mit seiner wilden K\u00fcste, malerischen D\u00f6rfern und reichen kulturellen Erbe, ist ein Ziel, das es verdient, in Stil erkundet zu werden. Ob Sie ein Paar sind, das nach einem romantischen Ausflug sucht, eine Familie, die nach unvergesslichen Abenteuern sucht, oder eine Gruppe von Freunden, die nach einer einzigartigen Erfahrung verlangen, <a href=\"https:\/\/www.urlaubcornwall.de\/massgeschneiderte-gruppenreisen-und-touren.php\">unser spezialisierter Luxusreiseveranstalter mit Sitz hier in Cornwall<\/a> ist bereit, Ihnen die Sch\u00e4tze dieser atemberaubenden Region zu zeigen. Unsere ma\u00dfgeschneiderten privaten F\u00fchrungen sind darauf ausgelegt, den vielf\u00e4ltigen Bed\u00fcrfnissen von Paaren, Familien und Gruppen gerecht zu werden und sicherzustellen, dass Ihre Reise durch Cornwall nichts anderes als au\u00dfergew\u00f6hnlich ist.<\/p>\n<p><strong>Ein ma\u00dfgeschneidertes Erlebnis<\/strong> &#8211; Bei UrlaubCornwall verstehen wir, dass jeder Reisende einzigartig ist und seine W\u00fcnsche nach Erkundung genauso individuell sind. Deshalb sind wir stolz darauf, personalisierte Reiserouten zu erstellen, die Ihren Vorlieben und Erwartungen entsprechen. Ob Sie ein Paar sind, das abgelegene romantische Orte sucht, eine Familie, die kinderfreundliche Aktivit\u00e4ten sucht, oder eine Gruppe von Freunden mit unterschiedlichen Interessen, wir werden eine Reiseroute erstellen, die speziell auf Ihre Bed\u00fcrfnisse zugeschnitten ist.<\/p>\n<p><img loading=\"lazy\" class=\"aligncenter size-full wp-image-47547\" src=\"https:\/\/www.urlaubcornwall.de\/blog\/wp-content\/uploads\/2024\/02\/credit-minack-theatre.jpg\" alt=\"minack-theatre\" width=\"750\" height=\"501\" srcset=\"https:\/\/www.urlaubcornwall.de\/blog\/wp-content\/uploads\/2024\/02\/credit-minack-theatre.jpg 750w, https:\/\/www.urlaubcornwall.de\/blog\/wp-content\/uploads\/2024\/02\/credit-minack-theatre-300x200.jpg 300w\" sizes=\"(max-width: 750px) 100vw, 750px\" \/><br \/>\ncredit-minack-theatre<\/p>\n<p><strong>Experten vor Ort<\/strong> &#8211; Unsere Gruppe von sachkundigen lokalen Reisef\u00fchrern l\u00e4sst die Magie Cornwalls lebendig werden. Ihre Leidenschaft f\u00fcr die Region, ihr tiefes Verst\u00e4ndnis f\u00fcr ihre Geschichte und ihr Insiderwissen \u00fcber verborgene Sch\u00e4tze stellen sicher, dass Sie die wahre Essenz Cornwalls erleben k\u00f6nnen. Unsere F\u00fchrer sind nicht nur Erz\u00e4hler; sie sind Geschichtenerz\u00e4hler, die die Geschichte, Folklore und Traditionen Cornwalls w\u00e4hrend Ihrer Reise zum Leben erwecken werden.<\/p>\n<p><strong>R\u00fcckzugsort f\u00fcr Paare<\/strong> &#8211; F\u00fcr Paare, die nach einem romantischen Ausflug suchen, bietet Cornwall eine Vielzahl von bezaubernden Kulissen. Erkunden Sie abgelegene Buchten, spazieren Sie Hand in Hand entlang der atemberaubenden Klippen und speisen Sie in romantischen Restaurants mit fesselnden Aussichten. Unsere Touren werden Sie in den Zauber Cornwalls eintauchen lassen, mit Unterk\u00fcnften, die Luxus und Intimit\u00e4t ausstrahlen.<\/p>\n<p><strong>Abenteuer f\u00fcr Familien<\/strong> &#8211; Familien haben in Cornwall eine Menge zu erleben. Von interaktiven Museen bis hin zu aufregenden Outdoor-Aktivit\u00e4ten mangelt es nicht an Unterhaltung f\u00fcr Kinder und Erwachsene gleicherma\u00dfen. Unsere familienorientierten Touren bieten altersgerechte Aktivit\u00e4ten und Unterk\u00fcnfte, die den Bed\u00fcrfnissen aller Familienmitglieder gerecht werden.<\/p>\n<p><strong>Gruppenausfl\u00fcge<\/strong> &#8211; Wenn Sie mit einer Gruppe von Freunden oder einer erweiterten Familie reisen, bieten unsere Touren die perfekte Balance zwischen gemeinsamen Erlebnissen und M\u00f6glichkeiten f\u00fcr individuelle Interessen. Entdecken Sie gemeinsam die ikonischen Sehensw\u00fcrdigkeiten Cornwalls und haben Sie dann die Flexibilit\u00e4t, sich Ihren pers\u00f6nlichen Leidenschaften hinzugeben.<\/p>\n<p><strong>Exklusive Erlebnisse<\/strong> &#8211; UrlaubCornwall dreht sich darum, Ihr Reiseerlebnis aufzuwerten. Unsere Touren beinhalten exklusive Erlebnisse wie den privaten Zugang zu historischen St\u00e4tten, Weinverkostungen in \u00f6rtlichen Weing\u00fctern und Besuche hinter den Kulissen bei Cornwalls handwerklichen Produzenten. Diese einzigartigen Gelegenheiten werden Ihnen unvergessliche Erinnerungen bescheren.<\/p>\n<p><strong>Kulinarische K\u00f6stlichkeiten<\/strong> &#8211; Cornwall ist ein Paradies f\u00fcr Feinschmecker, und wir sorgen daf\u00fcr, dass Sie das Beste genie\u00dfen k\u00f6nnen, was die Region zu bieten hat. Genie\u00dfen Sie Fine Dining in preisgekr\u00f6nten Restaurants, probieren Sie traditionelle Cornish Pasteten und lassen Sie sich in malerischen Teeh\u00e4usern bei Cream Tea verw\u00f6hnen. Unsere Touren werden Sie mit den kulinarischen Sch\u00e4tzen der Region vertraut machen.<\/p>\n<p><strong>Reibungslose Logistik<\/strong> &#8211; Wir k\u00fcmmern uns um alle logistischen Details, von der Reservierung der Unterkunft bis zur Transportplanung. Sie k\u00f6nnen sich entspannen und sich auf das Erlebnis konzentrieren, in dem Wissen, dass alles von unserem Team fachkundig verwaltet wird.<\/p>\n<p><strong>Buchen Sie Ihre ma\u00dfgeschneiderte private F\u00fchrung<\/strong><\/p>\n<p>Egal, ob Sie ein Paar, eine Familie oder eine Gruppe von Freunden sind, Cornwall lockt mit seiner Sch\u00f6nheit, Geschichte und seinen Abenteuern. Unser spezialisierter Luxusreiseveranstalter ist darauf ausgerichtet, <a href=\"https:\/\/www.urlaubcornwall.de\/gruppenanfrage.php\">Ihre Reise durch Cornwall zu einem Traum zu machen. Kontaktieren Sie uns noch heute<\/a>, um Ihre ma\u00dfgeschneiderte private F\u00fchrung durch Cornwall zu planen, und machen Sie sich bereit, von der Magie dieser bezaubernden Region verzaubert zu werden. UrlaubCornwall &#8211; Wo jede Reise ein Abenteuer ist!<\/p>\n","protected":false},"excerpt":{"rendered":"<p>Enth\u00fcllen Sie die Sch\u00f6nheit Cornwalls mit unseren exklusiven Luxusreisen Cornwall, mit seiner wilden K\u00fcste, malerischen D\u00f6rfern und reichen kulturellen Erbe, ist ein Ziel, das es verdient, in Stil erkundet zu werden. Ob Sie ein Paar sind, das nach einem romantischen Ausflug sucht, eine Familie, die nach unvergesslichen Abenteuern sucht, oder eine Gruppe von Freunden, die [&hellip;]<\/p>\n","protected":false},"author":1,"featured_media":0,"parent":0,"menu_order":0,"comment_status":"closed","ping_status":"closed","template":"single-four.php","meta":[],"acf":[],"yoast_head":"<!-- This site is optimized with the Yoast SEO plugin v19.4 - https:\/\/yoast.com\/wordpress\/plugins\/seo\/ -->\n<title>Ma\u00dfgeschneiderte private F\u00fchrung durch Cornwall f\u00fcr Paare, Familien und Gruppen - Urlaub &amp; Reisen<\/title>\n<meta name=\"robots\" content=\"index, follow, max-snippet:-1, max-image-preview:large, max-video-preview:-1\" \/>\n<link rel=\"canonical\" href=\"https:\/\/www.urlaubcornwall.de\/blog\/massgeschneiderte-private-fuehrung-durch-cornwall-fuer-paare-familien-und-gruppen\/\" \/>\n<meta property=\"og:locale\" content=\"en_US\" \/>\n<meta property=\"og:type\" content=\"article\" \/>\n<meta property=\"og:title\" content=\"Ma\u00dfgeschneiderte private F\u00fchrung durch Cornwall f\u00fcr Paare, Familien und Gruppen - Urlaub &amp; Reisen\" \/>\n<meta property=\"og:description\" content=\"Enth\u00fcllen Sie die Sch\u00f6nheit Cornwalls mit unseren exklusiven Luxusreisen Cornwall, mit seiner wilden K\u00fcste, malerischen D\u00f6rfern und reichen kulturellen Erbe, ist ein Ziel, das es verdient, in Stil erkundet zu werden. Ob Sie ein Paar sind, das nach einem romantischen Ausflug sucht, eine Familie, die nach unvergesslichen Abenteuern sucht, oder eine Gruppe von Freunden, die [&hellip;]\" \/>\n<meta property=\"og:url\" content=\"https:\/\/www.urlaubcornwall.de\/blog\/massgeschneiderte-private-fuehrung-durch-cornwall-fuer-paare-familien-und-gruppen\/\" \/>\n<meta property=\"og:site_name\" content=\"Urlaub &amp; Reisen\" \/>\n<meta property=\"article:modified_time\" content=\"2024-05-30T08:35:28+00:00\" \/>\n<meta property=\"og:image\" content=\"https:\/\/www.urlaubcornwall.de\/blog\/wp-content\/uploads\/2024\/03\/lizard.jpg\" \/>\n<meta name=\"twitter:card\" content=\"summary\" \/>\n<meta name=\"twitter:label1\" content=\"Est. reading time\" \/>\n\t<meta name=\"twitter:data1\" content=\"4 minutes\" \/>\n<script type=\"application\/ld+json\" class=\"yoast-schema-graph\">{\"@context\":\"https:\/\/schema.org\",\"@graph\":[{\"@type\":\"WebSite\",\"@id\":\"https:\/\/www.urlaubcornwall.de\/blog\/#website\",\"url\":\"https:\/\/www.urlaubcornwall.de\/blog\/\",\"name\":\"Urlaub &amp; Reisen\",\"description\":\"Urlaub, Reisen, Cornwall und S\u00fcdengland: eine perfekte Kombination\",\"potentialAction\":[{\"@type\":\"SearchAction\",\"target\":{\"@type\":\"EntryPoint\",\"urlTemplate\":\"https:\/\/www.urlaubcornwall.de\/blog\/?s={search_term_string}\"},\"query-input\":\"required name=search_term_string\"}],\"inLanguage\":\"en-US\"},{\"@type\":\"WebPage\",\"@id\":\"https:\/\/www.urlaubcornwall.de\/blog\/massgeschneiderte-private-fuehrung-durch-cornwall-fuer-paare-familien-und-gruppen\/\",\"url\":\"https:\/\/www.urlaubcornwall.de\/blog\/massgeschneiderte-private-fuehrung-durch-cornwall-fuer-paare-familien-und-gruppen\/\",\"name\":\"Ma\u00dfgeschneiderte private F\u00fchrung durch Cornwall f\u00fcr Paare, Familien und Gruppen - Urlaub &amp; Reisen\",\"isPartOf\":{\"@id\":\"https:\/\/www.urlaubcornwall.de\/blog\/#website\"},\"datePublished\":\"2023-11-02T12:09:48+00:00\",\"dateModified\":\"2024-05-30T08:35:28+00:00\",\"breadcrumb\":{\"@id\":\"https:\/\/www.urlaubcornwall.de\/blog\/massgeschneiderte-private-fuehrung-durch-cornwall-fuer-paare-familien-und-gruppen\/#breadcrumb\"},\"inLanguage\":\"en-US\",\"potentialAction\":[{\"@type\":\"ReadAction\",\"target\":[\"https:\/\/www.urlaubcornwall.de\/blog\/massgeschneiderte-private-fuehrung-durch-cornwall-fuer-paare-familien-und-gruppen\/\"]}]},{\"@type\":\"BreadcrumbList\",\"@id\":\"https:\/\/www.urlaubcornwall.de\/blog\/massgeschneiderte-private-fuehrung-durch-cornwall-fuer-paare-familien-und-gruppen\/#breadcrumb\",\"itemListElement\":[{\"@type\":\"ListItem\",\"position\":1,\"name\":\"Home\",\"item\":\"https:\/\/www.urlaubcornwall.de\/blog\/\"},{\"@type\":\"ListItem\",\"position\":2,\"name\":\"Ma\u00dfgeschneiderte private F\u00fchrung durch Cornwall f\u00fcr Paare, Familien und Gruppen\"}]}]}<\/script>\n<!-- \/ Yoast SEO plugin. -->","yoast_head_json":{"title":"Ma\u00dfgeschneiderte private F\u00fchrung durch Cornwall f\u00fcr Paare, Familien und Gruppen - Urlaub &amp; Reisen","robots":{"index":"index","follow":"follow","max-snippet":"max-snippet:-1","max-image-preview":"max-image-preview:large","max-video-preview":"max-video-preview:-1"},"canonical":"https:\/\/www.urlaubcornwall.de\/blog\/massgeschneiderte-private-fuehrung-durch-cornwall-fuer-paare-familien-und-gruppen\/","og_locale":"en_US","og_type":"article","og_title":"Ma\u00dfgeschneiderte private F\u00fchrung durch Cornwall f\u00fcr Paare, Familien und Gruppen - Urlaub &amp; Reisen","og_description":"Enth\u00fcllen Sie die Sch\u00f6nheit Cornwalls mit unseren exklusiven Luxusreisen Cornwall, mit seiner wilden K\u00fcste, malerischen D\u00f6rfern und reichen kulturellen Erbe, ist ein Ziel, das es verdient, in Stil erkundet zu werden. Ob Sie ein Paar sind, das nach einem romantischen Ausflug sucht, eine Familie, die nach unvergesslichen Abenteuern sucht, oder eine Gruppe von Freunden, die [&hellip;]","og_url":"https:\/\/www.urlaubcornwall.de\/blog\/massgeschneiderte-private-fuehrung-durch-cornwall-fuer-paare-familien-und-gruppen\/","og_site_name":"Urlaub &amp; Reisen","article_modified_time":"2024-05-30T08:35:28+00:00","og_image":[{"url":"https:\/\/www.urlaubcornwall.de\/blog\/wp-content\/uploads\/2024\/03\/lizard.jpg"}],"twitter_card":"summary","twitter_misc":{"Est. reading time":"4 minutes"},"schema":{"@context":"https:\/\/schema.org","@graph":[{"@type":"WebSite","@id":"https:\/\/www.urlaubcornwall.de\/blog\/#website","url":"https:\/\/www.urlaubcornwall.de\/blog\/","name":"Urlaub &amp; Reisen","description":"Urlaub, Reisen, Cornwall und S\u00fcdengland: eine perfekte Kombination","potentialAction":[{"@type":"SearchAction","target":{"@type":"EntryPoint","urlTemplate":"https:\/\/www.urlaubcornwall.de\/blog\/?s={search_term_string}"},"query-input":"required name=search_term_string"}],"inLanguage":"en-US"},{"@type":"WebPage","@id":"https:\/\/www.urlaubcornwall.de\/blog\/massgeschneiderte-private-fuehrung-durch-cornwall-fuer-paare-familien-und-gruppen\/","url":"https:\/\/www.urlaubcornwall.de\/blog\/massgeschneiderte-private-fuehrung-durch-cornwall-fuer-paare-familien-und-gruppen\/","name":"Ma\u00dfgeschneiderte private F\u00fchrung durch Cornwall f\u00fcr Paare, Familien und Gruppen - Urlaub &amp; Reisen","isPartOf":{"@id":"https:\/\/www.urlaubcornwall.de\/blog\/#website"},"datePublished":"2023-11-02T12:09:48+00:00","dateModified":"2024-05-30T08:35:28+00:00","breadcrumb":{"@id":"https:\/\/www.urlaubcornwall.de\/blog\/massgeschneiderte-private-fuehrung-durch-cornwall-fuer-paare-familien-und-gruppen\/#breadcrumb"},"inLanguage":"en-US","potentialAction":[{"@type":"ReadAction","target":["https:\/\/www.urlaubcornwall.de\/blog\/massgeschneiderte-private-fuehrung-durch-cornwall-fuer-paare-familien-und-gruppen\/"]}]},{"@type":"BreadcrumbList","@id":"https:\/\/www.urlaubcornwall.de\/blog\/massgeschneiderte-private-fuehrung-durch-cornwall-fuer-paare-familien-und-gruppen\/#breadcrumb","itemListElement":[{"@type":"ListItem","position":1,"name":"Home","item":"https:\/\/www.urlaubcornwall.de\/blog\/"},{"@type":"ListItem","position":2,"name":"Ma\u00dfgeschneiderte private F\u00fchrung durch Cornwall f\u00fcr Paare, Familien und Gruppen"}]}]}},"_links":{"self":[{"href":"https:\/\/www.urlaubcornwall.de\/blog\/wp-json\/wp\/v2\/pages\/47099"}],"collection":[{"href":"https:\/\/www.urlaubcornwall.de\/blog\/wp-json\/wp\/v2\/pages"}],"about":[{"href":"https:\/\/www.urlaubcornwall.de\/blog\/wp-json\/wp\/v2\/types\/page"}],"author":[{"embeddable":true,"href":"https:\/\/www.urlaubcornwall.de\/blog\/wp-json\/wp\/v2\/users\/1"}],"replies":[{"embeddable":true,"href":"https:\/\/www.urlaubcornwall.de\/blog\/wp-json\/wp\/v2\/comments?post=47099"}],"version-history":[{"count":3,"href":"https:\/\/www.urlaubcornwall.de\/blog\/wp-json\/wp\/v2\/pages\/47099\/revisions"}],"predecessor-version":[{"id":50808,"href":"https:\/\/www.urlaubcornwall.de\/blog\/wp-json\/wp\/v2\/pages\/47099\/revisions\/50808"}],"wp:attachment":[{"href":"https:\/\/www.urlaubcornwall.de\/blog\/wp-json\/wp\/v2\/media?parent=47099"}],"curies":[{"name":"wp","href":"https:\/\/api.w.org\/{rel}","templated":true}]}}