{"id":47093,"date":"2023-10-20T09:55:46","date_gmt":"2023-10-20T09:55:46","guid":{"rendered":"https:\/\/www.urlaubcornwall.de\/blog\/?page_id=47093"},"modified":"2024-04-02T10:17:43","modified_gmt":"2024-04-02T10:17:43","slug":"privatreisen-nach-cornwall-ihre-reise-ganz-nach-ihren-wuenschen","status":"publish","type":"page","link":"https:\/\/www.urlaubcornwall.de\/blog\/privatreisen-nach-cornwall-ihre-reise-ganz-nach-ihren-wuenschen\/","title":{"rendered":"Privatreisen nach Cornwall: Ihre Reise ganz nach Ihren W\u00fcnschen"},"content":{"rendered":"<p><img loading=\"lazy\" class=\"aligncenter size-full wp-image-47900\" src=\"https:\/\/www.urlaubcornwall.de\/blog\/wp-content\/uploads\/2024\/03\/lizard.jpg\" alt=\"lizard kynance\" width=\"750\" height=\"563\" srcset=\"https:\/\/www.urlaubcornwall.de\/blog\/wp-content\/uploads\/2024\/03\/lizard.jpg 750w, https:\/\/www.urlaubcornwall.de\/blog\/wp-content\/uploads\/2024\/03\/lizard-300x225.jpg 300w\" sizes=\"(max-width: 750px) 100vw, 750px\" \/><\/p>\n<p>Sie haben genug von Pauschalreisen, bei denen Sie sich an vorgegebene Zeiten und Routen halten m\u00fcssen? Sie m\u00f6chten Ihre Reise lieber ganz nach Ihren eigenen Vorstellungen gestalten? Dann sind Luxus-Privatreisen von <a href=\"https:\/\/www.urlaubcornwall.de\/massgeschneiderte-gruppenreisen-und-touren.php\">UrlaubCornwall.de Privat<\/a> genau das Richtige f\u00fcr Sie!<\/p>\n<p><strong>100% nach Ihren W\u00fcnschen<\/strong><\/p>\n<p>Wir gestalten Ihre Reise ganz nach Ihren Vorstellungen. Ob Sie zu zweit, mit Freunden, der Familie oder <a href=\"https:\/\/www.urlaubcornwall.de\/massgeschneiderte-gruppenreisen-und-touren.php\">Gruppenreisen<\/a> m\u00f6chten, ob Sie sich f\u00fcr Geschichte, Kultur oder Natur interessieren, wir finden die perfekte Reise f\u00fcr Sie.<\/p>\n<p><strong>Kein Kompromiss<\/strong><\/p>\n<p>Bei uns gibt es keine Kompromisse. Sie entscheiden, wo Sie hinfahren, was Sie sehen und wie Sie Ihre Zeit verbringen m\u00f6chten. Wir k\u00fcmmern uns um alles andere, damit Sie sich einfach zur\u00fccklehnen und Ihren Urlaub genie\u00dfen k\u00f6nnen.<\/p>\n<p><strong>Entdecken Sie Cornwall und S\u00fcdengland<\/strong><\/p>\n<p>Cornwall und S\u00fcdengland sind zwei wundersch\u00f6ne Regionen mit viel zu bieten. Wir zeigen Ihnen die besten Sehensw\u00fcrdigkeiten, die leckersten Restaurants und die sch\u00f6nsten Unterk\u00fcnfte.<\/p>\n<p><strong>Lassen Sie sich inspirieren<\/strong><\/p>\n<p>Auf unserer Website finden Sie viele Reiseideen, die Sie inspirieren werden. Oder Sie erz\u00e4hlen uns einfach von Ihren W\u00fcnschen und Vorstellungen, und wir erstellen Ihnen ein individuelles Angebot.<\/p>\n<p><strong>Melden Sie sich noch heute<\/strong><\/p>\n<p>Wir freuen uns, Ihre <a href=\"https:\/\/www.urlaubcornwall.de\/gruppenanfrage.php\">Privatreise nach Cornwall und S\u00fcdengland<\/a> zu planen!<\/p>\n","protected":false},"excerpt":{"rendered":"<p>Sie haben genug von Pauschalreisen, bei denen Sie sich an vorgegebene Zeiten und Routen halten m\u00fcssen? Sie m\u00f6chten Ihre Reise lieber ganz nach Ihren eigenen Vorstellungen gestalten? Dann sind Luxus-Privatreisen von UrlaubCornwall.de Privat genau das Richtige f\u00fcr Sie! 100% nach Ihren W\u00fcnschen Wir gestalten Ihre Reise ganz nach Ihren Vorstellungen. Ob Sie zu zweit, mit [&hellip;]<\/p>\n","protected":false},"author":1,"featured_media":0,"parent":0,"menu_order":0,"comment_status":"closed","ping_status":"closed","template":"single-four.php","meta":[],"acf":[],"yoast_head":"<!-- This site is optimized with the Yoast SEO plugin v19.4 - https:\/\/yoast.com\/wordpress\/plugins\/seo\/ -->\n<title>Privatreisen nach Cornwall: Ihre Reise ganz nach Ihren W\u00fcnschen - Urlaub &amp; Reisen<\/title>\n<meta name=\"robots\" content=\"index, follow, max-snippet:-1, max-image-preview:large, max-video-preview:-1\" \/>\n<link rel=\"canonical\" href=\"https:\/\/www.urlaubcornwall.de\/blog\/privatreisen-nach-cornwall-ihre-reise-ganz-nach-ihren-wuenschen\/\" \/>\n<meta property=\"og:locale\" content=\"en_US\" \/>\n<meta property=\"og:type\" content=\"article\" \/>\n<meta property=\"og:title\" content=\"Privatreisen nach Cornwall: Ihre Reise ganz nach Ihren W\u00fcnschen - Urlaub &amp; Reisen\" \/>\n<meta property=\"og:description\" content=\"Sie haben genug von Pauschalreisen, bei denen Sie sich an vorgegebene Zeiten und Routen halten m\u00fcssen? Sie m\u00f6chten Ihre Reise lieber ganz nach Ihren eigenen Vorstellungen gestalten? Dann sind Luxus-Privatreisen von UrlaubCornwall.de Privat genau das Richtige f\u00fcr Sie! 100% nach Ihren W\u00fcnschen Wir gestalten Ihre Reise ganz nach Ihren Vorstellungen. Ob Sie zu zweit, mit [&hellip;]\" \/>\n<meta property=\"og:url\" content=\"https:\/\/www.urlaubcornwall.de\/blog\/privatreisen-nach-cornwall-ihre-reise-ganz-nach-ihren-wuenschen\/\" \/>\n<meta property=\"og:site_name\" content=\"Urlaub &amp; Reisen\" \/>\n<meta property=\"article:modified_time\" content=\"2024-04-02T10:17:43+00:00\" \/>\n<meta property=\"og:image\" content=\"https:\/\/www.urlaubcornwall.de\/blog\/wp-content\/uploads\/2024\/03\/lizard.jpg\" \/>\n<meta name=\"twitter:card\" content=\"summary\" \/>\n<meta name=\"twitter:label1\" content=\"Est. reading time\" \/>\n\t<meta name=\"twitter:data1\" content=\"2 minutes\" \/>\n<script type=\"application\/ld+json\" class=\"yoast-schema-graph\">{\"@context\":\"https:\/\/schema.org\",\"@graph\":[{\"@type\":\"WebSite\",\"@id\":\"https:\/\/www.urlaubcornwall.de\/blog\/#website\",\"url\":\"https:\/\/www.urlaubcornwall.de\/blog\/\",\"name\":\"Urlaub &amp; Reisen\",\"description\":\"Urlaub, Reisen, Cornwall und S\u00fcdengland: eine perfekte Kombination\",\"potentialAction\":[{\"@type\":\"SearchAction\",\"target\":{\"@type\":\"EntryPoint\",\"urlTemplate\":\"https:\/\/www.urlaubcornwall.de\/blog\/?s={search_term_string}\"},\"query-input\":\"required name=search_term_string\"}],\"inLanguage\":\"en-US\"},{\"@type\":\"WebPage\",\"@id\":\"https:\/\/www.urlaubcornwall.de\/blog\/privatreisen-nach-cornwall-ihre-reise-ganz-nach-ihren-wuenschen\/\",\"url\":\"https:\/\/www.urlaubcornwall.de\/blog\/privatreisen-nach-cornwall-ihre-reise-ganz-nach-ihren-wuenschen\/\",\"name\":\"Privatreisen nach Cornwall: Ihre Reise ganz nach Ihren W\u00fcnschen - Urlaub &amp; Reisen\",\"isPartOf\":{\"@id\":\"https:\/\/www.urlaubcornwall.de\/blog\/#website\"},\"datePublished\":\"2023-10-20T09:55:46+00:00\",\"dateModified\":\"2024-04-02T10:17:43+00:00\",\"breadcrumb\":{\"@id\":\"https:\/\/www.urlaubcornwall.de\/blog\/privatreisen-nach-cornwall-ihre-reise-ganz-nach-ihren-wuenschen\/#breadcrumb\"},\"inLanguage\":\"en-US\",\"potentialAction\":[{\"@type\":\"ReadAction\",\"target\":[\"https:\/\/www.urlaubcornwall.de\/blog\/privatreisen-nach-cornwall-ihre-reise-ganz-nach-ihren-wuenschen\/\"]}]},{\"@type\":\"BreadcrumbList\",\"@id\":\"https:\/\/www.urlaubcornwall.de\/blog\/privatreisen-nach-cornwall-ihre-reise-ganz-nach-ihren-wuenschen\/#breadcrumb\",\"itemListElement\":[{\"@type\":\"ListItem\",\"position\":1,\"name\":\"Home\",\"item\":\"https:\/\/www.urlaubcornwall.de\/blog\/\"},{\"@type\":\"ListItem\",\"position\":2,\"name\":\"Privatreisen nach Cornwall: Ihre Reise ganz nach Ihren W\u00fcnschen\"}]}]}<\/script>\n<!-- \/ Yoast SEO plugin. -->","yoast_head_json":{"title":"Privatreisen nach Cornwall: Ihre Reise ganz nach Ihren W\u00fcnschen - Urlaub &amp; Reisen","robots":{"index":"index","follow":"follow","max-snippet":"max-snippet:-1","max-image-preview":"max-image-preview:large","max-video-preview":"max-video-preview:-1"},"canonical":"https:\/\/www.urlaubcornwall.de\/blog\/privatreisen-nach-cornwall-ihre-reise-ganz-nach-ihren-wuenschen\/","og_locale":"en_US","og_type":"article","og_title":"Privatreisen nach Cornwall: Ihre Reise ganz nach Ihren W\u00fcnschen - Urlaub &amp; Reisen","og_description":"Sie haben genug von Pauschalreisen, bei denen Sie sich an vorgegebene Zeiten und Routen halten m\u00fcssen? Sie m\u00f6chten Ihre Reise lieber ganz nach Ihren eigenen Vorstellungen gestalten? Dann sind Luxus-Privatreisen von UrlaubCornwall.de Privat genau das Richtige f\u00fcr Sie! 100% nach Ihren W\u00fcnschen Wir gestalten Ihre Reise ganz nach Ihren Vorstellungen. Ob Sie zu zweit, mit [&hellip;]","og_url":"https:\/\/www.urlaubcornwall.de\/blog\/privatreisen-nach-cornwall-ihre-reise-ganz-nach-ihren-wuenschen\/","og_site_name":"Urlaub &amp; Reisen","article_modified_time":"2024-04-02T10:17:43+00:00","og_image":[{"url":"https:\/\/www.urlaubcornwall.de\/blog\/wp-content\/uploads\/2024\/03\/lizard.jpg"}],"twitter_card":"summary","twitter_misc":{"Est. reading time":"2 minutes"},"schema":{"@context":"https:\/\/schema.org","@graph":[{"@type":"WebSite","@id":"https:\/\/www.urlaubcornwall.de\/blog\/#website","url":"https:\/\/www.urlaubcornwall.de\/blog\/","name":"Urlaub &amp; Reisen","description":"Urlaub, Reisen, Cornwall und S\u00fcdengland: eine perfekte Kombination","potentialAction":[{"@type":"SearchAction","target":{"@type":"EntryPoint","urlTemplate":"https:\/\/www.urlaubcornwall.de\/blog\/?s={search_term_string}"},"query-input":"required name=search_term_string"}],"inLanguage":"en-US"},{"@type":"WebPage","@id":"https:\/\/www.urlaubcornwall.de\/blog\/privatreisen-nach-cornwall-ihre-reise-ganz-nach-ihren-wuenschen\/","url":"https:\/\/www.urlaubcornwall.de\/blog\/privatreisen-nach-cornwall-ihre-reise-ganz-nach-ihren-wuenschen\/","name":"Privatreisen nach Cornwall: Ihre Reise ganz nach Ihren W\u00fcnschen - Urlaub &amp; Reisen","isPartOf":{"@id":"https:\/\/www.urlaubcornwall.de\/blog\/#website"},"datePublished":"2023-10-20T09:55:46+00:00","dateModified":"2024-04-02T10:17:43+00:00","breadcrumb":{"@id":"https:\/\/www.urlaubcornwall.de\/blog\/privatreisen-nach-cornwall-ihre-reise-ganz-nach-ihren-wuenschen\/#breadcrumb"},"inLanguage":"en-US","potentialAction":[{"@type":"ReadAction","target":["https:\/\/www.urlaubcornwall.de\/blog\/privatreisen-nach-cornwall-ihre-reise-ganz-nach-ihren-wuenschen\/"]}]},{"@type":"BreadcrumbList","@id":"https:\/\/www.urlaubcornwall.de\/blog\/privatreisen-nach-cornwall-ihre-reise-ganz-nach-ihren-wuenschen\/#breadcrumb","itemListElement":[{"@type":"ListItem","position":1,"name":"Home","item":"https:\/\/www.urlaubcornwall.de\/blog\/"},{"@type":"ListItem","position":2,"name":"Privatreisen nach Cornwall: Ihre Reise ganz nach Ihren W\u00fcnschen"}]}]}},"_links":{"self":[{"href":"https:\/\/www.urlaubcornwall.de\/blog\/wp-json\/wp\/v2\/pages\/47093"}],"collection":[{"href":"https:\/\/www.urlaubcornwall.de\/blog\/wp-json\/wp\/v2\/pages"}],"about":[{"href":"https:\/\/www.urlaubcornwall.de\/blog\/wp-json\/wp\/v2\/types\/page"}],"author":[{"embeddable":true,"href":"https:\/\/www.urlaubcornwall.de\/blog\/wp-json\/wp\/v2\/users\/1"}],"replies":[{"embeddable":true,"href":"https:\/\/www.urlaubcornwall.de\/blog\/wp-json\/wp\/v2\/comments?post=47093"}],"version-history":[{"count":2,"href":"https:\/\/www.urlaubcornwall.de\/blog\/wp-json\/wp\/v2\/pages\/47093\/revisions"}],"predecessor-version":[{"id":48537,"href":"https:\/\/www.urlaubcornwall.de\/blog\/wp-json\/wp\/v2\/pages\/47093\/revisions\/48537"}],"wp:attachment":[{"href":"https:\/\/www.urlaubcornwall.de\/blog\/wp-json\/wp\/v2\/media?parent=47093"}],"curies":[{"name":"wp","href":"https:\/\/api.w.org\/{rel}","templated":true}]}}