{"id":47091,"date":"2023-10-19T13:14:57","date_gmt":"2023-10-19T13:14:57","guid":{"rendered":"https:\/\/www.urlaubcornwall.de\/blog\/?page_id=47091"},"modified":"2024-05-30T08:17:13","modified_gmt":"2024-05-30T08:17:13","slug":"das-keltische-cornwall-entdecken-kultur-geschichte-und-mythen","status":"publish","type":"page","link":"https:\/\/www.urlaubcornwall.de\/blog\/das-keltische-cornwall-entdecken-kultur-geschichte-und-mythen\/","title":{"rendered":"Das keltische Cornwall entdecken \u2013 Kultur, Geschichte und Mythen"},"content":{"rendered":"<p><img loading=\"lazy\" class=\"aligncenter size-full wp-image-38645\" src=\"https:\/\/www.urlaubcornwall.de\/blog\/wp-content\/uploads\/2019\/08\/bridge_tintagel_.jpg\" alt=\"Tintagel Br\u00fccke\" width=\"750\" height=\"405\"\/><br \/>\nImage Credit English Heritage<\/p>\n<p><a href=\"https:\/\/www.urlaubcornwall.de\/reiseziel\/cornwall.php\">Cornwall<\/a> und die <a href=\"https:\/\/www.urlaubcornwall.de\/Scilly-Inseln.php\">Isles of Scilly<\/a> sind weit mehr als nur malerische K\u00fcstenregionen. Diese Gebiete sind in einer reichen keltischen Kultur und Geschichte verwurzelt, die bis heute lebendig ist. In diesem Artikel tauchen wir ein in die faszinierende Welt des keltischen Cornwalls, von den heiligen St\u00e4tten bis zu den Legenden und Mythen, die die Region gepr\u00e4gt haben.<\/p>\n<p>Keltische Wurzeln: Cornwall hat eine lange keltische Geschichte, die bis in die vorr\u00f6mische Zeit zur\u00fcckreicht. Die keltischen Vorfahren Cornwalls sprachen die kornische Sprache und hatten ihre eigenen Br\u00e4uche und Traditionen. Obwohl die kornische Sprache zwischenzeitlich verschwand, erlebt sie heute eine Renaissance, und es gibt Bem\u00fchungen, sie wiederzubeleben.<\/p>\n<p>Tintagel Castle: Tintagel, eine beeindruckende Ruine auf einer K\u00fcstenklippe, ist untrennbar mit der Legende von K\u00f6nig Arthur verbunden. Die Felsen von Tintagel sollen der Geburtsort des mythischen K\u00f6nigs Arthur sein, was die Gegend zu einem magischen Ort f\u00fcr Geschichts- und Mythologiefans macht.<\/p>\n<p><img loading=\"lazy\" class=\"aligncenter size-full wp-image-46285\" src=\"https:\/\/www.urlaubcornwall.de\/blog\/wp-content\/uploads\/2023\/04\/st_michaels-mount_newer.jpg\" alt=\"st_michaels mount\" width=\"750\" height=\"563\" srcset=\"https:\/\/www.urlaubcornwall.de\/blog\/wp-content\/uploads\/2023\/04\/st_michaels-mount_newer.jpg 750w, https:\/\/www.urlaubcornwall.de\/blog\/wp-content\/uploads\/2023\/04\/st_michaels-mount_newer-300x225.jpg 300w\" sizes=\"(max-width: 750px) 100vw, 750px\" \/><\/p>\n<p>St. Michael&#8217;s Mount: St. Michael&#8217;s Mount, eine kleine Insel vor der K\u00fcste von Marazion, ist nicht nur f\u00fcr ihre malerische Sch\u00f6nheit bekannt, sondern auch f\u00fcr ihre keltischen Wurzeln. Auf der Insel steht ein Schloss, das von M\u00f6nchen des Mont-Saint-Michel in der Normandie inspiriert wurde. Dies spiegelt die historischen Verbindungen Cornwalls zu anderen keltischen Regionen wider.<\/p>\n<p>Heilige und religi\u00f6se St\u00e4tten: Cornwall und die Isles of Scilly sind reich an religi\u00f6sen Heiligt\u00fcmern und heiligen St\u00e4tten. Die Kapelle St. Senara in Zennor ist ein wunderbares Beispiel f\u00fcr eine alte keltische Kapelle, die eine reiche Geschichte und wundersch\u00f6ne Wandmalereien aufweist. St. Michael&#8217;s Mount beherbergt eine beeindruckende mittelalterliche Kirche, die einen Besuch wert ist.<\/p>\n<p>Mythen und Legenden: Cornwall und die Isles of Scilly sind von zahlreichen Mythen und Legenden durchdrungen. Die Sage von Tristan und Isolde, eine tragische Liebesgeschichte, hat ihre Wurzeln in Cornwall. Ein weiteres faszinierendes Element ist die Legende von den Feen, die in der keltischen Kultur eine wichtige Rolle spielen. <\/p>\n<p>Moderne keltische Kultur: Die keltische Kultur lebt in Cornwall weiter, und es gibt eine florierende Szene f\u00fcr keltische Musik und Tanz. Das Lowender Peran-Festival ist ein j\u00e4hrliches Highlight f\u00fcr Liebhaber keltischer Kultur, das traditionelle Musik, T\u00e4nze und Sprache feiert.<\/p>\n<p>Wir haben die beste Auswahl an <a href=\"https:\/\/www.urlaubcornwall.de\/ferienhaeuser-fewos\/cornwall.html\">pers\u00f6nlich inspizierten Ferienh\u00e4usern im Angebot<\/a>.<\/p>\n<p style=\"text-align: center;\"><a class=\"tidycta\" href=\"https:\/\/www.urlaubcornwall.de\/ferienhaeuser-fewos\/cornwall.html\">Suche Ferienh\u00e4user in Cornwall<\/a><\/p>\n<h1><a href=\"https:\/\/www.urlaubcornwall.de\/rundreisen\/cornwall-suedengland.php\">Unser Rundreisenservice in Cornwall<\/a><\/h1>\n<p>Weshalb \u00fcber uns buchen?<\/p>\n<p>Firmensitz in Cornwall und ein Team Deutsch sprechender Reisespezialisten.<\/p>\n<p>Wir haben eine Leidenschaft f\u00fcrs Reisen und gestalten den perfekten Urlaub.<\/p>\n<p>Ortskenntnisse und Insidertipps f\u00fcr unsere Kunden.<\/p>\n<p>Sonderangebote und Preisnachl\u00e4sse<\/p>\n<p>S\u00e4mtliche unserer Rundreisen sind durch einen voll versicherten deutschen Reiseveranstalter gesichert.<\/p>\n<p style=\"text-align: center;\"><a class=\"tidycta\" href=\"https:\/\/www.urlaubcornwall.de\/rundreisen\/cornwall-suedengland.php\"> Mehr Info<\/a><\/p>\n<div class=\"snippet\"> <a class=\"featured-item\" href=\"https:\/\/www.urlaubcornwall.de\/ferienhaeuser\/cornwall.php\"> <span class=\"image-holder\" style=\"background-image: url('https:\/\/www.urlaubcornwall.de\/blog\/wp-content\/uploads\/2018\/12\/familienurlaub-corwnall-snippet.jpg');\"><\/span> <span class=\"featured-content\"> \n<h2 class=\"featured-title\">Ferienh\u00e4user in Cornwall am Meer<\/h2>\n<p class=\"featured-body\">Cornwall besitzt mehr K\u00fcstenlinien als jede andere Grafschaft und bietet einige der besten Str\u00e4nde, K\u00fcstenwanderwege und Klippenlandschaften, die man \u00fcberhaupt finden kann&#8230; <\/p><\/span> <span class=\"featured-link-holder\"> <span class=\"featured-extra-info\"> \n<p>F\u00fcr Paare, Familien &#038; Gruppen<\/p>\n<\/span> \n<p class=\"featured-link\">DETAILS<\/p>\n<\/span> <\/a><\/div>\n<p>linie, wundersch\u00f6nen Str\u00e4nden, gr\u00fcnen H\u00fcgeln und malerischen D\u00f6rfern, die es zu einem beliebten Reiseziel machen.<\/p>\n","protected":false},"excerpt":{"rendered":"<p>Image Credit English Heritage Cornwall und die Isles of Scilly sind weit mehr als nur malerische K\u00fcstenregionen. Diese Gebiete sind in einer reichen keltischen Kultur und Geschichte verwurzelt, die bis heute lebendig ist. In diesem Artikel tauchen wir ein in die faszinierende Welt des keltischen Cornwalls, von den heiligen St\u00e4tten bis zu den Legenden und [&hellip;]<\/p>\n","protected":false},"author":1,"featured_media":0,"parent":0,"menu_order":0,"comment_status":"closed","ping_status":"closed","template":"single-four.php","meta":[],"acf":[],"yoast_head":"<!-- This site is optimized with the Yoast SEO plugin v19.4 - https:\/\/yoast.com\/wordpress\/plugins\/seo\/ -->\n<title>Das keltische Cornwall entdecken \u2013 Kultur, Geschichte und Mythen - Urlaub &amp; Reisen<\/title>\n<meta name=\"robots\" content=\"index, follow, max-snippet:-1, max-image-preview:large, max-video-preview:-1\" \/>\n<link rel=\"canonical\" href=\"https:\/\/www.urlaubcornwall.de\/blog\/das-keltische-cornwall-entdecken-kultur-geschichte-und-mythen\/\" \/>\n<meta property=\"og:locale\" content=\"en_US\" \/>\n<meta property=\"og:type\" content=\"article\" \/>\n<meta property=\"og:title\" content=\"Das keltische Cornwall entdecken \u2013 Kultur, Geschichte und Mythen - Urlaub &amp; Reisen\" \/>\n<meta property=\"og:description\" content=\"Image Credit English Heritage Cornwall und die Isles of Scilly sind weit mehr als nur malerische K\u00fcstenregionen. Diese Gebiete sind in einer reichen keltischen Kultur und Geschichte verwurzelt, die bis heute lebendig ist. In diesem Artikel tauchen wir ein in die faszinierende Welt des keltischen Cornwalls, von den heiligen St\u00e4tten bis zu den Legenden und [&hellip;]\" \/>\n<meta property=\"og:url\" content=\"https:\/\/www.urlaubcornwall.de\/blog\/das-keltische-cornwall-entdecken-kultur-geschichte-und-mythen\/\" \/>\n<meta property=\"og:site_name\" content=\"Urlaub &amp; Reisen\" \/>\n<meta property=\"article:modified_time\" content=\"2024-05-30T08:17:13+00:00\" \/>\n<meta property=\"og:image\" content=\"https:\/\/www.urlaubcornwall.de\/blog\/wp-content\/uploads\/2019\/08\/bridge_tintagel_.jpg\" \/>\n<meta name=\"twitter:card\" content=\"summary\" \/>\n<meta name=\"twitter:label1\" content=\"Est. reading time\" \/>\n\t<meta name=\"twitter:data1\" content=\"3 minutes\" \/>\n<script type=\"application\/ld+json\" class=\"yoast-schema-graph\">{\"@context\":\"https:\/\/schema.org\",\"@graph\":[{\"@type\":\"WebSite\",\"@id\":\"https:\/\/www.urlaubcornwall.de\/blog\/#website\",\"url\":\"https:\/\/www.urlaubcornwall.de\/blog\/\",\"name\":\"Urlaub &amp; Reisen\",\"description\":\"Urlaub, Reisen, Cornwall und S\u00fcdengland: eine perfekte Kombination\",\"potentialAction\":[{\"@type\":\"SearchAction\",\"target\":{\"@type\":\"EntryPoint\",\"urlTemplate\":\"https:\/\/www.urlaubcornwall.de\/blog\/?s={search_term_string}\"},\"query-input\":\"required name=search_term_string\"}],\"inLanguage\":\"en-US\"},{\"@type\":\"WebPage\",\"@id\":\"https:\/\/www.urlaubcornwall.de\/blog\/das-keltische-cornwall-entdecken-kultur-geschichte-und-mythen\/\",\"url\":\"https:\/\/www.urlaubcornwall.de\/blog\/das-keltische-cornwall-entdecken-kultur-geschichte-und-mythen\/\",\"name\":\"Das keltische Cornwall entdecken \u2013 Kultur, Geschichte und Mythen - Urlaub &amp; Reisen\",\"isPartOf\":{\"@id\":\"https:\/\/www.urlaubcornwall.de\/blog\/#website\"},\"datePublished\":\"2023-10-19T13:14:57+00:00\",\"dateModified\":\"2024-05-30T08:17:13+00:00\",\"breadcrumb\":{\"@id\":\"https:\/\/www.urlaubcornwall.de\/blog\/das-keltische-cornwall-entdecken-kultur-geschichte-und-mythen\/#breadcrumb\"},\"inLanguage\":\"en-US\",\"potentialAction\":[{\"@type\":\"ReadAction\",\"target\":[\"https:\/\/www.urlaubcornwall.de\/blog\/das-keltische-cornwall-entdecken-kultur-geschichte-und-mythen\/\"]}]},{\"@type\":\"BreadcrumbList\",\"@id\":\"https:\/\/www.urlaubcornwall.de\/blog\/das-keltische-cornwall-entdecken-kultur-geschichte-und-mythen\/#breadcrumb\",\"itemListElement\":[{\"@type\":\"ListItem\",\"position\":1,\"name\":\"Home\",\"item\":\"https:\/\/www.urlaubcornwall.de\/blog\/\"},{\"@type\":\"ListItem\",\"position\":2,\"name\":\"Das keltische Cornwall entdecken \u2013 Kultur, Geschichte und Mythen\"}]}]}<\/script>\n<!-- \/ Yoast SEO plugin. -->","yoast_head_json":{"title":"Das keltische Cornwall entdecken \u2013 Kultur, Geschichte und Mythen - Urlaub &amp; Reisen","robots":{"index":"index","follow":"follow","max-snippet":"max-snippet:-1","max-image-preview":"max-image-preview:large","max-video-preview":"max-video-preview:-1"},"canonical":"https:\/\/www.urlaubcornwall.de\/blog\/das-keltische-cornwall-entdecken-kultur-geschichte-und-mythen\/","og_locale":"en_US","og_type":"article","og_title":"Das keltische Cornwall entdecken \u2013 Kultur, Geschichte und Mythen - Urlaub &amp; Reisen","og_description":"Image Credit English Heritage Cornwall und die Isles of Scilly sind weit mehr als nur malerische K\u00fcstenregionen. Diese Gebiete sind in einer reichen keltischen Kultur und Geschichte verwurzelt, die bis heute lebendig ist. In diesem Artikel tauchen wir ein in die faszinierende Welt des keltischen Cornwalls, von den heiligen St\u00e4tten bis zu den Legenden und [&hellip;]","og_url":"https:\/\/www.urlaubcornwall.de\/blog\/das-keltische-cornwall-entdecken-kultur-geschichte-und-mythen\/","og_site_name":"Urlaub &amp; Reisen","article_modified_time":"2024-05-30T08:17:13+00:00","og_image":[{"url":"https:\/\/www.urlaubcornwall.de\/blog\/wp-content\/uploads\/2019\/08\/bridge_tintagel_.jpg"}],"twitter_card":"summary","twitter_misc":{"Est. reading time":"3 minutes"},"schema":{"@context":"https:\/\/schema.org","@graph":[{"@type":"WebSite","@id":"https:\/\/www.urlaubcornwall.de\/blog\/#website","url":"https:\/\/www.urlaubcornwall.de\/blog\/","name":"Urlaub &amp; Reisen","description":"Urlaub, Reisen, Cornwall und S\u00fcdengland: eine perfekte Kombination","potentialAction":[{"@type":"SearchAction","target":{"@type":"EntryPoint","urlTemplate":"https:\/\/www.urlaubcornwall.de\/blog\/?s={search_term_string}"},"query-input":"required name=search_term_string"}],"inLanguage":"en-US"},{"@type":"WebPage","@id":"https:\/\/www.urlaubcornwall.de\/blog\/das-keltische-cornwall-entdecken-kultur-geschichte-und-mythen\/","url":"https:\/\/www.urlaubcornwall.de\/blog\/das-keltische-cornwall-entdecken-kultur-geschichte-und-mythen\/","name":"Das keltische Cornwall entdecken \u2013 Kultur, Geschichte und Mythen - Urlaub &amp; Reisen","isPartOf":{"@id":"https:\/\/www.urlaubcornwall.de\/blog\/#website"},"datePublished":"2023-10-19T13:14:57+00:00","dateModified":"2024-05-30T08:17:13+00:00","breadcrumb":{"@id":"https:\/\/www.urlaubcornwall.de\/blog\/das-keltische-cornwall-entdecken-kultur-geschichte-und-mythen\/#breadcrumb"},"inLanguage":"en-US","potentialAction":[{"@type":"ReadAction","target":["https:\/\/www.urlaubcornwall.de\/blog\/das-keltische-cornwall-entdecken-kultur-geschichte-und-mythen\/"]}]},{"@type":"BreadcrumbList","@id":"https:\/\/www.urlaubcornwall.de\/blog\/das-keltische-cornwall-entdecken-kultur-geschichte-und-mythen\/#breadcrumb","itemListElement":[{"@type":"ListItem","position":1,"name":"Home","item":"https:\/\/www.urlaubcornwall.de\/blog\/"},{"@type":"ListItem","position":2,"name":"Das keltische Cornwall entdecken \u2013 Kultur, Geschichte und Mythen"}]}]}},"_links":{"self":[{"href":"https:\/\/www.urlaubcornwall.de\/blog\/wp-json\/wp\/v2\/pages\/47091"}],"collection":[{"href":"https:\/\/www.urlaubcornwall.de\/blog\/wp-json\/wp\/v2\/pages"}],"about":[{"href":"https:\/\/www.urlaubcornwall.de\/blog\/wp-json\/wp\/v2\/types\/page"}],"author":[{"embeddable":true,"href":"https:\/\/www.urlaubcornwall.de\/blog\/wp-json\/wp\/v2\/users\/1"}],"replies":[{"embeddable":true,"href":"https:\/\/www.urlaubcornwall.de\/blog\/wp-json\/wp\/v2\/comments?post=47091"}],"version-history":[{"count":2,"href":"https:\/\/www.urlaubcornwall.de\/blog\/wp-json\/wp\/v2\/pages\/47091\/revisions"}],"predecessor-version":[{"id":50780,"href":"https:\/\/www.urlaubcornwall.de\/blog\/wp-json\/wp\/v2\/pages\/47091\/revisions\/50780"}],"wp:attachment":[{"href":"https:\/\/www.urlaubcornwall.de\/blog\/wp-json\/wp\/v2\/media?parent=47091"}],"curies":[{"name":"wp","href":"https:\/\/api.w.org\/{rel}","templated":true}]}}