{"id":47069,"date":"2023-10-13T14:00:14","date_gmt":"2023-10-13T14:00:14","guid":{"rendered":"https:\/\/www.urlaubcornwall.de\/blog\/?page_id=47069"},"modified":"2024-05-30T08:35:38","modified_gmt":"2024-05-30T08:35:38","slug":"private-gefuehrte-wanderungen-fuer-gruppen-die-perfekte-erkundung-cornwalls","status":"publish","type":"page","link":"https:\/\/www.urlaubcornwall.de\/blog\/private-gefuehrte-wanderungen-fuer-gruppen-die-perfekte-erkundung-cornwalls\/","title":{"rendered":"Private Gef\u00fchrte Wanderungen f\u00fcr Gruppen: Die Perfekte Erkundung Cornwalls"},"content":{"rendered":"<p><img loading=\"lazy\" class=\"aligncenter size-full wp-image-47547\" src=\"https:\/\/www.urlaubcornwall.de\/blog\/wp-content\/uploads\/2024\/02\/credit-minack-theatre.jpg\" alt=\"minack-theatre\" width=\"750\" height=\"501\" srcset=\"https:\/\/www.urlaubcornwall.de\/blog\/wp-content\/uploads\/2024\/02\/credit-minack-theatre.jpg 750w, https:\/\/www.urlaubcornwall.de\/blog\/wp-content\/uploads\/2024\/02\/credit-minack-theatre-300x200.jpg 300w\" sizes=\"(max-width: 750px) 100vw, 750px\" \/><br \/>\ncredit-minack-theatre<\/p>\n<p>Cornwall, eine Region von unvergleichlicher nat\u00fcrlicher Sch\u00f6nheit und historischer Bedeutung, ist ein wahres Paradies f\u00fcr Abenteurer. Wenn Sie wirklich das Beste aus Ihrer Zeit in Cornwall herausholen und eine einzigartige, ma\u00dfgeschneiderte Erfahrung suchen, dann sollten Sie sich <a href=\"https:\/\/www.urlaubcornwall.de\/massgeschneiderte-gruppenreisen-und-touren.php\">eine private gef\u00fchrte Wanderung<\/a> nicht entgehen lassen.<\/p>\n<p>Bei <a href=\"https:\/\/www.urlaubcornwall.de\/massgeschneiderte-gruppenreisen-und-touren.php\">Cornwall DMC<\/a> sind wir stolz darauf, ma\u00dfgeschneiderte Reisen anzubieten, die Ihren individuellen W\u00fcnschen und Interessen entsprechen. Unser erfahrenes Team arbeitet eng mit Ihnen zusammen, um jeden Aspekt Ihrer Reise zu gestalten, von der Wahl der Unterk\u00fcnfte bis zur Planung von Aktivit\u00e4ten und kulinarischen Erlebnissen.<\/p>\n<p><strong>Kontaktieren Sie uns<\/strong> : Wenn Sie mehr \u00fcber unsere Luxusreisen erfahren m\u00f6chten, <a href=\"https:\/\/www.urlaubcornwall.de\/gruppenanfrage.php\">kontaktieren Sie uns bitte<\/a>. Wir freuen uns, Ihnen bei der Planung Ihres unvergesslichen Urlaubs zu helfen.<\/p>\n<p><strong>Individualit\u00e4t und Exklusivit\u00e4t<\/strong><\/p>\n<p>Eine private gef\u00fchrte Wanderung bietet Ihnen die M\u00f6glichkeit, Cornwall in Ihrem eigenen Tempo zu erkunden. Abseits der Menschenmassen k\u00f6nnen Sie in Ruhe eintauchen, entspannen und die atemberaubende Landschaft genie\u00dfen. Ihr erfahrener Reiseleiter wird die Tour speziell f\u00fcr Sie und Ihre Gruppe gestalten, unabh\u00e4ngig von Ihrer Erfahrung oder Ihren Interessen.<\/p>\n<p><strong>Tier- und Pflanzenwelt hautnah erleben<\/strong><\/p>\n<p>Egal, ob Sie ein Naturfreund sind, sich f\u00fcr die Tier- und Pflanzenwelt interessieren oder historische St\u00e4tten erkunden m\u00f6chten, eine private gef\u00fchrte Wanderung erm\u00f6glicht es Ihnen, die Aspekte Cornwalls zu entdecken, die Sie am meisten interessieren. Ihre Reiseleiter sind sachkundig und k\u00f6nnen Ihnen faszinierende Einblicke in die Natur und Kultur der Region bieten.<\/p>\n<p><strong>Komfort und Ausr\u00fcstung<\/strong><\/p>\n<p>Ihre private Tour beginnt mit bequemer Abholung in komfortablen Transportmitteln. Sie m\u00fcssen sich um nichts k\u00fcmmern, au\u00dfer die Sch\u00f6nheit Cornwalls zu genie\u00dfen. Hochwertige Ferngl\u00e4ser und andere Ausr\u00fcstungen werden zur Verf\u00fcgung gestellt, um sicherzustellen, dass Sie jedes Detail der atemberaubenden Landschaft voll und ganz erfassen k\u00f6nnen.<\/p>\n<p><strong>Ma\u00dfgeschneiderte Erfahrung<\/strong><\/p>\n<p>Die L\u00e4nge der Tour und die Art der Landschaft, die Sie erkunden m\u00f6chten, liegen ganz bei Ihnen. Ihr Reiseleiter wird Ihre Bed\u00fcrfnisse und F\u00e4higkeiten ber\u00fccksichtigen, um sicherzustellen, dass die Tour perfekt auf Sie zugeschnitten ist. Egal, ob Sie einen ganzen Tag in der Wildnis oder nur ein paar Stunden in einer bestimmten Region verbringen m\u00f6chten, Ihre private gef\u00fchrte Wanderung wird Ihren Erwartungen entsprechen.<\/p>\n<p><strong>Eine Erfahrung f\u00fcr alle<\/strong><\/p>\n<p>Private gef\u00fchrte Wanderungen sind f\u00fcr Einzelpersonen, Familien und Gruppen gleicherma\u00dfen verf\u00fcgbar. Egal, ob Sie alleine reisen oder mit Ihren Lieben oder Freunden, diese individuelle Erfahrung wird unvergesslich sein.<\/p>\n<p><strong>Was auch immer Ihr Interesse ist, wir haben es<\/strong><\/p>\n<p>Die M\u00f6glichkeiten sind endlos. Ob Sie sich f\u00fcr Botanik, Vogelbeobachtung, historische Landschaften oder antike St\u00e4tten interessieren, Ihr privater Reiseleiter wird Ihre Leidenschaft teilen und Ihnen die faszinierendsten Aspekte Cornwalls zeigen.<\/p>\n<p>Wir stehen Ihnen gerne zur Verf\u00fcgung, um Ihre perfekte private gef\u00fchrte Wanderung zu planen. Mit unserer umfangreichen Erfahrung und Kenntnissen \u00fcber Cornwalls Tier- und Pflanzenwelt sowie historische St\u00e4tten k\u00f6nnen wir Ihnen viele Anregungen bieten.<\/p>\n<p>Erkunden Sie Cornwall auf Ihre ganz pers\u00f6nliche Art und erleben Sie die Sch\u00f6nheit und Vielfalt dieser Region auf einer private gef\u00fchrte Wanderung, die Ihnen noch lange in Erinnerung bleiben wird.<\/p>\n","protected":false},"excerpt":{"rendered":"<p>credit-minack-theatre Cornwall, eine Region von unvergleichlicher nat\u00fcrlicher Sch\u00f6nheit und historischer Bedeutung, ist ein wahres Paradies f\u00fcr Abenteurer. Wenn Sie wirklich das Beste aus Ihrer Zeit in Cornwall herausholen und eine einzigartige, ma\u00dfgeschneiderte Erfahrung suchen, dann sollten Sie sich eine private gef\u00fchrte Wanderung nicht entgehen lassen. Bei Cornwall DMC sind wir stolz darauf, ma\u00dfgeschneiderte Reisen anzubieten, [&hellip;]<\/p>\n","protected":false},"author":1,"featured_media":0,"parent":0,"menu_order":0,"comment_status":"closed","ping_status":"closed","template":"single-four.php","meta":[],"acf":[],"yoast_head":"<!-- This site is optimized with the Yoast SEO plugin v19.4 - https:\/\/yoast.com\/wordpress\/plugins\/seo\/ -->\n<title>Private Gef\u00fchrte Wanderungen f\u00fcr Gruppen: Die Perfekte Erkundung Cornwalls - Urlaub &amp; Reisen<\/title>\n<meta name=\"robots\" content=\"index, follow, max-snippet:-1, max-image-preview:large, max-video-preview:-1\" \/>\n<link rel=\"canonical\" href=\"https:\/\/www.urlaubcornwall.de\/blog\/private-gefuehrte-wanderungen-fuer-gruppen-die-perfekte-erkundung-cornwalls\/\" \/>\n<meta property=\"og:locale\" content=\"en_US\" \/>\n<meta property=\"og:type\" content=\"article\" \/>\n<meta property=\"og:title\" content=\"Private Gef\u00fchrte Wanderungen f\u00fcr Gruppen: Die Perfekte Erkundung Cornwalls - Urlaub &amp; Reisen\" \/>\n<meta property=\"og:description\" content=\"credit-minack-theatre Cornwall, eine Region von unvergleichlicher nat\u00fcrlicher Sch\u00f6nheit und historischer Bedeutung, ist ein wahres Paradies f\u00fcr Abenteurer. Wenn Sie wirklich das Beste aus Ihrer Zeit in Cornwall herausholen und eine einzigartige, ma\u00dfgeschneiderte Erfahrung suchen, dann sollten Sie sich eine private gef\u00fchrte Wanderung nicht entgehen lassen. Bei Cornwall DMC sind wir stolz darauf, ma\u00dfgeschneiderte Reisen anzubieten, [&hellip;]\" \/>\n<meta property=\"og:url\" content=\"https:\/\/www.urlaubcornwall.de\/blog\/private-gefuehrte-wanderungen-fuer-gruppen-die-perfekte-erkundung-cornwalls\/\" \/>\n<meta property=\"og:site_name\" content=\"Urlaub &amp; Reisen\" \/>\n<meta property=\"article:modified_time\" content=\"2024-05-30T08:35:38+00:00\" \/>\n<meta property=\"og:image\" content=\"https:\/\/www.urlaubcornwall.de\/blog\/wp-content\/uploads\/2024\/02\/credit-minack-theatre.jpg\" \/>\n<meta name=\"twitter:card\" content=\"summary\" \/>\n<meta name=\"twitter:label1\" content=\"Est. reading time\" \/>\n\t<meta name=\"twitter:data1\" content=\"3 minutes\" \/>\n<script type=\"application\/ld+json\" class=\"yoast-schema-graph\">{\"@context\":\"https:\/\/schema.org\",\"@graph\":[{\"@type\":\"WebSite\",\"@id\":\"https:\/\/www.urlaubcornwall.de\/blog\/#website\",\"url\":\"https:\/\/www.urlaubcornwall.de\/blog\/\",\"name\":\"Urlaub &amp; Reisen\",\"description\":\"Urlaub, Reisen, Cornwall und S\u00fcdengland: eine perfekte Kombination\",\"potentialAction\":[{\"@type\":\"SearchAction\",\"target\":{\"@type\":\"EntryPoint\",\"urlTemplate\":\"https:\/\/www.urlaubcornwall.de\/blog\/?s={search_term_string}\"},\"query-input\":\"required name=search_term_string\"}],\"inLanguage\":\"en-US\"},{\"@type\":\"WebPage\",\"@id\":\"https:\/\/www.urlaubcornwall.de\/blog\/private-gefuehrte-wanderungen-fuer-gruppen-die-perfekte-erkundung-cornwalls\/\",\"url\":\"https:\/\/www.urlaubcornwall.de\/blog\/private-gefuehrte-wanderungen-fuer-gruppen-die-perfekte-erkundung-cornwalls\/\",\"name\":\"Private Gef\u00fchrte Wanderungen f\u00fcr Gruppen: Die Perfekte Erkundung Cornwalls - Urlaub &amp; Reisen\",\"isPartOf\":{\"@id\":\"https:\/\/www.urlaubcornwall.de\/blog\/#website\"},\"datePublished\":\"2023-10-13T14:00:14+00:00\",\"dateModified\":\"2024-05-30T08:35:38+00:00\",\"breadcrumb\":{\"@id\":\"https:\/\/www.urlaubcornwall.de\/blog\/private-gefuehrte-wanderungen-fuer-gruppen-die-perfekte-erkundung-cornwalls\/#breadcrumb\"},\"inLanguage\":\"en-US\",\"potentialAction\":[{\"@type\":\"ReadAction\",\"target\":[\"https:\/\/www.urlaubcornwall.de\/blog\/private-gefuehrte-wanderungen-fuer-gruppen-die-perfekte-erkundung-cornwalls\/\"]}]},{\"@type\":\"BreadcrumbList\",\"@id\":\"https:\/\/www.urlaubcornwall.de\/blog\/private-gefuehrte-wanderungen-fuer-gruppen-die-perfekte-erkundung-cornwalls\/#breadcrumb\",\"itemListElement\":[{\"@type\":\"ListItem\",\"position\":1,\"name\":\"Home\",\"item\":\"https:\/\/www.urlaubcornwall.de\/blog\/\"},{\"@type\":\"ListItem\",\"position\":2,\"name\":\"Private Gef\u00fchrte Wanderungen f\u00fcr Gruppen: Die Perfekte Erkundung Cornwalls\"}]}]}<\/script>\n<!-- \/ Yoast SEO plugin. -->","yoast_head_json":{"title":"Private Gef\u00fchrte Wanderungen f\u00fcr Gruppen: Die Perfekte Erkundung Cornwalls - Urlaub &amp; Reisen","robots":{"index":"index","follow":"follow","max-snippet":"max-snippet:-1","max-image-preview":"max-image-preview:large","max-video-preview":"max-video-preview:-1"},"canonical":"https:\/\/www.urlaubcornwall.de\/blog\/private-gefuehrte-wanderungen-fuer-gruppen-die-perfekte-erkundung-cornwalls\/","og_locale":"en_US","og_type":"article","og_title":"Private Gef\u00fchrte Wanderungen f\u00fcr Gruppen: Die Perfekte Erkundung Cornwalls - Urlaub &amp; Reisen","og_description":"credit-minack-theatre Cornwall, eine Region von unvergleichlicher nat\u00fcrlicher Sch\u00f6nheit und historischer Bedeutung, ist ein wahres Paradies f\u00fcr Abenteurer. Wenn Sie wirklich das Beste aus Ihrer Zeit in Cornwall herausholen und eine einzigartige, ma\u00dfgeschneiderte Erfahrung suchen, dann sollten Sie sich eine private gef\u00fchrte Wanderung nicht entgehen lassen. Bei Cornwall DMC sind wir stolz darauf, ma\u00dfgeschneiderte Reisen anzubieten, [&hellip;]","og_url":"https:\/\/www.urlaubcornwall.de\/blog\/private-gefuehrte-wanderungen-fuer-gruppen-die-perfekte-erkundung-cornwalls\/","og_site_name":"Urlaub &amp; Reisen","article_modified_time":"2024-05-30T08:35:38+00:00","og_image":[{"url":"https:\/\/www.urlaubcornwall.de\/blog\/wp-content\/uploads\/2024\/02\/credit-minack-theatre.jpg"}],"twitter_card":"summary","twitter_misc":{"Est. reading time":"3 minutes"},"schema":{"@context":"https:\/\/schema.org","@graph":[{"@type":"WebSite","@id":"https:\/\/www.urlaubcornwall.de\/blog\/#website","url":"https:\/\/www.urlaubcornwall.de\/blog\/","name":"Urlaub &amp; Reisen","description":"Urlaub, Reisen, Cornwall und S\u00fcdengland: eine perfekte Kombination","potentialAction":[{"@type":"SearchAction","target":{"@type":"EntryPoint","urlTemplate":"https:\/\/www.urlaubcornwall.de\/blog\/?s={search_term_string}"},"query-input":"required name=search_term_string"}],"inLanguage":"en-US"},{"@type":"WebPage","@id":"https:\/\/www.urlaubcornwall.de\/blog\/private-gefuehrte-wanderungen-fuer-gruppen-die-perfekte-erkundung-cornwalls\/","url":"https:\/\/www.urlaubcornwall.de\/blog\/private-gefuehrte-wanderungen-fuer-gruppen-die-perfekte-erkundung-cornwalls\/","name":"Private Gef\u00fchrte Wanderungen f\u00fcr Gruppen: Die Perfekte Erkundung Cornwalls - Urlaub &amp; Reisen","isPartOf":{"@id":"https:\/\/www.urlaubcornwall.de\/blog\/#website"},"datePublished":"2023-10-13T14:00:14+00:00","dateModified":"2024-05-30T08:35:38+00:00","breadcrumb":{"@id":"https:\/\/www.urlaubcornwall.de\/blog\/private-gefuehrte-wanderungen-fuer-gruppen-die-perfekte-erkundung-cornwalls\/#breadcrumb"},"inLanguage":"en-US","potentialAction":[{"@type":"ReadAction","target":["https:\/\/www.urlaubcornwall.de\/blog\/private-gefuehrte-wanderungen-fuer-gruppen-die-perfekte-erkundung-cornwalls\/"]}]},{"@type":"BreadcrumbList","@id":"https:\/\/www.urlaubcornwall.de\/blog\/private-gefuehrte-wanderungen-fuer-gruppen-die-perfekte-erkundung-cornwalls\/#breadcrumb","itemListElement":[{"@type":"ListItem","position":1,"name":"Home","item":"https:\/\/www.urlaubcornwall.de\/blog\/"},{"@type":"ListItem","position":2,"name":"Private Gef\u00fchrte Wanderungen f\u00fcr Gruppen: Die Perfekte Erkundung Cornwalls"}]}]}},"_links":{"self":[{"href":"https:\/\/www.urlaubcornwall.de\/blog\/wp-json\/wp\/v2\/pages\/47069"}],"collection":[{"href":"https:\/\/www.urlaubcornwall.de\/blog\/wp-json\/wp\/v2\/pages"}],"about":[{"href":"https:\/\/www.urlaubcornwall.de\/blog\/wp-json\/wp\/v2\/types\/page"}],"author":[{"embeddable":true,"href":"https:\/\/www.urlaubcornwall.de\/blog\/wp-json\/wp\/v2\/users\/1"}],"replies":[{"embeddable":true,"href":"https:\/\/www.urlaubcornwall.de\/blog\/wp-json\/wp\/v2\/comments?post=47069"}],"version-history":[{"count":2,"href":"https:\/\/www.urlaubcornwall.de\/blog\/wp-json\/wp\/v2\/pages\/47069\/revisions"}],"predecessor-version":[{"id":50809,"href":"https:\/\/www.urlaubcornwall.de\/blog\/wp-json\/wp\/v2\/pages\/47069\/revisions\/50809"}],"wp:attachment":[{"href":"https:\/\/www.urlaubcornwall.de\/blog\/wp-json\/wp\/v2\/media?parent=47069"}],"curies":[{"name":"wp","href":"https:\/\/api.w.org\/{rel}","templated":true}]}}