{"id":47063,"date":"2023-10-11T08:47:58","date_gmt":"2023-10-11T08:47:58","guid":{"rendered":"https:\/\/www.urlaubcornwall.de\/blog\/?page_id=47063"},"modified":"2024-05-30T08:17:24","modified_gmt":"2024-05-30T08:17:24","slug":"erkundung-der-verbindungen-zwischen-der-bretagne-und-cornwall","status":"publish","type":"page","link":"https:\/\/www.urlaubcornwall.de\/blog\/erkundung-der-verbindungen-zwischen-der-bretagne-und-cornwall\/","title":{"rendered":"Erkundung der Verbindungen zwischen der Bretagne und Cornwall"},"content":{"rendered":"<p><img loading=\"lazy\" class=\"aligncenter size-full wp-image-38645\" src=\"https:\/\/www.urlaubcornwall.de\/blog\/wp-content\/uploads\/2019\/08\/bridge_tintagel_.jpg\" alt=\"Tintagel Br\u00fccke\" width=\"750\" height=\"405\"\/><br \/>\nImage Credit English Heritage<\/p>\n<p>Die Verbindungen zwischen der Bretagne und Cornwall sind vielf\u00e4ltig und historisch tief verwurzelt. Diese Regionen, obwohl geografisch getrennt, teilen eine reiche Geschichte, Kultur und Sprache. Hier sind einige der interessanten Aspekte, die die Verbindungen zwischen der Bretagne und <a href=\"https:\/\/www.urlaubcornwall.de\/reiseziel\/cornwall.php\">Cornwall<\/a> beleuchten:<\/p>\n<p>1. Keltische Wurzeln: Beide Regionen haben keltische Urspr\u00fcnge, und ihre Geschichte reicht bis in die vorchristliche Zeit zur\u00fcck. Die keltischen Sprachen, Bretonisch in der Bretagne und Kornisch in Cornwall, sind eng miteinander verwandt und geh\u00f6ren zur keltischen Sprachfamilie. Dies zeigt die gemeinsamen kulturellen Wurzeln und die historische Verbundenheit der Regionen.<\/p>\n<p>2. Handel und Fischerei: Die geografische N\u00e4he und die Meeresverbindung haben zu einer starken maritimen Handelsbeziehung gef\u00fchrt. In der Vergangenheit florierte der Handel mit Fisch und anderen G\u00fctern zwischen der Bretagne und Cornwall. Fischer und H\u00e4ndler aus beiden Regionen pflegten enge Verbindungen und tauschten Waren und Ideen aus.<\/p>\n<p>3. Einfluss auf die K\u00fcche: Die K\u00fcche in der Bretagne und in Cornwall hat \u00e4hnliche Merkmale aufgrund der gemeinsamen Liebe zum Meer und zu Meeresfr\u00fcchten. Gerichte wie Meeresfr\u00fcchtesuppen, bretonische Cr\u00eapes und kornische Pasteten sind Beispiele f\u00fcr kulinarische Parallelen zwischen den Regionen.<\/p>\n<p>4. Pilgerwege: Die Bretagne und <a href=\"https:\/\/www.urlaubcornwall.de\/ferienhaeuser\/cornwall.php\">Cornwall<\/a> waren wichtige Ziele f\u00fcr religi\u00f6se Pilgerreisen. Der Heilige Jakobsweg (Chemin de Saint-Jacques) in der Bretagne und der St. Michael&#8217;s Way in Cornwall sind historische Pilgerwege, die die beiden Regionen miteinander verbinden.<\/p>\n<p>5. Kulturelle Veranstaltungen: In beiden Regionen finden j\u00e4hrlich kulturelle Veranstaltungen statt, die die Verbundenheit zwischen der Bretagne und Cornwall feiern. Beispielsweise sind Festivals wie das Festival Interceltique de Lorient in der Bretagne und das Lowender Peran Festival in Cornwall Plattformen f\u00fcr keltische Musik, Tanz und Kultur.<\/p>\n<p>6. Gemeinsame Geschichten: Es gibt historische Geschichten von Schiffbr\u00fcchigen, die an die K\u00fcsten der Bretagne und Cornwalls gesp\u00fclt wurden. Diese Geschichten zeigen die Bereitschaft beider Regionen, Schiffbr\u00fcchige zu retten und willkommen zu hei\u00dfen, und betonen die Menschlichkeit und den Zusammenhalt zwischen den Menschen.<\/p>\n<p>Wir haben die beste Auswahl an <a href=\"https:\/\/www.urlaubcornwall.de\/ferienhaeuser-fewos\/cornwall.html\">pers\u00f6nlich inspizierten Ferienh\u00e4usern im Angebot<\/a>.<\/p>\n<p style=\"text-align: center;\"><a class=\"tidycta\" href=\"https:\/\/www.urlaubcornwall.de\/ferienhaeuser-fewos\/cornwall.html\">Suche Ferienh\u00e4user in Cornwall<\/a><\/p>\n<h1><a href=\"https:\/\/www.urlaubcornwall.de\/rundreisen\/cornwall-suedengland.php\">Unser Rundreisenservice in Cornwall<\/a><\/h1>\n<p>Weshalb \u00fcber uns buchen?<\/p>\n<p>Firmensitz in Cornwall und ein Team Deutsch sprechender Reisespezialisten.<\/p>\n<p>Wir haben eine Leidenschaft f\u00fcrs Reisen und gestalten den perfekten Urlaub.<\/p>\n<p>Ortskenntnisse und Insidertipps f\u00fcr unsere Kunden.<\/p>\n<p>Sonderangebote und Preisnachl\u00e4sse<\/p>\n<p>S\u00e4mtliche unserer Rundreisen sind durch einen voll versicherten deutschen Reiseveranstalter gesichert.<\/p>\n<p style=\"text-align: center;\"><a class=\"tidycta\" href=\"https:\/\/www.urlaubcornwall.de\/rundreisen\/cornwall-suedengland.php\"> Mehr Info<\/a><\/p>\n<div class=\"snippet\"> <a class=\"featured-item\" href=\"https:\/\/www.urlaubcornwall.de\/ferienhaeuser\/cornwall.php\"> <span class=\"image-holder\" style=\"background-image: url('https:\/\/www.urlaubcornwall.de\/blog\/wp-content\/uploads\/2018\/12\/familienurlaub-corwnall-snippet.jpg');\"><\/span> <span class=\"featured-content\"> \n<h2 class=\"featured-title\">Ferienh\u00e4user in Cornwall am Meer<\/h2>\n<p class=\"featured-body\">Cornwall besitzt mehr K\u00fcstenlinien als jede andere Grafschaft und bietet einige der besten Str\u00e4nde, K\u00fcstenwanderwege und Klippenlandschaften, die man \u00fcberhaupt finden kann&#8230; <\/p><\/span> <span class=\"featured-link-holder\"> <span class=\"featured-extra-info\"> \n<p>F\u00fcr Paare, Familien &#038; Gruppen<\/p>\n<\/span> \n<p class=\"featured-link\">DETAILS<\/p>\n<\/span> <\/a><\/div>\n<p>linie, wundersch\u00f6nen Str\u00e4nden, gr\u00fcnen H\u00fcgeln und malerischen D\u00f6rfern, die es zu einem beliebten Reiseziel machen.<\/p>\n","protected":false},"excerpt":{"rendered":"<p>Image Credit English Heritage Die Verbindungen zwischen der Bretagne und Cornwall sind vielf\u00e4ltig und historisch tief verwurzelt. Diese Regionen, obwohl geografisch getrennt, teilen eine reiche Geschichte, Kultur und Sprache. Hier sind einige der interessanten Aspekte, die die Verbindungen zwischen der Bretagne und Cornwall beleuchten: 1. Keltische Wurzeln: Beide Regionen haben keltische Urspr\u00fcnge, und ihre Geschichte [&hellip;]<\/p>\n","protected":false},"author":1,"featured_media":0,"parent":0,"menu_order":0,"comment_status":"closed","ping_status":"closed","template":"single-four.php","meta":[],"acf":[],"yoast_head":"<!-- This site is optimized with the Yoast SEO plugin v19.4 - https:\/\/yoast.com\/wordpress\/plugins\/seo\/ -->\n<title>Erkundung der Verbindungen zwischen der Bretagne und Cornwall - Urlaub &amp; Reisen<\/title>\n<meta name=\"robots\" content=\"index, follow, max-snippet:-1, max-image-preview:large, max-video-preview:-1\" \/>\n<link rel=\"canonical\" href=\"https:\/\/www.urlaubcornwall.de\/blog\/erkundung-der-verbindungen-zwischen-der-bretagne-und-cornwall\/\" \/>\n<meta property=\"og:locale\" content=\"en_US\" \/>\n<meta property=\"og:type\" content=\"article\" \/>\n<meta property=\"og:title\" content=\"Erkundung der Verbindungen zwischen der Bretagne und Cornwall - Urlaub &amp; Reisen\" \/>\n<meta property=\"og:description\" content=\"Image Credit English Heritage Die Verbindungen zwischen der Bretagne und Cornwall sind vielf\u00e4ltig und historisch tief verwurzelt. Diese Regionen, obwohl geografisch getrennt, teilen eine reiche Geschichte, Kultur und Sprache. Hier sind einige der interessanten Aspekte, die die Verbindungen zwischen der Bretagne und Cornwall beleuchten: 1. Keltische Wurzeln: Beide Regionen haben keltische Urspr\u00fcnge, und ihre Geschichte [&hellip;]\" \/>\n<meta property=\"og:url\" content=\"https:\/\/www.urlaubcornwall.de\/blog\/erkundung-der-verbindungen-zwischen-der-bretagne-und-cornwall\/\" \/>\n<meta property=\"og:site_name\" content=\"Urlaub &amp; Reisen\" \/>\n<meta property=\"article:modified_time\" content=\"2024-05-30T08:17:24+00:00\" \/>\n<meta property=\"og:image\" content=\"https:\/\/www.urlaubcornwall.de\/blog\/wp-content\/uploads\/2019\/08\/bridge_tintagel_.jpg\" \/>\n<meta name=\"twitter:card\" content=\"summary\" \/>\n<meta name=\"twitter:label1\" content=\"Est. reading time\" \/>\n\t<meta name=\"twitter:data1\" content=\"3 minutes\" \/>\n<script type=\"application\/ld+json\" class=\"yoast-schema-graph\">{\"@context\":\"https:\/\/schema.org\",\"@graph\":[{\"@type\":\"WebSite\",\"@id\":\"https:\/\/www.urlaubcornwall.de\/blog\/#website\",\"url\":\"https:\/\/www.urlaubcornwall.de\/blog\/\",\"name\":\"Urlaub &amp; Reisen\",\"description\":\"Urlaub, Reisen, Cornwall und S\u00fcdengland: eine perfekte Kombination\",\"potentialAction\":[{\"@type\":\"SearchAction\",\"target\":{\"@type\":\"EntryPoint\",\"urlTemplate\":\"https:\/\/www.urlaubcornwall.de\/blog\/?s={search_term_string}\"},\"query-input\":\"required name=search_term_string\"}],\"inLanguage\":\"en-US\"},{\"@type\":\"WebPage\",\"@id\":\"https:\/\/www.urlaubcornwall.de\/blog\/erkundung-der-verbindungen-zwischen-der-bretagne-und-cornwall\/\",\"url\":\"https:\/\/www.urlaubcornwall.de\/blog\/erkundung-der-verbindungen-zwischen-der-bretagne-und-cornwall\/\",\"name\":\"Erkundung der Verbindungen zwischen der Bretagne und Cornwall - Urlaub &amp; Reisen\",\"isPartOf\":{\"@id\":\"https:\/\/www.urlaubcornwall.de\/blog\/#website\"},\"datePublished\":\"2023-10-11T08:47:58+00:00\",\"dateModified\":\"2024-05-30T08:17:24+00:00\",\"breadcrumb\":{\"@id\":\"https:\/\/www.urlaubcornwall.de\/blog\/erkundung-der-verbindungen-zwischen-der-bretagne-und-cornwall\/#breadcrumb\"},\"inLanguage\":\"en-US\",\"potentialAction\":[{\"@type\":\"ReadAction\",\"target\":[\"https:\/\/www.urlaubcornwall.de\/blog\/erkundung-der-verbindungen-zwischen-der-bretagne-und-cornwall\/\"]}]},{\"@type\":\"BreadcrumbList\",\"@id\":\"https:\/\/www.urlaubcornwall.de\/blog\/erkundung-der-verbindungen-zwischen-der-bretagne-und-cornwall\/#breadcrumb\",\"itemListElement\":[{\"@type\":\"ListItem\",\"position\":1,\"name\":\"Home\",\"item\":\"https:\/\/www.urlaubcornwall.de\/blog\/\"},{\"@type\":\"ListItem\",\"position\":2,\"name\":\"Erkundung der Verbindungen zwischen der Bretagne und Cornwall\"}]}]}<\/script>\n<!-- \/ Yoast SEO plugin. -->","yoast_head_json":{"title":"Erkundung der Verbindungen zwischen der Bretagne und Cornwall - Urlaub &amp; Reisen","robots":{"index":"index","follow":"follow","max-snippet":"max-snippet:-1","max-image-preview":"max-image-preview:large","max-video-preview":"max-video-preview:-1"},"canonical":"https:\/\/www.urlaubcornwall.de\/blog\/erkundung-der-verbindungen-zwischen-der-bretagne-und-cornwall\/","og_locale":"en_US","og_type":"article","og_title":"Erkundung der Verbindungen zwischen der Bretagne und Cornwall - Urlaub &amp; Reisen","og_description":"Image Credit English Heritage Die Verbindungen zwischen der Bretagne und Cornwall sind vielf\u00e4ltig und historisch tief verwurzelt. Diese Regionen, obwohl geografisch getrennt, teilen eine reiche Geschichte, Kultur und Sprache. Hier sind einige der interessanten Aspekte, die die Verbindungen zwischen der Bretagne und Cornwall beleuchten: 1. Keltische Wurzeln: Beide Regionen haben keltische Urspr\u00fcnge, und ihre Geschichte [&hellip;]","og_url":"https:\/\/www.urlaubcornwall.de\/blog\/erkundung-der-verbindungen-zwischen-der-bretagne-und-cornwall\/","og_site_name":"Urlaub &amp; Reisen","article_modified_time":"2024-05-30T08:17:24+00:00","og_image":[{"url":"https:\/\/www.urlaubcornwall.de\/blog\/wp-content\/uploads\/2019\/08\/bridge_tintagel_.jpg"}],"twitter_card":"summary","twitter_misc":{"Est. reading time":"3 minutes"},"schema":{"@context":"https:\/\/schema.org","@graph":[{"@type":"WebSite","@id":"https:\/\/www.urlaubcornwall.de\/blog\/#website","url":"https:\/\/www.urlaubcornwall.de\/blog\/","name":"Urlaub &amp; Reisen","description":"Urlaub, Reisen, Cornwall und S\u00fcdengland: eine perfekte Kombination","potentialAction":[{"@type":"SearchAction","target":{"@type":"EntryPoint","urlTemplate":"https:\/\/www.urlaubcornwall.de\/blog\/?s={search_term_string}"},"query-input":"required name=search_term_string"}],"inLanguage":"en-US"},{"@type":"WebPage","@id":"https:\/\/www.urlaubcornwall.de\/blog\/erkundung-der-verbindungen-zwischen-der-bretagne-und-cornwall\/","url":"https:\/\/www.urlaubcornwall.de\/blog\/erkundung-der-verbindungen-zwischen-der-bretagne-und-cornwall\/","name":"Erkundung der Verbindungen zwischen der Bretagne und Cornwall - Urlaub &amp; Reisen","isPartOf":{"@id":"https:\/\/www.urlaubcornwall.de\/blog\/#website"},"datePublished":"2023-10-11T08:47:58+00:00","dateModified":"2024-05-30T08:17:24+00:00","breadcrumb":{"@id":"https:\/\/www.urlaubcornwall.de\/blog\/erkundung-der-verbindungen-zwischen-der-bretagne-und-cornwall\/#breadcrumb"},"inLanguage":"en-US","potentialAction":[{"@type":"ReadAction","target":["https:\/\/www.urlaubcornwall.de\/blog\/erkundung-der-verbindungen-zwischen-der-bretagne-und-cornwall\/"]}]},{"@type":"BreadcrumbList","@id":"https:\/\/www.urlaubcornwall.de\/blog\/erkundung-der-verbindungen-zwischen-der-bretagne-und-cornwall\/#breadcrumb","itemListElement":[{"@type":"ListItem","position":1,"name":"Home","item":"https:\/\/www.urlaubcornwall.de\/blog\/"},{"@type":"ListItem","position":2,"name":"Erkundung der Verbindungen zwischen der Bretagne und Cornwall"}]}]}},"_links":{"self":[{"href":"https:\/\/www.urlaubcornwall.de\/blog\/wp-json\/wp\/v2\/pages\/47063"}],"collection":[{"href":"https:\/\/www.urlaubcornwall.de\/blog\/wp-json\/wp\/v2\/pages"}],"about":[{"href":"https:\/\/www.urlaubcornwall.de\/blog\/wp-json\/wp\/v2\/types\/page"}],"author":[{"embeddable":true,"href":"https:\/\/www.urlaubcornwall.de\/blog\/wp-json\/wp\/v2\/users\/1"}],"replies":[{"embeddable":true,"href":"https:\/\/www.urlaubcornwall.de\/blog\/wp-json\/wp\/v2\/comments?post=47063"}],"version-history":[{"count":2,"href":"https:\/\/www.urlaubcornwall.de\/blog\/wp-json\/wp\/v2\/pages\/47063\/revisions"}],"predecessor-version":[{"id":50781,"href":"https:\/\/www.urlaubcornwall.de\/blog\/wp-json\/wp\/v2\/pages\/47063\/revisions\/50781"}],"wp:attachment":[{"href":"https:\/\/www.urlaubcornwall.de\/blog\/wp-json\/wp\/v2\/media?parent=47063"}],"curies":[{"name":"wp","href":"https:\/\/api.w.org\/{rel}","templated":true}]}}