{"id":47043,"date":"2023-09-20T08:30:33","date_gmt":"2023-09-20T08:30:33","guid":{"rendered":"https:\/\/www.urlaubcornwall.de\/blog\/?page_id=47043"},"modified":"2024-04-02T12:44:36","modified_gmt":"2024-04-02T12:44:36","slug":"aktuelle-trends-bei-den-tourismuszahlen-in-cornwall","status":"publish","type":"page","link":"https:\/\/www.urlaubcornwall.de\/blog\/aktuelle-trends-bei-den-tourismuszahlen-in-cornwall\/","title":{"rendered":"Aktuelle Trends bei den Tourismuszahlen in Cornwall"},"content":{"rendered":"<p><img loading=\"lazy\" class=\"aligncenter size-full wp-image-48098\" src=\"https:\/\/www.urlaubcornwall.de\/blog\/wp-content\/uploads\/2024\/03\/zennor.jpg\" alt=\"zennor\" width=\"750\" height=\"500\" srcset=\"https:\/\/www.urlaubcornwall.de\/blog\/wp-content\/uploads\/2024\/03\/zennor.jpg 750w, https:\/\/www.urlaubcornwall.de\/blog\/wp-content\/uploads\/2024\/03\/zennor-300x200.jpg 300w\" sizes=\"(max-width: 750px) 100vw, 750px\" \/><\/p>\n<p>Im Jahr 2022 waren es sogar 5 Millionen Besucher, ein Rekord. Aber in diesem Jahr ist der Trend etwas abgeflacht. Bis jetzt sind die Besucherzahlen um etwa 10-15 % zur\u00fcckgegangen.<\/p>\n<p><strong>Warum ist Cornwall so beliebt?<\/strong><\/p>\n<p>Es gibt ein paar Gr\u00fcnde daf\u00fcr. Erstens hat <a href=\"https:\/\/www.urlaubcornwall.de\/reiseziel\/cornwall.php\">Cornwall wundersch\u00f6ne Str\u00e4nde, atemberaubende K\u00fcstenlandschaften<\/a> und eine reiche Geschichte und Kultur. Zweitens gibt es dort eine Reihe beliebter Sehensw\u00fcrdigkeiten, wie das Eden Project, St. Michael&#8217;s Mount und die Tate St Ives.<\/p>\n<p>Warum ist Cornwall im Jahr 2023 weniger beliebt geworden?<\/p>\n<p>Es gibt ein paar Gr\u00fcnde f\u00fcr den R\u00fcckgang der Besucherzahlen in Cornwall in diesem Jahr. Die Inflation, die steigenden Kraftstoffpreise und der Krieg in der Ukraine spielen alle eine Rolle.<\/p>\n<p>Zus\u00e4tzlich ist Cornwall in den letzten Jahren immer beliebter geworden, was zu \u00dcberf\u00fcllung und h\u00f6heren Preisen gef\u00fchrt hat. Dies k\u00f6nnte einige Menschen davon abhalten, Cornwall in diesem Jahr zu besuchen.<\/p>\n<p><a href=\"https:\/\/www.urlaubcornwall.de\/blog\/suchen-sie-einen-guenstigen-urlaub-in-cornwall-hier-sind-6-hilfreiche-tipps\/\">Suchen Sie einen g\u00fcnstigen Urlaub in Cornwall? Hier sind 6 hilfreiche Tipps?<\/a><\/p>\n<p><strong>Fazit<\/strong><\/p>\n<p>Trotz des R\u00fcckgangs der Besucherzahlen bleibt Cornwall ein beliebtes Touristenziel. Es hat viel zu bieten, darunter sch\u00f6ne Landschaften, atemberaubende Str\u00e4nde und eine reiche Geschichte und Kultur.<\/p>\n<p>Bonustipp: Wenn du einen Trip nach Cornwall planst, solltest du au\u00dferhalb der Hauptsaison im Sommer reisen. Dann gibt es weniger Menschenmassen und die Preise sind niedriger.<\/p>\n<div class=\"snippet\"> <a class=\"featured-item\" href=\"https:\/\/www.urlaubcornwall.de\/ferienhaeuser\/cornwall.php\"> <span class=\"image-holder\" style=\"background-image: url('https:\/\/www.urlaubcornwall.de\/blog\/wp-content\/uploads\/2018\/12\/familienurlaub-corwnall-snippet.jpg');\"><\/span> <span class=\"featured-content\"> \n<h2 class=\"featured-title\">Ferienh\u00e4user in Cornwall am Meer<\/h2>\n<p class=\"featured-body\">Cornwall besitzt mehr K\u00fcstenlinien als jede andere Grafschaft und bietet einige der besten Str\u00e4nde, K\u00fcstenwanderwege und Klippenlandschaften, die man \u00fcberhaupt finden kann&#8230; <\/p><\/span> <span class=\"featured-link-holder\"> <span class=\"featured-extra-info\"> \n<p>F\u00fcr Paare, Familien &#038; Gruppen<\/p>\n<\/span> \n<p class=\"featured-link\">DETAILS<\/p>\n<\/span> <\/a><\/div>\n<div class=\"snippet\"> <a class=\"featured-item\" href=\" https:\/\/www.urlaubcornwall.de\/rundreisen\/cornwall-suedengland.php\"> <span class=\"image-holder\" style=\"background-image: url(' https:\/\/www.urlaubcornwall.de\/blog\/wp-content\/uploads\/2018\/11\/rundreise-cornwall.jpg ');\"><\/span> <span class=\"featured-content\"> \n<h2 class=\"featured-title\">Individuelle Rundreise in Cornwall &#038; S\u00fcdengland<\/h2>\n<p class=\"featured-body\"> Bei dieser Cornwall Rundreise entdecken Sie die H\u00f6hepunkte S\u00fcdenglands. Kultur, Geschichte, Landschaft und heutiges Leben werden Sie hierbei kennenlernen&#8230;<\/p>\n<\/span> <span class=\"featured-link-holder\"> <span class=\"featured-extra-info\"> \n<p>Urlaub im eigenen Schritttempo<\/p>\n<\/span> \n<p class=\"featured-link\">DETAILS<\/p>\n<\/span> <\/a><\/div>\n","protected":false},"excerpt":{"rendered":"<p>Im Jahr 2022 waren es sogar 5 Millionen Besucher, ein Rekord. Aber in diesem Jahr ist der Trend etwas abgeflacht. Bis jetzt sind die Besucherzahlen um etwa 10-15 % zur\u00fcckgegangen. Warum ist Cornwall so beliebt? Es gibt ein paar Gr\u00fcnde daf\u00fcr. Erstens hat Cornwall wundersch\u00f6ne Str\u00e4nde, atemberaubende K\u00fcstenlandschaften und eine reiche Geschichte und Kultur. Zweitens [&hellip;]<\/p>\n","protected":false},"author":1,"featured_media":0,"parent":0,"menu_order":0,"comment_status":"closed","ping_status":"closed","template":"single-four.php","meta":[],"acf":[],"yoast_head":"<!-- This site is optimized with the Yoast SEO plugin v19.4 - https:\/\/yoast.com\/wordpress\/plugins\/seo\/ -->\n<title>Aktuelle Trends bei den Tourismuszahlen in Cornwall - Urlaub &amp; Reisen<\/title>\n<meta name=\"robots\" content=\"index, follow, max-snippet:-1, max-image-preview:large, max-video-preview:-1\" \/>\n<link rel=\"canonical\" href=\"https:\/\/www.urlaubcornwall.de\/blog\/aktuelle-trends-bei-den-tourismuszahlen-in-cornwall\/\" \/>\n<meta property=\"og:locale\" content=\"en_US\" \/>\n<meta property=\"og:type\" content=\"article\" \/>\n<meta property=\"og:title\" content=\"Aktuelle Trends bei den Tourismuszahlen in Cornwall - Urlaub &amp; Reisen\" \/>\n<meta property=\"og:description\" content=\"Im Jahr 2022 waren es sogar 5 Millionen Besucher, ein Rekord. Aber in diesem Jahr ist der Trend etwas abgeflacht. Bis jetzt sind die Besucherzahlen um etwa 10-15 % zur\u00fcckgegangen. Warum ist Cornwall so beliebt? Es gibt ein paar Gr\u00fcnde daf\u00fcr. Erstens hat Cornwall wundersch\u00f6ne Str\u00e4nde, atemberaubende K\u00fcstenlandschaften und eine reiche Geschichte und Kultur. Zweitens [&hellip;]\" \/>\n<meta property=\"og:url\" content=\"https:\/\/www.urlaubcornwall.de\/blog\/aktuelle-trends-bei-den-tourismuszahlen-in-cornwall\/\" \/>\n<meta property=\"og:site_name\" content=\"Urlaub &amp; Reisen\" \/>\n<meta property=\"article:modified_time\" content=\"2024-04-02T12:44:36+00:00\" \/>\n<meta property=\"og:image\" content=\"https:\/\/www.urlaubcornwall.de\/blog\/wp-content\/uploads\/2024\/03\/zennor.jpg\" \/>\n<meta name=\"twitter:card\" content=\"summary\" \/>\n<meta name=\"twitter:label1\" content=\"Est. reading time\" \/>\n\t<meta name=\"twitter:data1\" content=\"2 minutes\" \/>\n<script type=\"application\/ld+json\" class=\"yoast-schema-graph\">{\"@context\":\"https:\/\/schema.org\",\"@graph\":[{\"@type\":\"WebSite\",\"@id\":\"https:\/\/www.urlaubcornwall.de\/blog\/#website\",\"url\":\"https:\/\/www.urlaubcornwall.de\/blog\/\",\"name\":\"Urlaub &amp; Reisen\",\"description\":\"Urlaub, Reisen, Cornwall und S\u00fcdengland: eine perfekte Kombination\",\"potentialAction\":[{\"@type\":\"SearchAction\",\"target\":{\"@type\":\"EntryPoint\",\"urlTemplate\":\"https:\/\/www.urlaubcornwall.de\/blog\/?s={search_term_string}\"},\"query-input\":\"required name=search_term_string\"}],\"inLanguage\":\"en-US\"},{\"@type\":\"WebPage\",\"@id\":\"https:\/\/www.urlaubcornwall.de\/blog\/aktuelle-trends-bei-den-tourismuszahlen-in-cornwall\/\",\"url\":\"https:\/\/www.urlaubcornwall.de\/blog\/aktuelle-trends-bei-den-tourismuszahlen-in-cornwall\/\",\"name\":\"Aktuelle Trends bei den Tourismuszahlen in Cornwall - Urlaub &amp; Reisen\",\"isPartOf\":{\"@id\":\"https:\/\/www.urlaubcornwall.de\/blog\/#website\"},\"datePublished\":\"2023-09-20T08:30:33+00:00\",\"dateModified\":\"2024-04-02T12:44:36+00:00\",\"breadcrumb\":{\"@id\":\"https:\/\/www.urlaubcornwall.de\/blog\/aktuelle-trends-bei-den-tourismuszahlen-in-cornwall\/#breadcrumb\"},\"inLanguage\":\"en-US\",\"potentialAction\":[{\"@type\":\"ReadAction\",\"target\":[\"https:\/\/www.urlaubcornwall.de\/blog\/aktuelle-trends-bei-den-tourismuszahlen-in-cornwall\/\"]}]},{\"@type\":\"BreadcrumbList\",\"@id\":\"https:\/\/www.urlaubcornwall.de\/blog\/aktuelle-trends-bei-den-tourismuszahlen-in-cornwall\/#breadcrumb\",\"itemListElement\":[{\"@type\":\"ListItem\",\"position\":1,\"name\":\"Home\",\"item\":\"https:\/\/www.urlaubcornwall.de\/blog\/\"},{\"@type\":\"ListItem\",\"position\":2,\"name\":\"Aktuelle Trends bei den Tourismuszahlen in Cornwall\"}]}]}<\/script>\n<!-- \/ Yoast SEO plugin. -->","yoast_head_json":{"title":"Aktuelle Trends bei den Tourismuszahlen in Cornwall - Urlaub &amp; Reisen","robots":{"index":"index","follow":"follow","max-snippet":"max-snippet:-1","max-image-preview":"max-image-preview:large","max-video-preview":"max-video-preview:-1"},"canonical":"https:\/\/www.urlaubcornwall.de\/blog\/aktuelle-trends-bei-den-tourismuszahlen-in-cornwall\/","og_locale":"en_US","og_type":"article","og_title":"Aktuelle Trends bei den Tourismuszahlen in Cornwall - Urlaub &amp; Reisen","og_description":"Im Jahr 2022 waren es sogar 5 Millionen Besucher, ein Rekord. Aber in diesem Jahr ist der Trend etwas abgeflacht. Bis jetzt sind die Besucherzahlen um etwa 10-15 % zur\u00fcckgegangen. Warum ist Cornwall so beliebt? Es gibt ein paar Gr\u00fcnde daf\u00fcr. Erstens hat Cornwall wundersch\u00f6ne Str\u00e4nde, atemberaubende K\u00fcstenlandschaften und eine reiche Geschichte und Kultur. Zweitens [&hellip;]","og_url":"https:\/\/www.urlaubcornwall.de\/blog\/aktuelle-trends-bei-den-tourismuszahlen-in-cornwall\/","og_site_name":"Urlaub &amp; Reisen","article_modified_time":"2024-04-02T12:44:36+00:00","og_image":[{"url":"https:\/\/www.urlaubcornwall.de\/blog\/wp-content\/uploads\/2024\/03\/zennor.jpg"}],"twitter_card":"summary","twitter_misc":{"Est. reading time":"2 minutes"},"schema":{"@context":"https:\/\/schema.org","@graph":[{"@type":"WebSite","@id":"https:\/\/www.urlaubcornwall.de\/blog\/#website","url":"https:\/\/www.urlaubcornwall.de\/blog\/","name":"Urlaub &amp; Reisen","description":"Urlaub, Reisen, Cornwall und S\u00fcdengland: eine perfekte Kombination","potentialAction":[{"@type":"SearchAction","target":{"@type":"EntryPoint","urlTemplate":"https:\/\/www.urlaubcornwall.de\/blog\/?s={search_term_string}"},"query-input":"required name=search_term_string"}],"inLanguage":"en-US"},{"@type":"WebPage","@id":"https:\/\/www.urlaubcornwall.de\/blog\/aktuelle-trends-bei-den-tourismuszahlen-in-cornwall\/","url":"https:\/\/www.urlaubcornwall.de\/blog\/aktuelle-trends-bei-den-tourismuszahlen-in-cornwall\/","name":"Aktuelle Trends bei den Tourismuszahlen in Cornwall - Urlaub &amp; Reisen","isPartOf":{"@id":"https:\/\/www.urlaubcornwall.de\/blog\/#website"},"datePublished":"2023-09-20T08:30:33+00:00","dateModified":"2024-04-02T12:44:36+00:00","breadcrumb":{"@id":"https:\/\/www.urlaubcornwall.de\/blog\/aktuelle-trends-bei-den-tourismuszahlen-in-cornwall\/#breadcrumb"},"inLanguage":"en-US","potentialAction":[{"@type":"ReadAction","target":["https:\/\/www.urlaubcornwall.de\/blog\/aktuelle-trends-bei-den-tourismuszahlen-in-cornwall\/"]}]},{"@type":"BreadcrumbList","@id":"https:\/\/www.urlaubcornwall.de\/blog\/aktuelle-trends-bei-den-tourismuszahlen-in-cornwall\/#breadcrumb","itemListElement":[{"@type":"ListItem","position":1,"name":"Home","item":"https:\/\/www.urlaubcornwall.de\/blog\/"},{"@type":"ListItem","position":2,"name":"Aktuelle Trends bei den Tourismuszahlen in Cornwall"}]}]}},"_links":{"self":[{"href":"https:\/\/www.urlaubcornwall.de\/blog\/wp-json\/wp\/v2\/pages\/47043"}],"collection":[{"href":"https:\/\/www.urlaubcornwall.de\/blog\/wp-json\/wp\/v2\/pages"}],"about":[{"href":"https:\/\/www.urlaubcornwall.de\/blog\/wp-json\/wp\/v2\/types\/page"}],"author":[{"embeddable":true,"href":"https:\/\/www.urlaubcornwall.de\/blog\/wp-json\/wp\/v2\/users\/1"}],"replies":[{"embeddable":true,"href":"https:\/\/www.urlaubcornwall.de\/blog\/wp-json\/wp\/v2\/comments?post=47043"}],"version-history":[{"count":2,"href":"https:\/\/www.urlaubcornwall.de\/blog\/wp-json\/wp\/v2\/pages\/47043\/revisions"}],"predecessor-version":[{"id":48601,"href":"https:\/\/www.urlaubcornwall.de\/blog\/wp-json\/wp\/v2\/pages\/47043\/revisions\/48601"}],"wp:attachment":[{"href":"https:\/\/www.urlaubcornwall.de\/blog\/wp-json\/wp\/v2\/media?parent=47043"}],"curies":[{"name":"wp","href":"https:\/\/api.w.org\/{rel}","templated":true}]}}