{"id":47019,"date":"2023-08-31T10:03:57","date_gmt":"2023-08-31T10:03:57","guid":{"rendered":"https:\/\/www.urlaubcornwall.de\/blog\/?page_id=47019"},"modified":"2024-04-03T08:20:30","modified_gmt":"2024-04-03T08:20:30","slug":"ist-isles-of-scilly-oder-cornwall-schoener","status":"publish","type":"page","link":"https:\/\/www.urlaubcornwall.de\/blog\/ist-isles-of-scilly-oder-cornwall-schoener\/","title":{"rendered":"Urlaub Isles of Scilly oder Cornwall?"},"content":{"rendered":"<p><img loading=\"lazy\" class=\"aligncenter size-full wp-image-23717\" src=\"https:\/\/www.urlaubcornwall.de\/blog\/wp-content\/uploads\/2016\/04\/strand-scilly-inseln.jpg\" alt=\"Segelsport scilly\" width=\"750\" height=\"437\"\/><\/p>\n<p>Die <a href=\"https:\/\/www.urlaubcornwall.de\/Scilly-Inseln.php\">Isles of Scilly<\/a> sind bekannt f\u00fcr ihre unber\u00fchrte Sch\u00f6nheit, klaren Gew\u00e4sser und ruhige Atmosph\u00e4re. Die malerischen Str\u00e4nde mit puderwei\u00dfem Sand und das t\u00fcrkisfarbene Wasser erinnern an tropische Paradiese. Die Inseln sind weniger stark frequentiert, was zu einem erholsamen und ruhigen Aufenthalt beitr\u00e4gt. Die kleinere Anzahl von Menschenmassen kann eine intimere Verbindung zur Natur und eine entspannte Atmosph\u00e4re bieten. Die Scilly-Inseln sind ideal f\u00fcr Naturliebhaber, die die Ruhe und Abgeschiedenheit suchen.<\/p>\n<p style=\"text-align: center;\"><a class=\"tidycta\" href=\"https:\/\/www.urlaubcornwall.de\/Scilly-Inseln.php\">Urlaub Scilly 2024<\/a><\/p>\n<p><img loading=\"lazy\" class=\"aligncenter size-full wp-image-47935\" src=\"https:\/\/www.urlaubcornwall.de\/blog\/wp-content\/uploads\/2024\/03\/kynance-cove-lizard.jpg\" alt=\"kynance cove lizard\" width=\"750\" height=\"499\" srcset=\"https:\/\/www.urlaubcornwall.de\/blog\/wp-content\/uploads\/2024\/03\/kynance-cove-lizard.jpg 750w, https:\/\/www.urlaubcornwall.de\/blog\/wp-content\/uploads\/2024\/03\/kynance-cove-lizard-300x200.jpg 300w\" sizes=\"(max-width: 750px) 100vw, 750px\" \/><\/p>\n<p><a href=\"https:\/\/www.urlaubcornwall.de\/reiseziel\/cornwall.php\">Cornwall<\/a> ist ber\u00fchmt f\u00fcr seine atemberaubenden K\u00fcstenlandschaften, malerischen D\u00f6rfer, historischen St\u00e4tten und lebendige Kultur. Die Grafschaft bietet eine beeindruckende Vielfalt, von dramatischen Klippen bis zu weiten Sandstr\u00e4nden, von historischen Burgen bis hin zu charmanten Fischerd\u00f6rfern. Die gr\u00f6\u00dfere Vielfalt an Aktivit\u00e4ten, Sehensw\u00fcrdigkeiten und Veranstaltungen kann Menschen ansprechen, die sowohl Natursch\u00f6nheiten als auch kulturelle Erfahrungen genie\u00dfen m\u00f6chten.<\/p>\n<p style=\"text-align: center;\"><a class=\"tidycta\" href=\"https:\/\/www.urlaubcornwall.de\/reiseziel\/cornwall.php\">Urlaub Cornwall 2024<\/a><\/p>\n<p>Letztendlich h\u00e4ngt die Frage, ob die Isles of Scilly oder Cornwall sch\u00f6ner ist, von Ihren pers\u00f6nlichen Vorlieben ab. Wenn Sie eine unber\u00fchrte, ruhige Umgebung suchen, k\u00f6nnten die Isles of Scilly genau das Richtige f\u00fcr Sie sein. Wenn Sie eine Mischung aus spektakul\u00e4ren Landschaften, kulturellen Erfahrungen und vielf\u00e4ltigen Aktivit\u00e4ten w\u00fcnschen, k\u00f6nnte Cornwall eher Ihren Geschmack treffen. Beide Orte bieten jedoch unvergessliche Reiseerlebnisse in ihrer eigenen Art und Weise.<\/p>\n","protected":false},"excerpt":{"rendered":"<p>Die Isles of Scilly sind bekannt f\u00fcr ihre unber\u00fchrte Sch\u00f6nheit, klaren Gew\u00e4sser und ruhige Atmosph\u00e4re. Die malerischen Str\u00e4nde mit puderwei\u00dfem Sand und das t\u00fcrkisfarbene Wasser erinnern an tropische Paradiese. Die Inseln sind weniger stark frequentiert, was zu einem erholsamen und ruhigen Aufenthalt beitr\u00e4gt. Die kleinere Anzahl von Menschenmassen kann eine intimere Verbindung zur Natur und [&hellip;]<\/p>\n","protected":false},"author":1,"featured_media":0,"parent":0,"menu_order":0,"comment_status":"closed","ping_status":"closed","template":"single-four.php","meta":[],"acf":[],"yoast_head":"<!-- This site is optimized with the Yoast SEO plugin v19.4 - https:\/\/yoast.com\/wordpress\/plugins\/seo\/ -->\n<title>Urlaub Isles of Scilly oder Cornwall? - Urlaub &amp; Reisen<\/title>\n<meta name=\"robots\" content=\"index, follow, max-snippet:-1, max-image-preview:large, max-video-preview:-1\" \/>\n<link rel=\"canonical\" href=\"https:\/\/www.urlaubcornwall.de\/blog\/ist-isles-of-scilly-oder-cornwall-schoener\/\" \/>\n<meta property=\"og:locale\" content=\"en_US\" \/>\n<meta property=\"og:type\" content=\"article\" \/>\n<meta property=\"og:title\" content=\"Urlaub Isles of Scilly oder Cornwall? - Urlaub &amp; Reisen\" \/>\n<meta property=\"og:description\" content=\"Die Isles of Scilly sind bekannt f\u00fcr ihre unber\u00fchrte Sch\u00f6nheit, klaren Gew\u00e4sser und ruhige Atmosph\u00e4re. Die malerischen Str\u00e4nde mit puderwei\u00dfem Sand und das t\u00fcrkisfarbene Wasser erinnern an tropische Paradiese. Die Inseln sind weniger stark frequentiert, was zu einem erholsamen und ruhigen Aufenthalt beitr\u00e4gt. Die kleinere Anzahl von Menschenmassen kann eine intimere Verbindung zur Natur und [&hellip;]\" \/>\n<meta property=\"og:url\" content=\"https:\/\/www.urlaubcornwall.de\/blog\/ist-isles-of-scilly-oder-cornwall-schoener\/\" \/>\n<meta property=\"og:site_name\" content=\"Urlaub &amp; Reisen\" \/>\n<meta property=\"article:modified_time\" content=\"2024-04-03T08:20:30+00:00\" \/>\n<meta property=\"og:image\" content=\"https:\/\/www.urlaubcornwall.de\/blog\/wp-content\/uploads\/2016\/04\/strand-scilly-inseln.jpg\" \/>\n<meta name=\"twitter:card\" content=\"summary\" \/>\n<meta name=\"twitter:label1\" content=\"Est. reading time\" \/>\n\t<meta name=\"twitter:data1\" content=\"2 minutes\" \/>\n<script type=\"application\/ld+json\" class=\"yoast-schema-graph\">{\"@context\":\"https:\/\/schema.org\",\"@graph\":[{\"@type\":\"WebSite\",\"@id\":\"https:\/\/www.urlaubcornwall.de\/blog\/#website\",\"url\":\"https:\/\/www.urlaubcornwall.de\/blog\/\",\"name\":\"Urlaub &amp; Reisen\",\"description\":\"Urlaub, Reisen, Cornwall und S\u00fcdengland: eine perfekte Kombination\",\"potentialAction\":[{\"@type\":\"SearchAction\",\"target\":{\"@type\":\"EntryPoint\",\"urlTemplate\":\"https:\/\/www.urlaubcornwall.de\/blog\/?s={search_term_string}\"},\"query-input\":\"required name=search_term_string\"}],\"inLanguage\":\"en-US\"},{\"@type\":\"WebPage\",\"@id\":\"https:\/\/www.urlaubcornwall.de\/blog\/ist-isles-of-scilly-oder-cornwall-schoener\/\",\"url\":\"https:\/\/www.urlaubcornwall.de\/blog\/ist-isles-of-scilly-oder-cornwall-schoener\/\",\"name\":\"Urlaub Isles of Scilly oder Cornwall? - Urlaub &amp; Reisen\",\"isPartOf\":{\"@id\":\"https:\/\/www.urlaubcornwall.de\/blog\/#website\"},\"datePublished\":\"2023-08-31T10:03:57+00:00\",\"dateModified\":\"2024-04-03T08:20:30+00:00\",\"breadcrumb\":{\"@id\":\"https:\/\/www.urlaubcornwall.de\/blog\/ist-isles-of-scilly-oder-cornwall-schoener\/#breadcrumb\"},\"inLanguage\":\"en-US\",\"potentialAction\":[{\"@type\":\"ReadAction\",\"target\":[\"https:\/\/www.urlaubcornwall.de\/blog\/ist-isles-of-scilly-oder-cornwall-schoener\/\"]}]},{\"@type\":\"BreadcrumbList\",\"@id\":\"https:\/\/www.urlaubcornwall.de\/blog\/ist-isles-of-scilly-oder-cornwall-schoener\/#breadcrumb\",\"itemListElement\":[{\"@type\":\"ListItem\",\"position\":1,\"name\":\"Home\",\"item\":\"https:\/\/www.urlaubcornwall.de\/blog\/\"},{\"@type\":\"ListItem\",\"position\":2,\"name\":\"Urlaub Isles of Scilly oder Cornwall?\"}]}]}<\/script>\n<!-- \/ Yoast SEO plugin. -->","yoast_head_json":{"title":"Urlaub Isles of Scilly oder Cornwall? - Urlaub &amp; Reisen","robots":{"index":"index","follow":"follow","max-snippet":"max-snippet:-1","max-image-preview":"max-image-preview:large","max-video-preview":"max-video-preview:-1"},"canonical":"https:\/\/www.urlaubcornwall.de\/blog\/ist-isles-of-scilly-oder-cornwall-schoener\/","og_locale":"en_US","og_type":"article","og_title":"Urlaub Isles of Scilly oder Cornwall? - Urlaub &amp; Reisen","og_description":"Die Isles of Scilly sind bekannt f\u00fcr ihre unber\u00fchrte Sch\u00f6nheit, klaren Gew\u00e4sser und ruhige Atmosph\u00e4re. Die malerischen Str\u00e4nde mit puderwei\u00dfem Sand und das t\u00fcrkisfarbene Wasser erinnern an tropische Paradiese. Die Inseln sind weniger stark frequentiert, was zu einem erholsamen und ruhigen Aufenthalt beitr\u00e4gt. Die kleinere Anzahl von Menschenmassen kann eine intimere Verbindung zur Natur und [&hellip;]","og_url":"https:\/\/www.urlaubcornwall.de\/blog\/ist-isles-of-scilly-oder-cornwall-schoener\/","og_site_name":"Urlaub &amp; Reisen","article_modified_time":"2024-04-03T08:20:30+00:00","og_image":[{"url":"https:\/\/www.urlaubcornwall.de\/blog\/wp-content\/uploads\/2016\/04\/strand-scilly-inseln.jpg"}],"twitter_card":"summary","twitter_misc":{"Est. reading time":"2 minutes"},"schema":{"@context":"https:\/\/schema.org","@graph":[{"@type":"WebSite","@id":"https:\/\/www.urlaubcornwall.de\/blog\/#website","url":"https:\/\/www.urlaubcornwall.de\/blog\/","name":"Urlaub &amp; Reisen","description":"Urlaub, Reisen, Cornwall und S\u00fcdengland: eine perfekte Kombination","potentialAction":[{"@type":"SearchAction","target":{"@type":"EntryPoint","urlTemplate":"https:\/\/www.urlaubcornwall.de\/blog\/?s={search_term_string}"},"query-input":"required name=search_term_string"}],"inLanguage":"en-US"},{"@type":"WebPage","@id":"https:\/\/www.urlaubcornwall.de\/blog\/ist-isles-of-scilly-oder-cornwall-schoener\/","url":"https:\/\/www.urlaubcornwall.de\/blog\/ist-isles-of-scilly-oder-cornwall-schoener\/","name":"Urlaub Isles of Scilly oder Cornwall? - Urlaub &amp; Reisen","isPartOf":{"@id":"https:\/\/www.urlaubcornwall.de\/blog\/#website"},"datePublished":"2023-08-31T10:03:57+00:00","dateModified":"2024-04-03T08:20:30+00:00","breadcrumb":{"@id":"https:\/\/www.urlaubcornwall.de\/blog\/ist-isles-of-scilly-oder-cornwall-schoener\/#breadcrumb"},"inLanguage":"en-US","potentialAction":[{"@type":"ReadAction","target":["https:\/\/www.urlaubcornwall.de\/blog\/ist-isles-of-scilly-oder-cornwall-schoener\/"]}]},{"@type":"BreadcrumbList","@id":"https:\/\/www.urlaubcornwall.de\/blog\/ist-isles-of-scilly-oder-cornwall-schoener\/#breadcrumb","itemListElement":[{"@type":"ListItem","position":1,"name":"Home","item":"https:\/\/www.urlaubcornwall.de\/blog\/"},{"@type":"ListItem","position":2,"name":"Urlaub Isles of Scilly oder Cornwall?"}]}]}},"_links":{"self":[{"href":"https:\/\/www.urlaubcornwall.de\/blog\/wp-json\/wp\/v2\/pages\/47019"}],"collection":[{"href":"https:\/\/www.urlaubcornwall.de\/blog\/wp-json\/wp\/v2\/pages"}],"about":[{"href":"https:\/\/www.urlaubcornwall.de\/blog\/wp-json\/wp\/v2\/types\/page"}],"author":[{"embeddable":true,"href":"https:\/\/www.urlaubcornwall.de\/blog\/wp-json\/wp\/v2\/users\/1"}],"replies":[{"embeddable":true,"href":"https:\/\/www.urlaubcornwall.de\/blog\/wp-json\/wp\/v2\/comments?post=47019"}],"version-history":[{"count":4,"href":"https:\/\/www.urlaubcornwall.de\/blog\/wp-json\/wp\/v2\/pages\/47019\/revisions"}],"predecessor-version":[{"id":48666,"href":"https:\/\/www.urlaubcornwall.de\/blog\/wp-json\/wp\/v2\/pages\/47019\/revisions\/48666"}],"wp:attachment":[{"href":"https:\/\/www.urlaubcornwall.de\/blog\/wp-json\/wp\/v2\/media?parent=47019"}],"curies":[{"name":"wp","href":"https:\/\/api.w.org\/{rel}","templated":true}]}}