{"id":46998,"date":"2023-08-21T10:57:39","date_gmt":"2023-08-21T10:57:39","guid":{"rendered":"https:\/\/www.urlaubcornwall.de\/blog\/?page_id=46998"},"modified":"2024-04-15T14:43:55","modified_gmt":"2024-04-15T14:43:55","slug":"tipps-fuer-die-planung-ihres-selbstversorger-urlaubs-2024-in-schottland","status":"publish","type":"page","link":"https:\/\/www.urlaubcornwall.de\/blog\/tipps-fuer-die-planung-ihres-selbstversorger-urlaubs-2024-in-schottland\/","title":{"rendered":"Tipps f\u00fcr die Planung Ihres Selbstversorger-Urlaubs 2024 in Schottland"},"content":{"rendered":"<p><img loading=\"lazy\" class=\"aligncenter size-full wp-image-33892\" src=\"https:\/\/www.urlaubcornwall.de\/blog\/wp-content\/uploads\/2018\/06\/Charmante-D\u00f6rfer-cornwall-1.jpg\" alt=\"g\u00fcnstigen Urlaub in Schottland\" width=\"748\" height=\"444\"\/><\/p>\n<p>Buchen Sie Ihren Aufenthalt fr\u00fch, insbesondere wenn Sie in der Hauptsaison (Juni-August) reisen.<\/p>\n<p>Seien Sie flexibel mit Ihren Daten. Wenn Sie nicht in der Hauptsaison reisen k\u00f6nnen, finden Sie m\u00f6glicherweise bessere <a href=\"https:\/\/www.urlaubcornwall.de\/ferienhaeuser-fewos\/sco\/schottland.html\">Angebote f\u00fcr Ferienh\u00e4user<\/a>.<\/p>\n<p>Ber\u00fccksichtigen Sie die Anmietung eines Autos. Dadurch haben Sie mehr Freiheit, Schottland zu erkunden.<\/p>\n<p>Recherchieren Sie die verschiedenen Attraktionen und Aktivit\u00e4ten, die in Schottland verf\u00fcgbar sind. Es ist f\u00fcr jeden etwas dabei, von Wandern und Radfahren bis hin zu Angeln und Sightseeing.<\/p>\n<p>Packen Sie f\u00fcr alle Wetterlagen. Schottland kann unberechenbar sein, daher ist es immer eine gute Idee, auf alles vorbereitet zu sein.<\/p>\n<p>Wir freuen uns darauf, Sie in unserem sch\u00f6nen Land willkommen zu hei\u00dfen! Wir haben die beste Auswahl an <a href=\"https:\/\/www.urlaubcornwall.de\/ferienhaeuser-fewos\/sco\/schottland.html\">pers\u00f6nlich inspizierten Ferienh\u00e4usern im Angebot<\/a>.<\/p>\n<p style=\"text-align: center;\"><a class=\"tidycta\" href=\"https:\/\/www.urlaubcornwall.de\/ferienhaeuser-fewos\/sco\/schottland.html\">Suche Ferienh\u00e4user in Cornwall<\/a><\/p>\n<div class=\"snippet\"> <a class=\"featured-item\" href=\" https:\/\/www.urlaubcornwall.de\/ferienhaeuser\/schottland.php\"> <span class=\"image-holder\" style=\"background-image: url(' https:\/\/www.urlaubcornwall.de\/blog\/wp-content\/uploads\/2019\/01\/urlaub-schottland-highlands-1.jpg ');\"><\/span> <span class=\"featured-content\"> \n<h2 class=\"featured-title\">Bei uns finden Sie Ferienh\u00e4user in Schottland zum Verlieben!<\/h2>\n<p class=\"featured-body\">Untenstehend finden Sie eine Auswahl an Ferienh\u00e4usern in Schottland. Hier finden Sie pers\u00f6nlich inspizierte Cottages entlang der schottischen K\u00fcste, in den schottischen Highlands und auf den Inseln&#8230;..<\/p>\n<\/span> <span class=\"featured-link-holder\"> <span class=\"featured-extra-info\"> \n<p>F\u00fcr Paare, Familien &#038; Gruppen<\/p>\n<\/span> \n<p class=\"featured-link\">DETAILS<\/p>\n<\/span> <\/a><\/div>\n","protected":false},"excerpt":{"rendered":"<p>Buchen Sie Ihren Aufenthalt fr\u00fch, insbesondere wenn Sie in der Hauptsaison (Juni-August) reisen. Seien Sie flexibel mit Ihren Daten. Wenn Sie nicht in der Hauptsaison reisen k\u00f6nnen, finden Sie m\u00f6glicherweise bessere Angebote f\u00fcr Ferienh\u00e4user. Ber\u00fccksichtigen Sie die Anmietung eines Autos. Dadurch haben Sie mehr Freiheit, Schottland zu erkunden. Recherchieren Sie die verschiedenen Attraktionen und Aktivit\u00e4ten, [&hellip;]<\/p>\n","protected":false},"author":1,"featured_media":0,"parent":0,"menu_order":0,"comment_status":"closed","ping_status":"closed","template":"single-four.php","meta":[],"acf":[],"yoast_head":"<!-- This site is optimized with the Yoast SEO plugin v19.4 - https:\/\/yoast.com\/wordpress\/plugins\/seo\/ -->\n<title>Tipps f\u00fcr die Planung Ihres Selbstversorger-Urlaubs 2024 in Schottland - Urlaub &amp; Reisen<\/title>\n<meta name=\"robots\" content=\"index, follow, max-snippet:-1, max-image-preview:large, max-video-preview:-1\" \/>\n<link rel=\"canonical\" href=\"https:\/\/www.urlaubcornwall.de\/blog\/tipps-fuer-die-planung-ihres-selbstversorger-urlaubs-2024-in-schottland\/\" \/>\n<meta property=\"og:locale\" content=\"en_US\" \/>\n<meta property=\"og:type\" content=\"article\" \/>\n<meta property=\"og:title\" content=\"Tipps f\u00fcr die Planung Ihres Selbstversorger-Urlaubs 2024 in Schottland - Urlaub &amp; Reisen\" \/>\n<meta property=\"og:description\" content=\"Buchen Sie Ihren Aufenthalt fr\u00fch, insbesondere wenn Sie in der Hauptsaison (Juni-August) reisen. Seien Sie flexibel mit Ihren Daten. Wenn Sie nicht in der Hauptsaison reisen k\u00f6nnen, finden Sie m\u00f6glicherweise bessere Angebote f\u00fcr Ferienh\u00e4user. Ber\u00fccksichtigen Sie die Anmietung eines Autos. Dadurch haben Sie mehr Freiheit, Schottland zu erkunden. Recherchieren Sie die verschiedenen Attraktionen und Aktivit\u00e4ten, [&hellip;]\" \/>\n<meta property=\"og:url\" content=\"https:\/\/www.urlaubcornwall.de\/blog\/tipps-fuer-die-planung-ihres-selbstversorger-urlaubs-2024-in-schottland\/\" \/>\n<meta property=\"og:site_name\" content=\"Urlaub &amp; Reisen\" \/>\n<meta property=\"article:modified_time\" content=\"2024-04-15T14:43:55+00:00\" \/>\n<meta name=\"twitter:card\" content=\"summary\" \/>\n<meta name=\"twitter:label1\" content=\"Est. reading time\" \/>\n\t<meta name=\"twitter:data1\" content=\"1 minute\" \/>\n<script type=\"application\/ld+json\" class=\"yoast-schema-graph\">{\"@context\":\"https:\/\/schema.org\",\"@graph\":[{\"@type\":\"WebSite\",\"@id\":\"https:\/\/www.urlaubcornwall.de\/blog\/#website\",\"url\":\"https:\/\/www.urlaubcornwall.de\/blog\/\",\"name\":\"Urlaub &amp; Reisen\",\"description\":\"Urlaub, Reisen, Cornwall und S\u00fcdengland: eine perfekte Kombination\",\"potentialAction\":[{\"@type\":\"SearchAction\",\"target\":{\"@type\":\"EntryPoint\",\"urlTemplate\":\"https:\/\/www.urlaubcornwall.de\/blog\/?s={search_term_string}\"},\"query-input\":\"required name=search_term_string\"}],\"inLanguage\":\"en-US\"},{\"@type\":\"WebPage\",\"@id\":\"https:\/\/www.urlaubcornwall.de\/blog\/tipps-fuer-die-planung-ihres-selbstversorger-urlaubs-2024-in-schottland\/\",\"url\":\"https:\/\/www.urlaubcornwall.de\/blog\/tipps-fuer-die-planung-ihres-selbstversorger-urlaubs-2024-in-schottland\/\",\"name\":\"Tipps f\u00fcr die Planung Ihres Selbstversorger-Urlaubs 2024 in Schottland - Urlaub &amp; Reisen\",\"isPartOf\":{\"@id\":\"https:\/\/www.urlaubcornwall.de\/blog\/#website\"},\"datePublished\":\"2023-08-21T10:57:39+00:00\",\"dateModified\":\"2024-04-15T14:43:55+00:00\",\"breadcrumb\":{\"@id\":\"https:\/\/www.urlaubcornwall.de\/blog\/tipps-fuer-die-planung-ihres-selbstversorger-urlaubs-2024-in-schottland\/#breadcrumb\"},\"inLanguage\":\"en-US\",\"potentialAction\":[{\"@type\":\"ReadAction\",\"target\":[\"https:\/\/www.urlaubcornwall.de\/blog\/tipps-fuer-die-planung-ihres-selbstversorger-urlaubs-2024-in-schottland\/\"]}]},{\"@type\":\"BreadcrumbList\",\"@id\":\"https:\/\/www.urlaubcornwall.de\/blog\/tipps-fuer-die-planung-ihres-selbstversorger-urlaubs-2024-in-schottland\/#breadcrumb\",\"itemListElement\":[{\"@type\":\"ListItem\",\"position\":1,\"name\":\"Home\",\"item\":\"https:\/\/www.urlaubcornwall.de\/blog\/\"},{\"@type\":\"ListItem\",\"position\":2,\"name\":\"Tipps f\u00fcr die Planung Ihres Selbstversorger-Urlaubs 2024 in Schottland\"}]}]}<\/script>\n<!-- \/ Yoast SEO plugin. -->","yoast_head_json":{"title":"Tipps f\u00fcr die Planung Ihres Selbstversorger-Urlaubs 2024 in Schottland - Urlaub &amp; Reisen","robots":{"index":"index","follow":"follow","max-snippet":"max-snippet:-1","max-image-preview":"max-image-preview:large","max-video-preview":"max-video-preview:-1"},"canonical":"https:\/\/www.urlaubcornwall.de\/blog\/tipps-fuer-die-planung-ihres-selbstversorger-urlaubs-2024-in-schottland\/","og_locale":"en_US","og_type":"article","og_title":"Tipps f\u00fcr die Planung Ihres Selbstversorger-Urlaubs 2024 in Schottland - Urlaub &amp; Reisen","og_description":"Buchen Sie Ihren Aufenthalt fr\u00fch, insbesondere wenn Sie in der Hauptsaison (Juni-August) reisen. Seien Sie flexibel mit Ihren Daten. Wenn Sie nicht in der Hauptsaison reisen k\u00f6nnen, finden Sie m\u00f6glicherweise bessere Angebote f\u00fcr Ferienh\u00e4user. Ber\u00fccksichtigen Sie die Anmietung eines Autos. Dadurch haben Sie mehr Freiheit, Schottland zu erkunden. Recherchieren Sie die verschiedenen Attraktionen und Aktivit\u00e4ten, [&hellip;]","og_url":"https:\/\/www.urlaubcornwall.de\/blog\/tipps-fuer-die-planung-ihres-selbstversorger-urlaubs-2024-in-schottland\/","og_site_name":"Urlaub &amp; Reisen","article_modified_time":"2024-04-15T14:43:55+00:00","twitter_card":"summary","twitter_misc":{"Est. reading time":"1 minute"},"schema":{"@context":"https:\/\/schema.org","@graph":[{"@type":"WebSite","@id":"https:\/\/www.urlaubcornwall.de\/blog\/#website","url":"https:\/\/www.urlaubcornwall.de\/blog\/","name":"Urlaub &amp; Reisen","description":"Urlaub, Reisen, Cornwall und S\u00fcdengland: eine perfekte Kombination","potentialAction":[{"@type":"SearchAction","target":{"@type":"EntryPoint","urlTemplate":"https:\/\/www.urlaubcornwall.de\/blog\/?s={search_term_string}"},"query-input":"required name=search_term_string"}],"inLanguage":"en-US"},{"@type":"WebPage","@id":"https:\/\/www.urlaubcornwall.de\/blog\/tipps-fuer-die-planung-ihres-selbstversorger-urlaubs-2024-in-schottland\/","url":"https:\/\/www.urlaubcornwall.de\/blog\/tipps-fuer-die-planung-ihres-selbstversorger-urlaubs-2024-in-schottland\/","name":"Tipps f\u00fcr die Planung Ihres Selbstversorger-Urlaubs 2024 in Schottland - Urlaub &amp; Reisen","isPartOf":{"@id":"https:\/\/www.urlaubcornwall.de\/blog\/#website"},"datePublished":"2023-08-21T10:57:39+00:00","dateModified":"2024-04-15T14:43:55+00:00","breadcrumb":{"@id":"https:\/\/www.urlaubcornwall.de\/blog\/tipps-fuer-die-planung-ihres-selbstversorger-urlaubs-2024-in-schottland\/#breadcrumb"},"inLanguage":"en-US","potentialAction":[{"@type":"ReadAction","target":["https:\/\/www.urlaubcornwall.de\/blog\/tipps-fuer-die-planung-ihres-selbstversorger-urlaubs-2024-in-schottland\/"]}]},{"@type":"BreadcrumbList","@id":"https:\/\/www.urlaubcornwall.de\/blog\/tipps-fuer-die-planung-ihres-selbstversorger-urlaubs-2024-in-schottland\/#breadcrumb","itemListElement":[{"@type":"ListItem","position":1,"name":"Home","item":"https:\/\/www.urlaubcornwall.de\/blog\/"},{"@type":"ListItem","position":2,"name":"Tipps f\u00fcr die Planung Ihres Selbstversorger-Urlaubs 2024 in Schottland"}]}]}},"_links":{"self":[{"href":"https:\/\/www.urlaubcornwall.de\/blog\/wp-json\/wp\/v2\/pages\/46998"}],"collection":[{"href":"https:\/\/www.urlaubcornwall.de\/blog\/wp-json\/wp\/v2\/pages"}],"about":[{"href":"https:\/\/www.urlaubcornwall.de\/blog\/wp-json\/wp\/v2\/types\/page"}],"author":[{"embeddable":true,"href":"https:\/\/www.urlaubcornwall.de\/blog\/wp-json\/wp\/v2\/users\/1"}],"replies":[{"embeddable":true,"href":"https:\/\/www.urlaubcornwall.de\/blog\/wp-json\/wp\/v2\/comments?post=46998"}],"version-history":[{"count":3,"href":"https:\/\/www.urlaubcornwall.de\/blog\/wp-json\/wp\/v2\/pages\/46998\/revisions"}],"predecessor-version":[{"id":49604,"href":"https:\/\/www.urlaubcornwall.de\/blog\/wp-json\/wp\/v2\/pages\/46998\/revisions\/49604"}],"wp:attachment":[{"href":"https:\/\/www.urlaubcornwall.de\/blog\/wp-json\/wp\/v2\/media?parent=46998"}],"curies":[{"name":"wp","href":"https:\/\/api.w.org\/{rel}","templated":true}]}}