{"id":46995,"date":"2023-08-21T10:23:43","date_gmt":"2023-08-21T10:23:43","guid":{"rendered":"https:\/\/www.urlaubcornwall.de\/blog\/?page_id=46995"},"modified":"2023-10-09T12:21:33","modified_gmt":"2023-10-09T12:21:33","slug":"unsere-ferienhaeuser-an-der-kueste-fuer-ihren-urlaub-2024","status":"publish","type":"page","link":"https:\/\/www.urlaubcornwall.de\/blog\/unsere-ferienhaeuser-an-der-kueste-fuer-ihren-urlaub-2024\/","title":{"rendered":"Unsere Ferienh\u00e4user an der K\u00fcste Cornwalls f\u00fcr Ihren Urlaub 2024"},"content":{"rendered":"<p><img loading=\"lazy\" class=\"aligncenter size-full wp-image-33892\" src=\"https:\/\/www.urlaubcornwall.de\/blog\/wp-content\/uploads\/2018\/06\/Charmante-D\u00f6rfer-cornwall-1.jpg\" alt=\"g\u00fcnstigen Urlaub in Cornwall\" width=\"748\" height=\"444\"\/><\/p>\n<p>Wenn Sie auf der Suche nach einem unvergesslichen Urlaubserlebnis sind, suchen Sie nicht weiter als unsere <a href=\"https:\/\/www.urlaubcornwall.de\/ferienhaeuser-fewos\/cornwall-am-meer.html\">luxuri\u00f6sen Ferienh\u00e4user an der K\u00fcste Cornwalls<\/a>. Mit ihren atemberaubenden Ausblicken, ger\u00e4umigen Innenr\u00e4umen und einer F\u00fclle von Annehmlichkeiten sind unsere Ferienh\u00e4user der perfekte Ort, um sich zu entspannen und mit Ihren Lieben zu entspannen.<\/p>\n<p>Hier sind nur einige der Gr\u00fcnde, warum unsere Ferienh\u00e4user f\u00fcr einen Urlaub im Jahr 2024 gro\u00dfartig sind:<\/p>\n<p>Un\u00fcbertroffene Lage: Unsere Ferienh\u00e4user befinden sich an einigen der sch\u00f6nsten und begehrtesten Orten in Cornwall, darunter Padstow, St Ives und Falmouth. Von Ihrem Ferienhaus aus sind Sie nur wenige Schritte von sandigen Str\u00e4nden, charmanten D\u00f6rfern und erstklassigen Attraktionen entfernt.<\/p>\n<p>Luxuri\u00f6se Unterk\u00fcnfte: Unsere Ferienh\u00e4user sind alle wundersch\u00f6n eingerichtet und ausgestattet, mit Funktionen wie Kaminen, Whirlpools und privaten G\u00e4rten. Sie haben alles, was Sie brauchen, um sich zu entspannen und Ihren Urlaub in Stil zu genie\u00dfen.<\/p>\n<p>F\u00fclle von Annehmlichkeiten: Unsere Ferienh\u00e4user verf\u00fcgen \u00fcber alle Annehmlichkeiten, die Sie f\u00fcr einen komfortablen Aufenthalt ben\u00f6tigen, einschlie\u00dflich kostenlosem WLAN, Fernsehern und DVD-Playern. Wir bieten auch eine Vielzahl von Extras, wie Willkommensk\u00f6rbe, W\u00e4scheservice und Flughafentransfers.<\/p>\n<p>Personalisierter Service: Wir sind stolz darauf, unseren G\u00e4sten einen personalisierten Service zu bieten. Wir sind hier, um Ihnen bei der Planung Ihres perfekten Urlaubs zu helfen, von der Buchung Ihres Ferienhauses bis zur Reservierung von Restaurantreservierungen.<\/p>\n<p>Wenn Sie auf der Suche nach einem wirklich luxuri\u00f6sen und unvergesslichen Urlaubserlebnis in Cornwall sind, suchen Sie nicht weiter als unsere luxuri\u00f6sen Ferienh\u00e4user an der K\u00fcste. Buchen Sie Ihren Aufenthalt noch heute!<\/p>\n<p style=\"text-align: center;\"><a class=\"tidycta\" href=\"https:\/\/www.urlaubcornwall.de\/ferienhaeuser-fewos\/cornwall.html\">Suche Ferienh\u00e4user in Cornwall<\/a><\/p>\n<div class=\"snippet\"> <a class=\"featured-item\" href=\"https:\/\/www.urlaubcornwall.de\/ferienhaeuser\/cornwall.php\"> <span class=\"image-holder\" style=\"background-image: url('https:\/\/www.urlaubcornwall.de\/blog\/wp-content\/uploads\/2018\/12\/familienurlaub-corwnall-snippet.jpg');\"><\/span> <span class=\"featured-content\"> \n<h2 class=\"featured-title\">Ferienh\u00e4user in Cornwall am Meer<\/h2>\n<p class=\"featured-body\">Cornwall besitzt mehr K\u00fcstenlinien als jede andere Grafschaft und bietet einige der besten Str\u00e4nde, K\u00fcstenwanderwege und Klippenlandschaften, die man \u00fcberhaupt finden kann&#8230; <\/p><\/span> <span class=\"featured-link-holder\"> <span class=\"featured-extra-info\"> \n<p>F\u00fcr Paare, Familien &#038; Gruppen<\/p>\n<\/span> \n<p class=\"featured-link\">DETAILS<\/p>\n<\/span> <\/a><\/div>\n<p>linie, wundersch\u00f6nen Str\u00e4nden, gr\u00fcnen H\u00fcgeln und malerischen D\u00f6rfern, die es zu einem beliebten Reiseziel machen.<\/p>\n","protected":false},"excerpt":{"rendered":"<p>Wenn Sie auf der Suche nach einem unvergesslichen Urlaubserlebnis sind, suchen Sie nicht weiter als unsere luxuri\u00f6sen Ferienh\u00e4user an der K\u00fcste Cornwalls. Mit ihren atemberaubenden Ausblicken, ger\u00e4umigen Innenr\u00e4umen und einer F\u00fclle von Annehmlichkeiten sind unsere Ferienh\u00e4user der perfekte Ort, um sich zu entspannen und mit Ihren Lieben zu entspannen. Hier sind nur einige der Gr\u00fcnde, [&hellip;]<\/p>\n","protected":false},"author":1,"featured_media":0,"parent":0,"menu_order":0,"comment_status":"closed","ping_status":"closed","template":"single-four.php","meta":[],"acf":[],"yoast_head":"<!-- This site is optimized with the Yoast SEO plugin v19.4 - https:\/\/yoast.com\/wordpress\/plugins\/seo\/ -->\n<title>Unsere Ferienh\u00e4user an der K\u00fcste Cornwalls f\u00fcr Ihren Urlaub 2024 - Urlaub &amp; Reisen<\/title>\n<meta name=\"robots\" content=\"index, follow, max-snippet:-1, max-image-preview:large, max-video-preview:-1\" \/>\n<link rel=\"canonical\" href=\"https:\/\/www.urlaubcornwall.de\/blog\/unsere-ferienhaeuser-an-der-kueste-fuer-ihren-urlaub-2024\/\" \/>\n<meta property=\"og:locale\" content=\"en_US\" \/>\n<meta property=\"og:type\" content=\"article\" \/>\n<meta property=\"og:title\" content=\"Unsere Ferienh\u00e4user an der K\u00fcste Cornwalls f\u00fcr Ihren Urlaub 2024 - Urlaub &amp; Reisen\" \/>\n<meta property=\"og:description\" content=\"Wenn Sie auf der Suche nach einem unvergesslichen Urlaubserlebnis sind, suchen Sie nicht weiter als unsere luxuri\u00f6sen Ferienh\u00e4user an der K\u00fcste Cornwalls. Mit ihren atemberaubenden Ausblicken, ger\u00e4umigen Innenr\u00e4umen und einer F\u00fclle von Annehmlichkeiten sind unsere Ferienh\u00e4user der perfekte Ort, um sich zu entspannen und mit Ihren Lieben zu entspannen. Hier sind nur einige der Gr\u00fcnde, [&hellip;]\" \/>\n<meta property=\"og:url\" content=\"https:\/\/www.urlaubcornwall.de\/blog\/unsere-ferienhaeuser-an-der-kueste-fuer-ihren-urlaub-2024\/\" \/>\n<meta property=\"og:site_name\" content=\"Urlaub &amp; Reisen\" \/>\n<meta property=\"article:modified_time\" content=\"2023-10-09T12:21:33+00:00\" \/>\n<meta name=\"twitter:card\" content=\"summary\" \/>\n<meta name=\"twitter:label1\" content=\"Est. reading time\" \/>\n\t<meta name=\"twitter:data1\" content=\"2 minutes\" \/>\n<script type=\"application\/ld+json\" class=\"yoast-schema-graph\">{\"@context\":\"https:\/\/schema.org\",\"@graph\":[{\"@type\":\"WebSite\",\"@id\":\"https:\/\/www.urlaubcornwall.de\/blog\/#website\",\"url\":\"https:\/\/www.urlaubcornwall.de\/blog\/\",\"name\":\"Urlaub &amp; Reisen\",\"description\":\"Urlaub, Reisen, Cornwall und S\u00fcdengland: eine perfekte Kombination\",\"potentialAction\":[{\"@type\":\"SearchAction\",\"target\":{\"@type\":\"EntryPoint\",\"urlTemplate\":\"https:\/\/www.urlaubcornwall.de\/blog\/?s={search_term_string}\"},\"query-input\":\"required name=search_term_string\"}],\"inLanguage\":\"en-US\"},{\"@type\":\"WebPage\",\"@id\":\"https:\/\/www.urlaubcornwall.de\/blog\/unsere-ferienhaeuser-an-der-kueste-fuer-ihren-urlaub-2024\/\",\"url\":\"https:\/\/www.urlaubcornwall.de\/blog\/unsere-ferienhaeuser-an-der-kueste-fuer-ihren-urlaub-2024\/\",\"name\":\"Unsere Ferienh\u00e4user an der K\u00fcste Cornwalls f\u00fcr Ihren Urlaub 2024 - Urlaub &amp; Reisen\",\"isPartOf\":{\"@id\":\"https:\/\/www.urlaubcornwall.de\/blog\/#website\"},\"datePublished\":\"2023-08-21T10:23:43+00:00\",\"dateModified\":\"2023-10-09T12:21:33+00:00\",\"breadcrumb\":{\"@id\":\"https:\/\/www.urlaubcornwall.de\/blog\/unsere-ferienhaeuser-an-der-kueste-fuer-ihren-urlaub-2024\/#breadcrumb\"},\"inLanguage\":\"en-US\",\"potentialAction\":[{\"@type\":\"ReadAction\",\"target\":[\"https:\/\/www.urlaubcornwall.de\/blog\/unsere-ferienhaeuser-an-der-kueste-fuer-ihren-urlaub-2024\/\"]}]},{\"@type\":\"BreadcrumbList\",\"@id\":\"https:\/\/www.urlaubcornwall.de\/blog\/unsere-ferienhaeuser-an-der-kueste-fuer-ihren-urlaub-2024\/#breadcrumb\",\"itemListElement\":[{\"@type\":\"ListItem\",\"position\":1,\"name\":\"Home\",\"item\":\"https:\/\/www.urlaubcornwall.de\/blog\/\"},{\"@type\":\"ListItem\",\"position\":2,\"name\":\"Unsere Ferienh\u00e4user an der K\u00fcste Cornwalls f\u00fcr Ihren Urlaub 2024\"}]}]}<\/script>\n<!-- \/ Yoast SEO plugin. -->","yoast_head_json":{"title":"Unsere Ferienh\u00e4user an der K\u00fcste Cornwalls f\u00fcr Ihren Urlaub 2024 - Urlaub &amp; Reisen","robots":{"index":"index","follow":"follow","max-snippet":"max-snippet:-1","max-image-preview":"max-image-preview:large","max-video-preview":"max-video-preview:-1"},"canonical":"https:\/\/www.urlaubcornwall.de\/blog\/unsere-ferienhaeuser-an-der-kueste-fuer-ihren-urlaub-2024\/","og_locale":"en_US","og_type":"article","og_title":"Unsere Ferienh\u00e4user an der K\u00fcste Cornwalls f\u00fcr Ihren Urlaub 2024 - Urlaub &amp; Reisen","og_description":"Wenn Sie auf der Suche nach einem unvergesslichen Urlaubserlebnis sind, suchen Sie nicht weiter als unsere luxuri\u00f6sen Ferienh\u00e4user an der K\u00fcste Cornwalls. Mit ihren atemberaubenden Ausblicken, ger\u00e4umigen Innenr\u00e4umen und einer F\u00fclle von Annehmlichkeiten sind unsere Ferienh\u00e4user der perfekte Ort, um sich zu entspannen und mit Ihren Lieben zu entspannen. Hier sind nur einige der Gr\u00fcnde, [&hellip;]","og_url":"https:\/\/www.urlaubcornwall.de\/blog\/unsere-ferienhaeuser-an-der-kueste-fuer-ihren-urlaub-2024\/","og_site_name":"Urlaub &amp; Reisen","article_modified_time":"2023-10-09T12:21:33+00:00","twitter_card":"summary","twitter_misc":{"Est. reading time":"2 minutes"},"schema":{"@context":"https:\/\/schema.org","@graph":[{"@type":"WebSite","@id":"https:\/\/www.urlaubcornwall.de\/blog\/#website","url":"https:\/\/www.urlaubcornwall.de\/blog\/","name":"Urlaub &amp; Reisen","description":"Urlaub, Reisen, Cornwall und S\u00fcdengland: eine perfekte Kombination","potentialAction":[{"@type":"SearchAction","target":{"@type":"EntryPoint","urlTemplate":"https:\/\/www.urlaubcornwall.de\/blog\/?s={search_term_string}"},"query-input":"required name=search_term_string"}],"inLanguage":"en-US"},{"@type":"WebPage","@id":"https:\/\/www.urlaubcornwall.de\/blog\/unsere-ferienhaeuser-an-der-kueste-fuer-ihren-urlaub-2024\/","url":"https:\/\/www.urlaubcornwall.de\/blog\/unsere-ferienhaeuser-an-der-kueste-fuer-ihren-urlaub-2024\/","name":"Unsere Ferienh\u00e4user an der K\u00fcste Cornwalls f\u00fcr Ihren Urlaub 2024 - Urlaub &amp; Reisen","isPartOf":{"@id":"https:\/\/www.urlaubcornwall.de\/blog\/#website"},"datePublished":"2023-08-21T10:23:43+00:00","dateModified":"2023-10-09T12:21:33+00:00","breadcrumb":{"@id":"https:\/\/www.urlaubcornwall.de\/blog\/unsere-ferienhaeuser-an-der-kueste-fuer-ihren-urlaub-2024\/#breadcrumb"},"inLanguage":"en-US","potentialAction":[{"@type":"ReadAction","target":["https:\/\/www.urlaubcornwall.de\/blog\/unsere-ferienhaeuser-an-der-kueste-fuer-ihren-urlaub-2024\/"]}]},{"@type":"BreadcrumbList","@id":"https:\/\/www.urlaubcornwall.de\/blog\/unsere-ferienhaeuser-an-der-kueste-fuer-ihren-urlaub-2024\/#breadcrumb","itemListElement":[{"@type":"ListItem","position":1,"name":"Home","item":"https:\/\/www.urlaubcornwall.de\/blog\/"},{"@type":"ListItem","position":2,"name":"Unsere Ferienh\u00e4user an der K\u00fcste Cornwalls f\u00fcr Ihren Urlaub 2024"}]}]}},"_links":{"self":[{"href":"https:\/\/www.urlaubcornwall.de\/blog\/wp-json\/wp\/v2\/pages\/46995"}],"collection":[{"href":"https:\/\/www.urlaubcornwall.de\/blog\/wp-json\/wp\/v2\/pages"}],"about":[{"href":"https:\/\/www.urlaubcornwall.de\/blog\/wp-json\/wp\/v2\/types\/page"}],"author":[{"embeddable":true,"href":"https:\/\/www.urlaubcornwall.de\/blog\/wp-json\/wp\/v2\/users\/1"}],"replies":[{"embeddable":true,"href":"https:\/\/www.urlaubcornwall.de\/blog\/wp-json\/wp\/v2\/comments?post=46995"}],"version-history":[{"count":2,"href":"https:\/\/www.urlaubcornwall.de\/blog\/wp-json\/wp\/v2\/pages\/46995\/revisions"}],"predecessor-version":[{"id":47061,"href":"https:\/\/www.urlaubcornwall.de\/blog\/wp-json\/wp\/v2\/pages\/46995\/revisions\/47061"}],"wp:attachment":[{"href":"https:\/\/www.urlaubcornwall.de\/blog\/wp-json\/wp\/v2\/media?parent=46995"}],"curies":[{"name":"wp","href":"https:\/\/api.w.org\/{rel}","templated":true}]}}