{"id":46993,"date":"2023-08-21T10:19:38","date_gmt":"2023-08-21T10:19:38","guid":{"rendered":"https:\/\/www.urlaubcornwall.de\/blog\/?page_id=46993"},"modified":"2023-08-21T10:19:38","modified_gmt":"2023-08-21T10:19:38","slug":"tipps-selbstversorger-urlaubs-2024-cornwall","status":"publish","type":"page","link":"https:\/\/www.urlaubcornwall.de\/blog\/tipps-selbstversorger-urlaubs-2024-cornwall\/","title":{"rendered":"Tipps f\u00fcr die Planung Ihres Selbstversorger-Urlaubs 2024 in Cornwall"},"content":{"rendered":"<p><img loading=\"lazy\" class=\"aligncenter size-full wp-image-39453\" src=\"https:\/\/www.urlaubcornwall.de\/blog\/wp-content\/uploads\/2020\/02\/bedruthan-steps_edit.jpg\" alt=\"bedruthan steps strand\" width=\"750\" height=\"580\" srcset=\"https:\/\/www.urlaubcornwall.de\/blog\/wp-content\/uploads\/2020\/02\/bedruthan-steps_edit.jpg 750w, https:\/\/www.urlaubcornwall.de\/blog\/wp-content\/uploads\/2020\/02\/bedruthan-steps_edit-300x232.jpg 300w\" sizes=\"(max-width: 750px) 100vw, 750px\" \/><\/p>\n<p>Buchen Sie Ihr Ferienhaus fr\u00fch, insbesondere wenn Sie in der Hauptsaison (Juni-August) reisen.<\/p>\n<p>Seien Sie flexibel mit Ihren Daten. Wenn Sie nicht in der Hauptsaison reisen k\u00f6nnen, finden Sie m\u00f6glicherweise bessere <a href=\"https:\/\/www.urlaubcornwall.de\/ferienhaeuser\/cornwall.php\">Angebote f\u00fcr Ferienh\u00e4user<\/a>.<\/p>\n<p>Ber\u00fccksichtigen Sie die Anmietung eines Autos. Dadurch haben Sie mehr Freiheit, den Landkreis zu erkunden.<\/p>\n<p>Recherchieren Sie die verschiedenen Attraktionen und Aktivit\u00e4ten, die in Cornwall verf\u00fcgbar sind. Es ist f\u00fcr jeden etwas dabei, von Wandern und Surfen bis hin zu Angeln und Sightseeing.<\/p>\n<p>Packen Sie f\u00fcr alle Wetterlagen. Cornwall kann unberechenbar sein, daher ist es immer eine gute Idee, auf alles vorbereitet zu sein.<\/p>\n<p>Wir freuen uns darauf, Sie in unserem sch\u00f6nen Landkreis willkommen zu hei\u00dfen! Wir haben die beste Auswahl an <a href=\"https:\/\/www.urlaubcornwall.de\/ferienhaeuser-fewos\/cornwall.html\">pers\u00f6nlich inspizierten Ferienh\u00e4usern im Angebot<\/a>.<\/p>\n<p style=\"text-align: center;\"><a class=\"tidycta\" href=\"https:\/\/www.urlaubcornwall.de\/ferienhaeuser-fewos\/cornwall.html\">Suche Ferienh\u00e4user in Cornwall<\/a><\/p>\n<div class=\"snippet\"> <a class=\"featured-item\" href=\"https:\/\/www.urlaubcornwall.de\/ferienhaeuser\/cornwall.php\"> <span class=\"image-holder\" style=\"background-image: url('https:\/\/www.urlaubcornwall.de\/blog\/wp-content\/uploads\/2018\/12\/familienurlaub-corwnall-snippet.jpg');\"><\/span> <span class=\"featured-content\"> \n<h2 class=\"featured-title\">Ferienh\u00e4user in Cornwall am Meer<\/h2>\n<p class=\"featured-body\">Cornwall besitzt mehr K\u00fcstenlinien als jede andere Grafschaft und bietet einige der besten Str\u00e4nde, K\u00fcstenwanderwege und Klippenlandschaften, die man \u00fcberhaupt finden kann&#8230; <\/p><\/span> <span class=\"featured-link-holder\"> <span class=\"featured-extra-info\"> \n<p>F\u00fcr Paare, Familien &#038; Gruppen<\/p>\n<\/span> \n<p class=\"featured-link\">DETAILS<\/p>\n<\/span> <\/a><\/div>\n<p>linie, wundersch\u00f6nen Str\u00e4nden, gr\u00fcnen H\u00fcgeln und malerischen D\u00f6rfern, die es zu einem beliebten Reiseziel machen.<\/p>\n","protected":false},"excerpt":{"rendered":"<p>Buchen Sie Ihr Ferienhaus fr\u00fch, insbesondere wenn Sie in der Hauptsaison (Juni-August) reisen. Seien Sie flexibel mit Ihren Daten. Wenn Sie nicht in der Hauptsaison reisen k\u00f6nnen, finden Sie m\u00f6glicherweise bessere Angebote f\u00fcr Ferienh\u00e4user. Ber\u00fccksichtigen Sie die Anmietung eines Autos. Dadurch haben Sie mehr Freiheit, den Landkreis zu erkunden. Recherchieren Sie die verschiedenen Attraktionen und [&hellip;]<\/p>\n","protected":false},"author":1,"featured_media":0,"parent":0,"menu_order":0,"comment_status":"closed","ping_status":"closed","template":"single-four.php","meta":[],"acf":[],"yoast_head":"<!-- This site is optimized with the Yoast SEO plugin v19.4 - https:\/\/yoast.com\/wordpress\/plugins\/seo\/ -->\n<title>Tipps f\u00fcr die Planung Ihres Selbstversorger-Urlaubs 2024 in Cornwall - Urlaub &amp; Reisen<\/title>\n<meta name=\"description\" content=\"Buchen Sie Ihr Ferienhaus fr\u00fch, insbesondere wenn Sie in der Hauptsaison (Juni-August) reisen\" \/>\n<meta name=\"robots\" content=\"index, follow, max-snippet:-1, max-image-preview:large, max-video-preview:-1\" \/>\n<link rel=\"canonical\" href=\"https:\/\/www.urlaubcornwall.de\/blog\/tipps-selbstversorger-urlaubs-2024-cornwall\/\" \/>\n<meta property=\"og:locale\" content=\"en_US\" \/>\n<meta property=\"og:type\" content=\"article\" \/>\n<meta property=\"og:title\" content=\"Tipps f\u00fcr die Planung Ihres Selbstversorger-Urlaubs 2024 in Cornwall - Urlaub &amp; Reisen\" \/>\n<meta property=\"og:description\" content=\"Buchen Sie Ihr Ferienhaus fr\u00fch, insbesondere wenn Sie in der Hauptsaison (Juni-August) reisen\" \/>\n<meta property=\"og:url\" content=\"https:\/\/www.urlaubcornwall.de\/blog\/tipps-selbstversorger-urlaubs-2024-cornwall\/\" \/>\n<meta property=\"og:site_name\" content=\"Urlaub &amp; Reisen\" \/>\n<meta property=\"og:image\" content=\"https:\/\/www.urlaubcornwall.de\/blog\/wp-content\/uploads\/2020\/02\/bedruthan-steps_edit.jpg\" \/>\n<meta name=\"twitter:card\" content=\"summary\" \/>\n<meta name=\"twitter:label1\" content=\"Est. reading time\" \/>\n\t<meta name=\"twitter:data1\" content=\"1 minute\" \/>\n<script type=\"application\/ld+json\" class=\"yoast-schema-graph\">{\"@context\":\"https:\/\/schema.org\",\"@graph\":[{\"@type\":\"WebSite\",\"@id\":\"https:\/\/www.urlaubcornwall.de\/blog\/#website\",\"url\":\"https:\/\/www.urlaubcornwall.de\/blog\/\",\"name\":\"Urlaub &amp; Reisen\",\"description\":\"Urlaub, Reisen, Cornwall und S\u00fcdengland: eine perfekte Kombination\",\"potentialAction\":[{\"@type\":\"SearchAction\",\"target\":{\"@type\":\"EntryPoint\",\"urlTemplate\":\"https:\/\/www.urlaubcornwall.de\/blog\/?s={search_term_string}\"},\"query-input\":\"required name=search_term_string\"}],\"inLanguage\":\"en-US\"},{\"@type\":\"WebPage\",\"@id\":\"https:\/\/www.urlaubcornwall.de\/blog\/tipps-selbstversorger-urlaubs-2024-cornwall\/\",\"url\":\"https:\/\/www.urlaubcornwall.de\/blog\/tipps-selbstversorger-urlaubs-2024-cornwall\/\",\"name\":\"Tipps f\u00fcr die Planung Ihres Selbstversorger-Urlaubs 2024 in Cornwall - Urlaub &amp; Reisen\",\"isPartOf\":{\"@id\":\"https:\/\/www.urlaubcornwall.de\/blog\/#website\"},\"datePublished\":\"2023-08-21T10:19:38+00:00\",\"dateModified\":\"2023-08-21T10:19:38+00:00\",\"description\":\"Buchen Sie Ihr Ferienhaus fr\u00fch, insbesondere wenn Sie in der Hauptsaison (Juni-August) reisen\",\"breadcrumb\":{\"@id\":\"https:\/\/www.urlaubcornwall.de\/blog\/tipps-selbstversorger-urlaubs-2024-cornwall\/#breadcrumb\"},\"inLanguage\":\"en-US\",\"potentialAction\":[{\"@type\":\"ReadAction\",\"target\":[\"https:\/\/www.urlaubcornwall.de\/blog\/tipps-selbstversorger-urlaubs-2024-cornwall\/\"]}]},{\"@type\":\"BreadcrumbList\",\"@id\":\"https:\/\/www.urlaubcornwall.de\/blog\/tipps-selbstversorger-urlaubs-2024-cornwall\/#breadcrumb\",\"itemListElement\":[{\"@type\":\"ListItem\",\"position\":1,\"name\":\"Home\",\"item\":\"https:\/\/www.urlaubcornwall.de\/blog\/\"},{\"@type\":\"ListItem\",\"position\":2,\"name\":\"Tipps f\u00fcr die Planung Ihres Selbstversorger-Urlaubs 2024 in Cornwall\"}]}]}<\/script>\n<!-- \/ Yoast SEO plugin. -->","yoast_head_json":{"title":"Tipps f\u00fcr die Planung Ihres Selbstversorger-Urlaubs 2024 in Cornwall - Urlaub &amp; Reisen","description":"Buchen Sie Ihr Ferienhaus fr\u00fch, insbesondere wenn Sie in der Hauptsaison (Juni-August) reisen","robots":{"index":"index","follow":"follow","max-snippet":"max-snippet:-1","max-image-preview":"max-image-preview:large","max-video-preview":"max-video-preview:-1"},"canonical":"https:\/\/www.urlaubcornwall.de\/blog\/tipps-selbstversorger-urlaubs-2024-cornwall\/","og_locale":"en_US","og_type":"article","og_title":"Tipps f\u00fcr die Planung Ihres Selbstversorger-Urlaubs 2024 in Cornwall - Urlaub &amp; Reisen","og_description":"Buchen Sie Ihr Ferienhaus fr\u00fch, insbesondere wenn Sie in der Hauptsaison (Juni-August) reisen","og_url":"https:\/\/www.urlaubcornwall.de\/blog\/tipps-selbstversorger-urlaubs-2024-cornwall\/","og_site_name":"Urlaub &amp; Reisen","og_image":[{"url":"https:\/\/www.urlaubcornwall.de\/blog\/wp-content\/uploads\/2020\/02\/bedruthan-steps_edit.jpg"}],"twitter_card":"summary","twitter_misc":{"Est. reading time":"1 minute"},"schema":{"@context":"https:\/\/schema.org","@graph":[{"@type":"WebSite","@id":"https:\/\/www.urlaubcornwall.de\/blog\/#website","url":"https:\/\/www.urlaubcornwall.de\/blog\/","name":"Urlaub &amp; Reisen","description":"Urlaub, Reisen, Cornwall und S\u00fcdengland: eine perfekte Kombination","potentialAction":[{"@type":"SearchAction","target":{"@type":"EntryPoint","urlTemplate":"https:\/\/www.urlaubcornwall.de\/blog\/?s={search_term_string}"},"query-input":"required name=search_term_string"}],"inLanguage":"en-US"},{"@type":"WebPage","@id":"https:\/\/www.urlaubcornwall.de\/blog\/tipps-selbstversorger-urlaubs-2024-cornwall\/","url":"https:\/\/www.urlaubcornwall.de\/blog\/tipps-selbstversorger-urlaubs-2024-cornwall\/","name":"Tipps f\u00fcr die Planung Ihres Selbstversorger-Urlaubs 2024 in Cornwall - Urlaub &amp; Reisen","isPartOf":{"@id":"https:\/\/www.urlaubcornwall.de\/blog\/#website"},"datePublished":"2023-08-21T10:19:38+00:00","dateModified":"2023-08-21T10:19:38+00:00","description":"Buchen Sie Ihr Ferienhaus fr\u00fch, insbesondere wenn Sie in der Hauptsaison (Juni-August) reisen","breadcrumb":{"@id":"https:\/\/www.urlaubcornwall.de\/blog\/tipps-selbstversorger-urlaubs-2024-cornwall\/#breadcrumb"},"inLanguage":"en-US","potentialAction":[{"@type":"ReadAction","target":["https:\/\/www.urlaubcornwall.de\/blog\/tipps-selbstversorger-urlaubs-2024-cornwall\/"]}]},{"@type":"BreadcrumbList","@id":"https:\/\/www.urlaubcornwall.de\/blog\/tipps-selbstversorger-urlaubs-2024-cornwall\/#breadcrumb","itemListElement":[{"@type":"ListItem","position":1,"name":"Home","item":"https:\/\/www.urlaubcornwall.de\/blog\/"},{"@type":"ListItem","position":2,"name":"Tipps f\u00fcr die Planung Ihres Selbstversorger-Urlaubs 2024 in Cornwall"}]}]}},"_links":{"self":[{"href":"https:\/\/www.urlaubcornwall.de\/blog\/wp-json\/wp\/v2\/pages\/46993"}],"collection":[{"href":"https:\/\/www.urlaubcornwall.de\/blog\/wp-json\/wp\/v2\/pages"}],"about":[{"href":"https:\/\/www.urlaubcornwall.de\/blog\/wp-json\/wp\/v2\/types\/page"}],"author":[{"embeddable":true,"href":"https:\/\/www.urlaubcornwall.de\/blog\/wp-json\/wp\/v2\/users\/1"}],"replies":[{"embeddable":true,"href":"https:\/\/www.urlaubcornwall.de\/blog\/wp-json\/wp\/v2\/comments?post=46993"}],"version-history":[{"count":1,"href":"https:\/\/www.urlaubcornwall.de\/blog\/wp-json\/wp\/v2\/pages\/46993\/revisions"}],"predecessor-version":[{"id":46994,"href":"https:\/\/www.urlaubcornwall.de\/blog\/wp-json\/wp\/v2\/pages\/46993\/revisions\/46994"}],"wp:attachment":[{"href":"https:\/\/www.urlaubcornwall.de\/blog\/wp-json\/wp\/v2\/media?parent=46993"}],"curies":[{"name":"wp","href":"https:\/\/api.w.org\/{rel}","templated":true}]}}