{"id":46983,"date":"2023-08-18T11:51:56","date_gmt":"2023-08-18T11:51:56","guid":{"rendered":"https:\/\/www.urlaubcornwall.de\/blog\/?page_id=46983"},"modified":"2025-10-28T11:43:15","modified_gmt":"2025-10-28T11:43:15","slug":"magischer-urlaub-in-schottland-2024","status":"publish","type":"page","link":"https:\/\/www.urlaubcornwall.de\/blog\/magischer-urlaub-in-schottland-2024\/","title":{"rendered":"Magischer Urlaub in Schottland"},"content":{"rendered":"<p><img loading=\"lazy\" class=\"aligncenter size-full wp-image-25406\" src=\"https:\/\/www.urlaubcornwall.de\/blog\/wp-content\/uploads\/2016\/11\/urlaub-Loch-ness.jpg\" alt=\"urlaub Drumnadrochit loch ness\" width=\"750\" height=\"370\"\/><\/p>\n<p><a href=\"https:\/\/www.urlaubcornwall.de\/reiseziel\/schottland.php\">Schottland ist ein wundersch\u00f6nes Land<\/a> mit einer reichen Geschichte und Kultur. Es ist ein beliebtes Reiseziel f\u00fcr Menschen aus aller Welt, die auf der Suche nach einem unvergesslichen Urlaub sind.<\/p>\n<p>Hier sind einige der Hauptgr\u00fcnde, warum Sie Schottland im Jahr 2024 besuchen sollten:<\/p>\n<p>Atemberaubende Landschaft: <a href=\"https:\/\/www.urlaubcornwall.de\/ferienhaeuser\/schottland.php\">Schottland ist bekannt f\u00fcr seine wundersch\u00f6ne Landschaft<\/a>, darunter beeindruckende Berge, Seen, W\u00e4lder und K\u00fcsten. Es gibt viele M\u00f6glichkeiten, die Landschaft zu erkunden, zum Beispiel zu Fu\u00df, mit dem Fahrrad, mit dem Boot oder mit dem Auto.<\/p>\n<p>Reiche Geschichte: Schottland hat eine lange und reiche Geschichte, die bis in die Steinzeit zur\u00fcckreicht. Es gibt viele historische St\u00e4tten zu entdecken, zum Beispiel die Burg <a href=\"https:\/\/www.urlaubcornwall.de\/blog\/reisetipps-fuer-edinburgh-unsere-top-10-sie-sie-sehen-und-erleben-sollten\/\">Edinburgh<\/a>, das Schloss Stirling und die K\u00fcste von Loch Ness.<\/p>\n<p>Lebendige Kultur: Schottland hat eine lebendige Kultur, die von seiner keltischen Vergangenheit und seiner N\u00e4he zu England gepr\u00e4gt ist. Es gibt viele Festivals, Konzerte, Ausstellungen und andere Veranstaltungen, die das ganze Jahr \u00fcber stattfinden.<\/p>\n<p>Hier sind einige Highlights und Veranstaltungen, die im Jahr 2024 in Schottland stattfinden werden:<\/p>\n<p>Edinburgh Festival Fringe: Das Edinburgh Festival Fringe ist das gr\u00f6\u00dfte Theaterfestival der Welt und findet jedes Jahr im August statt. Es bietet ein riesiges Angebot an Theaterst\u00fccken, Comedy-Shows, Musikdarbietungen und anderen Veranstaltungen.<\/p>\n<p>Hogmanay: Hogmanay ist das schottische Neujahrsfest und wird jedes Jahr am 31. Dezember gefeiert. Es gibt viele Feiern und Veranstaltungen, darunter Feuerwerke, Konzerte und T\u00e4nze.<\/p>\n<p>Royal Highland Show: Die Royal Highland Show ist eine landwirtschaftliche Ausstellung, die jedes Jahr im Juni in Edinburgh stattfindet. Es ist eine der gr\u00f6\u00dften landwirtschaftlichen Ausstellungen in Europa und bietet ein vielf\u00e4ltiges Programm aus Ausstellungen, Vortr\u00e4gen und Wettbewerben.<\/p>\n<p>Wenn Sie auf der Suche nach einem magischen Urlaub sind, dann ist Schottland das perfekte Ziel f\u00fcr Sie. Es gibt f\u00fcr jeden etwas zu bieten, von atemberaubender Landschaft \u00fcber reiche Geschichte bis hin zu lebendiger Kultur. Buchen Sie Ihre Reise noch heute!<\/p>\n<h1>Unser Rundreisenservice in Schottland<\/h1>\n<p>Weshalb \u00fcber uns buchen?<\/p>\n<p>Firmensitz in Cornwall und ein Team Deutsch sprechender Reisespezialisten.<\/p>\n<p>Wir haben eine Leidenschaft f\u00fcrs Reisen und gestalten den perfekten Urlaub.<\/p>\n<p>Ortskenntnisse und Insidertipps f\u00fcr unsere Kunden.<\/p>\n<p>Sonderangebote und Preisnachl\u00e4sse<\/p>\n<p>S\u00e4mtliche unserer Rundreisen sind durch einen voll versicherten deutschen Reiseveranstalter gesichert.<\/p>\n<p style=\"text-align: center;\"><a class=\"tidycta\" href=\"https:\/\/www.urlaubcornwall.de\/blog\/rundreisen-schottland\/\"> Mehr Info<\/a><\/p>\n<div class=\"snippet\"> <a class=\"featured-item\" href=\" https:\/\/www.urlaubcornwall.de\/ferienhaeuser\/schottland.php\"> <span class=\"image-holder\" style=\"background-image: url(' https:\/\/www.urlaubcornwall.de\/blog\/wp-content\/uploads\/2019\/01\/urlaub-schottland-highlands-1.jpg ');\"><\/span> <span class=\"featured-content\"> \n<h2 class=\"featured-title\">Bei uns finden Sie Ferienh\u00e4user in Schottland zum Verlieben!<\/h2>\n<p class=\"featured-body\">Untenstehend finden Sie eine Auswahl an Ferienh\u00e4usern in Schottland. Hier finden Sie pers\u00f6nlich inspizierte Cottages entlang der schottischen K\u00fcste, in den schottischen Highlands und auf den Inseln&#8230;..<\/p>\n<\/span> <span class=\"featured-link-holder\"> <span class=\"featured-extra-info\"> \n<p>F\u00fcr Paare, Familien &#038; Gruppen<\/p>\n<\/span> \n<p class=\"featured-link\">DETAILS<\/p>\n<\/span> <\/a><\/div>\n","protected":false},"excerpt":{"rendered":"<p>Schottland ist ein wundersch\u00f6nes Land mit einer reichen Geschichte und Kultur. Es ist ein beliebtes Reiseziel f\u00fcr Menschen aus aller Welt, die auf der Suche nach einem unvergesslichen Urlaub sind. Hier sind einige der Hauptgr\u00fcnde, warum Sie Schottland im Jahr 2024 besuchen sollten: Atemberaubende Landschaft: Schottland ist bekannt f\u00fcr seine wundersch\u00f6ne Landschaft, darunter beeindruckende Berge, [&hellip;]<\/p>\n","protected":false},"author":1,"featured_media":0,"parent":0,"menu_order":0,"comment_status":"closed","ping_status":"closed","template":"single-four.php","meta":[],"acf":[],"yoast_head":"<!-- This site is optimized with the Yoast SEO plugin v19.4 - https:\/\/yoast.com\/wordpress\/plugins\/seo\/ -->\n<title>Magischer Urlaub in Schottland - Urlaub &amp; Reisen<\/title>\n<meta name=\"robots\" content=\"index, follow, max-snippet:-1, max-image-preview:large, max-video-preview:-1\" \/>\n<link rel=\"canonical\" href=\"https:\/\/www.urlaubcornwall.de\/blog\/magischer-urlaub-in-schottland-2024\/\" \/>\n<meta property=\"og:locale\" content=\"en_US\" \/>\n<meta property=\"og:type\" content=\"article\" \/>\n<meta property=\"og:title\" content=\"Magischer Urlaub in Schottland - Urlaub &amp; Reisen\" \/>\n<meta property=\"og:description\" content=\"Schottland ist ein wundersch\u00f6nes Land mit einer reichen Geschichte und Kultur. Es ist ein beliebtes Reiseziel f\u00fcr Menschen aus aller Welt, die auf der Suche nach einem unvergesslichen Urlaub sind. Hier sind einige der Hauptgr\u00fcnde, warum Sie Schottland im Jahr 2024 besuchen sollten: Atemberaubende Landschaft: Schottland ist bekannt f\u00fcr seine wundersch\u00f6ne Landschaft, darunter beeindruckende Berge, [&hellip;]\" \/>\n<meta property=\"og:url\" content=\"https:\/\/www.urlaubcornwall.de\/blog\/magischer-urlaub-in-schottland-2024\/\" \/>\n<meta property=\"og:site_name\" content=\"Urlaub &amp; Reisen\" \/>\n<meta property=\"article:modified_time\" content=\"2025-10-28T11:43:15+00:00\" \/>\n<meta property=\"og:image\" content=\"https:\/\/www.urlaubcornwall.de\/blog\/wp-content\/uploads\/2016\/11\/urlaub-Loch-ness.jpg\" \/>\n<meta name=\"twitter:card\" content=\"summary\" \/>\n<meta name=\"twitter:label1\" content=\"Est. reading time\" \/>\n\t<meta name=\"twitter:data1\" content=\"2 minutes\" \/>\n<script type=\"application\/ld+json\" class=\"yoast-schema-graph\">{\"@context\":\"https:\/\/schema.org\",\"@graph\":[{\"@type\":\"WebSite\",\"@id\":\"https:\/\/www.urlaubcornwall.de\/blog\/#website\",\"url\":\"https:\/\/www.urlaubcornwall.de\/blog\/\",\"name\":\"Urlaub &amp; Reisen\",\"description\":\"Urlaub, Reisen, Cornwall und S\u00fcdengland: eine perfekte Kombination\",\"potentialAction\":[{\"@type\":\"SearchAction\",\"target\":{\"@type\":\"EntryPoint\",\"urlTemplate\":\"https:\/\/www.urlaubcornwall.de\/blog\/?s={search_term_string}\"},\"query-input\":\"required name=search_term_string\"}],\"inLanguage\":\"en-US\"},{\"@type\":\"WebPage\",\"@id\":\"https:\/\/www.urlaubcornwall.de\/blog\/magischer-urlaub-in-schottland-2024\/\",\"url\":\"https:\/\/www.urlaubcornwall.de\/blog\/magischer-urlaub-in-schottland-2024\/\",\"name\":\"Magischer Urlaub in Schottland - Urlaub &amp; Reisen\",\"isPartOf\":{\"@id\":\"https:\/\/www.urlaubcornwall.de\/blog\/#website\"},\"datePublished\":\"2023-08-18T11:51:56+00:00\",\"dateModified\":\"2025-10-28T11:43:15+00:00\",\"breadcrumb\":{\"@id\":\"https:\/\/www.urlaubcornwall.de\/blog\/magischer-urlaub-in-schottland-2024\/#breadcrumb\"},\"inLanguage\":\"en-US\",\"potentialAction\":[{\"@type\":\"ReadAction\",\"target\":[\"https:\/\/www.urlaubcornwall.de\/blog\/magischer-urlaub-in-schottland-2024\/\"]}]},{\"@type\":\"BreadcrumbList\",\"@id\":\"https:\/\/www.urlaubcornwall.de\/blog\/magischer-urlaub-in-schottland-2024\/#breadcrumb\",\"itemListElement\":[{\"@type\":\"ListItem\",\"position\":1,\"name\":\"Home\",\"item\":\"https:\/\/www.urlaubcornwall.de\/blog\/\"},{\"@type\":\"ListItem\",\"position\":2,\"name\":\"Magischer Urlaub in Schottland\"}]}]}<\/script>\n<!-- \/ Yoast SEO plugin. -->","yoast_head_json":{"title":"Magischer Urlaub in Schottland - Urlaub &amp; Reisen","robots":{"index":"index","follow":"follow","max-snippet":"max-snippet:-1","max-image-preview":"max-image-preview:large","max-video-preview":"max-video-preview:-1"},"canonical":"https:\/\/www.urlaubcornwall.de\/blog\/magischer-urlaub-in-schottland-2024\/","og_locale":"en_US","og_type":"article","og_title":"Magischer Urlaub in Schottland - Urlaub &amp; Reisen","og_description":"Schottland ist ein wundersch\u00f6nes Land mit einer reichen Geschichte und Kultur. Es ist ein beliebtes Reiseziel f\u00fcr Menschen aus aller Welt, die auf der Suche nach einem unvergesslichen Urlaub sind. Hier sind einige der Hauptgr\u00fcnde, warum Sie Schottland im Jahr 2024 besuchen sollten: Atemberaubende Landschaft: Schottland ist bekannt f\u00fcr seine wundersch\u00f6ne Landschaft, darunter beeindruckende Berge, [&hellip;]","og_url":"https:\/\/www.urlaubcornwall.de\/blog\/magischer-urlaub-in-schottland-2024\/","og_site_name":"Urlaub &amp; Reisen","article_modified_time":"2025-10-28T11:43:15+00:00","og_image":[{"url":"https:\/\/www.urlaubcornwall.de\/blog\/wp-content\/uploads\/2016\/11\/urlaub-Loch-ness.jpg"}],"twitter_card":"summary","twitter_misc":{"Est. reading time":"2 minutes"},"schema":{"@context":"https:\/\/schema.org","@graph":[{"@type":"WebSite","@id":"https:\/\/www.urlaubcornwall.de\/blog\/#website","url":"https:\/\/www.urlaubcornwall.de\/blog\/","name":"Urlaub &amp; Reisen","description":"Urlaub, Reisen, Cornwall und S\u00fcdengland: eine perfekte Kombination","potentialAction":[{"@type":"SearchAction","target":{"@type":"EntryPoint","urlTemplate":"https:\/\/www.urlaubcornwall.de\/blog\/?s={search_term_string}"},"query-input":"required name=search_term_string"}],"inLanguage":"en-US"},{"@type":"WebPage","@id":"https:\/\/www.urlaubcornwall.de\/blog\/magischer-urlaub-in-schottland-2024\/","url":"https:\/\/www.urlaubcornwall.de\/blog\/magischer-urlaub-in-schottland-2024\/","name":"Magischer Urlaub in Schottland - Urlaub &amp; Reisen","isPartOf":{"@id":"https:\/\/www.urlaubcornwall.de\/blog\/#website"},"datePublished":"2023-08-18T11:51:56+00:00","dateModified":"2025-10-28T11:43:15+00:00","breadcrumb":{"@id":"https:\/\/www.urlaubcornwall.de\/blog\/magischer-urlaub-in-schottland-2024\/#breadcrumb"},"inLanguage":"en-US","potentialAction":[{"@type":"ReadAction","target":["https:\/\/www.urlaubcornwall.de\/blog\/magischer-urlaub-in-schottland-2024\/"]}]},{"@type":"BreadcrumbList","@id":"https:\/\/www.urlaubcornwall.de\/blog\/magischer-urlaub-in-schottland-2024\/#breadcrumb","itemListElement":[{"@type":"ListItem","position":1,"name":"Home","item":"https:\/\/www.urlaubcornwall.de\/blog\/"},{"@type":"ListItem","position":2,"name":"Magischer Urlaub in Schottland"}]}]}},"_links":{"self":[{"href":"https:\/\/www.urlaubcornwall.de\/blog\/wp-json\/wp\/v2\/pages\/46983"}],"collection":[{"href":"https:\/\/www.urlaubcornwall.de\/blog\/wp-json\/wp\/v2\/pages"}],"about":[{"href":"https:\/\/www.urlaubcornwall.de\/blog\/wp-json\/wp\/v2\/types\/page"}],"author":[{"embeddable":true,"href":"https:\/\/www.urlaubcornwall.de\/blog\/wp-json\/wp\/v2\/users\/1"}],"replies":[{"embeddable":true,"href":"https:\/\/www.urlaubcornwall.de\/blog\/wp-json\/wp\/v2\/comments?post=46983"}],"version-history":[{"count":4,"href":"https:\/\/www.urlaubcornwall.de\/blog\/wp-json\/wp\/v2\/pages\/46983\/revisions"}],"predecessor-version":[{"id":51902,"href":"https:\/\/www.urlaubcornwall.de\/blog\/wp-json\/wp\/v2\/pages\/46983\/revisions\/51902"}],"wp:attachment":[{"href":"https:\/\/www.urlaubcornwall.de\/blog\/wp-json\/wp\/v2\/media?parent=46983"}],"curies":[{"name":"wp","href":"https:\/\/api.w.org\/{rel}","templated":true}]}}