{"id":46982,"date":"2023-08-18T09:30:02","date_gmt":"2023-08-18T09:30:02","guid":{"rendered":"https:\/\/www.urlaubcornwall.de\/blog\/?page_id=46982"},"modified":"2025-10-28T11:43:28","modified_gmt":"2025-10-28T11:43:28","slug":"magischer-urlaub-in-suedengland-2024","status":"publish","type":"page","link":"https:\/\/www.urlaubcornwall.de\/blog\/magischer-urlaub-in-suedengland-2024\/","title":{"rendered":"Magischer Urlaub in S\u00fcdengland"},"content":{"rendered":"<p><img loading=\"lazy\" class=\"aligncenter size-full wp-image-47969\" src=\"https:\/\/www.urlaubcornwall.de\/blog\/wp-content\/uploads\/2024\/03\/durdle-door-1.jpg\" alt=\"durdle door\" width=\"750\" height=\"562\" srcset=\"https:\/\/www.urlaubcornwall.de\/blog\/wp-content\/uploads\/2024\/03\/durdle-door-1.jpg 750w, https:\/\/www.urlaubcornwall.de\/blog\/wp-content\/uploads\/2024\/03\/durdle-door-1-300x225.jpg 300w\" sizes=\"(max-width: 750px) 100vw, 750px\" \/><\/p>\n<p><a href=\"https:\/\/www.urlaubcornwall.de\/reiseziel\/suedengland.php\">S\u00fcdengland ist eine wundersch\u00f6ne Region<\/a>, die f\u00fcr ihre atemberaubende Landschaft, ihre reichen Geschichte und ihre lebendige Kultur bekannt ist. Es ist ein beliebtes Reiseziel f\u00fcr Menschen aus aller Welt, die auf der Suche nach einem unvergesslichen Urlaub sind.<\/p>\n<p>Hier sind einige der Hauptgr\u00fcnde, warum Sie S\u00fcdengland im Jahr 2024 besuchen sollten:<\/p>\n<p><a href=\"https:\/\/www.urlaubcornwall.de\/ferienhaeuser\/suedengland.php\">Atemberaubende Landschaft: S\u00fcdengland<\/a> ist bekannt f\u00fcr seine wundersch\u00f6ne K\u00fcste, seine steilen Klippen, seine malerischen D\u00f6rfer und seine \u00fcppigen W\u00e4lder. Es gibt viele M\u00f6glichkeiten, die Landschaft zu erkunden, zum Beispiel zu Fu\u00df, mit dem Fahrrad, mit dem Boot oder mit dem Auto.<\/p>\n<p>Reiche Geschichte: S\u00fcdengland hat eine lange und reiche Geschichte, die bis in die Steinzeit zur\u00fcckreicht. Es gibt viele historische St\u00e4tten zu entdecken, zum Beispiel die Steinkreise von <a href=\"https:\/\/www.urlaubcornwall.de\/blog\/was-ist-besonders-an-stonehenge\/\">Stonehenge<\/a>, die Festung <a href=\"https:\/\/www.urlaubcornwall.de\/ferienhaeuser-fewos\/tintagel.html\">Tintagel<\/a> und die Stadt Winchester.<\/p>\n<p>Lebendige Kultur: S\u00fcdengland hat eine lebendige Kultur, die von seiner keltischen Vergangenheit und seiner N\u00e4he zur Bretagne gepr\u00e4gt ist. Es gibt viele Festivals, Konzerte, Ausstellungen und andere Veranstaltungen, die das ganze Jahr \u00fcber stattfinden.<\/p>\n<div class=\"snippet\"> <a class=\"featured-item\" href=\"https:\/\/www.urlaubcornwall.de\/ferienhaeuser\/suedengland.php\"> <span class=\"image-holder\" style=\"background-image: url('https:\/\/www.urlaubcornwall.de\/blog\/wp-content\/uploads\/2018\/12\/ferienhaus-cornwall-mit-hund.jpg');\"><\/span> <span class=\"featured-content\"> \n<h2 class=\"featured-title\">Ferienh\u00e4user in S\u00fcdengland<\/h2>\n<p class=\"featured-body\">Bei uns finden Sie Ferienh\u00e4user zum Verlieben &#8211; so einfach ist das! Dank seiner langen Geschichte, der reizvollen Landschaften und seinen vielen Attraktionen ist S\u00fcdengland ein wahres Mekka f\u00fcr Urlauber&#8230;..<\/p><\/span> <span class=\"featured-link-holder\"> <span class=\"featured-extra-info\"> \n<p>Pers\u00f6nlich inspizierter Ferienh\u00e4user<\/p>\n<\/span> \n<p class=\"featured-link\">DETAILS<\/p>\n<\/span> <\/a><\/div>\n<p>Hier sind einige Highlights und Veranstaltungen, die im Jahr 2024 in S\u00fcdengland stattfinden werden:<\/p>\n<p>Brighton Pride: Brighton Pride ist eine j\u00e4hrliche LGBT-Pride-Veranstaltung, die im August stattfindet. Sie ist eine der gr\u00f6\u00dften LGBT-Pride-Veranstaltungen in Europa und zieht jedes Jahr \u00fcber eine Million Besucher an.<\/p>\n<p>The Proms: The Proms ist eine j\u00e4hrliche Musikveranstaltung, die im Juli und August stattfindet. Sie ist eine der beliebtesten Musikveranstaltungen in Gro\u00dfbritannien und bietet ein vielf\u00e4ltiges Programm aus klassischer Musik, Jazz, Rock und Pop.<\/p>\n<p>Wenn Sie auf der Suche nach einem magischen Urlaub sind, dann ist S\u00fcdengland das perfekte Ziel f\u00fcr Sie. Es gibt f\u00fcr jeden etwas zu bieten, von atemberaubender Landschaft \u00fcber reiche Geschichte bis hin zu lebendiger Kultur. Buchen Sie Ihre Reise noch heute!<\/p>\n<p>Wir haben die beste Auswahl an <a href=\"https:\/\/www.urlaubcornwall.de\/ferienhaeuser\/suedengland.php\">pers\u00f6nlich inspizierten Ferienh\u00e4usern im Angebot<\/a>.<\/p>\n<p style=\"text-align: center;\"><a class=\"tidycta\" href=\"https:\/\/www.urlaubcornwall.de\/ferienhaeuser\/suedengland.php\">Suche Ferienh\u00e4user S\u00fcdengland<\/a><\/p>\n<h1>Unser Rundreisenservice in S\u00fcdengland<\/h1>\n<p>Weshalb \u00fcber uns buchen?<\/p>\n<p>Firmensitz in Cornwall und ein Team Deutsch sprechender Reisespezialisten.<\/p>\n<p>Wir haben eine Leidenschaft f\u00fcrs Reisen und gestalten den perfekten Urlaub.<\/p>\n<p>Ortskenntnisse und Insidertipps f\u00fcr unsere Kunden.<\/p>\n<p>Sonderangebote und Preisnachl\u00e4sse<\/p>\n<p>S\u00e4mtliche unserer Rundreisen sind durch einen voll versicherten deutschen Reiseveranstalter gesichert.<\/p>\n<p style=\"text-align: center;\"><a class=\"tidycta\" href=\"https:\/\/www.urlaubcornwall.de\/rundreisen\/cornwall-suedengland.php\"> Mehr Info<\/a><\/p>\n","protected":false},"excerpt":{"rendered":"<p>S\u00fcdengland ist eine wundersch\u00f6ne Region, die f\u00fcr ihre atemberaubende Landschaft, ihre reichen Geschichte und ihre lebendige Kultur bekannt ist. Es ist ein beliebtes Reiseziel f\u00fcr Menschen aus aller Welt, die auf der Suche nach einem unvergesslichen Urlaub sind. Hier sind einige der Hauptgr\u00fcnde, warum Sie S\u00fcdengland im Jahr 2024 besuchen sollten: Atemberaubende Landschaft: S\u00fcdengland ist [&hellip;]<\/p>\n","protected":false},"author":1,"featured_media":0,"parent":0,"menu_order":0,"comment_status":"closed","ping_status":"closed","template":"single-four.php","meta":[],"acf":[],"yoast_head":"<!-- This site is optimized with the Yoast SEO plugin v19.4 - https:\/\/yoast.com\/wordpress\/plugins\/seo\/ -->\n<title>Magischer Urlaub in S\u00fcdengland - Urlaub &amp; Reisen<\/title>\n<meta name=\"description\" content=\"S\u00fcdengland ist eine wundersch\u00f6ne Region, die f\u00fcr ihre atemberaubende Landschaft, ihre reichen Geschichte und ihre lebendige\" \/>\n<meta name=\"robots\" content=\"index, follow, max-snippet:-1, max-image-preview:large, max-video-preview:-1\" \/>\n<link rel=\"canonical\" href=\"https:\/\/www.urlaubcornwall.de\/blog\/magischer-urlaub-in-suedengland-2024\/\" \/>\n<meta property=\"og:locale\" content=\"en_US\" \/>\n<meta property=\"og:type\" content=\"article\" \/>\n<meta property=\"og:title\" content=\"Magischer Urlaub in S\u00fcdengland - Urlaub &amp; Reisen\" \/>\n<meta property=\"og:description\" content=\"S\u00fcdengland ist eine wundersch\u00f6ne Region, die f\u00fcr ihre atemberaubende Landschaft, ihre reichen Geschichte und ihre lebendige\" \/>\n<meta property=\"og:url\" content=\"https:\/\/www.urlaubcornwall.de\/blog\/magischer-urlaub-in-suedengland-2024\/\" \/>\n<meta property=\"og:site_name\" content=\"Urlaub &amp; Reisen\" \/>\n<meta property=\"article:modified_time\" content=\"2025-10-28T11:43:28+00:00\" \/>\n<meta property=\"og:image\" content=\"https:\/\/www.urlaubcornwall.de\/blog\/wp-content\/uploads\/2024\/03\/durdle-door-1.jpg\" \/>\n<meta name=\"twitter:card\" content=\"summary\" \/>\n<meta name=\"twitter:label1\" content=\"Est. reading time\" \/>\n\t<meta name=\"twitter:data1\" content=\"2 minutes\" \/>\n<script type=\"application\/ld+json\" class=\"yoast-schema-graph\">{\"@context\":\"https:\/\/schema.org\",\"@graph\":[{\"@type\":\"WebSite\",\"@id\":\"https:\/\/www.urlaubcornwall.de\/blog\/#website\",\"url\":\"https:\/\/www.urlaubcornwall.de\/blog\/\",\"name\":\"Urlaub &amp; Reisen\",\"description\":\"Urlaub, Reisen, Cornwall und S\u00fcdengland: eine perfekte Kombination\",\"potentialAction\":[{\"@type\":\"SearchAction\",\"target\":{\"@type\":\"EntryPoint\",\"urlTemplate\":\"https:\/\/www.urlaubcornwall.de\/blog\/?s={search_term_string}\"},\"query-input\":\"required name=search_term_string\"}],\"inLanguage\":\"en-US\"},{\"@type\":\"WebPage\",\"@id\":\"https:\/\/www.urlaubcornwall.de\/blog\/magischer-urlaub-in-suedengland-2024\/\",\"url\":\"https:\/\/www.urlaubcornwall.de\/blog\/magischer-urlaub-in-suedengland-2024\/\",\"name\":\"Magischer Urlaub in S\u00fcdengland - Urlaub &amp; Reisen\",\"isPartOf\":{\"@id\":\"https:\/\/www.urlaubcornwall.de\/blog\/#website\"},\"datePublished\":\"2023-08-18T09:30:02+00:00\",\"dateModified\":\"2025-10-28T11:43:28+00:00\",\"description\":\"S\u00fcdengland ist eine wundersch\u00f6ne Region, die f\u00fcr ihre atemberaubende Landschaft, ihre reichen Geschichte und ihre lebendige\",\"breadcrumb\":{\"@id\":\"https:\/\/www.urlaubcornwall.de\/blog\/magischer-urlaub-in-suedengland-2024\/#breadcrumb\"},\"inLanguage\":\"en-US\",\"potentialAction\":[{\"@type\":\"ReadAction\",\"target\":[\"https:\/\/www.urlaubcornwall.de\/blog\/magischer-urlaub-in-suedengland-2024\/\"]}]},{\"@type\":\"BreadcrumbList\",\"@id\":\"https:\/\/www.urlaubcornwall.de\/blog\/magischer-urlaub-in-suedengland-2024\/#breadcrumb\",\"itemListElement\":[{\"@type\":\"ListItem\",\"position\":1,\"name\":\"Home\",\"item\":\"https:\/\/www.urlaubcornwall.de\/blog\/\"},{\"@type\":\"ListItem\",\"position\":2,\"name\":\"Magischer Urlaub in S\u00fcdengland\"}]}]}<\/script>\n<!-- \/ Yoast SEO plugin. -->","yoast_head_json":{"title":"Magischer Urlaub in S\u00fcdengland - Urlaub &amp; Reisen","description":"S\u00fcdengland ist eine wundersch\u00f6ne Region, die f\u00fcr ihre atemberaubende Landschaft, ihre reichen Geschichte und ihre lebendige","robots":{"index":"index","follow":"follow","max-snippet":"max-snippet:-1","max-image-preview":"max-image-preview:large","max-video-preview":"max-video-preview:-1"},"canonical":"https:\/\/www.urlaubcornwall.de\/blog\/magischer-urlaub-in-suedengland-2024\/","og_locale":"en_US","og_type":"article","og_title":"Magischer Urlaub in S\u00fcdengland - Urlaub &amp; Reisen","og_description":"S\u00fcdengland ist eine wundersch\u00f6ne Region, die f\u00fcr ihre atemberaubende Landschaft, ihre reichen Geschichte und ihre lebendige","og_url":"https:\/\/www.urlaubcornwall.de\/blog\/magischer-urlaub-in-suedengland-2024\/","og_site_name":"Urlaub &amp; Reisen","article_modified_time":"2025-10-28T11:43:28+00:00","og_image":[{"url":"https:\/\/www.urlaubcornwall.de\/blog\/wp-content\/uploads\/2024\/03\/durdle-door-1.jpg"}],"twitter_card":"summary","twitter_misc":{"Est. reading time":"2 minutes"},"schema":{"@context":"https:\/\/schema.org","@graph":[{"@type":"WebSite","@id":"https:\/\/www.urlaubcornwall.de\/blog\/#website","url":"https:\/\/www.urlaubcornwall.de\/blog\/","name":"Urlaub &amp; Reisen","description":"Urlaub, Reisen, Cornwall und S\u00fcdengland: eine perfekte Kombination","potentialAction":[{"@type":"SearchAction","target":{"@type":"EntryPoint","urlTemplate":"https:\/\/www.urlaubcornwall.de\/blog\/?s={search_term_string}"},"query-input":"required name=search_term_string"}],"inLanguage":"en-US"},{"@type":"WebPage","@id":"https:\/\/www.urlaubcornwall.de\/blog\/magischer-urlaub-in-suedengland-2024\/","url":"https:\/\/www.urlaubcornwall.de\/blog\/magischer-urlaub-in-suedengland-2024\/","name":"Magischer Urlaub in S\u00fcdengland - Urlaub &amp; Reisen","isPartOf":{"@id":"https:\/\/www.urlaubcornwall.de\/blog\/#website"},"datePublished":"2023-08-18T09:30:02+00:00","dateModified":"2025-10-28T11:43:28+00:00","description":"S\u00fcdengland ist eine wundersch\u00f6ne Region, die f\u00fcr ihre atemberaubende Landschaft, ihre reichen Geschichte und ihre lebendige","breadcrumb":{"@id":"https:\/\/www.urlaubcornwall.de\/blog\/magischer-urlaub-in-suedengland-2024\/#breadcrumb"},"inLanguage":"en-US","potentialAction":[{"@type":"ReadAction","target":["https:\/\/www.urlaubcornwall.de\/blog\/magischer-urlaub-in-suedengland-2024\/"]}]},{"@type":"BreadcrumbList","@id":"https:\/\/www.urlaubcornwall.de\/blog\/magischer-urlaub-in-suedengland-2024\/#breadcrumb","itemListElement":[{"@type":"ListItem","position":1,"name":"Home","item":"https:\/\/www.urlaubcornwall.de\/blog\/"},{"@type":"ListItem","position":2,"name":"Magischer Urlaub in S\u00fcdengland"}]}]}},"_links":{"self":[{"href":"https:\/\/www.urlaubcornwall.de\/blog\/wp-json\/wp\/v2\/pages\/46982"}],"collection":[{"href":"https:\/\/www.urlaubcornwall.de\/blog\/wp-json\/wp\/v2\/pages"}],"about":[{"href":"https:\/\/www.urlaubcornwall.de\/blog\/wp-json\/wp\/v2\/types\/page"}],"author":[{"embeddable":true,"href":"https:\/\/www.urlaubcornwall.de\/blog\/wp-json\/wp\/v2\/users\/1"}],"replies":[{"embeddable":true,"href":"https:\/\/www.urlaubcornwall.de\/blog\/wp-json\/wp\/v2\/comments?post=46982"}],"version-history":[{"count":5,"href":"https:\/\/www.urlaubcornwall.de\/blog\/wp-json\/wp\/v2\/pages\/46982\/revisions"}],"predecessor-version":[{"id":51903,"href":"https:\/\/www.urlaubcornwall.de\/blog\/wp-json\/wp\/v2\/pages\/46982\/revisions\/51903"}],"wp:attachment":[{"href":"https:\/\/www.urlaubcornwall.de\/blog\/wp-json\/wp\/v2\/media?parent=46982"}],"curies":[{"name":"wp","href":"https:\/\/api.w.org\/{rel}","templated":true}]}}