{"id":46951,"date":"2023-08-04T10:56:12","date_gmt":"2023-08-04T10:56:12","guid":{"rendered":"https:\/\/www.urlaubcornwall.de\/blog\/?page_id=46951"},"modified":"2024-05-31T11:48:56","modified_gmt":"2024-05-31T11:48:56","slug":"ist-dartmoor-oder-bodmin-moor-schoener","status":"publish","type":"page","link":"https:\/\/www.urlaubcornwall.de\/blog\/ist-dartmoor-oder-bodmin-moor-schoener\/","title":{"rendered":"Ist Dartmoor oder Bodmin Moor sch\u00f6ner?"},"content":{"rendered":"<p>Beide Moorgebiete in <a href=\"https:\/\/www.urlaubcornwall.de\/reiseziel\/cornwall.php\">Cornwall<\/a> und <a href=\"https:\/\/www.urlaubcornwall.de\/reiseziel\/devon.php\">Devon<\/a>, haben ihre eigenen einzigartigen Reize und bieten unterschiedliche Landschaften und Erlebnisse. Hier sind einige Aspekte, die bei der Entscheidung helfen k\u00f6nnen:<\/p>\n<p><a href=\"https:\/\/www.urlaubcornwall.de\/ferienhaeuser-fewos\/eng\/sued-devon\/devon-dartmoor.html\">Dartmoor<\/a><\/p>\n<p><a href=\"https:\/\/www.urlaubcornwall.de\/blog\/wp-content\/uploads\/2024\/03\/dartmoor.jpg\"><img loading=\"lazy\" src=\"https:\/\/www.urlaubcornwall.de\/blog\/wp-content\/uploads\/2024\/03\/dartmoor.jpg\" alt=\"dartmoor\" width=\"750\" height=\"500\" class=\"alignnone size-full wp-image-47878\" srcset=\"https:\/\/www.urlaubcornwall.de\/blog\/wp-content\/uploads\/2024\/03\/dartmoor.jpg 750w, https:\/\/www.urlaubcornwall.de\/blog\/wp-content\/uploads\/2024\/03\/dartmoor-300x200.jpg 300w\" sizes=\"(max-width: 750px) 100vw, 750px\" \/><\/a><\/p>\n<p>Landschaftliche Sch\u00f6nheit: Dartmoor ist bekannt f\u00fcr seine weitl\u00e4ufigen und offenen Landschaften mit weiten Heidefl\u00e4chen, sanften H\u00fcgeln, felsigen Tors und malerischen B\u00e4chen. Es ist eine spektakul\u00e4re Kulisse f\u00fcr Wanderungen und bietet atemberaubende Ausblicke.<\/p>\n<p>Tors: Dartmoor ist f\u00fcr seine Tors ber\u00fchmt, markante Felsformationen, die sich \u00fcber die Moorlandschaft erheben. Sie bieten gro\u00dfartige Fotomotive und sind ein markantes Merkmal der Region.<\/p>\n<p>Wildpferde: Auf Dartmoor gibt es eine halbwilde Population von Dartmoor-Ponys, die frei in der Landschaft herumstreifen und eine faszinierende Begegnung erm\u00f6glichen.<\/p>\n<p style=\"text-align: center;\"><a class=\"tidycta\" href=\"https:\/\/www.urlaubcornwall.de\/ferienhaeuser-fewos\/eng\/sued-devon\/devon-dartmoor.html\">Suche Ferienh\u00e4user auf Dartmoor<\/a><\/p>\n<p><strong><a href=\"https:\/\/www.urlaubcornwall.de\/ferienhaeuser-fewos\/bodmin.html\">Bodmin Moor<\/a><\/strong><\/p>\n<p><img loading=\"lazy\" class=\"aligncenter size-full wp-image-48096\" src=\"https:\/\/www.urlaubcornwall.de\/blog\/wp-content\/uploads\/2024\/03\/bodmin-moor.jpg\" alt=\"bodmin moor\" width=\"750\" height=\"421\" srcset=\"https:\/\/www.urlaubcornwall.de\/blog\/wp-content\/uploads\/2024\/03\/bodmin-moor.jpg 750w, https:\/\/www.urlaubcornwall.de\/blog\/wp-content\/uploads\/2024\/03\/bodmin-moor-300x168.jpg 300w\" sizes=\"(max-width: 750px) 100vw, 750px\" \/><\/p>\n<p>Landschaftliche Vielfalt: Bodmin Moor bietet eine abwechslungsreiche Landschaft mit moorigen Heiden, sumpfigen T\u00e4lern, geschwungenen H\u00fcgeln und bewaldeten Bereichen. Die Vielfalt der Natur macht es zu einem idealen Ort f\u00fcr Naturliebhaber.<\/p>\n<p>Historische St\u00e4tten: Bodmin Moor ist reich an Geschichte und beherbergt eine Vielzahl von historischen St\u00e4tten, darunter steinerne Kreuze, antike Siedlungen und Grabst\u00e4tten, die in die Bronzezeit zur\u00fcckreichen.<\/p>\n<p>Poldark-Verbindung: Bodmin Moor ist bekannt f\u00fcr seine Verbindung zur Poldark-Serie, da es als Kulisse f\u00fcr die Dreharbeiten der beliebten TV-Serie diente.<\/p>\n<p style=\"text-align: center;\"><a class=\"tidycta\" href=\"https:\/\/www.urlaubcornwall.de\/ferienhaeuser-fewos\/bodmin.html\">Suche Ferienh\u00e4user auf Bodmin<\/a><\/p>\n<h1><a href=\"https:\/\/www.urlaubcornwall.de\/rundreisen\/cornwall-suedengland.php\">Unser Rundreisenservice in Cornwall<\/a><\/h1>\n<p>Weshalb \u00fcber uns buchen?<\/p>\n<p>Firmensitz in Cornwall und ein Team Deutsch sprechender Reisespezialisten.<\/p>\n<p>Wir haben eine Leidenschaft f\u00fcrs Reisen und gestalten den perfekten Urlaub.<\/p>\n<p>Ortskenntnisse und Insidertipps f\u00fcr unsere Kunden.<\/p>\n<p>Sonderangebote und Preisnachl\u00e4sse<\/p>\n<p>S\u00e4mtliche unserer Rundreisen sind durch einen voll versicherten deutschen Reiseveranstalter gesichert.<\/p>\n<p style=\"text-align: center;\"><a class=\"tidycta\" href=\"https:\/\/www.urlaubcornwall.de\/rundreisen\/cornwall-suedengland.php\"> Mehr Info<\/a><\/p>\n","protected":false},"excerpt":{"rendered":"<p>Beide Moorgebiete in Cornwall und Devon, haben ihre eigenen einzigartigen Reize und bieten unterschiedliche Landschaften und Erlebnisse. Hier sind einige Aspekte, die bei der Entscheidung helfen k\u00f6nnen: Dartmoor Landschaftliche Sch\u00f6nheit: Dartmoor ist bekannt f\u00fcr seine weitl\u00e4ufigen und offenen Landschaften mit weiten Heidefl\u00e4chen, sanften H\u00fcgeln, felsigen Tors und malerischen B\u00e4chen. Es ist eine spektakul\u00e4re Kulisse f\u00fcr [&hellip;]<\/p>\n","protected":false},"author":1,"featured_media":0,"parent":0,"menu_order":0,"comment_status":"closed","ping_status":"closed","template":"single-four.php","meta":[],"acf":[],"yoast_head":"<!-- This site is optimized with the Yoast SEO plugin v19.4 - https:\/\/yoast.com\/wordpress\/plugins\/seo\/ -->\n<title>Ist Dartmoor oder Bodmin Moor sch\u00f6ner? - Urlaub &amp; Reisen<\/title>\n<meta name=\"robots\" content=\"index, follow, max-snippet:-1, max-image-preview:large, max-video-preview:-1\" \/>\n<link rel=\"canonical\" href=\"https:\/\/www.urlaubcornwall.de\/blog\/ist-dartmoor-oder-bodmin-moor-schoener\/\" \/>\n<meta property=\"og:locale\" content=\"en_US\" \/>\n<meta property=\"og:type\" content=\"article\" \/>\n<meta property=\"og:title\" content=\"Ist Dartmoor oder Bodmin Moor sch\u00f6ner? - Urlaub &amp; Reisen\" \/>\n<meta property=\"og:description\" content=\"Beide Moorgebiete in Cornwall und Devon, haben ihre eigenen einzigartigen Reize und bieten unterschiedliche Landschaften und Erlebnisse. Hier sind einige Aspekte, die bei der Entscheidung helfen k\u00f6nnen: Dartmoor Landschaftliche Sch\u00f6nheit: Dartmoor ist bekannt f\u00fcr seine weitl\u00e4ufigen und offenen Landschaften mit weiten Heidefl\u00e4chen, sanften H\u00fcgeln, felsigen Tors und malerischen B\u00e4chen. Es ist eine spektakul\u00e4re Kulisse f\u00fcr [&hellip;]\" \/>\n<meta property=\"og:url\" content=\"https:\/\/www.urlaubcornwall.de\/blog\/ist-dartmoor-oder-bodmin-moor-schoener\/\" \/>\n<meta property=\"og:site_name\" content=\"Urlaub &amp; Reisen\" \/>\n<meta property=\"article:modified_time\" content=\"2024-05-31T11:48:56+00:00\" \/>\n<meta property=\"og:image\" content=\"https:\/\/www.urlaubcornwall.de\/blog\/wp-content\/uploads\/2024\/03\/dartmoor.jpg\" \/>\n<meta name=\"twitter:card\" content=\"summary\" \/>\n<meta name=\"twitter:label1\" content=\"Est. reading time\" \/>\n\t<meta name=\"twitter:data1\" content=\"2 minutes\" \/>\n<script type=\"application\/ld+json\" class=\"yoast-schema-graph\">{\"@context\":\"https:\/\/schema.org\",\"@graph\":[{\"@type\":\"WebSite\",\"@id\":\"https:\/\/www.urlaubcornwall.de\/blog\/#website\",\"url\":\"https:\/\/www.urlaubcornwall.de\/blog\/\",\"name\":\"Urlaub &amp; Reisen\",\"description\":\"Urlaub, Reisen, Cornwall und S\u00fcdengland: eine perfekte Kombination\",\"potentialAction\":[{\"@type\":\"SearchAction\",\"target\":{\"@type\":\"EntryPoint\",\"urlTemplate\":\"https:\/\/www.urlaubcornwall.de\/blog\/?s={search_term_string}\"},\"query-input\":\"required name=search_term_string\"}],\"inLanguage\":\"en-US\"},{\"@type\":\"WebPage\",\"@id\":\"https:\/\/www.urlaubcornwall.de\/blog\/ist-dartmoor-oder-bodmin-moor-schoener\/\",\"url\":\"https:\/\/www.urlaubcornwall.de\/blog\/ist-dartmoor-oder-bodmin-moor-schoener\/\",\"name\":\"Ist Dartmoor oder Bodmin Moor sch\u00f6ner? - Urlaub &amp; Reisen\",\"isPartOf\":{\"@id\":\"https:\/\/www.urlaubcornwall.de\/blog\/#website\"},\"datePublished\":\"2023-08-04T10:56:12+00:00\",\"dateModified\":\"2024-05-31T11:48:56+00:00\",\"breadcrumb\":{\"@id\":\"https:\/\/www.urlaubcornwall.de\/blog\/ist-dartmoor-oder-bodmin-moor-schoener\/#breadcrumb\"},\"inLanguage\":\"en-US\",\"potentialAction\":[{\"@type\":\"ReadAction\",\"target\":[\"https:\/\/www.urlaubcornwall.de\/blog\/ist-dartmoor-oder-bodmin-moor-schoener\/\"]}]},{\"@type\":\"BreadcrumbList\",\"@id\":\"https:\/\/www.urlaubcornwall.de\/blog\/ist-dartmoor-oder-bodmin-moor-schoener\/#breadcrumb\",\"itemListElement\":[{\"@type\":\"ListItem\",\"position\":1,\"name\":\"Home\",\"item\":\"https:\/\/www.urlaubcornwall.de\/blog\/\"},{\"@type\":\"ListItem\",\"position\":2,\"name\":\"Ist Dartmoor oder Bodmin Moor sch\u00f6ner?\"}]}]}<\/script>\n<!-- \/ Yoast SEO plugin. -->","yoast_head_json":{"title":"Ist Dartmoor oder Bodmin Moor sch\u00f6ner? - Urlaub &amp; Reisen","robots":{"index":"index","follow":"follow","max-snippet":"max-snippet:-1","max-image-preview":"max-image-preview:large","max-video-preview":"max-video-preview:-1"},"canonical":"https:\/\/www.urlaubcornwall.de\/blog\/ist-dartmoor-oder-bodmin-moor-schoener\/","og_locale":"en_US","og_type":"article","og_title":"Ist Dartmoor oder Bodmin Moor sch\u00f6ner? - Urlaub &amp; Reisen","og_description":"Beide Moorgebiete in Cornwall und Devon, haben ihre eigenen einzigartigen Reize und bieten unterschiedliche Landschaften und Erlebnisse. Hier sind einige Aspekte, die bei der Entscheidung helfen k\u00f6nnen: Dartmoor Landschaftliche Sch\u00f6nheit: Dartmoor ist bekannt f\u00fcr seine weitl\u00e4ufigen und offenen Landschaften mit weiten Heidefl\u00e4chen, sanften H\u00fcgeln, felsigen Tors und malerischen B\u00e4chen. Es ist eine spektakul\u00e4re Kulisse f\u00fcr [&hellip;]","og_url":"https:\/\/www.urlaubcornwall.de\/blog\/ist-dartmoor-oder-bodmin-moor-schoener\/","og_site_name":"Urlaub &amp; Reisen","article_modified_time":"2024-05-31T11:48:56+00:00","og_image":[{"url":"https:\/\/www.urlaubcornwall.de\/blog\/wp-content\/uploads\/2024\/03\/dartmoor.jpg"}],"twitter_card":"summary","twitter_misc":{"Est. reading time":"2 minutes"},"schema":{"@context":"https:\/\/schema.org","@graph":[{"@type":"WebSite","@id":"https:\/\/www.urlaubcornwall.de\/blog\/#website","url":"https:\/\/www.urlaubcornwall.de\/blog\/","name":"Urlaub &amp; Reisen","description":"Urlaub, Reisen, Cornwall und S\u00fcdengland: eine perfekte Kombination","potentialAction":[{"@type":"SearchAction","target":{"@type":"EntryPoint","urlTemplate":"https:\/\/www.urlaubcornwall.de\/blog\/?s={search_term_string}"},"query-input":"required name=search_term_string"}],"inLanguage":"en-US"},{"@type":"WebPage","@id":"https:\/\/www.urlaubcornwall.de\/blog\/ist-dartmoor-oder-bodmin-moor-schoener\/","url":"https:\/\/www.urlaubcornwall.de\/blog\/ist-dartmoor-oder-bodmin-moor-schoener\/","name":"Ist Dartmoor oder Bodmin Moor sch\u00f6ner? - Urlaub &amp; Reisen","isPartOf":{"@id":"https:\/\/www.urlaubcornwall.de\/blog\/#website"},"datePublished":"2023-08-04T10:56:12+00:00","dateModified":"2024-05-31T11:48:56+00:00","breadcrumb":{"@id":"https:\/\/www.urlaubcornwall.de\/blog\/ist-dartmoor-oder-bodmin-moor-schoener\/#breadcrumb"},"inLanguage":"en-US","potentialAction":[{"@type":"ReadAction","target":["https:\/\/www.urlaubcornwall.de\/blog\/ist-dartmoor-oder-bodmin-moor-schoener\/"]}]},{"@type":"BreadcrumbList","@id":"https:\/\/www.urlaubcornwall.de\/blog\/ist-dartmoor-oder-bodmin-moor-schoener\/#breadcrumb","itemListElement":[{"@type":"ListItem","position":1,"name":"Home","item":"https:\/\/www.urlaubcornwall.de\/blog\/"},{"@type":"ListItem","position":2,"name":"Ist Dartmoor oder Bodmin Moor sch\u00f6ner?"}]}]}},"_links":{"self":[{"href":"https:\/\/www.urlaubcornwall.de\/blog\/wp-json\/wp\/v2\/pages\/46951"}],"collection":[{"href":"https:\/\/www.urlaubcornwall.de\/blog\/wp-json\/wp\/v2\/pages"}],"about":[{"href":"https:\/\/www.urlaubcornwall.de\/blog\/wp-json\/wp\/v2\/types\/page"}],"author":[{"embeddable":true,"href":"https:\/\/www.urlaubcornwall.de\/blog\/wp-json\/wp\/v2\/users\/1"}],"replies":[{"embeddable":true,"href":"https:\/\/www.urlaubcornwall.de\/blog\/wp-json\/wp\/v2\/comments?post=46951"}],"version-history":[{"count":4,"href":"https:\/\/www.urlaubcornwall.de\/blog\/wp-json\/wp\/v2\/pages\/46951\/revisions"}],"predecessor-version":[{"id":51330,"href":"https:\/\/www.urlaubcornwall.de\/blog\/wp-json\/wp\/v2\/pages\/46951\/revisions\/51330"}],"wp:attachment":[{"href":"https:\/\/www.urlaubcornwall.de\/blog\/wp-json\/wp\/v2\/media?parent=46951"}],"curies":[{"name":"wp","href":"https:\/\/api.w.org\/{rel}","templated":true}]}}