{"id":46945,"date":"2023-08-02T11:13:50","date_gmt":"2023-08-02T11:13:50","guid":{"rendered":"https:\/\/www.urlaubcornwall.de\/blog\/?page_id=46945"},"modified":"2024-05-31T12:37:44","modified_gmt":"2024-05-31T12:37:44","slug":"irland-oder-schottland-fuer-ein-sommerurlaub","status":"publish","type":"page","link":"https:\/\/www.urlaubcornwall.de\/blog\/irland-oder-schottland-fuer-ein-sommerurlaub\/","title":{"rendered":"Irland oder Schottland f\u00fcr ein Sommerurlaub?"},"content":{"rendered":"<p><img loading=\"lazy\" class=\"aligncenter size-full wp-image-34720\" src=\"https:\/\/www.urlaubcornwall.de\/blog\/wp-content\/uploads\/2018\/12\/wild-atlantic-way-irland.jpg\" alt=\"Beste Reisezeit f\u00fcr Irland\" width=\"750\" height=\"402\"\/><\/p>\n<p><strong><a href=\"https:\/\/www.urlaubcornwall.de\/blog\/erleben-sie-irland-die-emerald-insel\/\">Irland f\u00fcr einen Sommerurlaub<\/a>:<\/strong><\/p>\n<p>Landschaftliche Sch\u00f6nheit: Irland ist bekannt f\u00fcr seine atemberaubende Natur mit gr\u00fcnen H\u00fcgeln, rauen Klippen, malerischen Seen und idyllischen Str\u00e4nden. Die Landschaft ist perfekt f\u00fcr Wanderungen und Erkundungen in der freien Natur.<\/p>\n<p>Kultur und Geschichte: Irland hat eine reiche keltische Geschichte, Folklore und Traditionen. Die irische Kultur ist lebendig und spiegelt sich in der Musik, dem Tanz und den Festen wider. Historische St\u00e4tten und Burgen erz\u00e4hlen von einer faszinierenden Vergangenheit.<\/p>\n<p>Gem\u00fctliche Atmosph\u00e4re: Die irische Gastfreundschaft ist legend\u00e4r, und die gem\u00fctlichen Pubs bieten eine einladende Atmosph\u00e4re, um lokale Spezialit\u00e4ten zu probieren und traditionelle Musik zu genie\u00dfen.<\/p>\n<p>K\u00fcste und Str\u00e4nde: Irland hat eine beeindruckende K\u00fcste mit spektakul\u00e4ren Klippen und wundersch\u00f6nen Str\u00e4nden, die sich ideal zum Entspannen und Genie\u00dfen der Meeresbrise eignen.<\/p>\n<p><img loading=\"lazy\" class=\"aligncenter size-full wp-image-48099\" src=\"https:\/\/www.urlaubcornwall.de\/blog\/wp-content\/uploads\/2024\/03\/plockton.jpg\" alt=\"plockton\" width=\"750\" height=\"563\" srcset=\"https:\/\/www.urlaubcornwall.de\/blog\/wp-content\/uploads\/2024\/03\/plockton.jpg 750w, https:\/\/www.urlaubcornwall.de\/blog\/wp-content\/uploads\/2024\/03\/plockton-300x225.jpg 300w\" sizes=\"(max-width: 750px) 100vw, 750px\" \/><\/p>\n<p><strong><a href=\"https:\/\/www.urlaubcornwall.de\/reiseziel\/schottland.php\">Schottland f\u00fcr einen Sommerurlaub:<\/a><\/strong><\/p>\n<p>Landschaftliche Sch\u00f6nheit: Schottland beeindruckt mit seinen majest\u00e4tischen Bergen, tiefen Lochs, zerkl\u00fcfteten K\u00fcsten und gr\u00fcnen H\u00fcgeln. Die Highlands und Inseln bieten eine spektakul\u00e4re Naturkulisse.<\/p>\n<p>Kultur und Geschichte: Schottland hat eine reiche kulturelle Vielfalt und ist bekannt f\u00fcr seine k\u00f6nigliche Tradition, historischen Schl\u00f6sser, Whisky-Destillerien und den einzigartigen Dudelsackklang.<\/p>\n<p>Outdoor-Aktivit\u00e4ten: Schottland ist ein Paradies f\u00fcr Outdoor-Aktivit\u00e4ten wie Wandern, Bergsteigen, Angeln, Wildwasser-Rafting und Golf. Die malerischen Seen und Fl\u00fcsse laden zum Bootfahren und Kajakfahren ein.<\/p>\n<p>Historische St\u00e4dte: Schottland hat charmante St\u00e4dte wie Edinburgh und Glasgow, die sowohl historische als auch moderne Attraktionen bieten.<\/p>\n<h1>Unser Rundreisenservice f\u00fcr Schottland &#038; Irland<\/h1>\n<p>Weshalb \u00fcber uns buchen?<\/p>\n<p>Firmensitz in Cornwall und ein Team Deutsch sprechender Reisespezialisten.<\/p>\n<p>Wir haben eine Leidenschaft f\u00fcrs Reisen und gestalten den perfekten Urlaub.<\/p>\n<p>Ortskenntnisse und Insidertipps f\u00fcr unsere Kunden.<\/p>\n<p>Sonderangebote und Preisnachl\u00e4sse<\/p>\n<p>S\u00e4mtliche unserer Rundreisen sind durch einen voll versicherten deutschen Reiseveranstalter gesichert.<\/p>\n<p style=\"text-align: center;\"><a class=\"tidycta\" href=\"https:\/\/www.urlaubcornwall.de\/rundreisen\/grossbritannien.php\"> Mehr Info<\/a><\/p>\n","protected":false},"excerpt":{"rendered":"<p>Irland f\u00fcr einen Sommerurlaub: Landschaftliche Sch\u00f6nheit: Irland ist bekannt f\u00fcr seine atemberaubende Natur mit gr\u00fcnen H\u00fcgeln, rauen Klippen, malerischen Seen und idyllischen Str\u00e4nden. Die Landschaft ist perfekt f\u00fcr Wanderungen und Erkundungen in der freien Natur. Kultur und Geschichte: Irland hat eine reiche keltische Geschichte, Folklore und Traditionen. Die irische Kultur ist lebendig und spiegelt sich [&hellip;]<\/p>\n","protected":false},"author":1,"featured_media":0,"parent":0,"menu_order":0,"comment_status":"closed","ping_status":"closed","template":"single-four.php","meta":[],"acf":[],"yoast_head":"<!-- This site is optimized with the Yoast SEO plugin v19.4 - https:\/\/yoast.com\/wordpress\/plugins\/seo\/ -->\n<title>Irland oder Schottland f\u00fcr ein Sommerurlaub? - Urlaub &amp; Reisen<\/title>\n<meta name=\"robots\" content=\"index, follow, max-snippet:-1, max-image-preview:large, max-video-preview:-1\" \/>\n<link rel=\"canonical\" href=\"https:\/\/www.urlaubcornwall.de\/blog\/irland-oder-schottland-fuer-ein-sommerurlaub\/\" \/>\n<meta property=\"og:locale\" content=\"en_US\" \/>\n<meta property=\"og:type\" content=\"article\" \/>\n<meta property=\"og:title\" content=\"Irland oder Schottland f\u00fcr ein Sommerurlaub? - Urlaub &amp; Reisen\" \/>\n<meta property=\"og:description\" content=\"Irland f\u00fcr einen Sommerurlaub: Landschaftliche Sch\u00f6nheit: Irland ist bekannt f\u00fcr seine atemberaubende Natur mit gr\u00fcnen H\u00fcgeln, rauen Klippen, malerischen Seen und idyllischen Str\u00e4nden. Die Landschaft ist perfekt f\u00fcr Wanderungen und Erkundungen in der freien Natur. Kultur und Geschichte: Irland hat eine reiche keltische Geschichte, Folklore und Traditionen. Die irische Kultur ist lebendig und spiegelt sich [&hellip;]\" \/>\n<meta property=\"og:url\" content=\"https:\/\/www.urlaubcornwall.de\/blog\/irland-oder-schottland-fuer-ein-sommerurlaub\/\" \/>\n<meta property=\"og:site_name\" content=\"Urlaub &amp; Reisen\" \/>\n<meta property=\"article:modified_time\" content=\"2024-05-31T12:37:44+00:00\" \/>\n<meta property=\"og:image\" content=\"https:\/\/www.urlaubcornwall.de\/blog\/wp-content\/uploads\/2018\/12\/wild-atlantic-way-irland.jpg\" \/>\n<meta name=\"twitter:card\" content=\"summary\" \/>\n<meta name=\"twitter:label1\" content=\"Est. reading time\" \/>\n\t<meta name=\"twitter:data1\" content=\"2 minutes\" \/>\n<script type=\"application\/ld+json\" class=\"yoast-schema-graph\">{\"@context\":\"https:\/\/schema.org\",\"@graph\":[{\"@type\":\"WebSite\",\"@id\":\"https:\/\/www.urlaubcornwall.de\/blog\/#website\",\"url\":\"https:\/\/www.urlaubcornwall.de\/blog\/\",\"name\":\"Urlaub &amp; Reisen\",\"description\":\"Urlaub, Reisen, Cornwall und S\u00fcdengland: eine perfekte Kombination\",\"potentialAction\":[{\"@type\":\"SearchAction\",\"target\":{\"@type\":\"EntryPoint\",\"urlTemplate\":\"https:\/\/www.urlaubcornwall.de\/blog\/?s={search_term_string}\"},\"query-input\":\"required name=search_term_string\"}],\"inLanguage\":\"en-US\"},{\"@type\":\"WebPage\",\"@id\":\"https:\/\/www.urlaubcornwall.de\/blog\/irland-oder-schottland-fuer-ein-sommerurlaub\/\",\"url\":\"https:\/\/www.urlaubcornwall.de\/blog\/irland-oder-schottland-fuer-ein-sommerurlaub\/\",\"name\":\"Irland oder Schottland f\u00fcr ein Sommerurlaub? - Urlaub &amp; Reisen\",\"isPartOf\":{\"@id\":\"https:\/\/www.urlaubcornwall.de\/blog\/#website\"},\"datePublished\":\"2023-08-02T11:13:50+00:00\",\"dateModified\":\"2024-05-31T12:37:44+00:00\",\"breadcrumb\":{\"@id\":\"https:\/\/www.urlaubcornwall.de\/blog\/irland-oder-schottland-fuer-ein-sommerurlaub\/#breadcrumb\"},\"inLanguage\":\"en-US\",\"potentialAction\":[{\"@type\":\"ReadAction\",\"target\":[\"https:\/\/www.urlaubcornwall.de\/blog\/irland-oder-schottland-fuer-ein-sommerurlaub\/\"]}]},{\"@type\":\"BreadcrumbList\",\"@id\":\"https:\/\/www.urlaubcornwall.de\/blog\/irland-oder-schottland-fuer-ein-sommerurlaub\/#breadcrumb\",\"itemListElement\":[{\"@type\":\"ListItem\",\"position\":1,\"name\":\"Home\",\"item\":\"https:\/\/www.urlaubcornwall.de\/blog\/\"},{\"@type\":\"ListItem\",\"position\":2,\"name\":\"Irland oder Schottland f\u00fcr ein Sommerurlaub?\"}]}]}<\/script>\n<!-- \/ Yoast SEO plugin. -->","yoast_head_json":{"title":"Irland oder Schottland f\u00fcr ein Sommerurlaub? - Urlaub &amp; Reisen","robots":{"index":"index","follow":"follow","max-snippet":"max-snippet:-1","max-image-preview":"max-image-preview:large","max-video-preview":"max-video-preview:-1"},"canonical":"https:\/\/www.urlaubcornwall.de\/blog\/irland-oder-schottland-fuer-ein-sommerurlaub\/","og_locale":"en_US","og_type":"article","og_title":"Irland oder Schottland f\u00fcr ein Sommerurlaub? - Urlaub &amp; Reisen","og_description":"Irland f\u00fcr einen Sommerurlaub: Landschaftliche Sch\u00f6nheit: Irland ist bekannt f\u00fcr seine atemberaubende Natur mit gr\u00fcnen H\u00fcgeln, rauen Klippen, malerischen Seen und idyllischen Str\u00e4nden. Die Landschaft ist perfekt f\u00fcr Wanderungen und Erkundungen in der freien Natur. Kultur und Geschichte: Irland hat eine reiche keltische Geschichte, Folklore und Traditionen. Die irische Kultur ist lebendig und spiegelt sich [&hellip;]","og_url":"https:\/\/www.urlaubcornwall.de\/blog\/irland-oder-schottland-fuer-ein-sommerurlaub\/","og_site_name":"Urlaub &amp; Reisen","article_modified_time":"2024-05-31T12:37:44+00:00","og_image":[{"url":"https:\/\/www.urlaubcornwall.de\/blog\/wp-content\/uploads\/2018\/12\/wild-atlantic-way-irland.jpg"}],"twitter_card":"summary","twitter_misc":{"Est. reading time":"2 minutes"},"schema":{"@context":"https:\/\/schema.org","@graph":[{"@type":"WebSite","@id":"https:\/\/www.urlaubcornwall.de\/blog\/#website","url":"https:\/\/www.urlaubcornwall.de\/blog\/","name":"Urlaub &amp; Reisen","description":"Urlaub, Reisen, Cornwall und S\u00fcdengland: eine perfekte Kombination","potentialAction":[{"@type":"SearchAction","target":{"@type":"EntryPoint","urlTemplate":"https:\/\/www.urlaubcornwall.de\/blog\/?s={search_term_string}"},"query-input":"required name=search_term_string"}],"inLanguage":"en-US"},{"@type":"WebPage","@id":"https:\/\/www.urlaubcornwall.de\/blog\/irland-oder-schottland-fuer-ein-sommerurlaub\/","url":"https:\/\/www.urlaubcornwall.de\/blog\/irland-oder-schottland-fuer-ein-sommerurlaub\/","name":"Irland oder Schottland f\u00fcr ein Sommerurlaub? - Urlaub &amp; Reisen","isPartOf":{"@id":"https:\/\/www.urlaubcornwall.de\/blog\/#website"},"datePublished":"2023-08-02T11:13:50+00:00","dateModified":"2024-05-31T12:37:44+00:00","breadcrumb":{"@id":"https:\/\/www.urlaubcornwall.de\/blog\/irland-oder-schottland-fuer-ein-sommerurlaub\/#breadcrumb"},"inLanguage":"en-US","potentialAction":[{"@type":"ReadAction","target":["https:\/\/www.urlaubcornwall.de\/blog\/irland-oder-schottland-fuer-ein-sommerurlaub\/"]}]},{"@type":"BreadcrumbList","@id":"https:\/\/www.urlaubcornwall.de\/blog\/irland-oder-schottland-fuer-ein-sommerurlaub\/#breadcrumb","itemListElement":[{"@type":"ListItem","position":1,"name":"Home","item":"https:\/\/www.urlaubcornwall.de\/blog\/"},{"@type":"ListItem","position":2,"name":"Irland oder Schottland f\u00fcr ein Sommerurlaub?"}]}]}},"_links":{"self":[{"href":"https:\/\/www.urlaubcornwall.de\/blog\/wp-json\/wp\/v2\/pages\/46945"}],"collection":[{"href":"https:\/\/www.urlaubcornwall.de\/blog\/wp-json\/wp\/v2\/pages"}],"about":[{"href":"https:\/\/www.urlaubcornwall.de\/blog\/wp-json\/wp\/v2\/types\/page"}],"author":[{"embeddable":true,"href":"https:\/\/www.urlaubcornwall.de\/blog\/wp-json\/wp\/v2\/users\/1"}],"replies":[{"embeddable":true,"href":"https:\/\/www.urlaubcornwall.de\/blog\/wp-json\/wp\/v2\/comments?post=46945"}],"version-history":[{"count":5,"href":"https:\/\/www.urlaubcornwall.de\/blog\/wp-json\/wp\/v2\/pages\/46945\/revisions"}],"predecessor-version":[{"id":51387,"href":"https:\/\/www.urlaubcornwall.de\/blog\/wp-json\/wp\/v2\/pages\/46945\/revisions\/51387"}],"wp:attachment":[{"href":"https:\/\/www.urlaubcornwall.de\/blog\/wp-json\/wp\/v2\/media?parent=46945"}],"curies":[{"name":"wp","href":"https:\/\/api.w.org\/{rel}","templated":true}]}}