{"id":46896,"date":"2023-07-31T09:39:41","date_gmt":"2023-07-31T09:39:41","guid":{"rendered":"https:\/\/www.urlaubcornwall.de\/blog\/?page_id=46896"},"modified":"2024-04-15T08:06:36","modified_gmt":"2024-04-15T08:06:36","slug":"wo-in-warwickshire-urlaub-machen","status":"publish","type":"page","link":"https:\/\/www.urlaubcornwall.de\/blog\/wo-in-warwickshire-urlaub-machen\/","title":{"rendered":"Wo in Warwickshire Urlaub machen?"},"content":{"rendered":"<p><img loading=\"lazy\" class=\"aligncenter size-full wp-image-47830\" src=\"https:\/\/www.urlaubcornwall.de\/blog\/wp-content\/uploads\/2024\/03\/stratford-upon-avon-anne-hathaway-cottage.jpg\" alt=\"stratford upon avon anne hathaway cottage\" width=\"750\" height=\"500\" srcset=\"https:\/\/www.urlaubcornwall.de\/blog\/wp-content\/uploads\/2024\/03\/stratford-upon-avon-anne-hathaway-cottage.jpg 750w, https:\/\/www.urlaubcornwall.de\/blog\/wp-content\/uploads\/2024\/03\/stratford-upon-avon-anne-hathaway-cottage-300x200.jpg 300w\" sizes=\"(max-width: 750px) 100vw, 750px\" \/><\/p>\n<p>Warwickshire, eine Grafschaft im Herzen Englands, ist bekannt f\u00fcr ihre reiche Geschichte, malerische Landschaft und charmante St\u00e4dte. Hier sind einige der besten Orte, um in <a href=\"https:\/\/www.urlaubcornwall.de\/ferienhaeuser-fewos\/eng\/warwickshire\/warwickshire.html\">Warwickshire Urlaub<\/a> zu machen:<\/p>\n<p>1. <a href=\"https:\/\/www.urlaubcornwall.de\/ferienhaeuser-fewos\/eng\/warwickshire\/stratford-upon-avon.html\">Stratford-upon-Avon<\/a>: Dies ist der Geburtsort von William Shakespeare und ein Mekka f\u00fcr Literatur- und Theaterliebhaber. Besuchen Sie das Shakespeare&#8217;s Birthplace und das Royal Shakespeare Theatre, und schlendern Sie entlang des malerischen Flusses Avon.<\/p>\n<p>2. <a href=\"https:\/\/www.urlaubcornwall.de\/ferienhaeuser-fewos\/eng\/warwickshire\/warwick.html\">Warwick<\/a>: Diese historische Stadt ist ber\u00fchmt f\u00fcr ihr imposantes Warwick Castle, eines der am besten erhaltenen mittelalterlichen Schl\u00f6sser in Gro\u00dfbritannien. Erkunden Sie die Festungsanlagen, wandeln Sie durch die G\u00e4rten und erleben Sie die mittelalterliche Atmosph\u00e4re.<\/p>\n<p>3. Kenilworth: Hier befindet sich ein weiteres beeindruckendes Schloss &#8211; das Kenilworth Castle. Dieses pr\u00e4chtige Ruinenschloss war einst ein beliebter R\u00fcckzugsort f\u00fcr K\u00f6nigin Elizabeth I.<\/p>\n<p>4. <a href=\"https:\/\/www.urlaubcornwall.de\/ferienhaeuser-fewos\/eng\/warwickshire\/royal-leamington-spa.html\">Royal Leamington Spa<\/a>: Diese elegante Kurstadt ist bekannt f\u00fcr ihre wundersch\u00f6nen Parks, hei\u00dfen Quellen und viktorianische Architektur. Genie\u00dfen Sie entspannende Spazierg\u00e4nge durch die Jephson Gardens und erkunden Sie die Boutiquen und Caf\u00e9s in der Stadt.<\/p>\n<p>5. Warwickshire Countryside: Die Landschaft von Warwickshire ist malerisch und bietet eine Vielzahl von Outdoor-Aktivit\u00e4ten. Unternehmen Sie Spazierg\u00e4nge oder Fahrradtouren entlang des Stratford-upon-Avon Canals oder erkunden Sie den charmanten Ort Henley-in-Arden.<\/p>\n<p><img loading=\"lazy\" class=\"aligncenter size-full wp-image-33892\" src=\"https:\/\/www.urlaubcornwall.de\/blog\/wp-content\/uploads\/2018\/06\/Charmante-D\u00f6rfer-cornwall-1.jpg\" alt=\"g\u00fcnstigen Urlaub in Staffordshire\" width=\"748\" height=\"444\"\/><\/p>\n<p>Wir haben die beste Auswahl an <a href=\"https:\/\/www.urlaubcornwall.de\/ferienhaeuser-fewos\/eng\/staffordshire\/staffordshire.html\">pers\u00f6nlich inspizierten Ferienh\u00e4usern im Angebot<\/a>.<\/p>\n<p style=\"text-align: center;\"><a class=\"tidycta\" href=\"https:\/\/www.urlaubcornwall.de\/ferienhaeuser-fewos\/eng\/staffordshire\/staffordshire.html\">Suche Ferienh\u00e4user in Staffordshire<\/a><\/p>\n<p>6. Compton Verney Art Gallery and Park: Dies ist ein idyllischer Ort f\u00fcr Kunstliebhaber, um beeindruckende Kunstwerke in einer herrlichen l\u00e4ndlichen Umgebung zu bewundern.<\/p>\n<p>7. Draycote Water: Dieser gro\u00dfe Stausee ist ein Paradies f\u00fcr Wassersportler. Genie\u00dfen Sie Segeln, Windsurfen oder entspannen Sie einfach am Ufer und genie\u00dfen Sie die Aussicht.<\/p>\n<p>8. Charlecote Park: Dieses pr\u00e4chtige Herrenhaus mit weitl\u00e4ufigen G\u00e4rten ist ein idealer Ort f\u00fcr einen entspannten Spaziergang und bietet die M\u00f6glichkeit, Rothirsche zu beobachten.<\/p>\n<p>9. Rugby: Diese Stadt ist ber\u00fchmt f\u00fcr die Entstehung des gleichnamigen Sports. Besuchen Sie das Rugby Football Museum und erfahren Sie mehr \u00fcber die Geschichte des Rugbysports.<\/p>\n<h1><a href=\"https:\/\/www.urlaubcornwall.de\/rundreisen\/cornwall-suedengland.php\">Unser Rundreisenservice in England<\/a><\/h1>\n<p>Weshalb \u00fcber uns buchen?<\/p>\n<p>Firmensitz in Cornwall und ein Team Deutsch sprechender Reisespezialisten.<\/p>\n<p>Wir haben eine Leidenschaft f\u00fcrs Reisen und gestalten den perfekten Urlaub.<\/p>\n<p>Ortskenntnisse und Insidertipps f\u00fcr unsere Kunden.<\/p>\n<p>Sonderangebote und Preisnachl\u00e4sse<\/p>\n<p>S\u00e4mtliche unserer Rundreisen sind durch einen voll versicherten deutschen Reiseveranstalter gesichert.<\/p>\n<p style=\"text-align: center;\"><a class=\"tidycta\" href=\"https:\/\/www.urlaubcornwall.de\/rundreisen\/cornwall-suedengland.php\"> Mehr Info<\/a><\/p>\n","protected":false},"excerpt":{"rendered":"<p>Warwickshire, eine Grafschaft im Herzen Englands, ist bekannt f\u00fcr ihre reiche Geschichte, malerische Landschaft und charmante St\u00e4dte. Hier sind einige der besten Orte, um in Warwickshire Urlaub zu machen: 1. Stratford-upon-Avon: Dies ist der Geburtsort von William Shakespeare und ein Mekka f\u00fcr Literatur- und Theaterliebhaber. Besuchen Sie das Shakespeare&#8217;s Birthplace und das Royal Shakespeare Theatre, [&hellip;]<\/p>\n","protected":false},"author":1,"featured_media":0,"parent":0,"menu_order":0,"comment_status":"closed","ping_status":"closed","template":"single-four.php","meta":[],"acf":[],"yoast_head":"<!-- This site is optimized with the Yoast SEO plugin v19.4 - https:\/\/yoast.com\/wordpress\/plugins\/seo\/ -->\n<title>Wo in Warwickshire Urlaub machen? - Urlaub &amp; Reisen<\/title>\n<meta name=\"robots\" content=\"index, follow, max-snippet:-1, max-image-preview:large, max-video-preview:-1\" \/>\n<link rel=\"canonical\" href=\"https:\/\/www.urlaubcornwall.de\/blog\/wo-in-warwickshire-urlaub-machen\/\" \/>\n<meta property=\"og:locale\" content=\"en_US\" \/>\n<meta property=\"og:type\" content=\"article\" \/>\n<meta property=\"og:title\" content=\"Wo in Warwickshire Urlaub machen? - Urlaub &amp; Reisen\" \/>\n<meta property=\"og:description\" content=\"Warwickshire, eine Grafschaft im Herzen Englands, ist bekannt f\u00fcr ihre reiche Geschichte, malerische Landschaft und charmante St\u00e4dte. Hier sind einige der besten Orte, um in Warwickshire Urlaub zu machen: 1. Stratford-upon-Avon: Dies ist der Geburtsort von William Shakespeare und ein Mekka f\u00fcr Literatur- und Theaterliebhaber. Besuchen Sie das Shakespeare&#8217;s Birthplace und das Royal Shakespeare Theatre, [&hellip;]\" \/>\n<meta property=\"og:url\" content=\"https:\/\/www.urlaubcornwall.de\/blog\/wo-in-warwickshire-urlaub-machen\/\" \/>\n<meta property=\"og:site_name\" content=\"Urlaub &amp; Reisen\" \/>\n<meta property=\"article:modified_time\" content=\"2024-04-15T08:06:36+00:00\" \/>\n<meta property=\"og:image\" content=\"https:\/\/www.urlaubcornwall.de\/blog\/wp-content\/uploads\/2024\/03\/stratford-upon-avon-anne-hathaway-cottage.jpg\" \/>\n<meta name=\"twitter:card\" content=\"summary\" \/>\n<meta name=\"twitter:label1\" content=\"Est. reading time\" \/>\n\t<meta name=\"twitter:data1\" content=\"2 minutes\" \/>\n<script type=\"application\/ld+json\" class=\"yoast-schema-graph\">{\"@context\":\"https:\/\/schema.org\",\"@graph\":[{\"@type\":\"WebSite\",\"@id\":\"https:\/\/www.urlaubcornwall.de\/blog\/#website\",\"url\":\"https:\/\/www.urlaubcornwall.de\/blog\/\",\"name\":\"Urlaub &amp; Reisen\",\"description\":\"Urlaub, Reisen, Cornwall und S\u00fcdengland: eine perfekte Kombination\",\"potentialAction\":[{\"@type\":\"SearchAction\",\"target\":{\"@type\":\"EntryPoint\",\"urlTemplate\":\"https:\/\/www.urlaubcornwall.de\/blog\/?s={search_term_string}\"},\"query-input\":\"required name=search_term_string\"}],\"inLanguage\":\"en-US\"},{\"@type\":\"WebPage\",\"@id\":\"https:\/\/www.urlaubcornwall.de\/blog\/wo-in-warwickshire-urlaub-machen\/\",\"url\":\"https:\/\/www.urlaubcornwall.de\/blog\/wo-in-warwickshire-urlaub-machen\/\",\"name\":\"Wo in Warwickshire Urlaub machen? - Urlaub &amp; Reisen\",\"isPartOf\":{\"@id\":\"https:\/\/www.urlaubcornwall.de\/blog\/#website\"},\"datePublished\":\"2023-07-31T09:39:41+00:00\",\"dateModified\":\"2024-04-15T08:06:36+00:00\",\"breadcrumb\":{\"@id\":\"https:\/\/www.urlaubcornwall.de\/blog\/wo-in-warwickshire-urlaub-machen\/#breadcrumb\"},\"inLanguage\":\"en-US\",\"potentialAction\":[{\"@type\":\"ReadAction\",\"target\":[\"https:\/\/www.urlaubcornwall.de\/blog\/wo-in-warwickshire-urlaub-machen\/\"]}]},{\"@type\":\"BreadcrumbList\",\"@id\":\"https:\/\/www.urlaubcornwall.de\/blog\/wo-in-warwickshire-urlaub-machen\/#breadcrumb\",\"itemListElement\":[{\"@type\":\"ListItem\",\"position\":1,\"name\":\"Home\",\"item\":\"https:\/\/www.urlaubcornwall.de\/blog\/\"},{\"@type\":\"ListItem\",\"position\":2,\"name\":\"Wo in Warwickshire Urlaub machen?\"}]}]}<\/script>\n<!-- \/ Yoast SEO plugin. -->","yoast_head_json":{"title":"Wo in Warwickshire Urlaub machen? - Urlaub &amp; Reisen","robots":{"index":"index","follow":"follow","max-snippet":"max-snippet:-1","max-image-preview":"max-image-preview:large","max-video-preview":"max-video-preview:-1"},"canonical":"https:\/\/www.urlaubcornwall.de\/blog\/wo-in-warwickshire-urlaub-machen\/","og_locale":"en_US","og_type":"article","og_title":"Wo in Warwickshire Urlaub machen? - Urlaub &amp; Reisen","og_description":"Warwickshire, eine Grafschaft im Herzen Englands, ist bekannt f\u00fcr ihre reiche Geschichte, malerische Landschaft und charmante St\u00e4dte. Hier sind einige der besten Orte, um in Warwickshire Urlaub zu machen: 1. Stratford-upon-Avon: Dies ist der Geburtsort von William Shakespeare und ein Mekka f\u00fcr Literatur- und Theaterliebhaber. Besuchen Sie das Shakespeare&#8217;s Birthplace und das Royal Shakespeare Theatre, [&hellip;]","og_url":"https:\/\/www.urlaubcornwall.de\/blog\/wo-in-warwickshire-urlaub-machen\/","og_site_name":"Urlaub &amp; Reisen","article_modified_time":"2024-04-15T08:06:36+00:00","og_image":[{"url":"https:\/\/www.urlaubcornwall.de\/blog\/wp-content\/uploads\/2024\/03\/stratford-upon-avon-anne-hathaway-cottage.jpg"}],"twitter_card":"summary","twitter_misc":{"Est. reading time":"2 minutes"},"schema":{"@context":"https:\/\/schema.org","@graph":[{"@type":"WebSite","@id":"https:\/\/www.urlaubcornwall.de\/blog\/#website","url":"https:\/\/www.urlaubcornwall.de\/blog\/","name":"Urlaub &amp; Reisen","description":"Urlaub, Reisen, Cornwall und S\u00fcdengland: eine perfekte Kombination","potentialAction":[{"@type":"SearchAction","target":{"@type":"EntryPoint","urlTemplate":"https:\/\/www.urlaubcornwall.de\/blog\/?s={search_term_string}"},"query-input":"required name=search_term_string"}],"inLanguage":"en-US"},{"@type":"WebPage","@id":"https:\/\/www.urlaubcornwall.de\/blog\/wo-in-warwickshire-urlaub-machen\/","url":"https:\/\/www.urlaubcornwall.de\/blog\/wo-in-warwickshire-urlaub-machen\/","name":"Wo in Warwickshire Urlaub machen? - Urlaub &amp; Reisen","isPartOf":{"@id":"https:\/\/www.urlaubcornwall.de\/blog\/#website"},"datePublished":"2023-07-31T09:39:41+00:00","dateModified":"2024-04-15T08:06:36+00:00","breadcrumb":{"@id":"https:\/\/www.urlaubcornwall.de\/blog\/wo-in-warwickshire-urlaub-machen\/#breadcrumb"},"inLanguage":"en-US","potentialAction":[{"@type":"ReadAction","target":["https:\/\/www.urlaubcornwall.de\/blog\/wo-in-warwickshire-urlaub-machen\/"]}]},{"@type":"BreadcrumbList","@id":"https:\/\/www.urlaubcornwall.de\/blog\/wo-in-warwickshire-urlaub-machen\/#breadcrumb","itemListElement":[{"@type":"ListItem","position":1,"name":"Home","item":"https:\/\/www.urlaubcornwall.de\/blog\/"},{"@type":"ListItem","position":2,"name":"Wo in Warwickshire Urlaub machen?"}]}]}},"_links":{"self":[{"href":"https:\/\/www.urlaubcornwall.de\/blog\/wp-json\/wp\/v2\/pages\/46896"}],"collection":[{"href":"https:\/\/www.urlaubcornwall.de\/blog\/wp-json\/wp\/v2\/pages"}],"about":[{"href":"https:\/\/www.urlaubcornwall.de\/blog\/wp-json\/wp\/v2\/types\/page"}],"author":[{"embeddable":true,"href":"https:\/\/www.urlaubcornwall.de\/blog\/wp-json\/wp\/v2\/users\/1"}],"replies":[{"embeddable":true,"href":"https:\/\/www.urlaubcornwall.de\/blog\/wp-json\/wp\/v2\/comments?post=46896"}],"version-history":[{"count":3,"href":"https:\/\/www.urlaubcornwall.de\/blog\/wp-json\/wp\/v2\/pages\/46896\/revisions"}],"predecessor-version":[{"id":49355,"href":"https:\/\/www.urlaubcornwall.de\/blog\/wp-json\/wp\/v2\/pages\/46896\/revisions\/49355"}],"wp:attachment":[{"href":"https:\/\/www.urlaubcornwall.de\/blog\/wp-json\/wp\/v2\/media?parent=46896"}],"curies":[{"name":"wp","href":"https:\/\/api.w.org\/{rel}","templated":true}]}}