{"id":46888,"date":"2023-07-28T10:31:40","date_gmt":"2023-07-28T10:31:40","guid":{"rendered":"https:\/\/www.urlaubcornwall.de\/blog\/?page_id=46888"},"modified":"2024-04-30T15:16:00","modified_gmt":"2024-04-30T15:16:00","slug":"wo-in-northumberland-urlaub-machen","status":"publish","type":"page","link":"https:\/\/www.urlaubcornwall.de\/blog\/wo-in-northumberland-urlaub-machen\/","title":{"rendered":"Wo in Northumberland Urlaub machen?"},"content":{"rendered":"<p><img loading=\"lazy\" class=\"aligncenter size-full wp-image-22892\" src=\"https:\/\/www.urlaubcornwall.de\/blog\/wp-content\/uploads\/2024\/03\/Bamburgh.jpg\" alt=\"Bamburgh\" width=\"749\" height=\"388\"\/><\/p>\n<p>Northumberland, eine Grafschaft im Nordosten Englands, ist bekannt f\u00fcr ihre beeindruckenden K\u00fcstenlandschaften, historischen Burgen und malerischen D\u00f6rfer. Hier sind einige der besten Orte, um in <a href=\"https:\/\/www.urlaubcornwall.de\/ferienhaeuser-fewos\/eng\/northumberland\/northumberland.html\">Northumberland Urlaub<\/a> zu machen:<\/p>\n<p>1. Holy Island (<a href=\"https:\/\/www.urlaubcornwall.de\/blog\/urlaub-alnwick-lindisfarne-in-northumberland\/\">Lindisfarne<\/a>): Diese kleine Insel ist durch eine Gezeitenstra\u00dfe mit dem Festland verbunden und bietet eine faszinierende Geschichte und atemberaubende Aussichten. Besuchen Sie das Lindisfarne Castle und die historische Lindisfarne Priory.<\/p>\n<p>2. Bamburgh: Dieses malerische Dorf ist ber\u00fchmt f\u00fcr seine beeindruckende Bamburgh Castle, das majest\u00e4tisch auf einem H\u00fcgel \u00fcber dem Dorf thront. Genie\u00dfen Sie die Aussicht auf den kilometerlangen Sandstrand von Bamburgh Beach.<\/p>\n<p>3. <a href=\"https:\/\/www.urlaubcornwall.de\/ferienhaeuser-fewos\/eng\/northumberland\/alnwick.html\">Alnwick<\/a>: Diese lebendige Marktstadt ist bekannt f\u00fcr das beeindruckende Alnwick Castle, das als Drehort f\u00fcr einige Szenen der Harry-Potter-Filme diente. Besuchen Sie auch die Alnwick Garden mit ihren sch\u00f6nen Landschaftsg\u00e4rten und der Baumhaus-Restaurant.<\/p>\n<p>4. Farne Islands: Unternehmen Sie eine Bootsfahrt zu den Farne Islands, einer Inselgruppe vor der K\u00fcste von Northumberland. Hier k\u00f6nnen Sie eine beeindruckende Vielfalt an Seev\u00f6geln und Robben beobachten.<\/p>\n<p>5. Northumberland National Park: Dieser Nationalpark bietet eine atemberaubende Landschaft mit weiten Heidefl\u00e4chen, bewaldeten T\u00e4lern und sanften H\u00fcgeln. Unternehmen Sie Wanderungen oder Radtouren durch die reiche Natur.<\/p>\n<p><img loading=\"lazy\" class=\"aligncenter size-full wp-image-33892\" src=\"https:\/\/www.urlaubcornwall.de\/blog\/wp-content\/uploads\/2018\/06\/Charmante-D\u00f6rfer-cornwall-1.jpg\" alt=\"g\u00fcnstigen Urlaub in Northumberland \" width=\"748\" height=\"444\"\/><\/p>\n<p>Wir haben die beste Auswahl an <a href=\"https:\/\/www.urlaubcornwall.de\/ferienhaeuser-fewos\/eng\/northumberland\/northumberland.html\">pers\u00f6nlich inspizierten Ferienh\u00e4usern im Angebot<\/a>.<\/p>\n<p style=\"text-align: center;\"><a class=\"tidycta\" href=\"https:\/\/www.urlaubcornwall.de\/ferienhaeuser-fewos\/eng\/northumberland\/northumberland.html\">Suche Ferienh\u00e4user in Northumberland <\/a><\/p>\n<p>6. <a href=\"https:\/\/www.urlaubcornwall.de\/blog\/ferienhaeuser-nahe-hadrianswall-persoenlich-inspizierte-unterkuenfte\/\">Hadrianswall<\/a>: Besuchen Sie diese beeindruckende r\u00f6mische Grenzbefestigung, die sich durch die Landschaft von Northumberland erstreckt. Erkunden Sie die gut erhaltenen Teile des Walls und erfahren Sie mehr \u00fcber die r\u00f6mische Geschichte der Region.<\/p>\n<p>7. <a href=\"https:\/\/www.urlaubcornwall.de\/ferienhaeuser-fewos\/eng\/northumberland\/seahouses.html\">Seahouses<\/a>: Dieser lebhafte K\u00fcstenort ist ein guter Ausgangspunkt f\u00fcr Bootstouren zu den Farne Islands. Genie\u00dfen Sie frischen Fisch und Meeresfr\u00fcchte in den lokalen Restaurants.<\/p>\n<p>8. <a href=\"https:\/\/www.urlaubcornwall.de\/ferienhaeuser-fewos\/eng\/northumberland\/rothbury.html\">Rothbury<\/a>: Dieses malerische Dorf liegt im Herzen des Coquetdale-Tals und ist ideal f\u00fcr Wanderer und Naturliebhaber. Unternehmen Sie Spazierg\u00e4nge entlang des Flusses Coquet und genie\u00dfen Sie die l\u00e4ndliche Atmosph\u00e4re.<\/p>\n<p>9. Warkworth: Dieses h\u00fcbsche Dorf ist bekannt f\u00fcr das Warkworth Castle, das majest\u00e4tisch \u00fcber dem Fluss Coquet thront. Unternehmen Sie eine Bootsfahrt auf dem Fluss und erkunden Sie die engen Gassen des Dorfes.<\/p>\n<h1>Unser Rundreisenservice in England<\/h1>\n<p>Weshalb \u00fcber uns buchen?<\/p>\n<p>Firmensitz in Cornwall und ein Team Deutsch sprechender Reisespezialisten.<\/p>\n<p>Wir haben eine Leidenschaft f\u00fcrs Reisen und gestalten den perfekten Urlaub.<\/p>\n<p>Ortskenntnisse und Insidertipps f\u00fcr unsere Kunden.<\/p>\n<p>Sonderangebote und Preisnachl\u00e4sse<\/p>\n<p>S\u00e4mtliche unserer Rundreisen sind durch einen voll versicherten deutschen Reiseveranstalter gesichert.<\/p>\n<p style=\"text-align: center;\"><a class=\"tidycta\" href=\"https:\/\/www.urlaubcornwall.de\/rundreisen\/cornwall-suedengland.php\"> Mehr Info<\/a><\/p>\n<div class=\"snippet\"> <a class=\"featured-item\" href=\"https:\/\/www.urlaubcornwall.de\/ferienhaeuser\/suedengland.php\"> <span class=\"image-holder\" style=\"background-image: url('ttps:\/\/www.urlaubcornwall.de\/blog\/wp-content\/uploads\/2024\/03\/ferienhaus-england-cornwall.jpg');\"><\/span> <span class=\"featured-content\"> \n<h2 class=\"featured-title\">Ferienh\u00e4user in S\u00fcdengland<\/h2>\n<p class=\"featured-body\">Bei uns finden Sie Ferienh\u00e4user zum Verlieben &#8211; so einfach ist das! Dank seiner langen Geschichte, der reizvollen Landschaften und seinen vielen Attraktionen ist S\u00fcdengland ein wahres Mekka f\u00fcr Urlauber&#8230;..<\/p><\/span> <span class=\"featured-link-holder\"> <span class=\"featured-extra-info\"> \n<p>Pers\u00f6nlich inspizierter Ferienh\u00e4user<\/p>\n<\/span> \n<p class=\"featured-link\">DETAILS<\/p>\n<\/span> <\/a><\/div>\n","protected":false},"excerpt":{"rendered":"<p>Northumberland, eine Grafschaft im Nordosten Englands, ist bekannt f\u00fcr ihre beeindruckenden K\u00fcstenlandschaften, historischen Burgen und malerischen D\u00f6rfer. Hier sind einige der besten Orte, um in Northumberland Urlaub zu machen: 1. Holy Island (Lindisfarne): Diese kleine Insel ist durch eine Gezeitenstra\u00dfe mit dem Festland verbunden und bietet eine faszinierende Geschichte und atemberaubende Aussichten. Besuchen Sie das [&hellip;]<\/p>\n","protected":false},"author":1,"featured_media":0,"parent":0,"menu_order":0,"comment_status":"closed","ping_status":"closed","template":"single-four.php","meta":[],"acf":[],"yoast_head":"<!-- This site is optimized with the Yoast SEO plugin v19.4 - https:\/\/yoast.com\/wordpress\/plugins\/seo\/ -->\n<title>Wo in Northumberland Urlaub machen? - Urlaub &amp; Reisen<\/title>\n<meta name=\"robots\" content=\"index, follow, max-snippet:-1, max-image-preview:large, max-video-preview:-1\" \/>\n<link rel=\"canonical\" href=\"https:\/\/www.urlaubcornwall.de\/blog\/wo-in-northumberland-urlaub-machen\/\" \/>\n<meta property=\"og:locale\" content=\"en_US\" \/>\n<meta property=\"og:type\" content=\"article\" \/>\n<meta property=\"og:title\" content=\"Wo in Northumberland Urlaub machen? - Urlaub &amp; Reisen\" \/>\n<meta property=\"og:description\" content=\"Northumberland, eine Grafschaft im Nordosten Englands, ist bekannt f\u00fcr ihre beeindruckenden K\u00fcstenlandschaften, historischen Burgen und malerischen D\u00f6rfer. Hier sind einige der besten Orte, um in Northumberland Urlaub zu machen: 1. Holy Island (Lindisfarne): Diese kleine Insel ist durch eine Gezeitenstra\u00dfe mit dem Festland verbunden und bietet eine faszinierende Geschichte und atemberaubende Aussichten. Besuchen Sie das [&hellip;]\" \/>\n<meta property=\"og:url\" content=\"https:\/\/www.urlaubcornwall.de\/blog\/wo-in-northumberland-urlaub-machen\/\" \/>\n<meta property=\"og:site_name\" content=\"Urlaub &amp; Reisen\" \/>\n<meta property=\"article:modified_time\" content=\"2024-04-30T15:16:00+00:00\" \/>\n<meta property=\"og:image\" content=\"https:\/\/www.urlaubcornwall.de\/blog\/wp-content\/uploads\/2024\/03\/Bamburgh.jpg\" \/>\n<meta name=\"twitter:card\" content=\"summary\" \/>\n<meta name=\"twitter:label1\" content=\"Est. reading time\" \/>\n\t<meta name=\"twitter:data1\" content=\"3 minutes\" \/>\n<script type=\"application\/ld+json\" class=\"yoast-schema-graph\">{\"@context\":\"https:\/\/schema.org\",\"@graph\":[{\"@type\":\"WebSite\",\"@id\":\"https:\/\/www.urlaubcornwall.de\/blog\/#website\",\"url\":\"https:\/\/www.urlaubcornwall.de\/blog\/\",\"name\":\"Urlaub &amp; Reisen\",\"description\":\"Urlaub, Reisen, Cornwall und S\u00fcdengland: eine perfekte Kombination\",\"potentialAction\":[{\"@type\":\"SearchAction\",\"target\":{\"@type\":\"EntryPoint\",\"urlTemplate\":\"https:\/\/www.urlaubcornwall.de\/blog\/?s={search_term_string}\"},\"query-input\":\"required name=search_term_string\"}],\"inLanguage\":\"en-US\"},{\"@type\":\"WebPage\",\"@id\":\"https:\/\/www.urlaubcornwall.de\/blog\/wo-in-northumberland-urlaub-machen\/\",\"url\":\"https:\/\/www.urlaubcornwall.de\/blog\/wo-in-northumberland-urlaub-machen\/\",\"name\":\"Wo in Northumberland Urlaub machen? - Urlaub &amp; Reisen\",\"isPartOf\":{\"@id\":\"https:\/\/www.urlaubcornwall.de\/blog\/#website\"},\"datePublished\":\"2023-07-28T10:31:40+00:00\",\"dateModified\":\"2024-04-30T15:16:00+00:00\",\"breadcrumb\":{\"@id\":\"https:\/\/www.urlaubcornwall.de\/blog\/wo-in-northumberland-urlaub-machen\/#breadcrumb\"},\"inLanguage\":\"en-US\",\"potentialAction\":[{\"@type\":\"ReadAction\",\"target\":[\"https:\/\/www.urlaubcornwall.de\/blog\/wo-in-northumberland-urlaub-machen\/\"]}]},{\"@type\":\"BreadcrumbList\",\"@id\":\"https:\/\/www.urlaubcornwall.de\/blog\/wo-in-northumberland-urlaub-machen\/#breadcrumb\",\"itemListElement\":[{\"@type\":\"ListItem\",\"position\":1,\"name\":\"Home\",\"item\":\"https:\/\/www.urlaubcornwall.de\/blog\/\"},{\"@type\":\"ListItem\",\"position\":2,\"name\":\"Wo in Northumberland Urlaub machen?\"}]}]}<\/script>\n<!-- \/ Yoast SEO plugin. -->","yoast_head_json":{"title":"Wo in Northumberland Urlaub machen? - Urlaub &amp; Reisen","robots":{"index":"index","follow":"follow","max-snippet":"max-snippet:-1","max-image-preview":"max-image-preview:large","max-video-preview":"max-video-preview:-1"},"canonical":"https:\/\/www.urlaubcornwall.de\/blog\/wo-in-northumberland-urlaub-machen\/","og_locale":"en_US","og_type":"article","og_title":"Wo in Northumberland Urlaub machen? - Urlaub &amp; Reisen","og_description":"Northumberland, eine Grafschaft im Nordosten Englands, ist bekannt f\u00fcr ihre beeindruckenden K\u00fcstenlandschaften, historischen Burgen und malerischen D\u00f6rfer. Hier sind einige der besten Orte, um in Northumberland Urlaub zu machen: 1. Holy Island (Lindisfarne): Diese kleine Insel ist durch eine Gezeitenstra\u00dfe mit dem Festland verbunden und bietet eine faszinierende Geschichte und atemberaubende Aussichten. Besuchen Sie das [&hellip;]","og_url":"https:\/\/www.urlaubcornwall.de\/blog\/wo-in-northumberland-urlaub-machen\/","og_site_name":"Urlaub &amp; Reisen","article_modified_time":"2024-04-30T15:16:00+00:00","og_image":[{"url":"https:\/\/www.urlaubcornwall.de\/blog\/wp-content\/uploads\/2024\/03\/Bamburgh.jpg"}],"twitter_card":"summary","twitter_misc":{"Est. reading time":"3 minutes"},"schema":{"@context":"https:\/\/schema.org","@graph":[{"@type":"WebSite","@id":"https:\/\/www.urlaubcornwall.de\/blog\/#website","url":"https:\/\/www.urlaubcornwall.de\/blog\/","name":"Urlaub &amp; Reisen","description":"Urlaub, Reisen, Cornwall und S\u00fcdengland: eine perfekte Kombination","potentialAction":[{"@type":"SearchAction","target":{"@type":"EntryPoint","urlTemplate":"https:\/\/www.urlaubcornwall.de\/blog\/?s={search_term_string}"},"query-input":"required name=search_term_string"}],"inLanguage":"en-US"},{"@type":"WebPage","@id":"https:\/\/www.urlaubcornwall.de\/blog\/wo-in-northumberland-urlaub-machen\/","url":"https:\/\/www.urlaubcornwall.de\/blog\/wo-in-northumberland-urlaub-machen\/","name":"Wo in Northumberland Urlaub machen? - Urlaub &amp; Reisen","isPartOf":{"@id":"https:\/\/www.urlaubcornwall.de\/blog\/#website"},"datePublished":"2023-07-28T10:31:40+00:00","dateModified":"2024-04-30T15:16:00+00:00","breadcrumb":{"@id":"https:\/\/www.urlaubcornwall.de\/blog\/wo-in-northumberland-urlaub-machen\/#breadcrumb"},"inLanguage":"en-US","potentialAction":[{"@type":"ReadAction","target":["https:\/\/www.urlaubcornwall.de\/blog\/wo-in-northumberland-urlaub-machen\/"]}]},{"@type":"BreadcrumbList","@id":"https:\/\/www.urlaubcornwall.de\/blog\/wo-in-northumberland-urlaub-machen\/#breadcrumb","itemListElement":[{"@type":"ListItem","position":1,"name":"Home","item":"https:\/\/www.urlaubcornwall.de\/blog\/"},{"@type":"ListItem","position":2,"name":"Wo in Northumberland Urlaub machen?"}]}]}},"_links":{"self":[{"href":"https:\/\/www.urlaubcornwall.de\/blog\/wp-json\/wp\/v2\/pages\/46888"}],"collection":[{"href":"https:\/\/www.urlaubcornwall.de\/blog\/wp-json\/wp\/v2\/pages"}],"about":[{"href":"https:\/\/www.urlaubcornwall.de\/blog\/wp-json\/wp\/v2\/types\/page"}],"author":[{"embeddable":true,"href":"https:\/\/www.urlaubcornwall.de\/blog\/wp-json\/wp\/v2\/users\/1"}],"replies":[{"embeddable":true,"href":"https:\/\/www.urlaubcornwall.de\/blog\/wp-json\/wp\/v2\/comments?post=46888"}],"version-history":[{"count":4,"href":"https:\/\/www.urlaubcornwall.de\/blog\/wp-json\/wp\/v2\/pages\/46888\/revisions"}],"predecessor-version":[{"id":49952,"href":"https:\/\/www.urlaubcornwall.de\/blog\/wp-json\/wp\/v2\/pages\/46888\/revisions\/49952"}],"wp:attachment":[{"href":"https:\/\/www.urlaubcornwall.de\/blog\/wp-json\/wp\/v2\/media?parent=46888"}],"curies":[{"name":"wp","href":"https:\/\/api.w.org\/{rel}","templated":true}]}}