{"id":46880,"date":"2023-07-28T09:33:10","date_gmt":"2023-07-28T09:33:10","guid":{"rendered":"https:\/\/www.urlaubcornwall.de\/blog\/?page_id=46880"},"modified":"2024-05-31T12:33:23","modified_gmt":"2024-05-31T12:33:23","slug":"wo-in-norfolk-urlaub-machen","status":"publish","type":"page","link":"https:\/\/www.urlaubcornwall.de\/blog\/wo-in-norfolk-urlaub-machen\/","title":{"rendered":"Wo in Norfolk Urlaub machen?"},"content":{"rendered":"<p><a href=\"https:\/\/www.urlaubcornwall.de\/blog\/wp-content\/uploads\/2024\/03\/norfolk-windmill.jpg\"><img loading=\"lazy\" src=\"https:\/\/www.urlaubcornwall.de\/blog\/wp-content\/uploads\/2024\/03\/norfolk-windmill.jpg\" alt=\"norfolk windmill\" width=\"750\" height=\"500\" class=\"alignnone size-full wp-image-47799\" srcset=\"https:\/\/www.urlaubcornwall.de\/blog\/wp-content\/uploads\/2024\/03\/norfolk-windmill.jpg 750w, https:\/\/www.urlaubcornwall.de\/blog\/wp-content\/uploads\/2024\/03\/norfolk-windmill-300x200.jpg 300w\" sizes=\"(max-width: 750px) 100vw, 750px\" \/><\/a><\/p>\n<p>Norfolk, eine Grafschaft in Ostengland, ist bekannt f\u00fcr ihre atemberaubende K\u00fcste, idyllische Landschaft, charmante D\u00f6rfer und reiche Geschichte. Hier sind einige der besten Orte, um in <a href=\"https:\/\/www.urlaubcornwall.de\/ferienhaeuser-fewos\/eng\/norfolk\/norfolk.html\">Norfolk Urlaub<\/a> zu machen:<\/p>\n<p>1. <a href=\"https:\/\/www.urlaubcornwall.de\/ferienhaeuser-fewos\/eng\/norfolk\/norwich.html\">Norwich<\/a>: Die historische Stadt Norwich ist ein guter Ausgangspunkt f\u00fcr Ihren Urlaub in Norfolk. Besuchen Sie die imposante Norwich Cathedral und erkunden Sie das Norwich Castle Museum &#038; Art Gallery. Die Stadt bietet auch eine lebendige Einkaufsszene und eine Vielzahl von Restaurants und Caf\u00e9s.<\/p>\n<p>2. Norfolk Broads: Diese einzigartige Wasserlandschaft ist ein Paradies f\u00fcr Naturliebhaber und Wassersportler. Unternehmen Sie eine Bootsfahrt oder eine Kanutour auf den ruhigen Wasserstra\u00dfen und genie\u00dfen Sie die malerische Umgebung.<\/p>\n<p>3. <a href=\"https:\/\/www.urlaubcornwall.de\/blog\/die-schoensten-straende-in-norfolk-east-anglia\/\">Sandstr\u00e4nde: Norfolk<\/a> hat einige wundersch\u00f6ne Sandstr\u00e4nde entlang der Nordseek\u00fcste. Besuchen Sie Str\u00e4nde wie Holkham Beach, Wells-next-the-Sea und Cromer Beach, um die frische Meeresluft zu genie\u00dfen und am Meer zu entspannen.<\/p>\n<p>4. Blickling Estate: Dieses beeindruckende Herrenhaus und seine umliegenden G\u00e4rten sind einen Besuch wert. Unternehmen Sie einen Spaziergang durch die gepflegten G\u00e4rten und erkunden Sie das pr\u00e4chtige Herrenhaus.<\/p>\n<p>5. <a href=\"https:\/\/www.urlaubcornwall.de\/ferienhaeuser-fewos\/eng\/norfolk\/sheringham.html\">Sheringham<\/a>: Dieser charmante Badeort bietet eine entspannte Atmosph\u00e4re und eine reiche maritime Geschichte. Unternehmen Sie eine Fahrt mit der North Norfolk Railway und genie\u00dfen Sie den Blick auf das Meer.<\/p>\n<p><img loading=\"lazy\" class=\"aligncenter size-full wp-image-33892\" src=\"https:\/\/www.urlaubcornwall.de\/blog\/wp-content\/uploads\/2018\/06\/Charmante-D\u00f6rfer-cornwall-1.jpg\" alt=\"g\u00fcnstigen Urlaub in Norfolk\" width=\"748\" height=\"444\"\/><\/p>\n<p>Wir haben die beste Auswahl an <a href=\"https:\/\/www.urlaubcornwall.de\/ferienhaeuser-fewos\/eng\/norfolk\/norfolk.html\">pers\u00f6nlich inspizierten Ferienh\u00e4usern im Angebot<\/a>.<\/p>\n<p style=\"text-align: center;\"><a class=\"tidycta\" href=\"https:\/\/www.urlaubcornwall.de\/ferienhaeuser-fewos\/eng\/norfolk\/norfolk.html\">Suche Ferienh\u00e4user in Norfolk<\/a><\/p>\n<p>6. Holkham Hall: Dieses pr\u00e4chtige Herrenhaus ist von weitl\u00e4ufigen Parklandschaften umgeben und bietet eine beeindruckende Architektur. Erkunden Sie das Anwesen und genie\u00dfen Sie die malerische Aussicht.<\/p>\n<p>7. Great Yarmouth: Dieser traditionelle Badeort hat eine lange Geschichte und bietet eine Vielzahl von Unternehmungen. Besuchen Sie den Pleasure Beach Vergn\u00fcgungspark und erkunden Sie das Sea Life Centre.<\/p>\n<p>8. <a href=\"https:\/\/www.urlaubcornwall.de\/ferienhaeuser-fewos\/eng\/norfolk\/wells-next-the-sea.html\">Wells-next-the-Sea<\/a>: Dieser malerische Hafenort ist bekannt f\u00fcr seine bunten Strandh\u00fctten und seinen h\u00fcbschen Hafen. Unternehmen Sie eine Wanderung entlang des malerischen Pfades zu den Pinewoods und genie\u00dfen Sie die Aussicht auf das Meer.<\/p>\n<p>9. <a href=\"https:\/\/www.urlaubcornwall.de\/ferienhaeuser-fewos\/eng\/norfolk\/thetford.html\">Thetford Forest<\/a>: Wenn Sie die Natur lieben, ist der Thetford Forest ein gro\u00dfartiger Ort zum Wandern, Radfahren und f\u00fcr Outdoor-Aktivit\u00e4ten.<\/p>\n<h1><a href=\"https:\/\/www.urlaubcornwall.de\/rundreisen\/cornwall-suedengland.php\">Unser Rundreisenservice in England<\/a><\/h1>\n<p>Weshalb \u00fcber uns buchen?<\/p>\n<p>Firmensitz in Cornwall und ein Team Deutsch sprechender Reisespezialisten.<\/p>\n<p>Wir haben eine Leidenschaft f\u00fcrs Reisen und gestalten den perfekten Urlaub.<\/p>\n<p>Ortskenntnisse und Insidertipps f\u00fcr unsere Kunden.<\/p>\n<p>Sonderangebote und Preisnachl\u00e4sse<\/p>\n<p>S\u00e4mtliche unserer Rundreisen sind durch einen voll versicherten deutschen Reiseveranstalter gesichert.<\/p>\n<p style=\"text-align: center;\"><a class=\"tidycta\" href=\"https:\/\/www.urlaubcornwall.de\/rundreisen\/cornwall-suedengland.php\"> Mehr Info<\/a><\/p>\n","protected":false},"excerpt":{"rendered":"<p>Norfolk, eine Grafschaft in Ostengland, ist bekannt f\u00fcr ihre atemberaubende K\u00fcste, idyllische Landschaft, charmante D\u00f6rfer und reiche Geschichte. Hier sind einige der besten Orte, um in Norfolk Urlaub zu machen: 1. Norwich: Die historische Stadt Norwich ist ein guter Ausgangspunkt f\u00fcr Ihren Urlaub in Norfolk. Besuchen Sie die imposante Norwich Cathedral und erkunden Sie das [&hellip;]<\/p>\n","protected":false},"author":1,"featured_media":0,"parent":0,"menu_order":0,"comment_status":"closed","ping_status":"closed","template":"single-four.php","meta":[],"acf":[],"yoast_head":"<!-- This site is optimized with the Yoast SEO plugin v19.4 - https:\/\/yoast.com\/wordpress\/plugins\/seo\/ -->\n<title>Wo in Norfolk Urlaub machen? - Urlaub &amp; Reisen<\/title>\n<meta name=\"robots\" content=\"index, follow, max-snippet:-1, max-image-preview:large, max-video-preview:-1\" \/>\n<link rel=\"canonical\" href=\"https:\/\/www.urlaubcornwall.de\/blog\/wo-in-norfolk-urlaub-machen\/\" \/>\n<meta property=\"og:locale\" content=\"en_US\" \/>\n<meta property=\"og:type\" content=\"article\" \/>\n<meta property=\"og:title\" content=\"Wo in Norfolk Urlaub machen? - Urlaub &amp; Reisen\" \/>\n<meta property=\"og:description\" content=\"Norfolk, eine Grafschaft in Ostengland, ist bekannt f\u00fcr ihre atemberaubende K\u00fcste, idyllische Landschaft, charmante D\u00f6rfer und reiche Geschichte. Hier sind einige der besten Orte, um in Norfolk Urlaub zu machen: 1. Norwich: Die historische Stadt Norwich ist ein guter Ausgangspunkt f\u00fcr Ihren Urlaub in Norfolk. Besuchen Sie die imposante Norwich Cathedral und erkunden Sie das [&hellip;]\" \/>\n<meta property=\"og:url\" content=\"https:\/\/www.urlaubcornwall.de\/blog\/wo-in-norfolk-urlaub-machen\/\" \/>\n<meta property=\"og:site_name\" content=\"Urlaub &amp; Reisen\" \/>\n<meta property=\"article:modified_time\" content=\"2024-05-31T12:33:23+00:00\" \/>\n<meta property=\"og:image\" content=\"https:\/\/www.urlaubcornwall.de\/blog\/wp-content\/uploads\/2024\/03\/norfolk-windmill.jpg\" \/>\n<meta name=\"twitter:card\" content=\"summary\" \/>\n<meta name=\"twitter:label1\" content=\"Est. reading time\" \/>\n\t<meta name=\"twitter:data1\" content=\"3 minutes\" \/>\n<script type=\"application\/ld+json\" class=\"yoast-schema-graph\">{\"@context\":\"https:\/\/schema.org\",\"@graph\":[{\"@type\":\"WebSite\",\"@id\":\"https:\/\/www.urlaubcornwall.de\/blog\/#website\",\"url\":\"https:\/\/www.urlaubcornwall.de\/blog\/\",\"name\":\"Urlaub &amp; Reisen\",\"description\":\"Urlaub, Reisen, Cornwall und S\u00fcdengland: eine perfekte Kombination\",\"potentialAction\":[{\"@type\":\"SearchAction\",\"target\":{\"@type\":\"EntryPoint\",\"urlTemplate\":\"https:\/\/www.urlaubcornwall.de\/blog\/?s={search_term_string}\"},\"query-input\":\"required name=search_term_string\"}],\"inLanguage\":\"en-US\"},{\"@type\":\"WebPage\",\"@id\":\"https:\/\/www.urlaubcornwall.de\/blog\/wo-in-norfolk-urlaub-machen\/\",\"url\":\"https:\/\/www.urlaubcornwall.de\/blog\/wo-in-norfolk-urlaub-machen\/\",\"name\":\"Wo in Norfolk Urlaub machen? - Urlaub &amp; Reisen\",\"isPartOf\":{\"@id\":\"https:\/\/www.urlaubcornwall.de\/blog\/#website\"},\"datePublished\":\"2023-07-28T09:33:10+00:00\",\"dateModified\":\"2024-05-31T12:33:23+00:00\",\"breadcrumb\":{\"@id\":\"https:\/\/www.urlaubcornwall.de\/blog\/wo-in-norfolk-urlaub-machen\/#breadcrumb\"},\"inLanguage\":\"en-US\",\"potentialAction\":[{\"@type\":\"ReadAction\",\"target\":[\"https:\/\/www.urlaubcornwall.de\/blog\/wo-in-norfolk-urlaub-machen\/\"]}]},{\"@type\":\"BreadcrumbList\",\"@id\":\"https:\/\/www.urlaubcornwall.de\/blog\/wo-in-norfolk-urlaub-machen\/#breadcrumb\",\"itemListElement\":[{\"@type\":\"ListItem\",\"position\":1,\"name\":\"Home\",\"item\":\"https:\/\/www.urlaubcornwall.de\/blog\/\"},{\"@type\":\"ListItem\",\"position\":2,\"name\":\"Wo in Norfolk Urlaub machen?\"}]}]}<\/script>\n<!-- \/ Yoast SEO plugin. -->","yoast_head_json":{"title":"Wo in Norfolk Urlaub machen? - Urlaub &amp; Reisen","robots":{"index":"index","follow":"follow","max-snippet":"max-snippet:-1","max-image-preview":"max-image-preview:large","max-video-preview":"max-video-preview:-1"},"canonical":"https:\/\/www.urlaubcornwall.de\/blog\/wo-in-norfolk-urlaub-machen\/","og_locale":"en_US","og_type":"article","og_title":"Wo in Norfolk Urlaub machen? - Urlaub &amp; Reisen","og_description":"Norfolk, eine Grafschaft in Ostengland, ist bekannt f\u00fcr ihre atemberaubende K\u00fcste, idyllische Landschaft, charmante D\u00f6rfer und reiche Geschichte. Hier sind einige der besten Orte, um in Norfolk Urlaub zu machen: 1. Norwich: Die historische Stadt Norwich ist ein guter Ausgangspunkt f\u00fcr Ihren Urlaub in Norfolk. Besuchen Sie die imposante Norwich Cathedral und erkunden Sie das [&hellip;]","og_url":"https:\/\/www.urlaubcornwall.de\/blog\/wo-in-norfolk-urlaub-machen\/","og_site_name":"Urlaub &amp; Reisen","article_modified_time":"2024-05-31T12:33:23+00:00","og_image":[{"url":"https:\/\/www.urlaubcornwall.de\/blog\/wp-content\/uploads\/2024\/03\/norfolk-windmill.jpg"}],"twitter_card":"summary","twitter_misc":{"Est. reading time":"3 minutes"},"schema":{"@context":"https:\/\/schema.org","@graph":[{"@type":"WebSite","@id":"https:\/\/www.urlaubcornwall.de\/blog\/#website","url":"https:\/\/www.urlaubcornwall.de\/blog\/","name":"Urlaub &amp; Reisen","description":"Urlaub, Reisen, Cornwall und S\u00fcdengland: eine perfekte Kombination","potentialAction":[{"@type":"SearchAction","target":{"@type":"EntryPoint","urlTemplate":"https:\/\/www.urlaubcornwall.de\/blog\/?s={search_term_string}"},"query-input":"required name=search_term_string"}],"inLanguage":"en-US"},{"@type":"WebPage","@id":"https:\/\/www.urlaubcornwall.de\/blog\/wo-in-norfolk-urlaub-machen\/","url":"https:\/\/www.urlaubcornwall.de\/blog\/wo-in-norfolk-urlaub-machen\/","name":"Wo in Norfolk Urlaub machen? - Urlaub &amp; Reisen","isPartOf":{"@id":"https:\/\/www.urlaubcornwall.de\/blog\/#website"},"datePublished":"2023-07-28T09:33:10+00:00","dateModified":"2024-05-31T12:33:23+00:00","breadcrumb":{"@id":"https:\/\/www.urlaubcornwall.de\/blog\/wo-in-norfolk-urlaub-machen\/#breadcrumb"},"inLanguage":"en-US","potentialAction":[{"@type":"ReadAction","target":["https:\/\/www.urlaubcornwall.de\/blog\/wo-in-norfolk-urlaub-machen\/"]}]},{"@type":"BreadcrumbList","@id":"https:\/\/www.urlaubcornwall.de\/blog\/wo-in-norfolk-urlaub-machen\/#breadcrumb","itemListElement":[{"@type":"ListItem","position":1,"name":"Home","item":"https:\/\/www.urlaubcornwall.de\/blog\/"},{"@type":"ListItem","position":2,"name":"Wo in Norfolk Urlaub machen?"}]}]}},"_links":{"self":[{"href":"https:\/\/www.urlaubcornwall.de\/blog\/wp-json\/wp\/v2\/pages\/46880"}],"collection":[{"href":"https:\/\/www.urlaubcornwall.de\/blog\/wp-json\/wp\/v2\/pages"}],"about":[{"href":"https:\/\/www.urlaubcornwall.de\/blog\/wp-json\/wp\/v2\/types\/page"}],"author":[{"embeddable":true,"href":"https:\/\/www.urlaubcornwall.de\/blog\/wp-json\/wp\/v2\/users\/1"}],"replies":[{"embeddable":true,"href":"https:\/\/www.urlaubcornwall.de\/blog\/wp-json\/wp\/v2\/comments?post=46880"}],"version-history":[{"count":3,"href":"https:\/\/www.urlaubcornwall.de\/blog\/wp-json\/wp\/v2\/pages\/46880\/revisions"}],"predecessor-version":[{"id":51384,"href":"https:\/\/www.urlaubcornwall.de\/blog\/wp-json\/wp\/v2\/pages\/46880\/revisions\/51384"}],"wp:attachment":[{"href":"https:\/\/www.urlaubcornwall.de\/blog\/wp-json\/wp\/v2\/media?parent=46880"}],"curies":[{"name":"wp","href":"https:\/\/api.w.org\/{rel}","templated":true}]}}