{"id":46878,"date":"2023-07-28T09:05:31","date_gmt":"2023-07-28T09:05:31","guid":{"rendered":"https:\/\/www.urlaubcornwall.de\/blog\/?page_id=46878"},"modified":"2024-05-30T11:08:22","modified_gmt":"2024-05-30T11:08:22","slug":"wo-in-liverpool-urlaub-machen","status":"publish","type":"page","link":"https:\/\/www.urlaubcornwall.de\/blog\/wo-in-liverpool-urlaub-machen\/","title":{"rendered":"Wo in Liverpool Urlaub machen?"},"content":{"rendered":"<p><a href=\"https:\/\/www.urlaubcornwall.de\/blog\/wp-content\/uploads\/2024\/05\/liverpool.jpg\"><img loading=\"lazy\" src=\"https:\/\/www.urlaubcornwall.de\/blog\/wp-content\/uploads\/2024\/05\/liverpool.jpg\" alt=\"liverpool\" width=\"750\" height=\"500\" class=\"alignnone size-full wp-image-50711\" srcset=\"https:\/\/www.urlaubcornwall.de\/blog\/wp-content\/uploads\/2024\/05\/liverpool.jpg 750w, https:\/\/www.urlaubcornwall.de\/blog\/wp-content\/uploads\/2024\/05\/liverpool-300x200.jpg 300w\" sizes=\"(max-width: 750px) 100vw, 750px\" \/><\/a><\/p>\n<p>Liverpool ist eine aufregende und lebendige Stadt in Nordwestengland, die f\u00fcr ihre reiche Kultur, ihre maritime Geschichte und ihre lebendige Musikszene bekannt ist. Hier sind einige der besten Orte, um in <a href=\"https:\/\/www.urlaubcornwall.de\/ferienhaeuser-fewos\/eng\/merseyside\/merseyside.html\">Liverpool Urlaub<\/a> zu machen:<\/p>\n<p>1. The Beatles Story: Als die Heimatstadt der legend\u00e4ren Band The Beatles bietet Liverpool eine F\u00fclle von Sehensw\u00fcrdigkeiten im Zusammenhang mit der ber\u00fchmten Gruppe. Das Beatles Story Museum ist ein absolutes Muss f\u00fcr alle Fans und bietet Einblicke in das Leben und die Karriere der Band.<\/p>\n<p>2. Albert Dock: Dieser historische Hafenbereich ist heute ein lebendiges Zentrum f\u00fcr Kultur, Shopping und Restaurants. Hier finden Sie das Tate Liverpool Museum, das Merseyside Maritime Museum und das International Slavery Museum.<\/p>\n<p>3. Liverpool Waterfront: Genie\u00dfen Sie einen Spaziergang entlang der ber\u00fchmten Waterfront, die zum UNESCO-Weltkulturerbe geh\u00f6rt. Hier finden Sie ikonische Geb\u00e4ude wie das Royal Liver Building und das Cunard Building.<\/p>\n<p>4. St. George&#8217;s Hall: Dieses beeindruckende neoklassizistische Geb\u00e4ude ist ein architektonisches Meisterwerk und beherbergt Konzerte, Veranstaltungen und Kunstausstellungen.<\/p>\n<p>5. Liverpool Cathedral: Die Liverpooler Kathedrale, offiziell als &#8220;Cathedral Church of Christ in Liverpool&#8221; bekannt, ist die gr\u00f6\u00dfte Kathedrale Gro\u00dfbritanniens und ein beeindruckendes Beispiel f\u00fcr gotische Architektur.<\/p>\n<p>Wir haben die beste Auswahl an <a href=\"https:\/\/www.urlaubcornwall.de\/ferienhaeuser-fewos\/eng\/merseyside\/merseyside.html\">pers\u00f6nlich inspizierten Ferienh\u00e4usern im Angebot<\/a>.<\/p>\n<p style=\"text-align: center;\"><a class=\"tidycta\" href=\"https:\/\/www.urlaubcornwall.de\/ferienhaeuser-fewos\/eng\/merseyside\/merseyside.html\">Suche Ferienh\u00e4user in Liverpool<\/a><\/p>\n<p>6. Walker Art Gallery: Wenn Sie Kunst m\u00f6gen, ist dies ein gro\u00dfartiger Ort, um eine beeindruckende Sammlung von Gem\u00e4lden und Skulpturen zu sehen, darunter Werke von ber\u00fchmten K\u00fcnstlern wie Rembrandt, Turner und Monet.<\/p>\n<p>7. Anfield Stadium: Fu\u00dfballfans sollten das Anfield Stadium besuchen, die Heimat des FC Liverpool. Hier k\u00f6nnen Sie eine Stadiontour machen und mehr \u00fcber die Geschichte des Vereins erfahren.<\/p>\n<p>8. Beatles Magical Mystery Tour: Unternehmen Sie eine gef\u00fchrte Tour zu den wichtigsten Orten, die mit den Beatles in Liverpool verbunden sind, darunter ihre H\u00e4user, Bars und Clubs, die sie h\u00e4ufig besuchten.<\/p>\n<p>9. The Cavern Club: Besuchen Sie den legend\u00e4ren Cavern Club, wo die Beatles in den 1960er Jahren regelm\u00e4\u00dfig auftraten. Heute finden hier immer noch Live-Musikveranstaltungen statt.<\/p>\n<h1><a href=\"https:\/\/www.urlaubcornwall.de\/rundreisen\/cornwall-suedengland.php\">Unser Rundreisenservice in England<\/a><\/h1>\n<p>Weshalb \u00fcber uns buchen?<\/p>\n<p>Firmensitz in Cornwall und ein Team Deutsch sprechender Reisespezialisten.<\/p>\n<p>Wir haben eine Leidenschaft f\u00fcrs Reisen und gestalten den perfekten Urlaub.<\/p>\n<p>Ortskenntnisse und Insidertipps f\u00fcr unsere Kunden.<\/p>\n<p>Sonderangebote und Preisnachl\u00e4sse<\/p>\n<p>S\u00e4mtliche unserer Rundreisen sind durch einen voll versicherten deutschen Reiseveranstalter gesichert.<\/p>\n<p style=\"text-align: center;\"><a class=\"tidycta\" href=\"https:\/\/www.urlaubcornwall.de\/rundreisen\/cornwall-suedengland.php\"> Mehr Info<\/a><\/p>\n","protected":false},"excerpt":{"rendered":"<p>Liverpool ist eine aufregende und lebendige Stadt in Nordwestengland, die f\u00fcr ihre reiche Kultur, ihre maritime Geschichte und ihre lebendige Musikszene bekannt ist. Hier sind einige der besten Orte, um in Liverpool Urlaub zu machen: 1. The Beatles Story: Als die Heimatstadt der legend\u00e4ren Band The Beatles bietet Liverpool eine F\u00fclle von Sehensw\u00fcrdigkeiten im Zusammenhang [&hellip;]<\/p>\n","protected":false},"author":1,"featured_media":0,"parent":0,"menu_order":0,"comment_status":"closed","ping_status":"closed","template":"single-four.php","meta":[],"acf":[],"yoast_head":"<!-- This site is optimized with the Yoast SEO plugin v19.4 - https:\/\/yoast.com\/wordpress\/plugins\/seo\/ -->\n<title>Wo in Liverpool Urlaub machen? - Urlaub &amp; Reisen<\/title>\n<meta name=\"robots\" content=\"index, follow, max-snippet:-1, max-image-preview:large, max-video-preview:-1\" \/>\n<link rel=\"canonical\" href=\"https:\/\/www.urlaubcornwall.de\/blog\/wo-in-liverpool-urlaub-machen\/\" \/>\n<meta property=\"og:locale\" content=\"en_US\" \/>\n<meta property=\"og:type\" content=\"article\" \/>\n<meta property=\"og:title\" content=\"Wo in Liverpool Urlaub machen? - Urlaub &amp; Reisen\" \/>\n<meta property=\"og:description\" content=\"Liverpool ist eine aufregende und lebendige Stadt in Nordwestengland, die f\u00fcr ihre reiche Kultur, ihre maritime Geschichte und ihre lebendige Musikszene bekannt ist. Hier sind einige der besten Orte, um in Liverpool Urlaub zu machen: 1. The Beatles Story: Als die Heimatstadt der legend\u00e4ren Band The Beatles bietet Liverpool eine F\u00fclle von Sehensw\u00fcrdigkeiten im Zusammenhang [&hellip;]\" \/>\n<meta property=\"og:url\" content=\"https:\/\/www.urlaubcornwall.de\/blog\/wo-in-liverpool-urlaub-machen\/\" \/>\n<meta property=\"og:site_name\" content=\"Urlaub &amp; Reisen\" \/>\n<meta property=\"article:modified_time\" content=\"2024-05-30T11:08:22+00:00\" \/>\n<meta property=\"og:image\" content=\"https:\/\/www.urlaubcornwall.de\/blog\/wp-content\/uploads\/2024\/05\/liverpool.jpg\" \/>\n<meta name=\"twitter:card\" content=\"summary\" \/>\n<meta name=\"twitter:label1\" content=\"Est. reading time\" \/>\n\t<meta name=\"twitter:data1\" content=\"2 minutes\" \/>\n<script type=\"application\/ld+json\" class=\"yoast-schema-graph\">{\"@context\":\"https:\/\/schema.org\",\"@graph\":[{\"@type\":\"WebSite\",\"@id\":\"https:\/\/www.urlaubcornwall.de\/blog\/#website\",\"url\":\"https:\/\/www.urlaubcornwall.de\/blog\/\",\"name\":\"Urlaub &amp; Reisen\",\"description\":\"Urlaub, Reisen, Cornwall und S\u00fcdengland: eine perfekte Kombination\",\"potentialAction\":[{\"@type\":\"SearchAction\",\"target\":{\"@type\":\"EntryPoint\",\"urlTemplate\":\"https:\/\/www.urlaubcornwall.de\/blog\/?s={search_term_string}\"},\"query-input\":\"required name=search_term_string\"}],\"inLanguage\":\"en-US\"},{\"@type\":\"WebPage\",\"@id\":\"https:\/\/www.urlaubcornwall.de\/blog\/wo-in-liverpool-urlaub-machen\/\",\"url\":\"https:\/\/www.urlaubcornwall.de\/blog\/wo-in-liverpool-urlaub-machen\/\",\"name\":\"Wo in Liverpool Urlaub machen? - Urlaub &amp; Reisen\",\"isPartOf\":{\"@id\":\"https:\/\/www.urlaubcornwall.de\/blog\/#website\"},\"datePublished\":\"2023-07-28T09:05:31+00:00\",\"dateModified\":\"2024-05-30T11:08:22+00:00\",\"breadcrumb\":{\"@id\":\"https:\/\/www.urlaubcornwall.de\/blog\/wo-in-liverpool-urlaub-machen\/#breadcrumb\"},\"inLanguage\":\"en-US\",\"potentialAction\":[{\"@type\":\"ReadAction\",\"target\":[\"https:\/\/www.urlaubcornwall.de\/blog\/wo-in-liverpool-urlaub-machen\/\"]}]},{\"@type\":\"BreadcrumbList\",\"@id\":\"https:\/\/www.urlaubcornwall.de\/blog\/wo-in-liverpool-urlaub-machen\/#breadcrumb\",\"itemListElement\":[{\"@type\":\"ListItem\",\"position\":1,\"name\":\"Home\",\"item\":\"https:\/\/www.urlaubcornwall.de\/blog\/\"},{\"@type\":\"ListItem\",\"position\":2,\"name\":\"Wo in Liverpool Urlaub machen?\"}]}]}<\/script>\n<!-- \/ Yoast SEO plugin. -->","yoast_head_json":{"title":"Wo in Liverpool Urlaub machen? - Urlaub &amp; Reisen","robots":{"index":"index","follow":"follow","max-snippet":"max-snippet:-1","max-image-preview":"max-image-preview:large","max-video-preview":"max-video-preview:-1"},"canonical":"https:\/\/www.urlaubcornwall.de\/blog\/wo-in-liverpool-urlaub-machen\/","og_locale":"en_US","og_type":"article","og_title":"Wo in Liverpool Urlaub machen? - Urlaub &amp; Reisen","og_description":"Liverpool ist eine aufregende und lebendige Stadt in Nordwestengland, die f\u00fcr ihre reiche Kultur, ihre maritime Geschichte und ihre lebendige Musikszene bekannt ist. Hier sind einige der besten Orte, um in Liverpool Urlaub zu machen: 1. The Beatles Story: Als die Heimatstadt der legend\u00e4ren Band The Beatles bietet Liverpool eine F\u00fclle von Sehensw\u00fcrdigkeiten im Zusammenhang [&hellip;]","og_url":"https:\/\/www.urlaubcornwall.de\/blog\/wo-in-liverpool-urlaub-machen\/","og_site_name":"Urlaub &amp; Reisen","article_modified_time":"2024-05-30T11:08:22+00:00","og_image":[{"url":"https:\/\/www.urlaubcornwall.de\/blog\/wp-content\/uploads\/2024\/05\/liverpool.jpg"}],"twitter_card":"summary","twitter_misc":{"Est. reading time":"2 minutes"},"schema":{"@context":"https:\/\/schema.org","@graph":[{"@type":"WebSite","@id":"https:\/\/www.urlaubcornwall.de\/blog\/#website","url":"https:\/\/www.urlaubcornwall.de\/blog\/","name":"Urlaub &amp; Reisen","description":"Urlaub, Reisen, Cornwall und S\u00fcdengland: eine perfekte Kombination","potentialAction":[{"@type":"SearchAction","target":{"@type":"EntryPoint","urlTemplate":"https:\/\/www.urlaubcornwall.de\/blog\/?s={search_term_string}"},"query-input":"required name=search_term_string"}],"inLanguage":"en-US"},{"@type":"WebPage","@id":"https:\/\/www.urlaubcornwall.de\/blog\/wo-in-liverpool-urlaub-machen\/","url":"https:\/\/www.urlaubcornwall.de\/blog\/wo-in-liverpool-urlaub-machen\/","name":"Wo in Liverpool Urlaub machen? - Urlaub &amp; Reisen","isPartOf":{"@id":"https:\/\/www.urlaubcornwall.de\/blog\/#website"},"datePublished":"2023-07-28T09:05:31+00:00","dateModified":"2024-05-30T11:08:22+00:00","breadcrumb":{"@id":"https:\/\/www.urlaubcornwall.de\/blog\/wo-in-liverpool-urlaub-machen\/#breadcrumb"},"inLanguage":"en-US","potentialAction":[{"@type":"ReadAction","target":["https:\/\/www.urlaubcornwall.de\/blog\/wo-in-liverpool-urlaub-machen\/"]}]},{"@type":"BreadcrumbList","@id":"https:\/\/www.urlaubcornwall.de\/blog\/wo-in-liverpool-urlaub-machen\/#breadcrumb","itemListElement":[{"@type":"ListItem","position":1,"name":"Home","item":"https:\/\/www.urlaubcornwall.de\/blog\/"},{"@type":"ListItem","position":2,"name":"Wo in Liverpool Urlaub machen?"}]}]}},"_links":{"self":[{"href":"https:\/\/www.urlaubcornwall.de\/blog\/wp-json\/wp\/v2\/pages\/46878"}],"collection":[{"href":"https:\/\/www.urlaubcornwall.de\/blog\/wp-json\/wp\/v2\/pages"}],"about":[{"href":"https:\/\/www.urlaubcornwall.de\/blog\/wp-json\/wp\/v2\/types\/page"}],"author":[{"embeddable":true,"href":"https:\/\/www.urlaubcornwall.de\/blog\/wp-json\/wp\/v2\/users\/1"}],"replies":[{"embeddable":true,"href":"https:\/\/www.urlaubcornwall.de\/blog\/wp-json\/wp\/v2\/comments?post=46878"}],"version-history":[{"count":3,"href":"https:\/\/www.urlaubcornwall.de\/blog\/wp-json\/wp\/v2\/pages\/46878\/revisions"}],"predecessor-version":[{"id":50953,"href":"https:\/\/www.urlaubcornwall.de\/blog\/wp-json\/wp\/v2\/pages\/46878\/revisions\/50953"}],"wp:attachment":[{"href":"https:\/\/www.urlaubcornwall.de\/blog\/wp-json\/wp\/v2\/media?parent=46878"}],"curies":[{"name":"wp","href":"https:\/\/api.w.org\/{rel}","templated":true}]}}