{"id":46829,"date":"2023-07-20T09:31:06","date_gmt":"2023-07-20T09:31:06","guid":{"rendered":"https:\/\/www.urlaubcornwall.de\/blog\/?page_id=46829"},"modified":"2023-07-20T09:31:06","modified_gmt":"2023-07-20T09:31:06","slug":"blueten-riviera-cornwall","status":"publish","type":"page","link":"https:\/\/www.urlaubcornwall.de\/blog\/blueten-riviera-cornwall\/","title":{"rendered":"Die Bl\u00fcten-Riviera: Warum Cornwall ein Paradies f\u00fcr Fr\u00fchlingsbl\u00fcher ist"},"content":{"rendered":"<p><img loading=\"lazy\" class=\"aligncenter size-full wp-image-24875\" src=\"https:\/\/www.urlaubcornwall.de\/blog\/wp-content\/uploads\/2016\/08\/Beste-Reisezeit-f\u00fcr-Cornwall.jpg\" alt=\"Beste Reisezeit f\u00fcr Cornwall \" width=\"749\" height=\"390\"\/><\/p>\n<p>Cornwall-G\u00e4rten sind f\u00fcr Fr\u00fchlingsblumen wie Magnolien und Kamelien aus China aus verschiedenen Gr\u00fcnden bekannt:<\/p>\n<p>Klima: Cornwall hat ein mildes und feuchtes Klima, das sich f\u00fcr das Wachstum von Magnolien und Kamelien eignet. Diese Pflanzen stammen aus gem\u00e4\u00dfigten bis subtropischen Regionen, und das Klima in Cornwall \u00e4hnelt teilweise den Bedingungen ihrer nat\u00fcrlichen Lebensr\u00e4ume.<\/p>\n<p>Bodenbedingungen: Der Boden in Cornwall kann f\u00fcr das Wachstum von Magnolien und Kamelien geeignet sein. Diese Pflanzen bevorzugen gut durchl\u00e4ssigen, sauren Boden, und wenn die \u00f6rtlichen Bodenbedingungen diesen Anforderungen entsprechen, k\u00f6nnen sie in den G\u00e4rten gut gedeihen.<\/p>\n<p>Pflanzensammlungen: Im Laufe der Zeit k\u00f6nnten Gartenenthusiasten und G\u00e4rtner in Cornwall bewusst Anstrengungen unternommen haben, um diese Pflanzen einzuf\u00fchren und zu kultivieren. Durch die Auswahl geeigneter Arten und Sorten und die entsprechende Pflege k\u00f6nnten die G\u00e4rten einen Ruf f\u00fcr die Pr\u00e4sentation von Magnolien und Kamelien aus China entwickelt haben.<\/p>\n<p>Historische Verbindungen: Historisch gesehen gab es Verbindungen zwischen China und Cornwall in Bezug auf den Pflanzenhandel. In der Vergangenheit haben Pflanzensammler und Forscher aus Gro\u00dfbritannien, darunter auch aus Cornwall, viele botanische Entdeckungsreisen in verschiedene Teile der Welt unternommen, darunter auch nach China, um neue Pflanzenarten zu sammeln und in ihre Heimatl\u00e4nder zur\u00fcckzubringen.<\/p>\n<p>Kulturelle Interessen: Magnolien und Kamelien haben in der chinesischen Kultur eine lange Tradition und symbolisieren Sch\u00f6nheit und Eleganz. Daher k\u00f6nnte auch das Interesse an der chinesischen Kultur und ihrer Flora dazu beigetragen haben, dass diese Pflanzen in Cornwall-G\u00e4rten h\u00e4ufig zu finden sind.<\/p>\n<p>Wir haben die beste Auswahl an <a href=\"https:\/\/www.urlaubcornwall.de\/ferienhaeuser-fewos\/cornwall.html\">pers\u00f6nlich inspizierten Ferienh\u00e4usern im Angebot<\/a>.<\/p>\n<p style=\"text-align: center;\"><a class=\"tidycta\" href=\"https:\/\/www.urlaubcornwall.de\/ferienhaeuser-fewos\/cornwall.html\">Suche Ferienh\u00e4user in Cornwall<\/a><\/p>\n<h1><a href=\"https:\/\/www.urlaubcornwall.de\/rundreisen\/cornwall-suedengland.php\">Unser Rundreisenservice in Cornwall<\/a><\/h1>\n<p>Weshalb \u00fcber uns buchen?<\/p>\n<p>Firmensitz in Cornwall und ein Team Deutsch sprechender Reisespezialisten.<\/p>\n<p>Wir haben eine Leidenschaft f\u00fcrs Reisen und gestalten den perfekten Urlaub.<\/p>\n<p>Ortskenntnisse und Insidertipps f\u00fcr unsere Kunden.<\/p>\n<p>Sonderangebote und Preisnachl\u00e4sse<\/p>\n<p>S\u00e4mtliche unserer Rundreisen sind durch einen voll versicherten deutschen Reiseveranstalter gesichert.<\/p>\n<p style=\"text-align: center;\"><a class=\"tidycta\" href=\"https:\/\/www.urlaubcornwall.de\/rundreisen\/cornwall-suedengland.php\"> Mehr Info<\/a><\/p>\n","protected":false},"excerpt":{"rendered":"<p>Cornwall-G\u00e4rten sind f\u00fcr Fr\u00fchlingsblumen wie Magnolien und Kamelien aus China aus verschiedenen Gr\u00fcnden bekannt: Klima: Cornwall hat ein mildes und feuchtes Klima, das sich f\u00fcr das Wachstum von Magnolien und Kamelien eignet. Diese Pflanzen stammen aus gem\u00e4\u00dfigten bis subtropischen Regionen, und das Klima in Cornwall \u00e4hnelt teilweise den Bedingungen ihrer nat\u00fcrlichen Lebensr\u00e4ume. Bodenbedingungen: Der Boden [&hellip;]<\/p>\n","protected":false},"author":1,"featured_media":0,"parent":0,"menu_order":0,"comment_status":"closed","ping_status":"closed","template":"single-four.php","meta":[],"acf":[],"yoast_head":"<!-- This site is optimized with the Yoast SEO plugin v19.4 - https:\/\/yoast.com\/wordpress\/plugins\/seo\/ -->\n<title>Die Bl\u00fcten-Riviera: Warum Cornwall ein Paradies f\u00fcr Fr\u00fchlingsbl\u00fcher ist - Urlaub &amp; Reisen<\/title>\n<meta name=\"robots\" content=\"index, follow, max-snippet:-1, max-image-preview:large, max-video-preview:-1\" \/>\n<link rel=\"canonical\" href=\"https:\/\/www.urlaubcornwall.de\/blog\/blueten-riviera-cornwall\/\" \/>\n<meta property=\"og:locale\" content=\"en_US\" \/>\n<meta property=\"og:type\" content=\"article\" \/>\n<meta property=\"og:title\" content=\"Die Bl\u00fcten-Riviera: Warum Cornwall ein Paradies f\u00fcr Fr\u00fchlingsbl\u00fcher ist - Urlaub &amp; Reisen\" \/>\n<meta property=\"og:description\" content=\"Cornwall-G\u00e4rten sind f\u00fcr Fr\u00fchlingsblumen wie Magnolien und Kamelien aus China aus verschiedenen Gr\u00fcnden bekannt: Klima: Cornwall hat ein mildes und feuchtes Klima, das sich f\u00fcr das Wachstum von Magnolien und Kamelien eignet. Diese Pflanzen stammen aus gem\u00e4\u00dfigten bis subtropischen Regionen, und das Klima in Cornwall \u00e4hnelt teilweise den Bedingungen ihrer nat\u00fcrlichen Lebensr\u00e4ume. Bodenbedingungen: Der Boden [&hellip;]\" \/>\n<meta property=\"og:url\" content=\"https:\/\/www.urlaubcornwall.de\/blog\/blueten-riviera-cornwall\/\" \/>\n<meta property=\"og:site_name\" content=\"Urlaub &amp; Reisen\" \/>\n<meta name=\"twitter:card\" content=\"summary\" \/>\n<script type=\"application\/ld+json\" class=\"yoast-schema-graph\">{\"@context\":\"https:\/\/schema.org\",\"@graph\":[{\"@type\":\"WebSite\",\"@id\":\"https:\/\/www.urlaubcornwall.de\/blog\/#website\",\"url\":\"https:\/\/www.urlaubcornwall.de\/blog\/\",\"name\":\"Urlaub &amp; Reisen\",\"description\":\"Urlaub, Reisen, Cornwall und S\u00fcdengland: eine perfekte Kombination\",\"potentialAction\":[{\"@type\":\"SearchAction\",\"target\":{\"@type\":\"EntryPoint\",\"urlTemplate\":\"https:\/\/www.urlaubcornwall.de\/blog\/?s={search_term_string}\"},\"query-input\":\"required name=search_term_string\"}],\"inLanguage\":\"en-US\"},{\"@type\":\"WebPage\",\"@id\":\"https:\/\/www.urlaubcornwall.de\/blog\/blueten-riviera-cornwall\/\",\"url\":\"https:\/\/www.urlaubcornwall.de\/blog\/blueten-riviera-cornwall\/\",\"name\":\"Die Bl\u00fcten-Riviera: Warum Cornwall ein Paradies f\u00fcr Fr\u00fchlingsbl\u00fcher ist - Urlaub &amp; Reisen\",\"isPartOf\":{\"@id\":\"https:\/\/www.urlaubcornwall.de\/blog\/#website\"},\"datePublished\":\"2023-07-20T09:31:06+00:00\",\"dateModified\":\"2023-07-20T09:31:06+00:00\",\"breadcrumb\":{\"@id\":\"https:\/\/www.urlaubcornwall.de\/blog\/blueten-riviera-cornwall\/#breadcrumb\"},\"inLanguage\":\"en-US\",\"potentialAction\":[{\"@type\":\"ReadAction\",\"target\":[\"https:\/\/www.urlaubcornwall.de\/blog\/blueten-riviera-cornwall\/\"]}]},{\"@type\":\"BreadcrumbList\",\"@id\":\"https:\/\/www.urlaubcornwall.de\/blog\/blueten-riviera-cornwall\/#breadcrumb\",\"itemListElement\":[{\"@type\":\"ListItem\",\"position\":1,\"name\":\"Home\",\"item\":\"https:\/\/www.urlaubcornwall.de\/blog\/\"},{\"@type\":\"ListItem\",\"position\":2,\"name\":\"Die Bl\u00fcten-Riviera: Warum Cornwall ein Paradies f\u00fcr Fr\u00fchlingsbl\u00fcher ist\"}]}]}<\/script>\n<!-- \/ Yoast SEO plugin. -->","yoast_head_json":{"title":"Die Bl\u00fcten-Riviera: Warum Cornwall ein Paradies f\u00fcr Fr\u00fchlingsbl\u00fcher ist - Urlaub &amp; Reisen","robots":{"index":"index","follow":"follow","max-snippet":"max-snippet:-1","max-image-preview":"max-image-preview:large","max-video-preview":"max-video-preview:-1"},"canonical":"https:\/\/www.urlaubcornwall.de\/blog\/blueten-riviera-cornwall\/","og_locale":"en_US","og_type":"article","og_title":"Die Bl\u00fcten-Riviera: Warum Cornwall ein Paradies f\u00fcr Fr\u00fchlingsbl\u00fcher ist - Urlaub &amp; Reisen","og_description":"Cornwall-G\u00e4rten sind f\u00fcr Fr\u00fchlingsblumen wie Magnolien und Kamelien aus China aus verschiedenen Gr\u00fcnden bekannt: Klima: Cornwall hat ein mildes und feuchtes Klima, das sich f\u00fcr das Wachstum von Magnolien und Kamelien eignet. Diese Pflanzen stammen aus gem\u00e4\u00dfigten bis subtropischen Regionen, und das Klima in Cornwall \u00e4hnelt teilweise den Bedingungen ihrer nat\u00fcrlichen Lebensr\u00e4ume. Bodenbedingungen: Der Boden [&hellip;]","og_url":"https:\/\/www.urlaubcornwall.de\/blog\/blueten-riviera-cornwall\/","og_site_name":"Urlaub &amp; Reisen","twitter_card":"summary","schema":{"@context":"https:\/\/schema.org","@graph":[{"@type":"WebSite","@id":"https:\/\/www.urlaubcornwall.de\/blog\/#website","url":"https:\/\/www.urlaubcornwall.de\/blog\/","name":"Urlaub &amp; Reisen","description":"Urlaub, Reisen, Cornwall und S\u00fcdengland: eine perfekte Kombination","potentialAction":[{"@type":"SearchAction","target":{"@type":"EntryPoint","urlTemplate":"https:\/\/www.urlaubcornwall.de\/blog\/?s={search_term_string}"},"query-input":"required name=search_term_string"}],"inLanguage":"en-US"},{"@type":"WebPage","@id":"https:\/\/www.urlaubcornwall.de\/blog\/blueten-riviera-cornwall\/","url":"https:\/\/www.urlaubcornwall.de\/blog\/blueten-riviera-cornwall\/","name":"Die Bl\u00fcten-Riviera: Warum Cornwall ein Paradies f\u00fcr Fr\u00fchlingsbl\u00fcher ist - Urlaub &amp; Reisen","isPartOf":{"@id":"https:\/\/www.urlaubcornwall.de\/blog\/#website"},"datePublished":"2023-07-20T09:31:06+00:00","dateModified":"2023-07-20T09:31:06+00:00","breadcrumb":{"@id":"https:\/\/www.urlaubcornwall.de\/blog\/blueten-riviera-cornwall\/#breadcrumb"},"inLanguage":"en-US","potentialAction":[{"@type":"ReadAction","target":["https:\/\/www.urlaubcornwall.de\/blog\/blueten-riviera-cornwall\/"]}]},{"@type":"BreadcrumbList","@id":"https:\/\/www.urlaubcornwall.de\/blog\/blueten-riviera-cornwall\/#breadcrumb","itemListElement":[{"@type":"ListItem","position":1,"name":"Home","item":"https:\/\/www.urlaubcornwall.de\/blog\/"},{"@type":"ListItem","position":2,"name":"Die Bl\u00fcten-Riviera: Warum Cornwall ein Paradies f\u00fcr Fr\u00fchlingsbl\u00fcher ist"}]}]}},"_links":{"self":[{"href":"https:\/\/www.urlaubcornwall.de\/blog\/wp-json\/wp\/v2\/pages\/46829"}],"collection":[{"href":"https:\/\/www.urlaubcornwall.de\/blog\/wp-json\/wp\/v2\/pages"}],"about":[{"href":"https:\/\/www.urlaubcornwall.de\/blog\/wp-json\/wp\/v2\/types\/page"}],"author":[{"embeddable":true,"href":"https:\/\/www.urlaubcornwall.de\/blog\/wp-json\/wp\/v2\/users\/1"}],"replies":[{"embeddable":true,"href":"https:\/\/www.urlaubcornwall.de\/blog\/wp-json\/wp\/v2\/comments?post=46829"}],"version-history":[{"count":1,"href":"https:\/\/www.urlaubcornwall.de\/blog\/wp-json\/wp\/v2\/pages\/46829\/revisions"}],"predecessor-version":[{"id":46833,"href":"https:\/\/www.urlaubcornwall.de\/blog\/wp-json\/wp\/v2\/pages\/46829\/revisions\/46833"}],"wp:attachment":[{"href":"https:\/\/www.urlaubcornwall.de\/blog\/wp-json\/wp\/v2\/media?parent=46829"}],"curies":[{"name":"wp","href":"https:\/\/api.w.org\/{rel}","templated":true}]}}