{"id":46827,"date":"2023-07-18T10:43:35","date_gmt":"2023-07-18T10:43:35","guid":{"rendered":"https:\/\/www.urlaubcornwall.de\/blog\/?page_id=46827"},"modified":"2024-04-15T14:48:44","modified_gmt":"2024-04-15T14:48:44","slug":"urlaub-in-schottland-highlands-unsere-top-10-tipps-mit-kindern","status":"publish","type":"page","link":"https:\/\/www.urlaubcornwall.de\/blog\/urlaub-in-schottland-highlands-unsere-top-10-tipps-mit-kindern\/","title":{"rendered":"Urlaub in Schottland Highlands \u2013 unsere Top 10 Tipps mit Kindern"},"content":{"rendered":"<p><img loading=\"lazy\" class=\"aligncenter size-full wp-image-25406\" src=\"https:\/\/www.urlaubcornwall.de\/blog\/wp-content\/uploads\/2016\/11\/urlaub-Loch-ness.jpg\" alt=\"urlaub Drumnadrochit loch ness\" width=\"750\" height=\"370\"\/><\/p>\n<p>Die <a href=\"https:\/\/www.urlaubcornwall.de\/reiseziel\/schottland.php\">schottischen Highlands<\/a> sind ein lohnendes Ziel f\u00fcr einen Aktivurlaub mit der Familie. Von der Natur bis zu spannenden Ausflugszielen ist hier alles geboten. Unsere Top 10 Highlights f\u00fcr Familien:<\/p>\n<p>Besucht Loch Ness. <a href=\"https:\/\/www.urlaubcornwall.de\/blog\/urlaub-in-inverness-sehenswuerdigkeiten-geschichte-und-unterkunft\/\">Loch Ness ist eines der bekanntesten und beliebtesten Touristenziele in Schottland<\/a>. Es ist ein riesiger See, der von Legenden umgeben ist. Wer wei\u00df, vielleicht sehen Sie ja sogar das Ungeheuer Nessie!<\/p>\n<p>Macht einen Wanderausflug. Die Highlands bieten viele sch\u00f6ne Wanderwege f\u00fcr alle Altersgruppen. So k\u00f6nnen Sie die atemberaubende Landschaft aus der N\u00e4he erleben.<\/p>\n<p>Besucht eine Burg &#8211; In den Highlands gibt es viele Burgen, die zu einem Besuch einladen. So k\u00f6nnen Sie mehr \u00fcber die Geschichte Schottlands erfahren.<\/p>\n<p>Macht eine Schifffahrt &#8211; Es gibt viele verschiedene Schifffahrten, die Sie auf den schottischen Seen und Fl\u00fcssen unternehmen k\u00f6nnen. So k\u00f6nnen Sie die Landschaft aus einer anderen Perspektive genie\u00dfen.<\/p>\n<p><a href=\"https:\/\/www.urlaubcornwall.de\/blog\/wp-content\/uploads\/2024\/03\/scottish-dancing.jpg\"><img loading=\"lazy\" src=\"https:\/\/www.urlaubcornwall.de\/blog\/wp-content\/uploads\/2024\/03\/scottish-dancing.jpg\" alt=\"scottish dancing\" width=\"750\" height=\"500\" class=\"alignnone size-full wp-image-47840\" srcset=\"https:\/\/www.urlaubcornwall.de\/blog\/wp-content\/uploads\/2024\/03\/scottish-dancing.jpg 750w, https:\/\/www.urlaubcornwall.de\/blog\/wp-content\/uploads\/2024\/03\/scottish-dancing-300x200.jpg 300w\" sizes=\"(max-width: 750px) 100vw, 750px\" \/><\/a><\/p>\n<p>Besucht ein Highland Games Festival &#8211; Highland Games sind ein traditionelles schottisches Festival, bei dem verschiedene Wettk\u00e4mpfe ausgetragen werden. So k\u00f6nnen Sie die schottische Kultur hautnah erleben.<\/p>\n<p>Reitet auf einem Hochlandpferd &#8211; Hochlandpferde sind eine besondere Rasse von Pferden, die in den Highlands zu Hause sind. Sie k\u00f6nnen hier eine Reittour unternehmen und die Landschaft aus der Sattelperspektive genie\u00dfen.<\/p>\n<p>Macht einen Besuch in einem Tierpark &#8211; In den Highlands gibt es viele Tierparks, in denen Sie verschiedene Tiere aus aller Welt sehen k\u00f6nnen. So k\u00f6nnen Sie Ihren Kindern die Natur n\u00e4herbringen.<\/p>\n<p>Besucht ein Museum &#8211; In den Highlands gibt es viele Museen, die Sie besuchen k\u00f6nnen. So erfahren Sie mehr \u00fcber die <a href=\"https:\/\/www.urlaubcornwall.de\/blog\/kulturerbetouren-in-schottland\/\">Geschichte, Kultur<\/a> und <a href=\"https:\/\/www.urlaubcornwall.de\/blog\/was-sind-die-fuenf-naturwunder-schottlands\/\">Natur Schottlands<\/a>.<\/p>\n<p>Genie\u00dft die Gastfreundlichkeit der Schotten &#8211; Die Schotten sind bekannt f\u00fcr ihre Gastfreundschaft. So werden Sie sich in den Highlands sicher wohlf\u00fchlen.<\/p>\n<h1>Unser Rundreisenservice in Schottland<\/h1>\n<p>Weshalb \u00fcber uns buchen?<\/p>\n<p>Firmensitz in Cornwall und ein Team Deutsch sprechender Reisespezialisten.<\/p>\n<p>Wir haben eine Leidenschaft f\u00fcrs Reisen und gestalten den perfekten Urlaub.<\/p>\n<p>Ortskenntnisse und Insidertipps f\u00fcr unsere Kunden.<\/p>\n<p>Sonderangebote und Preisnachl\u00e4sse<\/p>\n<p>S\u00e4mtliche unserer Rundreisen sind durch einen voll versicherten deutschen Reiseveranstalter gesichert.<\/p>\n<p style=\"text-align: center;\"><a class=\"tidycta\" href=\"https:\/\/www.urlaubcornwall.de\/blog\/rundreisen-schottland\/\"> Mehr Info<\/a><\/p>\n<div class=\"snippet\"> <a class=\"featured-item\" href=\" https:\/\/www.urlaubcornwall.de\/ferienhaeuser\/schottland.php\"> <span class=\"image-holder\" style=\"background-image: url(' https:\/\/www.urlaubcornwall.de\/blog\/wp-content\/uploads\/2019\/01\/urlaub-schottland-highlands-1.jpg ');\"><\/span> <span class=\"featured-content\"> \n<h2 class=\"featured-title\">Bei uns finden Sie Ferienh\u00e4user in Schottland zum Verlieben!<\/h2>\n<p class=\"featured-body\">Untenstehend finden Sie eine Auswahl an Ferienh\u00e4usern in Schottland. Hier finden Sie pers\u00f6nlich inspizierte Cottages entlang der schottischen K\u00fcste, in den schottischen Highlands und auf den Inseln&#8230;..<\/p>\n<\/span> <span class=\"featured-link-holder\"> <span class=\"featured-extra-info\"> \n<p>F\u00fcr Paare, Familien &#038; Gruppen<\/p>\n<\/span> \n<p class=\"featured-link\">DETAILS<\/p>\n<\/span> <\/a><\/div>\n","protected":false},"excerpt":{"rendered":"<p>Die schottischen Highlands sind ein lohnendes Ziel f\u00fcr einen Aktivurlaub mit der Familie. Von der Natur bis zu spannenden Ausflugszielen ist hier alles geboten. Unsere Top 10 Highlights f\u00fcr Familien: Besucht Loch Ness. Loch Ness ist eines der bekanntesten und beliebtesten Touristenziele in Schottland. Es ist ein riesiger See, der von Legenden umgeben ist. Wer [&hellip;]<\/p>\n","protected":false},"author":1,"featured_media":0,"parent":0,"menu_order":0,"comment_status":"closed","ping_status":"closed","template":"single-four.php","meta":[],"acf":[],"yoast_head":"<!-- This site is optimized with the Yoast SEO plugin v19.4 - https:\/\/yoast.com\/wordpress\/plugins\/seo\/ -->\n<title>Urlaub in Schottland Highlands \u2013 unsere Top 10 Tipps mit Kindern - Urlaub &amp; Reisen<\/title>\n<meta name=\"robots\" content=\"index, follow, max-snippet:-1, max-image-preview:large, max-video-preview:-1\" \/>\n<link rel=\"canonical\" href=\"https:\/\/www.urlaubcornwall.de\/blog\/urlaub-in-schottland-highlands-unsere-top-10-tipps-mit-kindern\/\" \/>\n<meta property=\"og:locale\" content=\"en_US\" \/>\n<meta property=\"og:type\" content=\"article\" \/>\n<meta property=\"og:title\" content=\"Urlaub in Schottland Highlands \u2013 unsere Top 10 Tipps mit Kindern - Urlaub &amp; Reisen\" \/>\n<meta property=\"og:description\" content=\"Die schottischen Highlands sind ein lohnendes Ziel f\u00fcr einen Aktivurlaub mit der Familie. Von der Natur bis zu spannenden Ausflugszielen ist hier alles geboten. Unsere Top 10 Highlights f\u00fcr Familien: Besucht Loch Ness. Loch Ness ist eines der bekanntesten und beliebtesten Touristenziele in Schottland. Es ist ein riesiger See, der von Legenden umgeben ist. Wer [&hellip;]\" \/>\n<meta property=\"og:url\" content=\"https:\/\/www.urlaubcornwall.de\/blog\/urlaub-in-schottland-highlands-unsere-top-10-tipps-mit-kindern\/\" \/>\n<meta property=\"og:site_name\" content=\"Urlaub &amp; Reisen\" \/>\n<meta property=\"article:modified_time\" content=\"2024-04-15T14:48:44+00:00\" \/>\n<meta property=\"og:image\" content=\"https:\/\/www.urlaubcornwall.de\/blog\/wp-content\/uploads\/2016\/11\/urlaub-Loch-ness.jpg\" \/>\n<meta name=\"twitter:card\" content=\"summary\" \/>\n<meta name=\"twitter:label1\" content=\"Est. reading time\" \/>\n\t<meta name=\"twitter:data1\" content=\"2 minutes\" \/>\n<script type=\"application\/ld+json\" class=\"yoast-schema-graph\">{\"@context\":\"https:\/\/schema.org\",\"@graph\":[{\"@type\":\"WebSite\",\"@id\":\"https:\/\/www.urlaubcornwall.de\/blog\/#website\",\"url\":\"https:\/\/www.urlaubcornwall.de\/blog\/\",\"name\":\"Urlaub &amp; Reisen\",\"description\":\"Urlaub, Reisen, Cornwall und S\u00fcdengland: eine perfekte Kombination\",\"potentialAction\":[{\"@type\":\"SearchAction\",\"target\":{\"@type\":\"EntryPoint\",\"urlTemplate\":\"https:\/\/www.urlaubcornwall.de\/blog\/?s={search_term_string}\"},\"query-input\":\"required name=search_term_string\"}],\"inLanguage\":\"en-US\"},{\"@type\":\"WebPage\",\"@id\":\"https:\/\/www.urlaubcornwall.de\/blog\/urlaub-in-schottland-highlands-unsere-top-10-tipps-mit-kindern\/\",\"url\":\"https:\/\/www.urlaubcornwall.de\/blog\/urlaub-in-schottland-highlands-unsere-top-10-tipps-mit-kindern\/\",\"name\":\"Urlaub in Schottland Highlands \u2013 unsere Top 10 Tipps mit Kindern - Urlaub &amp; Reisen\",\"isPartOf\":{\"@id\":\"https:\/\/www.urlaubcornwall.de\/blog\/#website\"},\"datePublished\":\"2023-07-18T10:43:35+00:00\",\"dateModified\":\"2024-04-15T14:48:44+00:00\",\"breadcrumb\":{\"@id\":\"https:\/\/www.urlaubcornwall.de\/blog\/urlaub-in-schottland-highlands-unsere-top-10-tipps-mit-kindern\/#breadcrumb\"},\"inLanguage\":\"en-US\",\"potentialAction\":[{\"@type\":\"ReadAction\",\"target\":[\"https:\/\/www.urlaubcornwall.de\/blog\/urlaub-in-schottland-highlands-unsere-top-10-tipps-mit-kindern\/\"]}]},{\"@type\":\"BreadcrumbList\",\"@id\":\"https:\/\/www.urlaubcornwall.de\/blog\/urlaub-in-schottland-highlands-unsere-top-10-tipps-mit-kindern\/#breadcrumb\",\"itemListElement\":[{\"@type\":\"ListItem\",\"position\":1,\"name\":\"Home\",\"item\":\"https:\/\/www.urlaubcornwall.de\/blog\/\"},{\"@type\":\"ListItem\",\"position\":2,\"name\":\"Urlaub in Schottland Highlands \u2013 unsere Top 10 Tipps mit Kindern\"}]}]}<\/script>\n<!-- \/ Yoast SEO plugin. -->","yoast_head_json":{"title":"Urlaub in Schottland Highlands \u2013 unsere Top 10 Tipps mit Kindern - Urlaub &amp; Reisen","robots":{"index":"index","follow":"follow","max-snippet":"max-snippet:-1","max-image-preview":"max-image-preview:large","max-video-preview":"max-video-preview:-1"},"canonical":"https:\/\/www.urlaubcornwall.de\/blog\/urlaub-in-schottland-highlands-unsere-top-10-tipps-mit-kindern\/","og_locale":"en_US","og_type":"article","og_title":"Urlaub in Schottland Highlands \u2013 unsere Top 10 Tipps mit Kindern - Urlaub &amp; Reisen","og_description":"Die schottischen Highlands sind ein lohnendes Ziel f\u00fcr einen Aktivurlaub mit der Familie. Von der Natur bis zu spannenden Ausflugszielen ist hier alles geboten. Unsere Top 10 Highlights f\u00fcr Familien: Besucht Loch Ness. Loch Ness ist eines der bekanntesten und beliebtesten Touristenziele in Schottland. Es ist ein riesiger See, der von Legenden umgeben ist. Wer [&hellip;]","og_url":"https:\/\/www.urlaubcornwall.de\/blog\/urlaub-in-schottland-highlands-unsere-top-10-tipps-mit-kindern\/","og_site_name":"Urlaub &amp; Reisen","article_modified_time":"2024-04-15T14:48:44+00:00","og_image":[{"url":"https:\/\/www.urlaubcornwall.de\/blog\/wp-content\/uploads\/2016\/11\/urlaub-Loch-ness.jpg"}],"twitter_card":"summary","twitter_misc":{"Est. reading time":"2 minutes"},"schema":{"@context":"https:\/\/schema.org","@graph":[{"@type":"WebSite","@id":"https:\/\/www.urlaubcornwall.de\/blog\/#website","url":"https:\/\/www.urlaubcornwall.de\/blog\/","name":"Urlaub &amp; Reisen","description":"Urlaub, Reisen, Cornwall und S\u00fcdengland: eine perfekte Kombination","potentialAction":[{"@type":"SearchAction","target":{"@type":"EntryPoint","urlTemplate":"https:\/\/www.urlaubcornwall.de\/blog\/?s={search_term_string}"},"query-input":"required name=search_term_string"}],"inLanguage":"en-US"},{"@type":"WebPage","@id":"https:\/\/www.urlaubcornwall.de\/blog\/urlaub-in-schottland-highlands-unsere-top-10-tipps-mit-kindern\/","url":"https:\/\/www.urlaubcornwall.de\/blog\/urlaub-in-schottland-highlands-unsere-top-10-tipps-mit-kindern\/","name":"Urlaub in Schottland Highlands \u2013 unsere Top 10 Tipps mit Kindern - Urlaub &amp; Reisen","isPartOf":{"@id":"https:\/\/www.urlaubcornwall.de\/blog\/#website"},"datePublished":"2023-07-18T10:43:35+00:00","dateModified":"2024-04-15T14:48:44+00:00","breadcrumb":{"@id":"https:\/\/www.urlaubcornwall.de\/blog\/urlaub-in-schottland-highlands-unsere-top-10-tipps-mit-kindern\/#breadcrumb"},"inLanguage":"en-US","potentialAction":[{"@type":"ReadAction","target":["https:\/\/www.urlaubcornwall.de\/blog\/urlaub-in-schottland-highlands-unsere-top-10-tipps-mit-kindern\/"]}]},{"@type":"BreadcrumbList","@id":"https:\/\/www.urlaubcornwall.de\/blog\/urlaub-in-schottland-highlands-unsere-top-10-tipps-mit-kindern\/#breadcrumb","itemListElement":[{"@type":"ListItem","position":1,"name":"Home","item":"https:\/\/www.urlaubcornwall.de\/blog\/"},{"@type":"ListItem","position":2,"name":"Urlaub in Schottland Highlands \u2013 unsere Top 10 Tipps mit Kindern"}]}]}},"_links":{"self":[{"href":"https:\/\/www.urlaubcornwall.de\/blog\/wp-json\/wp\/v2\/pages\/46827"}],"collection":[{"href":"https:\/\/www.urlaubcornwall.de\/blog\/wp-json\/wp\/v2\/pages"}],"about":[{"href":"https:\/\/www.urlaubcornwall.de\/blog\/wp-json\/wp\/v2\/types\/page"}],"author":[{"embeddable":true,"href":"https:\/\/www.urlaubcornwall.de\/blog\/wp-json\/wp\/v2\/users\/1"}],"replies":[{"embeddable":true,"href":"https:\/\/www.urlaubcornwall.de\/blog\/wp-json\/wp\/v2\/comments?post=46827"}],"version-history":[{"count":4,"href":"https:\/\/www.urlaubcornwall.de\/blog\/wp-json\/wp\/v2\/pages\/46827\/revisions"}],"predecessor-version":[{"id":49617,"href":"https:\/\/www.urlaubcornwall.de\/blog\/wp-json\/wp\/v2\/pages\/46827\/revisions\/49617"}],"wp:attachment":[{"href":"https:\/\/www.urlaubcornwall.de\/blog\/wp-json\/wp\/v2\/media?parent=46827"}],"curies":[{"name":"wp","href":"https:\/\/api.w.org\/{rel}","templated":true}]}}