{"id":46819,"date":"2023-07-18T09:32:41","date_gmt":"2023-07-18T09:32:41","guid":{"rendered":"https:\/\/www.urlaubcornwall.de\/blog\/?page_id=46819"},"modified":"2024-04-03T12:36:00","modified_gmt":"2024-04-03T12:36:00","slug":"wo-in-county-wexford-urlaub-machen","status":"publish","type":"page","link":"https:\/\/www.urlaubcornwall.de\/blog\/wo-in-county-wexford-urlaub-machen\/","title":{"rendered":"Wo in County Wexford Urlaub machen?"},"content":{"rendered":"<p><img loading=\"lazy\" class=\"aligncenter size-full wp-image-48824\" src=\"https:\/\/www.urlaubcornwall.de\/blog\/wp-content\/uploads\/2024\/04\/wexord-strand.jpg\" alt=\"wexford strand\" width=\"750\" height=\"500\" srcset=\"https:\/\/www.urlaubcornwall.de\/blog\/wp-content\/uploads\/2024\/04\/wexord-strand.jpg 750w, https:\/\/www.urlaubcornwall.de\/blog\/wp-content\/uploads\/2024\/04\/wexord-strand-300x200.jpg 300w\" sizes=\"(max-width: 750px) 100vw, 750px\" \/><\/p>\n<p>County Wexford an der <a href=\"https:\/\/www.urlaubcornwall.de\/blog\/erleben-sie-irland-die-emerald-insel\/\">S\u00fcdostk\u00fcste Irlands<\/a> bietet viele sch\u00f6ne Orte f\u00fcr einen Urlaub. Hier sind einige Empfehlungen f\u00fcr einen Aufenthalt in Wexford:<\/p>\n<p>Wexford Town: Die malerische Hauptstadt von Wexford verf\u00fcgt \u00fcber eine h\u00fcbsche Altstadt mit engen Gassen und vielen traditionellen Pubs und Restaurants. Sehenswert sind die Oper und das National Heritage Park. Von hier aus lassen sich auch sch\u00f6ne Tagesausfl\u00fcge unternehmen.<\/p>\n<p>Kilmore Quay: Das h\u00fcbsche Fischerd\u00f6rfchen bietet traditionellen Charme und einen kleinen Hafen. Hier k\u00f6nnen Sie frischen Fisch direkt von den Fischern kaufen. Entspannte Strandspazierg\u00e4nge in der malerischen Umgebung sind ein Highlight.<\/p>\n<p>Curracloe Beach: Der \u00fcber 10 km lange Sandstrand ist einer der sch\u00f6nsten Str\u00e4nde Irlands. Perfekt zum Spazierengehen, Schwimmen oder f\u00fcr Wassersportarten wie Surfen. Besonders spektakul\u00e4r ist der Blick auf den langgezogenen Strand von den Klippen aus.<\/p>\n<p>Hook Peninsula: Die Halbinsel im S\u00fcden der Grafschaft punktet mit zerkl\u00fcfteten Steilk\u00fcsten, einsamen Str\u00e4nden und dem Leuchtturm Hook Lighthouse. Ein idealer Ort f\u00fcr einen ruhigen Urlaub in intakter Natur.<\/p>\n<p>Enniscorthy: Die historische Stadt mit imposanter Kathedrale bietet ein sehenswertes Stadtzentrum und eine malerische Lage am Fluss Slaney. Ein guter Ausgangspunkt f\u00fcr Wanderungen in der picturesken Umgebung.<\/p>\n<h1>Unser Rundreisenservice in Irland<\/h1>\n<p>Weshalb \u00fcber uns buchen?<\/p>\n<p>Firmensitz in Cornwall und ein Team Deutsch sprechender Reisespezialisten.<\/p>\n<p>Wir haben eine Leidenschaft f\u00fcrs Reisen und gestalten den perfekten Urlaub.<\/p>\n<p>Ortskenntnisse und Insidertipps f\u00fcr unsere Kunden.<\/p>\n<p>Sonderangebote und Preisnachl\u00e4sse<\/p>\n<p>S\u00e4mtliche unserer Rundreisen sind durch einen voll versicherten deutschen Reiseveranstalter gesichert.<\/p>\n<p style=\"text-align: center;\"><a class=\"tidycta\" href=\"https:\/\/www.urlaubcornwall.de\/blog\/rundreisen-irland\/\"> Mehr Info<\/a><\/p>\n","protected":false},"excerpt":{"rendered":"<p>County Wexford an der S\u00fcdostk\u00fcste Irlands bietet viele sch\u00f6ne Orte f\u00fcr einen Urlaub. Hier sind einige Empfehlungen f\u00fcr einen Aufenthalt in Wexford: Wexford Town: Die malerische Hauptstadt von Wexford verf\u00fcgt \u00fcber eine h\u00fcbsche Altstadt mit engen Gassen und vielen traditionellen Pubs und Restaurants. Sehenswert sind die Oper und das National Heritage Park. Von hier aus [&hellip;]<\/p>\n","protected":false},"author":1,"featured_media":0,"parent":0,"menu_order":0,"comment_status":"closed","ping_status":"closed","template":"single-four.php","meta":[],"acf":[],"yoast_head":"<!-- This site is optimized with the Yoast SEO plugin v19.4 - https:\/\/yoast.com\/wordpress\/plugins\/seo\/ -->\n<title>Wo in County Wexford Urlaub machen? - Urlaub &amp; Reisen<\/title>\n<meta name=\"robots\" content=\"index, follow, max-snippet:-1, max-image-preview:large, max-video-preview:-1\" \/>\n<link rel=\"canonical\" href=\"https:\/\/www.urlaubcornwall.de\/blog\/wo-in-county-wexford-urlaub-machen\/\" \/>\n<meta property=\"og:locale\" content=\"en_US\" \/>\n<meta property=\"og:type\" content=\"article\" \/>\n<meta property=\"og:title\" content=\"Wo in County Wexford Urlaub machen? - Urlaub &amp; Reisen\" \/>\n<meta property=\"og:description\" content=\"County Wexford an der S\u00fcdostk\u00fcste Irlands bietet viele sch\u00f6ne Orte f\u00fcr einen Urlaub. Hier sind einige Empfehlungen f\u00fcr einen Aufenthalt in Wexford: Wexford Town: Die malerische Hauptstadt von Wexford verf\u00fcgt \u00fcber eine h\u00fcbsche Altstadt mit engen Gassen und vielen traditionellen Pubs und Restaurants. Sehenswert sind die Oper und das National Heritage Park. Von hier aus [&hellip;]\" \/>\n<meta property=\"og:url\" content=\"https:\/\/www.urlaubcornwall.de\/blog\/wo-in-county-wexford-urlaub-machen\/\" \/>\n<meta property=\"og:site_name\" content=\"Urlaub &amp; Reisen\" \/>\n<meta property=\"article:modified_time\" content=\"2024-04-03T12:36:00+00:00\" \/>\n<meta property=\"og:image\" content=\"https:\/\/www.urlaubcornwall.de\/blog\/wp-content\/uploads\/2024\/04\/wexord-strand.jpg\" \/>\n<meta name=\"twitter:card\" content=\"summary\" \/>\n<meta name=\"twitter:label1\" content=\"Est. reading time\" \/>\n\t<meta name=\"twitter:data1\" content=\"2 minutes\" \/>\n<script type=\"application\/ld+json\" class=\"yoast-schema-graph\">{\"@context\":\"https:\/\/schema.org\",\"@graph\":[{\"@type\":\"WebSite\",\"@id\":\"https:\/\/www.urlaubcornwall.de\/blog\/#website\",\"url\":\"https:\/\/www.urlaubcornwall.de\/blog\/\",\"name\":\"Urlaub &amp; Reisen\",\"description\":\"Urlaub, Reisen, Cornwall und S\u00fcdengland: eine perfekte Kombination\",\"potentialAction\":[{\"@type\":\"SearchAction\",\"target\":{\"@type\":\"EntryPoint\",\"urlTemplate\":\"https:\/\/www.urlaubcornwall.de\/blog\/?s={search_term_string}\"},\"query-input\":\"required name=search_term_string\"}],\"inLanguage\":\"en-US\"},{\"@type\":\"WebPage\",\"@id\":\"https:\/\/www.urlaubcornwall.de\/blog\/wo-in-county-wexford-urlaub-machen\/\",\"url\":\"https:\/\/www.urlaubcornwall.de\/blog\/wo-in-county-wexford-urlaub-machen\/\",\"name\":\"Wo in County Wexford Urlaub machen? - Urlaub &amp; Reisen\",\"isPartOf\":{\"@id\":\"https:\/\/www.urlaubcornwall.de\/blog\/#website\"},\"datePublished\":\"2023-07-18T09:32:41+00:00\",\"dateModified\":\"2024-04-03T12:36:00+00:00\",\"breadcrumb\":{\"@id\":\"https:\/\/www.urlaubcornwall.de\/blog\/wo-in-county-wexford-urlaub-machen\/#breadcrumb\"},\"inLanguage\":\"en-US\",\"potentialAction\":[{\"@type\":\"ReadAction\",\"target\":[\"https:\/\/www.urlaubcornwall.de\/blog\/wo-in-county-wexford-urlaub-machen\/\"]}]},{\"@type\":\"BreadcrumbList\",\"@id\":\"https:\/\/www.urlaubcornwall.de\/blog\/wo-in-county-wexford-urlaub-machen\/#breadcrumb\",\"itemListElement\":[{\"@type\":\"ListItem\",\"position\":1,\"name\":\"Home\",\"item\":\"https:\/\/www.urlaubcornwall.de\/blog\/\"},{\"@type\":\"ListItem\",\"position\":2,\"name\":\"Wo in County Wexford Urlaub machen?\"}]}]}<\/script>\n<!-- \/ Yoast SEO plugin. -->","yoast_head_json":{"title":"Wo in County Wexford Urlaub machen? - Urlaub &amp; Reisen","robots":{"index":"index","follow":"follow","max-snippet":"max-snippet:-1","max-image-preview":"max-image-preview:large","max-video-preview":"max-video-preview:-1"},"canonical":"https:\/\/www.urlaubcornwall.de\/blog\/wo-in-county-wexford-urlaub-machen\/","og_locale":"en_US","og_type":"article","og_title":"Wo in County Wexford Urlaub machen? - Urlaub &amp; Reisen","og_description":"County Wexford an der S\u00fcdostk\u00fcste Irlands bietet viele sch\u00f6ne Orte f\u00fcr einen Urlaub. Hier sind einige Empfehlungen f\u00fcr einen Aufenthalt in Wexford: Wexford Town: Die malerische Hauptstadt von Wexford verf\u00fcgt \u00fcber eine h\u00fcbsche Altstadt mit engen Gassen und vielen traditionellen Pubs und Restaurants. Sehenswert sind die Oper und das National Heritage Park. Von hier aus [&hellip;]","og_url":"https:\/\/www.urlaubcornwall.de\/blog\/wo-in-county-wexford-urlaub-machen\/","og_site_name":"Urlaub &amp; Reisen","article_modified_time":"2024-04-03T12:36:00+00:00","og_image":[{"url":"https:\/\/www.urlaubcornwall.de\/blog\/wp-content\/uploads\/2024\/04\/wexord-strand.jpg"}],"twitter_card":"summary","twitter_misc":{"Est. reading time":"2 minutes"},"schema":{"@context":"https:\/\/schema.org","@graph":[{"@type":"WebSite","@id":"https:\/\/www.urlaubcornwall.de\/blog\/#website","url":"https:\/\/www.urlaubcornwall.de\/blog\/","name":"Urlaub &amp; Reisen","description":"Urlaub, Reisen, Cornwall und S\u00fcdengland: eine perfekte Kombination","potentialAction":[{"@type":"SearchAction","target":{"@type":"EntryPoint","urlTemplate":"https:\/\/www.urlaubcornwall.de\/blog\/?s={search_term_string}"},"query-input":"required name=search_term_string"}],"inLanguage":"en-US"},{"@type":"WebPage","@id":"https:\/\/www.urlaubcornwall.de\/blog\/wo-in-county-wexford-urlaub-machen\/","url":"https:\/\/www.urlaubcornwall.de\/blog\/wo-in-county-wexford-urlaub-machen\/","name":"Wo in County Wexford Urlaub machen? - Urlaub &amp; Reisen","isPartOf":{"@id":"https:\/\/www.urlaubcornwall.de\/blog\/#website"},"datePublished":"2023-07-18T09:32:41+00:00","dateModified":"2024-04-03T12:36:00+00:00","breadcrumb":{"@id":"https:\/\/www.urlaubcornwall.de\/blog\/wo-in-county-wexford-urlaub-machen\/#breadcrumb"},"inLanguage":"en-US","potentialAction":[{"@type":"ReadAction","target":["https:\/\/www.urlaubcornwall.de\/blog\/wo-in-county-wexford-urlaub-machen\/"]}]},{"@type":"BreadcrumbList","@id":"https:\/\/www.urlaubcornwall.de\/blog\/wo-in-county-wexford-urlaub-machen\/#breadcrumb","itemListElement":[{"@type":"ListItem","position":1,"name":"Home","item":"https:\/\/www.urlaubcornwall.de\/blog\/"},{"@type":"ListItem","position":2,"name":"Wo in County Wexford Urlaub machen?"}]}]}},"_links":{"self":[{"href":"https:\/\/www.urlaubcornwall.de\/blog\/wp-json\/wp\/v2\/pages\/46819"}],"collection":[{"href":"https:\/\/www.urlaubcornwall.de\/blog\/wp-json\/wp\/v2\/pages"}],"about":[{"href":"https:\/\/www.urlaubcornwall.de\/blog\/wp-json\/wp\/v2\/types\/page"}],"author":[{"embeddable":true,"href":"https:\/\/www.urlaubcornwall.de\/blog\/wp-json\/wp\/v2\/users\/1"}],"replies":[{"embeddable":true,"href":"https:\/\/www.urlaubcornwall.de\/blog\/wp-json\/wp\/v2\/comments?post=46819"}],"version-history":[{"count":4,"href":"https:\/\/www.urlaubcornwall.de\/blog\/wp-json\/wp\/v2\/pages\/46819\/revisions"}],"predecessor-version":[{"id":48826,"href":"https:\/\/www.urlaubcornwall.de\/blog\/wp-json\/wp\/v2\/pages\/46819\/revisions\/48826"}],"wp:attachment":[{"href":"https:\/\/www.urlaubcornwall.de\/blog\/wp-json\/wp\/v2\/media?parent=46819"}],"curies":[{"name":"wp","href":"https:\/\/api.w.org\/{rel}","templated":true}]}}