{"id":46815,"date":"2023-07-17T10:53:23","date_gmt":"2023-07-17T10:53:23","guid":{"rendered":"https:\/\/www.urlaubcornwall.de\/blog\/?page_id=46815"},"modified":"2023-07-17T10:53:23","modified_gmt":"2023-07-17T10:53:23","slug":"abenteuertouren-in-wales","status":"publish","type":"page","link":"https:\/\/www.urlaubcornwall.de\/blog\/abenteuertouren-in-wales\/","title":{"rendered":"Abenteuertouren in Wales: Die besten Aktivit\u00e4ten f\u00fcr Action-Liebhaber"},"content":{"rendered":"<p><img loading=\"lazy\" class=\"aligncenter size-full wp-image-34751\" src=\"https:\/\/www.urlaubcornwall.de\/blog\/wp-content\/uploads\/2018\/12\/wales-strand-mit-hund.jpg\" alt=\"Abenteuertouren wales\" width=\"747\" height=\"394\" srcset=\"https:\/\/www.urlaubcornwall.de\/blog\/wp-content\/uploads\/2018\/12\/wales-strand-mit-hund.jpg 747w, https:\/\/www.urlaubcornwall.de\/blog\/wp-content\/uploads\/2018\/12\/wales-strand-mit-hund-300x158.jpg 300w\" sizes=\"(max-width: 747px) 100vw, 747px\" \/><\/p>\n<p><a href=\"https:\/\/www.urlaubcornwall.de\/reiseziel\/wales.php\">Wales ist ein Land mit einer vielf\u00e4ltigen Landschaft<\/a>, das f\u00fcr seine Abenteuertouren bekannt ist. Von Wandern und Radfahren bis hin zu Rafting und Canyoning gibt es f\u00fcr jeden etwas zu bieten.<\/p>\n<p>Hier sind einige Beispiele f\u00fcr Sehensw\u00fcrdigkeiten und Aktivit\u00e4ten, die Sie in <a href=\"https:\/\/www.urlaubcornwall.de\/reiseziel\/wales.php\">Wales<\/a> erleben k\u00f6nnen:<\/p>\n<p><strong>Wandern:<\/strong> Wales ist ein Paradies f\u00fcr Wanderer. Es gibt unz\u00e4hlige Wanderwege f\u00fcr alle K\u00f6nnerstufen, von einfachen Spazierg\u00e4ngen bis hin zu anspruchsvollen Bergtouren. Einige beliebte Wanderwege sind der Snowdon Mountain Railway, der Pen-y-Fan Trail und der Pembrokeshire Coast Path.<\/p>\n<p><strong>Radfahren:<\/strong> Wales ist auch ein beliebtes Ziel f\u00fcr Radfahrer. Es gibt viele Radwege, die durch die wundersch\u00f6ne Landschaft des Landes f\u00fchren. Einige beliebte Radwege sind der Offa&#8217;s Dyke Path, der Llyn Brianne Cycleway und der Taff Trail.<\/p>\n<p><strong>Rafting:<\/strong> Rafting ist eine beliebte Aktivit\u00e4t in Wales. Es gibt viele Fl\u00fcsse, die sich f\u00fcr Rafting eignen, darunter der River Wye und der River Dee. Einige beliebte Rafting-Touren sind die River Wye Gorge Rafting Tour und die River Dee Gorge Rafting Tour.<\/p>\n<p><strong>Canyoning:<\/strong> Canyoning ist eine weitere beliebte Aktivit\u00e4t in Wales. Es ist eine Kombination aus Klettern, Abseilen und Schwimmen in Schluchten. Einige beliebte Canyoning-Touren sind die Afon Ystwyth Canyoning Tour und die Afon Mellte Canyoning Tour.<\/p>\n<h1>Unser Rundreisenservice f\u00fcr Wales<\/h1>\n<p>Weshalb \u00fcber uns buchen?<\/p>\n<p>Firmensitz in Cornwall und ein Team Deutsch sprechender Reisespezialisten.<\/p>\n<p>Wir haben eine Leidenschaft f\u00fcrs Reisen und gestalten den perfekten Urlaub.<\/p>\n<p>Ortskenntnisse und Insidertipps f\u00fcr unsere Kunden.<\/p>\n<p>Sonderangebote und Preisnachl\u00e4sse<\/p>\n<p>S\u00e4mtliche unserer Rundreisen sind durch einen voll versicherten deutschen Reiseveranstalter gesichert.<\/p>\n<p style=\"text-align: center;\"><a class=\"tidycta\" href=\"https:\/\/www.urlaubcornwall.de\/blog\/rundreisen-england-wales\/\"> Mehr Info<\/a><\/p>\n<div class=\"snippet\"> <a class=\"featured-item\" href=\" https:\/\/www.urlaubcornwall.de\/ferienhaeuser\/wales.php\"> <span class=\"image-holder\" style=\"background-image: url(' https:\/\/www.urlaubcornwall.de\/blog\/wp-content\/uploads\/2018\/12\/busreisen-wales-england.jpg');\"><\/span> <span class=\"featured-content\"> \n<h2 class=\"featured-title\">Bei uns finden Sie Ferienh\u00e4user in Wales zum Verlieben!<\/h2>\n<p class=\"featured-body\">Untenstehend finden Sie eine Auswahl an Selbstversorger-Ferienh\u00e4usern in Wales. Hier finden Sie handverlesene, pers\u00f6nlich inspizierte Cottages entlang der walisischen K\u00fcste&#8230;..<\/p>\n<\/span> <span class=\"featured-link-holder\"> <span class=\"featured-extra-info\"> \n<p>F\u00fcr Paare, Familien &#038; Gruppen<\/p>\n<\/span> \n<p class=\"featured-link\">DETAILS<\/p>\n<\/span> <\/a><\/div>\n","protected":false},"excerpt":{"rendered":"<p>Wales ist ein Land mit einer vielf\u00e4ltigen Landschaft, das f\u00fcr seine Abenteuertouren bekannt ist. Von Wandern und Radfahren bis hin zu Rafting und Canyoning gibt es f\u00fcr jeden etwas zu bieten. Hier sind einige Beispiele f\u00fcr Sehensw\u00fcrdigkeiten und Aktivit\u00e4ten, die Sie in Wales erleben k\u00f6nnen: Wandern: Wales ist ein Paradies f\u00fcr Wanderer. Es gibt unz\u00e4hlige [&hellip;]<\/p>\n","protected":false},"author":1,"featured_media":0,"parent":0,"menu_order":0,"comment_status":"closed","ping_status":"closed","template":"single-four.php","meta":[],"acf":[],"yoast_head":"<!-- This site is optimized with the Yoast SEO plugin v19.4 - https:\/\/yoast.com\/wordpress\/plugins\/seo\/ -->\n<title>Abenteuertouren in Wales: Die besten Aktivit\u00e4ten f\u00fcr Action-Liebhaber - Urlaub &amp; Reisen<\/title>\n<meta name=\"robots\" content=\"index, follow, max-snippet:-1, max-image-preview:large, max-video-preview:-1\" \/>\n<link rel=\"canonical\" href=\"https:\/\/www.urlaubcornwall.de\/blog\/abenteuertouren-in-wales\/\" \/>\n<meta property=\"og:locale\" content=\"en_US\" \/>\n<meta property=\"og:type\" content=\"article\" \/>\n<meta property=\"og:title\" content=\"Abenteuertouren in Wales: Die besten Aktivit\u00e4ten f\u00fcr Action-Liebhaber - Urlaub &amp; Reisen\" \/>\n<meta property=\"og:description\" content=\"Wales ist ein Land mit einer vielf\u00e4ltigen Landschaft, das f\u00fcr seine Abenteuertouren bekannt ist. Von Wandern und Radfahren bis hin zu Rafting und Canyoning gibt es f\u00fcr jeden etwas zu bieten. Hier sind einige Beispiele f\u00fcr Sehensw\u00fcrdigkeiten und Aktivit\u00e4ten, die Sie in Wales erleben k\u00f6nnen: Wandern: Wales ist ein Paradies f\u00fcr Wanderer. Es gibt unz\u00e4hlige [&hellip;]\" \/>\n<meta property=\"og:url\" content=\"https:\/\/www.urlaubcornwall.de\/blog\/abenteuertouren-in-wales\/\" \/>\n<meta property=\"og:site_name\" content=\"Urlaub &amp; Reisen\" \/>\n<meta property=\"og:image\" content=\"https:\/\/www.urlaubcornwall.de\/blog\/wp-content\/uploads\/2018\/12\/wales-strand-mit-hund.jpg\" \/>\n<meta name=\"twitter:card\" content=\"summary\" \/>\n<meta name=\"twitter:label1\" content=\"Est. reading time\" \/>\n\t<meta name=\"twitter:data1\" content=\"2 minutes\" \/>\n<script type=\"application\/ld+json\" class=\"yoast-schema-graph\">{\"@context\":\"https:\/\/schema.org\",\"@graph\":[{\"@type\":\"WebSite\",\"@id\":\"https:\/\/www.urlaubcornwall.de\/blog\/#website\",\"url\":\"https:\/\/www.urlaubcornwall.de\/blog\/\",\"name\":\"Urlaub &amp; Reisen\",\"description\":\"Urlaub, Reisen, Cornwall und S\u00fcdengland: eine perfekte Kombination\",\"potentialAction\":[{\"@type\":\"SearchAction\",\"target\":{\"@type\":\"EntryPoint\",\"urlTemplate\":\"https:\/\/www.urlaubcornwall.de\/blog\/?s={search_term_string}\"},\"query-input\":\"required name=search_term_string\"}],\"inLanguage\":\"en-US\"},{\"@type\":\"WebPage\",\"@id\":\"https:\/\/www.urlaubcornwall.de\/blog\/abenteuertouren-in-wales\/\",\"url\":\"https:\/\/www.urlaubcornwall.de\/blog\/abenteuertouren-in-wales\/\",\"name\":\"Abenteuertouren in Wales: Die besten Aktivit\u00e4ten f\u00fcr Action-Liebhaber - Urlaub &amp; Reisen\",\"isPartOf\":{\"@id\":\"https:\/\/www.urlaubcornwall.de\/blog\/#website\"},\"datePublished\":\"2023-07-17T10:53:23+00:00\",\"dateModified\":\"2023-07-17T10:53:23+00:00\",\"breadcrumb\":{\"@id\":\"https:\/\/www.urlaubcornwall.de\/blog\/abenteuertouren-in-wales\/#breadcrumb\"},\"inLanguage\":\"en-US\",\"potentialAction\":[{\"@type\":\"ReadAction\",\"target\":[\"https:\/\/www.urlaubcornwall.de\/blog\/abenteuertouren-in-wales\/\"]}]},{\"@type\":\"BreadcrumbList\",\"@id\":\"https:\/\/www.urlaubcornwall.de\/blog\/abenteuertouren-in-wales\/#breadcrumb\",\"itemListElement\":[{\"@type\":\"ListItem\",\"position\":1,\"name\":\"Home\",\"item\":\"https:\/\/www.urlaubcornwall.de\/blog\/\"},{\"@type\":\"ListItem\",\"position\":2,\"name\":\"Abenteuertouren in Wales: Die besten Aktivit\u00e4ten f\u00fcr Action-Liebhaber\"}]}]}<\/script>\n<!-- \/ Yoast SEO plugin. -->","yoast_head_json":{"title":"Abenteuertouren in Wales: Die besten Aktivit\u00e4ten f\u00fcr Action-Liebhaber - Urlaub &amp; Reisen","robots":{"index":"index","follow":"follow","max-snippet":"max-snippet:-1","max-image-preview":"max-image-preview:large","max-video-preview":"max-video-preview:-1"},"canonical":"https:\/\/www.urlaubcornwall.de\/blog\/abenteuertouren-in-wales\/","og_locale":"en_US","og_type":"article","og_title":"Abenteuertouren in Wales: Die besten Aktivit\u00e4ten f\u00fcr Action-Liebhaber - Urlaub &amp; Reisen","og_description":"Wales ist ein Land mit einer vielf\u00e4ltigen Landschaft, das f\u00fcr seine Abenteuertouren bekannt ist. Von Wandern und Radfahren bis hin zu Rafting und Canyoning gibt es f\u00fcr jeden etwas zu bieten. Hier sind einige Beispiele f\u00fcr Sehensw\u00fcrdigkeiten und Aktivit\u00e4ten, die Sie in Wales erleben k\u00f6nnen: Wandern: Wales ist ein Paradies f\u00fcr Wanderer. Es gibt unz\u00e4hlige [&hellip;]","og_url":"https:\/\/www.urlaubcornwall.de\/blog\/abenteuertouren-in-wales\/","og_site_name":"Urlaub &amp; Reisen","og_image":[{"url":"https:\/\/www.urlaubcornwall.de\/blog\/wp-content\/uploads\/2018\/12\/wales-strand-mit-hund.jpg"}],"twitter_card":"summary","twitter_misc":{"Est. reading time":"2 minutes"},"schema":{"@context":"https:\/\/schema.org","@graph":[{"@type":"WebSite","@id":"https:\/\/www.urlaubcornwall.de\/blog\/#website","url":"https:\/\/www.urlaubcornwall.de\/blog\/","name":"Urlaub &amp; Reisen","description":"Urlaub, Reisen, Cornwall und S\u00fcdengland: eine perfekte Kombination","potentialAction":[{"@type":"SearchAction","target":{"@type":"EntryPoint","urlTemplate":"https:\/\/www.urlaubcornwall.de\/blog\/?s={search_term_string}"},"query-input":"required name=search_term_string"}],"inLanguage":"en-US"},{"@type":"WebPage","@id":"https:\/\/www.urlaubcornwall.de\/blog\/abenteuertouren-in-wales\/","url":"https:\/\/www.urlaubcornwall.de\/blog\/abenteuertouren-in-wales\/","name":"Abenteuertouren in Wales: Die besten Aktivit\u00e4ten f\u00fcr Action-Liebhaber - Urlaub &amp; Reisen","isPartOf":{"@id":"https:\/\/www.urlaubcornwall.de\/blog\/#website"},"datePublished":"2023-07-17T10:53:23+00:00","dateModified":"2023-07-17T10:53:23+00:00","breadcrumb":{"@id":"https:\/\/www.urlaubcornwall.de\/blog\/abenteuertouren-in-wales\/#breadcrumb"},"inLanguage":"en-US","potentialAction":[{"@type":"ReadAction","target":["https:\/\/www.urlaubcornwall.de\/blog\/abenteuertouren-in-wales\/"]}]},{"@type":"BreadcrumbList","@id":"https:\/\/www.urlaubcornwall.de\/blog\/abenteuertouren-in-wales\/#breadcrumb","itemListElement":[{"@type":"ListItem","position":1,"name":"Home","item":"https:\/\/www.urlaubcornwall.de\/blog\/"},{"@type":"ListItem","position":2,"name":"Abenteuertouren in Wales: Die besten Aktivit\u00e4ten f\u00fcr Action-Liebhaber"}]}]}},"_links":{"self":[{"href":"https:\/\/www.urlaubcornwall.de\/blog\/wp-json\/wp\/v2\/pages\/46815"}],"collection":[{"href":"https:\/\/www.urlaubcornwall.de\/blog\/wp-json\/wp\/v2\/pages"}],"about":[{"href":"https:\/\/www.urlaubcornwall.de\/blog\/wp-json\/wp\/v2\/types\/page"}],"author":[{"embeddable":true,"href":"https:\/\/www.urlaubcornwall.de\/blog\/wp-json\/wp\/v2\/users\/1"}],"replies":[{"embeddable":true,"href":"https:\/\/www.urlaubcornwall.de\/blog\/wp-json\/wp\/v2\/comments?post=46815"}],"version-history":[{"count":2,"href":"https:\/\/www.urlaubcornwall.de\/blog\/wp-json\/wp\/v2\/pages\/46815\/revisions"}],"predecessor-version":[{"id":46818,"href":"https:\/\/www.urlaubcornwall.de\/blog\/wp-json\/wp\/v2\/pages\/46815\/revisions\/46818"}],"wp:attachment":[{"href":"https:\/\/www.urlaubcornwall.de\/blog\/wp-json\/wp\/v2\/media?parent=46815"}],"curies":[{"name":"wp","href":"https:\/\/api.w.org\/{rel}","templated":true}]}}