{"id":46813,"date":"2023-07-17T10:28:35","date_gmt":"2023-07-17T10:28:35","guid":{"rendered":"https:\/\/www.urlaubcornwall.de\/blog\/?page_id=46813"},"modified":"2024-04-29T16:04:16","modified_gmt":"2024-04-29T16:04:16","slug":"suedengland-die-perfekte-rundreise-fuer-geschichtsinteressierte","status":"publish","type":"page","link":"https:\/\/www.urlaubcornwall.de\/blog\/suedengland-die-perfekte-rundreise-fuer-geschichtsinteressierte\/","title":{"rendered":"S\u00fcdengland: Die perfekte Rundreise f\u00fcr Geschichtsinteressierte"},"content":{"rendered":"<p><img loading=\"lazy\" class=\"aligncenter size-full wp-image-47986\" src=\"https:\/\/www.urlaubcornwall.de\/blog\/wp-content\/uploads\/2024\/03\/hever-castle.jpg\" alt=\"hever castle\" width=\"750\" height=\"500\" srcset=\"https:\/\/www.urlaubcornwall.de\/blog\/wp-content\/uploads\/2024\/03\/hever-castle.jpg 750w, https:\/\/www.urlaubcornwall.de\/blog\/wp-content\/uploads\/2024\/03\/hever-castle-300x200.jpg 300w\" sizes=\"(max-width: 750px) 100vw, 750px\" \/><\/p>\n<p>Die <a href=\"https:\/\/www.urlaubcornwall.de\/reiseziel\/suedengland.php\">K\u00fcste S\u00fcdenglands<\/a> ist eine wundersch\u00f6ne Region mit einer langen und reichen Geschichte. Hier finden Sie eine Vielzahl von historischen H\u00e4usern und Burgen, die Sie auf Ihrer Rundreise besuchen k\u00f6nnen.<\/p>\n<p><strong>Einige der beliebtesten historischen H\u00e4user und Burgen an der K\u00fcste S\u00fcdenglands sind:<\/strong><\/p>\n<p><strong>1:<\/strong> <a href=\"https:\/\/www.urlaubcornwall.de\/blog\/schloss-windsor-historische-haeuser-gaerten-berkshire\/\">Windsor Castle<\/a> ist das gr\u00f6\u00dfte und \u00e4lteste bewohnte Schloss der Welt. Es liegt in Windsor, Berkshire, etwa 30 Meilen west-s\u00fcdwestlich von London. Das Schloss wurde im 11. Jahrhundert von William dem Eroberer erbaut und ist seit dem 14. Jahrhundert die Residenz der britischen Monarchen.<\/p>\n<p><strong>2:<\/strong> <a href=\"https:\/\/www.urlaubcornwall.de\/blog\/schloss-hever-in-kent\/\">Hever Castle<\/a> ist ein Tudor-Schloss in Hever, Kent, etwa 30 Meilen s\u00fcd\u00f6stlich von London. Das Schloss wurde im 13. Jahrhundert erbaut und war im 16. Jahrhundert die Heimat von Anne Boleyn, der zweiten Frau von Heinrich VIII.<\/p>\n<p><strong>3:<\/strong> Bodiam Castle ist ein mittelalterliches Wasserschloss in <a href=\"https:\/\/www.urlaubcornwall.de\/blog\/top-10-reisetipps-ostsussex-sie-sie-sehen-und-erleben-sollten\/\">Bodiam, Ist Sussex<\/a>, etwa 60 Meilen s\u00fcd\u00f6stlich von London. Das Schloss wurde im 14. Jahrhundert erbaut und ist ein beliebtes Touristenziel.<\/p>\n<p><strong>4:<\/strong> Leeds Castle ist ein Schloss in Leeds, Kent, etwa 40 Meilen s\u00fcd\u00f6stlich von London. Das Schloss wurde im 12. Jahrhundert erbaut und liegt auf einer Insel in einem See. Leeds Castle ist ein beliebtes Touristenziel und wird oft als \u201edas sch\u00f6nste Schloss der Welt\u201c bezeichnet.<\/p>\n<p><strong>6:<\/strong> <a href=\"https:\/\/www.urlaubcornwall.de\/blog\/blenheim-palast-in-oxfordshire\/\">Blenheim Palace<\/a> ist ein Herrenhaus in Oxfordshire, etwa 80 Meilen nordwestlich von London. Das Haus wurde im 18. Jahrhundert erbaut und ist der Geburtsort von Winston Churchill. Blenheim Palace ist ein beliebtes Touristenziel und beherbergt eine Vielzahl von Kunstwerken und Antiquit\u00e4ten.<\/p>\n<h1>Unser Rundreisenservice in S\u00fcdengland<\/h1>\n<p>Weshalb \u00fcber uns buchen?<\/p>\n<p>Firmensitz in Cornwall und ein Team Deutsch sprechender Reisespezialisten.<\/p>\n<p>Wir haben eine Leidenschaft f\u00fcrs Reisen und gestalten den perfekten Urlaub.<\/p>\n<p>Ortskenntnisse und Insidertipps f\u00fcr unsere Kunden.<\/p>\n<p>Sonderangebote und Preisnachl\u00e4sse<\/p>\n<p>S\u00e4mtliche unserer Rundreisen sind durch einen voll versicherten deutschen Reiseveranstalter gesichert.<\/p>\n<p style=\"text-align: center;\"><a class=\"tidycta\" href=\"https:\/\/www.urlaubcornwall.de\/rundreisen\/cornwall-suedengland.php\"> Mehr Info<\/a><\/p>\n<div class=\"snippet\"> <a class=\"featured-item\" href=\"https:\/\/www.urlaubcornwall.de\/ferienhaeuser\/suedengland.php\"> <span class=\"image-holder\" style=\"background-image: url('https:\/\/www.urlaubcornwall.de\/blog\/wp-content\/uploads\/2024\/03\/ferienhaus-england-cornwall.jpg');\"><\/span> <span class=\"featured-content\"> \n<h2 class=\"featured-title\">Ferienh\u00e4user in S\u00fcdengland<\/h2>\n<p class=\"featured-body\">Bei uns finden Sie Ferienh\u00e4user zum Verlieben &#8211; so einfach ist das! Dank seiner langen Geschichte, der reizvollen Landschaften und seinen vielen Attraktionen ist S\u00fcdengland ein wahres Mekka f\u00fcr Urlauber&#8230;..<\/p><\/span> <span class=\"featured-link-holder\"> <span class=\"featured-extra-info\"> \n<p>Pers\u00f6nlich inspizierter Ferienh\u00e4user<\/p>\n<\/span> \n<p class=\"featured-link\">DETAILS<\/p>\n<\/span> <\/a><\/div>\n","protected":false},"excerpt":{"rendered":"<p>Die K\u00fcste S\u00fcdenglands ist eine wundersch\u00f6ne Region mit einer langen und reichen Geschichte. Hier finden Sie eine Vielzahl von historischen H\u00e4usern und Burgen, die Sie auf Ihrer Rundreise besuchen k\u00f6nnen. Einige der beliebtesten historischen H\u00e4user und Burgen an der K\u00fcste S\u00fcdenglands sind: 1: Windsor Castle ist das gr\u00f6\u00dfte und \u00e4lteste bewohnte Schloss der Welt. Es [&hellip;]<\/p>\n","protected":false},"author":1,"featured_media":0,"parent":0,"menu_order":0,"comment_status":"closed","ping_status":"closed","template":"single-four.php","meta":[],"acf":[],"yoast_head":"<!-- This site is optimized with the Yoast SEO plugin v19.4 - https:\/\/yoast.com\/wordpress\/plugins\/seo\/ -->\n<title>S\u00fcdengland: Die perfekte Rundreise f\u00fcr Geschichtsinteressierte - Urlaub &amp; Reisen<\/title>\n<meta name=\"robots\" content=\"index, follow, max-snippet:-1, max-image-preview:large, max-video-preview:-1\" \/>\n<link rel=\"canonical\" href=\"https:\/\/www.urlaubcornwall.de\/blog\/suedengland-die-perfekte-rundreise-fuer-geschichtsinteressierte\/\" \/>\n<meta property=\"og:locale\" content=\"en_US\" \/>\n<meta property=\"og:type\" content=\"article\" \/>\n<meta property=\"og:title\" content=\"S\u00fcdengland: Die perfekte Rundreise f\u00fcr Geschichtsinteressierte - Urlaub &amp; Reisen\" \/>\n<meta property=\"og:description\" content=\"Die K\u00fcste S\u00fcdenglands ist eine wundersch\u00f6ne Region mit einer langen und reichen Geschichte. Hier finden Sie eine Vielzahl von historischen H\u00e4usern und Burgen, die Sie auf Ihrer Rundreise besuchen k\u00f6nnen. Einige der beliebtesten historischen H\u00e4user und Burgen an der K\u00fcste S\u00fcdenglands sind: 1: Windsor Castle ist das gr\u00f6\u00dfte und \u00e4lteste bewohnte Schloss der Welt. Es [&hellip;]\" \/>\n<meta property=\"og:url\" content=\"https:\/\/www.urlaubcornwall.de\/blog\/suedengland-die-perfekte-rundreise-fuer-geschichtsinteressierte\/\" \/>\n<meta property=\"og:site_name\" content=\"Urlaub &amp; Reisen\" \/>\n<meta property=\"article:modified_time\" content=\"2024-04-29T16:04:16+00:00\" \/>\n<meta property=\"og:image\" content=\"https:\/\/www.urlaubcornwall.de\/blog\/wp-content\/uploads\/2024\/03\/hever-castle.jpg\" \/>\n<meta name=\"twitter:card\" content=\"summary\" \/>\n<meta name=\"twitter:label1\" content=\"Est. reading time\" \/>\n\t<meta name=\"twitter:data1\" content=\"2 minutes\" \/>\n<script type=\"application\/ld+json\" class=\"yoast-schema-graph\">{\"@context\":\"https:\/\/schema.org\",\"@graph\":[{\"@type\":\"WebSite\",\"@id\":\"https:\/\/www.urlaubcornwall.de\/blog\/#website\",\"url\":\"https:\/\/www.urlaubcornwall.de\/blog\/\",\"name\":\"Urlaub &amp; Reisen\",\"description\":\"Urlaub, Reisen, Cornwall und S\u00fcdengland: eine perfekte Kombination\",\"potentialAction\":[{\"@type\":\"SearchAction\",\"target\":{\"@type\":\"EntryPoint\",\"urlTemplate\":\"https:\/\/www.urlaubcornwall.de\/blog\/?s={search_term_string}\"},\"query-input\":\"required name=search_term_string\"}],\"inLanguage\":\"en-US\"},{\"@type\":\"WebPage\",\"@id\":\"https:\/\/www.urlaubcornwall.de\/blog\/suedengland-die-perfekte-rundreise-fuer-geschichtsinteressierte\/\",\"url\":\"https:\/\/www.urlaubcornwall.de\/blog\/suedengland-die-perfekte-rundreise-fuer-geschichtsinteressierte\/\",\"name\":\"S\u00fcdengland: Die perfekte Rundreise f\u00fcr Geschichtsinteressierte - Urlaub &amp; Reisen\",\"isPartOf\":{\"@id\":\"https:\/\/www.urlaubcornwall.de\/blog\/#website\"},\"datePublished\":\"2023-07-17T10:28:35+00:00\",\"dateModified\":\"2024-04-29T16:04:16+00:00\",\"breadcrumb\":{\"@id\":\"https:\/\/www.urlaubcornwall.de\/blog\/suedengland-die-perfekte-rundreise-fuer-geschichtsinteressierte\/#breadcrumb\"},\"inLanguage\":\"en-US\",\"potentialAction\":[{\"@type\":\"ReadAction\",\"target\":[\"https:\/\/www.urlaubcornwall.de\/blog\/suedengland-die-perfekte-rundreise-fuer-geschichtsinteressierte\/\"]}]},{\"@type\":\"BreadcrumbList\",\"@id\":\"https:\/\/www.urlaubcornwall.de\/blog\/suedengland-die-perfekte-rundreise-fuer-geschichtsinteressierte\/#breadcrumb\",\"itemListElement\":[{\"@type\":\"ListItem\",\"position\":1,\"name\":\"Home\",\"item\":\"https:\/\/www.urlaubcornwall.de\/blog\/\"},{\"@type\":\"ListItem\",\"position\":2,\"name\":\"S\u00fcdengland: Die perfekte Rundreise f\u00fcr Geschichtsinteressierte\"}]}]}<\/script>\n<!-- \/ Yoast SEO plugin. -->","yoast_head_json":{"title":"S\u00fcdengland: Die perfekte Rundreise f\u00fcr Geschichtsinteressierte - Urlaub &amp; Reisen","robots":{"index":"index","follow":"follow","max-snippet":"max-snippet:-1","max-image-preview":"max-image-preview:large","max-video-preview":"max-video-preview:-1"},"canonical":"https:\/\/www.urlaubcornwall.de\/blog\/suedengland-die-perfekte-rundreise-fuer-geschichtsinteressierte\/","og_locale":"en_US","og_type":"article","og_title":"S\u00fcdengland: Die perfekte Rundreise f\u00fcr Geschichtsinteressierte - Urlaub &amp; Reisen","og_description":"Die K\u00fcste S\u00fcdenglands ist eine wundersch\u00f6ne Region mit einer langen und reichen Geschichte. Hier finden Sie eine Vielzahl von historischen H\u00e4usern und Burgen, die Sie auf Ihrer Rundreise besuchen k\u00f6nnen. Einige der beliebtesten historischen H\u00e4user und Burgen an der K\u00fcste S\u00fcdenglands sind: 1: Windsor Castle ist das gr\u00f6\u00dfte und \u00e4lteste bewohnte Schloss der Welt. Es [&hellip;]","og_url":"https:\/\/www.urlaubcornwall.de\/blog\/suedengland-die-perfekte-rundreise-fuer-geschichtsinteressierte\/","og_site_name":"Urlaub &amp; Reisen","article_modified_time":"2024-04-29T16:04:16+00:00","og_image":[{"url":"https:\/\/www.urlaubcornwall.de\/blog\/wp-content\/uploads\/2024\/03\/hever-castle.jpg"}],"twitter_card":"summary","twitter_misc":{"Est. reading time":"2 minutes"},"schema":{"@context":"https:\/\/schema.org","@graph":[{"@type":"WebSite","@id":"https:\/\/www.urlaubcornwall.de\/blog\/#website","url":"https:\/\/www.urlaubcornwall.de\/blog\/","name":"Urlaub &amp; Reisen","description":"Urlaub, Reisen, Cornwall und S\u00fcdengland: eine perfekte Kombination","potentialAction":[{"@type":"SearchAction","target":{"@type":"EntryPoint","urlTemplate":"https:\/\/www.urlaubcornwall.de\/blog\/?s={search_term_string}"},"query-input":"required name=search_term_string"}],"inLanguage":"en-US"},{"@type":"WebPage","@id":"https:\/\/www.urlaubcornwall.de\/blog\/suedengland-die-perfekte-rundreise-fuer-geschichtsinteressierte\/","url":"https:\/\/www.urlaubcornwall.de\/blog\/suedengland-die-perfekte-rundreise-fuer-geschichtsinteressierte\/","name":"S\u00fcdengland: Die perfekte Rundreise f\u00fcr Geschichtsinteressierte - Urlaub &amp; Reisen","isPartOf":{"@id":"https:\/\/www.urlaubcornwall.de\/blog\/#website"},"datePublished":"2023-07-17T10:28:35+00:00","dateModified":"2024-04-29T16:04:16+00:00","breadcrumb":{"@id":"https:\/\/www.urlaubcornwall.de\/blog\/suedengland-die-perfekte-rundreise-fuer-geschichtsinteressierte\/#breadcrumb"},"inLanguage":"en-US","potentialAction":[{"@type":"ReadAction","target":["https:\/\/www.urlaubcornwall.de\/blog\/suedengland-die-perfekte-rundreise-fuer-geschichtsinteressierte\/"]}]},{"@type":"BreadcrumbList","@id":"https:\/\/www.urlaubcornwall.de\/blog\/suedengland-die-perfekte-rundreise-fuer-geschichtsinteressierte\/#breadcrumb","itemListElement":[{"@type":"ListItem","position":1,"name":"Home","item":"https:\/\/www.urlaubcornwall.de\/blog\/"},{"@type":"ListItem","position":2,"name":"S\u00fcdengland: Die perfekte Rundreise f\u00fcr Geschichtsinteressierte"}]}]}},"_links":{"self":[{"href":"https:\/\/www.urlaubcornwall.de\/blog\/wp-json\/wp\/v2\/pages\/46813"}],"collection":[{"href":"https:\/\/www.urlaubcornwall.de\/blog\/wp-json\/wp\/v2\/pages"}],"about":[{"href":"https:\/\/www.urlaubcornwall.de\/blog\/wp-json\/wp\/v2\/types\/page"}],"author":[{"embeddable":true,"href":"https:\/\/www.urlaubcornwall.de\/blog\/wp-json\/wp\/v2\/users\/1"}],"replies":[{"embeddable":true,"href":"https:\/\/www.urlaubcornwall.de\/blog\/wp-json\/wp\/v2\/comments?post=46813"}],"version-history":[{"count":3,"href":"https:\/\/www.urlaubcornwall.de\/blog\/wp-json\/wp\/v2\/pages\/46813\/revisions"}],"predecessor-version":[{"id":49947,"href":"https:\/\/www.urlaubcornwall.de\/blog\/wp-json\/wp\/v2\/pages\/46813\/revisions\/49947"}],"wp:attachment":[{"href":"https:\/\/www.urlaubcornwall.de\/blog\/wp-json\/wp\/v2\/media?parent=46813"}],"curies":[{"name":"wp","href":"https:\/\/api.w.org\/{rel}","templated":true}]}}