{"id":46810,"date":"2023-07-17T09:44:18","date_gmt":"2023-07-17T09:44:18","guid":{"rendered":"https:\/\/www.urlaubcornwall.de\/blog\/?page_id=46810"},"modified":"2024-04-02T11:00:00","modified_gmt":"2024-04-02T11:00:00","slug":"wo-in-suedkueste-von-irland-urlaub-machen","status":"publish","type":"page","link":"https:\/\/www.urlaubcornwall.de\/blog\/wo-in-suedkueste-von-irland-urlaub-machen\/","title":{"rendered":"Wo in S\u00fcdk\u00fcste von Irland Urlaub machen?"},"content":{"rendered":"<p><img loading=\"lazy\" class=\"aligncenter size-full wp-image-47979\" src=\"https:\/\/www.urlaubcornwall.de\/blog\/wp-content\/uploads\/2024\/03\/dingle-irland-urlaub.jpg\" alt=\"Dingle Peninsula, County Kerry\" width=\"750\" height=\"501\" srcset=\"https:\/\/www.urlaubcornwall.de\/blog\/wp-content\/uploads\/2024\/03\/dingle-irland-urlaub.jpg 750w, https:\/\/www.urlaubcornwall.de\/blog\/wp-content\/uploads\/2024\/03\/dingle-irland-urlaub-300x200.jpg 300w\" sizes=\"(max-width: 750px) 100vw, 750px\" \/><\/p>\n<p>Die <a href=\"https:\/\/www.urlaubcornwall.de\/blog\/erleben-sie-irland-die-emerald-insel\/\">S\u00fcdk\u00fcste Irlands<\/a> ist eine wundersch\u00f6ne Region mit viel zu bieten. Hier sind einige Ideen f\u00fcr einen Urlaub an der S\u00fcdk\u00fcste Irlands:<\/p>\n<p><strong>Besuchen Sie den Ring of Kerry:<\/strong> Der Ring of Kerry ist eine 179 km lange K\u00fcstenstra\u00dfe, die Sie entlang der sch\u00f6nsten Landschaften der S\u00fcdk\u00fcste Irlands f\u00fchrt. Sie k\u00f6nnen die Klippen, Seen, D\u00f6rfer und Str\u00e4nde bewundern.<\/p>\n<p><strong>Besuchen Sie die Dingle-Halbinsel:<\/strong> Eine weitere wundersch\u00f6ne Region an der S\u00fcdk\u00fcste Irlands. Sie ist bekannt f\u00fcr ihre wilden Landschaften, ihre vielen Schafe und ihre traditionellen irischen D\u00f6rfer.<\/p>\n<p><strong>Die Stadt Cork:<\/strong> Cork ist die zweitgr\u00f6\u00dfte Stadt Irlands und hat eine lebendige Atmosph\u00e4re mit vielen Restaurants, Bars und Gesch\u00e4ften. Sie k\u00f6nnen auch die St. Fin Barre&#8217;s Cathedral, das Cork Butter Museum und das English Market besuchen.<\/p>\n<p><strong>Besuchen Sie die Stadt Kinsale:<\/strong> Ein malerisches Fischerdorf mit einem sch\u00f6nen Hafen. Es ist bekannt f\u00fcr seine guten Restaurants und seine vielen Weing\u00fcter.<\/p>\n<p><strong>Die Stadt Cobh:<\/strong> Cobh ist ein Hafenst\u00e4dtchen in der Grafschaft Cork. Es war der letzte Hafen, den die Titanic anlief, bevor sie im Jahr 1912 sank. Heute ist Cobh ein beliebtes Touristenziel und Sie k\u00f6nnen das Titanic Museum besuchen.<\/p>\n<h1>Unser Rundreisenservice in Irland<\/h1>\n<p>Weshalb \u00fcber uns buchen?<\/p>\n<p>Firmensitz in Cornwall und ein Team Deutsch sprechender Reisespezialisten.<\/p>\n<p>Wir haben eine Leidenschaft f\u00fcrs Reisen und gestalten den perfekten Urlaub.<\/p>\n<p>Ortskenntnisse und Insidertipps f\u00fcr unsere Kunden.<\/p>\n<p>Sonderangebote und Preisnachl\u00e4sse<\/p>\n<p>S\u00e4mtliche unserer Rundreisen sind durch einen voll versicherten deutschen Reiseveranstalter gesichert.<\/p>\n<p style=\"text-align: center;\"><a class=\"tidycta\" href=\"https:\/\/www.urlaubcornwall.de\/blog\/rundreisen-irland\/\"> Mehr Info<\/a><\/p>\n","protected":false},"excerpt":{"rendered":"<p>Die S\u00fcdk\u00fcste Irlands ist eine wundersch\u00f6ne Region mit viel zu bieten. Hier sind einige Ideen f\u00fcr einen Urlaub an der S\u00fcdk\u00fcste Irlands: Besuchen Sie den Ring of Kerry: Der Ring of Kerry ist eine 179 km lange K\u00fcstenstra\u00dfe, die Sie entlang der sch\u00f6nsten Landschaften der S\u00fcdk\u00fcste Irlands f\u00fchrt. Sie k\u00f6nnen die Klippen, Seen, D\u00f6rfer und [&hellip;]<\/p>\n","protected":false},"author":1,"featured_media":0,"parent":0,"menu_order":0,"comment_status":"closed","ping_status":"closed","template":"single-four.php","meta":[],"acf":[],"yoast_head":"<!-- This site is optimized with the Yoast SEO plugin v19.4 - https:\/\/yoast.com\/wordpress\/plugins\/seo\/ -->\n<title>Wo in S\u00fcdk\u00fcste von Irland Urlaub machen? - Urlaub &amp; Reisen<\/title>\n<meta name=\"description\" content=\"Die S\u00fcdk\u00fcste Irlands ist eine wundersch\u00f6ne Region mit viel zu bieten. Hier sind einige Ideen f\u00fcr einen Urlaub an der S\u00fcdk\u00fcste Irlands\" \/>\n<meta name=\"robots\" content=\"index, follow, max-snippet:-1, max-image-preview:large, max-video-preview:-1\" \/>\n<link rel=\"canonical\" href=\"https:\/\/www.urlaubcornwall.de\/blog\/wo-in-suedkueste-von-irland-urlaub-machen\/\" \/>\n<meta property=\"og:locale\" content=\"en_US\" \/>\n<meta property=\"og:type\" content=\"article\" \/>\n<meta property=\"og:title\" content=\"Wo in S\u00fcdk\u00fcste von Irland Urlaub machen? - Urlaub &amp; Reisen\" \/>\n<meta property=\"og:description\" content=\"Die S\u00fcdk\u00fcste Irlands ist eine wundersch\u00f6ne Region mit viel zu bieten. Hier sind einige Ideen f\u00fcr einen Urlaub an der S\u00fcdk\u00fcste Irlands\" \/>\n<meta property=\"og:url\" content=\"https:\/\/www.urlaubcornwall.de\/blog\/wo-in-suedkueste-von-irland-urlaub-machen\/\" \/>\n<meta property=\"og:site_name\" content=\"Urlaub &amp; Reisen\" \/>\n<meta property=\"article:modified_time\" content=\"2024-04-02T11:00:00+00:00\" \/>\n<meta property=\"og:image\" content=\"https:\/\/www.urlaubcornwall.de\/blog\/wp-content\/uploads\/2024\/03\/dingle-irland-urlaub.jpg\" \/>\n<meta name=\"twitter:card\" content=\"summary\" \/>\n<meta name=\"twitter:label1\" content=\"Est. reading time\" \/>\n\t<meta name=\"twitter:data1\" content=\"2 minutes\" \/>\n<script type=\"application\/ld+json\" class=\"yoast-schema-graph\">{\"@context\":\"https:\/\/schema.org\",\"@graph\":[{\"@type\":\"WebSite\",\"@id\":\"https:\/\/www.urlaubcornwall.de\/blog\/#website\",\"url\":\"https:\/\/www.urlaubcornwall.de\/blog\/\",\"name\":\"Urlaub &amp; Reisen\",\"description\":\"Urlaub, Reisen, Cornwall und S\u00fcdengland: eine perfekte Kombination\",\"potentialAction\":[{\"@type\":\"SearchAction\",\"target\":{\"@type\":\"EntryPoint\",\"urlTemplate\":\"https:\/\/www.urlaubcornwall.de\/blog\/?s={search_term_string}\"},\"query-input\":\"required name=search_term_string\"}],\"inLanguage\":\"en-US\"},{\"@type\":\"WebPage\",\"@id\":\"https:\/\/www.urlaubcornwall.de\/blog\/wo-in-suedkueste-von-irland-urlaub-machen\/\",\"url\":\"https:\/\/www.urlaubcornwall.de\/blog\/wo-in-suedkueste-von-irland-urlaub-machen\/\",\"name\":\"Wo in S\u00fcdk\u00fcste von Irland Urlaub machen? - Urlaub &amp; Reisen\",\"isPartOf\":{\"@id\":\"https:\/\/www.urlaubcornwall.de\/blog\/#website\"},\"datePublished\":\"2023-07-17T09:44:18+00:00\",\"dateModified\":\"2024-04-02T11:00:00+00:00\",\"description\":\"Die S\u00fcdk\u00fcste Irlands ist eine wundersch\u00f6ne Region mit viel zu bieten. Hier sind einige Ideen f\u00fcr einen Urlaub an der S\u00fcdk\u00fcste Irlands\",\"breadcrumb\":{\"@id\":\"https:\/\/www.urlaubcornwall.de\/blog\/wo-in-suedkueste-von-irland-urlaub-machen\/#breadcrumb\"},\"inLanguage\":\"en-US\",\"potentialAction\":[{\"@type\":\"ReadAction\",\"target\":[\"https:\/\/www.urlaubcornwall.de\/blog\/wo-in-suedkueste-von-irland-urlaub-machen\/\"]}]},{\"@type\":\"BreadcrumbList\",\"@id\":\"https:\/\/www.urlaubcornwall.de\/blog\/wo-in-suedkueste-von-irland-urlaub-machen\/#breadcrumb\",\"itemListElement\":[{\"@type\":\"ListItem\",\"position\":1,\"name\":\"Home\",\"item\":\"https:\/\/www.urlaubcornwall.de\/blog\/\"},{\"@type\":\"ListItem\",\"position\":2,\"name\":\"Wo in S\u00fcdk\u00fcste von Irland Urlaub machen?\"}]}]}<\/script>\n<!-- \/ Yoast SEO plugin. -->","yoast_head_json":{"title":"Wo in S\u00fcdk\u00fcste von Irland Urlaub machen? - Urlaub &amp; Reisen","description":"Die S\u00fcdk\u00fcste Irlands ist eine wundersch\u00f6ne Region mit viel zu bieten. Hier sind einige Ideen f\u00fcr einen Urlaub an der S\u00fcdk\u00fcste Irlands","robots":{"index":"index","follow":"follow","max-snippet":"max-snippet:-1","max-image-preview":"max-image-preview:large","max-video-preview":"max-video-preview:-1"},"canonical":"https:\/\/www.urlaubcornwall.de\/blog\/wo-in-suedkueste-von-irland-urlaub-machen\/","og_locale":"en_US","og_type":"article","og_title":"Wo in S\u00fcdk\u00fcste von Irland Urlaub machen? - Urlaub &amp; Reisen","og_description":"Die S\u00fcdk\u00fcste Irlands ist eine wundersch\u00f6ne Region mit viel zu bieten. Hier sind einige Ideen f\u00fcr einen Urlaub an der S\u00fcdk\u00fcste Irlands","og_url":"https:\/\/www.urlaubcornwall.de\/blog\/wo-in-suedkueste-von-irland-urlaub-machen\/","og_site_name":"Urlaub &amp; Reisen","article_modified_time":"2024-04-02T11:00:00+00:00","og_image":[{"url":"https:\/\/www.urlaubcornwall.de\/blog\/wp-content\/uploads\/2024\/03\/dingle-irland-urlaub.jpg"}],"twitter_card":"summary","twitter_misc":{"Est. reading time":"2 minutes"},"schema":{"@context":"https:\/\/schema.org","@graph":[{"@type":"WebSite","@id":"https:\/\/www.urlaubcornwall.de\/blog\/#website","url":"https:\/\/www.urlaubcornwall.de\/blog\/","name":"Urlaub &amp; Reisen","description":"Urlaub, Reisen, Cornwall und S\u00fcdengland: eine perfekte Kombination","potentialAction":[{"@type":"SearchAction","target":{"@type":"EntryPoint","urlTemplate":"https:\/\/www.urlaubcornwall.de\/blog\/?s={search_term_string}"},"query-input":"required name=search_term_string"}],"inLanguage":"en-US"},{"@type":"WebPage","@id":"https:\/\/www.urlaubcornwall.de\/blog\/wo-in-suedkueste-von-irland-urlaub-machen\/","url":"https:\/\/www.urlaubcornwall.de\/blog\/wo-in-suedkueste-von-irland-urlaub-machen\/","name":"Wo in S\u00fcdk\u00fcste von Irland Urlaub machen? - Urlaub &amp; Reisen","isPartOf":{"@id":"https:\/\/www.urlaubcornwall.de\/blog\/#website"},"datePublished":"2023-07-17T09:44:18+00:00","dateModified":"2024-04-02T11:00:00+00:00","description":"Die S\u00fcdk\u00fcste Irlands ist eine wundersch\u00f6ne Region mit viel zu bieten. Hier sind einige Ideen f\u00fcr einen Urlaub an der S\u00fcdk\u00fcste Irlands","breadcrumb":{"@id":"https:\/\/www.urlaubcornwall.de\/blog\/wo-in-suedkueste-von-irland-urlaub-machen\/#breadcrumb"},"inLanguage":"en-US","potentialAction":[{"@type":"ReadAction","target":["https:\/\/www.urlaubcornwall.de\/blog\/wo-in-suedkueste-von-irland-urlaub-machen\/"]}]},{"@type":"BreadcrumbList","@id":"https:\/\/www.urlaubcornwall.de\/blog\/wo-in-suedkueste-von-irland-urlaub-machen\/#breadcrumb","itemListElement":[{"@type":"ListItem","position":1,"name":"Home","item":"https:\/\/www.urlaubcornwall.de\/blog\/"},{"@type":"ListItem","position":2,"name":"Wo in S\u00fcdk\u00fcste von Irland Urlaub machen?"}]}]}},"_links":{"self":[{"href":"https:\/\/www.urlaubcornwall.de\/blog\/wp-json\/wp\/v2\/pages\/46810"}],"collection":[{"href":"https:\/\/www.urlaubcornwall.de\/blog\/wp-json\/wp\/v2\/pages"}],"about":[{"href":"https:\/\/www.urlaubcornwall.de\/blog\/wp-json\/wp\/v2\/types\/page"}],"author":[{"embeddable":true,"href":"https:\/\/www.urlaubcornwall.de\/blog\/wp-json\/wp\/v2\/users\/1"}],"replies":[{"embeddable":true,"href":"https:\/\/www.urlaubcornwall.de\/blog\/wp-json\/wp\/v2\/comments?post=46810"}],"version-history":[{"count":3,"href":"https:\/\/www.urlaubcornwall.de\/blog\/wp-json\/wp\/v2\/pages\/46810\/revisions"}],"predecessor-version":[{"id":48563,"href":"https:\/\/www.urlaubcornwall.de\/blog\/wp-json\/wp\/v2\/pages\/46810\/revisions\/48563"}],"wp:attachment":[{"href":"https:\/\/www.urlaubcornwall.de\/blog\/wp-json\/wp\/v2\/media?parent=46810"}],"curies":[{"name":"wp","href":"https:\/\/api.w.org\/{rel}","templated":true}]}}