{"id":46804,"date":"2023-07-17T09:29:18","date_gmt":"2023-07-17T09:29:18","guid":{"rendered":"https:\/\/www.urlaubcornwall.de\/blog\/?page_id=46804"},"modified":"2024-05-31T12:30:43","modified_gmt":"2024-05-31T12:30:43","slug":"wo-in-west-irland-urlaub-machen","status":"publish","type":"page","link":"https:\/\/www.urlaubcornwall.de\/blog\/wo-in-west-irland-urlaub-machen\/","title":{"rendered":"Wo in West Irland Urlaub machen?"},"content":{"rendered":"<p><a href=\"https:\/\/www.urlaubcornwall.de\/blog\/wp-content\/uploads\/2024\/03\/cliffs-of-moher-irland.jpg\"><img loading=\"lazy\" src=\"https:\/\/www.urlaubcornwall.de\/blog\/wp-content\/uploads\/2024\/03\/cliffs-of-moher-irland.jpg\" alt=\"cliffs of moher irland\" width=\"750\" height=\"500\" class=\"alignnone size-full wp-image-47810\" srcset=\"https:\/\/www.urlaubcornwall.de\/blog\/wp-content\/uploads\/2024\/03\/cliffs-of-moher-irland.jpg 750w, https:\/\/www.urlaubcornwall.de\/blog\/wp-content\/uploads\/2024\/03\/cliffs-of-moher-irland-300x200.jpg 300w\" sizes=\"(max-width: 750px) 100vw, 750px\" \/><\/a><\/p>\n<p>West Irland ist eine wundersch\u00f6ne Region mit viel zu bieten. Hier sind einige Ideen f\u00fcr einen <a href=\"https:\/\/www.urlaubcornwall.de\/blog\/erleben-sie-irland-die-emerald-insel\/\">Urlaub in West Irland<\/a>:<\/p>\n<p><strong>Cliffs of Moher:<\/strong> Die Cliffs of Moher sind eine der beliebtesten Touristenattraktionen Irlands. Sie sind die h\u00f6chsten Klippen Europas und bieten einen atemberaubenden Blick auf den Atlantik.<\/p>\n<p><strong>Wanderung im Connemara National Park:<\/strong> Der Connemara National Park ist ein wundersch\u00f6nes Naturschutzgebiet mit einer Vielzahl von Wanderwegen f\u00fcr alle Fitnessniveaus. Sie k\u00f6nnen auch die Seen, Berge und Moore des Parks erkunden.<\/p>\n<p><strong>Aran Islands:<\/strong> Die Aran Islands sind eine Gruppe von drei Inseln vor der Westk\u00fcste Irlands. Sie sind bekannt f\u00fcr ihre mittelalterlichen Steinforts, ihre keltischen Steinmauern und ihre herrliche Landschaft.<\/p>\n<p><strong>Die Stadt Galway:<\/strong> Galway ist eine lebendige Stadt mit einer reichen Geschichte und Kultur. Sie k\u00f6nnen die vielen Restaurants, Bars, Gesch\u00e4fte und Museen der Stadt besuchen.<\/p>\n<p><strong>Bootsfahrt auf dem River Corrib:<\/strong> Der River Corrib ist ein Fluss, der durch Galway flie\u00dft. Sie k\u00f6nnen eine Bootsfahrt auf dem Fluss machen und die Stadt aus einer anderen Perspektive sehen.<\/p>\n<p><strong>Genie\u00dfen Sie die lokale K\u00fcche:<\/strong> West Irland ist bekannt f\u00fcr seine gute K\u00fcche. Sie k\u00f6nnen in einem der vielen Restaurants in Galway oder in einem der vielen Restaurants auf dem Land die lokale K\u00fcche genie\u00dfen.<\/p>\n<p>Dies sind nur einige Ideen f\u00fcr einen Urlaub in West Irland. Es gibt noch viel mehr Dinge zu sehen und zu tun, also finden Sie heraus, was Ihnen am meisten Spa\u00df macht.<\/p>\n<h1>Unser Rundreisenservice in Irland<\/h1>\n<p>Weshalb \u00fcber uns buchen?<\/p>\n<p>Firmensitz in Cornwall und ein Team Deutsch sprechender Reisespezialisten.<\/p>\n<p>Wir haben eine Leidenschaft f\u00fcrs Reisen und gestalten den perfekten Urlaub.<\/p>\n<p>Ortskenntnisse und Insidertipps f\u00fcr unsere Kunden.<\/p>\n<p>Sonderangebote und Preisnachl\u00e4sse<\/p>\n<p>S\u00e4mtliche unserer Rundreisen sind durch einen voll versicherten deutschen Reiseveranstalter gesichert.<\/p>\n<p style=\"text-align: center;\"><a class=\"tidycta\" href=\"https:\/\/www.urlaubcornwall.de\/blog\/rundreisen-irland\/\"> Mehr Info<\/a><\/p>\n","protected":false},"excerpt":{"rendered":"<p>West Irland ist eine wundersch\u00f6ne Region mit viel zu bieten. Hier sind einige Ideen f\u00fcr einen Urlaub in West Irland: Cliffs of Moher: Die Cliffs of Moher sind eine der beliebtesten Touristenattraktionen Irlands. Sie sind die h\u00f6chsten Klippen Europas und bieten einen atemberaubenden Blick auf den Atlantik. Wanderung im Connemara National Park: Der Connemara National [&hellip;]<\/p>\n","protected":false},"author":1,"featured_media":0,"parent":0,"menu_order":0,"comment_status":"closed","ping_status":"closed","template":"single-four.php","meta":[],"acf":[],"yoast_head":"<!-- This site is optimized with the Yoast SEO plugin v19.4 - https:\/\/yoast.com\/wordpress\/plugins\/seo\/ -->\n<title>Wo in West Irland Urlaub machen? - Urlaub &amp; Reisen<\/title>\n<meta name=\"robots\" content=\"index, follow, max-snippet:-1, max-image-preview:large, max-video-preview:-1\" \/>\n<link rel=\"canonical\" href=\"https:\/\/www.urlaubcornwall.de\/blog\/wo-in-west-irland-urlaub-machen\/\" \/>\n<meta property=\"og:locale\" content=\"en_US\" \/>\n<meta property=\"og:type\" content=\"article\" \/>\n<meta property=\"og:title\" content=\"Wo in West Irland Urlaub machen? - Urlaub &amp; Reisen\" \/>\n<meta property=\"og:description\" content=\"West Irland ist eine wundersch\u00f6ne Region mit viel zu bieten. Hier sind einige Ideen f\u00fcr einen Urlaub in West Irland: Cliffs of Moher: Die Cliffs of Moher sind eine der beliebtesten Touristenattraktionen Irlands. Sie sind die h\u00f6chsten Klippen Europas und bieten einen atemberaubenden Blick auf den Atlantik. Wanderung im Connemara National Park: Der Connemara National [&hellip;]\" \/>\n<meta property=\"og:url\" content=\"https:\/\/www.urlaubcornwall.de\/blog\/wo-in-west-irland-urlaub-machen\/\" \/>\n<meta property=\"og:site_name\" content=\"Urlaub &amp; Reisen\" \/>\n<meta property=\"article:modified_time\" content=\"2024-05-31T12:30:43+00:00\" \/>\n<meta property=\"og:image\" content=\"https:\/\/www.urlaubcornwall.de\/blog\/wp-content\/uploads\/2024\/03\/cliffs-of-moher-irland.jpg\" \/>\n<meta name=\"twitter:card\" content=\"summary\" \/>\n<meta name=\"twitter:label1\" content=\"Est. reading time\" \/>\n\t<meta name=\"twitter:data1\" content=\"2 minutes\" \/>\n<script type=\"application\/ld+json\" class=\"yoast-schema-graph\">{\"@context\":\"https:\/\/schema.org\",\"@graph\":[{\"@type\":\"WebSite\",\"@id\":\"https:\/\/www.urlaubcornwall.de\/blog\/#website\",\"url\":\"https:\/\/www.urlaubcornwall.de\/blog\/\",\"name\":\"Urlaub &amp; Reisen\",\"description\":\"Urlaub, Reisen, Cornwall und S\u00fcdengland: eine perfekte Kombination\",\"potentialAction\":[{\"@type\":\"SearchAction\",\"target\":{\"@type\":\"EntryPoint\",\"urlTemplate\":\"https:\/\/www.urlaubcornwall.de\/blog\/?s={search_term_string}\"},\"query-input\":\"required name=search_term_string\"}],\"inLanguage\":\"en-US\"},{\"@type\":\"WebPage\",\"@id\":\"https:\/\/www.urlaubcornwall.de\/blog\/wo-in-west-irland-urlaub-machen\/\",\"url\":\"https:\/\/www.urlaubcornwall.de\/blog\/wo-in-west-irland-urlaub-machen\/\",\"name\":\"Wo in West Irland Urlaub machen? - Urlaub &amp; Reisen\",\"isPartOf\":{\"@id\":\"https:\/\/www.urlaubcornwall.de\/blog\/#website\"},\"datePublished\":\"2023-07-17T09:29:18+00:00\",\"dateModified\":\"2024-05-31T12:30:43+00:00\",\"breadcrumb\":{\"@id\":\"https:\/\/www.urlaubcornwall.de\/blog\/wo-in-west-irland-urlaub-machen\/#breadcrumb\"},\"inLanguage\":\"en-US\",\"potentialAction\":[{\"@type\":\"ReadAction\",\"target\":[\"https:\/\/www.urlaubcornwall.de\/blog\/wo-in-west-irland-urlaub-machen\/\"]}]},{\"@type\":\"BreadcrumbList\",\"@id\":\"https:\/\/www.urlaubcornwall.de\/blog\/wo-in-west-irland-urlaub-machen\/#breadcrumb\",\"itemListElement\":[{\"@type\":\"ListItem\",\"position\":1,\"name\":\"Home\",\"item\":\"https:\/\/www.urlaubcornwall.de\/blog\/\"},{\"@type\":\"ListItem\",\"position\":2,\"name\":\"Wo in West Irland Urlaub machen?\"}]}]}<\/script>\n<!-- \/ Yoast SEO plugin. -->","yoast_head_json":{"title":"Wo in West Irland Urlaub machen? - Urlaub &amp; Reisen","robots":{"index":"index","follow":"follow","max-snippet":"max-snippet:-1","max-image-preview":"max-image-preview:large","max-video-preview":"max-video-preview:-1"},"canonical":"https:\/\/www.urlaubcornwall.de\/blog\/wo-in-west-irland-urlaub-machen\/","og_locale":"en_US","og_type":"article","og_title":"Wo in West Irland Urlaub machen? - Urlaub &amp; Reisen","og_description":"West Irland ist eine wundersch\u00f6ne Region mit viel zu bieten. Hier sind einige Ideen f\u00fcr einen Urlaub in West Irland: Cliffs of Moher: Die Cliffs of Moher sind eine der beliebtesten Touristenattraktionen Irlands. Sie sind die h\u00f6chsten Klippen Europas und bieten einen atemberaubenden Blick auf den Atlantik. Wanderung im Connemara National Park: Der Connemara National [&hellip;]","og_url":"https:\/\/www.urlaubcornwall.de\/blog\/wo-in-west-irland-urlaub-machen\/","og_site_name":"Urlaub &amp; Reisen","article_modified_time":"2024-05-31T12:30:43+00:00","og_image":[{"url":"https:\/\/www.urlaubcornwall.de\/blog\/wp-content\/uploads\/2024\/03\/cliffs-of-moher-irland.jpg"}],"twitter_card":"summary","twitter_misc":{"Est. reading time":"2 minutes"},"schema":{"@context":"https:\/\/schema.org","@graph":[{"@type":"WebSite","@id":"https:\/\/www.urlaubcornwall.de\/blog\/#website","url":"https:\/\/www.urlaubcornwall.de\/blog\/","name":"Urlaub &amp; Reisen","description":"Urlaub, Reisen, Cornwall und S\u00fcdengland: eine perfekte Kombination","potentialAction":[{"@type":"SearchAction","target":{"@type":"EntryPoint","urlTemplate":"https:\/\/www.urlaubcornwall.de\/blog\/?s={search_term_string}"},"query-input":"required name=search_term_string"}],"inLanguage":"en-US"},{"@type":"WebPage","@id":"https:\/\/www.urlaubcornwall.de\/blog\/wo-in-west-irland-urlaub-machen\/","url":"https:\/\/www.urlaubcornwall.de\/blog\/wo-in-west-irland-urlaub-machen\/","name":"Wo in West Irland Urlaub machen? - Urlaub &amp; Reisen","isPartOf":{"@id":"https:\/\/www.urlaubcornwall.de\/blog\/#website"},"datePublished":"2023-07-17T09:29:18+00:00","dateModified":"2024-05-31T12:30:43+00:00","breadcrumb":{"@id":"https:\/\/www.urlaubcornwall.de\/blog\/wo-in-west-irland-urlaub-machen\/#breadcrumb"},"inLanguage":"en-US","potentialAction":[{"@type":"ReadAction","target":["https:\/\/www.urlaubcornwall.de\/blog\/wo-in-west-irland-urlaub-machen\/"]}]},{"@type":"BreadcrumbList","@id":"https:\/\/www.urlaubcornwall.de\/blog\/wo-in-west-irland-urlaub-machen\/#breadcrumb","itemListElement":[{"@type":"ListItem","position":1,"name":"Home","item":"https:\/\/www.urlaubcornwall.de\/blog\/"},{"@type":"ListItem","position":2,"name":"Wo in West Irland Urlaub machen?"}]}]}},"_links":{"self":[{"href":"https:\/\/www.urlaubcornwall.de\/blog\/wp-json\/wp\/v2\/pages\/46804"}],"collection":[{"href":"https:\/\/www.urlaubcornwall.de\/blog\/wp-json\/wp\/v2\/pages"}],"about":[{"href":"https:\/\/www.urlaubcornwall.de\/blog\/wp-json\/wp\/v2\/types\/page"}],"author":[{"embeddable":true,"href":"https:\/\/www.urlaubcornwall.de\/blog\/wp-json\/wp\/v2\/users\/1"}],"replies":[{"embeddable":true,"href":"https:\/\/www.urlaubcornwall.de\/blog\/wp-json\/wp\/v2\/comments?post=46804"}],"version-history":[{"count":4,"href":"https:\/\/www.urlaubcornwall.de\/blog\/wp-json\/wp\/v2\/pages\/46804\/revisions"}],"predecessor-version":[{"id":51382,"href":"https:\/\/www.urlaubcornwall.de\/blog\/wp-json\/wp\/v2\/pages\/46804\/revisions\/51382"}],"wp:attachment":[{"href":"https:\/\/www.urlaubcornwall.de\/blog\/wp-json\/wp\/v2\/media?parent=46804"}],"curies":[{"name":"wp","href":"https:\/\/api.w.org\/{rel}","templated":true}]}}