{"id":46798,"date":"2023-07-17T08:35:39","date_gmt":"2023-07-17T08:35:39","guid":{"rendered":"https:\/\/www.urlaubcornwall.de\/blog\/?page_id=46798"},"modified":"2024-04-09T09:26:53","modified_gmt":"2024-04-09T09:26:53","slug":"was-sind-die-fuenf-naturwunder-irlands","status":"publish","type":"page","link":"https:\/\/www.urlaubcornwall.de\/blog\/was-sind-die-fuenf-naturwunder-irlands\/","title":{"rendered":"Was sind die f\u00fcnf Naturwunder Irlands?"},"content":{"rendered":"<p><a href=\"https:\/\/www.urlaubcornwall.de\/blog\/wp-content\/uploads\/2024\/03\/cliffs-of-moher-irland.jpg\"><img loading=\"lazy\" class=\"alignnone size-full wp-image-47810\" src=\"https:\/\/www.urlaubcornwall.de\/blog\/wp-content\/uploads\/2024\/03\/cliffs-of-moher-irland.jpg\" alt=\"cliffs of moher irland\" width=\"750\" height=\"500\" srcset=\"https:\/\/www.urlaubcornwall.de\/blog\/wp-content\/uploads\/2024\/03\/cliffs-of-moher-irland.jpg 750w, https:\/\/www.urlaubcornwall.de\/blog\/wp-content\/uploads\/2024\/03\/cliffs-of-moher-irland-300x200.jpg 300w\" sizes=\"(max-width: 750px) 100vw, 750px\" \/><\/a><\/p>\n<p>Die Cliffs of Moher sind die h\u00f6chsten Klippen Europas und liegen an der <a href=\"https:\/\/www.urlaubcornwall.de\/blog\/erleben-sie-irland-die-emerald-insel\/\">Westk\u00fcste Irlands<\/a>. Sie sind \u00fcber 214 Meter hoch und erstrecken sich \u00fcber eine L\u00e4nge von acht Kilometern. Die Klippen sind ein beliebtes Touristenziel und bieten einen atemberaubenden Blick auf den Atlantik.<\/p>\n<p>Die Aran Islands sind eine Gruppe von drei Inseln an der Westk\u00fcste Irlands. Die Inseln sind bekannt f\u00fcr ihre keltische Kultur, ihre Steinmauern und ihre zerkl\u00fcftete Landschaft. Die Aran Islands sind ein beliebtes Ziel f\u00fcr Wanderer, Radfahrer und Naturliebhaber.<\/p>\n<p><a href=\"https:\/\/www.urlaubcornwall.de\/blog\/wp-content\/uploads\/2024\/03\/giants-causeway.jpg\"><img loading=\"lazy\" src=\"https:\/\/www.urlaubcornwall.de\/blog\/wp-content\/uploads\/2024\/03\/giants-causeway.jpg\" alt=\"giants causeway\" width=\"750\" height=\"563\" class=\"alignnone size-full wp-image-47822\" srcset=\"https:\/\/www.urlaubcornwall.de\/blog\/wp-content\/uploads\/2024\/03\/giants-causeway.jpg 750w, https:\/\/www.urlaubcornwall.de\/blog\/wp-content\/uploads\/2024\/03\/giants-causeway-300x225.jpg 300w\" sizes=\"(max-width: 750px) 100vw, 750px\" \/><\/a><\/p>\n<p>Der Giant&#8217;s Causeway ist eine einzigartige Formation aus Basalts\u00e4ulen an der Nordk\u00fcste Irlands. Die S\u00e4ulen sind sechseckig und erstrecken sich \u00fcber eine Fl\u00e4che von 11 Kilometer. Der Giant&#8217;s Causeway ist ein UNESCO-Welterbe und ein beliebtes Touristenziel.<\/p>\n<p>Der Killarney National Park ist einer der \u00e4ltesten Nationalparks der Welt und liegt im S\u00fcdwesten Irlands. Der Park ist bekannt f\u00fcr seine Seen, Berge, W\u00e4lder und Moore. Der Killarney National Park ist ein beliebtes Ziel f\u00fcr Wanderer, Radfahrer, Angler und Naturliebhaber.<\/p>\n<p><a href=\"https:\/\/www.urlaubcornwall.de\/blog\/wp-content\/uploads\/2024\/03\/dingle-irland-urlaub.jpg\"><img loading=\"lazy\" src=\"https:\/\/www.urlaubcornwall.de\/blog\/wp-content\/uploads\/2024\/03\/dingle-irland-urlaub.jpg\" alt=\"dingle irland urlaub\" width=\"750\" height=\"501\" class=\"alignnone size-full wp-image-47979\" srcset=\"https:\/\/www.urlaubcornwall.de\/blog\/wp-content\/uploads\/2024\/03\/dingle-irland-urlaub.jpg 750w, https:\/\/www.urlaubcornwall.de\/blog\/wp-content\/uploads\/2024\/03\/dingle-irland-urlaub-300x200.jpg 300w\" sizes=\"(max-width: 750px) 100vw, 750px\" \/><\/a><\/p>\n<p>Der Ring of Kerry ist eine 179 Kilometer lange K\u00fcstenstra\u00dfe an der Westk\u00fcste <a href=\"https:\/\/www.urlaubcornwall.de\/blog\/erleben-sie-irland-die-emerald-insel\/\">Irlands<\/a>. Die Stra\u00dfe f\u00fchrt durch eine spektakul\u00e4re Landschaft mit Bergen, Seen, Klippen und Str\u00e4nden. Der Ring of Kerry ist ein beliebtes Touristenziel und bietet eine einzigartige M\u00f6glichkeit, die Sch\u00f6nheit Irlands zu erleben.<\/p>\n<h1>Unser Rundreisenservice in Irland<\/h1>\n<p>Weshalb \u00fcber uns buchen?<\/p>\n<p>Firmensitz in Cornwall und ein Team Deutsch sprechender Reisespezialisten.<\/p>\n<p>Wir haben eine Leidenschaft f\u00fcrs Reisen und gestalten den perfekten Urlaub.<\/p>\n<p>Ortskenntnisse und Insidertipps f\u00fcr unsere Kunden.<\/p>\n<p>Sonderangebote und Preisnachl\u00e4sse<\/p>\n<p>S\u00e4mtliche unserer Rundreisen sind durch einen voll versicherten deutschen Reiseveranstalter gesichert.<\/p>\n<p style=\"text-align: center;\"><a class=\"tidycta\" href=\"https:\/\/www.urlaubcornwall.de\/blog\/rundreisen-irland\/\"> Mehr Info<\/a><\/p>\n","protected":false},"excerpt":{"rendered":"<p>Die Cliffs of Moher sind die h\u00f6chsten Klippen Europas und liegen an der Westk\u00fcste Irlands. Sie sind \u00fcber 214 Meter hoch und erstrecken sich \u00fcber eine L\u00e4nge von acht Kilometern. Die Klippen sind ein beliebtes Touristenziel und bieten einen atemberaubenden Blick auf den Atlantik. Die Aran Islands sind eine Gruppe von drei Inseln an der [&hellip;]<\/p>\n","protected":false},"author":1,"featured_media":0,"parent":0,"menu_order":0,"comment_status":"closed","ping_status":"closed","template":"single-four.php","meta":[],"acf":[],"yoast_head":"<!-- This site is optimized with the Yoast SEO plugin v19.4 - https:\/\/yoast.com\/wordpress\/plugins\/seo\/ -->\n<title>Was sind die f\u00fcnf Naturwunder Irlands? - Urlaub &amp; Reisen<\/title>\n<meta name=\"robots\" content=\"index, follow, max-snippet:-1, max-image-preview:large, max-video-preview:-1\" \/>\n<link rel=\"canonical\" href=\"https:\/\/www.urlaubcornwall.de\/blog\/was-sind-die-fuenf-naturwunder-irlands\/\" \/>\n<meta property=\"og:locale\" content=\"en_US\" \/>\n<meta property=\"og:type\" content=\"article\" \/>\n<meta property=\"og:title\" content=\"Was sind die f\u00fcnf Naturwunder Irlands? - Urlaub &amp; Reisen\" \/>\n<meta property=\"og:description\" content=\"Die Cliffs of Moher sind die h\u00f6chsten Klippen Europas und liegen an der Westk\u00fcste Irlands. Sie sind \u00fcber 214 Meter hoch und erstrecken sich \u00fcber eine L\u00e4nge von acht Kilometern. Die Klippen sind ein beliebtes Touristenziel und bieten einen atemberaubenden Blick auf den Atlantik. Die Aran Islands sind eine Gruppe von drei Inseln an der [&hellip;]\" \/>\n<meta property=\"og:url\" content=\"https:\/\/www.urlaubcornwall.de\/blog\/was-sind-die-fuenf-naturwunder-irlands\/\" \/>\n<meta property=\"og:site_name\" content=\"Urlaub &amp; Reisen\" \/>\n<meta property=\"article:modified_time\" content=\"2024-04-09T09:26:53+00:00\" \/>\n<meta property=\"og:image\" content=\"https:\/\/www.urlaubcornwall.de\/blog\/wp-content\/uploads\/2024\/03\/cliffs-of-moher-irland.jpg\" \/>\n<meta name=\"twitter:card\" content=\"summary\" \/>\n<meta name=\"twitter:label1\" content=\"Est. reading time\" \/>\n\t<meta name=\"twitter:data1\" content=\"2 minutes\" \/>\n<script type=\"application\/ld+json\" class=\"yoast-schema-graph\">{\"@context\":\"https:\/\/schema.org\",\"@graph\":[{\"@type\":\"WebSite\",\"@id\":\"https:\/\/www.urlaubcornwall.de\/blog\/#website\",\"url\":\"https:\/\/www.urlaubcornwall.de\/blog\/\",\"name\":\"Urlaub &amp; Reisen\",\"description\":\"Urlaub, Reisen, Cornwall und S\u00fcdengland: eine perfekte Kombination\",\"potentialAction\":[{\"@type\":\"SearchAction\",\"target\":{\"@type\":\"EntryPoint\",\"urlTemplate\":\"https:\/\/www.urlaubcornwall.de\/blog\/?s={search_term_string}\"},\"query-input\":\"required name=search_term_string\"}],\"inLanguage\":\"en-US\"},{\"@type\":\"WebPage\",\"@id\":\"https:\/\/www.urlaubcornwall.de\/blog\/was-sind-die-fuenf-naturwunder-irlands\/\",\"url\":\"https:\/\/www.urlaubcornwall.de\/blog\/was-sind-die-fuenf-naturwunder-irlands\/\",\"name\":\"Was sind die f\u00fcnf Naturwunder Irlands? - Urlaub &amp; Reisen\",\"isPartOf\":{\"@id\":\"https:\/\/www.urlaubcornwall.de\/blog\/#website\"},\"datePublished\":\"2023-07-17T08:35:39+00:00\",\"dateModified\":\"2024-04-09T09:26:53+00:00\",\"breadcrumb\":{\"@id\":\"https:\/\/www.urlaubcornwall.de\/blog\/was-sind-die-fuenf-naturwunder-irlands\/#breadcrumb\"},\"inLanguage\":\"en-US\",\"potentialAction\":[{\"@type\":\"ReadAction\",\"target\":[\"https:\/\/www.urlaubcornwall.de\/blog\/was-sind-die-fuenf-naturwunder-irlands\/\"]}]},{\"@type\":\"BreadcrumbList\",\"@id\":\"https:\/\/www.urlaubcornwall.de\/blog\/was-sind-die-fuenf-naturwunder-irlands\/#breadcrumb\",\"itemListElement\":[{\"@type\":\"ListItem\",\"position\":1,\"name\":\"Home\",\"item\":\"https:\/\/www.urlaubcornwall.de\/blog\/\"},{\"@type\":\"ListItem\",\"position\":2,\"name\":\"Was sind die f\u00fcnf Naturwunder Irlands?\"}]}]}<\/script>\n<!-- \/ Yoast SEO plugin. -->","yoast_head_json":{"title":"Was sind die f\u00fcnf Naturwunder Irlands? - Urlaub &amp; Reisen","robots":{"index":"index","follow":"follow","max-snippet":"max-snippet:-1","max-image-preview":"max-image-preview:large","max-video-preview":"max-video-preview:-1"},"canonical":"https:\/\/www.urlaubcornwall.de\/blog\/was-sind-die-fuenf-naturwunder-irlands\/","og_locale":"en_US","og_type":"article","og_title":"Was sind die f\u00fcnf Naturwunder Irlands? - Urlaub &amp; Reisen","og_description":"Die Cliffs of Moher sind die h\u00f6chsten Klippen Europas und liegen an der Westk\u00fcste Irlands. Sie sind \u00fcber 214 Meter hoch und erstrecken sich \u00fcber eine L\u00e4nge von acht Kilometern. Die Klippen sind ein beliebtes Touristenziel und bieten einen atemberaubenden Blick auf den Atlantik. Die Aran Islands sind eine Gruppe von drei Inseln an der [&hellip;]","og_url":"https:\/\/www.urlaubcornwall.de\/blog\/was-sind-die-fuenf-naturwunder-irlands\/","og_site_name":"Urlaub &amp; Reisen","article_modified_time":"2024-04-09T09:26:53+00:00","og_image":[{"url":"https:\/\/www.urlaubcornwall.de\/blog\/wp-content\/uploads\/2024\/03\/cliffs-of-moher-irland.jpg"}],"twitter_card":"summary","twitter_misc":{"Est. reading time":"2 minutes"},"schema":{"@context":"https:\/\/schema.org","@graph":[{"@type":"WebSite","@id":"https:\/\/www.urlaubcornwall.de\/blog\/#website","url":"https:\/\/www.urlaubcornwall.de\/blog\/","name":"Urlaub &amp; Reisen","description":"Urlaub, Reisen, Cornwall und S\u00fcdengland: eine perfekte Kombination","potentialAction":[{"@type":"SearchAction","target":{"@type":"EntryPoint","urlTemplate":"https:\/\/www.urlaubcornwall.de\/blog\/?s={search_term_string}"},"query-input":"required name=search_term_string"}],"inLanguage":"en-US"},{"@type":"WebPage","@id":"https:\/\/www.urlaubcornwall.de\/blog\/was-sind-die-fuenf-naturwunder-irlands\/","url":"https:\/\/www.urlaubcornwall.de\/blog\/was-sind-die-fuenf-naturwunder-irlands\/","name":"Was sind die f\u00fcnf Naturwunder Irlands? - Urlaub &amp; Reisen","isPartOf":{"@id":"https:\/\/www.urlaubcornwall.de\/blog\/#website"},"datePublished":"2023-07-17T08:35:39+00:00","dateModified":"2024-04-09T09:26:53+00:00","breadcrumb":{"@id":"https:\/\/www.urlaubcornwall.de\/blog\/was-sind-die-fuenf-naturwunder-irlands\/#breadcrumb"},"inLanguage":"en-US","potentialAction":[{"@type":"ReadAction","target":["https:\/\/www.urlaubcornwall.de\/blog\/was-sind-die-fuenf-naturwunder-irlands\/"]}]},{"@type":"BreadcrumbList","@id":"https:\/\/www.urlaubcornwall.de\/blog\/was-sind-die-fuenf-naturwunder-irlands\/#breadcrumb","itemListElement":[{"@type":"ListItem","position":1,"name":"Home","item":"https:\/\/www.urlaubcornwall.de\/blog\/"},{"@type":"ListItem","position":2,"name":"Was sind die f\u00fcnf Naturwunder Irlands?"}]}]}},"_links":{"self":[{"href":"https:\/\/www.urlaubcornwall.de\/blog\/wp-json\/wp\/v2\/pages\/46798"}],"collection":[{"href":"https:\/\/www.urlaubcornwall.de\/blog\/wp-json\/wp\/v2\/pages"}],"about":[{"href":"https:\/\/www.urlaubcornwall.de\/blog\/wp-json\/wp\/v2\/types\/page"}],"author":[{"embeddable":true,"href":"https:\/\/www.urlaubcornwall.de\/blog\/wp-json\/wp\/v2\/users\/1"}],"replies":[{"embeddable":true,"href":"https:\/\/www.urlaubcornwall.de\/blog\/wp-json\/wp\/v2\/comments?post=46798"}],"version-history":[{"count":4,"href":"https:\/\/www.urlaubcornwall.de\/blog\/wp-json\/wp\/v2\/pages\/46798\/revisions"}],"predecessor-version":[{"id":49098,"href":"https:\/\/www.urlaubcornwall.de\/blog\/wp-json\/wp\/v2\/pages\/46798\/revisions\/49098"}],"wp:attachment":[{"href":"https:\/\/www.urlaubcornwall.de\/blog\/wp-json\/wp\/v2\/media?parent=46798"}],"curies":[{"name":"wp","href":"https:\/\/api.w.org\/{rel}","templated":true}]}}