{"id":46755,"date":"2023-06-13T09:41:05","date_gmt":"2023-06-13T09:41:05","guid":{"rendered":"https:\/\/www.urlaubcornwall.de\/blog\/?page_id=46755"},"modified":"2024-04-30T15:21:21","modified_gmt":"2024-04-30T15:21:21","slug":"kulturerbetouren-in-kent-sussex","status":"publish","type":"page","link":"https:\/\/www.urlaubcornwall.de\/blog\/kulturerbetouren-in-kent-sussex\/","title":{"rendered":"Was sind die besten Erlebnisse f\u00fcr Kulturelle Touren in Kent &#038; Sussex?"},"content":{"rendered":"<p>In <a href=\"https:\/\/www.urlaubcornwall.de\/reiseziel\/kent.php\">Kent<\/a> und <a href=\"https:\/\/www.urlaubcornwall.de\/reiseziel\/sussex.php\">Sussex<\/a> gibt es eine F\u00fclle von historischem Erbe und kulturellen Sehensw\u00fcrdigkeiten, die es zu entdecken gilt. Hier sind einige der besten Erlebnisse f\u00fcr Kulturerbetouren in dieser Region:<\/p>\n<p><img loading=\"lazy\" class=\"aligncenter size-full wp-image-48055\" src=\"https:\/\/www.urlaubcornwall.de\/blog\/wp-content\/uploads\/2024\/03\/canterbury-cathedral-kent.jpg\" alt=\"canterbury cathedral kent\" width=\"750\" height=\"437\" srcset=\"https:\/\/www.urlaubcornwall.de\/blog\/wp-content\/uploads\/2024\/03\/canterbury-cathedral-kent.jpg 750w, https:\/\/www.urlaubcornwall.de\/blog\/wp-content\/uploads\/2024\/03\/canterbury-cathedral-kent-300x175.jpg 300w\" sizes=\"(max-width: 750px) 100vw, 750px\" \/><\/p>\n<p>Canterbury Cathedral (Canterbury, Kent): Die <a href=\"https:\/\/www.urlaubcornwall.de\/blog\/canterbury-kent-unterkunft-sehenswuerdigkeiten-und-geschichte\/\">Canterbury<\/a> Cathedral ist eines der bedeutendsten religi\u00f6sen und kulturellen Zentren Englands. Als Sitz des Erzbischofs von Canterbury, dem h\u00f6chsten geistlichen F\u00fchrer der Church of England, ist die Kathedrale ein wichtiges Pilgerziel. Besucher k\u00f6nnen die beeindruckende Architektur, die mittelalterlichen Glasmalereien und das ber\u00fchmte Grabmal von Thomas Becket erkunden. Die Kathedrale ist auch f\u00fcr ihre musikalischen Veranstaltungen und Chorkonzerte bekannt.<\/p>\n<p>Leeds Castle (Maidstone, Kent): Leeds Castle ist ein beeindruckendes Schloss aus dem 12. Jahrhundert, das auf einer Insel in einem malerischen See liegt. Das Schloss hat eine bewegte Geschichte und diente als k\u00f6nigliche Residenz f\u00fcr K\u00f6nige und K\u00f6niginnen Englands. Besucher k\u00f6nnen die pr\u00e4chtigen Innenr\u00e4ume, die gepflegten G\u00e4rten und das Labyrinth erkunden. Das Schloss beherbergt auch eine Reihe von Veranstaltungen und Festivals im Laufe des Jahres.<\/p>\n<p><img loading=\"lazy\" class=\"aligncenter size-full wp-image-47986\" src=\"https:\/\/www.urlaubcornwall.de\/blog\/wp-content\/uploads\/2024\/03\/hever-castle.jpg\" alt=\"hever castle\" width=\"750\" height=\"500\" srcset=\"https:\/\/www.urlaubcornwall.de\/blog\/wp-content\/uploads\/2024\/03\/hever-castle.jpg 750w, https:\/\/www.urlaubcornwall.de\/blog\/wp-content\/uploads\/2024\/03\/hever-castle-300x200.jpg 300w\" sizes=\"(max-width: 750px) 100vw, 750px\" \/><\/p>\n<p>Hever Castle (Edenbridge, Kent): Hever Castle ist ein bezauberndes Schloss, das vor allem f\u00fcr seine Verbindung zur Familie Boleyn bekannt ist. Anne Boleyn, die zweite Ehefrau von K\u00f6nig Heinrich VIII., wuchs hier auf. Das Schloss beherbergt eine beeindruckende Sammlung von M\u00f6beln, Gem\u00e4lden und historischen Artefakten. Die gepflegten G\u00e4rten, darunter der Rosengarten und der italienische Garten, laden zum Spazieren und Verweilen ein.<\/p>\n<p>Battle Abbey (Battle, Ost Sussex): Die Battle Abbey ist ein historischer Ort, an dem die ber\u00fchmte Schlacht von Hastings im Jahr 1066 stattfand. Besucher k\u00f6nnen die beeindruckenden Ruinen der Abtei erkunden, die an den Ort erinnern, an dem K\u00f6nig Harold II. fiel und Wilhelm der Eroberer den Sieg errang. Das Besucherzentrum bietet Einblicke in die Ereignisse der Schlacht und die Geschichte des Mittelalters.<\/p>\n<p><img loading=\"lazy\" class=\"aligncenter size-full wp-image-31988\" src=\"https:\/\/www.urlaubcornwall.de\/blog\/wp-content\/uploads\/2018\/01\/Bodiam-Castle-urlaub-sussex.jpg\" alt=\"Bodiam Castle urlaub sussex\" width=\"750\" height=\"426\"\/><\/p>\n<p>Bodiam Castle (Robertsbridge, Ost Sussex): Bodiam Castle ist ein beeindruckendes Schloss aus dem 14. Jahrhundert, das von einem Wassergraben umgeben ist. Es gilt als eines der romantischsten Schl\u00f6sser Englands und ist bekannt f\u00fcr seine gut erhaltene \u00e4u\u00dfere Erscheinung. Besucher k\u00f6nnen die T\u00fcrme, Wehrg\u00e4nge und den Innenhof erkunden und einen Spaziergang durch die umliegenden G\u00e4rten und Landschaften machen.<\/p>\n<h1>Unser Rundreisenservice in S\u00fcdengland<\/h1>\n<p>Weshalb \u00fcber uns buchen?<\/p>\n<p>Firmensitz in Cornwall und ein Team Deutsch sprechender Reisespezialisten.<\/p>\n<p>Wir haben eine Leidenschaft f\u00fcrs Reisen und gestalten den perfekten Urlaub.<\/p>\n<p>Ortskenntnisse und Insidertipps f\u00fcr unsere Kunden.<\/p>\n<p>Sonderangebote und Preisnachl\u00e4sse<\/p>\n<p>S\u00e4mtliche unserer Rundreisen sind durch einen voll versicherten deutschen Reiseveranstalter gesichert.<\/p>\n<p style=\"text-align: center;\"><a class=\"tidycta\" href=\"https:\/\/www.urlaubcornwall.de\/rundreisen\/cornwall-suedengland.php\"> Mehr Info<\/a><\/p>\n<div class=\"snippet\"> <a class=\"featured-item\" href=\"https:\/\/www.urlaubcornwall.de\/ferienhaeuser\/suedengland.php\"> <span class=\"image-holder\" style=\"background-image: url('https:\/\/www.urlaubcornwall.de\/blog\/wp-content\/uploads\/2024\/03\/ferienhaus-england-cornwall.jpg');\"><\/span> <span class=\"featured-content\"> \n<h2 class=\"featured-title\">Ferienh\u00e4user in S\u00fcdengland<\/h2>\n<p class=\"featured-body\">Bei uns finden Sie Ferienh\u00e4user zum Verlieben &#8211; so einfach ist das! Dank seiner langen Geschichte, der reizvollen Landschaften und seinen vielen Attraktionen ist S\u00fcdengland ein wahres Mekka f\u00fcr Urlauber&#8230;..<\/p><\/span> <span class=\"featured-link-holder\"> <span class=\"featured-extra-info\"> \n<p>Pers\u00f6nlich inspizierter Ferienh\u00e4user<\/p>\n<\/span> \n<p class=\"featured-link\">DETAILS<\/p>\n<\/span> <\/a><\/div>\n","protected":false},"excerpt":{"rendered":"<p>In Kent und Sussex gibt es eine F\u00fclle von historischem Erbe und kulturellen Sehensw\u00fcrdigkeiten, die es zu entdecken gilt. Hier sind einige der besten Erlebnisse f\u00fcr Kulturerbetouren in dieser Region: Canterbury Cathedral (Canterbury, Kent): Die Canterbury Cathedral ist eines der bedeutendsten religi\u00f6sen und kulturellen Zentren Englands. Als Sitz des Erzbischofs von Canterbury, dem h\u00f6chsten geistlichen [&hellip;]<\/p>\n","protected":false},"author":1,"featured_media":0,"parent":0,"menu_order":0,"comment_status":"closed","ping_status":"closed","template":"single-four.php","meta":[],"acf":[],"yoast_head":"<!-- This site is optimized with the Yoast SEO plugin v19.4 - https:\/\/yoast.com\/wordpress\/plugins\/seo\/ -->\n<title>Was sind die besten Erlebnisse f\u00fcr Kulturelle Touren in Kent &amp; Sussex? - Urlaub &amp; Reisen<\/title>\n<meta name=\"description\" content=\"In Kent und Sussex gibt es eine F\u00fclle von historischem Erbe und kulturellen Sehensw\u00fcrdigkeiten, die es zu entdecken gilt. Hier sind einige\" \/>\n<meta name=\"robots\" content=\"index, follow, max-snippet:-1, max-image-preview:large, max-video-preview:-1\" \/>\n<link rel=\"canonical\" href=\"https:\/\/www.urlaubcornwall.de\/blog\/kulturerbetouren-in-kent-sussex\/\" \/>\n<meta property=\"og:locale\" content=\"en_US\" \/>\n<meta property=\"og:type\" content=\"article\" \/>\n<meta property=\"og:title\" content=\"Was sind die besten Erlebnisse f\u00fcr Kulturelle Touren in Kent &amp; Sussex? - Urlaub &amp; Reisen\" \/>\n<meta property=\"og:description\" content=\"In Kent und Sussex gibt es eine F\u00fclle von historischem Erbe und kulturellen Sehensw\u00fcrdigkeiten, die es zu entdecken gilt. Hier sind einige\" \/>\n<meta property=\"og:url\" content=\"https:\/\/www.urlaubcornwall.de\/blog\/kulturerbetouren-in-kent-sussex\/\" \/>\n<meta property=\"og:site_name\" content=\"Urlaub &amp; Reisen\" \/>\n<meta property=\"article:modified_time\" content=\"2024-04-30T15:21:21+00:00\" \/>\n<meta property=\"og:image\" content=\"https:\/\/www.urlaubcornwall.de\/blog\/wp-content\/uploads\/2024\/03\/canterbury-cathedral-kent.jpg\" \/>\n<meta name=\"twitter:card\" content=\"summary\" \/>\n<meta name=\"twitter:label1\" content=\"Est. reading time\" \/>\n\t<meta name=\"twitter:data1\" content=\"3 minutes\" \/>\n<script type=\"application\/ld+json\" class=\"yoast-schema-graph\">{\"@context\":\"https:\/\/schema.org\",\"@graph\":[{\"@type\":\"WebSite\",\"@id\":\"https:\/\/www.urlaubcornwall.de\/blog\/#website\",\"url\":\"https:\/\/www.urlaubcornwall.de\/blog\/\",\"name\":\"Urlaub &amp; Reisen\",\"description\":\"Urlaub, Reisen, Cornwall und S\u00fcdengland: eine perfekte Kombination\",\"potentialAction\":[{\"@type\":\"SearchAction\",\"target\":{\"@type\":\"EntryPoint\",\"urlTemplate\":\"https:\/\/www.urlaubcornwall.de\/blog\/?s={search_term_string}\"},\"query-input\":\"required name=search_term_string\"}],\"inLanguage\":\"en-US\"},{\"@type\":\"WebPage\",\"@id\":\"https:\/\/www.urlaubcornwall.de\/blog\/kulturerbetouren-in-kent-sussex\/\",\"url\":\"https:\/\/www.urlaubcornwall.de\/blog\/kulturerbetouren-in-kent-sussex\/\",\"name\":\"Was sind die besten Erlebnisse f\u00fcr Kulturelle Touren in Kent & Sussex? - Urlaub &amp; Reisen\",\"isPartOf\":{\"@id\":\"https:\/\/www.urlaubcornwall.de\/blog\/#website\"},\"datePublished\":\"2023-06-13T09:41:05+00:00\",\"dateModified\":\"2024-04-30T15:21:21+00:00\",\"description\":\"In Kent und Sussex gibt es eine F\u00fclle von historischem Erbe und kulturellen Sehensw\u00fcrdigkeiten, die es zu entdecken gilt. Hier sind einige\",\"breadcrumb\":{\"@id\":\"https:\/\/www.urlaubcornwall.de\/blog\/kulturerbetouren-in-kent-sussex\/#breadcrumb\"},\"inLanguage\":\"en-US\",\"potentialAction\":[{\"@type\":\"ReadAction\",\"target\":[\"https:\/\/www.urlaubcornwall.de\/blog\/kulturerbetouren-in-kent-sussex\/\"]}]},{\"@type\":\"BreadcrumbList\",\"@id\":\"https:\/\/www.urlaubcornwall.de\/blog\/kulturerbetouren-in-kent-sussex\/#breadcrumb\",\"itemListElement\":[{\"@type\":\"ListItem\",\"position\":1,\"name\":\"Home\",\"item\":\"https:\/\/www.urlaubcornwall.de\/blog\/\"},{\"@type\":\"ListItem\",\"position\":2,\"name\":\"Was sind die besten Erlebnisse f\u00fcr Kulturelle Touren in Kent &#038; Sussex?\"}]}]}<\/script>\n<!-- \/ Yoast SEO plugin. -->","yoast_head_json":{"title":"Was sind die besten Erlebnisse f\u00fcr Kulturelle Touren in Kent & Sussex? - Urlaub &amp; Reisen","description":"In Kent und Sussex gibt es eine F\u00fclle von historischem Erbe und kulturellen Sehensw\u00fcrdigkeiten, die es zu entdecken gilt. Hier sind einige","robots":{"index":"index","follow":"follow","max-snippet":"max-snippet:-1","max-image-preview":"max-image-preview:large","max-video-preview":"max-video-preview:-1"},"canonical":"https:\/\/www.urlaubcornwall.de\/blog\/kulturerbetouren-in-kent-sussex\/","og_locale":"en_US","og_type":"article","og_title":"Was sind die besten Erlebnisse f\u00fcr Kulturelle Touren in Kent & Sussex? - Urlaub &amp; Reisen","og_description":"In Kent und Sussex gibt es eine F\u00fclle von historischem Erbe und kulturellen Sehensw\u00fcrdigkeiten, die es zu entdecken gilt. Hier sind einige","og_url":"https:\/\/www.urlaubcornwall.de\/blog\/kulturerbetouren-in-kent-sussex\/","og_site_name":"Urlaub &amp; Reisen","article_modified_time":"2024-04-30T15:21:21+00:00","og_image":[{"url":"https:\/\/www.urlaubcornwall.de\/blog\/wp-content\/uploads\/2024\/03\/canterbury-cathedral-kent.jpg"}],"twitter_card":"summary","twitter_misc":{"Est. reading time":"3 minutes"},"schema":{"@context":"https:\/\/schema.org","@graph":[{"@type":"WebSite","@id":"https:\/\/www.urlaubcornwall.de\/blog\/#website","url":"https:\/\/www.urlaubcornwall.de\/blog\/","name":"Urlaub &amp; Reisen","description":"Urlaub, Reisen, Cornwall und S\u00fcdengland: eine perfekte Kombination","potentialAction":[{"@type":"SearchAction","target":{"@type":"EntryPoint","urlTemplate":"https:\/\/www.urlaubcornwall.de\/blog\/?s={search_term_string}"},"query-input":"required name=search_term_string"}],"inLanguage":"en-US"},{"@type":"WebPage","@id":"https:\/\/www.urlaubcornwall.de\/blog\/kulturerbetouren-in-kent-sussex\/","url":"https:\/\/www.urlaubcornwall.de\/blog\/kulturerbetouren-in-kent-sussex\/","name":"Was sind die besten Erlebnisse f\u00fcr Kulturelle Touren in Kent & Sussex? - Urlaub &amp; Reisen","isPartOf":{"@id":"https:\/\/www.urlaubcornwall.de\/blog\/#website"},"datePublished":"2023-06-13T09:41:05+00:00","dateModified":"2024-04-30T15:21:21+00:00","description":"In Kent und Sussex gibt es eine F\u00fclle von historischem Erbe und kulturellen Sehensw\u00fcrdigkeiten, die es zu entdecken gilt. Hier sind einige","breadcrumb":{"@id":"https:\/\/www.urlaubcornwall.de\/blog\/kulturerbetouren-in-kent-sussex\/#breadcrumb"},"inLanguage":"en-US","potentialAction":[{"@type":"ReadAction","target":["https:\/\/www.urlaubcornwall.de\/blog\/kulturerbetouren-in-kent-sussex\/"]}]},{"@type":"BreadcrumbList","@id":"https:\/\/www.urlaubcornwall.de\/blog\/kulturerbetouren-in-kent-sussex\/#breadcrumb","itemListElement":[{"@type":"ListItem","position":1,"name":"Home","item":"https:\/\/www.urlaubcornwall.de\/blog\/"},{"@type":"ListItem","position":2,"name":"Was sind die besten Erlebnisse f\u00fcr Kulturelle Touren in Kent &#038; Sussex?"}]}]}},"_links":{"self":[{"href":"https:\/\/www.urlaubcornwall.de\/blog\/wp-json\/wp\/v2\/pages\/46755"}],"collection":[{"href":"https:\/\/www.urlaubcornwall.de\/blog\/wp-json\/wp\/v2\/pages"}],"about":[{"href":"https:\/\/www.urlaubcornwall.de\/blog\/wp-json\/wp\/v2\/types\/page"}],"author":[{"embeddable":true,"href":"https:\/\/www.urlaubcornwall.de\/blog\/wp-json\/wp\/v2\/users\/1"}],"replies":[{"embeddable":true,"href":"https:\/\/www.urlaubcornwall.de\/blog\/wp-json\/wp\/v2\/comments?post=46755"}],"version-history":[{"count":7,"href":"https:\/\/www.urlaubcornwall.de\/blog\/wp-json\/wp\/v2\/pages\/46755\/revisions"}],"predecessor-version":[{"id":49956,"href":"https:\/\/www.urlaubcornwall.de\/blog\/wp-json\/wp\/v2\/pages\/46755\/revisions\/49956"}],"wp:attachment":[{"href":"https:\/\/www.urlaubcornwall.de\/blog\/wp-json\/wp\/v2\/media?parent=46755"}],"curies":[{"name":"wp","href":"https:\/\/api.w.org\/{rel}","templated":true}]}}