{"id":46753,"date":"2023-06-13T09:12:38","date_gmt":"2023-06-13T09:12:38","guid":{"rendered":"https:\/\/www.urlaubcornwall.de\/blog\/?page_id=46753"},"modified":"2024-04-30T15:21:36","modified_gmt":"2024-04-30T15:21:36","slug":"kulturelle-touren-in-suedengland","status":"publish","type":"page","link":"https:\/\/www.urlaubcornwall.de\/blog\/kulturelle-touren-in-suedengland\/","title":{"rendered":"Was sind die besten Erlebnisse f\u00fcr Kulturelle Touren in S\u00fcdengland?"},"content":{"rendered":"<p><a href=\"https:\/\/www.urlaubcornwall.de\/reiseziel\/suedengland.php\">S\u00fcdengland ist reich an kulturellem Erbe<\/a> und bietet eine F\u00fclle von Erlebnissen f\u00fcr Kulturerbetouren. Hier sind einige der besten Erlebnisse, die Sie in S\u00fcdengland genie\u00dfen k\u00f6nnen:<\/p>\n<p><img loading=\"lazy\" class=\"aligncenter size-full wp-image-48025\" src=\"https:\/\/www.urlaubcornwall.de\/blog\/wp-content\/uploads\/2024\/03\/stonehenge-1.jpg\" alt=\"stonehenge\" width=\"750\" height=\"500\" srcset=\"https:\/\/www.urlaubcornwall.de\/blog\/wp-content\/uploads\/2024\/03\/stonehenge-1.jpg 750w, https:\/\/www.urlaubcornwall.de\/blog\/wp-content\/uploads\/2024\/03\/stonehenge-1-300x200.jpg 300w\" sizes=\"(max-width: 750px) 100vw, 750px\" \/><\/p>\n<p>Stonehenge: Eine der bekanntesten <a href=\"https:\/\/www.urlaubcornwall.de\/blog\/was-ist-besonders-an-stonehenge\/\">pr\u00e4historischen St\u00e4tten der Welt und ein UNESCO-Weltkulturerbe<\/a>. Diese beeindruckenden Steinkreise, die \u00fcber 5.000 Jahre alt sind, ziehen jedes Jahr Millionen von Besuchern an. Sie k\u00f6nnen Stonehenge besuchen, um die mystische Atmosph\u00e4re zu sp\u00fcren, die beeindruckende Konstruktion zu bewundern und mehr \u00fcber ihre Geschichte und Bedeutung zu erfahren.<\/p>\n<p>Bath: Die <a href=\"https:\/\/www.urlaubcornwall.de\/blog\/wie-macht-man-das-beste-aus-einem-besuch-in-bath\/\">Stadt Bath ist f\u00fcr ihre r\u00f6mischen B\u00e4der bekannt<\/a>, die ebenfalls zum UNESCO-Weltkulturerbe geh\u00f6ren. Besucher k\u00f6nnen die gut erhaltenen r\u00f6mischen B\u00e4der erkunden, in denen einst die R\u00f6mer badeten, und mehr \u00fcber die r\u00f6mische Geschichte und das Leben in der Antike erfahren. Ein Highlight ist das beeindruckende Great Bath, das von r\u00f6mischer Architektur und Statuen umgeben ist.<\/p>\n<p><img loading=\"lazy\" class=\"aligncenter size-full wp-image-47833\" src=\"https:\/\/www.urlaubcornwall.de\/blog\/wp-content\/uploads\/2024\/03\/salisbury-cathederal.jpg\" alt=\"salisbury cathederal\" width=\"750\" height=\"409\" srcset=\"https:\/\/www.urlaubcornwall.de\/blog\/wp-content\/uploads\/2024\/03\/salisbury-cathederal.jpg 750w, https:\/\/www.urlaubcornwall.de\/blog\/wp-content\/uploads\/2024\/03\/salisbury-cathederal-300x164.jpg 300w\" sizes=\"(max-width: 750px) 100vw, 750px\" \/><\/p>\n<p>Salisbury Cathedral: Das herausragende Wahrzeichen von Salisbury ist die Salisbury Cathedral, eine der sch\u00f6nsten gotischen Kathedralen Englands. Sie wurde im 13. Jahrhundert erbaut und ist f\u00fcr ihre atemberaubende Architektur, ihre hohen Gew\u00f6lbedecken, ihre kunstvollen Glasfenster und den ber\u00fchmten Kirchturm bekannt. Der 123 Meter hohe Kirchturm bietet eine spektakul\u00e4re Aussicht auf die Stadt und die umliegende Landschaft. Im Inneren der Kathedrale finden Besucher das \u00e4lteste funktionierende Uhrwerk der Welt, eine der vier erhaltenen Kopien der Magna Carta und eine beeindruckende Sammlung von Skulpturen und Grabm\u00e4lern.<\/p>\n<p>Canterbury Cathedral: Eine der wichtigsten religi\u00f6sen Geb\u00e4ude Englands und der Sitz des Erzbischofs von <a href=\"https:\/\/www.urlaubcornwall.de\/blog\/canterbury-kent-unterkunft-sehenswuerdigkeiten-und-geschichte\/\">Canterbury<\/a>. Die Kathedrale ist bekannt f\u00fcr ihre beeindruckende gotische Architektur, ihre reiche Geschichte und ihre Bedeutung im Christentum. Besucher k\u00f6nnen die pr\u00e4chtigen Innenr\u00e4ume erkunden, die ber\u00fchmte M\u00e4rtyrer-Kapelle besichtigen und das historische St. Augustine&#8217;s Abbey besuchen.<\/p>\n<p><img loading=\"lazy\" class=\"aligncenter size-full wp-image-47907\" src=\"https:\/\/www.urlaubcornwall.de\/blog\/wp-content\/uploads\/2024\/03\/windsor-castle.jpg\" alt=\"windsor castle\" width=\"749\" height=\"569\" srcset=\"https:\/\/www.urlaubcornwall.de\/blog\/wp-content\/uploads\/2024\/03\/windsor-castle.jpg 749w, https:\/\/www.urlaubcornwall.de\/blog\/wp-content\/uploads\/2024\/03\/windsor-castle-300x228.jpg 300w\" sizes=\"(max-width: 749px) 100vw, 749px\" \/><\/p>\n<p>Windsor Castle: <a href=\"https:\/\/www.urlaubcornwall.de\/blog\/schloss-windsor-historische-haeuser-gaerten-berkshire\/\">Schloss Windsor ist eine der \u00e4ltesten und gr\u00f6\u00dften bewohnten Burgen der Welt<\/a> und eine offizielle Residenz der britischen K\u00f6nigin. Besucher k\u00f6nnen die pr\u00e4chtige Architektur, die opulenten Staatsgem\u00e4cher und die beeindruckenden G\u00e4rten erkunden. Das Schloss ist auch f\u00fcr seine Wachabl\u00f6sung bekannt, die eine beeindruckende Zeremonie bietet.<\/p>\n<h1>Unser Rundreisenservice in S\u00fcdengland<\/h1>\n<p>Weshalb \u00fcber uns buchen?<\/p>\n<p>Firmensitz in Cornwall und ein Team Deutsch sprechender Reisespezialisten.<\/p>\n<p>Wir haben eine Leidenschaft f\u00fcrs Reisen und gestalten den perfekten Urlaub.<\/p>\n<p>Ortskenntnisse und Insidertipps f\u00fcr unsere Kunden.<\/p>\n<p>Sonderangebote und Preisnachl\u00e4sse<\/p>\n<p>S\u00e4mtliche unserer Rundreisen sind durch einen voll versicherten deutschen Reiseveranstalter gesichert.<\/p>\n<p style=\"text-align: center;\"><a class=\"tidycta\" href=\"https:\/\/www.urlaubcornwall.de\/rundreisen\/cornwall-suedengland.php\"> Mehr Info<\/a><\/p>\n<div class=\"snippet\"> <a class=\"featured-item\" href=\"https:\/\/www.urlaubcornwall.de\/ferienhaeuser\/suedengland.php\"> <span class=\"image-holder\" style=\"background-image: url('https:\/\/www.urlaubcornwall.de\/blog\/wp-content\/uploads\/2024\/03\/ferienhaus-england-cornwall.jpg');\"><\/span> <span class=\"featured-content\"> \n<h2 class=\"featured-title\">Ferienh\u00e4user in S\u00fcdengland<\/h2>\n<p class=\"featured-body\">Bei uns finden Sie Ferienh\u00e4user zum Verlieben &#8211; so einfach ist das! Dank seiner langen Geschichte, der reizvollen Landschaften und seinen vielen Attraktionen ist S\u00fcdengland ein wahres Mekka f\u00fcr Urlauber&#8230;..<\/p><\/span> <span class=\"featured-link-holder\"> <span class=\"featured-extra-info\"> \n<p>Pers\u00f6nlich inspizierter Ferienh\u00e4user<\/p>\n<\/span> \n<p class=\"featured-link\">DETAILS<\/p>\n<\/span> <\/a><\/div>\n","protected":false},"excerpt":{"rendered":"<p>S\u00fcdengland ist reich an kulturellem Erbe und bietet eine F\u00fclle von Erlebnissen f\u00fcr Kulturerbetouren. Hier sind einige der besten Erlebnisse, die Sie in S\u00fcdengland genie\u00dfen k\u00f6nnen: Stonehenge: Eine der bekanntesten pr\u00e4historischen St\u00e4tten der Welt und ein UNESCO-Weltkulturerbe. Diese beeindruckenden Steinkreise, die \u00fcber 5.000 Jahre alt sind, ziehen jedes Jahr Millionen von Besuchern an. Sie k\u00f6nnen [&hellip;]<\/p>\n","protected":false},"author":1,"featured_media":0,"parent":0,"menu_order":0,"comment_status":"closed","ping_status":"closed","template":"single-four.php","meta":[],"acf":[],"yoast_head":"<!-- This site is optimized with the Yoast SEO plugin v19.4 - https:\/\/yoast.com\/wordpress\/plugins\/seo\/ -->\n<title>Was sind die besten Erlebnisse f\u00fcr Kulturelle Touren in S\u00fcdengland? - Urlaub &amp; Reisen<\/title>\n<meta name=\"description\" content=\"S\u00fcdengland ist reich an kulturellem Erbe und bietet eine F\u00fclle von Erlebnissen f\u00fcr Kulturerbetouren. Hier sind einige der besten Erlebnisse\" \/>\n<meta name=\"robots\" content=\"index, follow, max-snippet:-1, max-image-preview:large, max-video-preview:-1\" \/>\n<link rel=\"canonical\" href=\"https:\/\/www.urlaubcornwall.de\/blog\/kulturelle-touren-in-suedengland\/\" \/>\n<meta property=\"og:locale\" content=\"en_US\" \/>\n<meta property=\"og:type\" content=\"article\" \/>\n<meta property=\"og:title\" content=\"Was sind die besten Erlebnisse f\u00fcr Kulturelle Touren in S\u00fcdengland? - Urlaub &amp; Reisen\" \/>\n<meta property=\"og:description\" content=\"S\u00fcdengland ist reich an kulturellem Erbe und bietet eine F\u00fclle von Erlebnissen f\u00fcr Kulturerbetouren. Hier sind einige der besten Erlebnisse\" \/>\n<meta property=\"og:url\" content=\"https:\/\/www.urlaubcornwall.de\/blog\/kulturelle-touren-in-suedengland\/\" \/>\n<meta property=\"og:site_name\" content=\"Urlaub &amp; Reisen\" \/>\n<meta property=\"article:modified_time\" content=\"2024-04-30T15:21:36+00:00\" \/>\n<meta property=\"og:image\" content=\"https:\/\/www.urlaubcornwall.de\/blog\/wp-content\/uploads\/2024\/03\/stonehenge-1.jpg\" \/>\n<meta name=\"twitter:card\" content=\"summary\" \/>\n<meta name=\"twitter:label1\" content=\"Est. reading time\" \/>\n\t<meta name=\"twitter:data1\" content=\"3 minutes\" \/>\n<script type=\"application\/ld+json\" class=\"yoast-schema-graph\">{\"@context\":\"https:\/\/schema.org\",\"@graph\":[{\"@type\":\"WebSite\",\"@id\":\"https:\/\/www.urlaubcornwall.de\/blog\/#website\",\"url\":\"https:\/\/www.urlaubcornwall.de\/blog\/\",\"name\":\"Urlaub &amp; Reisen\",\"description\":\"Urlaub, Reisen, Cornwall und S\u00fcdengland: eine perfekte Kombination\",\"potentialAction\":[{\"@type\":\"SearchAction\",\"target\":{\"@type\":\"EntryPoint\",\"urlTemplate\":\"https:\/\/www.urlaubcornwall.de\/blog\/?s={search_term_string}\"},\"query-input\":\"required name=search_term_string\"}],\"inLanguage\":\"en-US\"},{\"@type\":\"WebPage\",\"@id\":\"https:\/\/www.urlaubcornwall.de\/blog\/kulturelle-touren-in-suedengland\/\",\"url\":\"https:\/\/www.urlaubcornwall.de\/blog\/kulturelle-touren-in-suedengland\/\",\"name\":\"Was sind die besten Erlebnisse f\u00fcr Kulturelle Touren in S\u00fcdengland? - Urlaub &amp; Reisen\",\"isPartOf\":{\"@id\":\"https:\/\/www.urlaubcornwall.de\/blog\/#website\"},\"datePublished\":\"2023-06-13T09:12:38+00:00\",\"dateModified\":\"2024-04-30T15:21:36+00:00\",\"description\":\"S\u00fcdengland ist reich an kulturellem Erbe und bietet eine F\u00fclle von Erlebnissen f\u00fcr Kulturerbetouren. Hier sind einige der besten Erlebnisse\",\"breadcrumb\":{\"@id\":\"https:\/\/www.urlaubcornwall.de\/blog\/kulturelle-touren-in-suedengland\/#breadcrumb\"},\"inLanguage\":\"en-US\",\"potentialAction\":[{\"@type\":\"ReadAction\",\"target\":[\"https:\/\/www.urlaubcornwall.de\/blog\/kulturelle-touren-in-suedengland\/\"]}]},{\"@type\":\"BreadcrumbList\",\"@id\":\"https:\/\/www.urlaubcornwall.de\/blog\/kulturelle-touren-in-suedengland\/#breadcrumb\",\"itemListElement\":[{\"@type\":\"ListItem\",\"position\":1,\"name\":\"Home\",\"item\":\"https:\/\/www.urlaubcornwall.de\/blog\/\"},{\"@type\":\"ListItem\",\"position\":2,\"name\":\"Was sind die besten Erlebnisse f\u00fcr Kulturelle Touren in S\u00fcdengland?\"}]}]}<\/script>\n<!-- \/ Yoast SEO plugin. -->","yoast_head_json":{"title":"Was sind die besten Erlebnisse f\u00fcr Kulturelle Touren in S\u00fcdengland? - Urlaub &amp; Reisen","description":"S\u00fcdengland ist reich an kulturellem Erbe und bietet eine F\u00fclle von Erlebnissen f\u00fcr Kulturerbetouren. Hier sind einige der besten Erlebnisse","robots":{"index":"index","follow":"follow","max-snippet":"max-snippet:-1","max-image-preview":"max-image-preview:large","max-video-preview":"max-video-preview:-1"},"canonical":"https:\/\/www.urlaubcornwall.de\/blog\/kulturelle-touren-in-suedengland\/","og_locale":"en_US","og_type":"article","og_title":"Was sind die besten Erlebnisse f\u00fcr Kulturelle Touren in S\u00fcdengland? - Urlaub &amp; Reisen","og_description":"S\u00fcdengland ist reich an kulturellem Erbe und bietet eine F\u00fclle von Erlebnissen f\u00fcr Kulturerbetouren. Hier sind einige der besten Erlebnisse","og_url":"https:\/\/www.urlaubcornwall.de\/blog\/kulturelle-touren-in-suedengland\/","og_site_name":"Urlaub &amp; Reisen","article_modified_time":"2024-04-30T15:21:36+00:00","og_image":[{"url":"https:\/\/www.urlaubcornwall.de\/blog\/wp-content\/uploads\/2024\/03\/stonehenge-1.jpg"}],"twitter_card":"summary","twitter_misc":{"Est. reading time":"3 minutes"},"schema":{"@context":"https:\/\/schema.org","@graph":[{"@type":"WebSite","@id":"https:\/\/www.urlaubcornwall.de\/blog\/#website","url":"https:\/\/www.urlaubcornwall.de\/blog\/","name":"Urlaub &amp; Reisen","description":"Urlaub, Reisen, Cornwall und S\u00fcdengland: eine perfekte Kombination","potentialAction":[{"@type":"SearchAction","target":{"@type":"EntryPoint","urlTemplate":"https:\/\/www.urlaubcornwall.de\/blog\/?s={search_term_string}"},"query-input":"required name=search_term_string"}],"inLanguage":"en-US"},{"@type":"WebPage","@id":"https:\/\/www.urlaubcornwall.de\/blog\/kulturelle-touren-in-suedengland\/","url":"https:\/\/www.urlaubcornwall.de\/blog\/kulturelle-touren-in-suedengland\/","name":"Was sind die besten Erlebnisse f\u00fcr Kulturelle Touren in S\u00fcdengland? - Urlaub &amp; Reisen","isPartOf":{"@id":"https:\/\/www.urlaubcornwall.de\/blog\/#website"},"datePublished":"2023-06-13T09:12:38+00:00","dateModified":"2024-04-30T15:21:36+00:00","description":"S\u00fcdengland ist reich an kulturellem Erbe und bietet eine F\u00fclle von Erlebnissen f\u00fcr Kulturerbetouren. Hier sind einige der besten Erlebnisse","breadcrumb":{"@id":"https:\/\/www.urlaubcornwall.de\/blog\/kulturelle-touren-in-suedengland\/#breadcrumb"},"inLanguage":"en-US","potentialAction":[{"@type":"ReadAction","target":["https:\/\/www.urlaubcornwall.de\/blog\/kulturelle-touren-in-suedengland\/"]}]},{"@type":"BreadcrumbList","@id":"https:\/\/www.urlaubcornwall.de\/blog\/kulturelle-touren-in-suedengland\/#breadcrumb","itemListElement":[{"@type":"ListItem","position":1,"name":"Home","item":"https:\/\/www.urlaubcornwall.de\/blog\/"},{"@type":"ListItem","position":2,"name":"Was sind die besten Erlebnisse f\u00fcr Kulturelle Touren in S\u00fcdengland?"}]}]}},"_links":{"self":[{"href":"https:\/\/www.urlaubcornwall.de\/blog\/wp-json\/wp\/v2\/pages\/46753"}],"collection":[{"href":"https:\/\/www.urlaubcornwall.de\/blog\/wp-json\/wp\/v2\/pages"}],"about":[{"href":"https:\/\/www.urlaubcornwall.de\/blog\/wp-json\/wp\/v2\/types\/page"}],"author":[{"embeddable":true,"href":"https:\/\/www.urlaubcornwall.de\/blog\/wp-json\/wp\/v2\/users\/1"}],"replies":[{"embeddable":true,"href":"https:\/\/www.urlaubcornwall.de\/blog\/wp-json\/wp\/v2\/comments?post=46753"}],"version-history":[{"count":8,"href":"https:\/\/www.urlaubcornwall.de\/blog\/wp-json\/wp\/v2\/pages\/46753\/revisions"}],"predecessor-version":[{"id":49957,"href":"https:\/\/www.urlaubcornwall.de\/blog\/wp-json\/wp\/v2\/pages\/46753\/revisions\/49957"}],"wp:attachment":[{"href":"https:\/\/www.urlaubcornwall.de\/blog\/wp-json\/wp\/v2\/media?parent=46753"}],"curies":[{"name":"wp","href":"https:\/\/api.w.org\/{rel}","templated":true}]}}