{"id":46749,"date":"2023-06-13T11:44:27","date_gmt":"2023-06-13T11:44:27","guid":{"rendered":"https:\/\/www.urlaubcornwall.de\/blog\/?page_id=46749"},"modified":"2024-05-31T12:25:56","modified_gmt":"2024-05-31T12:25:56","slug":"kulturerbetouren-in-schottland","status":"publish","type":"page","link":"https:\/\/www.urlaubcornwall.de\/blog\/kulturerbetouren-in-schottland\/","title":{"rendered":"Was sind die besten Erlebnisse f\u00fcr Kulturelle Touren in Schottland?"},"content":{"rendered":"<p>Schottland ist reich an Kultur und Geschichte und bietet eine Vielzahl von Erlebnissen f\u00fcr Kulturerbetouren. Hier sind einige der besten Erlebnisse, die Sie in Schottland genie\u00dfen k\u00f6nnen:<\/p>\n<p><img loading=\"lazy\" class=\"aligncenter size-full wp-image-48015\" src=\"https:\/\/www.urlaubcornwall.de\/blog\/wp-content\/uploads\/2024\/03\/Edinburgh-Castle-Edinburgh-schottland.jpg\" alt=\"Edinburgh Castle, Edinburgh, schottland\" width=\"750\" height=\"500\" srcset=\"https:\/\/www.urlaubcornwall.de\/blog\/wp-content\/uploads\/2024\/03\/Edinburgh-Castle-Edinburgh-schottland.jpg 750w, https:\/\/www.urlaubcornwall.de\/blog\/wp-content\/uploads\/2024\/03\/Edinburgh-Castle-Edinburgh-schottland-300x200.jpg 300w\" sizes=\"(max-width: 750px) 100vw, 750px\" \/><\/p>\n<p>Edinburgh Castle: Das Edinburgh Castle thront majest\u00e4tisch \u00fcber der Stadt und ist eine der bekanntesten historischen Sehensw\u00fcrdigkeiten Schottlands. Besucher k\u00f6nnen die beeindruckende Festung erkunden, die die schottische Geschichte und Kultur verk\u00f6rpert. Highlights sind der historische Great Hall, die k\u00f6niglichen Gem\u00e4cher, der Stone of Destiny und die Aussicht vom Castle Esplanade.<\/p>\n<p>Skara Brae: Skara Brae ist eine pr\u00e4historische Siedlung auf der <a href=\"https:\/\/www.urlaubcornwall.de\/blog\/urlaub-inseln-orkney-sehenswuerdigkeiten-geschichte-und-unterkunft\/\">Orkney-Insel<\/a> Mainland. Diese gut erhaltene neolithische Siedlung stammt aus der Zeit um 3000 v. Chr. und bietet einen faszinierenden Einblick in das Leben unserer fr\u00fchesten Vorfahren. Besucher k\u00f6nnen die Steinh\u00e4user erkunden und die Ausstellung im nahegelegenen Besucherzentrum besuchen.<\/p>\n<p>Isle of Skye: Die <a href=\"https:\/\/www.urlaubcornwall.de\/blog\/urlaub-insel-skye-sehenswuerdigkeiten-geschichte-und-unterkunft\/\">Insel Skye<\/a> bietet nicht nur atemberaubende Landschaften, sondern auch eine reiche kulturelle Geschichte. Besucher k\u00f6nnen das Dunvegan Castle erkunden, das seit \u00fcber 800 Jahren der Stammsitz des Clan MacLeod ist. Die Quiraing-Landschaft und die Old Man of Storr sind auch beliebte Ziele f\u00fcr Naturliebhaber und bieten eine einzigartige Kulisse f\u00fcr Wanderungen und Fotografie.<\/p>\n<p>The Royal Mile in Edinburgh: Die Royal Mile ist eine historische Stra\u00dfe, die das Edinburgh Castle mit dem Palace of Holyroodhouse verbindet. Entlang dieser ikonischen Stra\u00dfe finden Sie historische Geb\u00e4ude, Gesch\u00e4fte, Restaurants und Museen. Hier k\u00f6nnen Sie das gesch\u00e4ftige Treiben erleben, die St. Giles&#8217; Cathedral besichtigen, das schottische Parlament besuchen und in den Gassen der Altstadt spazieren gehen.<\/p>\n<p>Stirling Castle: Stirling Castle ist eine weitere bedeutende Festung in Schottland und hat eine wichtige Rolle in der schottischen Geschichte gespielt. Es war der Schauplatz vieler historischer Ereignisse, darunter die Kr\u00f6nung von Mary Queen of Scots. Besucher k\u00f6nnen die k\u00f6niglichen Gem\u00e4cher erkunden, die Aussicht vom Schlossh\u00fcgel genie\u00dfen und an einer interaktiven F\u00fchrung teilnehmen.<\/p>\n<h1>Unser Rundreisenservice in Schottland<\/h1>\n<p>Weshalb \u00fcber uns buchen?<\/p>\n<p>Firmensitz in Cornwall und ein Team Deutsch sprechender Reisespezialisten.<\/p>\n<p>Wir haben eine Leidenschaft f\u00fcrs Reisen und gestalten den perfekten Urlaub.<\/p>\n<p>Ortskenntnisse und Insidertipps f\u00fcr unsere Kunden.<\/p>\n<p>Sonderangebote und Preisnachl\u00e4sse<\/p>\n<p>S\u00e4mtliche unserer Rundreisen sind durch einen voll versicherten deutschen Reiseveranstalter gesichert.<\/p>\n<p style=\"text-align: center;\"><a class=\"tidycta\" href=\"https:\/\/www.urlaubcornwall.de\/blog\/rundreisen-schottland\/\"> Mehr Info<\/a><\/p>\n<div class=\"snippet\"> <a class=\"featured-item\" href=\" https:\/\/www.urlaubcornwall.de\/ferienhaeuser\/schottland.php\"> <span class=\"image-holder\" style=\"background-image: url(' https:\/\/www.urlaubcornwall.de\/blog\/wp-content\/uploads\/2019\/01\/urlaub-schottland-highlands-1.jpg ');\"><\/span> <span class=\"featured-content\"> \n<h2 class=\"featured-title\">Bei uns finden Sie Ferienh\u00e4user in Schottland zum Verlieben!<\/h2>\n<p class=\"featured-body\">Untenstehend finden Sie eine Auswahl an Ferienh\u00e4usern in Schottland. Hier finden Sie pers\u00f6nlich inspizierte Cottages entlang der schottischen K\u00fcste, in den schottischen Highlands und auf den Inseln&#8230;..<\/p>\n<\/span> <span class=\"featured-link-holder\"> <span class=\"featured-extra-info\"> \n<p>F\u00fcr Paare, Familien &#038; Gruppen<\/p>\n<\/span> \n<p class=\"featured-link\">DETAILS<\/p>\n<\/span> <\/a><\/div>\n","protected":false},"excerpt":{"rendered":"<p>Schottland ist reich an Kultur und Geschichte und bietet eine Vielzahl von Erlebnissen f\u00fcr Kulturerbetouren. Hier sind einige der besten Erlebnisse, die Sie in Schottland genie\u00dfen k\u00f6nnen: Edinburgh Castle: Das Edinburgh Castle thront majest\u00e4tisch \u00fcber der Stadt und ist eine der bekanntesten historischen Sehensw\u00fcrdigkeiten Schottlands. Besucher k\u00f6nnen die beeindruckende Festung erkunden, die die schottische Geschichte [&hellip;]<\/p>\n","protected":false},"author":1,"featured_media":0,"parent":0,"menu_order":0,"comment_status":"closed","ping_status":"closed","template":"single-four.php","meta":[],"acf":[],"yoast_head":"<!-- This site is optimized with the Yoast SEO plugin v19.4 - https:\/\/yoast.com\/wordpress\/plugins\/seo\/ -->\n<title>Was sind die besten Erlebnisse f\u00fcr Kulturelle Touren in Schottland? - Urlaub &amp; Reisen<\/title>\n<meta name=\"description\" content=\"Schottland ist reich an Kultur und Geschichte und bietet eine Vielzahl von Erlebnissen f\u00fcr Kulturerbetouren. Hier sind einige der besten\" \/>\n<meta name=\"robots\" content=\"index, follow, max-snippet:-1, max-image-preview:large, max-video-preview:-1\" \/>\n<link rel=\"canonical\" href=\"https:\/\/www.urlaubcornwall.de\/blog\/kulturerbetouren-in-schottland\/\" \/>\n<meta property=\"og:locale\" content=\"en_US\" \/>\n<meta property=\"og:type\" content=\"article\" \/>\n<meta property=\"og:title\" content=\"Was sind die besten Erlebnisse f\u00fcr Kulturelle Touren in Schottland? - Urlaub &amp; Reisen\" \/>\n<meta property=\"og:description\" content=\"Schottland ist reich an Kultur und Geschichte und bietet eine Vielzahl von Erlebnissen f\u00fcr Kulturerbetouren. Hier sind einige der besten\" \/>\n<meta property=\"og:url\" content=\"https:\/\/www.urlaubcornwall.de\/blog\/kulturerbetouren-in-schottland\/\" \/>\n<meta property=\"og:site_name\" content=\"Urlaub &amp; Reisen\" \/>\n<meta property=\"article:modified_time\" content=\"2024-05-31T12:25:56+00:00\" \/>\n<meta property=\"og:image\" content=\"https:\/\/www.urlaubcornwall.de\/blog\/wp-content\/uploads\/2024\/03\/Edinburgh-Castle-Edinburgh-schottland.jpg\" \/>\n<meta name=\"twitter:card\" content=\"summary\" \/>\n<meta name=\"twitter:label1\" content=\"Est. reading time\" \/>\n\t<meta name=\"twitter:data1\" content=\"3 minutes\" \/>\n<script type=\"application\/ld+json\" class=\"yoast-schema-graph\">{\"@context\":\"https:\/\/schema.org\",\"@graph\":[{\"@type\":\"WebSite\",\"@id\":\"https:\/\/www.urlaubcornwall.de\/blog\/#website\",\"url\":\"https:\/\/www.urlaubcornwall.de\/blog\/\",\"name\":\"Urlaub &amp; Reisen\",\"description\":\"Urlaub, Reisen, Cornwall und S\u00fcdengland: eine perfekte Kombination\",\"potentialAction\":[{\"@type\":\"SearchAction\",\"target\":{\"@type\":\"EntryPoint\",\"urlTemplate\":\"https:\/\/www.urlaubcornwall.de\/blog\/?s={search_term_string}\"},\"query-input\":\"required name=search_term_string\"}],\"inLanguage\":\"en-US\"},{\"@type\":\"WebPage\",\"@id\":\"https:\/\/www.urlaubcornwall.de\/blog\/kulturerbetouren-in-schottland\/\",\"url\":\"https:\/\/www.urlaubcornwall.de\/blog\/kulturerbetouren-in-schottland\/\",\"name\":\"Was sind die besten Erlebnisse f\u00fcr Kulturelle Touren in Schottland? - Urlaub &amp; Reisen\",\"isPartOf\":{\"@id\":\"https:\/\/www.urlaubcornwall.de\/blog\/#website\"},\"datePublished\":\"2023-06-13T11:44:27+00:00\",\"dateModified\":\"2024-05-31T12:25:56+00:00\",\"description\":\"Schottland ist reich an Kultur und Geschichte und bietet eine Vielzahl von Erlebnissen f\u00fcr Kulturerbetouren. Hier sind einige der besten\",\"breadcrumb\":{\"@id\":\"https:\/\/www.urlaubcornwall.de\/blog\/kulturerbetouren-in-schottland\/#breadcrumb\"},\"inLanguage\":\"en-US\",\"potentialAction\":[{\"@type\":\"ReadAction\",\"target\":[\"https:\/\/www.urlaubcornwall.de\/blog\/kulturerbetouren-in-schottland\/\"]}]},{\"@type\":\"BreadcrumbList\",\"@id\":\"https:\/\/www.urlaubcornwall.de\/blog\/kulturerbetouren-in-schottland\/#breadcrumb\",\"itemListElement\":[{\"@type\":\"ListItem\",\"position\":1,\"name\":\"Home\",\"item\":\"https:\/\/www.urlaubcornwall.de\/blog\/\"},{\"@type\":\"ListItem\",\"position\":2,\"name\":\"Was sind die besten Erlebnisse f\u00fcr Kulturelle Touren in Schottland?\"}]}]}<\/script>\n<!-- \/ Yoast SEO plugin. -->","yoast_head_json":{"title":"Was sind die besten Erlebnisse f\u00fcr Kulturelle Touren in Schottland? - Urlaub &amp; Reisen","description":"Schottland ist reich an Kultur und Geschichte und bietet eine Vielzahl von Erlebnissen f\u00fcr Kulturerbetouren. Hier sind einige der besten","robots":{"index":"index","follow":"follow","max-snippet":"max-snippet:-1","max-image-preview":"max-image-preview:large","max-video-preview":"max-video-preview:-1"},"canonical":"https:\/\/www.urlaubcornwall.de\/blog\/kulturerbetouren-in-schottland\/","og_locale":"en_US","og_type":"article","og_title":"Was sind die besten Erlebnisse f\u00fcr Kulturelle Touren in Schottland? - Urlaub &amp; Reisen","og_description":"Schottland ist reich an Kultur und Geschichte und bietet eine Vielzahl von Erlebnissen f\u00fcr Kulturerbetouren. Hier sind einige der besten","og_url":"https:\/\/www.urlaubcornwall.de\/blog\/kulturerbetouren-in-schottland\/","og_site_name":"Urlaub &amp; Reisen","article_modified_time":"2024-05-31T12:25:56+00:00","og_image":[{"url":"https:\/\/www.urlaubcornwall.de\/blog\/wp-content\/uploads\/2024\/03\/Edinburgh-Castle-Edinburgh-schottland.jpg"}],"twitter_card":"summary","twitter_misc":{"Est. reading time":"3 minutes"},"schema":{"@context":"https:\/\/schema.org","@graph":[{"@type":"WebSite","@id":"https:\/\/www.urlaubcornwall.de\/blog\/#website","url":"https:\/\/www.urlaubcornwall.de\/blog\/","name":"Urlaub &amp; Reisen","description":"Urlaub, Reisen, Cornwall und S\u00fcdengland: eine perfekte Kombination","potentialAction":[{"@type":"SearchAction","target":{"@type":"EntryPoint","urlTemplate":"https:\/\/www.urlaubcornwall.de\/blog\/?s={search_term_string}"},"query-input":"required name=search_term_string"}],"inLanguage":"en-US"},{"@type":"WebPage","@id":"https:\/\/www.urlaubcornwall.de\/blog\/kulturerbetouren-in-schottland\/","url":"https:\/\/www.urlaubcornwall.de\/blog\/kulturerbetouren-in-schottland\/","name":"Was sind die besten Erlebnisse f\u00fcr Kulturelle Touren in Schottland? - Urlaub &amp; Reisen","isPartOf":{"@id":"https:\/\/www.urlaubcornwall.de\/blog\/#website"},"datePublished":"2023-06-13T11:44:27+00:00","dateModified":"2024-05-31T12:25:56+00:00","description":"Schottland ist reich an Kultur und Geschichte und bietet eine Vielzahl von Erlebnissen f\u00fcr Kulturerbetouren. Hier sind einige der besten","breadcrumb":{"@id":"https:\/\/www.urlaubcornwall.de\/blog\/kulturerbetouren-in-schottland\/#breadcrumb"},"inLanguage":"en-US","potentialAction":[{"@type":"ReadAction","target":["https:\/\/www.urlaubcornwall.de\/blog\/kulturerbetouren-in-schottland\/"]}]},{"@type":"BreadcrumbList","@id":"https:\/\/www.urlaubcornwall.de\/blog\/kulturerbetouren-in-schottland\/#breadcrumb","itemListElement":[{"@type":"ListItem","position":1,"name":"Home","item":"https:\/\/www.urlaubcornwall.de\/blog\/"},{"@type":"ListItem","position":2,"name":"Was sind die besten Erlebnisse f\u00fcr Kulturelle Touren in Schottland?"}]}]}},"_links":{"self":[{"href":"https:\/\/www.urlaubcornwall.de\/blog\/wp-json\/wp\/v2\/pages\/46749"}],"collection":[{"href":"https:\/\/www.urlaubcornwall.de\/blog\/wp-json\/wp\/v2\/pages"}],"about":[{"href":"https:\/\/www.urlaubcornwall.de\/blog\/wp-json\/wp\/v2\/types\/page"}],"author":[{"embeddable":true,"href":"https:\/\/www.urlaubcornwall.de\/blog\/wp-json\/wp\/v2\/users\/1"}],"replies":[{"embeddable":true,"href":"https:\/\/www.urlaubcornwall.de\/blog\/wp-json\/wp\/v2\/comments?post=46749"}],"version-history":[{"count":7,"href":"https:\/\/www.urlaubcornwall.de\/blog\/wp-json\/wp\/v2\/pages\/46749\/revisions"}],"predecessor-version":[{"id":51378,"href":"https:\/\/www.urlaubcornwall.de\/blog\/wp-json\/wp\/v2\/pages\/46749\/revisions\/51378"}],"wp:attachment":[{"href":"https:\/\/www.urlaubcornwall.de\/blog\/wp-json\/wp\/v2\/media?parent=46749"}],"curies":[{"name":"wp","href":"https:\/\/api.w.org\/{rel}","templated":true}]}}