{"id":46724,"date":"2023-06-07T14:07:24","date_gmt":"2023-06-07T14:07:24","guid":{"rendered":"https:\/\/www.urlaubcornwall.de\/blog\/?page_id=46724"},"modified":"2024-04-30T15:22:28","modified_gmt":"2024-04-30T15:22:28","slug":"besten-bauernmaerkte-in-suedengland","status":"publish","type":"page","link":"https:\/\/www.urlaubcornwall.de\/blog\/besten-bauernmaerkte-in-suedengland\/","title":{"rendered":"Was sind die besten Bauernm\u00e4rkte in S\u00fcdengland?"},"content":{"rendered":"<p><img loading=\"lazy\" class=\"aligncenter size-full wp-image-48178\" src=\"https:\/\/www.urlaubcornwall.de\/blog\/wp-content\/uploads\/2024\/03\/Borough-market-london.jpg\" alt=\"Borough-market-london\" width=\"750\" height=\"500\" srcset=\"https:\/\/www.urlaubcornwall.de\/blog\/wp-content\/uploads\/2024\/03\/Borough-market-london.jpg 750w, https:\/\/www.urlaubcornwall.de\/blog\/wp-content\/uploads\/2024\/03\/Borough-market-london-300x200.jpg 300w\" sizes=\"(max-width: 750px) 100vw, 750px\" \/><\/p>\n<p>In <a href=\"https:\/\/www.urlaubcornwall.de\/reiseziel\/suedengland.php\">S\u00fcdengland<\/a> gibt es eine Vielzahl von Bauernm\u00e4rkten, auf denen Sie frische Produkte, lokale Spezialit\u00e4ten und handgefertigte Waren entdecken k\u00f6nnen. Hier sind einige der besten Bauernm\u00e4rkte in S\u00fcdengland:<\/p>\n<p>Borough Market, London: Dieser ber\u00fchmte Markt in der N\u00e4he der London Bridge ist einer der \u00e4ltesten und bekanntesten M\u00e4rkte in London. Er bietet eine gro\u00dfe Auswahl an frischen Produkten, Delikatessen, Backwaren und vielem mehr.<\/p>\n<p>Winchester Farmers Market: Jeden zweiten und letzten Sonntag im Monat k\u00f6nnen Sie auf diesem Markt in der historischen Stadt <a href=\"https:\/\/www.urlaubcornwall.de\/blog\/urlaub-in-winchester-sehenswuerdigkeiten-unterkunft-und-geschichte\/\">Winchester<\/a> eine breite Palette von lokalen Produkten wie frischem Obst, Gem\u00fcse, Fleisch, K\u00e4se und Geb\u00e4ck entdecken.<\/p>\n<p>Bath Farmers Market: Dieser Markt findet jeden Samstag am Green Park Station in Bath statt und bietet eine Vielzahl von lokalen Produkten, darunter frisches Obst, Gem\u00fcse, Fleisch, K\u00e4se, Brot und Geb\u00e4ck.<\/p>\n<p>Chichester Farmers Market: Dieser Markt findet jeden ersten und dritten Freitag im Monat auf dem Marktgel\u00e4nde von <a href=\"https:\/\/www.urlaubcornwall.de\/blog\/urlaub-in-chichester-sussex-sehenswuerdigkeiten-unterkunft-und-geschichte\/\">Chichester<\/a> statt. Hier k\u00f6nnen Sie lokale Produkte wie frisches Obst und Gem\u00fcse, Fleisch, K\u00e4se, Brot und handwerkliche Waren finden.<\/p>\n<p>Salisbury Charter Market: Der Charter Market in <a href=\"https:\/\/www.urlaubcornwall.de\/blog\/urlaub-salisbury-unterkunft-sehenswuerdigkeiten-und-geschichte\/\">Salisbury<\/a> ist einer der gr\u00f6\u00dften w\u00f6chentlichen M\u00e4rkte in S\u00fcdengland. Hier finden Sie eine Vielzahl von St\u00e4nden, die frische Produkte, Blumen, Kunsthandwerk und vieles mehr anbieten.<\/p>\n<h1>Unser Rundreisenservice in S\u00fcdengland<\/h1>\n<p>Weshalb \u00fcber uns buchen?<\/p>\n<p>Firmensitz in Cornwall und ein Team Deutsch sprechender Reisespezialisten.<\/p>\n<p>Wir haben eine Leidenschaft f\u00fcrs Reisen und gestalten den perfekten Urlaub.<\/p>\n<p>Ortskenntnisse und Insidertipps f\u00fcr unsere Kunden.<\/p>\n<p>Sonderangebote und Preisnachl\u00e4sse<\/p>\n<p>S\u00e4mtliche unserer Rundreisen sind durch einen voll versicherten deutschen Reiseveranstalter gesichert.<\/p>\n<p style=\"text-align: center;\"><a class=\"tidycta\" href=\"https:\/\/www.urlaubcornwall.de\/rundreisen\/cornwall-suedengland.php\"> Mehr Info<\/a><\/p>\n<div class=\"snippet\"> <a class=\"featured-item\" href=\"https:\/\/www.urlaubcornwall.de\/ferienhaeuser\/suedengland.php\"> <span class=\"image-holder\" style=\"background-image: url('https:\/\/www.urlaubcornwall.de\/blog\/wp-content\/uploads\/2024\/03\/ferienhaus-england-cornwall.jpg');\"><\/span> <span class=\"featured-content\"> \n<h2 class=\"featured-title\">Ferienh\u00e4user in S\u00fcdengland<\/h2>\n<p class=\"featured-body\">Bei uns finden Sie Ferienh\u00e4user zum Verlieben &#8211; so einfach ist das! Dank seiner langen Geschichte, der reizvollen Landschaften und seinen vielen Attraktionen ist S\u00fcdengland ein wahres Mekka f\u00fcr Urlauber&#8230;..<\/p><\/span> <span class=\"featured-link-holder\"> <span class=\"featured-extra-info\"> \n<p>Pers\u00f6nlich inspizierter Ferienh\u00e4user<\/p>\n<\/span> \n<p class=\"featured-link\">DETAILS<\/p>\n<\/span> <\/a><\/div>\n","protected":false},"excerpt":{"rendered":"<p>In S\u00fcdengland gibt es eine Vielzahl von Bauernm\u00e4rkten, auf denen Sie frische Produkte, lokale Spezialit\u00e4ten und handgefertigte Waren entdecken k\u00f6nnen. Hier sind einige der besten Bauernm\u00e4rkte in S\u00fcdengland: Borough Market, London: Dieser ber\u00fchmte Markt in der N\u00e4he der London Bridge ist einer der \u00e4ltesten und bekanntesten M\u00e4rkte in London. Er bietet eine gro\u00dfe Auswahl an [&hellip;]<\/p>\n","protected":false},"author":1,"featured_media":0,"parent":0,"menu_order":0,"comment_status":"closed","ping_status":"closed","template":"single-four.php","meta":[],"acf":[],"yoast_head":"<!-- This site is optimized with the Yoast SEO plugin v19.4 - https:\/\/yoast.com\/wordpress\/plugins\/seo\/ -->\n<title>Was sind die besten Bauernm\u00e4rkte in S\u00fcdengland? - Urlaub &amp; Reisen<\/title>\n<meta name=\"description\" content=\"In S\u00fcdengland gibt es eine Vielzahl von Bauernm\u00e4rkten, auf denen Sie frische Produkte, lokale Spezialit\u00e4ten und handgefertigte\" \/>\n<meta name=\"robots\" content=\"index, follow, max-snippet:-1, max-image-preview:large, max-video-preview:-1\" \/>\n<link rel=\"canonical\" href=\"https:\/\/www.urlaubcornwall.de\/blog\/besten-bauernmaerkte-in-suedengland\/\" \/>\n<meta property=\"og:locale\" content=\"en_US\" \/>\n<meta property=\"og:type\" content=\"article\" \/>\n<meta property=\"og:title\" content=\"Was sind die besten Bauernm\u00e4rkte in S\u00fcdengland? - Urlaub &amp; Reisen\" \/>\n<meta property=\"og:description\" content=\"In S\u00fcdengland gibt es eine Vielzahl von Bauernm\u00e4rkten, auf denen Sie frische Produkte, lokale Spezialit\u00e4ten und handgefertigte\" \/>\n<meta property=\"og:url\" content=\"https:\/\/www.urlaubcornwall.de\/blog\/besten-bauernmaerkte-in-suedengland\/\" \/>\n<meta property=\"og:site_name\" content=\"Urlaub &amp; Reisen\" \/>\n<meta property=\"article:modified_time\" content=\"2024-04-30T15:22:28+00:00\" \/>\n<meta property=\"og:image\" content=\"https:\/\/www.urlaubcornwall.de\/blog\/wp-content\/uploads\/2024\/03\/Borough-market-london.jpg\" \/>\n<meta name=\"twitter:card\" content=\"summary\" \/>\n<meta name=\"twitter:label1\" content=\"Est. reading time\" \/>\n\t<meta name=\"twitter:data1\" content=\"2 minutes\" \/>\n<script type=\"application\/ld+json\" class=\"yoast-schema-graph\">{\"@context\":\"https:\/\/schema.org\",\"@graph\":[{\"@type\":\"WebSite\",\"@id\":\"https:\/\/www.urlaubcornwall.de\/blog\/#website\",\"url\":\"https:\/\/www.urlaubcornwall.de\/blog\/\",\"name\":\"Urlaub &amp; Reisen\",\"description\":\"Urlaub, Reisen, Cornwall und S\u00fcdengland: eine perfekte Kombination\",\"potentialAction\":[{\"@type\":\"SearchAction\",\"target\":{\"@type\":\"EntryPoint\",\"urlTemplate\":\"https:\/\/www.urlaubcornwall.de\/blog\/?s={search_term_string}\"},\"query-input\":\"required name=search_term_string\"}],\"inLanguage\":\"en-US\"},{\"@type\":\"WebPage\",\"@id\":\"https:\/\/www.urlaubcornwall.de\/blog\/besten-bauernmaerkte-in-suedengland\/\",\"url\":\"https:\/\/www.urlaubcornwall.de\/blog\/besten-bauernmaerkte-in-suedengland\/\",\"name\":\"Was sind die besten Bauernm\u00e4rkte in S\u00fcdengland? - Urlaub &amp; Reisen\",\"isPartOf\":{\"@id\":\"https:\/\/www.urlaubcornwall.de\/blog\/#website\"},\"datePublished\":\"2023-06-07T14:07:24+00:00\",\"dateModified\":\"2024-04-30T15:22:28+00:00\",\"description\":\"In S\u00fcdengland gibt es eine Vielzahl von Bauernm\u00e4rkten, auf denen Sie frische Produkte, lokale Spezialit\u00e4ten und handgefertigte\",\"breadcrumb\":{\"@id\":\"https:\/\/www.urlaubcornwall.de\/blog\/besten-bauernmaerkte-in-suedengland\/#breadcrumb\"},\"inLanguage\":\"en-US\",\"potentialAction\":[{\"@type\":\"ReadAction\",\"target\":[\"https:\/\/www.urlaubcornwall.de\/blog\/besten-bauernmaerkte-in-suedengland\/\"]}]},{\"@type\":\"BreadcrumbList\",\"@id\":\"https:\/\/www.urlaubcornwall.de\/blog\/besten-bauernmaerkte-in-suedengland\/#breadcrumb\",\"itemListElement\":[{\"@type\":\"ListItem\",\"position\":1,\"name\":\"Home\",\"item\":\"https:\/\/www.urlaubcornwall.de\/blog\/\"},{\"@type\":\"ListItem\",\"position\":2,\"name\":\"Was sind die besten Bauernm\u00e4rkte in S\u00fcdengland?\"}]}]}<\/script>\n<!-- \/ Yoast SEO plugin. -->","yoast_head_json":{"title":"Was sind die besten Bauernm\u00e4rkte in S\u00fcdengland? - Urlaub &amp; Reisen","description":"In S\u00fcdengland gibt es eine Vielzahl von Bauernm\u00e4rkten, auf denen Sie frische Produkte, lokale Spezialit\u00e4ten und handgefertigte","robots":{"index":"index","follow":"follow","max-snippet":"max-snippet:-1","max-image-preview":"max-image-preview:large","max-video-preview":"max-video-preview:-1"},"canonical":"https:\/\/www.urlaubcornwall.de\/blog\/besten-bauernmaerkte-in-suedengland\/","og_locale":"en_US","og_type":"article","og_title":"Was sind die besten Bauernm\u00e4rkte in S\u00fcdengland? - Urlaub &amp; Reisen","og_description":"In S\u00fcdengland gibt es eine Vielzahl von Bauernm\u00e4rkten, auf denen Sie frische Produkte, lokale Spezialit\u00e4ten und handgefertigte","og_url":"https:\/\/www.urlaubcornwall.de\/blog\/besten-bauernmaerkte-in-suedengland\/","og_site_name":"Urlaub &amp; Reisen","article_modified_time":"2024-04-30T15:22:28+00:00","og_image":[{"url":"https:\/\/www.urlaubcornwall.de\/blog\/wp-content\/uploads\/2024\/03\/Borough-market-london.jpg"}],"twitter_card":"summary","twitter_misc":{"Est. reading time":"2 minutes"},"schema":{"@context":"https:\/\/schema.org","@graph":[{"@type":"WebSite","@id":"https:\/\/www.urlaubcornwall.de\/blog\/#website","url":"https:\/\/www.urlaubcornwall.de\/blog\/","name":"Urlaub &amp; Reisen","description":"Urlaub, Reisen, Cornwall und S\u00fcdengland: eine perfekte Kombination","potentialAction":[{"@type":"SearchAction","target":{"@type":"EntryPoint","urlTemplate":"https:\/\/www.urlaubcornwall.de\/blog\/?s={search_term_string}"},"query-input":"required name=search_term_string"}],"inLanguage":"en-US"},{"@type":"WebPage","@id":"https:\/\/www.urlaubcornwall.de\/blog\/besten-bauernmaerkte-in-suedengland\/","url":"https:\/\/www.urlaubcornwall.de\/blog\/besten-bauernmaerkte-in-suedengland\/","name":"Was sind die besten Bauernm\u00e4rkte in S\u00fcdengland? - Urlaub &amp; Reisen","isPartOf":{"@id":"https:\/\/www.urlaubcornwall.de\/blog\/#website"},"datePublished":"2023-06-07T14:07:24+00:00","dateModified":"2024-04-30T15:22:28+00:00","description":"In S\u00fcdengland gibt es eine Vielzahl von Bauernm\u00e4rkten, auf denen Sie frische Produkte, lokale Spezialit\u00e4ten und handgefertigte","breadcrumb":{"@id":"https:\/\/www.urlaubcornwall.de\/blog\/besten-bauernmaerkte-in-suedengland\/#breadcrumb"},"inLanguage":"en-US","potentialAction":[{"@type":"ReadAction","target":["https:\/\/www.urlaubcornwall.de\/blog\/besten-bauernmaerkte-in-suedengland\/"]}]},{"@type":"BreadcrumbList","@id":"https:\/\/www.urlaubcornwall.de\/blog\/besten-bauernmaerkte-in-suedengland\/#breadcrumb","itemListElement":[{"@type":"ListItem","position":1,"name":"Home","item":"https:\/\/www.urlaubcornwall.de\/blog\/"},{"@type":"ListItem","position":2,"name":"Was sind die besten Bauernm\u00e4rkte in S\u00fcdengland?"}]}]}},"_links":{"self":[{"href":"https:\/\/www.urlaubcornwall.de\/blog\/wp-json\/wp\/v2\/pages\/46724"}],"collection":[{"href":"https:\/\/www.urlaubcornwall.de\/blog\/wp-json\/wp\/v2\/pages"}],"about":[{"href":"https:\/\/www.urlaubcornwall.de\/blog\/wp-json\/wp\/v2\/types\/page"}],"author":[{"embeddable":true,"href":"https:\/\/www.urlaubcornwall.de\/blog\/wp-json\/wp\/v2\/users\/1"}],"replies":[{"embeddable":true,"href":"https:\/\/www.urlaubcornwall.de\/blog\/wp-json\/wp\/v2\/comments?post=46724"}],"version-history":[{"count":3,"href":"https:\/\/www.urlaubcornwall.de\/blog\/wp-json\/wp\/v2\/pages\/46724\/revisions"}],"predecessor-version":[{"id":49958,"href":"https:\/\/www.urlaubcornwall.de\/blog\/wp-json\/wp\/v2\/pages\/46724\/revisions\/49958"}],"wp:attachment":[{"href":"https:\/\/www.urlaubcornwall.de\/blog\/wp-json\/wp\/v2\/media?parent=46724"}],"curies":[{"name":"wp","href":"https:\/\/api.w.org\/{rel}","templated":true}]}}