{"id":46713,"date":"2023-06-07T09:06:05","date_gmt":"2023-06-07T09:06:05","guid":{"rendered":"https:\/\/www.urlaubcornwall.de\/blog\/?page_id=46713"},"modified":"2023-06-07T09:06:05","modified_gmt":"2023-06-07T09:06:05","slug":"was-sind-die-besten-bauernmaerkte-in-cornwall","status":"publish","type":"page","link":"https:\/\/www.urlaubcornwall.de\/blog\/was-sind-die-besten-bauernmaerkte-in-cornwall\/","title":{"rendered":"Was sind die besten Bauernm\u00e4rkte in Cornwall?"},"content":{"rendered":"<p><img loading=\"lazy\" class=\"aligncenter size-full wp-image-46714\" src=\"https:\/\/www.urlaubcornwall.de\/blog\/wp-content\/uploads\/2023\/06\/Bauernmarkte-in-Cornwall.jpg\" alt=\"Bauernm\u00e4rkte in Cornwall\" width=\"750\" height=\"443\" srcset=\"https:\/\/www.urlaubcornwall.de\/blog\/wp-content\/uploads\/2023\/06\/Bauernmarkte-in-Cornwall.jpg 750w, https:\/\/www.urlaubcornwall.de\/blog\/wp-content\/uploads\/2023\/06\/Bauernmarkte-in-Cornwall-300x177.jpg 300w\" sizes=\"(max-width: 750px) 100vw, 750px\" \/><\/p>\n<p>In <a href=\"https:\/\/www.urlaubcornwall.de\/ferienhaeuser-fewos\/cornwall.html\">Cornwall<\/a> gibt es verschiedene Bauernm\u00e4rkte, auf denen lokale Erzeuger ihre frischen Produkte, handgefertigten Waren und kulinarischen Spezialit\u00e4ten anbieten. Hier sind einige der besten Bauernm\u00e4rkte in Cornwall mit Informationen zu ihren \u00d6ffnungszeiten und Daten:<\/p>\n<p><a href=\"https:\/\/www.urlaubcornwall.de\/ferienhaeuser-fewos\/truro.html\">Truro<\/a> Farmers Market:&nbsp; Jeden Samstag von 9:00 bis 14:00 Uhr.<\/p>\n<p>Adresse: Lemon Quay, Truro, Cornwall, TR1 2LW.<\/p>\n<p>Webseite: <a href=\"http:\/\/www.trurofarmers.co.uk\" rel=\"nofollow\">www.trurofarmers.co.uk<\/a><\/p>\n\n<p><a href=\"https:\/\/www.urlaubcornwall.de\/ferienhaeuser-fewos\/st-ives.html\">St. Ives<\/a> Farmers Market:&nbsp; Jeden Donnerstag von 9:30 bis 14:00 Uhr.<\/p>\n<p>Adresse: The Guildhall, Street-an-Pol, St. Ives, Cornwall, TR26 2DS.<\/p>\n<p>Webseite: <a href=\"http:\/\/www.stivesfarmersmarket.co.uk\" target=\"_new\" rel=\"noopener\">www.stivesfarmersmarket.co.uk<\/a><\/p>\n\n<p><a href=\"https:\/\/www.urlaubcornwall.de\/ferienhaeuser-fewos\/falmouth.html\">Falmouth<\/a> Farmers Market: Jeden Samstag von 9:00 bis 14:00 Uhr.<\/p>\n<p>Adresse: The Moor, Falmouth, Cornwall, TR11 3QA.<\/p>\n<p>Webseite: <a href=\"http:\/\/www.falmouthfarmersmarket.co.uk\" rel=\"nofollow\">www.falmouthfarmersmarket.co.uk<\/a><\/p>\n\n<p><a href=\"https:\/\/www.urlaubcornwall.de\/ferienhaeuser-fewos\/helston.html\">Helston<\/a> Farmers Market: Jeden ersten Samstag im Monat von 9:30 bis 13:00 Uhr.<\/p>\n<p>Adresse: Old Cattle Market, Helston, Cornwall, TR13 8AE.<\/p>\n<p>Webseite: <a href=\"http:\/\/www.helstonfarmersmarket.co.uk\" rel=\"nofollow\">www.helstonfarmersmarket.co.uk<\/a><\/p>\n\n<p><a href=\"https:\/\/www.urlaubcornwall.de\/ferienhaeuser-fewos\/padstow.html\">Padstow<\/a> Farmers Market: Jeden Freitag von 9:00 bis 13:00 Uhr.<\/p>\n<p>Adresse: The Lawn, Padstow, Cornwall, PL28 8AF.<\/p>\n<p>Webseite: <a href=\"http:\/\/www.padstowfarmersmarket.co.uk\" rel=\"nofollow\">www.padstowfarmersmarket.co.uk<\/a><\/p>\n\n<p>Bitte beachten Sie, dass sich \u00d6ffnungszeiten und Daten von Bauernm\u00e4rkten \u00e4ndern k\u00f6nnen. Es ist immer ratsam, die offiziellen Webseiten der M\u00e4rkte oder ihre Social-Media-Seiten zu \u00fcberpr\u00fcfen, um aktuelle Informationen zu erhalten. Genie\u00dfen Sie Ihren Besuch auf den Bauernm\u00e4rkten in Cornwall und entdecken Sie die k\u00f6stlichen lokalen Produkte und handgefertigten Waren.<\/p>\n<p>Wir haben die beste Auswahl an <a href=\"https:\/\/www.urlaubcornwall.de\/ferienhaeuser-fewos\/cornwall.html\">pers\u00f6nlich inspizierten Ferienh\u00e4usern in Cornwall im Angebot<\/a>.<\/p>\n<p style=\"text-align: center;\"><a class=\"tidycta\" href=\"https:\/\/www.urlaubcornwall.de\/ferienhaeuser-fewos\/cornwall.html\">Suche Ferienh\u00e4user<\/a><\/p>\n<h1><a href=\"https:\/\/www.urlaubcornwall.de\/rundreisen\/cornwall-suedengland.php\">Unser Rundreisenservice in Cornwall &#038; Devon >><\/a><\/h1>\n<p>Weshalb \u00fcber uns buchen?<\/p>\n<p>Firmensitz in Cornwall und ein Team Deutsch sprechender Reisespezialisten.<\/p>\n<p>Wir haben eine Leidenschaft f\u00fcrs Reisen und gestalten den perfekten Urlaub.<\/p>\n<p>Ortskenntnisse und Insidertipps f\u00fcr unsere Kunden.<\/p>\n<p>Sonderangebote und Preisnachl\u00e4sse<\/p>\n<p>S\u00e4mtliche unserer Rundreisen sind durch einen voll versicherten deutschen Reiseveranstalter gesichert.<\/p>\n<p style=\"text-align: center;\"><a class=\"tidycta\" href=\"https:\/\/www.urlaubcornwall.de\/rundreisen\/cornwall-suedengland.php\"> Mehr Info<\/a><\/p>\n<div class=\"snippet\"> <a class=\"featured-item\" href=\"https:\/\/www.urlaubcornwall.de\/ferienhaeuser\/cornwall.php\"> <span class=\"image-holder\" style=\"background-image: url('https:\/\/www.urlaubcornwall.de\/blog\/wp-content\/uploads\/2018\/12\/familienurlaub-corwnall-snippet.jpg');\"><\/span> <span class=\"featured-content\"> \n<h2 class=\"featured-title\">Ferienh\u00e4user in Cornwall am Meer<\/h2>\n<p class=\"featured-body\">Cornwall besitzt mehr K\u00fcstenlinien als jede andere Grafschaft und bietet einige der besten Str\u00e4nde, K\u00fcstenwanderwege und Klippenlandschaften, die man \u00fcberhaupt finden kann&#8230; <\/p><\/span> <span class=\"featured-link-holder\"> <span class=\"featured-extra-info\"> \n<p>F\u00fcr Paare, Familien &#038; Gruppen<\/p>\n<\/span> \n<p class=\"featured-link\">DETAILS<\/p>\n<\/span> <\/a><\/div>\n<p>linie, wundersch\u00f6nen Str\u00e4nden, gr\u00fcnen H\u00fcgeln und malerischen D\u00f6rfern, die es zu einem beliebten Reiseziel machen.<\/p>\n","protected":false},"excerpt":{"rendered":"<p>In Cornwall gibt es verschiedene Bauernm\u00e4rkte, auf denen lokale Erzeuger ihre frischen Produkte, handgefertigten Waren und kulinarischen Spezialit\u00e4ten anbieten. Hier sind einige der besten Bauernm\u00e4rkte in Cornwall mit Informationen zu ihren \u00d6ffnungszeiten und Daten: Truro Farmers Market:&nbsp; Jeden Samstag von 9:00 bis 14:00 Uhr. Adresse: Lemon Quay, Truro, Cornwall, TR1 2LW. Webseite: www.trurofarmers.co.uk St. Ives [&hellip;]<\/p>\n","protected":false},"author":1,"featured_media":0,"parent":0,"menu_order":0,"comment_status":"closed","ping_status":"closed","template":"single-four.php","meta":[],"acf":[],"yoast_head":"<!-- This site is optimized with the Yoast SEO plugin v19.4 - https:\/\/yoast.com\/wordpress\/plugins\/seo\/ -->\n<title>Was sind die besten Bauernm\u00e4rkte in Cornwall? - Urlaub &amp; Reisen<\/title>\n<meta name=\"description\" content=\"In Cornwall gibt es verschiedene Bauernm\u00e4rkte, auf denen lokale Erzeuger ihre frischen Produkte, handgefertigten Waren und kulinarischen\" \/>\n<meta name=\"robots\" content=\"index, follow, max-snippet:-1, max-image-preview:large, max-video-preview:-1\" \/>\n<link rel=\"canonical\" href=\"https:\/\/www.urlaubcornwall.de\/blog\/was-sind-die-besten-bauernmaerkte-in-cornwall\/\" \/>\n<meta property=\"og:locale\" content=\"en_US\" \/>\n<meta property=\"og:type\" content=\"article\" \/>\n<meta property=\"og:title\" content=\"Was sind die besten Bauernm\u00e4rkte in Cornwall? - Urlaub &amp; Reisen\" \/>\n<meta property=\"og:description\" content=\"In Cornwall gibt es verschiedene Bauernm\u00e4rkte, auf denen lokale Erzeuger ihre frischen Produkte, handgefertigten Waren und kulinarischen\" \/>\n<meta property=\"og:url\" content=\"https:\/\/www.urlaubcornwall.de\/blog\/was-sind-die-besten-bauernmaerkte-in-cornwall\/\" \/>\n<meta property=\"og:site_name\" content=\"Urlaub &amp; Reisen\" \/>\n<meta property=\"og:image\" content=\"https:\/\/www.urlaubcornwall.de\/blog\/wp-content\/uploads\/2023\/06\/Bauernmarkte-in-Cornwall.jpg\" \/>\n<meta name=\"twitter:card\" content=\"summary\" \/>\n<meta name=\"twitter:label1\" content=\"Est. reading time\" \/>\n\t<meta name=\"twitter:data1\" content=\"1 minute\" \/>\n<script type=\"application\/ld+json\" class=\"yoast-schema-graph\">{\"@context\":\"https:\/\/schema.org\",\"@graph\":[{\"@type\":\"WebSite\",\"@id\":\"https:\/\/www.urlaubcornwall.de\/blog\/#website\",\"url\":\"https:\/\/www.urlaubcornwall.de\/blog\/\",\"name\":\"Urlaub &amp; Reisen\",\"description\":\"Urlaub, Reisen, Cornwall und S\u00fcdengland: eine perfekte Kombination\",\"potentialAction\":[{\"@type\":\"SearchAction\",\"target\":{\"@type\":\"EntryPoint\",\"urlTemplate\":\"https:\/\/www.urlaubcornwall.de\/blog\/?s={search_term_string}\"},\"query-input\":\"required name=search_term_string\"}],\"inLanguage\":\"en-US\"},{\"@type\":\"WebPage\",\"@id\":\"https:\/\/www.urlaubcornwall.de\/blog\/was-sind-die-besten-bauernmaerkte-in-cornwall\/\",\"url\":\"https:\/\/www.urlaubcornwall.de\/blog\/was-sind-die-besten-bauernmaerkte-in-cornwall\/\",\"name\":\"Was sind die besten Bauernm\u00e4rkte in Cornwall? - Urlaub &amp; Reisen\",\"isPartOf\":{\"@id\":\"https:\/\/www.urlaubcornwall.de\/blog\/#website\"},\"datePublished\":\"2023-06-07T09:06:05+00:00\",\"dateModified\":\"2023-06-07T09:06:05+00:00\",\"description\":\"In Cornwall gibt es verschiedene Bauernm\u00e4rkte, auf denen lokale Erzeuger ihre frischen Produkte, handgefertigten Waren und kulinarischen\",\"breadcrumb\":{\"@id\":\"https:\/\/www.urlaubcornwall.de\/blog\/was-sind-die-besten-bauernmaerkte-in-cornwall\/#breadcrumb\"},\"inLanguage\":\"en-US\",\"potentialAction\":[{\"@type\":\"ReadAction\",\"target\":[\"https:\/\/www.urlaubcornwall.de\/blog\/was-sind-die-besten-bauernmaerkte-in-cornwall\/\"]}]},{\"@type\":\"BreadcrumbList\",\"@id\":\"https:\/\/www.urlaubcornwall.de\/blog\/was-sind-die-besten-bauernmaerkte-in-cornwall\/#breadcrumb\",\"itemListElement\":[{\"@type\":\"ListItem\",\"position\":1,\"name\":\"Home\",\"item\":\"https:\/\/www.urlaubcornwall.de\/blog\/\"},{\"@type\":\"ListItem\",\"position\":2,\"name\":\"Was sind die besten Bauernm\u00e4rkte in Cornwall?\"}]}]}<\/script>\n<!-- \/ Yoast SEO plugin. -->","yoast_head_json":{"title":"Was sind die besten Bauernm\u00e4rkte in Cornwall? - Urlaub &amp; Reisen","description":"In Cornwall gibt es verschiedene Bauernm\u00e4rkte, auf denen lokale Erzeuger ihre frischen Produkte, handgefertigten Waren und kulinarischen","robots":{"index":"index","follow":"follow","max-snippet":"max-snippet:-1","max-image-preview":"max-image-preview:large","max-video-preview":"max-video-preview:-1"},"canonical":"https:\/\/www.urlaubcornwall.de\/blog\/was-sind-die-besten-bauernmaerkte-in-cornwall\/","og_locale":"en_US","og_type":"article","og_title":"Was sind die besten Bauernm\u00e4rkte in Cornwall? - Urlaub &amp; Reisen","og_description":"In Cornwall gibt es verschiedene Bauernm\u00e4rkte, auf denen lokale Erzeuger ihre frischen Produkte, handgefertigten Waren und kulinarischen","og_url":"https:\/\/www.urlaubcornwall.de\/blog\/was-sind-die-besten-bauernmaerkte-in-cornwall\/","og_site_name":"Urlaub &amp; Reisen","og_image":[{"url":"https:\/\/www.urlaubcornwall.de\/blog\/wp-content\/uploads\/2023\/06\/Bauernmarkte-in-Cornwall.jpg"}],"twitter_card":"summary","twitter_misc":{"Est. reading time":"1 minute"},"schema":{"@context":"https:\/\/schema.org","@graph":[{"@type":"WebSite","@id":"https:\/\/www.urlaubcornwall.de\/blog\/#website","url":"https:\/\/www.urlaubcornwall.de\/blog\/","name":"Urlaub &amp; Reisen","description":"Urlaub, Reisen, Cornwall und S\u00fcdengland: eine perfekte Kombination","potentialAction":[{"@type":"SearchAction","target":{"@type":"EntryPoint","urlTemplate":"https:\/\/www.urlaubcornwall.de\/blog\/?s={search_term_string}"},"query-input":"required name=search_term_string"}],"inLanguage":"en-US"},{"@type":"WebPage","@id":"https:\/\/www.urlaubcornwall.de\/blog\/was-sind-die-besten-bauernmaerkte-in-cornwall\/","url":"https:\/\/www.urlaubcornwall.de\/blog\/was-sind-die-besten-bauernmaerkte-in-cornwall\/","name":"Was sind die besten Bauernm\u00e4rkte in Cornwall? - Urlaub &amp; Reisen","isPartOf":{"@id":"https:\/\/www.urlaubcornwall.de\/blog\/#website"},"datePublished":"2023-06-07T09:06:05+00:00","dateModified":"2023-06-07T09:06:05+00:00","description":"In Cornwall gibt es verschiedene Bauernm\u00e4rkte, auf denen lokale Erzeuger ihre frischen Produkte, handgefertigten Waren und kulinarischen","breadcrumb":{"@id":"https:\/\/www.urlaubcornwall.de\/blog\/was-sind-die-besten-bauernmaerkte-in-cornwall\/#breadcrumb"},"inLanguage":"en-US","potentialAction":[{"@type":"ReadAction","target":["https:\/\/www.urlaubcornwall.de\/blog\/was-sind-die-besten-bauernmaerkte-in-cornwall\/"]}]},{"@type":"BreadcrumbList","@id":"https:\/\/www.urlaubcornwall.de\/blog\/was-sind-die-besten-bauernmaerkte-in-cornwall\/#breadcrumb","itemListElement":[{"@type":"ListItem","position":1,"name":"Home","item":"https:\/\/www.urlaubcornwall.de\/blog\/"},{"@type":"ListItem","position":2,"name":"Was sind die besten Bauernm\u00e4rkte in Cornwall?"}]}]}},"_links":{"self":[{"href":"https:\/\/www.urlaubcornwall.de\/blog\/wp-json\/wp\/v2\/pages\/46713"}],"collection":[{"href":"https:\/\/www.urlaubcornwall.de\/blog\/wp-json\/wp\/v2\/pages"}],"about":[{"href":"https:\/\/www.urlaubcornwall.de\/blog\/wp-json\/wp\/v2\/types\/page"}],"author":[{"embeddable":true,"href":"https:\/\/www.urlaubcornwall.de\/blog\/wp-json\/wp\/v2\/users\/1"}],"replies":[{"embeddable":true,"href":"https:\/\/www.urlaubcornwall.de\/blog\/wp-json\/wp\/v2\/comments?post=46713"}],"version-history":[{"count":1,"href":"https:\/\/www.urlaubcornwall.de\/blog\/wp-json\/wp\/v2\/pages\/46713\/revisions"}],"predecessor-version":[{"id":46723,"href":"https:\/\/www.urlaubcornwall.de\/blog\/wp-json\/wp\/v2\/pages\/46713\/revisions\/46723"}],"wp:attachment":[{"href":"https:\/\/www.urlaubcornwall.de\/blog\/wp-json\/wp\/v2\/media?parent=46713"}],"curies":[{"name":"wp","href":"https:\/\/api.w.org\/{rel}","templated":true}]}}