{"id":46677,"date":"2023-06-01T11:12:13","date_gmt":"2023-06-01T11:12:13","guid":{"rendered":"https:\/\/www.urlaubcornwall.de\/blog\/?page_id=46677"},"modified":"2024-05-31T12:16:55","modified_gmt":"2024-05-31T12:16:55","slug":"was-ist-schoener-stirling-oder-perth-in-schottland","status":"publish","type":"page","link":"https:\/\/www.urlaubcornwall.de\/blog\/was-ist-schoener-stirling-oder-perth-in-schottland\/","title":{"rendered":"Was ist sch\u00f6ner Stirling oder Perth in Schottland?"},"content":{"rendered":"<p><a href=\"https:\/\/www.urlaubcornwall.de\/blog\/urlaub-in-stirling-sehenswuerdigkeiten-geschichte-und-unterkunft\/\">Stirling<\/a> und <a href=\"https:\/\/www.urlaubcornwall.de\/blog\/urlaub-in-perth-kueste-schottland-sehenswuerdigkeiten-geschichte-und-unterkunft\/\">Perth<\/a> sind zwei historische St\u00e4dte in <a href=\"https:\/\/www.urlaubcornwall.de\/reiseziel\/schottland.php\">Schottland<\/a>, die beide reich an Sehensw\u00fcrdigkeiten, Aktivit\u00e4ten und Geschichte sind. Die Wahl, welche Stadt sch\u00f6ner ist, h\u00e4ngt von pers\u00f6nlichen Vorlieben ab. Hier sind jedoch einige Beispiele f\u00fcr Sehensw\u00fcrdigkeiten, Aktivit\u00e4ten und Geschichte in beiden St\u00e4dten:<\/p>\n<p><a href=\"https:\/\/www.urlaubcornwall.de\/blog\/urlaub-in-stirling-sehenswuerdigkeiten-geschichte-und-unterkunft\/\">Stirling:<\/a><\/p>\n<p>Stirling Castle: Dieses imposante Schloss thront auf einem H\u00fcgel und bietet einen atemberaubenden Blick \u00fcber die Stadt und die umliegende Landschaft. Erkunden Sie die pr\u00e4chtigen R\u00e4ume, die historischen Artefakte und erfahren Sie mehr \u00fcber die bewegte Geschichte des Schlosses.<\/p>\n<p>Wallace Monument: Das Wallace Monument ist ein beeindruckender Turm, der dem schottischen Nationalhelden William Wallace gewidmet ist. Besteigen Sie den Turm, um mehr \u00fcber Wallace und seine Rolle im schottischen Unabh\u00e4ngigkeitskampf zu erfahren und genie\u00dfen Sie den Panoramablick von der Aussichtsplattform.<\/p>\n<p>Old Town: Schlendern Sie durch die charmante Altstadt von Stirling mit ihren engen Gassen, historischen Geb\u00e4uden und malerischen Pl\u00e4tzen. Besuchen Sie den Tolbooth und das Kirchengel\u00e4nde von Holy Rude, um mehr \u00fcber die lokale Geschichte und Architektur zu erfahren.<\/p>\n<p>Battle of Bannockburn Visitor Centre: Tauchen Sie ein in die Schlacht von Bannockburn, eine der bekanntesten Schlachten der schottischen Geschichte. Das Besucherzentrum bietet interaktive Ausstellungen, die die Ereignisse der Schlacht nachzeichnen.<\/p>\n<p><a href=\"https:\/\/www.urlaubcornwall.de\/ferienhaeuser-fewos\/sco\/zentralschottland\/perth.html\">Perth:<\/a><\/p>\n<p>Scone Palace: Besuchen Sie das beeindruckende Scone Palace, eine ehemalige Kr\u00f6nungsst\u00e4tte schottischer K\u00f6nige. Erkunden Sie das prachtvolle Schloss, die herrlichen G\u00e4rten und erfahren Sie mehr \u00fcber die k\u00f6nigliche Geschichte Schottlands.<\/p>\n<p>Perth Museum and Art Gallery: Erfahren Sie mehr \u00fcber die Geschichte und Kultur von Perth und der Region im Perth Museum. Die Sammlungen umfassen arch\u00e4ologische Funde, Kunstwerke und historische Artefakte.<\/p>\n<p>North Inch Park: Genie\u00dfen Sie einen Spaziergang oder ein Picknick im North Inch Park, einem weitl\u00e4ufigen Park am Ufer des Flusses Tay. Der Park bietet gr\u00fcne Wiesen, Spielpl\u00e4tze und einen 18-Loch-Golfplatz.<\/p>\n<p>Fair Maid&#8217;s House: Besuchen Sie das Fair Maid&#8217;s House, eines der \u00e4ltesten Geb\u00e4ude in Perth. Das Haus ist eng mit der schottischen Geschichte verbunden und beherbergt heute das Perth Medieval Heritage and Learning Centre.<\/p>\n<h1>Unser Rundreisenservice in Schottland<\/h1>\n<p>Weshalb \u00fcber uns buchen?<\/p>\n<p>Firmensitz in Cornwall und ein Team Deutsch sprechender Reisespezialisten.<\/p>\n<p>Wir haben eine Leidenschaft f\u00fcrs Reisen und gestalten den perfekten Urlaub.<\/p>\n<p>Ortskenntnisse und Insidertipps f\u00fcr unsere Kunden.<\/p>\n<p>Sonderangebote und Preisnachl\u00e4sse<\/p>\n<p>S\u00e4mtliche unserer Rundreisen sind durch einen voll versicherten deutschen Reiseveranstalter gesichert.<\/p>\n<p style=\"text-align: center;\"><a class=\"tidycta\" href=\"https:\/\/www.urlaubcornwall.de\/blog\/rundreisen-schottland\/\"> Mehr Info<\/a><\/p>\n<div class=\"snippet\"> <a class=\"featured-item\" href=\" https:\/\/www.urlaubcornwall.de\/ferienhaeuser\/schottland.php\"> <span class=\"image-holder\" style=\"background-image: url(' https:\/\/www.urlaubcornwall.de\/blog\/wp-content\/uploads\/2019\/01\/urlaub-schottland-highlands-1.jpg ');\"><\/span> <span class=\"featured-content\"> \n<h2 class=\"featured-title\">Bei uns finden Sie Ferienh\u00e4user in Schottland zum Verlieben!<\/h2>\n<p class=\"featured-body\">Untenstehend finden Sie eine Auswahl an Ferienh\u00e4usern in Schottland. Hier finden Sie pers\u00f6nlich inspizierte Cottages entlang der schottischen K\u00fcste, in den schottischen Highlands und auf den Inseln&#8230;..<\/p>\n<\/span> <span class=\"featured-link-holder\"> <span class=\"featured-extra-info\"> \n<p>F\u00fcr Paare, Familien &#038; Gruppen<\/p>\n<\/span> \n<p class=\"featured-link\">DETAILS<\/p>\n<\/span> <\/a><\/div>\n","protected":false},"excerpt":{"rendered":"<p>Stirling und Perth sind zwei historische St\u00e4dte in Schottland, die beide reich an Sehensw\u00fcrdigkeiten, Aktivit\u00e4ten und Geschichte sind. Die Wahl, welche Stadt sch\u00f6ner ist, h\u00e4ngt von pers\u00f6nlichen Vorlieben ab. Hier sind jedoch einige Beispiele f\u00fcr Sehensw\u00fcrdigkeiten, Aktivit\u00e4ten und Geschichte in beiden St\u00e4dten: Stirling: Stirling Castle: Dieses imposante Schloss thront auf einem H\u00fcgel und bietet einen [&hellip;]<\/p>\n","protected":false},"author":1,"featured_media":0,"parent":0,"menu_order":0,"comment_status":"closed","ping_status":"closed","template":"single-four.php","meta":[],"acf":[],"yoast_head":"<!-- This site is optimized with the Yoast SEO plugin v19.4 - https:\/\/yoast.com\/wordpress\/plugins\/seo\/ -->\n<title>Was ist sch\u00f6ner Stirling oder Perth in Schottland? - Urlaub &amp; Reisen<\/title>\n<meta name=\"robots\" content=\"index, follow, max-snippet:-1, max-image-preview:large, max-video-preview:-1\" \/>\n<link rel=\"canonical\" href=\"https:\/\/www.urlaubcornwall.de\/blog\/was-ist-schoener-stirling-oder-perth-in-schottland\/\" \/>\n<meta property=\"og:locale\" content=\"en_US\" \/>\n<meta property=\"og:type\" content=\"article\" \/>\n<meta property=\"og:title\" content=\"Was ist sch\u00f6ner Stirling oder Perth in Schottland? - Urlaub &amp; Reisen\" \/>\n<meta property=\"og:description\" content=\"Stirling und Perth sind zwei historische St\u00e4dte in Schottland, die beide reich an Sehensw\u00fcrdigkeiten, Aktivit\u00e4ten und Geschichte sind. Die Wahl, welche Stadt sch\u00f6ner ist, h\u00e4ngt von pers\u00f6nlichen Vorlieben ab. Hier sind jedoch einige Beispiele f\u00fcr Sehensw\u00fcrdigkeiten, Aktivit\u00e4ten und Geschichte in beiden St\u00e4dten: Stirling: Stirling Castle: Dieses imposante Schloss thront auf einem H\u00fcgel und bietet einen [&hellip;]\" \/>\n<meta property=\"og:url\" content=\"https:\/\/www.urlaubcornwall.de\/blog\/was-ist-schoener-stirling-oder-perth-in-schottland\/\" \/>\n<meta property=\"og:site_name\" content=\"Urlaub &amp; Reisen\" \/>\n<meta property=\"article:modified_time\" content=\"2024-05-31T12:16:55+00:00\" \/>\n<meta name=\"twitter:card\" content=\"summary\" \/>\n<meta name=\"twitter:label1\" content=\"Est. reading time\" \/>\n\t<meta name=\"twitter:data1\" content=\"2 minutes\" \/>\n<script type=\"application\/ld+json\" class=\"yoast-schema-graph\">{\"@context\":\"https:\/\/schema.org\",\"@graph\":[{\"@type\":\"WebSite\",\"@id\":\"https:\/\/www.urlaubcornwall.de\/blog\/#website\",\"url\":\"https:\/\/www.urlaubcornwall.de\/blog\/\",\"name\":\"Urlaub &amp; Reisen\",\"description\":\"Urlaub, Reisen, Cornwall und S\u00fcdengland: eine perfekte Kombination\",\"potentialAction\":[{\"@type\":\"SearchAction\",\"target\":{\"@type\":\"EntryPoint\",\"urlTemplate\":\"https:\/\/www.urlaubcornwall.de\/blog\/?s={search_term_string}\"},\"query-input\":\"required name=search_term_string\"}],\"inLanguage\":\"en-US\"},{\"@type\":\"WebPage\",\"@id\":\"https:\/\/www.urlaubcornwall.de\/blog\/was-ist-schoener-stirling-oder-perth-in-schottland\/\",\"url\":\"https:\/\/www.urlaubcornwall.de\/blog\/was-ist-schoener-stirling-oder-perth-in-schottland\/\",\"name\":\"Was ist sch\u00f6ner Stirling oder Perth in Schottland? - Urlaub &amp; Reisen\",\"isPartOf\":{\"@id\":\"https:\/\/www.urlaubcornwall.de\/blog\/#website\"},\"datePublished\":\"2023-06-01T11:12:13+00:00\",\"dateModified\":\"2024-05-31T12:16:55+00:00\",\"breadcrumb\":{\"@id\":\"https:\/\/www.urlaubcornwall.de\/blog\/was-ist-schoener-stirling-oder-perth-in-schottland\/#breadcrumb\"},\"inLanguage\":\"en-US\",\"potentialAction\":[{\"@type\":\"ReadAction\",\"target\":[\"https:\/\/www.urlaubcornwall.de\/blog\/was-ist-schoener-stirling-oder-perth-in-schottland\/\"]}]},{\"@type\":\"BreadcrumbList\",\"@id\":\"https:\/\/www.urlaubcornwall.de\/blog\/was-ist-schoener-stirling-oder-perth-in-schottland\/#breadcrumb\",\"itemListElement\":[{\"@type\":\"ListItem\",\"position\":1,\"name\":\"Home\",\"item\":\"https:\/\/www.urlaubcornwall.de\/blog\/\"},{\"@type\":\"ListItem\",\"position\":2,\"name\":\"Was ist sch\u00f6ner Stirling oder Perth in Schottland?\"}]}]}<\/script>\n<!-- \/ Yoast SEO plugin. -->","yoast_head_json":{"title":"Was ist sch\u00f6ner Stirling oder Perth in Schottland? - Urlaub &amp; Reisen","robots":{"index":"index","follow":"follow","max-snippet":"max-snippet:-1","max-image-preview":"max-image-preview:large","max-video-preview":"max-video-preview:-1"},"canonical":"https:\/\/www.urlaubcornwall.de\/blog\/was-ist-schoener-stirling-oder-perth-in-schottland\/","og_locale":"en_US","og_type":"article","og_title":"Was ist sch\u00f6ner Stirling oder Perth in Schottland? - Urlaub &amp; Reisen","og_description":"Stirling und Perth sind zwei historische St\u00e4dte in Schottland, die beide reich an Sehensw\u00fcrdigkeiten, Aktivit\u00e4ten und Geschichte sind. Die Wahl, welche Stadt sch\u00f6ner ist, h\u00e4ngt von pers\u00f6nlichen Vorlieben ab. Hier sind jedoch einige Beispiele f\u00fcr Sehensw\u00fcrdigkeiten, Aktivit\u00e4ten und Geschichte in beiden St\u00e4dten: Stirling: Stirling Castle: Dieses imposante Schloss thront auf einem H\u00fcgel und bietet einen [&hellip;]","og_url":"https:\/\/www.urlaubcornwall.de\/blog\/was-ist-schoener-stirling-oder-perth-in-schottland\/","og_site_name":"Urlaub &amp; Reisen","article_modified_time":"2024-05-31T12:16:55+00:00","twitter_card":"summary","twitter_misc":{"Est. reading time":"2 minutes"},"schema":{"@context":"https:\/\/schema.org","@graph":[{"@type":"WebSite","@id":"https:\/\/www.urlaubcornwall.de\/blog\/#website","url":"https:\/\/www.urlaubcornwall.de\/blog\/","name":"Urlaub &amp; Reisen","description":"Urlaub, Reisen, Cornwall und S\u00fcdengland: eine perfekte Kombination","potentialAction":[{"@type":"SearchAction","target":{"@type":"EntryPoint","urlTemplate":"https:\/\/www.urlaubcornwall.de\/blog\/?s={search_term_string}"},"query-input":"required name=search_term_string"}],"inLanguage":"en-US"},{"@type":"WebPage","@id":"https:\/\/www.urlaubcornwall.de\/blog\/was-ist-schoener-stirling-oder-perth-in-schottland\/","url":"https:\/\/www.urlaubcornwall.de\/blog\/was-ist-schoener-stirling-oder-perth-in-schottland\/","name":"Was ist sch\u00f6ner Stirling oder Perth in Schottland? - Urlaub &amp; Reisen","isPartOf":{"@id":"https:\/\/www.urlaubcornwall.de\/blog\/#website"},"datePublished":"2023-06-01T11:12:13+00:00","dateModified":"2024-05-31T12:16:55+00:00","breadcrumb":{"@id":"https:\/\/www.urlaubcornwall.de\/blog\/was-ist-schoener-stirling-oder-perth-in-schottland\/#breadcrumb"},"inLanguage":"en-US","potentialAction":[{"@type":"ReadAction","target":["https:\/\/www.urlaubcornwall.de\/blog\/was-ist-schoener-stirling-oder-perth-in-schottland\/"]}]},{"@type":"BreadcrumbList","@id":"https:\/\/www.urlaubcornwall.de\/blog\/was-ist-schoener-stirling-oder-perth-in-schottland\/#breadcrumb","itemListElement":[{"@type":"ListItem","position":1,"name":"Home","item":"https:\/\/www.urlaubcornwall.de\/blog\/"},{"@type":"ListItem","position":2,"name":"Was ist sch\u00f6ner Stirling oder Perth in Schottland?"}]}]}},"_links":{"self":[{"href":"https:\/\/www.urlaubcornwall.de\/blog\/wp-json\/wp\/v2\/pages\/46677"}],"collection":[{"href":"https:\/\/www.urlaubcornwall.de\/blog\/wp-json\/wp\/v2\/pages"}],"about":[{"href":"https:\/\/www.urlaubcornwall.de\/blog\/wp-json\/wp\/v2\/types\/page"}],"author":[{"embeddable":true,"href":"https:\/\/www.urlaubcornwall.de\/blog\/wp-json\/wp\/v2\/users\/1"}],"replies":[{"embeddable":true,"href":"https:\/\/www.urlaubcornwall.de\/blog\/wp-json\/wp\/v2\/comments?post=46677"}],"version-history":[{"count":4,"href":"https:\/\/www.urlaubcornwall.de\/blog\/wp-json\/wp\/v2\/pages\/46677\/revisions"}],"predecessor-version":[{"id":51368,"href":"https:\/\/www.urlaubcornwall.de\/blog\/wp-json\/wp\/v2\/pages\/46677\/revisions\/51368"}],"wp:attachment":[{"href":"https:\/\/www.urlaubcornwall.de\/blog\/wp-json\/wp\/v2\/media?parent=46677"}],"curies":[{"name":"wp","href":"https:\/\/api.w.org\/{rel}","templated":true}]}}