{"id":46665,"date":"2023-06-01T09:13:27","date_gmt":"2023-06-01T09:13:27","guid":{"rendered":"https:\/\/www.urlaubcornwall.de\/blog\/?page_id=46665"},"modified":"2024-04-30T15:23:03","modified_gmt":"2024-04-30T15:23:03","slug":"was-ist-schoener-winchester-oder-salisbury","status":"publish","type":"page","link":"https:\/\/www.urlaubcornwall.de\/blog\/was-ist-schoener-winchester-oder-salisbury\/","title":{"rendered":"Was ist sch\u00f6ner Winchester oder Salisbury?"},"content":{"rendered":"<p><a href=\"https:\/\/www.urlaubcornwall.de\/blog\/urlaub-in-winchester-sehenswuerdigkeiten-unterkunft-und-geschichte\/\">Winchester<\/a> und <a href=\"https:\/\/www.urlaubcornwall.de\/blog\/urlaub-salisbury-unterkunft-sehenswuerdigkeiten-und-geschichte\/\">Salisbury<\/a> sind zwei historische St\u00e4dte im S\u00fcden Englands, die beide reich an Geschichte und kulturellen Sehensw\u00fcrdigkeiten sind. Es ist schwer zu sagen, welche sch\u00f6ner ist, da dies von pers\u00f6nlichen Vorlieben abh\u00e4ngt. Hier sind jedoch einige Beispiele f\u00fcr Sehensw\u00fcrdigkeiten, Aktivit\u00e4ten und Geschichte in beiden St\u00e4dten:<\/p>\n<p><a href=\"https:\/\/www.urlaubcornwall.de\/ferienhaeuser-fewos\/eng\/hampshire\/winchester.html\">Winchester:<\/a><\/p>\n<p><img loading=\"lazy\" class=\"aligncenter size-full wp-image-47862\" src=\"https:\/\/www.urlaubcornwall.de\/blog\/wp-content\/uploads\/2024\/03\/Winchester_cathedral.jpg\" alt=\"Winchester_cathedral\" width=\"750\" height=\"500\" srcset=\"https:\/\/www.urlaubcornwall.de\/blog\/wp-content\/uploads\/2024\/03\/Winchester_cathedral.jpg 750w, https:\/\/www.urlaubcornwall.de\/blog\/wp-content\/uploads\/2024\/03\/Winchester_cathedral-300x200.jpg 300w\" sizes=\"(max-width: 750px) 100vw, 750px\" \/><\/p>\n<p>Winchester Cathedral: Diese beeindruckende gotische Kathedrale ist eine der gr\u00f6\u00dften Kathedralen in Europa und beherbergt die Gr\u00e4ber einiger englischer K\u00f6nige. Besuchen Sie auch die gro\u00dfartige mittelalterliche Bibliothek und erkunden Sie den Kreuzgang.<\/p>\n<p>The Great Hall: Hier k\u00f6nnen Sie die ber\u00fchmte Tafelrunde von K\u00f6nig Artus sehen, die in den Boden eingelassen ist. Das angrenzende Museum bietet eine faszinierende Ausstellung zur Geschichte der Stadt.<\/p>\n<p>Wolvesey Castle: Die Ruinen dieser ehemaligen Bischofsresidenz sind einen Besuch wert. Erkunden Sie die \u00dcberreste der Burg und die sch\u00f6nen G\u00e4rten.<\/p>\n<p><a href=\"https:\/\/www.urlaubcornwall.de\/ferienhaeuser-fewos\/eng\/wiltshire\/salisbury.html\">Salisbury:<\/a><\/p>\n<p><img loading=\"lazy\" class=\"aligncenter size-full wp-image-47833\" src=\"https:\/\/www.urlaubcornwall.de\/blog\/wp-content\/uploads\/2024\/03\/salisbury-cathederal.jpg\" alt=\"salisbury cathederal\" width=\"750\" height=\"409\" srcset=\"https:\/\/www.urlaubcornwall.de\/blog\/wp-content\/uploads\/2024\/03\/salisbury-cathederal.jpg 750w, https:\/\/www.urlaubcornwall.de\/blog\/wp-content\/uploads\/2024\/03\/salisbury-cathederal-300x164.jpg 300w\" sizes=\"(max-width: 750px) 100vw, 750px\" \/><\/p>\n<p>Salisbury Cathedral: Diese atemberaubende Kathedrale aus dem 13. Jahrhundert beherbergt die besterhaltene Kopie der Magna Carta. Bewundern Sie die beeindruckende Architektur und besteigen Sie den Turm f\u00fcr einen spektakul\u00e4ren Blick \u00fcber die Stadt.<\/p>\n<p>Stonehenge: Obwohl es nicht direkt in Salisbury liegt, ist Stonehenge nur eine kurze Fahrt entfernt und definitiv einen Besuch wert. Dieses weltber\u00fchmte pr\u00e4historische Monument ist ein UNESCO-Weltkulturerbe und ein faszinierendes R\u00e4tsel der Vergangenheit.<\/p>\n<p>Old Sarum: Diese alte H\u00fcgelfestung bietet einen Einblick in die fr\u00fche Geschichte der Region. Erkunden Sie die \u00dcberreste der normannischen Burg, der Kathedrale und der Siedlung und genie\u00dfen Sie den Panoramablick \u00fcber die umliegende Landschaft.<\/p>\n<p>Salisbury Museum: Das Museum beherbergt eine vielf\u00e4ltige Sammlung von Artefakten, darunter pr\u00e4historische Funde, lokale Kunst und die Geschichte der Stadt.<\/p>\n<h1>Unser Rundreisenservice in S\u00fcdengland<\/h1>\n<p>Weshalb \u00fcber uns buchen?<\/p>\n<p>Firmensitz in Cornwall und ein Team Deutsch sprechender Reisespezialisten.<\/p>\n<p>Wir haben eine Leidenschaft f\u00fcrs Reisen und gestalten den perfekten Urlaub.<\/p>\n<p>Ortskenntnisse und Insidertipps f\u00fcr unsere Kunden.<\/p>\n<p>Sonderangebote und Preisnachl\u00e4sse<\/p>\n<p>S\u00e4mtliche unserer Rundreisen sind durch einen voll versicherten deutschen Reiseveranstalter gesichert.<\/p>\n<p style=\"text-align: center;\"><a class=\"tidycta\" href=\"https:\/\/www.urlaubcornwall.de\/rundreisen\/cornwall-suedengland.php\"> Mehr Info<\/a><\/p>\n<div class=\"snippet\"> <a class=\"featured-item\" href=\"https:\/\/www.urlaubcornwall.de\/ferienhaeuser\/suedengland.php\"> <span class=\"image-holder\" style=\"background-image: url('https:\/\/www.urlaubcornwall.de\/blog\/wp-content\/uploads\/2024\/03\/ferienhaus-england-cornwall.jpg');\"><\/span> <span class=\"featured-content\"> \n<h2 class=\"featured-title\">Ferienh\u00e4user in S\u00fcdengland<\/h2>\n<p class=\"featured-body\">Bei uns finden Sie Ferienh\u00e4user zum Verlieben &#8211; so einfach ist das! Dank seiner langen Geschichte, der reizvollen Landschaften und seinen vielen Attraktionen ist S\u00fcdengland ein wahres Mekka f\u00fcr Urlauber&#8230;..<\/p><\/span> <span class=\"featured-link-holder\"> <span class=\"featured-extra-info\"> \n<p>Pers\u00f6nlich inspizierter Ferienh\u00e4user<\/p>\n<\/span> \n<p class=\"featured-link\">DETAILS<\/p>\n<\/span> <\/a><\/div>\n","protected":false},"excerpt":{"rendered":"<p>Winchester und Salisbury sind zwei historische St\u00e4dte im S\u00fcden Englands, die beide reich an Geschichte und kulturellen Sehensw\u00fcrdigkeiten sind. Es ist schwer zu sagen, welche sch\u00f6ner ist, da dies von pers\u00f6nlichen Vorlieben abh\u00e4ngt. Hier sind jedoch einige Beispiele f\u00fcr Sehensw\u00fcrdigkeiten, Aktivit\u00e4ten und Geschichte in beiden St\u00e4dten: Winchester: Winchester Cathedral: Diese beeindruckende gotische Kathedrale ist eine [&hellip;]<\/p>\n","protected":false},"author":1,"featured_media":0,"parent":0,"menu_order":0,"comment_status":"closed","ping_status":"closed","template":"single-four.php","meta":[],"acf":[],"yoast_head":"<!-- This site is optimized with the Yoast SEO plugin v19.4 - https:\/\/yoast.com\/wordpress\/plugins\/seo\/ -->\n<title>Was ist sch\u00f6ner Winchester oder Salisbury? - Urlaub &amp; Reisen<\/title>\n<meta name=\"description\" content=\"Winchester und Salisbury sind zwei historische St\u00e4dte im S\u00fcden Englands, die beide reich an Geschichte und kulturellen Sehensw\u00fcrdigkeiten sind\" \/>\n<meta name=\"robots\" content=\"index, follow, max-snippet:-1, max-image-preview:large, max-video-preview:-1\" \/>\n<link rel=\"canonical\" href=\"https:\/\/www.urlaubcornwall.de\/blog\/was-ist-schoener-winchester-oder-salisbury\/\" \/>\n<meta property=\"og:locale\" content=\"en_US\" \/>\n<meta property=\"og:type\" content=\"article\" \/>\n<meta property=\"og:title\" content=\"Was ist sch\u00f6ner Winchester oder Salisbury? - Urlaub &amp; Reisen\" \/>\n<meta property=\"og:description\" content=\"Winchester und Salisbury sind zwei historische St\u00e4dte im S\u00fcden Englands, die beide reich an Geschichte und kulturellen Sehensw\u00fcrdigkeiten sind\" \/>\n<meta property=\"og:url\" content=\"https:\/\/www.urlaubcornwall.de\/blog\/was-ist-schoener-winchester-oder-salisbury\/\" \/>\n<meta property=\"og:site_name\" content=\"Urlaub &amp; Reisen\" \/>\n<meta property=\"article:modified_time\" content=\"2024-04-30T15:23:03+00:00\" \/>\n<meta property=\"og:image\" content=\"https:\/\/www.urlaubcornwall.de\/blog\/wp-content\/uploads\/2024\/03\/Winchester_cathedral.jpg\" \/>\n<meta name=\"twitter:card\" content=\"summary\" \/>\n<meta name=\"twitter:label1\" content=\"Est. reading time\" \/>\n\t<meta name=\"twitter:data1\" content=\"2 minutes\" \/>\n<script type=\"application\/ld+json\" class=\"yoast-schema-graph\">{\"@context\":\"https:\/\/schema.org\",\"@graph\":[{\"@type\":\"WebSite\",\"@id\":\"https:\/\/www.urlaubcornwall.de\/blog\/#website\",\"url\":\"https:\/\/www.urlaubcornwall.de\/blog\/\",\"name\":\"Urlaub &amp; Reisen\",\"description\":\"Urlaub, Reisen, Cornwall und S\u00fcdengland: eine perfekte Kombination\",\"potentialAction\":[{\"@type\":\"SearchAction\",\"target\":{\"@type\":\"EntryPoint\",\"urlTemplate\":\"https:\/\/www.urlaubcornwall.de\/blog\/?s={search_term_string}\"},\"query-input\":\"required name=search_term_string\"}],\"inLanguage\":\"en-US\"},{\"@type\":\"WebPage\",\"@id\":\"https:\/\/www.urlaubcornwall.de\/blog\/was-ist-schoener-winchester-oder-salisbury\/\",\"url\":\"https:\/\/www.urlaubcornwall.de\/blog\/was-ist-schoener-winchester-oder-salisbury\/\",\"name\":\"Was ist sch\u00f6ner Winchester oder Salisbury? - Urlaub &amp; Reisen\",\"isPartOf\":{\"@id\":\"https:\/\/www.urlaubcornwall.de\/blog\/#website\"},\"datePublished\":\"2023-06-01T09:13:27+00:00\",\"dateModified\":\"2024-04-30T15:23:03+00:00\",\"description\":\"Winchester und Salisbury sind zwei historische St\u00e4dte im S\u00fcden Englands, die beide reich an Geschichte und kulturellen Sehensw\u00fcrdigkeiten sind\",\"breadcrumb\":{\"@id\":\"https:\/\/www.urlaubcornwall.de\/blog\/was-ist-schoener-winchester-oder-salisbury\/#breadcrumb\"},\"inLanguage\":\"en-US\",\"potentialAction\":[{\"@type\":\"ReadAction\",\"target\":[\"https:\/\/www.urlaubcornwall.de\/blog\/was-ist-schoener-winchester-oder-salisbury\/\"]}]},{\"@type\":\"BreadcrumbList\",\"@id\":\"https:\/\/www.urlaubcornwall.de\/blog\/was-ist-schoener-winchester-oder-salisbury\/#breadcrumb\",\"itemListElement\":[{\"@type\":\"ListItem\",\"position\":1,\"name\":\"Home\",\"item\":\"https:\/\/www.urlaubcornwall.de\/blog\/\"},{\"@type\":\"ListItem\",\"position\":2,\"name\":\"Was ist sch\u00f6ner Winchester oder Salisbury?\"}]}]}<\/script>\n<!-- \/ Yoast SEO plugin. -->","yoast_head_json":{"title":"Was ist sch\u00f6ner Winchester oder Salisbury? - Urlaub &amp; Reisen","description":"Winchester und Salisbury sind zwei historische St\u00e4dte im S\u00fcden Englands, die beide reich an Geschichte und kulturellen Sehensw\u00fcrdigkeiten sind","robots":{"index":"index","follow":"follow","max-snippet":"max-snippet:-1","max-image-preview":"max-image-preview:large","max-video-preview":"max-video-preview:-1"},"canonical":"https:\/\/www.urlaubcornwall.de\/blog\/was-ist-schoener-winchester-oder-salisbury\/","og_locale":"en_US","og_type":"article","og_title":"Was ist sch\u00f6ner Winchester oder Salisbury? - Urlaub &amp; Reisen","og_description":"Winchester und Salisbury sind zwei historische St\u00e4dte im S\u00fcden Englands, die beide reich an Geschichte und kulturellen Sehensw\u00fcrdigkeiten sind","og_url":"https:\/\/www.urlaubcornwall.de\/blog\/was-ist-schoener-winchester-oder-salisbury\/","og_site_name":"Urlaub &amp; Reisen","article_modified_time":"2024-04-30T15:23:03+00:00","og_image":[{"url":"https:\/\/www.urlaubcornwall.de\/blog\/wp-content\/uploads\/2024\/03\/Winchester_cathedral.jpg"}],"twitter_card":"summary","twitter_misc":{"Est. reading time":"2 minutes"},"schema":{"@context":"https:\/\/schema.org","@graph":[{"@type":"WebSite","@id":"https:\/\/www.urlaubcornwall.de\/blog\/#website","url":"https:\/\/www.urlaubcornwall.de\/blog\/","name":"Urlaub &amp; Reisen","description":"Urlaub, Reisen, Cornwall und S\u00fcdengland: eine perfekte Kombination","potentialAction":[{"@type":"SearchAction","target":{"@type":"EntryPoint","urlTemplate":"https:\/\/www.urlaubcornwall.de\/blog\/?s={search_term_string}"},"query-input":"required name=search_term_string"}],"inLanguage":"en-US"},{"@type":"WebPage","@id":"https:\/\/www.urlaubcornwall.de\/blog\/was-ist-schoener-winchester-oder-salisbury\/","url":"https:\/\/www.urlaubcornwall.de\/blog\/was-ist-schoener-winchester-oder-salisbury\/","name":"Was ist sch\u00f6ner Winchester oder Salisbury? - Urlaub &amp; Reisen","isPartOf":{"@id":"https:\/\/www.urlaubcornwall.de\/blog\/#website"},"datePublished":"2023-06-01T09:13:27+00:00","dateModified":"2024-04-30T15:23:03+00:00","description":"Winchester und Salisbury sind zwei historische St\u00e4dte im S\u00fcden Englands, die beide reich an Geschichte und kulturellen Sehensw\u00fcrdigkeiten sind","breadcrumb":{"@id":"https:\/\/www.urlaubcornwall.de\/blog\/was-ist-schoener-winchester-oder-salisbury\/#breadcrumb"},"inLanguage":"en-US","potentialAction":[{"@type":"ReadAction","target":["https:\/\/www.urlaubcornwall.de\/blog\/was-ist-schoener-winchester-oder-salisbury\/"]}]},{"@type":"BreadcrumbList","@id":"https:\/\/www.urlaubcornwall.de\/blog\/was-ist-schoener-winchester-oder-salisbury\/#breadcrumb","itemListElement":[{"@type":"ListItem","position":1,"name":"Home","item":"https:\/\/www.urlaubcornwall.de\/blog\/"},{"@type":"ListItem","position":2,"name":"Was ist sch\u00f6ner Winchester oder Salisbury?"}]}]}},"_links":{"self":[{"href":"https:\/\/www.urlaubcornwall.de\/blog\/wp-json\/wp\/v2\/pages\/46665"}],"collection":[{"href":"https:\/\/www.urlaubcornwall.de\/blog\/wp-json\/wp\/v2\/pages"}],"about":[{"href":"https:\/\/www.urlaubcornwall.de\/blog\/wp-json\/wp\/v2\/types\/page"}],"author":[{"embeddable":true,"href":"https:\/\/www.urlaubcornwall.de\/blog\/wp-json\/wp\/v2\/users\/1"}],"replies":[{"embeddable":true,"href":"https:\/\/www.urlaubcornwall.de\/blog\/wp-json\/wp\/v2\/comments?post=46665"}],"version-history":[{"count":5,"href":"https:\/\/www.urlaubcornwall.de\/blog\/wp-json\/wp\/v2\/pages\/46665\/revisions"}],"predecessor-version":[{"id":49960,"href":"https:\/\/www.urlaubcornwall.de\/blog\/wp-json\/wp\/v2\/pages\/46665\/revisions\/49960"}],"wp:attachment":[{"href":"https:\/\/www.urlaubcornwall.de\/blog\/wp-json\/wp\/v2\/media?parent=46665"}],"curies":[{"name":"wp","href":"https:\/\/api.w.org\/{rel}","templated":true}]}}