{"id":46654,"date":"2023-05-17T07:16:33","date_gmt":"2023-05-17T07:16:33","guid":{"rendered":"https:\/\/www.urlaubcornwall.de\/blog\/?page_id=46654"},"modified":"2024-04-15T14:52:41","modified_gmt":"2024-04-15T14:52:41","slug":"was-ist-schoener-loch-lomond-oder-loch-ness","status":"publish","type":"page","link":"https:\/\/www.urlaubcornwall.de\/blog\/was-ist-schoener-loch-lomond-oder-loch-ness\/","title":{"rendered":"Was ist sch\u00f6ner Loch Lomond oder Loch Ness?"},"content":{"rendered":"<p>Beide Seen sind in <a href=\"https:\/\/www.urlaubcornwall.de\/reiseziel\/schottland.php\">Schottland<\/a> bekannt und haben ihre eigenen Reize. Hier sind einige Informationen \u00fcber die Seen, interessante Orte, Aktivit\u00e4ten und Geschichte, die Ihnen bei Ihrer Entscheidung helfen k\u00f6nnen:<\/p>\n<p><a href=\"https:\/\/www.urlaubcornwall.de\/blog\/urlaub-loch-lomond-und-der-trossachs-nationalpark-sehenswuerdigkeiten-und-unterkunft\/\">Loch Lomond:<\/a><\/p>\n<p><img loading=\"lazy\" class=\"aligncenter size-full wp-image-47803\" src=\"https:\/\/www.urlaubcornwall.de\/blog\/wp-content\/uploads\/2024\/03\/schottland-seen.jpg\" alt=\"schottland loch\" width=\"750\" height=\"500\" srcset=\"https:\/\/www.urlaubcornwall.de\/blog\/wp-content\/uploads\/2024\/03\/schottland-seen.jpg 750w, https:\/\/www.urlaubcornwall.de\/blog\/wp-content\/uploads\/2024\/03\/schottland-seen-300x200.jpg 300w\" sizes=\"(max-width: 750px) 100vw, 750px\" \/><\/p>\n<p>Loch Lomond liegt in der N\u00e4he von Glasgow und ist einer der gr\u00f6\u00dften und <a href=\"https:\/\/www.urlaubcornwall.de\/blog\/top-10-wunderschoene-schottische-lochs-urlaubstipps-schottland\/\">sch\u00f6nsten Seen Schottlands<\/a>. Es zeichnet sich durch seine atemberaubende Landschaft aus, die von sanften H\u00fcgeln und Bergen umgeben ist. Hier sind einige interessante Orte und Aktivit\u00e4ten am Loch Lomond:<\/p>\n<p>Conic Hill: Besteigen Sie den Conic Hill f\u00fcr einen spektakul\u00e4ren Panoramablick auf den Loch Lomond und die umliegende Landschaft.<\/p>\n<p>Inchcailloch: Besuchen Sie die Insel Inchcailloch im Loch Lomond, die zum Loch Lomond and The Trossachs National Park geh\u00f6rt. Die Insel bietet herrliche Wanderwege, reichhaltige Tierwelt und einen Blick auf die historischen Ruinen.<\/p>\n<p>Wassersport: Loch Lomond ist ein beliebtes Ziel f\u00fcr Wassersportarten wie Bootfahren, Kajakfahren und Segeln. Sie k\u00f6nnen auch eine Bootstour machen, um den See und seine Inseln zu erkunden.<\/p>\n<p>Loch Lomond Shores: Besuchen Sie das Einkaufszentrum Loch Lomond Shores, das eine Vielzahl von Gesch\u00e4ften, Restaurants und Freizeitm\u00f6glichkeiten bietet. Von hier aus haben Sie auch Zugang zu verschiedenen Aktivit\u00e4ten am See, wie z. B. Wassersportverleih und Bootstouren.<\/p>\n<p><a href=\"https:\/\/www.urlaubcornwall.de\/blog\/urlaub-in-inverness-sehenswuerdigkeiten-geschichte-und-unterkunft\/\">Loch Ness:<\/a><\/p>\n<p><img loading=\"lazy\" class=\"aligncenter size-full wp-image-29375\" src=\"https:\/\/www.urlaubcornwall.de\/blog\/wp-content\/uploads\/2017\/09\/Loch-ness_urlaub.jpg\" alt=\"urlaub Loch Ness\" width=\"750\" height=\"422\"\/><\/p>\n<p>Loch Ness ist ber\u00fchmt f\u00fcr das Monster von Loch Ness und hat eine reiche Geschichte und Mystik. Hier sind einige interessante Orte und Aktivit\u00e4ten am Loch Ness:<\/p>\n<p>Urquhart Castle: Besuchen Sie Urquhart Castle, eine imposante Burgruine am Ufer des Loch Ness. Die Burg bietet einen atemberaubenden Blick auf den See und eine informative Ausstellung zur Geschichte und Mythologie des Loch Ness.<\/p>\n<p>Bootstour: Unternehmen Sie eine Bootstour auf dem Loch Ness, um die Sch\u00f6nheit des Sees zu genie\u00dfen und nach dem ber\u00fchmten Ungeheuer Nessie Ausschau zu halten. Die Bootstouren bieten auch Informationen \u00fcber die Geschichte und Legenden des Sees.<\/p>\n<p>Dochgarroch Lock: Besuchen Sie Dochgarroch Lock, wo der Caledonian Canal in den Loch Ness m\u00fcndet. Beobachten Sie die Boote und Schleusen des Kanals und genie\u00dfen Sie die ruhige Atmosph\u00e4re des Ortes.<\/p>\n<p>Loch Ness Centre &amp; Exhibition: Besuchen Sie das Loch Ness Centre &amp; Exhibition in Drumnadrochit, um mehr \u00fcber die Geschichte und die wissenschaftliche Untersuchung des Loch Ness und des Ungeheuers zu erfahren.<\/p>\n<h1>Unser Rundreisenservice in Schottland<\/h1>\n<p>Weshalb \u00fcber uns buchen?<\/p>\n<p>Firmensitz in Cornwall und ein Team Deutsch sprechender Reisespezialisten.<\/p>\n<p>Wir haben eine Leidenschaft f\u00fcrs Reisen und gestalten den perfekten Urlaub.<\/p>\n<p>Ortskenntnisse und Insidertipps f\u00fcr unsere Kunden.<\/p>\n<p>Sonderangebote und Preisnachl\u00e4sse<\/p>\n<p>S\u00e4mtliche unserer Rundreisen sind durch einen voll versicherten deutschen Reiseveranstalter gesichert.<\/p>\n<p style=\"text-align: center;\"><a class=\"tidycta\" href=\"https:\/\/www.urlaubcornwall.de\/blog\/rundreisen-schottland\/\"> Mehr Info<\/a><\/p>\n<div class=\"snippet\"> <a class=\"featured-item\" href=\" https:\/\/www.urlaubcornwall.de\/ferienhaeuser\/schottland.php\"> <span class=\"image-holder\" style=\"background-image: url(' https:\/\/www.urlaubcornwall.de\/blog\/wp-content\/uploads\/2019\/01\/urlaub-schottland-highlands-1.jpg ');\"><\/span> <span class=\"featured-content\"> \n<h2 class=\"featured-title\">Bei uns finden Sie Ferienh\u00e4user in Schottland zum Verlieben!<\/h2>\n<p class=\"featured-body\">Untenstehend finden Sie eine Auswahl an Ferienh\u00e4usern in Schottland. Hier finden Sie pers\u00f6nlich inspizierte Cottages entlang der schottischen K\u00fcste, in den schottischen Highlands und auf den Inseln&#8230;..<\/p>\n<\/span> <span class=\"featured-link-holder\"> <span class=\"featured-extra-info\"> \n<p>F\u00fcr Paare, Familien &#038; Gruppen<\/p>\n<\/span> \n<p class=\"featured-link\">DETAILS<\/p>\n<\/span> <\/a><\/div>\n","protected":false},"excerpt":{"rendered":"<p>Beide Seen sind in Schottland bekannt und haben ihre eigenen Reize. Hier sind einige Informationen \u00fcber die Seen, interessante Orte, Aktivit\u00e4ten und Geschichte, die Ihnen bei Ihrer Entscheidung helfen k\u00f6nnen: Loch Lomond: Loch Lomond liegt in der N\u00e4he von Glasgow und ist einer der gr\u00f6\u00dften und sch\u00f6nsten Seen Schottlands. Es zeichnet sich durch seine atemberaubende [&hellip;]<\/p>\n","protected":false},"author":1,"featured_media":0,"parent":0,"menu_order":0,"comment_status":"closed","ping_status":"closed","template":"single-four.php","meta":[],"acf":[],"yoast_head":"<!-- This site is optimized with the Yoast SEO plugin v19.4 - https:\/\/yoast.com\/wordpress\/plugins\/seo\/ -->\n<title>Was ist sch\u00f6ner Loch Lomond oder Loch Ness? - Urlaub &amp; Reisen<\/title>\n<meta name=\"description\" content=\"Beide Seen sind in Schottland bekannt und haben ihre eigenen Reize. Hier sind einige Informationen \u00fcber die Seen, interessante Orte\" \/>\n<meta name=\"robots\" content=\"index, follow, max-snippet:-1, max-image-preview:large, max-video-preview:-1\" \/>\n<link rel=\"canonical\" href=\"https:\/\/www.urlaubcornwall.de\/blog\/was-ist-schoener-loch-lomond-oder-loch-ness\/\" \/>\n<meta property=\"og:locale\" content=\"en_US\" \/>\n<meta property=\"og:type\" content=\"article\" \/>\n<meta property=\"og:title\" content=\"Was ist sch\u00f6ner Loch Lomond oder Loch Ness? - Urlaub &amp; Reisen\" \/>\n<meta property=\"og:description\" content=\"Beide Seen sind in Schottland bekannt und haben ihre eigenen Reize. Hier sind einige Informationen \u00fcber die Seen, interessante Orte\" \/>\n<meta property=\"og:url\" content=\"https:\/\/www.urlaubcornwall.de\/blog\/was-ist-schoener-loch-lomond-oder-loch-ness\/\" \/>\n<meta property=\"og:site_name\" content=\"Urlaub &amp; Reisen\" \/>\n<meta property=\"article:modified_time\" content=\"2024-04-15T14:52:41+00:00\" \/>\n<meta property=\"og:image\" content=\"https:\/\/www.urlaubcornwall.de\/blog\/wp-content\/uploads\/2024\/03\/schottland-seen.jpg\" \/>\n<meta name=\"twitter:card\" content=\"summary\" \/>\n<meta name=\"twitter:label1\" content=\"Est. reading time\" \/>\n\t<meta name=\"twitter:data1\" content=\"3 minutes\" \/>\n<script type=\"application\/ld+json\" class=\"yoast-schema-graph\">{\"@context\":\"https:\/\/schema.org\",\"@graph\":[{\"@type\":\"WebSite\",\"@id\":\"https:\/\/www.urlaubcornwall.de\/blog\/#website\",\"url\":\"https:\/\/www.urlaubcornwall.de\/blog\/\",\"name\":\"Urlaub &amp; Reisen\",\"description\":\"Urlaub, Reisen, Cornwall und S\u00fcdengland: eine perfekte Kombination\",\"potentialAction\":[{\"@type\":\"SearchAction\",\"target\":{\"@type\":\"EntryPoint\",\"urlTemplate\":\"https:\/\/www.urlaubcornwall.de\/blog\/?s={search_term_string}\"},\"query-input\":\"required name=search_term_string\"}],\"inLanguage\":\"en-US\"},{\"@type\":\"WebPage\",\"@id\":\"https:\/\/www.urlaubcornwall.de\/blog\/was-ist-schoener-loch-lomond-oder-loch-ness\/\",\"url\":\"https:\/\/www.urlaubcornwall.de\/blog\/was-ist-schoener-loch-lomond-oder-loch-ness\/\",\"name\":\"Was ist sch\u00f6ner Loch Lomond oder Loch Ness? - Urlaub &amp; Reisen\",\"isPartOf\":{\"@id\":\"https:\/\/www.urlaubcornwall.de\/blog\/#website\"},\"datePublished\":\"2023-05-17T07:16:33+00:00\",\"dateModified\":\"2024-04-15T14:52:41+00:00\",\"description\":\"Beide Seen sind in Schottland bekannt und haben ihre eigenen Reize. Hier sind einige Informationen \u00fcber die Seen, interessante Orte\",\"breadcrumb\":{\"@id\":\"https:\/\/www.urlaubcornwall.de\/blog\/was-ist-schoener-loch-lomond-oder-loch-ness\/#breadcrumb\"},\"inLanguage\":\"en-US\",\"potentialAction\":[{\"@type\":\"ReadAction\",\"target\":[\"https:\/\/www.urlaubcornwall.de\/blog\/was-ist-schoener-loch-lomond-oder-loch-ness\/\"]}]},{\"@type\":\"BreadcrumbList\",\"@id\":\"https:\/\/www.urlaubcornwall.de\/blog\/was-ist-schoener-loch-lomond-oder-loch-ness\/#breadcrumb\",\"itemListElement\":[{\"@type\":\"ListItem\",\"position\":1,\"name\":\"Home\",\"item\":\"https:\/\/www.urlaubcornwall.de\/blog\/\"},{\"@type\":\"ListItem\",\"position\":2,\"name\":\"Was ist sch\u00f6ner Loch Lomond oder Loch Ness?\"}]}]}<\/script>\n<!-- \/ Yoast SEO plugin. -->","yoast_head_json":{"title":"Was ist sch\u00f6ner Loch Lomond oder Loch Ness? - Urlaub &amp; Reisen","description":"Beide Seen sind in Schottland bekannt und haben ihre eigenen Reize. Hier sind einige Informationen \u00fcber die Seen, interessante Orte","robots":{"index":"index","follow":"follow","max-snippet":"max-snippet:-1","max-image-preview":"max-image-preview:large","max-video-preview":"max-video-preview:-1"},"canonical":"https:\/\/www.urlaubcornwall.de\/blog\/was-ist-schoener-loch-lomond-oder-loch-ness\/","og_locale":"en_US","og_type":"article","og_title":"Was ist sch\u00f6ner Loch Lomond oder Loch Ness? - Urlaub &amp; Reisen","og_description":"Beide Seen sind in Schottland bekannt und haben ihre eigenen Reize. Hier sind einige Informationen \u00fcber die Seen, interessante Orte","og_url":"https:\/\/www.urlaubcornwall.de\/blog\/was-ist-schoener-loch-lomond-oder-loch-ness\/","og_site_name":"Urlaub &amp; Reisen","article_modified_time":"2024-04-15T14:52:41+00:00","og_image":[{"url":"https:\/\/www.urlaubcornwall.de\/blog\/wp-content\/uploads\/2024\/03\/schottland-seen.jpg"}],"twitter_card":"summary","twitter_misc":{"Est. reading time":"3 minutes"},"schema":{"@context":"https:\/\/schema.org","@graph":[{"@type":"WebSite","@id":"https:\/\/www.urlaubcornwall.de\/blog\/#website","url":"https:\/\/www.urlaubcornwall.de\/blog\/","name":"Urlaub &amp; Reisen","description":"Urlaub, Reisen, Cornwall und S\u00fcdengland: eine perfekte Kombination","potentialAction":[{"@type":"SearchAction","target":{"@type":"EntryPoint","urlTemplate":"https:\/\/www.urlaubcornwall.de\/blog\/?s={search_term_string}"},"query-input":"required name=search_term_string"}],"inLanguage":"en-US"},{"@type":"WebPage","@id":"https:\/\/www.urlaubcornwall.de\/blog\/was-ist-schoener-loch-lomond-oder-loch-ness\/","url":"https:\/\/www.urlaubcornwall.de\/blog\/was-ist-schoener-loch-lomond-oder-loch-ness\/","name":"Was ist sch\u00f6ner Loch Lomond oder Loch Ness? - Urlaub &amp; Reisen","isPartOf":{"@id":"https:\/\/www.urlaubcornwall.de\/blog\/#website"},"datePublished":"2023-05-17T07:16:33+00:00","dateModified":"2024-04-15T14:52:41+00:00","description":"Beide Seen sind in Schottland bekannt und haben ihre eigenen Reize. Hier sind einige Informationen \u00fcber die Seen, interessante Orte","breadcrumb":{"@id":"https:\/\/www.urlaubcornwall.de\/blog\/was-ist-schoener-loch-lomond-oder-loch-ness\/#breadcrumb"},"inLanguage":"en-US","potentialAction":[{"@type":"ReadAction","target":["https:\/\/www.urlaubcornwall.de\/blog\/was-ist-schoener-loch-lomond-oder-loch-ness\/"]}]},{"@type":"BreadcrumbList","@id":"https:\/\/www.urlaubcornwall.de\/blog\/was-ist-schoener-loch-lomond-oder-loch-ness\/#breadcrumb","itemListElement":[{"@type":"ListItem","position":1,"name":"Home","item":"https:\/\/www.urlaubcornwall.de\/blog\/"},{"@type":"ListItem","position":2,"name":"Was ist sch\u00f6ner Loch Lomond oder Loch Ness?"}]}]}},"_links":{"self":[{"href":"https:\/\/www.urlaubcornwall.de\/blog\/wp-json\/wp\/v2\/pages\/46654"}],"collection":[{"href":"https:\/\/www.urlaubcornwall.de\/blog\/wp-json\/wp\/v2\/pages"}],"about":[{"href":"https:\/\/www.urlaubcornwall.de\/blog\/wp-json\/wp\/v2\/types\/page"}],"author":[{"embeddable":true,"href":"https:\/\/www.urlaubcornwall.de\/blog\/wp-json\/wp\/v2\/users\/1"}],"replies":[{"embeddable":true,"href":"https:\/\/www.urlaubcornwall.de\/blog\/wp-json\/wp\/v2\/comments?post=46654"}],"version-history":[{"count":6,"href":"https:\/\/www.urlaubcornwall.de\/blog\/wp-json\/wp\/v2\/pages\/46654\/revisions"}],"predecessor-version":[{"id":49634,"href":"https:\/\/www.urlaubcornwall.de\/blog\/wp-json\/wp\/v2\/pages\/46654\/revisions\/49634"}],"wp:attachment":[{"href":"https:\/\/www.urlaubcornwall.de\/blog\/wp-json\/wp\/v2\/media?parent=46654"}],"curies":[{"name":"wp","href":"https:\/\/api.w.org\/{rel}","templated":true}]}}