{"id":46648,"date":"2023-05-17T06:52:58","date_gmt":"2023-05-17T06:52:58","guid":{"rendered":"https:\/\/www.urlaubcornwall.de\/blog\/?page_id=46648"},"modified":"2024-04-30T15:23:49","modified_gmt":"2024-04-30T15:23:49","slug":"was-ist-schoener-kent-oder-sussex","status":"publish","type":"page","link":"https:\/\/www.urlaubcornwall.de\/blog\/was-ist-schoener-kent-oder-sussex\/","title":{"rendered":"Was ist sch\u00f6ner Kent oder Sussex?"},"content":{"rendered":"<p>Sowohl Kent als auch Sussex sind wundersch\u00f6ne Grafschaften im S\u00fcdosten Englands und bieten eine F\u00fclle von Sehensw\u00fcrdigkeiten, Aktivit\u00e4ten und reicher Geschichte.<\/p>\n<p><strong><a href=\"https:\/\/www.urlaubcornwall.de\/reiseziel\/kent.php\">Kent:<\/a><\/strong><\/p>\n<p><img loading=\"lazy\" class=\"aligncenter size-full wp-image-41215\" src=\"https:\/\/www.urlaubcornwall.de\/blog\/wp-content\/uploads\/2020\/11\/leeds_schloss_kent.jpg\" alt=\"leeds_schloss_kent\" width=\"748\" height=\"497\" srcset=\"https:\/\/www.urlaubcornwall.de\/blog\/wp-content\/uploads\/2020\/11\/leeds_schloss_kent.jpg 748w, https:\/\/www.urlaubcornwall.de\/blog\/wp-content\/uploads\/2020\/11\/leeds_schloss_kent-300x199.jpg 300w\" sizes=\"(max-width: 748px) 100vw, 748px\" \/><\/p>\n<p>Leeds Castle: Auch bekannt als das &#8220;sch\u00f6nste Schloss der Welt&#8221;, bietet Leeds Castle eine faszinierende Geschichte, malerische G\u00e4rten und einen gro\u00dfen Park.<\/p>\n<p><a href=\"https:\/\/www.urlaubcornwall.de\/blog\/canterbury-kent-unterkunft-sehenswuerdigkeiten-und-geschichte\/\">Canterbury Cathedral:<\/a> Diese beeindruckende gotische Kathedrale ist UNESCO-Weltkulturerbe und eine der \u00e4ltesten und ber\u00fchmtesten Kirchen Englands.<\/p>\n<p><a href=\"https:\/\/www.urlaubcornwall.de\/blog\/dover-kent-unterkunft-sehenswuerdigkeiten-und-geschichte\/\">Dover Castle:<\/a> Eine imposante Burg aus dem 12. Jahrhundert, die hoch \u00fcber den wei\u00dfen Klippen von Dover thront. Besichtigen Sie die mittelalterlichen Tunnel und genie\u00dfen Sie den atemberaubenden Blick auf den \u00c4rmelkanal.<\/p>\n<p><strong>Sussex:<\/strong><\/p>\n<p><img loading=\"lazy\" class=\"aligncenter size-full wp-image-48029\" src=\"https:\/\/www.urlaubcornwall.de\/blog\/wp-content\/uploads\/2024\/03\/pavillion-brighton.jpg\" alt=\"pavillion brighton\" width=\"750\" height=\"563\" srcset=\"https:\/\/www.urlaubcornwall.de\/blog\/wp-content\/uploads\/2024\/03\/pavillion-brighton.jpg 750w, https:\/\/www.urlaubcornwall.de\/blog\/wp-content\/uploads\/2024\/03\/pavillion-brighton-300x225.jpg 300w\" sizes=\"(max-width: 750px) 100vw, 750px\" \/><\/p>\n<p><a href=\"https:\/\/www.urlaubcornwall.de\/blog\/urlaub-in-brighton-sussex-sehenswuerdigkeiten-unterkunft-und-geschichte\/\">Brighton Royal Pavilion<\/a>: Dieser extravagante orientalische Palast in Brighton ist ein architektonisches Juwel und ein Wahrzeichen der Stadt.<br \/>\nArundel Castle: Eine beeindruckende mittelalterliche Burg mit einer reichen Geschichte, umgeben von malerischen G\u00e4rten und herrlichen Ausblicken.<\/p>\n<p>Beachy Head: Diese beeindruckenden wei\u00dfen Kreideklippen an der S\u00fcdk\u00fcste Englands bieten spektakul\u00e4re Ausblicke auf das Meer und die umliegende Landschaft.<\/p>\n<p><strong>Aktivit\u00e4ten:<\/strong><\/p>\n<p><img loading=\"lazy\" class=\"aligncenter size-full wp-image-46426\" src=\"https:\/\/www.urlaubcornwall.de\/blog\/wp-content\/uploads\/2024\/03\/sissinghirst.jpg\" alt=\"sissinghirst\" width=\"750\" height=\"563\"\/><\/p>\n<p>Wandern: Beide Grafschaften bieten malerische Landschaften und zahlreiche Wanderwege, darunter der South Downs Way im Sussex und der North Downs Way im Kent.<\/p>\n<p>Gartenbesuche: Kent ist als &#8220;<a href=\"https:\/\/www.urlaubcornwall.de\/blog\/wunderschoene-gaerten-in-kent\/\">Garten Englands<\/a>&#8221; bekannt und beherbergt viele sch\u00f6ne G\u00e4rten wie Sissinghurst Castle Garden und Chartwell, das ehemalige Zuhause von Winston Churchill. Sussex bietet ebenfalls einige <a href=\"https:\/\/www.urlaubcornwall.de\/blog\/gartenreise-in-suedengland-ost-west-sussex\/\">bemerkenswerte G\u00e4rten<\/a>, darunter Nymans Garden und Sheffield Park and Garden.<\/p>\n<p>K\u00fcstenorte: Beide Grafschaften haben malerische K\u00fcstenorte, wie z.B. <a href=\"https:\/\/www.urlaubcornwall.de\/ferienhaeuser-fewos\/eng\/kent\/whitstable.html\">Whitstable in Kent<\/a> mit seinen charmanten Cottages und dem ber\u00fchmten Austernfestival sowie <a href=\"https:\/\/www.urlaubcornwall.de\/ferienhaeuser-fewos\/eng\/sussex\/rye.html\">Rye in Sussex<\/a> mit seinen engen Gassen und historischen Geb\u00e4uden.<\/p>\n<p><strong>Geschichte:<\/strong><\/p>\n<p>Canterbury: Als einer der \u00e4ltesten St\u00e4dte Englands hat <a href=\"https:\/\/www.urlaubcornwall.de\/ferienhaeuser-fewos\/eng\/kent\/canterbury.html\">Canterbury<\/a> eine reiche Geschichte, die eng mit der christlichen Tradition und der Erzdi\u00f6zese von Canterbury verbunden ist.<\/p>\n<p>Battle: Hier fand im Jahr 1066 die Schlacht von <a href=\"https:\/\/www.urlaubcornwall.de\/ferienhaeuser-fewos\/eng\/sussex\/hastings.html\">Hastings<\/a> statt, die die normannische Eroberung Englands einleitete. Besuchen Sie die Schlachtst\u00e4tte und das Battle Abbey Museum, um mehr \u00fcber dieses historische Ereignis zu erfahren.<\/p>\n<h1>Unser Rundreisenservice in S\u00fcdengland<\/h1>\n<p>Weshalb \u00fcber uns buchen?<\/p>\n<p>Firmensitz in Cornwall und ein Team Deutsch sprechender Reisespezialisten.<\/p>\n<p>Wir haben eine Leidenschaft f\u00fcrs Reisen und gestalten den perfekten Urlaub.<\/p>\n<p>Ortskenntnisse und Insidertipps f\u00fcr unsere Kunden.<\/p>\n<p>Sonderangebote und Preisnachl\u00e4sse<\/p>\n<p>S\u00e4mtliche unserer Rundreisen sind durch einen voll versicherten deutschen Reiseveranstalter gesichert.<\/p>\n<p style=\"text-align: center;\"><a class=\"tidycta\" href=\"https:\/\/www.urlaubcornwall.de\/rundreisen\/cornwall-suedengland.php\"> Mehr Info<\/a><\/p>\n<div class=\"snippet\"> <a class=\"featured-item\" href=\"https:\/\/www.urlaubcornwall.de\/ferienhaeuser\/suedengland.php\"> <span class=\"image-holder\" style=\"background-image: url('https:\/\/www.urlaubcornwall.de\/blog\/wp-content\/uploads\/2024\/03\/ferienhaus-england-cornwall.jpg');\"><\/span> <span class=\"featured-content\"> \n<h2 class=\"featured-title\">Ferienh\u00e4user in S\u00fcdengland<\/h2>\n<p class=\"featured-body\">Bei uns finden Sie Ferienh\u00e4user zum Verlieben &#8211; so einfach ist das! Dank seiner langen Geschichte, der reizvollen Landschaften und seinen vielen Attraktionen ist S\u00fcdengland ein wahres Mekka f\u00fcr Urlauber&#8230;..<\/p><\/span> <span class=\"featured-link-holder\"> <span class=\"featured-extra-info\"> \n<p>Pers\u00f6nlich inspizierter Ferienh\u00e4user<\/p>\n<\/span> \n<p class=\"featured-link\">DETAILS<\/p>\n<\/span> <\/a><\/div>\n","protected":false},"excerpt":{"rendered":"<p>Sowohl Kent als auch Sussex sind wundersch\u00f6ne Grafschaften im S\u00fcdosten Englands und bieten eine F\u00fclle von Sehensw\u00fcrdigkeiten, Aktivit\u00e4ten und reicher Geschichte. Kent: Leeds Castle: Auch bekannt als das &#8220;sch\u00f6nste Schloss der Welt&#8221;, bietet Leeds Castle eine faszinierende Geschichte, malerische G\u00e4rten und einen gro\u00dfen Park. Canterbury Cathedral: Diese beeindruckende gotische Kathedrale ist UNESCO-Weltkulturerbe und eine der [&hellip;]<\/p>\n","protected":false},"author":1,"featured_media":0,"parent":0,"menu_order":0,"comment_status":"closed","ping_status":"closed","template":"single-four.php","meta":[],"acf":[],"yoast_head":"<!-- This site is optimized with the Yoast SEO plugin v19.4 - https:\/\/yoast.com\/wordpress\/plugins\/seo\/ -->\n<title>Was ist sch\u00f6ner Kent oder Sussex? - Urlaub &amp; Reisen<\/title>\n<meta name=\"description\" content=\"Sowohl Kent als auch Sussex sind wundersch\u00f6ne Grafschaften im S\u00fcdosten Englands und bieten eine F\u00fclle von Sehensw\u00fcrdigkeiten, Aktivit\u00e4ten\" \/>\n<meta name=\"robots\" content=\"index, follow, max-snippet:-1, max-image-preview:large, max-video-preview:-1\" \/>\n<link rel=\"canonical\" href=\"https:\/\/www.urlaubcornwall.de\/blog\/was-ist-schoener-kent-oder-sussex\/\" \/>\n<meta property=\"og:locale\" content=\"en_US\" \/>\n<meta property=\"og:type\" content=\"article\" \/>\n<meta property=\"og:title\" content=\"Was ist sch\u00f6ner Kent oder Sussex? - Urlaub &amp; Reisen\" \/>\n<meta property=\"og:description\" content=\"Sowohl Kent als auch Sussex sind wundersch\u00f6ne Grafschaften im S\u00fcdosten Englands und bieten eine F\u00fclle von Sehensw\u00fcrdigkeiten, Aktivit\u00e4ten\" \/>\n<meta property=\"og:url\" content=\"https:\/\/www.urlaubcornwall.de\/blog\/was-ist-schoener-kent-oder-sussex\/\" \/>\n<meta property=\"og:site_name\" content=\"Urlaub &amp; Reisen\" \/>\n<meta property=\"article:modified_time\" content=\"2024-04-30T15:23:49+00:00\" \/>\n<meta property=\"og:image\" content=\"https:\/\/www.urlaubcornwall.de\/blog\/wp-content\/uploads\/2020\/11\/leeds_schloss_kent.jpg\" \/>\n<meta name=\"twitter:card\" content=\"summary\" \/>\n<meta name=\"twitter:label1\" content=\"Est. reading time\" \/>\n\t<meta name=\"twitter:data1\" content=\"3 minutes\" \/>\n<script type=\"application\/ld+json\" class=\"yoast-schema-graph\">{\"@context\":\"https:\/\/schema.org\",\"@graph\":[{\"@type\":\"WebSite\",\"@id\":\"https:\/\/www.urlaubcornwall.de\/blog\/#website\",\"url\":\"https:\/\/www.urlaubcornwall.de\/blog\/\",\"name\":\"Urlaub &amp; Reisen\",\"description\":\"Urlaub, Reisen, Cornwall und S\u00fcdengland: eine perfekte Kombination\",\"potentialAction\":[{\"@type\":\"SearchAction\",\"target\":{\"@type\":\"EntryPoint\",\"urlTemplate\":\"https:\/\/www.urlaubcornwall.de\/blog\/?s={search_term_string}\"},\"query-input\":\"required name=search_term_string\"}],\"inLanguage\":\"en-US\"},{\"@type\":\"WebPage\",\"@id\":\"https:\/\/www.urlaubcornwall.de\/blog\/was-ist-schoener-kent-oder-sussex\/\",\"url\":\"https:\/\/www.urlaubcornwall.de\/blog\/was-ist-schoener-kent-oder-sussex\/\",\"name\":\"Was ist sch\u00f6ner Kent oder Sussex? - Urlaub &amp; Reisen\",\"isPartOf\":{\"@id\":\"https:\/\/www.urlaubcornwall.de\/blog\/#website\"},\"datePublished\":\"2023-05-17T06:52:58+00:00\",\"dateModified\":\"2024-04-30T15:23:49+00:00\",\"description\":\"Sowohl Kent als auch Sussex sind wundersch\u00f6ne Grafschaften im S\u00fcdosten Englands und bieten eine F\u00fclle von Sehensw\u00fcrdigkeiten, Aktivit\u00e4ten\",\"breadcrumb\":{\"@id\":\"https:\/\/www.urlaubcornwall.de\/blog\/was-ist-schoener-kent-oder-sussex\/#breadcrumb\"},\"inLanguage\":\"en-US\",\"potentialAction\":[{\"@type\":\"ReadAction\",\"target\":[\"https:\/\/www.urlaubcornwall.de\/blog\/was-ist-schoener-kent-oder-sussex\/\"]}]},{\"@type\":\"BreadcrumbList\",\"@id\":\"https:\/\/www.urlaubcornwall.de\/blog\/was-ist-schoener-kent-oder-sussex\/#breadcrumb\",\"itemListElement\":[{\"@type\":\"ListItem\",\"position\":1,\"name\":\"Home\",\"item\":\"https:\/\/www.urlaubcornwall.de\/blog\/\"},{\"@type\":\"ListItem\",\"position\":2,\"name\":\"Was ist sch\u00f6ner Kent oder Sussex?\"}]}]}<\/script>\n<!-- \/ Yoast SEO plugin. -->","yoast_head_json":{"title":"Was ist sch\u00f6ner Kent oder Sussex? - Urlaub &amp; Reisen","description":"Sowohl Kent als auch Sussex sind wundersch\u00f6ne Grafschaften im S\u00fcdosten Englands und bieten eine F\u00fclle von Sehensw\u00fcrdigkeiten, Aktivit\u00e4ten","robots":{"index":"index","follow":"follow","max-snippet":"max-snippet:-1","max-image-preview":"max-image-preview:large","max-video-preview":"max-video-preview:-1"},"canonical":"https:\/\/www.urlaubcornwall.de\/blog\/was-ist-schoener-kent-oder-sussex\/","og_locale":"en_US","og_type":"article","og_title":"Was ist sch\u00f6ner Kent oder Sussex? - Urlaub &amp; Reisen","og_description":"Sowohl Kent als auch Sussex sind wundersch\u00f6ne Grafschaften im S\u00fcdosten Englands und bieten eine F\u00fclle von Sehensw\u00fcrdigkeiten, Aktivit\u00e4ten","og_url":"https:\/\/www.urlaubcornwall.de\/blog\/was-ist-schoener-kent-oder-sussex\/","og_site_name":"Urlaub &amp; Reisen","article_modified_time":"2024-04-30T15:23:49+00:00","og_image":[{"url":"https:\/\/www.urlaubcornwall.de\/blog\/wp-content\/uploads\/2020\/11\/leeds_schloss_kent.jpg"}],"twitter_card":"summary","twitter_misc":{"Est. reading time":"3 minutes"},"schema":{"@context":"https:\/\/schema.org","@graph":[{"@type":"WebSite","@id":"https:\/\/www.urlaubcornwall.de\/blog\/#website","url":"https:\/\/www.urlaubcornwall.de\/blog\/","name":"Urlaub &amp; Reisen","description":"Urlaub, Reisen, Cornwall und S\u00fcdengland: eine perfekte Kombination","potentialAction":[{"@type":"SearchAction","target":{"@type":"EntryPoint","urlTemplate":"https:\/\/www.urlaubcornwall.de\/blog\/?s={search_term_string}"},"query-input":"required name=search_term_string"}],"inLanguage":"en-US"},{"@type":"WebPage","@id":"https:\/\/www.urlaubcornwall.de\/blog\/was-ist-schoener-kent-oder-sussex\/","url":"https:\/\/www.urlaubcornwall.de\/blog\/was-ist-schoener-kent-oder-sussex\/","name":"Was ist sch\u00f6ner Kent oder Sussex? - Urlaub &amp; Reisen","isPartOf":{"@id":"https:\/\/www.urlaubcornwall.de\/blog\/#website"},"datePublished":"2023-05-17T06:52:58+00:00","dateModified":"2024-04-30T15:23:49+00:00","description":"Sowohl Kent als auch Sussex sind wundersch\u00f6ne Grafschaften im S\u00fcdosten Englands und bieten eine F\u00fclle von Sehensw\u00fcrdigkeiten, Aktivit\u00e4ten","breadcrumb":{"@id":"https:\/\/www.urlaubcornwall.de\/blog\/was-ist-schoener-kent-oder-sussex\/#breadcrumb"},"inLanguage":"en-US","potentialAction":[{"@type":"ReadAction","target":["https:\/\/www.urlaubcornwall.de\/blog\/was-ist-schoener-kent-oder-sussex\/"]}]},{"@type":"BreadcrumbList","@id":"https:\/\/www.urlaubcornwall.de\/blog\/was-ist-schoener-kent-oder-sussex\/#breadcrumb","itemListElement":[{"@type":"ListItem","position":1,"name":"Home","item":"https:\/\/www.urlaubcornwall.de\/blog\/"},{"@type":"ListItem","position":2,"name":"Was ist sch\u00f6ner Kent oder Sussex?"}]}]}},"_links":{"self":[{"href":"https:\/\/www.urlaubcornwall.de\/blog\/wp-json\/wp\/v2\/pages\/46648"}],"collection":[{"href":"https:\/\/www.urlaubcornwall.de\/blog\/wp-json\/wp\/v2\/pages"}],"about":[{"href":"https:\/\/www.urlaubcornwall.de\/blog\/wp-json\/wp\/v2\/types\/page"}],"author":[{"embeddable":true,"href":"https:\/\/www.urlaubcornwall.de\/blog\/wp-json\/wp\/v2\/users\/1"}],"replies":[{"embeddable":true,"href":"https:\/\/www.urlaubcornwall.de\/blog\/wp-json\/wp\/v2\/comments?post=46648"}],"version-history":[{"count":8,"href":"https:\/\/www.urlaubcornwall.de\/blog\/wp-json\/wp\/v2\/pages\/46648\/revisions"}],"predecessor-version":[{"id":49961,"href":"https:\/\/www.urlaubcornwall.de\/blog\/wp-json\/wp\/v2\/pages\/46648\/revisions\/49961"}],"wp:attachment":[{"href":"https:\/\/www.urlaubcornwall.de\/blog\/wp-json\/wp\/v2\/media?parent=46648"}],"curies":[{"name":"wp","href":"https:\/\/api.w.org\/{rel}","templated":true}]}}