{"id":46609,"date":"2023-05-15T10:05:32","date_gmt":"2023-05-15T10:05:32","guid":{"rendered":"https:\/\/www.urlaubcornwall.de\/blog\/?page_id=46609"},"modified":"2024-04-30T15:24:32","modified_gmt":"2024-04-30T15:24:32","slug":"wie-macht-man-das-beste-aus-einem-urlaub-in-den-cotswolds","status":"publish","type":"page","link":"https:\/\/www.urlaubcornwall.de\/blog\/wie-macht-man-das-beste-aus-einem-urlaub-in-den-cotswolds\/","title":{"rendered":"Wie macht man das Beste aus einem Urlaub in den Cotswolds?"},"content":{"rendered":"<p>Ein <a href=\"https:\/\/www.urlaubcornwall.de\/reiseziel\/cotswolds.php\">Urlaub in den Cotswolds<\/a> bietet die M\u00f6glichkeit, das idyllische l\u00e4ndliche England zu erleben. Hier sind einige Tipps, wie Sie das Beste aus Ihrer Reise in die Cotswolds machen k\u00f6nnen:<\/p>\n<p><strong>\u00dcbernachtungsm\u00f6glichkeiten:<\/strong><\/p>\n<p><img loading=\"lazy\" class=\"aligncenter size-full wp-image-27295\" src=\"https:\/\/www.urlaubcornwall.de\/blog\/wp-content\/uploads\/2017\/03\/urlaub-broadway-cotswolds.jpg\" alt=\"Erkunden Sie die romantischen Cotswolds\" width=\"750\" height=\"407\"\/><\/p>\n<p><a href=\"https:\/\/www.urlaubcornwall.de\/blog\/urlaub-cheltenham-cotswolds-unterkunft-sehenswuerdigkeiten-und-geschichte\/\">Cheltenham<\/a>: Diese lebendige Stadt ist ein guter Ausgangspunkt, um die Cotswolds zu erkunden. Sie bietet eine Vielzahl von <a href=\"https:\/\/www.urlaubcornwall.de\/ferienhaeuser-fewos\/eng\/gloucestershire\/gloucestershire.html\">Unterk\u00fcnften<\/a>, von eleganten Hotels bis hin zu gem\u00fctlichen Bed &amp; Breakfasts.<\/p>\n<p><a href=\"https:\/\/www.urlaubcornwall.de\/blog\/burford-den-cotswolds-unterkunft-sehenswuerdigkeiten-und-geschichte\/\">Burford<\/a>: Dieses malerische Dorf ist ein beliebtes Ziel in den Cotswolds und bietet charmante Gasth\u00e4user und traditionelle Unterk\u00fcnfte. Von hier aus k\u00f6nnen Sie viele der umliegenden D\u00f6rfer erkunden.<\/p>\n<p><a href=\"https:\/\/www.urlaubcornwall.de\/blog\/urlaub-broadway-cotswolds-unterkunft-sehenswuerdigkeiten-und-geschichte\/\">Broadway<\/a>: Dieses sch\u00f6ne Dorf bietet eine Auswahl an Hotels und B&amp;Bs. Es ist bekannt f\u00fcr seine charakteristische Architektur und seine malerische Lage.<\/p>\n<p><a class=\"tidycta\" href=\"https:\/\/www.urlaubcornwall.de\/ferienhaeuser-fewos\/eng\/devon\/devon.html\">Suche Ferienh\u00e4user in den Cotswolds<\/a><\/p>\n<p><strong>Tagesrouten:<\/strong><\/p>\n<p><img loading=\"lazy\" class=\"aligncenter size-full wp-image-49344\" src=\"https:\/\/www.urlaubcornwall.de\/blog\/wp-content\/uploads\/2024\/04\/bibury.jpg\" alt=\"bibury\" width=\"750\" height=\"500\" srcset=\"https:\/\/www.urlaubcornwall.de\/blog\/wp-content\/uploads\/2024\/04\/bibury.jpg 750w, https:\/\/www.urlaubcornwall.de\/blog\/wp-content\/uploads\/2024\/04\/bibury-300x200.jpg 300w\" sizes=\"(max-width: 750px) 100vw, 750px\" \/><\/p>\n<p>Stow-on-the-Wold und <a href=\"https:\/\/www.urlaubcornwall.de\/ferienhaeuser-fewos\/eng\/gloucestershire\/bourton-on-the-water.html\">Bourton-on-the-Water<\/a>: Besuchen Sie diese beiden charmanten D\u00f6rfer, die <a href=\"https:\/\/www.urlaubcornwall.de\/ferienhaeuser\/cotswolds.php\">f\u00fcr ihre idyllischen Cottages<\/a>, engen Gassen und reetgedeckten H\u00e4user bekannt sind. Erkunden Sie die malerischen Gesch\u00e4fte, genie\u00dfen Sie traditionelle Teestuben und besuchen Sie das Cotswold Motoring Museum in Bourton-on-the-Water.<\/p>\n<p><a href=\"https:\/\/www.urlaubcornwall.de\/ferienhaeuser-fewos\/eng\/gloucestershire\/bibury.html\">Bibury<\/a> und Castle Combe: Diese beiden <a href=\"https:\/\/www.urlaubcornwall.de\/blog\/die-schoensten-orte-in-den-cotswolds\/\">D\u00f6rfer z\u00e4hlen zu den sch\u00f6nsten in den Cotswolds<\/a>. Bewundern Sie die pittoresken Cotswold-Steinh\u00e4user, besuchen Sie die Arlington Row in Bibury und genie\u00dfen Sie die friedliche Atmosph\u00e4re dieser historischen Orte.<\/p>\n<p>Cotswold Way: Unternehmen Sie eine Wanderung entlang des Cotswold Way National Trails, der sich \u00fcber 160 Kilometer durch die Cotswolds erstreckt. Erkunden Sie die sanften H\u00fcgel, die reiche Tierwelt und die beeindruckenden Ausblicke auf die Landschaft.<\/p>\n<p><strong>Zu nutzende Stra\u00dfen:<\/strong><\/p>\n<p><img loading=\"lazy\" class=\"aligncenter size-full wp-image-27821\" src=\"https:\/\/www.urlaubcornwall.de\/blog\/wp-content\/uploads\/2017\/04\/burford_cotswolds.jpg\" alt=\"burford_cotswolds\" width=\"746\" height=\"497\" srcset=\"https:\/\/www.urlaubcornwall.de\/blog\/wp-content\/uploads\/2017\/04\/burford_cotswolds.jpg 746w, https:\/\/www.urlaubcornwall.de\/blog\/wp-content\/uploads\/2017\/04\/burford_cotswolds-300x200.jpg 300w\" sizes=\"(max-width: 746px) 100vw, 746px\" \/><\/p>\n<p>A429: Diese Stra\u00dfe verl\u00e4uft durch die Cotswolds und bietet eine gute Anbindung an viele der D\u00f6rfer und St\u00e4dte in der Region.<\/p>\n<p>A40: Diese Hauptverkehrsstra\u00dfe verl\u00e4uft entlang der Nordgrenze der Cotswolds und bietet Zugang zu verschiedenen Teilen der Region.<\/p>\n<p>Nebenstra\u00dfen: Um die malerische Sch\u00f6nheit der Cotswolds voll auszukosten, sollten Sie auch die kleineren Nebenstra\u00dfen nutzen, die durch die D\u00f6rfer und die Landschaft f\u00fchren.<\/p>\n<p>Genie\u00dfen Sie Ihren Besuch in den Cotswolds und tauchen Sie ein in die bezaubernde Atmosph\u00e4re und den Charme dieser einzigartigen Region!<\/p>\n<h1>Unser Rundreisenservice in S\u00fcdengland<\/h1>\n<p>Weshalb \u00fcber uns buchen?<\/p>\n<p>Firmensitz in Cornwall und ein Team Deutsch sprechender Reisespezialisten.<\/p>\n<p>Wir haben eine Leidenschaft f\u00fcrs Reisen und gestalten den perfekten Urlaub.<\/p>\n<p>Ortskenntnisse und Insidertipps f\u00fcr unsere Kunden.<\/p>\n<p>Sonderangebote und Preisnachl\u00e4sse<\/p>\n<p>S\u00e4mtliche unserer Rundreisen sind durch einen voll versicherten deutschen Reiseveranstalter gesichert.<\/p>\n<p style=\"text-align: center;\"><a class=\"tidycta\" href=\"https:\/\/www.urlaubcornwall.de\/rundreisen\/cornwall-suedengland.php\"> Mehr Info<\/a><\/p>\n<div class=\"snippet\"> <a class=\"featured-item\" href=\"https:\/\/www.urlaubcornwall.de\/ferienhaeuser\/suedengland.php\"> <span class=\"image-holder\" style=\"background-image: url('https:\/\/www.urlaubcornwall.de\/blog\/wp-content\/uploads\/2024\/03\/ferienhaus-england-cornwall.jpg');\"><\/span> <span class=\"featured-content\"> \n<h2 class=\"featured-title\">Ferienh\u00e4user in S\u00fcdengland<\/h2>\n<p class=\"featured-body\">Bei uns finden Sie Ferienh\u00e4user zum Verlieben &#8211; so einfach ist das! Dank seiner langen Geschichte, der reizvollen Landschaften und seinen vielen Attraktionen ist S\u00fcdengland ein wahres Mekka f\u00fcr Urlauber&#8230;..<\/p><\/span> <span class=\"featured-link-holder\"> <span class=\"featured-extra-info\"> \n<p>Pers\u00f6nlich inspizierter Ferienh\u00e4user<\/p>\n<\/span> \n<p class=\"featured-link\">DETAILS<\/p>\n<\/span> <\/a><\/div>\n","protected":false},"excerpt":{"rendered":"<p>Ein Urlaub in den Cotswolds bietet die M\u00f6glichkeit, das idyllische l\u00e4ndliche England zu erleben. Hier sind einige Tipps, wie Sie das Beste aus Ihrer Reise in die Cotswolds machen k\u00f6nnen: \u00dcbernachtungsm\u00f6glichkeiten: Cheltenham: Diese lebendige Stadt ist ein guter Ausgangspunkt, um die Cotswolds zu erkunden. Sie bietet eine Vielzahl von Unterk\u00fcnften, von eleganten Hotels bis hin [&hellip;]<\/p>\n","protected":false},"author":1,"featured_media":0,"parent":0,"menu_order":0,"comment_status":"closed","ping_status":"closed","template":"single-four.php","meta":[],"acf":[],"yoast_head":"<!-- This site is optimized with the Yoast SEO plugin v19.4 - https:\/\/yoast.com\/wordpress\/plugins\/seo\/ -->\n<title>Wie macht man das Beste aus einem Urlaub in den Cotswolds? - Urlaub &amp; Reisen<\/title>\n<meta name=\"robots\" content=\"index, follow, max-snippet:-1, max-image-preview:large, max-video-preview:-1\" \/>\n<link rel=\"canonical\" href=\"https:\/\/www.urlaubcornwall.de\/blog\/wie-macht-man-das-beste-aus-einem-urlaub-in-den-cotswolds\/\" \/>\n<meta property=\"og:locale\" content=\"en_US\" \/>\n<meta property=\"og:type\" content=\"article\" \/>\n<meta property=\"og:title\" content=\"Wie macht man das Beste aus einem Urlaub in den Cotswolds? - Urlaub &amp; Reisen\" \/>\n<meta property=\"og:description\" content=\"Ein Urlaub in den Cotswolds bietet die M\u00f6glichkeit, das idyllische l\u00e4ndliche England zu erleben. Hier sind einige Tipps, wie Sie das Beste aus Ihrer Reise in die Cotswolds machen k\u00f6nnen: \u00dcbernachtungsm\u00f6glichkeiten: Cheltenham: Diese lebendige Stadt ist ein guter Ausgangspunkt, um die Cotswolds zu erkunden. Sie bietet eine Vielzahl von Unterk\u00fcnften, von eleganten Hotels bis hin [&hellip;]\" \/>\n<meta property=\"og:url\" content=\"https:\/\/www.urlaubcornwall.de\/blog\/wie-macht-man-das-beste-aus-einem-urlaub-in-den-cotswolds\/\" \/>\n<meta property=\"og:site_name\" content=\"Urlaub &amp; Reisen\" \/>\n<meta property=\"article:modified_time\" content=\"2024-04-30T15:24:32+00:00\" \/>\n<meta property=\"og:image\" content=\"https:\/\/www.urlaubcornwall.de\/blog\/wp-content\/uploads\/2017\/03\/urlaub-broadway-cotswolds.jpg\" \/>\n<meta name=\"twitter:card\" content=\"summary\" \/>\n<meta name=\"twitter:label1\" content=\"Est. reading time\" \/>\n\t<meta name=\"twitter:data1\" content=\"3 minutes\" \/>\n<script type=\"application\/ld+json\" class=\"yoast-schema-graph\">{\"@context\":\"https:\/\/schema.org\",\"@graph\":[{\"@type\":\"WebSite\",\"@id\":\"https:\/\/www.urlaubcornwall.de\/blog\/#website\",\"url\":\"https:\/\/www.urlaubcornwall.de\/blog\/\",\"name\":\"Urlaub &amp; Reisen\",\"description\":\"Urlaub, Reisen, Cornwall und S\u00fcdengland: eine perfekte Kombination\",\"potentialAction\":[{\"@type\":\"SearchAction\",\"target\":{\"@type\":\"EntryPoint\",\"urlTemplate\":\"https:\/\/www.urlaubcornwall.de\/blog\/?s={search_term_string}\"},\"query-input\":\"required name=search_term_string\"}],\"inLanguage\":\"en-US\"},{\"@type\":\"WebPage\",\"@id\":\"https:\/\/www.urlaubcornwall.de\/blog\/wie-macht-man-das-beste-aus-einem-urlaub-in-den-cotswolds\/\",\"url\":\"https:\/\/www.urlaubcornwall.de\/blog\/wie-macht-man-das-beste-aus-einem-urlaub-in-den-cotswolds\/\",\"name\":\"Wie macht man das Beste aus einem Urlaub in den Cotswolds? - Urlaub &amp; Reisen\",\"isPartOf\":{\"@id\":\"https:\/\/www.urlaubcornwall.de\/blog\/#website\"},\"datePublished\":\"2023-05-15T10:05:32+00:00\",\"dateModified\":\"2024-04-30T15:24:32+00:00\",\"breadcrumb\":{\"@id\":\"https:\/\/www.urlaubcornwall.de\/blog\/wie-macht-man-das-beste-aus-einem-urlaub-in-den-cotswolds\/#breadcrumb\"},\"inLanguage\":\"en-US\",\"potentialAction\":[{\"@type\":\"ReadAction\",\"target\":[\"https:\/\/www.urlaubcornwall.de\/blog\/wie-macht-man-das-beste-aus-einem-urlaub-in-den-cotswolds\/\"]}]},{\"@type\":\"BreadcrumbList\",\"@id\":\"https:\/\/www.urlaubcornwall.de\/blog\/wie-macht-man-das-beste-aus-einem-urlaub-in-den-cotswolds\/#breadcrumb\",\"itemListElement\":[{\"@type\":\"ListItem\",\"position\":1,\"name\":\"Home\",\"item\":\"https:\/\/www.urlaubcornwall.de\/blog\/\"},{\"@type\":\"ListItem\",\"position\":2,\"name\":\"Wie macht man das Beste aus einem Urlaub in den Cotswolds?\"}]}]}<\/script>\n<!-- \/ Yoast SEO plugin. -->","yoast_head_json":{"title":"Wie macht man das Beste aus einem Urlaub in den Cotswolds? - Urlaub &amp; Reisen","robots":{"index":"index","follow":"follow","max-snippet":"max-snippet:-1","max-image-preview":"max-image-preview:large","max-video-preview":"max-video-preview:-1"},"canonical":"https:\/\/www.urlaubcornwall.de\/blog\/wie-macht-man-das-beste-aus-einem-urlaub-in-den-cotswolds\/","og_locale":"en_US","og_type":"article","og_title":"Wie macht man das Beste aus einem Urlaub in den Cotswolds? - Urlaub &amp; Reisen","og_description":"Ein Urlaub in den Cotswolds bietet die M\u00f6glichkeit, das idyllische l\u00e4ndliche England zu erleben. Hier sind einige Tipps, wie Sie das Beste aus Ihrer Reise in die Cotswolds machen k\u00f6nnen: \u00dcbernachtungsm\u00f6glichkeiten: Cheltenham: Diese lebendige Stadt ist ein guter Ausgangspunkt, um die Cotswolds zu erkunden. Sie bietet eine Vielzahl von Unterk\u00fcnften, von eleganten Hotels bis hin [&hellip;]","og_url":"https:\/\/www.urlaubcornwall.de\/blog\/wie-macht-man-das-beste-aus-einem-urlaub-in-den-cotswolds\/","og_site_name":"Urlaub &amp; Reisen","article_modified_time":"2024-04-30T15:24:32+00:00","og_image":[{"url":"https:\/\/www.urlaubcornwall.de\/blog\/wp-content\/uploads\/2017\/03\/urlaub-broadway-cotswolds.jpg"}],"twitter_card":"summary","twitter_misc":{"Est. reading time":"3 minutes"},"schema":{"@context":"https:\/\/schema.org","@graph":[{"@type":"WebSite","@id":"https:\/\/www.urlaubcornwall.de\/blog\/#website","url":"https:\/\/www.urlaubcornwall.de\/blog\/","name":"Urlaub &amp; Reisen","description":"Urlaub, Reisen, Cornwall und S\u00fcdengland: eine perfekte Kombination","potentialAction":[{"@type":"SearchAction","target":{"@type":"EntryPoint","urlTemplate":"https:\/\/www.urlaubcornwall.de\/blog\/?s={search_term_string}"},"query-input":"required name=search_term_string"}],"inLanguage":"en-US"},{"@type":"WebPage","@id":"https:\/\/www.urlaubcornwall.de\/blog\/wie-macht-man-das-beste-aus-einem-urlaub-in-den-cotswolds\/","url":"https:\/\/www.urlaubcornwall.de\/blog\/wie-macht-man-das-beste-aus-einem-urlaub-in-den-cotswolds\/","name":"Wie macht man das Beste aus einem Urlaub in den Cotswolds? - Urlaub &amp; Reisen","isPartOf":{"@id":"https:\/\/www.urlaubcornwall.de\/blog\/#website"},"datePublished":"2023-05-15T10:05:32+00:00","dateModified":"2024-04-30T15:24:32+00:00","breadcrumb":{"@id":"https:\/\/www.urlaubcornwall.de\/blog\/wie-macht-man-das-beste-aus-einem-urlaub-in-den-cotswolds\/#breadcrumb"},"inLanguage":"en-US","potentialAction":[{"@type":"ReadAction","target":["https:\/\/www.urlaubcornwall.de\/blog\/wie-macht-man-das-beste-aus-einem-urlaub-in-den-cotswolds\/"]}]},{"@type":"BreadcrumbList","@id":"https:\/\/www.urlaubcornwall.de\/blog\/wie-macht-man-das-beste-aus-einem-urlaub-in-den-cotswolds\/#breadcrumb","itemListElement":[{"@type":"ListItem","position":1,"name":"Home","item":"https:\/\/www.urlaubcornwall.de\/blog\/"},{"@type":"ListItem","position":2,"name":"Wie macht man das Beste aus einem Urlaub in den Cotswolds?"}]}]}},"_links":{"self":[{"href":"https:\/\/www.urlaubcornwall.de\/blog\/wp-json\/wp\/v2\/pages\/46609"}],"collection":[{"href":"https:\/\/www.urlaubcornwall.de\/blog\/wp-json\/wp\/v2\/pages"}],"about":[{"href":"https:\/\/www.urlaubcornwall.de\/blog\/wp-json\/wp\/v2\/types\/page"}],"author":[{"embeddable":true,"href":"https:\/\/www.urlaubcornwall.de\/blog\/wp-json\/wp\/v2\/users\/1"}],"replies":[{"embeddable":true,"href":"https:\/\/www.urlaubcornwall.de\/blog\/wp-json\/wp\/v2\/comments?post=46609"}],"version-history":[{"count":5,"href":"https:\/\/www.urlaubcornwall.de\/blog\/wp-json\/wp\/v2\/pages\/46609\/revisions"}],"predecessor-version":[{"id":49964,"href":"https:\/\/www.urlaubcornwall.de\/blog\/wp-json\/wp\/v2\/pages\/46609\/revisions\/49964"}],"wp:attachment":[{"href":"https:\/\/www.urlaubcornwall.de\/blog\/wp-json\/wp\/v2\/media?parent=46609"}],"curies":[{"name":"wp","href":"https:\/\/api.w.org\/{rel}","templated":true}]}}