{"id":46567,"date":"2023-05-09T12:53:03","date_gmt":"2023-05-09T12:53:03","guid":{"rendered":"https:\/\/www.urlaubcornwall.de\/blog\/?page_id=46567"},"modified":"2024-04-15T13:56:49","modified_gmt":"2024-04-15T13:56:49","slug":"hoehepunkte-zwischen-bristol-und-falmouth","status":"publish","type":"page","link":"https:\/\/www.urlaubcornwall.de\/blog\/hoehepunkte-zwischen-bristol-und-falmouth\/","title":{"rendered":"H\u00f6hepunkte auf einer Reise zwischen Bristol und Falmouth"},"content":{"rendered":"<p><img loading=\"lazy\" class=\"aligncenter size-full wp-image-43328\" src=\"https:\/\/www.urlaubcornwall.de\/blog\/wp-content\/uploads\/2021\/10\/falmouth-hafen.jpg\" alt=\"falmouth hafen\" width=\"750\" height=\"546\"\/><\/p>\n<p>Hier sind einige Sehensw\u00fcrdigkeiten, die Sie besuchen k\u00f6nnen, wenn Sie von <a href=\"https:\/\/www.urlaubcornwall.de\/blog\/urlaub-in-bristol-rundreisen-in-suedwest-england\/\">Bristol<\/a> nach <a href=\"https:\/\/www.urlaubcornwall.de\/blog\/falmouth-cornwall-geschichte-sehenswuerdigkeiten-und-unterkunft\/\">Falmouth<\/a> reisen:<\/p>\n<p><a href=\"https:\/\/www.urlaubcornwall.de\/ferienhaeuser-fewos\/eng\/somerset\/bath.html\">Bath<\/a> &#8211; eine ber\u00fchmte Stadt in Somerset mit r\u00f6mischen B\u00e4dern, einer atemberaubenden Abtei und beeindruckender georgianischer Architektur.<\/p>\n<p><a href=\"https:\/\/www.urlaubcornwall.de\/ferienhaeuser-fewos\/eng\/sued-devon\/devon-dartmoor.html\">Dartmoor-Nationalpark<\/a> &#8211; Ein atemberaubender Nationalpark in Devon, ber\u00fchmt f\u00fcr seine zerkl\u00fcfteten Tors und Wildmoore.<\/p>\n<p><a href=\"https:\/\/www.urlaubcornwall.de\/ferienhaeuser-fewos\/tintagel.html\">Tintagel Castle<\/a> &#8211; eine Burgruine in Cornwall, die angeblich der Geburtsort von K\u00f6nig Artus ist.<\/p>\n<p><a href=\"https:\/\/www.urlaubcornwall.de\/ferienhaeuser-fewos\/st-austell.html\">St. Austell<\/a> &#8211; Eine Stadt in Cornwall, die bekannt ist f\u00fcr ihre Brauerei, die Besucher auf Touren einl\u00e4dt.<\/p>\n<p><img loading=\"lazy\" class=\"aligncenter size-full wp-image-47904\" src=\"https:\/\/www.urlaubcornwall.de\/blog\/wp-content\/uploads\/2024\/03\/eden-project-biome_2.jpg\" alt=\"eden project biome_2\" width=\"750\" height=\"482\" srcset=\"https:\/\/www.urlaubcornwall.de\/blog\/wp-content\/uploads\/2024\/03\/eden-project-biome_2.jpg 750w, https:\/\/www.urlaubcornwall.de\/blog\/wp-content\/uploads\/2024\/03\/eden-project-biome_2-300x193.jpg 300w\" sizes=\"(max-width: 750px) 100vw, 750px\" \/><\/p>\n<p><a href=\"https:\/\/www.urlaubcornwall.de\/blog\/all-das-was-sie-schon-immer-ueber-das-eden-project-wissen-wollten\/\">Eden Project<\/a> &#8211; Ein Botanischer Garten und Biomes in St. Austell, der weltweit gr\u00f6\u00dfte Tropenwald im Gew\u00e4chshaus.<\/p>\n<p><a href=\"https:\/\/www.urlaubcornwall.de\/ferienhaeuser-fewos\/fowey.html\">Fowey<\/a> &#8211; Eine charmante K\u00fcstenstadt in Cornwall mit einer reichen Geschichte, einem Hafen und einer wundersch\u00f6nen Landschaft.<\/p>\n<p><a href=\"https:\/\/www.urlaubcornwall.de\/ferienhaeuser-fewos\/looe.html\">Looe<\/a> &#8211; Eine weitere K\u00fcstenstadt in Cornwall mit einem malerischen Hafen, sch\u00f6nen Str\u00e4nden und einem charmanten Stadtzentrum.<\/p>\n<p><a href=\"https:\/\/www.urlaubcornwall.de\/ferienhaeuser-fewos\/mevagissey.html\">Mevagissey<\/a> &#8211; Eine malerische Fischerstadt in Cornwall mit einem historischen Hafen und zahlreichen Restaurants und Gesch\u00e4ften.<\/p>\n<p>Wir haben die beste Auswahl an <a href=\"https:\/\/www.urlaubcornwall.de\/ferienhaeuser-fewos\/cornwall.html\">pers\u00f6nlich inspizierten Ferienh\u00e4usern im Angebot<\/a>.<\/p>\n<p style=\"text-align: center;\"><a class=\"tidycta\" href=\"https:\/\/www.urlaubcornwall.de\/ferienhaeuser-fewos\/falmouth.html\">Suche Ferienh\u00e4user in Falmouth<\/a><\/p>\n<h1><a href=\"https:\/\/www.urlaubcornwall.de\/rundreisen\/cornwall-suedengland.php\">Unser Rundreisenservice in Cornwall &#038; Devon >><\/a><\/h1>\n<p>Weshalb \u00fcber uns buchen?<\/p>\n<p>Firmensitz in Cornwall und ein Team Deutsch sprechender Reisespezialisten.<\/p>\n<p>Wir haben eine Leidenschaft f\u00fcrs Reisen und gestalten den perfekten Urlaub.<\/p>\n<p>Ortskenntnisse und Insidertipps f\u00fcr unsere Kunden.<\/p>\n<p>Sonderangebote und Preisnachl\u00e4sse<\/p>\n<p>S\u00e4mtliche unserer Rundreisen sind durch einen voll versicherten deutschen Reiseveranstalter gesichert.<\/p>\n<p style=\"text-align: center;\"><a class=\"tidycta\" href=\"https:\/\/www.urlaubcornwall.de\/rundreisen\/cornwall-suedengland.php\"> Mehr Info<\/a><\/p>\n","protected":false},"excerpt":{"rendered":"<p>Hier sind einige Sehensw\u00fcrdigkeiten, die Sie besuchen k\u00f6nnen, wenn Sie von Bristol nach Falmouth reisen: Bath &#8211; eine ber\u00fchmte Stadt in Somerset mit r\u00f6mischen B\u00e4dern, einer atemberaubenden Abtei und beeindruckender georgianischer Architektur. Dartmoor-Nationalpark &#8211; Ein atemberaubender Nationalpark in Devon, ber\u00fchmt f\u00fcr seine zerkl\u00fcfteten Tors und Wildmoore. Tintagel Castle &#8211; eine Burgruine in Cornwall, die angeblich [&hellip;]<\/p>\n","protected":false},"author":1,"featured_media":0,"parent":0,"menu_order":0,"comment_status":"closed","ping_status":"closed","template":"single-four.php","meta":[],"acf":[],"yoast_head":"<!-- This site is optimized with the Yoast SEO plugin v19.4 - https:\/\/yoast.com\/wordpress\/plugins\/seo\/ -->\n<title>H\u00f6hepunkte auf einer Reise zwischen Bristol und Falmouth - Urlaub &amp; Reisen<\/title>\n<meta name=\"description\" content=\"Hier sind einige Sehensw\u00fcrdigkeiten, die Sie besuchen k\u00f6nnen, wenn Sie von Bristol nach Falmouth reisen:\" \/>\n<meta name=\"robots\" content=\"index, follow, max-snippet:-1, max-image-preview:large, max-video-preview:-1\" \/>\n<link rel=\"canonical\" href=\"https:\/\/www.urlaubcornwall.de\/blog\/hoehepunkte-zwischen-bristol-und-falmouth\/\" \/>\n<meta property=\"og:locale\" content=\"en_US\" \/>\n<meta property=\"og:type\" content=\"article\" \/>\n<meta property=\"og:title\" content=\"H\u00f6hepunkte auf einer Reise zwischen Bristol und Falmouth - Urlaub &amp; Reisen\" \/>\n<meta property=\"og:description\" content=\"Hier sind einige Sehensw\u00fcrdigkeiten, die Sie besuchen k\u00f6nnen, wenn Sie von Bristol nach Falmouth reisen:\" \/>\n<meta property=\"og:url\" content=\"https:\/\/www.urlaubcornwall.de\/blog\/hoehepunkte-zwischen-bristol-und-falmouth\/\" \/>\n<meta property=\"og:site_name\" content=\"Urlaub &amp; Reisen\" \/>\n<meta property=\"article:modified_time\" content=\"2024-04-15T13:56:49+00:00\" \/>\n<meta property=\"og:image\" content=\"https:\/\/www.urlaubcornwall.de\/blog\/wp-content\/uploads\/2021\/10\/falmouth-hafen.jpg\" \/>\n<meta name=\"twitter:card\" content=\"summary\" \/>\n<meta name=\"twitter:label1\" content=\"Est. reading time\" \/>\n\t<meta name=\"twitter:data1\" content=\"2 minutes\" \/>\n<script type=\"application\/ld+json\" class=\"yoast-schema-graph\">{\"@context\":\"https:\/\/schema.org\",\"@graph\":[{\"@type\":\"WebSite\",\"@id\":\"https:\/\/www.urlaubcornwall.de\/blog\/#website\",\"url\":\"https:\/\/www.urlaubcornwall.de\/blog\/\",\"name\":\"Urlaub &amp; Reisen\",\"description\":\"Urlaub, Reisen, Cornwall und S\u00fcdengland: eine perfekte Kombination\",\"potentialAction\":[{\"@type\":\"SearchAction\",\"target\":{\"@type\":\"EntryPoint\",\"urlTemplate\":\"https:\/\/www.urlaubcornwall.de\/blog\/?s={search_term_string}\"},\"query-input\":\"required name=search_term_string\"}],\"inLanguage\":\"en-US\"},{\"@type\":\"WebPage\",\"@id\":\"https:\/\/www.urlaubcornwall.de\/blog\/hoehepunkte-zwischen-bristol-und-falmouth\/\",\"url\":\"https:\/\/www.urlaubcornwall.de\/blog\/hoehepunkte-zwischen-bristol-und-falmouth\/\",\"name\":\"H\u00f6hepunkte auf einer Reise zwischen Bristol und Falmouth - Urlaub &amp; Reisen\",\"isPartOf\":{\"@id\":\"https:\/\/www.urlaubcornwall.de\/blog\/#website\"},\"datePublished\":\"2023-05-09T12:53:03+00:00\",\"dateModified\":\"2024-04-15T13:56:49+00:00\",\"description\":\"Hier sind einige Sehensw\u00fcrdigkeiten, die Sie besuchen k\u00f6nnen, wenn Sie von Bristol nach Falmouth reisen:\",\"breadcrumb\":{\"@id\":\"https:\/\/www.urlaubcornwall.de\/blog\/hoehepunkte-zwischen-bristol-und-falmouth\/#breadcrumb\"},\"inLanguage\":\"en-US\",\"potentialAction\":[{\"@type\":\"ReadAction\",\"target\":[\"https:\/\/www.urlaubcornwall.de\/blog\/hoehepunkte-zwischen-bristol-und-falmouth\/\"]}]},{\"@type\":\"BreadcrumbList\",\"@id\":\"https:\/\/www.urlaubcornwall.de\/blog\/hoehepunkte-zwischen-bristol-und-falmouth\/#breadcrumb\",\"itemListElement\":[{\"@type\":\"ListItem\",\"position\":1,\"name\":\"Home\",\"item\":\"https:\/\/www.urlaubcornwall.de\/blog\/\"},{\"@type\":\"ListItem\",\"position\":2,\"name\":\"H\u00f6hepunkte auf einer Reise zwischen Bristol und Falmouth\"}]}]}<\/script>\n<!-- \/ Yoast SEO plugin. -->","yoast_head_json":{"title":"H\u00f6hepunkte auf einer Reise zwischen Bristol und Falmouth - Urlaub &amp; Reisen","description":"Hier sind einige Sehensw\u00fcrdigkeiten, die Sie besuchen k\u00f6nnen, wenn Sie von Bristol nach Falmouth reisen:","robots":{"index":"index","follow":"follow","max-snippet":"max-snippet:-1","max-image-preview":"max-image-preview:large","max-video-preview":"max-video-preview:-1"},"canonical":"https:\/\/www.urlaubcornwall.de\/blog\/hoehepunkte-zwischen-bristol-und-falmouth\/","og_locale":"en_US","og_type":"article","og_title":"H\u00f6hepunkte auf einer Reise zwischen Bristol und Falmouth - Urlaub &amp; Reisen","og_description":"Hier sind einige Sehensw\u00fcrdigkeiten, die Sie besuchen k\u00f6nnen, wenn Sie von Bristol nach Falmouth reisen:","og_url":"https:\/\/www.urlaubcornwall.de\/blog\/hoehepunkte-zwischen-bristol-und-falmouth\/","og_site_name":"Urlaub &amp; Reisen","article_modified_time":"2024-04-15T13:56:49+00:00","og_image":[{"url":"https:\/\/www.urlaubcornwall.de\/blog\/wp-content\/uploads\/2021\/10\/falmouth-hafen.jpg"}],"twitter_card":"summary","twitter_misc":{"Est. reading time":"2 minutes"},"schema":{"@context":"https:\/\/schema.org","@graph":[{"@type":"WebSite","@id":"https:\/\/www.urlaubcornwall.de\/blog\/#website","url":"https:\/\/www.urlaubcornwall.de\/blog\/","name":"Urlaub &amp; Reisen","description":"Urlaub, Reisen, Cornwall und S\u00fcdengland: eine perfekte Kombination","potentialAction":[{"@type":"SearchAction","target":{"@type":"EntryPoint","urlTemplate":"https:\/\/www.urlaubcornwall.de\/blog\/?s={search_term_string}"},"query-input":"required name=search_term_string"}],"inLanguage":"en-US"},{"@type":"WebPage","@id":"https:\/\/www.urlaubcornwall.de\/blog\/hoehepunkte-zwischen-bristol-und-falmouth\/","url":"https:\/\/www.urlaubcornwall.de\/blog\/hoehepunkte-zwischen-bristol-und-falmouth\/","name":"H\u00f6hepunkte auf einer Reise zwischen Bristol und Falmouth - Urlaub &amp; Reisen","isPartOf":{"@id":"https:\/\/www.urlaubcornwall.de\/blog\/#website"},"datePublished":"2023-05-09T12:53:03+00:00","dateModified":"2024-04-15T13:56:49+00:00","description":"Hier sind einige Sehensw\u00fcrdigkeiten, die Sie besuchen k\u00f6nnen, wenn Sie von Bristol nach Falmouth reisen:","breadcrumb":{"@id":"https:\/\/www.urlaubcornwall.de\/blog\/hoehepunkte-zwischen-bristol-und-falmouth\/#breadcrumb"},"inLanguage":"en-US","potentialAction":[{"@type":"ReadAction","target":["https:\/\/www.urlaubcornwall.de\/blog\/hoehepunkte-zwischen-bristol-und-falmouth\/"]}]},{"@type":"BreadcrumbList","@id":"https:\/\/www.urlaubcornwall.de\/blog\/hoehepunkte-zwischen-bristol-und-falmouth\/#breadcrumb","itemListElement":[{"@type":"ListItem","position":1,"name":"Home","item":"https:\/\/www.urlaubcornwall.de\/blog\/"},{"@type":"ListItem","position":2,"name":"H\u00f6hepunkte auf einer Reise zwischen Bristol und Falmouth"}]}]}},"_links":{"self":[{"href":"https:\/\/www.urlaubcornwall.de\/blog\/wp-json\/wp\/v2\/pages\/46567"}],"collection":[{"href":"https:\/\/www.urlaubcornwall.de\/blog\/wp-json\/wp\/v2\/pages"}],"about":[{"href":"https:\/\/www.urlaubcornwall.de\/blog\/wp-json\/wp\/v2\/types\/page"}],"author":[{"embeddable":true,"href":"https:\/\/www.urlaubcornwall.de\/blog\/wp-json\/wp\/v2\/users\/1"}],"replies":[{"embeddable":true,"href":"https:\/\/www.urlaubcornwall.de\/blog\/wp-json\/wp\/v2\/comments?post=46567"}],"version-history":[{"count":3,"href":"https:\/\/www.urlaubcornwall.de\/blog\/wp-json\/wp\/v2\/pages\/46567\/revisions"}],"predecessor-version":[{"id":49488,"href":"https:\/\/www.urlaubcornwall.de\/blog\/wp-json\/wp\/v2\/pages\/46567\/revisions\/49488"}],"wp:attachment":[{"href":"https:\/\/www.urlaubcornwall.de\/blog\/wp-json\/wp\/v2\/media?parent=46567"}],"curies":[{"name":"wp","href":"https:\/\/api.w.org\/{rel}","templated":true}]}}