{"id":46560,"date":"2023-05-09T09:08:17","date_gmt":"2023-05-09T09:08:17","guid":{"rendered":"https:\/\/www.urlaubcornwall.de\/blog\/?page_id=46560"},"modified":"2024-05-31T12:13:23","modified_gmt":"2024-05-31T12:13:23","slug":"ist-somerset-schoen","status":"publish","type":"page","link":"https:\/\/www.urlaubcornwall.de\/blog\/ist-somerset-schoen\/","title":{"rendered":"Ist  Somerset sch\u00f6n?"},"content":{"rendered":"<p><a href=\"https:\/\/www.urlaubcornwall.de\/blog\/wp-content\/uploads\/2015\/10\/Glastonbury.jpg\"><img loading=\"lazy\" src=\"https:\/\/www.urlaubcornwall.de\/blog\/wp-content\/uploads\/2015\/10\/Glastonbury.jpg\" alt=\"Glastonbury somerset\" width=\"745\" height=\"376\" class=\"alignnone size-full wp-image-20983\" srcset=\"https:\/\/www.urlaubcornwall.de\/blog\/wp-content\/uploads\/2015\/10\/Glastonbury.jpg 745w, https:\/\/www.urlaubcornwall.de\/blog\/wp-content\/uploads\/2015\/10\/Glastonbury-300x151.jpg 300w\" sizes=\"(max-width: 745px) 100vw, 745px\" \/><\/a><\/p>\n<p>Ja, <a href=\"https:\/\/www.urlaubcornwall.de\/ferienhaeuser-fewos\/eng\/somerset\/somerset.html\">Somerset ist eine sch\u00f6ne Grafschaft in England<\/a>, die f\u00fcr ihre l\u00e4ndlichen Landschaften, historischen St\u00e4dte und K\u00fcstenlinie bekannt ist. Die Grafschaft bietet viele Sehensw\u00fcrdigkeiten und Aktivit\u00e4ten f\u00fcr Besucher aller Altersgruppen.<\/p>\n<p>Zu den Sehensw\u00fcrdigkeiten in Somerset geh\u00f6ren:<\/p>\n<p><a href=\"https:\/\/www.urlaubcornwall.de\/ferienhaeuser-fewos\/eng\/somerset\/glastonbury.html\">Glastonbury Tor:<\/a> Eine markante Erhebung, die sich \u00fcber der Stadt Glastonbury erhebt und eine wichtige Rolle in der keltischen Mythologie und der christlichen Legende spielt.<\/p>\n<p><a href=\"https:\/\/www.urlaubcornwall.de\/ferienhaeuser-fewos\/eng\/somerset\/cheddar.html\">Cheddar Gorge<\/a>: Eine beeindruckende Schlucht mit steilen Klippen und H\u00f6hlen, die f\u00fcr Wanderungen und H\u00f6hlenforschung genutzt werden kann.<\/p>\n<p>Wookey Hole Caves: Ein weiteres H\u00f6hlensystem mit unterirdischen Fl\u00fcssen und G\u00e4ngen, das auch ein Freizeitpark und ein Museum umfasst.<\/p>\n<p><a href=\"https:\/\/www.urlaubcornwall.de\/ferienhaeuser-fewos\/eng\/somerset\/bath.html\">Bath<\/a>: Eine historische Stadt mit r\u00f6mischen B\u00e4dern, pr\u00e4chtigen georgianischen Geb\u00e4uden und dem beeindruckenden Royal Crescent.<\/p>\n<p><a href=\"https:\/\/www.urlaubcornwall.de\/ferienhaeuser-fewos\/eng\/somerset\/wells.html\">Wells<\/a>: Eine charmante Stadt mit einer beeindruckenden Kathedrale, engen Gassen und einem mittelalterlichen Marktplatz.<\/p>\n<p><a href=\"https:\/\/www.urlaubcornwall.de\/ferienhaeuser-fewos\/eng\/nord-devon\/exmoor-national-park.html\">Exmoor National Park<\/a>: Ein wundersch\u00f6ner Nationalpark mit einer abwechslungsreichen Landschaft aus W\u00e4ldern, Fl\u00fcssen, Moorland und Klippen, der auch Wildpferde und Rotwild beherbergt.<\/p>\n<p>Die Geschichte von Somerset geht zur\u00fcck bis in die pr\u00e4historische Zeit, als die Gegend von Kelten und R\u00f6mern besiedelt wurde. Sp\u00e4ter war Somerset ein wichtiger Standort im englischen B\u00fcrgerkrieg und spielte eine bedeutende Rolle in der Entstehung der Textilindustrie. Heute ist Somerset eine beliebte Touristenregion und ein wichtiger Produzent von Cider und K\u00e4se.<\/p>\n<p style=\"text-align: center;\"><a class=\"tidycta\" href=\"https:\/\/www.urlaubcornwall.de\/ferienhaeuser-fewos\/eng\/somerset\/somerset.html\">Ferienh\u00e4user in Somerset<\/a><\/p>\n<p>UrlaubCornwall.de hat eine einzigartige Sammlung pers\u00f6nlich inspizierter Ferienh\u00e4user und Ferienwohnungen in England, <a href=\"https:\/\/www.urlaubcornwall.de\/ferienhaeuser\/suedengland.php\">S\u00fcdengland<\/a> und nun auch im gesamten Gro\u00dfbritannien. <\/p>\n<h1>Unser Rundreisenservice f\u00fcr England<\/h1>\n<p>Weshalb \u00fcber uns buchen?<\/p>\n<p>Firmensitz in Cornwall und ein Team Deutsch sprechender Reisespezialisten.<\/p>\n<p>Wir haben eine Leidenschaft f\u00fcrs Reisen und gestalten den perfekten Urlaub.<\/p>\n<p>Ortskenntnisse und Insidertipps f\u00fcr unsere Kunden.<\/p>\n<p>Sonderangebote und Preisnachl\u00e4sse<\/p>\n<p>S\u00e4mtliche unserer Rundreisen sind durch einen voll versicherten deutschen Reiseveranstalter gesichert.<\/p>\n<p style=\"text-align: center;\"><a class=\"tidycta\" href=\"https:\/\/www.urlaubcornwall.de\/rundreisenservice.php\"> Mehr Info<\/a><\/p>\n","protected":false},"excerpt":{"rendered":"<p>Ja, Somerset ist eine sch\u00f6ne Grafschaft in England, die f\u00fcr ihre l\u00e4ndlichen Landschaften, historischen St\u00e4dte und K\u00fcstenlinie bekannt ist. Die Grafschaft bietet viele Sehensw\u00fcrdigkeiten und Aktivit\u00e4ten f\u00fcr Besucher aller Altersgruppen. Zu den Sehensw\u00fcrdigkeiten in Somerset geh\u00f6ren: Glastonbury Tor: Eine markante Erhebung, die sich \u00fcber der Stadt Glastonbury erhebt und eine wichtige Rolle in der keltischen [&hellip;]<\/p>\n","protected":false},"author":1,"featured_media":0,"parent":0,"menu_order":0,"comment_status":"closed","ping_status":"closed","template":"single-four.php","meta":[],"acf":[],"yoast_head":"<!-- This site is optimized with the Yoast SEO plugin v19.4 - https:\/\/yoast.com\/wordpress\/plugins\/seo\/ -->\n<title>Ist Somerset sch\u00f6n? - Urlaub &amp; Reisen<\/title>\n<meta name=\"description\" content=\"Ja, Somerset ist eine sch\u00f6ne Grafschaft in England, die f\u00fcr ihre l\u00e4ndlichen Landschaften, historischen St\u00e4dte\" \/>\n<meta name=\"robots\" content=\"index, follow, max-snippet:-1, max-image-preview:large, max-video-preview:-1\" \/>\n<link rel=\"canonical\" href=\"https:\/\/www.urlaubcornwall.de\/blog\/ist-somerset-schoen\/\" \/>\n<meta property=\"og:locale\" content=\"en_US\" \/>\n<meta property=\"og:type\" content=\"article\" \/>\n<meta property=\"og:title\" content=\"Ist Somerset sch\u00f6n? - Urlaub &amp; Reisen\" \/>\n<meta property=\"og:description\" content=\"Ja, Somerset ist eine sch\u00f6ne Grafschaft in England, die f\u00fcr ihre l\u00e4ndlichen Landschaften, historischen St\u00e4dte\" \/>\n<meta property=\"og:url\" content=\"https:\/\/www.urlaubcornwall.de\/blog\/ist-somerset-schoen\/\" \/>\n<meta property=\"og:site_name\" content=\"Urlaub &amp; Reisen\" \/>\n<meta property=\"article:modified_time\" content=\"2024-05-31T12:13:23+00:00\" \/>\n<meta property=\"og:image\" content=\"https:\/\/www.urlaubcornwall.de\/blog\/wp-content\/uploads\/2015\/10\/Glastonbury.jpg\" \/>\n<meta name=\"twitter:card\" content=\"summary\" \/>\n<meta name=\"twitter:label1\" content=\"Est. reading time\" \/>\n\t<meta name=\"twitter:data1\" content=\"2 minutes\" \/>\n<script type=\"application\/ld+json\" class=\"yoast-schema-graph\">{\"@context\":\"https:\/\/schema.org\",\"@graph\":[{\"@type\":\"WebSite\",\"@id\":\"https:\/\/www.urlaubcornwall.de\/blog\/#website\",\"url\":\"https:\/\/www.urlaubcornwall.de\/blog\/\",\"name\":\"Urlaub &amp; Reisen\",\"description\":\"Urlaub, Reisen, Cornwall und S\u00fcdengland: eine perfekte Kombination\",\"potentialAction\":[{\"@type\":\"SearchAction\",\"target\":{\"@type\":\"EntryPoint\",\"urlTemplate\":\"https:\/\/www.urlaubcornwall.de\/blog\/?s={search_term_string}\"},\"query-input\":\"required name=search_term_string\"}],\"inLanguage\":\"en-US\"},{\"@type\":\"WebPage\",\"@id\":\"https:\/\/www.urlaubcornwall.de\/blog\/ist-somerset-schoen\/\",\"url\":\"https:\/\/www.urlaubcornwall.de\/blog\/ist-somerset-schoen\/\",\"name\":\"Ist Somerset sch\u00f6n? - Urlaub &amp; Reisen\",\"isPartOf\":{\"@id\":\"https:\/\/www.urlaubcornwall.de\/blog\/#website\"},\"datePublished\":\"2023-05-09T09:08:17+00:00\",\"dateModified\":\"2024-05-31T12:13:23+00:00\",\"description\":\"Ja, Somerset ist eine sch\u00f6ne Grafschaft in England, die f\u00fcr ihre l\u00e4ndlichen Landschaften, historischen St\u00e4dte\",\"breadcrumb\":{\"@id\":\"https:\/\/www.urlaubcornwall.de\/blog\/ist-somerset-schoen\/#breadcrumb\"},\"inLanguage\":\"en-US\",\"potentialAction\":[{\"@type\":\"ReadAction\",\"target\":[\"https:\/\/www.urlaubcornwall.de\/blog\/ist-somerset-schoen\/\"]}]},{\"@type\":\"BreadcrumbList\",\"@id\":\"https:\/\/www.urlaubcornwall.de\/blog\/ist-somerset-schoen\/#breadcrumb\",\"itemListElement\":[{\"@type\":\"ListItem\",\"position\":1,\"name\":\"Home\",\"item\":\"https:\/\/www.urlaubcornwall.de\/blog\/\"},{\"@type\":\"ListItem\",\"position\":2,\"name\":\"Ist Somerset sch\u00f6n?\"}]}]}<\/script>\n<!-- \/ Yoast SEO plugin. -->","yoast_head_json":{"title":"Ist Somerset sch\u00f6n? - Urlaub &amp; Reisen","description":"Ja, Somerset ist eine sch\u00f6ne Grafschaft in England, die f\u00fcr ihre l\u00e4ndlichen Landschaften, historischen St\u00e4dte","robots":{"index":"index","follow":"follow","max-snippet":"max-snippet:-1","max-image-preview":"max-image-preview:large","max-video-preview":"max-video-preview:-1"},"canonical":"https:\/\/www.urlaubcornwall.de\/blog\/ist-somerset-schoen\/","og_locale":"en_US","og_type":"article","og_title":"Ist Somerset sch\u00f6n? - Urlaub &amp; Reisen","og_description":"Ja, Somerset ist eine sch\u00f6ne Grafschaft in England, die f\u00fcr ihre l\u00e4ndlichen Landschaften, historischen St\u00e4dte","og_url":"https:\/\/www.urlaubcornwall.de\/blog\/ist-somerset-schoen\/","og_site_name":"Urlaub &amp; Reisen","article_modified_time":"2024-05-31T12:13:23+00:00","og_image":[{"url":"https:\/\/www.urlaubcornwall.de\/blog\/wp-content\/uploads\/2015\/10\/Glastonbury.jpg"}],"twitter_card":"summary","twitter_misc":{"Est. reading time":"2 minutes"},"schema":{"@context":"https:\/\/schema.org","@graph":[{"@type":"WebSite","@id":"https:\/\/www.urlaubcornwall.de\/blog\/#website","url":"https:\/\/www.urlaubcornwall.de\/blog\/","name":"Urlaub &amp; Reisen","description":"Urlaub, Reisen, Cornwall und S\u00fcdengland: eine perfekte Kombination","potentialAction":[{"@type":"SearchAction","target":{"@type":"EntryPoint","urlTemplate":"https:\/\/www.urlaubcornwall.de\/blog\/?s={search_term_string}"},"query-input":"required name=search_term_string"}],"inLanguage":"en-US"},{"@type":"WebPage","@id":"https:\/\/www.urlaubcornwall.de\/blog\/ist-somerset-schoen\/","url":"https:\/\/www.urlaubcornwall.de\/blog\/ist-somerset-schoen\/","name":"Ist Somerset sch\u00f6n? - Urlaub &amp; Reisen","isPartOf":{"@id":"https:\/\/www.urlaubcornwall.de\/blog\/#website"},"datePublished":"2023-05-09T09:08:17+00:00","dateModified":"2024-05-31T12:13:23+00:00","description":"Ja, Somerset ist eine sch\u00f6ne Grafschaft in England, die f\u00fcr ihre l\u00e4ndlichen Landschaften, historischen St\u00e4dte","breadcrumb":{"@id":"https:\/\/www.urlaubcornwall.de\/blog\/ist-somerset-schoen\/#breadcrumb"},"inLanguage":"en-US","potentialAction":[{"@type":"ReadAction","target":["https:\/\/www.urlaubcornwall.de\/blog\/ist-somerset-schoen\/"]}]},{"@type":"BreadcrumbList","@id":"https:\/\/www.urlaubcornwall.de\/blog\/ist-somerset-schoen\/#breadcrumb","itemListElement":[{"@type":"ListItem","position":1,"name":"Home","item":"https:\/\/www.urlaubcornwall.de\/blog\/"},{"@type":"ListItem","position":2,"name":"Ist Somerset sch\u00f6n?"}]}]}},"_links":{"self":[{"href":"https:\/\/www.urlaubcornwall.de\/blog\/wp-json\/wp\/v2\/pages\/46560"}],"collection":[{"href":"https:\/\/www.urlaubcornwall.de\/blog\/wp-json\/wp\/v2\/pages"}],"about":[{"href":"https:\/\/www.urlaubcornwall.de\/blog\/wp-json\/wp\/v2\/types\/page"}],"author":[{"embeddable":true,"href":"https:\/\/www.urlaubcornwall.de\/blog\/wp-json\/wp\/v2\/users\/1"}],"replies":[{"embeddable":true,"href":"https:\/\/www.urlaubcornwall.de\/blog\/wp-json\/wp\/v2\/comments?post=46560"}],"version-history":[{"count":2,"href":"https:\/\/www.urlaubcornwall.de\/blog\/wp-json\/wp\/v2\/pages\/46560\/revisions"}],"predecessor-version":[{"id":51365,"href":"https:\/\/www.urlaubcornwall.de\/blog\/wp-json\/wp\/v2\/pages\/46560\/revisions\/51365"}],"wp:attachment":[{"href":"https:\/\/www.urlaubcornwall.de\/blog\/wp-json\/wp\/v2\/media?parent=46560"}],"curies":[{"name":"wp","href":"https:\/\/api.w.org\/{rel}","templated":true}]}}