{"id":46549,"date":"2023-05-08T12:18:41","date_gmt":"2023-05-08T12:18:41","guid":{"rendered":"https:\/\/www.urlaubcornwall.de\/blog\/?page_id=46549"},"modified":"2023-05-08T12:18:41","modified_gmt":"2023-05-08T12:18:41","slug":"ist-anglesey-schoen","status":"publish","type":"page","link":"https:\/\/www.urlaubcornwall.de\/blog\/ist-anglesey-schoen\/","title":{"rendered":"Ist Anglesey sch\u00f6n?"},"content":{"rendered":"<p><img loading=\"lazy\" class=\"aligncenter size-full wp-image-25541\" src=\"https:\/\/www.urlaubcornwall.de\/blog\/wp-content\/uploads\/2016\/11\/anglesey-urlaub.jpg\" alt=\"urlaub anglsey nord wales\" width=\"750\" height=\"368\"\/><\/p>\n<p><a href=\"https:\/\/www.urlaubcornwall.de\/ferienhaeuser-fewos\/wal\/nordwales\/anglesey.html\">Anglesey ist eine Insel an der Nordwestk\u00fcste von Wales<\/a> und bietet eine wundersch\u00f6ne Landschaft, eine reiche Geschichte und eine F\u00fclle von Aktivit\u00e4ten und Sehensw\u00fcrdigkeiten. Hier sind einige Beispiele:<\/p>\n<p>Beaumaris Castle: Dieses beeindruckende Schloss wurde im 13. Jahrhundert erbaut und ist eines der besten Beispiele f\u00fcr mittelalterliche Architektur in Wales. Es war einst eine wichtige Festung und diente auch als Gef\u00e4ngnis.<\/p>\n<p>South Stack Leuchtturm: Der Leuchtturm, der 1809 gebaut wurde, befindet sich auf einer Klippe an der Westk\u00fcste der Insel. Besucher k\u00f6nnen den Turm erklimmen und eine spektakul\u00e4re Aussicht auf das Meer und die umliegende Landschaft genie\u00dfen.<\/p>\n<p>Plas Newydd: Ein Herrenhaus aus dem 18. Jahrhundert, das inmitten eines wundersch\u00f6nen Parks und Gartens liegt. Es hat eine lange Geschichte und war einst der Wohnsitz der Familie von Lord Nelson.<\/p>\n<p>Holyhead Maritime Museum: Das Museum bietet Einblicke in die reiche maritimen Geschichte von Anglesey, einschlie\u00dflich Schiffbau und Fischerei.<\/p>\n<p>Newborough Beach: Ein wundersch\u00f6ner Sandstrand an der S\u00fcdwestk\u00fcste der Insel, der von D\u00fcnen und Pinienw\u00e4ldern umgeben ist. Der Strand bietet zahlreiche Aktivit\u00e4ten wie Surfen, Kitesurfen und Schwimmen.<\/p>\n<p>Llynnon Mill: Eine traditionelle Windm\u00fchle aus dem 18. Jahrhundert, die immer noch funktioniert und Besuchern Einblicke in die M\u00fchlentechnologie von fr\u00fcher bietet.<\/p>\n<p>Anglesey bietet auch eine reiche Kulturgeschichte, die von den Kelten bis hin zu den Wikinger reicht. Es gibt zahlreiche historische St\u00e4tten und Museen auf der Insel, die Besuchern helfen, diese faszinierende Geschichte zu entdecken. Insgesamt ist Anglesey ein wundersch\u00f6ner Ort mit einer F\u00fclle von Aktivit\u00e4ten und Sehensw\u00fcrdigkeiten f\u00fcr Besucher jeden Alters.<\/p>\n<p style=\"text-align: center;\"><a class=\"tidycta\" href=\"https:\/\/www.urlaubcornwall.de\/ferienhaeuser-fewos\/wal\/nordwales\/anglesey.html\">Ferienh\u00e4user Anglesey<\/a><\/p>\n<div class=\"snippet\"> <a class=\"featured-item\" href=\" https:\/\/www.urlaubcornwall.de\/ferienhaeuser\/wales.php\"> <span class=\"image-holder\" style=\"background-image: url(' https:\/\/www.urlaubcornwall.de\/blog\/wp-content\/uploads\/2018\/12\/busreisen-wales-england.jpg');\"><\/span> <span class=\"featured-content\"> \n<h2 class=\"featured-title\">Bei uns finden Sie Ferienh\u00e4user in Wales zum Verlieben!<\/h2>\n<p class=\"featured-body\">Untenstehend finden Sie eine Auswahl an Selbstversorger-Ferienh\u00e4usern in Wales. Hier finden Sie handverlesene, pers\u00f6nlich inspizierte Cottages entlang der walisischen K\u00fcste&#8230;..<\/p>\n<\/span> <span class=\"featured-link-holder\"> <span class=\"featured-extra-info\"> \n<p>F\u00fcr Paare, Familien &#038; Gruppen<\/p>\n<\/span> \n<p class=\"featured-link\">DETAILS<\/p>\n<\/span> <\/a><\/div>\n<p>UrlaubCornwall.de hat eine einzigartige Sammlung pers\u00f6nlich inspizierter Ferienh\u00e4user und Ferienwohnungen in Wales, <a href=\"https:\/\/www.urlaubcornwall.de\/ferienhaeuser\/suedengland.php\">S\u00fcdengland<\/a> und nun auch im gesamten Gro\u00dfbritannien. <\/p>\n<h1>Unser Rundreisenservice f\u00fcr Wales<\/h1>\n<p>Weshalb \u00fcber uns buchen?<\/p>\n<p>Firmensitz in Cornwall und ein Team Deutsch sprechender Reisespezialisten.<\/p>\n<p>Wir haben eine Leidenschaft f\u00fcrs Reisen und gestalten den perfekten Urlaub.<\/p>\n<p>Ortskenntnisse und Insidertipps f\u00fcr unsere Kunden.<\/p>\n<p>Sonderangebote und Preisnachl\u00e4sse<\/p>\n<p>S\u00e4mtliche unserer Rundreisen sind durch einen voll versicherten deutschen Reiseveranstalter gesichert.<\/p>\n<p style=\"text-align: center;\"><a class=\"tidycta\" href=\"https:\/\/www.urlaubcornwall.de\/blog\/rundreisen-england-wales\/\"> Mehr Info<\/a><\/p>\n","protected":false},"excerpt":{"rendered":"<p>Anglesey ist eine Insel an der Nordwestk\u00fcste von Wales und bietet eine wundersch\u00f6ne Landschaft, eine reiche Geschichte und eine F\u00fclle von Aktivit\u00e4ten und Sehensw\u00fcrdigkeiten. Hier sind einige Beispiele: Beaumaris Castle: Dieses beeindruckende Schloss wurde im 13. Jahrhundert erbaut und ist eines der besten Beispiele f\u00fcr mittelalterliche Architektur in Wales. Es war einst eine wichtige Festung [&hellip;]<\/p>\n","protected":false},"author":1,"featured_media":0,"parent":0,"menu_order":0,"comment_status":"closed","ping_status":"closed","template":"single-four.php","meta":[],"acf":[],"yoast_head":"<!-- This site is optimized with the Yoast SEO plugin v19.4 - https:\/\/yoast.com\/wordpress\/plugins\/seo\/ -->\n<title>Ist Anglesey sch\u00f6n? - Urlaub &amp; Reisen<\/title>\n<meta name=\"robots\" content=\"index, follow, max-snippet:-1, max-image-preview:large, max-video-preview:-1\" \/>\n<link rel=\"canonical\" href=\"https:\/\/www.urlaubcornwall.de\/blog\/ist-anglesey-schoen\/\" \/>\n<meta property=\"og:locale\" content=\"en_US\" \/>\n<meta property=\"og:type\" content=\"article\" \/>\n<meta property=\"og:title\" content=\"Ist Anglesey sch\u00f6n? - Urlaub &amp; Reisen\" \/>\n<meta property=\"og:description\" content=\"Anglesey ist eine Insel an der Nordwestk\u00fcste von Wales und bietet eine wundersch\u00f6ne Landschaft, eine reiche Geschichte und eine F\u00fclle von Aktivit\u00e4ten und Sehensw\u00fcrdigkeiten. Hier sind einige Beispiele: Beaumaris Castle: Dieses beeindruckende Schloss wurde im 13. Jahrhundert erbaut und ist eines der besten Beispiele f\u00fcr mittelalterliche Architektur in Wales. Es war einst eine wichtige Festung [&hellip;]\" \/>\n<meta property=\"og:url\" content=\"https:\/\/www.urlaubcornwall.de\/blog\/ist-anglesey-schoen\/\" \/>\n<meta property=\"og:site_name\" content=\"Urlaub &amp; Reisen\" \/>\n<meta property=\"og:image\" content=\"https:\/\/www.urlaubcornwall.de\/blog\/wp-content\/uploads\/2016\/11\/anglesey-urlaub.jpg\" \/>\n<meta name=\"twitter:card\" content=\"summary\" \/>\n<meta name=\"twitter:label1\" content=\"Est. reading time\" \/>\n\t<meta name=\"twitter:data1\" content=\"2 minutes\" \/>\n<script type=\"application\/ld+json\" class=\"yoast-schema-graph\">{\"@context\":\"https:\/\/schema.org\",\"@graph\":[{\"@type\":\"WebSite\",\"@id\":\"https:\/\/www.urlaubcornwall.de\/blog\/#website\",\"url\":\"https:\/\/www.urlaubcornwall.de\/blog\/\",\"name\":\"Urlaub &amp; Reisen\",\"description\":\"Urlaub, Reisen, Cornwall und S\u00fcdengland: eine perfekte Kombination\",\"potentialAction\":[{\"@type\":\"SearchAction\",\"target\":{\"@type\":\"EntryPoint\",\"urlTemplate\":\"https:\/\/www.urlaubcornwall.de\/blog\/?s={search_term_string}\"},\"query-input\":\"required name=search_term_string\"}],\"inLanguage\":\"en-US\"},{\"@type\":\"WebPage\",\"@id\":\"https:\/\/www.urlaubcornwall.de\/blog\/ist-anglesey-schoen\/\",\"url\":\"https:\/\/www.urlaubcornwall.de\/blog\/ist-anglesey-schoen\/\",\"name\":\"Ist Anglesey sch\u00f6n? - Urlaub &amp; Reisen\",\"isPartOf\":{\"@id\":\"https:\/\/www.urlaubcornwall.de\/blog\/#website\"},\"datePublished\":\"2023-05-08T12:18:41+00:00\",\"dateModified\":\"2023-05-08T12:18:41+00:00\",\"breadcrumb\":{\"@id\":\"https:\/\/www.urlaubcornwall.de\/blog\/ist-anglesey-schoen\/#breadcrumb\"},\"inLanguage\":\"en-US\",\"potentialAction\":[{\"@type\":\"ReadAction\",\"target\":[\"https:\/\/www.urlaubcornwall.de\/blog\/ist-anglesey-schoen\/\"]}]},{\"@type\":\"BreadcrumbList\",\"@id\":\"https:\/\/www.urlaubcornwall.de\/blog\/ist-anglesey-schoen\/#breadcrumb\",\"itemListElement\":[{\"@type\":\"ListItem\",\"position\":1,\"name\":\"Home\",\"item\":\"https:\/\/www.urlaubcornwall.de\/blog\/\"},{\"@type\":\"ListItem\",\"position\":2,\"name\":\"Ist Anglesey sch\u00f6n?\"}]}]}<\/script>\n<!-- \/ Yoast SEO plugin. -->","yoast_head_json":{"title":"Ist Anglesey sch\u00f6n? - Urlaub &amp; Reisen","robots":{"index":"index","follow":"follow","max-snippet":"max-snippet:-1","max-image-preview":"max-image-preview:large","max-video-preview":"max-video-preview:-1"},"canonical":"https:\/\/www.urlaubcornwall.de\/blog\/ist-anglesey-schoen\/","og_locale":"en_US","og_type":"article","og_title":"Ist Anglesey sch\u00f6n? - Urlaub &amp; Reisen","og_description":"Anglesey ist eine Insel an der Nordwestk\u00fcste von Wales und bietet eine wundersch\u00f6ne Landschaft, eine reiche Geschichte und eine F\u00fclle von Aktivit\u00e4ten und Sehensw\u00fcrdigkeiten. Hier sind einige Beispiele: Beaumaris Castle: Dieses beeindruckende Schloss wurde im 13. Jahrhundert erbaut und ist eines der besten Beispiele f\u00fcr mittelalterliche Architektur in Wales. Es war einst eine wichtige Festung [&hellip;]","og_url":"https:\/\/www.urlaubcornwall.de\/blog\/ist-anglesey-schoen\/","og_site_name":"Urlaub &amp; Reisen","og_image":[{"url":"https:\/\/www.urlaubcornwall.de\/blog\/wp-content\/uploads\/2016\/11\/anglesey-urlaub.jpg"}],"twitter_card":"summary","twitter_misc":{"Est. reading time":"2 minutes"},"schema":{"@context":"https:\/\/schema.org","@graph":[{"@type":"WebSite","@id":"https:\/\/www.urlaubcornwall.de\/blog\/#website","url":"https:\/\/www.urlaubcornwall.de\/blog\/","name":"Urlaub &amp; Reisen","description":"Urlaub, Reisen, Cornwall und S\u00fcdengland: eine perfekte Kombination","potentialAction":[{"@type":"SearchAction","target":{"@type":"EntryPoint","urlTemplate":"https:\/\/www.urlaubcornwall.de\/blog\/?s={search_term_string}"},"query-input":"required name=search_term_string"}],"inLanguage":"en-US"},{"@type":"WebPage","@id":"https:\/\/www.urlaubcornwall.de\/blog\/ist-anglesey-schoen\/","url":"https:\/\/www.urlaubcornwall.de\/blog\/ist-anglesey-schoen\/","name":"Ist Anglesey sch\u00f6n? - Urlaub &amp; Reisen","isPartOf":{"@id":"https:\/\/www.urlaubcornwall.de\/blog\/#website"},"datePublished":"2023-05-08T12:18:41+00:00","dateModified":"2023-05-08T12:18:41+00:00","breadcrumb":{"@id":"https:\/\/www.urlaubcornwall.de\/blog\/ist-anglesey-schoen\/#breadcrumb"},"inLanguage":"en-US","potentialAction":[{"@type":"ReadAction","target":["https:\/\/www.urlaubcornwall.de\/blog\/ist-anglesey-schoen\/"]}]},{"@type":"BreadcrumbList","@id":"https:\/\/www.urlaubcornwall.de\/blog\/ist-anglesey-schoen\/#breadcrumb","itemListElement":[{"@type":"ListItem","position":1,"name":"Home","item":"https:\/\/www.urlaubcornwall.de\/blog\/"},{"@type":"ListItem","position":2,"name":"Ist Anglesey sch\u00f6n?"}]}]}},"_links":{"self":[{"href":"https:\/\/www.urlaubcornwall.de\/blog\/wp-json\/wp\/v2\/pages\/46549"}],"collection":[{"href":"https:\/\/www.urlaubcornwall.de\/blog\/wp-json\/wp\/v2\/pages"}],"about":[{"href":"https:\/\/www.urlaubcornwall.de\/blog\/wp-json\/wp\/v2\/types\/page"}],"author":[{"embeddable":true,"href":"https:\/\/www.urlaubcornwall.de\/blog\/wp-json\/wp\/v2\/users\/1"}],"replies":[{"embeddable":true,"href":"https:\/\/www.urlaubcornwall.de\/blog\/wp-json\/wp\/v2\/comments?post=46549"}],"version-history":[{"count":1,"href":"https:\/\/www.urlaubcornwall.de\/blog\/wp-json\/wp\/v2\/pages\/46549\/revisions"}],"predecessor-version":[{"id":46550,"href":"https:\/\/www.urlaubcornwall.de\/blog\/wp-json\/wp\/v2\/pages\/46549\/revisions\/46550"}],"wp:attachment":[{"href":"https:\/\/www.urlaubcornwall.de\/blog\/wp-json\/wp\/v2\/media?parent=46549"}],"curies":[{"name":"wp","href":"https:\/\/api.w.org\/{rel}","templated":true}]}}