{"id":46532,"date":"2023-05-05T13:12:34","date_gmt":"2023-05-05T13:12:34","guid":{"rendered":"https:\/\/www.urlaubcornwall.de\/blog\/?page_id=46532"},"modified":"2024-05-30T08:35:18","modified_gmt":"2024-05-30T08:35:18","slug":"ist-die-minack-theater-schoen","status":"publish","type":"page","link":"https:\/\/www.urlaubcornwall.de\/blog\/ist-die-minack-theater-schoen\/","title":{"rendered":"Ist die Minack Theater  sch\u00f6n?"},"content":{"rendered":"<p><img loading=\"lazy\" class=\"aligncenter size-full wp-image-47547\" src=\"https:\/\/www.urlaubcornwall.de\/blog\/wp-content\/uploads\/2024\/02\/credit-minack-theatre.jpg\" alt=\"minack-theatre\" width=\"750\" height=\"501\" srcset=\"https:\/\/www.urlaubcornwall.de\/blog\/wp-content\/uploads\/2024\/02\/credit-minack-theatre.jpg 750w, https:\/\/www.urlaubcornwall.de\/blog\/wp-content\/uploads\/2024\/02\/credit-minack-theatre-300x200.jpg 300w\" sizes=\"(max-width: 750px) 100vw, 750px\" \/><br \/>\ncredit-minack-theatre<\/p>\n<p>Ja, das Minack Theatre ist ein wundersch\u00f6nes Theater in <a href=\"https:\/\/www.urlaubcornwall.de\/reiseziel\/cornwall.php\">Cornwall, England<\/a>. Es befindet sich auf einer Klippe mit Blick auf das Meer und ist von \u00fcppigen G\u00e4rten und atemberaubender Landschaft umgeben. Das Theater wurde von der britischen K\u00fcnstlerin Rowena Cade in den 1930er Jahren erbaut, die mit Hilfe von Freunden und Familienmitgliedern die Klippe in eine Open-Air-B\u00fchne verwandelte.<\/p>\n<p>Die Geschichte des Minack Theaters geht zur\u00fcck auf das Jahr 1929, als Rowena Cade das Grundst\u00fcck erwarb, das sich auf einem Felsenriff nahe <a href=\"https:\/\/www.urlaubcornwall.de\/ferienhaeuser-fewos\/porthcurno.html\">Porthcurno<\/a> befand. Sie begann damit, einen Garten auf dem Felsen anzulegen, und 1931 fand hier eine Auff\u00fchrung von Shakespeares &#8220;A Midsummer Night&#8217;s Dream&#8221; statt, bei der Cades Freunde und Familie auftraten.<\/p>\n<p>In den folgenden Jahren arbeitete Cade daran, das Theater weiter auszubauen. Sie baute einen steinernen B\u00fchnenbereich, eine Trib\u00fcne und eine H\u00fctte f\u00fcr die Schauspieler. Sie gestaltete auch den Garten weiter und pflanzte exotische Pflanzen und Blumen, die dem Theater eine besondere Atmosph\u00e4re verliehen.<\/p>\n<p>Heute ist das Minack Theater ein beliebter Veranstaltungsort f\u00fcr Theaterauff\u00fchrungen, Konzerte und andere Veranstaltungen und wird von Besuchern aus der ganzen Welt besucht.<\/p>\n<p>Zusammenfassend kann man sagen, dass das Minack Theatre aufgrund seiner atemberaubenden Lage und der Geschichte, die sich um seine Entstehung und Entwicklung rankt, zu den sch\u00f6nsten und ungew\u00f6hnlichsten Theatern der Welt z\u00e4hlt.<\/p>\n<p>Wir haben die beste Auswahl an <a href=\"https:\/\/www.urlaubcornwall.de\/ferienhaeuser-fewos\/cornwall.html\">pers\u00f6nlich inspizierten Ferienh\u00e4usern im Angebot<\/a>.<\/p>\n<p style=\"text-align: center;\"><a class=\"tidycta\" href=\"https:\/\/www.urlaubcornwall.de\/ferienhaeuser-fewos\/cornwall.html\">Suche Ferienh\u00e4user in Cornwall<\/a><\/p>\n<h1><a href=\"https:\/\/www.urlaubcornwall.de\/rundreisen\/cornwall-suedengland.php\">Unser Rundreisenservice in Cornwall &#038; Devon >><\/a><\/h1>\n<p>Weshalb \u00fcber uns buchen?<\/p>\n<p>Firmensitz in Cornwall und ein Team Deutsch sprechender Reisespezialisten.<\/p>\n<p>Wir haben eine Leidenschaft f\u00fcrs Reisen und gestalten den perfekten Urlaub.<\/p>\n<p>Ortskenntnisse und Insidertipps f\u00fcr unsere Kunden.<\/p>\n<p>Sonderangebote und Preisnachl\u00e4sse<\/p>\n<p>S\u00e4mtliche unserer Rundreisen sind durch einen voll versicherten deutschen Reiseveranstalter gesichert.<\/p>\n<p style=\"text-align: center;\"><a class=\"tidycta\" href=\"https:\/\/www.urlaubcornwall.de\/rundreisen\/cornwall-suedengland.php\"> Mehr Info<\/a><\/p>\n","protected":false},"excerpt":{"rendered":"<p>credit-minack-theatre Ja, das Minack Theatre ist ein wundersch\u00f6nes Theater in Cornwall, England. Es befindet sich auf einer Klippe mit Blick auf das Meer und ist von \u00fcppigen G\u00e4rten und atemberaubender Landschaft umgeben. Das Theater wurde von der britischen K\u00fcnstlerin Rowena Cade in den 1930er Jahren erbaut, die mit Hilfe von Freunden und Familienmitgliedern die Klippe [&hellip;]<\/p>\n","protected":false},"author":1,"featured_media":0,"parent":0,"menu_order":0,"comment_status":"closed","ping_status":"closed","template":"single-four.php","meta":[],"acf":[],"yoast_head":"<!-- This site is optimized with the Yoast SEO plugin v19.4 - https:\/\/yoast.com\/wordpress\/plugins\/seo\/ -->\n<title>Ist die Minack Theater sch\u00f6n? - Urlaub &amp; Reisen<\/title>\n<meta name=\"description\" content=\"Ja, das Minack Theatre ist ein wundersch\u00f6nes Theater in Cornwall, England. Es befindet sich auf einer Klippe mit Blick auf das Meer und ist\" \/>\n<meta name=\"robots\" content=\"index, follow, max-snippet:-1, max-image-preview:large, max-video-preview:-1\" \/>\n<link rel=\"canonical\" href=\"https:\/\/www.urlaubcornwall.de\/blog\/ist-die-minack-theater-schoen\/\" \/>\n<meta property=\"og:locale\" content=\"en_US\" \/>\n<meta property=\"og:type\" content=\"article\" \/>\n<meta property=\"og:title\" content=\"Ist die Minack Theater sch\u00f6n? - Urlaub &amp; Reisen\" \/>\n<meta property=\"og:description\" content=\"Ja, das Minack Theatre ist ein wundersch\u00f6nes Theater in Cornwall, England. Es befindet sich auf einer Klippe mit Blick auf das Meer und ist\" \/>\n<meta property=\"og:url\" content=\"https:\/\/www.urlaubcornwall.de\/blog\/ist-die-minack-theater-schoen\/\" \/>\n<meta property=\"og:site_name\" content=\"Urlaub &amp; Reisen\" \/>\n<meta property=\"article:modified_time\" content=\"2024-05-30T08:35:18+00:00\" \/>\n<meta property=\"og:image\" content=\"https:\/\/www.urlaubcornwall.de\/blog\/wp-content\/uploads\/2024\/02\/credit-minack-theatre.jpg\" \/>\n<meta name=\"twitter:card\" content=\"summary\" \/>\n<meta name=\"twitter:label1\" content=\"Est. reading time\" \/>\n\t<meta name=\"twitter:data1\" content=\"2 minutes\" \/>\n<script type=\"application\/ld+json\" class=\"yoast-schema-graph\">{\"@context\":\"https:\/\/schema.org\",\"@graph\":[{\"@type\":\"WebSite\",\"@id\":\"https:\/\/www.urlaubcornwall.de\/blog\/#website\",\"url\":\"https:\/\/www.urlaubcornwall.de\/blog\/\",\"name\":\"Urlaub &amp; Reisen\",\"description\":\"Urlaub, Reisen, Cornwall und S\u00fcdengland: eine perfekte Kombination\",\"potentialAction\":[{\"@type\":\"SearchAction\",\"target\":{\"@type\":\"EntryPoint\",\"urlTemplate\":\"https:\/\/www.urlaubcornwall.de\/blog\/?s={search_term_string}\"},\"query-input\":\"required name=search_term_string\"}],\"inLanguage\":\"en-US\"},{\"@type\":\"WebPage\",\"@id\":\"https:\/\/www.urlaubcornwall.de\/blog\/ist-die-minack-theater-schoen\/\",\"url\":\"https:\/\/www.urlaubcornwall.de\/blog\/ist-die-minack-theater-schoen\/\",\"name\":\"Ist die Minack Theater sch\u00f6n? - Urlaub &amp; Reisen\",\"isPartOf\":{\"@id\":\"https:\/\/www.urlaubcornwall.de\/blog\/#website\"},\"datePublished\":\"2023-05-05T13:12:34+00:00\",\"dateModified\":\"2024-05-30T08:35:18+00:00\",\"description\":\"Ja, das Minack Theatre ist ein wundersch\u00f6nes Theater in Cornwall, England. Es befindet sich auf einer Klippe mit Blick auf das Meer und ist\",\"breadcrumb\":{\"@id\":\"https:\/\/www.urlaubcornwall.de\/blog\/ist-die-minack-theater-schoen\/#breadcrumb\"},\"inLanguage\":\"en-US\",\"potentialAction\":[{\"@type\":\"ReadAction\",\"target\":[\"https:\/\/www.urlaubcornwall.de\/blog\/ist-die-minack-theater-schoen\/\"]}]},{\"@type\":\"BreadcrumbList\",\"@id\":\"https:\/\/www.urlaubcornwall.de\/blog\/ist-die-minack-theater-schoen\/#breadcrumb\",\"itemListElement\":[{\"@type\":\"ListItem\",\"position\":1,\"name\":\"Home\",\"item\":\"https:\/\/www.urlaubcornwall.de\/blog\/\"},{\"@type\":\"ListItem\",\"position\":2,\"name\":\"Ist die Minack Theater sch\u00f6n?\"}]}]}<\/script>\n<!-- \/ Yoast SEO plugin. -->","yoast_head_json":{"title":"Ist die Minack Theater sch\u00f6n? - Urlaub &amp; Reisen","description":"Ja, das Minack Theatre ist ein wundersch\u00f6nes Theater in Cornwall, England. Es befindet sich auf einer Klippe mit Blick auf das Meer und ist","robots":{"index":"index","follow":"follow","max-snippet":"max-snippet:-1","max-image-preview":"max-image-preview:large","max-video-preview":"max-video-preview:-1"},"canonical":"https:\/\/www.urlaubcornwall.de\/blog\/ist-die-minack-theater-schoen\/","og_locale":"en_US","og_type":"article","og_title":"Ist die Minack Theater sch\u00f6n? - Urlaub &amp; Reisen","og_description":"Ja, das Minack Theatre ist ein wundersch\u00f6nes Theater in Cornwall, England. Es befindet sich auf einer Klippe mit Blick auf das Meer und ist","og_url":"https:\/\/www.urlaubcornwall.de\/blog\/ist-die-minack-theater-schoen\/","og_site_name":"Urlaub &amp; Reisen","article_modified_time":"2024-05-30T08:35:18+00:00","og_image":[{"url":"https:\/\/www.urlaubcornwall.de\/blog\/wp-content\/uploads\/2024\/02\/credit-minack-theatre.jpg"}],"twitter_card":"summary","twitter_misc":{"Est. reading time":"2 minutes"},"schema":{"@context":"https:\/\/schema.org","@graph":[{"@type":"WebSite","@id":"https:\/\/www.urlaubcornwall.de\/blog\/#website","url":"https:\/\/www.urlaubcornwall.de\/blog\/","name":"Urlaub &amp; Reisen","description":"Urlaub, Reisen, Cornwall und S\u00fcdengland: eine perfekte Kombination","potentialAction":[{"@type":"SearchAction","target":{"@type":"EntryPoint","urlTemplate":"https:\/\/www.urlaubcornwall.de\/blog\/?s={search_term_string}"},"query-input":"required name=search_term_string"}],"inLanguage":"en-US"},{"@type":"WebPage","@id":"https:\/\/www.urlaubcornwall.de\/blog\/ist-die-minack-theater-schoen\/","url":"https:\/\/www.urlaubcornwall.de\/blog\/ist-die-minack-theater-schoen\/","name":"Ist die Minack Theater sch\u00f6n? - Urlaub &amp; Reisen","isPartOf":{"@id":"https:\/\/www.urlaubcornwall.de\/blog\/#website"},"datePublished":"2023-05-05T13:12:34+00:00","dateModified":"2024-05-30T08:35:18+00:00","description":"Ja, das Minack Theatre ist ein wundersch\u00f6nes Theater in Cornwall, England. Es befindet sich auf einer Klippe mit Blick auf das Meer und ist","breadcrumb":{"@id":"https:\/\/www.urlaubcornwall.de\/blog\/ist-die-minack-theater-schoen\/#breadcrumb"},"inLanguage":"en-US","potentialAction":[{"@type":"ReadAction","target":["https:\/\/www.urlaubcornwall.de\/blog\/ist-die-minack-theater-schoen\/"]}]},{"@type":"BreadcrumbList","@id":"https:\/\/www.urlaubcornwall.de\/blog\/ist-die-minack-theater-schoen\/#breadcrumb","itemListElement":[{"@type":"ListItem","position":1,"name":"Home","item":"https:\/\/www.urlaubcornwall.de\/blog\/"},{"@type":"ListItem","position":2,"name":"Ist die Minack Theater sch\u00f6n?"}]}]}},"_links":{"self":[{"href":"https:\/\/www.urlaubcornwall.de\/blog\/wp-json\/wp\/v2\/pages\/46532"}],"collection":[{"href":"https:\/\/www.urlaubcornwall.de\/blog\/wp-json\/wp\/v2\/pages"}],"about":[{"href":"https:\/\/www.urlaubcornwall.de\/blog\/wp-json\/wp\/v2\/types\/page"}],"author":[{"embeddable":true,"href":"https:\/\/www.urlaubcornwall.de\/blog\/wp-json\/wp\/v2\/users\/1"}],"replies":[{"embeddable":true,"href":"https:\/\/www.urlaubcornwall.de\/blog\/wp-json\/wp\/v2\/comments?post=46532"}],"version-history":[{"count":4,"href":"https:\/\/www.urlaubcornwall.de\/blog\/wp-json\/wp\/v2\/pages\/46532\/revisions"}],"predecessor-version":[{"id":50807,"href":"https:\/\/www.urlaubcornwall.de\/blog\/wp-json\/wp\/v2\/pages\/46532\/revisions\/50807"}],"wp:attachment":[{"href":"https:\/\/www.urlaubcornwall.de\/blog\/wp-json\/wp\/v2\/media?parent=46532"}],"curies":[{"name":"wp","href":"https:\/\/api.w.org\/{rel}","templated":true}]}}