{"id":46523,"date":"2023-05-04T08:56:00","date_gmt":"2023-05-04T08:56:00","guid":{"rendered":"https:\/\/www.urlaubcornwall.de\/blog\/?page_id=46523"},"modified":"2023-05-04T08:56:00","modified_gmt":"2023-05-04T08:56:00","slug":"ist-fowey-schoen","status":"publish","type":"page","link":"https:\/\/www.urlaubcornwall.de\/blog\/ist-fowey-schoen\/","title":{"rendered":"Ist Fowey sch\u00f6n?"},"content":{"rendered":"<p><img loading=\"lazy\" class=\"aligncenter size-full wp-image-43344\" src=\"https:\/\/www.urlaubcornwall.de\/blog\/wp-content\/uploads\/2021\/10\/fowey-1.jpg\" alt=\"fowey\" width=\"750\" height=\"500\" srcset=\"https:\/\/www.urlaubcornwall.de\/blog\/wp-content\/uploads\/2021\/10\/fowey-1.jpg 750w, https:\/\/www.urlaubcornwall.de\/blog\/wp-content\/uploads\/2021\/10\/fowey-1-300x200.jpg 300w\" sizes=\"(max-width: 750px) 100vw, 750px\" \/><\/p>\n<p>Ja, <a href=\"https:\/\/www.urlaubcornwall.de\/ferienhaeuser-fewos\/fowey.html\">Fowey ist eine malerische K\u00fcstenstadt in Cornwall<\/a>, England, die oft als sch\u00f6n bezeichnet wird. Hier sind einige Beispiele f\u00fcr Sehensw\u00fcrdigkeiten und ihre Geschichte:<\/p>\n<p>Fowey Harbour: Der Hafen von Fowey ist ein wichtiger Punkt in der Stadt und dient als Anlaufstelle f\u00fcr Boote und Schiffe. Es ist ein idealer Ort zum Wandern und bietet einen malerischen Blick auf das Wasser.<\/p>\n<p>St. Fimbarrus Church: Die Kirche wurde im 14. Jahrhundert erbaut und ist ein gutes Beispiel f\u00fcr sp\u00e4tgotische Architektur. Sie hat ein beeindruckendes Glockenspiel und bietet eine sch\u00f6ne Aussicht auf die Stadt.<\/p>\n<p>Fowey Museum: Das Museum bietet einen Einblick in die Geschichte der Stadt und der Umgebung und beherbergt eine Sammlung von Artefakten, die das Leben der Menschen in Fowey im Laufe der Jahre dokumentieren.<\/p>\n<p><img loading=\"lazy\" class=\"aligncenter size-full wp-image-39543\" src=\"https:\/\/www.urlaubcornwall.de\/blog\/wp-content\/uploads\/2020\/02\/fowey-urlaub.jpg\" alt=\"fowey-urlaub\" width=\"749\" height=\"451\" srcset=\"https:\/\/www.urlaubcornwall.de\/blog\/wp-content\/uploads\/2020\/02\/fowey-urlaub.jpg 749w, https:\/\/www.urlaubcornwall.de\/blog\/wp-content\/uploads\/2020\/02\/fowey-urlaub-300x181.jpg 300w\" sizes=\"(max-width: 749px) 100vw, 749px\" \/><\/p>\n<p>Readymoney Cove: Eine sch\u00f6ne Bucht mit einem kleinen Strand und klarem Wasser, die ein beliebter Ort zum Schwimmen und Sonnenbaden ist.<\/p>\n<p>St Catherine&#8217;s Castle: Eine Festung aus dem 16. Jahrhundert, die von Heinrich VIII. erbaut wurde, um die K\u00fcste vor Angriffen zu sch\u00fctzen. Die Burg ist heute ein beliebter Aussichtspunkt, der einen atemberaubenden Blick auf das Meer und die Umgebung bietet.<\/p>\n<p>Fowey Festival of Arts and Literature: Das j\u00e4hrliche Festival ist eine Feier der K\u00fcnste und Literatur und zieht jedes Jahr Besucher aus der ganzen Welt an.<\/p>\n<p>Diese sind nur einige der Sehensw\u00fcrdigkeiten in Fowey. Es gibt noch viele weitere Dinge zu entdecken, die die Stadt zu einem sch\u00f6nen Reiseziel in Cornwall machen.<\/p>\n<p>Wir haben die beste Auswahl an <a href=\"https:\/\/www.urlaubcornwall.de\/ferienhaeuser-fewos\/cornwall.html\">pers\u00f6nlich inspizierten Ferienh\u00e4usern im Angebot<\/a>.<\/p>\n<p style=\"text-align: center;\"><a class=\"tidycta\" href=\"https:\/\/www.urlaubcornwall.de\/ferienhaeuser-fewos\/fowey.html\">Suche Ferienh\u00e4user in Fowey<\/a><\/p>\n<h1><a href=\"https:\/\/www.urlaubcornwall.de\/rundreisen\/cornwall-suedengland.php\">Unser Rundreisenservice in Cornwall &#038; Devon >><\/a><\/h1>\n<p>Weshalb \u00fcber uns buchen?<\/p>\n<p>Firmensitz in Cornwall und ein Team Deutsch sprechender Reisespezialisten.<\/p>\n<p>Wir haben eine Leidenschaft f\u00fcrs Reisen und gestalten den perfekten Urlaub.<\/p>\n<p>Ortskenntnisse und Insidertipps f\u00fcr unsere Kunden.<\/p>\n<p>Sonderangebote und Preisnachl\u00e4sse<\/p>\n<p>S\u00e4mtliche unserer Rundreisen sind durch einen voll versicherten deutschen Reiseveranstalter gesichert.<\/p>\n<p style=\"text-align: center;\"><a class=\"tidycta\" href=\"https:\/\/www.urlaubcornwall.de\/rundreisen\/cornwall-suedengland.php\"> Mehr Info<\/a><\/p>\n","protected":false},"excerpt":{"rendered":"<p>Ja, Fowey ist eine malerische K\u00fcstenstadt in Cornwall, England, die oft als sch\u00f6n bezeichnet wird. Hier sind einige Beispiele f\u00fcr Sehensw\u00fcrdigkeiten und ihre Geschichte: Fowey Harbour: Der Hafen von Fowey ist ein wichtiger Punkt in der Stadt und dient als Anlaufstelle f\u00fcr Boote und Schiffe. Es ist ein idealer Ort zum Wandern und bietet einen [&hellip;]<\/p>\n","protected":false},"author":1,"featured_media":0,"parent":0,"menu_order":0,"comment_status":"closed","ping_status":"closed","template":"single-four.php","meta":[],"acf":[],"yoast_head":"<!-- This site is optimized with the Yoast SEO plugin v19.4 - https:\/\/yoast.com\/wordpress\/plugins\/seo\/ -->\n<title>Ist Fowey sch\u00f6n? - Urlaub &amp; Reisen<\/title>\n<meta name=\"robots\" content=\"index, follow, max-snippet:-1, max-image-preview:large, max-video-preview:-1\" \/>\n<link rel=\"canonical\" href=\"https:\/\/www.urlaubcornwall.de\/blog\/ist-fowey-schoen\/\" \/>\n<meta property=\"og:locale\" content=\"en_US\" \/>\n<meta property=\"og:type\" content=\"article\" \/>\n<meta property=\"og:title\" content=\"Ist Fowey sch\u00f6n? - Urlaub &amp; Reisen\" \/>\n<meta property=\"og:description\" content=\"Ja, Fowey ist eine malerische K\u00fcstenstadt in Cornwall, England, die oft als sch\u00f6n bezeichnet wird. Hier sind einige Beispiele f\u00fcr Sehensw\u00fcrdigkeiten und ihre Geschichte: Fowey Harbour: Der Hafen von Fowey ist ein wichtiger Punkt in der Stadt und dient als Anlaufstelle f\u00fcr Boote und Schiffe. Es ist ein idealer Ort zum Wandern und bietet einen [&hellip;]\" \/>\n<meta property=\"og:url\" content=\"https:\/\/www.urlaubcornwall.de\/blog\/ist-fowey-schoen\/\" \/>\n<meta property=\"og:site_name\" content=\"Urlaub &amp; Reisen\" \/>\n<meta property=\"og:image\" content=\"https:\/\/www.urlaubcornwall.de\/blog\/wp-content\/uploads\/2021\/10\/fowey-1.jpg\" \/>\n<meta name=\"twitter:card\" content=\"summary\" \/>\n<meta name=\"twitter:label1\" content=\"Est. reading time\" \/>\n\t<meta name=\"twitter:data1\" content=\"2 minutes\" \/>\n<script type=\"application\/ld+json\" class=\"yoast-schema-graph\">{\"@context\":\"https:\/\/schema.org\",\"@graph\":[{\"@type\":\"WebSite\",\"@id\":\"https:\/\/www.urlaubcornwall.de\/blog\/#website\",\"url\":\"https:\/\/www.urlaubcornwall.de\/blog\/\",\"name\":\"Urlaub &amp; Reisen\",\"description\":\"Urlaub, Reisen, Cornwall und S\u00fcdengland: eine perfekte Kombination\",\"potentialAction\":[{\"@type\":\"SearchAction\",\"target\":{\"@type\":\"EntryPoint\",\"urlTemplate\":\"https:\/\/www.urlaubcornwall.de\/blog\/?s={search_term_string}\"},\"query-input\":\"required name=search_term_string\"}],\"inLanguage\":\"en-US\"},{\"@type\":\"WebPage\",\"@id\":\"https:\/\/www.urlaubcornwall.de\/blog\/ist-fowey-schoen\/\",\"url\":\"https:\/\/www.urlaubcornwall.de\/blog\/ist-fowey-schoen\/\",\"name\":\"Ist Fowey sch\u00f6n? - Urlaub &amp; Reisen\",\"isPartOf\":{\"@id\":\"https:\/\/www.urlaubcornwall.de\/blog\/#website\"},\"datePublished\":\"2023-05-04T08:56:00+00:00\",\"dateModified\":\"2023-05-04T08:56:00+00:00\",\"breadcrumb\":{\"@id\":\"https:\/\/www.urlaubcornwall.de\/blog\/ist-fowey-schoen\/#breadcrumb\"},\"inLanguage\":\"en-US\",\"potentialAction\":[{\"@type\":\"ReadAction\",\"target\":[\"https:\/\/www.urlaubcornwall.de\/blog\/ist-fowey-schoen\/\"]}]},{\"@type\":\"BreadcrumbList\",\"@id\":\"https:\/\/www.urlaubcornwall.de\/blog\/ist-fowey-schoen\/#breadcrumb\",\"itemListElement\":[{\"@type\":\"ListItem\",\"position\":1,\"name\":\"Home\",\"item\":\"https:\/\/www.urlaubcornwall.de\/blog\/\"},{\"@type\":\"ListItem\",\"position\":2,\"name\":\"Ist Fowey sch\u00f6n?\"}]}]}<\/script>\n<!-- \/ Yoast SEO plugin. -->","yoast_head_json":{"title":"Ist Fowey sch\u00f6n? - Urlaub &amp; Reisen","robots":{"index":"index","follow":"follow","max-snippet":"max-snippet:-1","max-image-preview":"max-image-preview:large","max-video-preview":"max-video-preview:-1"},"canonical":"https:\/\/www.urlaubcornwall.de\/blog\/ist-fowey-schoen\/","og_locale":"en_US","og_type":"article","og_title":"Ist Fowey sch\u00f6n? - Urlaub &amp; Reisen","og_description":"Ja, Fowey ist eine malerische K\u00fcstenstadt in Cornwall, England, die oft als sch\u00f6n bezeichnet wird. Hier sind einige Beispiele f\u00fcr Sehensw\u00fcrdigkeiten und ihre Geschichte: Fowey Harbour: Der Hafen von Fowey ist ein wichtiger Punkt in der Stadt und dient als Anlaufstelle f\u00fcr Boote und Schiffe. Es ist ein idealer Ort zum Wandern und bietet einen [&hellip;]","og_url":"https:\/\/www.urlaubcornwall.de\/blog\/ist-fowey-schoen\/","og_site_name":"Urlaub &amp; Reisen","og_image":[{"url":"https:\/\/www.urlaubcornwall.de\/blog\/wp-content\/uploads\/2021\/10\/fowey-1.jpg"}],"twitter_card":"summary","twitter_misc":{"Est. reading time":"2 minutes"},"schema":{"@context":"https:\/\/schema.org","@graph":[{"@type":"WebSite","@id":"https:\/\/www.urlaubcornwall.de\/blog\/#website","url":"https:\/\/www.urlaubcornwall.de\/blog\/","name":"Urlaub &amp; Reisen","description":"Urlaub, Reisen, Cornwall und S\u00fcdengland: eine perfekte Kombination","potentialAction":[{"@type":"SearchAction","target":{"@type":"EntryPoint","urlTemplate":"https:\/\/www.urlaubcornwall.de\/blog\/?s={search_term_string}"},"query-input":"required name=search_term_string"}],"inLanguage":"en-US"},{"@type":"WebPage","@id":"https:\/\/www.urlaubcornwall.de\/blog\/ist-fowey-schoen\/","url":"https:\/\/www.urlaubcornwall.de\/blog\/ist-fowey-schoen\/","name":"Ist Fowey sch\u00f6n? - Urlaub &amp; Reisen","isPartOf":{"@id":"https:\/\/www.urlaubcornwall.de\/blog\/#website"},"datePublished":"2023-05-04T08:56:00+00:00","dateModified":"2023-05-04T08:56:00+00:00","breadcrumb":{"@id":"https:\/\/www.urlaubcornwall.de\/blog\/ist-fowey-schoen\/#breadcrumb"},"inLanguage":"en-US","potentialAction":[{"@type":"ReadAction","target":["https:\/\/www.urlaubcornwall.de\/blog\/ist-fowey-schoen\/"]}]},{"@type":"BreadcrumbList","@id":"https:\/\/www.urlaubcornwall.de\/blog\/ist-fowey-schoen\/#breadcrumb","itemListElement":[{"@type":"ListItem","position":1,"name":"Home","item":"https:\/\/www.urlaubcornwall.de\/blog\/"},{"@type":"ListItem","position":2,"name":"Ist Fowey sch\u00f6n?"}]}]}},"_links":{"self":[{"href":"https:\/\/www.urlaubcornwall.de\/blog\/wp-json\/wp\/v2\/pages\/46523"}],"collection":[{"href":"https:\/\/www.urlaubcornwall.de\/blog\/wp-json\/wp\/v2\/pages"}],"about":[{"href":"https:\/\/www.urlaubcornwall.de\/blog\/wp-json\/wp\/v2\/types\/page"}],"author":[{"embeddable":true,"href":"https:\/\/www.urlaubcornwall.de\/blog\/wp-json\/wp\/v2\/users\/1"}],"replies":[{"embeddable":true,"href":"https:\/\/www.urlaubcornwall.de\/blog\/wp-json\/wp\/v2\/comments?post=46523"}],"version-history":[{"count":1,"href":"https:\/\/www.urlaubcornwall.de\/blog\/wp-json\/wp\/v2\/pages\/46523\/revisions"}],"predecessor-version":[{"id":46524,"href":"https:\/\/www.urlaubcornwall.de\/blog\/wp-json\/wp\/v2\/pages\/46523\/revisions\/46524"}],"wp:attachment":[{"href":"https:\/\/www.urlaubcornwall.de\/blog\/wp-json\/wp\/v2\/media?parent=46523"}],"curies":[{"name":"wp","href":"https:\/\/api.w.org\/{rel}","templated":true}]}}