{"id":46518,"date":"2023-05-04T08:11:40","date_gmt":"2023-05-04T08:11:40","guid":{"rendered":"https:\/\/www.urlaubcornwall.de\/blog\/?page_id=46518"},"modified":"2024-04-15T14:51:58","modified_gmt":"2024-04-15T14:51:58","slug":"was-ist-die-genaue-flaeche-der-schottischen-highlands","status":"publish","type":"page","link":"https:\/\/www.urlaubcornwall.de\/blog\/was-ist-die-genaue-flaeche-der-schottischen-highlands\/","title":{"rendered":"Was ist die genaue Fl\u00e4che der schottischen Highlands?"},"content":{"rendered":"<p><img loading=\"lazy\" class=\"aligncenter size-full wp-image-46325\" src=\"https:\/\/www.urlaubcornwall.de\/blog\/wp-content\/uploads\/2023\/04\/schottland-highlands.jpg\" alt=\"schottland highlands\" width=\"750\" height=\"563\" srcset=\"https:\/\/www.urlaubcornwall.de\/blog\/wp-content\/uploads\/2023\/04\/schottland-highlands.jpg 750w, https:\/\/www.urlaubcornwall.de\/blog\/wp-content\/uploads\/2023\/04\/schottland-highlands-300x225.jpg 300w\" sizes=\"(max-width: 750px) 100vw, 750px\" \/><\/p>\n<p>Die <a href=\"https:\/\/www.urlaubcornwall.de\/reiseziel\/schottland.php\">Scottish Highlands sind eine Region im Norden Schottlands<\/a>, die in der Regel als Gebiet oberhalb des Highland Boundary Fault definiert wird, einer geologischen St\u00f6rungslinie, die die schottischen Lowlands von den Highlands trennt. Die genaue Fl\u00e4che dieser Region kann je nach Definition leicht variieren, aber in der Regel umfasst sie etwa ein Drittel der Landfl\u00e4che Schottlands.<\/p>\n<p>Einige der bekanntesten Orte und St\u00e4dte in den schottischen Highlands sind:<\/p>\n<p><a href=\"https:\/\/www.urlaubcornwall.de\/blog\/urlaub-in-inverness-sehenswuerdigkeiten-geschichte-und-unterkunft\/\">Inverness<\/a>: Die Hauptstadt der Highlands ist eine wundersch\u00f6ne Stadt am Fluss Ness und ein idealer Ausgangspunkt f\u00fcr Erkundungen der Umgebung.<\/p>\n<p><a href=\"https:\/\/www.urlaubcornwall.de\/blog\/urlaub-in-inverness-sehenswuerdigkeiten-geschichte-und-unterkunft\/\">Loch Ness<\/a>: Der ber\u00fchmte See, der angeblich von einem Monster bewohnt wird, ist eine der gr\u00f6\u00dften Attraktionen der Highlands.<\/p>\n<p><a href=\"https:\/\/www.urlaubcornwall.de\/blog\/urlaub-in-aviemore-cairngorms-nationalpark-sehenswuerdigkeiten-unterkunft-und-geschichte\/\">Cairngorms National Park<\/a>: Dieser Nationalpark umfasst ein Gebiet von \u00fcber 4.500 km\u00b2 und ist ein beliebtes Ziel f\u00fcr Wanderungen, Skifahren und Wildbeobachtungen.<\/p>\n<p><a href=\"https:\/\/www.urlaubcornwall.de\/blog\/urlaub-insel-skye-sehenswuerdigkeiten-geschichte-und-unterkunft\/\">Isle of Skye<\/a>: Diese wundersch\u00f6ne Insel vor der K\u00fcste der Highlands ist bekannt f\u00fcr ihre spektakul\u00e4re Landschaft, einschlie\u00dflich der Cuillin-Berge und der Fairy Pools.<\/p>\n<p><a href=\"https:\/\/www.urlaubcornwall.de\/blog\/urlaub-in-fort-william-sehenswuerdigkeiten-geschichte-und-unterkunft\/\">Fort William<\/a>: Diese Stadt am Fu\u00dfe des Ben Nevis, des h\u00f6chsten Bergs Gro\u00dfbritanniens, ist ein beliebter Ausgangspunkt f\u00fcr Bergwanderungen und Klettern.<\/p>\n<p><a href=\"https:\/\/www.urlaubcornwall.de\/blog\/urlaub-glencoe-unternehmungen-unterkuenfte\/\">Glencoe<\/a>: Diese dramatische Schlucht, die von hohen Bergen umgeben ist, ist bekannt f\u00fcr ihre atemberaubende Landschaft und ihre historische Bedeutung als Schauplatz des Massakers von Glencoe im Jahr 1692.<\/p>\n<p>Eilean Donan Castle: Dieses ber\u00fchmte Schloss, das auf einer kleinen Insel im Loch Duich liegt, ist eines der meistfotografierten Geb\u00e4ude Schottlands und ein Symbol f\u00fcr die schottische Geschichte und Kultur.<\/p>\n<p>Diese Liste ist nat\u00fcrlich nicht ersch\u00f6pfend, da es in den Highlands viele weitere Orte gibt, die einen Besuch wert sind.<\/p>\n<h1>Unser Rundreisenservice in Schottland<\/h1>\n<p>Weshalb \u00fcber uns buchen?<\/p>\n<p>Firmensitz in Cornwall und ein Team Deutsch sprechender Reisespezialisten.<\/p>\n<p>Wir haben eine Leidenschaft f\u00fcrs Reisen und gestalten den perfekten Urlaub.<\/p>\n<p>Ortskenntnisse und Insidertipps f\u00fcr unsere Kunden.<\/p>\n<p>Sonderangebote und Preisnachl\u00e4sse<\/p>\n<p>S\u00e4mtliche unserer Rundreisen sind durch einen voll versicherten deutschen Reiseveranstalter gesichert.<\/p>\n<p style=\"text-align: center;\"><a class=\"tidycta\" href=\"https:\/\/www.urlaubcornwall.de\/blog\/rundreisen-schottland\/\"> Mehr Info<\/a><\/p>\n<div class=\"snippet\"> <a class=\"featured-item\" href=\" https:\/\/www.urlaubcornwall.de\/ferienhaeuser\/schottland.php\"> <span class=\"image-holder\" style=\"background-image: url(' https:\/\/www.urlaubcornwall.de\/blog\/wp-content\/uploads\/2019\/01\/urlaub-schottland-highlands-1.jpg ');\"><\/span> <span class=\"featured-content\"> \n<h2 class=\"featured-title\">Bei uns finden Sie Ferienh\u00e4user in Schottland zum Verlieben!<\/h2>\n<p class=\"featured-body\">Untenstehend finden Sie eine Auswahl an Ferienh\u00e4usern in Schottland. Hier finden Sie pers\u00f6nlich inspizierte Cottages entlang der schottischen K\u00fcste, in den schottischen Highlands und auf den Inseln&#8230;..<\/p>\n<\/span> <span class=\"featured-link-holder\"> <span class=\"featured-extra-info\"> \n<p>F\u00fcr Paare, Familien &#038; Gruppen<\/p>\n<\/span> \n<p class=\"featured-link\">DETAILS<\/p>\n<\/span> <\/a><\/div>\n","protected":false},"excerpt":{"rendered":"<p>Die Scottish Highlands sind eine Region im Norden Schottlands, die in der Regel als Gebiet oberhalb des Highland Boundary Fault definiert wird, einer geologischen St\u00f6rungslinie, die die schottischen Lowlands von den Highlands trennt. Die genaue Fl\u00e4che dieser Region kann je nach Definition leicht variieren, aber in der Regel umfasst sie etwa ein Drittel der Landfl\u00e4che [&hellip;]<\/p>\n","protected":false},"author":1,"featured_media":0,"parent":0,"menu_order":0,"comment_status":"closed","ping_status":"closed","template":"single-four.php","meta":[],"acf":[],"yoast_head":"<!-- This site is optimized with the Yoast SEO plugin v19.4 - https:\/\/yoast.com\/wordpress\/plugins\/seo\/ -->\n<title>Was ist die genaue Fl\u00e4che der schottischen Highlands? - Urlaub &amp; Reisen<\/title>\n<meta name=\"description\" content=\"Die Scottish Highlands sind eine Region im Norden Schottlands, die in der Regel als Gebiet oberhalb des Highland Boundary Fault definiert wird\" \/>\n<meta name=\"robots\" content=\"index, follow, max-snippet:-1, max-image-preview:large, max-video-preview:-1\" \/>\n<link rel=\"canonical\" href=\"https:\/\/www.urlaubcornwall.de\/blog\/was-ist-die-genaue-flaeche-der-schottischen-highlands\/\" \/>\n<meta property=\"og:locale\" content=\"en_US\" \/>\n<meta property=\"og:type\" content=\"article\" \/>\n<meta property=\"og:title\" content=\"Was ist die genaue Fl\u00e4che der schottischen Highlands? - Urlaub &amp; Reisen\" \/>\n<meta property=\"og:description\" content=\"Die Scottish Highlands sind eine Region im Norden Schottlands, die in der Regel als Gebiet oberhalb des Highland Boundary Fault definiert wird\" \/>\n<meta property=\"og:url\" content=\"https:\/\/www.urlaubcornwall.de\/blog\/was-ist-die-genaue-flaeche-der-schottischen-highlands\/\" \/>\n<meta property=\"og:site_name\" content=\"Urlaub &amp; Reisen\" \/>\n<meta property=\"article:modified_time\" content=\"2024-04-15T14:51:58+00:00\" \/>\n<meta property=\"og:image\" content=\"https:\/\/www.urlaubcornwall.de\/blog\/wp-content\/uploads\/2023\/04\/schottland-highlands.jpg\" \/>\n<meta name=\"twitter:card\" content=\"summary\" \/>\n<meta name=\"twitter:label1\" content=\"Est. reading time\" \/>\n\t<meta name=\"twitter:data1\" content=\"2 minutes\" \/>\n<script type=\"application\/ld+json\" class=\"yoast-schema-graph\">{\"@context\":\"https:\/\/schema.org\",\"@graph\":[{\"@type\":\"WebSite\",\"@id\":\"https:\/\/www.urlaubcornwall.de\/blog\/#website\",\"url\":\"https:\/\/www.urlaubcornwall.de\/blog\/\",\"name\":\"Urlaub &amp; Reisen\",\"description\":\"Urlaub, Reisen, Cornwall und S\u00fcdengland: eine perfekte Kombination\",\"potentialAction\":[{\"@type\":\"SearchAction\",\"target\":{\"@type\":\"EntryPoint\",\"urlTemplate\":\"https:\/\/www.urlaubcornwall.de\/blog\/?s={search_term_string}\"},\"query-input\":\"required name=search_term_string\"}],\"inLanguage\":\"en-US\"},{\"@type\":\"WebPage\",\"@id\":\"https:\/\/www.urlaubcornwall.de\/blog\/was-ist-die-genaue-flaeche-der-schottischen-highlands\/\",\"url\":\"https:\/\/www.urlaubcornwall.de\/blog\/was-ist-die-genaue-flaeche-der-schottischen-highlands\/\",\"name\":\"Was ist die genaue Fl\u00e4che der schottischen Highlands? - Urlaub &amp; Reisen\",\"isPartOf\":{\"@id\":\"https:\/\/www.urlaubcornwall.de\/blog\/#website\"},\"datePublished\":\"2023-05-04T08:11:40+00:00\",\"dateModified\":\"2024-04-15T14:51:58+00:00\",\"description\":\"Die Scottish Highlands sind eine Region im Norden Schottlands, die in der Regel als Gebiet oberhalb des Highland Boundary Fault definiert wird\",\"breadcrumb\":{\"@id\":\"https:\/\/www.urlaubcornwall.de\/blog\/was-ist-die-genaue-flaeche-der-schottischen-highlands\/#breadcrumb\"},\"inLanguage\":\"en-US\",\"potentialAction\":[{\"@type\":\"ReadAction\",\"target\":[\"https:\/\/www.urlaubcornwall.de\/blog\/was-ist-die-genaue-flaeche-der-schottischen-highlands\/\"]}]},{\"@type\":\"BreadcrumbList\",\"@id\":\"https:\/\/www.urlaubcornwall.de\/blog\/was-ist-die-genaue-flaeche-der-schottischen-highlands\/#breadcrumb\",\"itemListElement\":[{\"@type\":\"ListItem\",\"position\":1,\"name\":\"Home\",\"item\":\"https:\/\/www.urlaubcornwall.de\/blog\/\"},{\"@type\":\"ListItem\",\"position\":2,\"name\":\"Was ist die genaue Fl\u00e4che der schottischen Highlands?\"}]}]}<\/script>\n<!-- \/ Yoast SEO plugin. -->","yoast_head_json":{"title":"Was ist die genaue Fl\u00e4che der schottischen Highlands? - Urlaub &amp; Reisen","description":"Die Scottish Highlands sind eine Region im Norden Schottlands, die in der Regel als Gebiet oberhalb des Highland Boundary Fault definiert wird","robots":{"index":"index","follow":"follow","max-snippet":"max-snippet:-1","max-image-preview":"max-image-preview:large","max-video-preview":"max-video-preview:-1"},"canonical":"https:\/\/www.urlaubcornwall.de\/blog\/was-ist-die-genaue-flaeche-der-schottischen-highlands\/","og_locale":"en_US","og_type":"article","og_title":"Was ist die genaue Fl\u00e4che der schottischen Highlands? - Urlaub &amp; Reisen","og_description":"Die Scottish Highlands sind eine Region im Norden Schottlands, die in der Regel als Gebiet oberhalb des Highland Boundary Fault definiert wird","og_url":"https:\/\/www.urlaubcornwall.de\/blog\/was-ist-die-genaue-flaeche-der-schottischen-highlands\/","og_site_name":"Urlaub &amp; Reisen","article_modified_time":"2024-04-15T14:51:58+00:00","og_image":[{"url":"https:\/\/www.urlaubcornwall.de\/blog\/wp-content\/uploads\/2023\/04\/schottland-highlands.jpg"}],"twitter_card":"summary","twitter_misc":{"Est. reading time":"2 minutes"},"schema":{"@context":"https:\/\/schema.org","@graph":[{"@type":"WebSite","@id":"https:\/\/www.urlaubcornwall.de\/blog\/#website","url":"https:\/\/www.urlaubcornwall.de\/blog\/","name":"Urlaub &amp; Reisen","description":"Urlaub, Reisen, Cornwall und S\u00fcdengland: eine perfekte Kombination","potentialAction":[{"@type":"SearchAction","target":{"@type":"EntryPoint","urlTemplate":"https:\/\/www.urlaubcornwall.de\/blog\/?s={search_term_string}"},"query-input":"required name=search_term_string"}],"inLanguage":"en-US"},{"@type":"WebPage","@id":"https:\/\/www.urlaubcornwall.de\/blog\/was-ist-die-genaue-flaeche-der-schottischen-highlands\/","url":"https:\/\/www.urlaubcornwall.de\/blog\/was-ist-die-genaue-flaeche-der-schottischen-highlands\/","name":"Was ist die genaue Fl\u00e4che der schottischen Highlands? - Urlaub &amp; Reisen","isPartOf":{"@id":"https:\/\/www.urlaubcornwall.de\/blog\/#website"},"datePublished":"2023-05-04T08:11:40+00:00","dateModified":"2024-04-15T14:51:58+00:00","description":"Die Scottish Highlands sind eine Region im Norden Schottlands, die in der Regel als Gebiet oberhalb des Highland Boundary Fault definiert wird","breadcrumb":{"@id":"https:\/\/www.urlaubcornwall.de\/blog\/was-ist-die-genaue-flaeche-der-schottischen-highlands\/#breadcrumb"},"inLanguage":"en-US","potentialAction":[{"@type":"ReadAction","target":["https:\/\/www.urlaubcornwall.de\/blog\/was-ist-die-genaue-flaeche-der-schottischen-highlands\/"]}]},{"@type":"BreadcrumbList","@id":"https:\/\/www.urlaubcornwall.de\/blog\/was-ist-die-genaue-flaeche-der-schottischen-highlands\/#breadcrumb","itemListElement":[{"@type":"ListItem","position":1,"name":"Home","item":"https:\/\/www.urlaubcornwall.de\/blog\/"},{"@type":"ListItem","position":2,"name":"Was ist die genaue Fl\u00e4che der schottischen Highlands?"}]}]}},"_links":{"self":[{"href":"https:\/\/www.urlaubcornwall.de\/blog\/wp-json\/wp\/v2\/pages\/46518"}],"collection":[{"href":"https:\/\/www.urlaubcornwall.de\/blog\/wp-json\/wp\/v2\/pages"}],"about":[{"href":"https:\/\/www.urlaubcornwall.de\/blog\/wp-json\/wp\/v2\/types\/page"}],"author":[{"embeddable":true,"href":"https:\/\/www.urlaubcornwall.de\/blog\/wp-json\/wp\/v2\/users\/1"}],"replies":[{"embeddable":true,"href":"https:\/\/www.urlaubcornwall.de\/blog\/wp-json\/wp\/v2\/comments?post=46518"}],"version-history":[{"count":2,"href":"https:\/\/www.urlaubcornwall.de\/blog\/wp-json\/wp\/v2\/pages\/46518\/revisions"}],"predecessor-version":[{"id":49631,"href":"https:\/\/www.urlaubcornwall.de\/blog\/wp-json\/wp\/v2\/pages\/46518\/revisions\/49631"}],"wp:attachment":[{"href":"https:\/\/www.urlaubcornwall.de\/blog\/wp-json\/wp\/v2\/media?parent=46518"}],"curies":[{"name":"wp","href":"https:\/\/api.w.org\/{rel}","templated":true}]}}